{"id":1621,"date":"2019-02-03T16:27:11","date_gmt":"2019-02-03T15:27:11","guid":{"rendered":"https:\/\/palopalu.com\/?page_id=1621"},"modified":"2025-09-30T08:55:37","modified_gmt":"2025-09-30T07:55:37","slug":"punto-de-venta","status":"publish","type":"page","link":"https:\/\/palopalu.com\/en\/punto-de-venta\/","title":{"rendered":"Point of sale"},"content":{"rendered":"<div class=\"wpb-content-wrapper\"><div class=\"vc_row wpb_row vc_row-fluid\"><div class=\"wpb_column vc_column_container vc_col-sm-1\"><div class=\"vc_column-inner\"><div class=\"wpb_wrapper\"><div class=\"vc_empty_space\"   style=\"height: 32px\"><span class=\"vc_empty_space_inner\"><\/span><\/div><\/div><\/div><\/div><div class=\"wpb_column vc_column_container vc_col-sm-10\"><div class=\"vc_column-inner\"><div class=\"wpb_wrapper\"><h2 style=\"font-size: 34px;text-align: center\" class=\"vc_custom_heading heading_style_2\">Lotune, Bilbao Brands Store<\/h2>\n\t<div class=\"wpb_text_column wpb_content_element contact-intro\" >\n\t\t<div class=\"wpb_wrapper\">\n\t\t\t<p>Among the points of sale where you can find Palopal\u00fa, I want to highlight one that you can't miss if you live or visit Bilbao: <strong>Lotune, Bilbao Brands Store<\/strong>This is a project promoted by several small, local brands of artisan women. An exciting project that received the \u201cBest Business Model Innovation\u201d award from the Basque Government in 2021. You can find all Palopal\u00fa designs here, and to save on shipping costs, you can pre-order through <a href=\"mailto:info@palopalu.com\">info@palopalu.com<\/a> your order or your personalized orders and pick them up personally in this cozy store.<\/p>\n\n\t\t<\/div>\n\t<\/div>\n<div class=\"button_style_3 vc_btn3-container  contact-intro vc_btn3-center\" >\n\t<a class=\"vc_general vc_btn3 vc_btn3-size-md vc_btn3-shape-rounded vc_btn3-style-modern vc_btn3-color-grey\" href=\"https:\/\/lotunebilbao.com\/\" title=\"\">VISIT LOTUNE'S WEBSITE<\/a><\/div>\n<\/div><\/div><\/div><div class=\"wpb_column vc_column_container vc_col-sm-1\"><div class=\"vc_column-inner\"><div class=\"wpb_wrapper\"><\/div><\/div><\/div><\/div><div class=\"vc_row wpb_row vc_row-fluid\"><div class=\"wpb_column vc_column_container vc_col-sm-12\"><div class=\"vc_column-inner\"><div class=\"wpb_wrapper\">\n\t<div class=\"wpb_text_column wpb_content_element\" >\n\t\t<div class=\"wpb_wrapper\">\n\t\t\t\n\t\t<\/div>\n\t<\/div>\n\n\t<div  class=\"wpb_single_image wpb_content_element vc_align_left wpb_content_element\">\n\t\t\n\t\t<figure class=\"wpb_wrapper vc_figure\">\n\t\t\t<div class=\"vc_single_image-wrapper   vc_box_border_grey\"><img loading=\"lazy\" decoding=\"async\" width=\"1920\" height=\"805\" src=\"https:\/\/palopalu.com\/wp-content\/uploads\/2020\/01\/lotune.jpg\" class=\"vc_single_image-img attachment-full\" alt=\"\" title=\"lotune\" srcset=\"https:\/\/palopalu.com\/wp-content\/uploads\/2020\/01\/lotune.jpg 1920w, https:\/\/palopalu.com\/wp-content\/uploads\/2020\/01\/lotune-300x126.jpg 300w, https:\/\/palopalu.com\/wp-content\/uploads\/2020\/01\/lotune-1024x429.jpg 1024w, https:\/\/palopalu.com\/wp-content\/uploads\/2020\/01\/lotune-768x322.jpg 768w, https:\/\/palopalu.com\/wp-content\/uploads\/2020\/01\/lotune-1536x644.jpg 1536w, https:\/\/palopalu.com\/wp-content\/uploads\/2020\/01\/lotune-600x252.jpg 600w\" sizes=\"auto, (max-width: 1920px) 100vw, 1920px\" \/><\/div>\n\t\t<\/figure>\n\t<\/div>\n<\/div><\/div><\/div><\/div><div class=\"vc_row wpb_row vc_row-fluid\"><div class=\"wpb_column vc_column_container vc_col-sm-4\"><div class=\"vc_column-inner\"><div class=\"wpb_wrapper\">            \n            <div class=\"\">\n                    <div class=\"icon-box-shortcode-wrap style_1\">\n        <div class=\"icon-box-container\">\n                    <a href=\"https:\/\/goo.gl\/maps\/sZw48a1sAQZjcQcv6\" title=\"\" target=\"_self\">\n                    <div class=\"icon-wrap\" style=\"color:#cccccc\">\n                <span class=\"fas fa-map-marker-alt\"><\/span>\n            <\/div>    \n                    <\/a>\n                    <div class=\"icon-content\">\n                <h5 class=\"icon-title\">\n                                            <a href=\"https:\/\/goo.gl\/maps\/sZw48a1sAQZjcQcv6\" title=\"\" target=\"_self\">\n                                        ADDRESS                                            <\/a>\n                                    <\/h5>\n                <p class=\"icon-description\">c\/ Carnicer\u00eda Vieja 19, 48005 Bilbao<\/p>\n            <\/div>\n        <\/div>\n    <\/div>\n            <\/div>\n            \n        <\/div><\/div><\/div><div class=\"wpb_column vc_column_container vc_col-sm-4\"><div class=\"vc_column-inner\"><div class=\"wpb_wrapper\">            \n            <div class=\"\">\n                    <div class=\"icon-box-shortcode-wrap style_1\">\n        <div class=\"icon-box-container\">\n                    <div class=\"icon-wrap\" style=\"color:#cccccc\">\n                <span class=\"fa fa-clock-o\"><\/span>\n            <\/div>    \n                    <div class=\"icon-content\">\n                <h5 class=\"icon-title\">\n                                        SCHEDULE                                    <\/h5>\n                <p class=\"icon-description\">Monday to Saturday 11:00-14:00 and 17:00-20:00<\/p>\n            <\/div>\n        <\/div>\n    <\/div>\n            <\/div>\n            \n        <\/div><\/div><\/div><div class=\"wpb_column vc_column_container vc_col-sm-4\"><div class=\"vc_column-inner\"><div class=\"wpb_wrapper\">            \n            <div class=\"\">\n                    <div class=\"icon-box-shortcode-wrap style_1\">\n        <div class=\"icon-box-container\">\n                    <a href=\"tel:+34671758826\" title=\"\" target=\"_self\">\n                    <div class=\"icon-wrap\" style=\"color:#cccccc\">\n                <span class=\"fas fa-phone-alt\"><\/span>\n            <\/div>    \n                    <\/a>\n                    <div class=\"icon-content\">\n                <h5 class=\"icon-title\">\n                                            <a href=\"tel:+34671758826\" title=\"\" target=\"_self\">\n                                        PHONE                                            <\/a>\n                                    <\/h5>\n                <p class=\"icon-description\">+34 671 758 826<\/p>\n            <\/div>\n        <\/div>\n    <\/div>\n            <\/div>\n            \n        <\/div><\/div><\/div><\/div>\n<\/div>","protected":false},"excerpt":{"rendered":"Lotune, Bilbao Brands Store Dentro de los puntos de venta donde puedes encontrar a Palopal\u00fa, quiero destacar uno que no puedes perderte si vives o visitas Bilbao: Lotune, Bilbao Brands Store. Se trata de un proyecto que impulsamos varias marcas peque\u00f1as locales de mujeres artesanas. Un proyecto ilusionante que en el a\u00f1o 2021 recibi\u00f3 el [...]","protected":false},"author":1,"featured_media":0,"parent":0,"menu_order":0,"comment_status":"closed","ping_status":"closed","template":"","meta":{"footnotes":""},"class_list":["post-1621","page","type-page","status-publish","hentry","clearfix"],"yoast_head":"<!-- This site is optimized with the Yoast SEO plugin v27.5 - https:\/\/yoast.com\/product\/yoast-seo-wordpress\/ -->\n<title>Palopal\u00fa \u2022 Puntos de venta. Vis\u00edtanos en LOTUNE, Bilbao Brands Store.<\/title>\n<meta name=\"description\" content=\"Descubre nuestros juguetes y dise\u00f1os de madera en LOTUNE, Bilbao Brands Store. Estamos en la calle Carnicer\u00eda Vieja, en pleno Casco Viejo.\" \/>\n<meta name=\"robots\" content=\"index, follow, max-snippet:-1, max-image-preview:large, max-video-preview:-1\" \/>\n<link rel=\"canonical\" href=\"https:\/\/palopalu.com\/en\/punto-de-venta\/\" \/>\n<meta property=\"og:locale\" content=\"en_GB\" \/>\n<meta property=\"og:type\" content=\"article\" \/>\n<meta property=\"og:title\" content=\"Palopal\u00fa \u2022 Puntos de venta. Vis\u00edtanos en LOTUNE, Bilbao Brands Store.\" \/>\n<meta property=\"og:description\" content=\"Descubre nuestros juguetes y dise\u00f1os de madera en LOTUNE, Bilbao Brands Store. Estamos en la calle Carnicer\u00eda Vieja, en pleno Casco Viejo.\" \/>\n<meta property=\"og:url\" content=\"https:\/\/palopalu.com\/en\/punto-de-venta\/\" \/>\n<meta property=\"og:site_name\" content=\"Palopal\u00fa\" \/>\n<meta property=\"article:publisher\" content=\"https:\/\/www.facebook.com\/palopalupalopalu\" \/>\n<meta property=\"article:modified_time\" content=\"2025-09-30T07:55:37+00:00\" \/>\n<meta name=\"twitter:card\" content=\"summary_large_image\" \/>\n<meta name=\"twitter:label1\" content=\"Estimated reading time\" \/>\n\t<meta name=\"twitter:data1\" content=\"4 minutes\" \/>\n<script type=\"application\/ld+json\" class=\"yoast-schema-graph\">{\"@context\":\"https:\\\/\\\/schema.org\",\"@graph\":[{\"@type\":\"WebPage\",\"@id\":\"https:\\\/\\\/palopalu.com\\\/punto-de-venta\\\/\",\"url\":\"https:\\\/\\\/palopalu.com\\\/punto-de-venta\\\/\",\"name\":\"Palopal\u00fa \u2022 Puntos de venta. Vis\u00edtanos en LOTUNE, Bilbao Brands Store.\",\"isPartOf\":{\"@id\":\"https:\\\/\\\/palopalu.com\\\/#website\"},\"datePublished\":\"2019-02-03T15:27:11+00:00\",\"dateModified\":\"2025-09-30T07:55:37+00:00\",\"description\":\"Descubre nuestros juguetes y dise\u00f1os de madera en LOTUNE, Bilbao Brands Store. Estamos en la calle Carnicer\u00eda Vieja, en pleno Casco Viejo.\",\"breadcrumb\":{\"@id\":\"https:\\\/\\\/palopalu.com\\\/punto-de-venta\\\/#breadcrumb\"},\"inLanguage\":\"en-GB\",\"potentialAction\":[{\"@type\":\"ReadAction\",\"target\":[\"https:\\\/\\\/palopalu.com\\\/punto-de-venta\\\/\"]}]},{\"@type\":\"BreadcrumbList\",\"@id\":\"https:\\\/\\\/palopalu.com\\\/punto-de-venta\\\/#breadcrumb\",\"itemListElement\":[{\"@type\":\"ListItem\",\"position\":1,\"name\":\"Portada\",\"item\":\"https:\\\/\\\/palopalu.com\\\/\"},{\"@type\":\"ListItem\",\"position\":2,\"name\":\"Punto de venta\"}]},{\"@type\":\"WebSite\",\"@id\":\"https:\\\/\\\/palopalu.com\\\/#website\",\"url\":\"https:\\\/\\\/palopalu.com\\\/\",\"name\":\"Palopal\u00fa\",\"description\":\"Juguetes, decoraci\u00f3n y objetos personalizados en madera\",\"publisher\":{\"@id\":\"https:\\\/\\\/palopalu.com\\\/#organization\"},\"potentialAction\":[{\"@type\":\"SearchAction\",\"target\":{\"@type\":\"EntryPoint\",\"urlTemplate\":\"https:\\\/\\\/palopalu.com\\\/?s={search_term_string}\"},\"query-input\":{\"@type\":\"PropertyValueSpecification\",\"valueRequired\":true,\"valueName\":\"search_term_string\"}}],\"inLanguage\":\"en-GB\"},{\"@type\":\"Organization\",\"@id\":\"https:\\\/\\\/palopalu.com\\\/#organization\",\"name\":\"Palopal\u00fa\",\"url\":\"https:\\\/\\\/palopalu.com\\\/\",\"logo\":{\"@type\":\"ImageObject\",\"inLanguage\":\"en-GB\",\"@id\":\"https:\\\/\\\/palopalu.com\\\/#\\\/schema\\\/logo\\\/image\\\/\",\"url\":\"https:\\\/\\\/palopalu.com\\\/wp-content\\\/uploads\\\/2019\\\/02\\\/logo-palopalu.png\",\"contentUrl\":\"https:\\\/\\\/palopalu.com\\\/wp-content\\\/uploads\\\/2019\\\/02\\\/logo-palopalu.png\",\"width\":125,\"height\":30,\"caption\":\"Palopal\u00fa\"},\"image\":{\"@id\":\"https:\\\/\\\/palopalu.com\\\/#\\\/schema\\\/logo\\\/image\\\/\"},\"sameAs\":[\"https:\\\/\\\/www.facebook.com\\\/palopalupalopalu\",\"https:\\\/\\\/www.instagram.com\\\/palopalu\"]}]}<\/script>\n<!-- \/ Yoast SEO plugin. -->","yoast_head_json":{"title":"Palopal\u00fa \u2022 Puntos de venta. Vis\u00edtanos en LOTUNE, Bilbao Brands Store.","description":"Descubre nuestros juguetes y dise\u00f1os de madera en LOTUNE, Bilbao Brands Store. Estamos en la calle Carnicer\u00eda Vieja, en pleno Casco Viejo.","robots":{"index":"index","follow":"follow","max-snippet":"max-snippet:-1","max-image-preview":"max-image-preview:large","max-video-preview":"max-video-preview:-1"},"canonical":"https:\/\/palopalu.com\/en\/punto-de-venta\/","og_locale":"en_GB","og_type":"article","og_title":"Palopal\u00fa \u2022 Puntos de venta. Vis\u00edtanos en LOTUNE, Bilbao Brands Store.","og_description":"Descubre nuestros juguetes y dise\u00f1os de madera en LOTUNE, Bilbao Brands Store. Estamos en la calle Carnicer\u00eda Vieja, en pleno Casco Viejo.","og_url":"https:\/\/palopalu.com\/en\/punto-de-venta\/","og_site_name":"Palopal\u00fa","article_publisher":"https:\/\/www.facebook.com\/palopalupalopalu","article_modified_time":"2025-09-30T07:55:37+00:00","twitter_card":"summary_large_image","twitter_misc":{"Estimated reading time":"4 minutes"},"schema":{"@context":"https:\/\/schema.org","@graph":[{"@type":"WebPage","@id":"https:\/\/palopalu.com\/punto-de-venta\/","url":"https:\/\/palopalu.com\/punto-de-venta\/","name":"Palopal\u00fa \u2022 Puntos de venta. Vis\u00edtanos en LOTUNE, Bilbao Brands Store.","isPartOf":{"@id":"https:\/\/palopalu.com\/#website"},"datePublished":"2019-02-03T15:27:11+00:00","dateModified":"2025-09-30T07:55:37+00:00","description":"Descubre nuestros juguetes y dise\u00f1os de madera en LOTUNE, Bilbao Brands Store. Estamos en la calle Carnicer\u00eda Vieja, en pleno Casco Viejo.","breadcrumb":{"@id":"https:\/\/palopalu.com\/punto-de-venta\/#breadcrumb"},"inLanguage":"en-GB","potentialAction":[{"@type":"ReadAction","target":["https:\/\/palopalu.com\/punto-de-venta\/"]}]},{"@type":"BreadcrumbList","@id":"https:\/\/palopalu.com\/punto-de-venta\/#breadcrumb","itemListElement":[{"@type":"ListItem","position":1,"name":"Portada","item":"https:\/\/palopalu.com\/"},{"@type":"ListItem","position":2,"name":"Punto de venta"}]},{"@type":"WebSite","@id":"https:\/\/palopalu.com\/#website","url":"https:\/\/palopalu.com\/","name":"Palopal\u00fa","description":"Juguetes, decoraci\u00f3n y objetos personalizados en madera","publisher":{"@id":"https:\/\/palopalu.com\/#organization"},"potentialAction":[{"@type":"SearchAction","target":{"@type":"EntryPoint","urlTemplate":"https:\/\/palopalu.com\/?s={search_term_string}"},"query-input":{"@type":"PropertyValueSpecification","valueRequired":true,"valueName":"search_term_string"}}],"inLanguage":"en-GB"},{"@type":"Organization","@id":"https:\/\/palopalu.com\/#organization","name":"Palopal\u00fa","url":"https:\/\/palopalu.com\/","logo":{"@type":"ImageObject","inLanguage":"en-GB","@id":"https:\/\/palopalu.com\/#\/schema\/logo\/image\/","url":"https:\/\/palopalu.com\/wp-content\/uploads\/2019\/02\/logo-palopalu.png","contentUrl":"https:\/\/palopalu.com\/wp-content\/uploads\/2019\/02\/logo-palopalu.png","width":125,"height":30,"caption":"Palopal\u00fa"},"image":{"@id":"https:\/\/palopalu.com\/#\/schema\/logo\/image\/"},"sameAs":["https:\/\/www.facebook.com\/palopalupalopalu","https:\/\/www.instagram.com\/palopalu"]}]}},"_links":{"self":[{"href":"https:\/\/palopalu.com\/en\/wp-json\/wp\/v2\/pages\/1621","targetHints":{"allow":["GET"]}}],"collection":[{"href":"https:\/\/palopalu.com\/en\/wp-json\/wp\/v2\/pages"}],"about":[{"href":"https:\/\/palopalu.com\/en\/wp-json\/wp\/v2\/types\/page"}],"author":[{"embeddable":true,"href":"https:\/\/palopalu.com\/en\/wp-json\/wp\/v2\/users\/1"}],"replies":[{"embeddable":true,"href":"https:\/\/palopalu.com\/en\/wp-json\/wp\/v2\/comments?post=1621"}],"version-history":[{"count":56,"href":"https:\/\/palopalu.com\/en\/wp-json\/wp\/v2\/pages\/1621\/revisions"}],"predecessor-version":[{"id":6043,"href":"https:\/\/palopalu.com\/en\/wp-json\/wp\/v2\/pages\/1621\/revisions\/6043"}],"wp:attachment":[{"href":"https:\/\/palopalu.com\/en\/wp-json\/wp\/v2\/media?parent=1621"}],"curies":[{"name":"wp","href":"https:\/\/api.w.org\/{rel}","templated":true}]}}