{"id":1633,"date":"2019-02-04T17:59:14","date_gmt":"2019-02-04T17:59:14","guid":{"rendered":"https:\/\/palopalu.com\/?page_id=1633"},"modified":"2025-09-30T08:54:50","modified_gmt":"2025-09-30T07:54:50","slug":"personalizado","status":"publish","type":"page","link":"https:\/\/palopalu.com\/en\/personalizado\/","title":{"rendered":"Custom items"},"content":{"rendered":"<div class=\"wpb-content-wrapper\"><div class=\"vc_row wpb_row vc_row-fluid\"><div class=\"wpb_column vc_column_container vc_col-sm-12\"><div class=\"vc_column-inner\"><div class=\"wpb_wrapper\"><div class=\"vc_row wpb_row vc_inner vc_row-fluid\"><div class=\"wpb_column vc_column_container vc_col-sm-2\"><div class=\"vc_column-inner\"><div class=\"wpb_wrapper\"><div class=\"vc_empty_space\"   style=\"height: 32px\"><span class=\"vc_empty_space_inner\"><\/span><\/div><\/div><\/div><\/div><div class=\"wpb_column vc_column_container vc_col-sm-8\"><div class=\"vc_column-inner\"><div class=\"wpb_wrapper\">\n\t<div class=\"wpb_text_column wpb_content_element about-intro\" >\n\t\t<div class=\"wpb_wrapper\">\n\t\t\t<p style=\"text-align: center;\"><span style=\"color: #000000;\">In Palopal\u00fa <\/span><span style=\"color: #000000;\">I seek<\/span><span style=\"color: #000000;\"> to make that design you are looking for a reality for a unique event or to give as a gift for a special moment. Here I teach you<\/span><span style=\"color: #000000;\">o<\/span><span style=\"color: #000000;\"> some of the work I've done exclusively. If you'd also like your own custom wood design, please let me know.<\/span><span style=\"color: #000000;\">me<\/span><span style=\"color: #000000;\"> Send me your idea to <\/span><strong><a href=\"mailto:info@palopalu.com\">info@palopalu.com<\/a><\/strong> <span style=\"color: #000000;\">and ask us for information without obligation. <\/span><\/p>\n\n\t\t<\/div>\n\t<\/div>\n<\/div><\/div><\/div><div class=\"wpb_column vc_column_container vc_col-sm-2\"><div class=\"vc_column-inner\"><div class=\"wpb_wrapper\"><\/div><\/div><\/div><\/div><\/div><\/div><\/div><\/div><div data-vc-full-width=\"true\" data-vc-full-width-init=\"false\" data-vc-stretch-content=\"true\" class=\"vc_row wpb_row vc_row-fluid vc_custom_1526205853329\"><div class=\"wpb_column vc_column_container vc_col-sm-12\"><div class=\"vc_column-inner vc_custom_1552998914205\"><div class=\"wpb_wrapper\"><div class=\"vc_row wpb_row vc_inner vc_row-fluid\"><div class=\"wpb_column vc_column_container vc_col-sm-6\"><div class=\"vc_column-inner\"><div class=\"wpb_wrapper\">                        <div class=\"vc_custom_1582625323492\">\n                <div class=\"banner-shortcode-wrap style_3\">\n    <div class=\"banner-content-wrap\">\n                    <a href=\"https:\/\/palopalu.com\/en\/puzzles\/\" target=\"_self\">\n                                    <img decoding=\"async\" src=\"https:\/\/palopalu.com\/wp-content\/uploads\/2019\/03\/banners-personalizado-puzzles.jpg\" alt=\"Puzzles\">\n                        <div class=\"banner-content-inner\">\n                <div class=\"banner-content left\">\n                                            <h5 class=\"banner-title\" style=\"color: #333\">Puzzles<\/h5>\n                                                                                    <p class=\"banner-button\">More info<\/p>\n                                    <\/div>\n            <\/div>\n                    <\/a>\n            <\/div>\n<\/div>            <\/div>\n                    <\/div><\/div><\/div><div class=\"wpb_column vc_column_container vc_col-sm-6\"><div class=\"vc_column-inner\"><div class=\"wpb_wrapper\">                        <div class=\"vc_custom_1582625313052\">\n                <div class=\"banner-shortcode-wrap style_3\">\n    <div class=\"banner-content-wrap\">\n                    <a href=\"https:\/\/palopalu.com\/en\/detalles-para-bebes\/\" target=\"_self\">\n                                    <img decoding=\"async\" src=\"https:\/\/palopalu.com\/wp-content\/uploads\/2019\/03\/banners-personalizado-agarrador.jpg\" alt=\"Beb\u00e9s\">\n                        <div class=\"banner-content-inner\">\n                <div class=\"banner-content left\">\n                                            <h5 class=\"banner-title\" style=\"color: #333\">Babys<\/h5>\n                                                                                    <p class=\"banner-button\">More info<\/p>\n                                    <\/div>\n            <\/div>\n                    <\/a>\n            <\/div>\n<\/div>            <\/div>\n                    <\/div><\/div><\/div><\/div><div class=\"vc_row wpb_row vc_inner vc_row-fluid\"><div class=\"wpb_column vc_column_container vc_col-sm-6\"><div class=\"vc_column-inner\"><div class=\"wpb_wrapper\">                        <div class=\"vc_custom_1579379826147\">\n                <div class=\"banner-shortcode-wrap style_3\">\n    <div class=\"banner-content-wrap\">\n                    <a href=\"https:\/\/palopalu.com\/en\/trofeos\/\" target=\"_self\">\n                                    <img decoding=\"async\" src=\"https:\/\/palopalu.com\/wp-content\/uploads\/2019\/03\/banners-personalizado-trofeos.jpg\" alt=\"Trofeos\">\n                        <div class=\"banner-content-inner\">\n                <div class=\"banner-content left\">\n                                            <h5 class=\"banner-title\" style=\"color: #333\">Trophies<\/h5>\n                                                                                    <p class=\"banner-button\">More info<\/p>\n                                    <\/div>\n            <\/div>\n                    <\/a>\n            <\/div>\n<\/div>            <\/div>\n                    <\/div><\/div><\/div><div class=\"wpb_column vc_column_container vc_col-sm-6\"><div class=\"vc_column-inner\"><div class=\"wpb_wrapper\">                        <div class=\"vc_custom_1582625301640\">\n                <div class=\"banner-shortcode-wrap style_3\">\n    <div class=\"banner-content-wrap\">\n                    <a href=\"https:\/\/palopalu.com\/en\/bodas-eventos\/\" target=\"_self\">\n                                    <img decoding=\"async\" src=\"https:\/\/palopalu.com\/wp-content\/uploads\/2019\/03\/banners-personalizado-bodas-eventos.jpg\" alt=\"Bodas y eventos\">\n                        <div class=\"banner-content-inner\">\n                <div class=\"banner-content left\">\n                                            <h5 class=\"banner-title\" style=\"color: #333\">Weddings and events<\/h5>\n                                                                                    <p class=\"banner-button\">More info<\/p>\n                                    <\/div>\n            <\/div>\n                    <\/a>\n            <\/div>\n<\/div>            <\/div>\n                    <\/div><\/div><\/div><\/div><\/div><\/div><\/div><\/div><div class=\"vc_row-full-width vc_clearfix\"><\/div>\n<\/div>","protected":false},"excerpt":{"rendered":"En Palopal\u00fa busco hacer realidad ese dise\u00f1o que buscas para un evento \u00fanico o para regalar en un momento especial. Aqu\u00ed te ense\u00f1o algunos de los trabajos que he realizado de manera exclusiva. Si t\u00fa tambi\u00e9n quieres tu dise\u00f1o personalizado en madera, cu\u00e9ntame tu idea en info@palopalu.com y p\u00eddenos informaci\u00f3n sin compromiso. Puzzles M\u00e1s info [...]","protected":false},"author":1,"featured_media":0,"parent":0,"menu_order":0,"comment_status":"closed","ping_status":"closed","template":"","meta":{"footnotes":""},"class_list":["post-1633","page","type-page","status-publish","hentry","clearfix"],"yoast_head":"<!-- This site is optimized with the Yoast SEO plugin v27.5 - https:\/\/yoast.com\/product\/yoast-seo-wordpress\/ -->\n<title>Palopal\u00fa \u2022 Dise\u00f1os personalizados en madera. \u00a1Cu\u00e9ntanos tu idea!<\/title>\n<meta name=\"description\" content=\"Dise\u00f1os personalizados en madera. Cu\u00e9ntanos esa idea para un evento \u00fanico o para regalar en un momento especial, y la haremos realidad.\" \/>\n<meta name=\"robots\" content=\"index, follow, max-snippet:-1, max-image-preview:large, max-video-preview:-1\" \/>\n<link rel=\"canonical\" href=\"https:\/\/palopalu.com\/en\/personalizado\/\" \/>\n<meta property=\"og:locale\" content=\"en_GB\" \/>\n<meta property=\"og:type\" content=\"article\" \/>\n<meta property=\"og:title\" content=\"Palopal\u00fa \u2022 Dise\u00f1os personalizados en madera. \u00a1Cu\u00e9ntanos tu idea!\" \/>\n<meta property=\"og:description\" content=\"Dise\u00f1os personalizados en madera. Cu\u00e9ntanos esa idea para un evento \u00fanico o para regalar en un momento especial, y la haremos realidad.\" \/>\n<meta property=\"og:url\" content=\"https:\/\/palopalu.com\/en\/personalizado\/\" \/>\n<meta property=\"og:site_name\" content=\"Palopal\u00fa\" \/>\n<meta property=\"article:publisher\" content=\"https:\/\/www.facebook.com\/palopalupalopalu\" \/>\n<meta property=\"article:modified_time\" content=\"2025-09-30T07:54:50+00:00\" \/>\n<meta name=\"twitter:card\" content=\"summary_large_image\" \/>\n<meta name=\"twitter:label1\" content=\"Estimated reading time\" \/>\n\t<meta name=\"twitter:data1\" content=\"2 minutes\" \/>\n<script type=\"application\/ld+json\" class=\"yoast-schema-graph\">{\"@context\":\"https:\\\/\\\/schema.org\",\"@graph\":[{\"@type\":\"WebPage\",\"@id\":\"https:\\\/\\\/palopalu.com\\\/personalizado\\\/\",\"url\":\"https:\\\/\\\/palopalu.com\\\/personalizado\\\/\",\"name\":\"Palopal\u00fa \u2022 Dise\u00f1os personalizados en madera. \u00a1Cu\u00e9ntanos tu idea!\",\"isPartOf\":{\"@id\":\"https:\\\/\\\/palopalu.com\\\/#website\"},\"datePublished\":\"2019-02-04T17:59:14+00:00\",\"dateModified\":\"2025-09-30T07:54:50+00:00\",\"description\":\"Dise\u00f1os personalizados en madera. Cu\u00e9ntanos esa idea para un evento \u00fanico o para regalar en un momento especial, y la haremos realidad.\",\"breadcrumb\":{\"@id\":\"https:\\\/\\\/palopalu.com\\\/personalizado\\\/#breadcrumb\"},\"inLanguage\":\"en-GB\",\"potentialAction\":[{\"@type\":\"ReadAction\",\"target\":[\"https:\\\/\\\/palopalu.com\\\/personalizado\\\/\"]}]},{\"@type\":\"BreadcrumbList\",\"@id\":\"https:\\\/\\\/palopalu.com\\\/personalizado\\\/#breadcrumb\",\"itemListElement\":[{\"@type\":\"ListItem\",\"position\":1,\"name\":\"Portada\",\"item\":\"https:\\\/\\\/palopalu.com\\\/\"},{\"@type\":\"ListItem\",\"position\":2,\"name\":\"Personalizado\"}]},{\"@type\":\"WebSite\",\"@id\":\"https:\\\/\\\/palopalu.com\\\/#website\",\"url\":\"https:\\\/\\\/palopalu.com\\\/\",\"name\":\"Palopal\u00fa\",\"description\":\"Juguetes, decoraci\u00f3n y objetos personalizados en madera\",\"publisher\":{\"@id\":\"https:\\\/\\\/palopalu.com\\\/#organization\"},\"potentialAction\":[{\"@type\":\"SearchAction\",\"target\":{\"@type\":\"EntryPoint\",\"urlTemplate\":\"https:\\\/\\\/palopalu.com\\\/?s={search_term_string}\"},\"query-input\":{\"@type\":\"PropertyValueSpecification\",\"valueRequired\":true,\"valueName\":\"search_term_string\"}}],\"inLanguage\":\"en-GB\"},{\"@type\":\"Organization\",\"@id\":\"https:\\\/\\\/palopalu.com\\\/#organization\",\"name\":\"Palopal\u00fa\",\"url\":\"https:\\\/\\\/palopalu.com\\\/\",\"logo\":{\"@type\":\"ImageObject\",\"inLanguage\":\"en-GB\",\"@id\":\"https:\\\/\\\/palopalu.com\\\/#\\\/schema\\\/logo\\\/image\\\/\",\"url\":\"https:\\\/\\\/palopalu.com\\\/wp-content\\\/uploads\\\/2019\\\/02\\\/logo-palopalu.png\",\"contentUrl\":\"https:\\\/\\\/palopalu.com\\\/wp-content\\\/uploads\\\/2019\\\/02\\\/logo-palopalu.png\",\"width\":125,\"height\":30,\"caption\":\"Palopal\u00fa\"},\"image\":{\"@id\":\"https:\\\/\\\/palopalu.com\\\/#\\\/schema\\\/logo\\\/image\\\/\"},\"sameAs\":[\"https:\\\/\\\/www.facebook.com\\\/palopalupalopalu\",\"https:\\\/\\\/www.instagram.com\\\/palopalu\"]}]}<\/script>\n<!-- \/ Yoast SEO plugin. -->","yoast_head_json":{"title":"Palopal\u00fa \u2022 Dise\u00f1os personalizados en madera. \u00a1Cu\u00e9ntanos tu idea!","description":"Dise\u00f1os personalizados en madera. Cu\u00e9ntanos esa idea para un evento \u00fanico o para regalar en un momento especial, y la haremos realidad.","robots":{"index":"index","follow":"follow","max-snippet":"max-snippet:-1","max-image-preview":"max-image-preview:large","max-video-preview":"max-video-preview:-1"},"canonical":"https:\/\/palopalu.com\/en\/personalizado\/","og_locale":"en_GB","og_type":"article","og_title":"Palopal\u00fa \u2022 Dise\u00f1os personalizados en madera. \u00a1Cu\u00e9ntanos tu idea!","og_description":"Dise\u00f1os personalizados en madera. Cu\u00e9ntanos esa idea para un evento \u00fanico o para regalar en un momento especial, y la haremos realidad.","og_url":"https:\/\/palopalu.com\/en\/personalizado\/","og_site_name":"Palopal\u00fa","article_publisher":"https:\/\/www.facebook.com\/palopalupalopalu","article_modified_time":"2025-09-30T07:54:50+00:00","twitter_card":"summary_large_image","twitter_misc":{"Estimated reading time":"2 minutes"},"schema":{"@context":"https:\/\/schema.org","@graph":[{"@type":"WebPage","@id":"https:\/\/palopalu.com\/personalizado\/","url":"https:\/\/palopalu.com\/personalizado\/","name":"Palopal\u00fa \u2022 Dise\u00f1os personalizados en madera. \u00a1Cu\u00e9ntanos tu idea!","isPartOf":{"@id":"https:\/\/palopalu.com\/#website"},"datePublished":"2019-02-04T17:59:14+00:00","dateModified":"2025-09-30T07:54:50+00:00","description":"Dise\u00f1os personalizados en madera. Cu\u00e9ntanos esa idea para un evento \u00fanico o para regalar en un momento especial, y la haremos realidad.","breadcrumb":{"@id":"https:\/\/palopalu.com\/personalizado\/#breadcrumb"},"inLanguage":"en-GB","potentialAction":[{"@type":"ReadAction","target":["https:\/\/palopalu.com\/personalizado\/"]}]},{"@type":"BreadcrumbList","@id":"https:\/\/palopalu.com\/personalizado\/#breadcrumb","itemListElement":[{"@type":"ListItem","position":1,"name":"Portada","item":"https:\/\/palopalu.com\/"},{"@type":"ListItem","position":2,"name":"Personalizado"}]},{"@type":"WebSite","@id":"https:\/\/palopalu.com\/#website","url":"https:\/\/palopalu.com\/","name":"Palopal\u00fa","description":"Juguetes, decoraci\u00f3n y objetos personalizados en madera","publisher":{"@id":"https:\/\/palopalu.com\/#organization"},"potentialAction":[{"@type":"SearchAction","target":{"@type":"EntryPoint","urlTemplate":"https:\/\/palopalu.com\/?s={search_term_string}"},"query-input":{"@type":"PropertyValueSpecification","valueRequired":true,"valueName":"search_term_string"}}],"inLanguage":"en-GB"},{"@type":"Organization","@id":"https:\/\/palopalu.com\/#organization","name":"Palopal\u00fa","url":"https:\/\/palopalu.com\/","logo":{"@type":"ImageObject","inLanguage":"en-GB","@id":"https:\/\/palopalu.com\/#\/schema\/logo\/image\/","url":"https:\/\/palopalu.com\/wp-content\/uploads\/2019\/02\/logo-palopalu.png","contentUrl":"https:\/\/palopalu.com\/wp-content\/uploads\/2019\/02\/logo-palopalu.png","width":125,"height":30,"caption":"Palopal\u00fa"},"image":{"@id":"https:\/\/palopalu.com\/#\/schema\/logo\/image\/"},"sameAs":["https:\/\/www.facebook.com\/palopalupalopalu","https:\/\/www.instagram.com\/palopalu"]}]}},"_links":{"self":[{"href":"https:\/\/palopalu.com\/en\/wp-json\/wp\/v2\/pages\/1633","targetHints":{"allow":["GET"]}}],"collection":[{"href":"https:\/\/palopalu.com\/en\/wp-json\/wp\/v2\/pages"}],"about":[{"href":"https:\/\/palopalu.com\/en\/wp-json\/wp\/v2\/types\/page"}],"author":[{"embeddable":true,"href":"https:\/\/palopalu.com\/en\/wp-json\/wp\/v2\/users\/1"}],"replies":[{"embeddable":true,"href":"https:\/\/palopalu.com\/en\/wp-json\/wp\/v2\/comments?post=1633"}],"version-history":[{"count":27,"href":"https:\/\/palopalu.com\/en\/wp-json\/wp\/v2\/pages\/1633\/revisions"}],"predecessor-version":[{"id":6042,"href":"https:\/\/palopalu.com\/en\/wp-json\/wp\/v2\/pages\/1633\/revisions\/6042"}],"wp:attachment":[{"href":"https:\/\/palopalu.com\/en\/wp-json\/wp\/v2\/media?parent=1633"}],"curies":[{"name":"wp","href":"https:\/\/api.w.org\/{rel}","templated":true}]}}