{"id":183,"date":"2018-02-06T09:32:49","date_gmt":"2018-02-06T08:32:49","guid":{"rendered":"http:\/\/demo.harutheme.com\/stber\/?page_id=183"},"modified":"2025-09-30T08:57:17","modified_gmt":"2025-09-30T07:57:17","slug":"contacto","status":"publish","type":"page","link":"https:\/\/palopalu.com\/en\/contacto\/","title":{"rendered":"Contact"},"content":{"rendered":"<div class=\"wpb-content-wrapper\"><div class=\"vc_row wpb_row vc_row-fluid\"><div class=\"wpb_column vc_column_container vc_col-sm-12\"><div class=\"vc_column-inner\"><div class=\"wpb_wrapper\"><div class=\"vc_row wpb_row vc_inner vc_row-fluid\"><div class=\"wpb_column vc_column_container vc_col-sm-2\"><div class=\"vc_column-inner\"><div class=\"wpb_wrapper\"><div class=\"vc_empty_space\"   style=\"height: 32px\"><span class=\"vc_empty_space_inner\"><\/span><\/div><\/div><\/div><\/div><div class=\"wpb_column vc_column_container vc_col-sm-8\"><div class=\"vc_column-inner\"><div class=\"wpb_wrapper\"><h2 style=\"font-size: 34px;text-align: center\" class=\"vc_custom_heading heading_style_1\">Do you want to ask something?<\/h2>\n\t<div class=\"wpb_text_column wpb_content_element contact-intro\" >\n\t\t<div class=\"wpb_wrapper\">\n\t\t\t<p>You can contact us by phone or email, and we will get back to you as soon as possible.<\/p>\n\n\t\t<\/div>\n\t<\/div>\n<\/div><\/div><\/div><div class=\"wpb_column vc_column_container vc_col-sm-2\"><div class=\"vc_column-inner\"><div class=\"wpb_wrapper\"><\/div><\/div><\/div><\/div><\/div><\/div><\/div><\/div><div class=\"vc_row wpb_row vc_row-fluid vc_custom_1519381625829\"><div class=\"wpb_column vc_column_container vc_col-sm-12\"><div class=\"vc_column-inner\"><div class=\"wpb_wrapper\"><div class=\"vc_row wpb_row vc_inner vc_row-fluid\"><div class=\"wpb_column vc_column_container vc_col-sm-6\"><div class=\"vc_column-inner\"><div class=\"wpb_wrapper\">            \n            <div class=\"\">\n                    <div class=\"icon-box-shortcode-wrap style_1\">\n        <div class=\"icon-box-container\">\n                    <a href=\"tel:+34626204402\" title=\"\" target=\"_self\">\n                    <div class=\"icon-wrap\" style=\"color:#cccccc\">\n                <span class=\"fas fa-phone-alt\"><\/span>\n            <\/div>    \n                    <\/a>\n                    <div class=\"icon-content\">\n                <h5 class=\"icon-title\">\n                                            <a href=\"tel:+34626204402\" title=\"\" target=\"_self\">\n                                        PHONE                                            <\/a>\n                                    <\/h5>\n                <p class=\"icon-description\">(+34) 651 381 773<\/p>\n            <\/div>\n        <\/div>\n    <\/div>\n            <\/div>\n            \n        <\/div><\/div><\/div><div class=\"wpb_column vc_column_container vc_col-sm-6\"><div class=\"vc_column-inner\"><div class=\"wpb_wrapper\">            \n            <div class=\"\">\n                    <div class=\"icon-box-shortcode-wrap style_1\">\n        <div class=\"icon-box-container\">\n                    <a href=\"mailto:info@palopalu.com\" title=\"\" target=\"_self\">\n                    <div class=\"icon-wrap\" style=\"color:#cccccc\">\n                <span class=\"fas fa-envelope\"><\/span>\n            <\/div>    \n                    <\/a>\n                    <div class=\"icon-content\">\n                <h5 class=\"icon-title\">\n                                            <a href=\"mailto:info@palopalu.com\" title=\"\" target=\"_self\">\n                                        Email                                            <\/a>\n                                    <\/h5>\n                <p class=\"icon-description\">info@palopalu.com<\/p>\n            <\/div>\n        <\/div>\n    <\/div>\n            <\/div>\n            \n        <\/div><\/div><\/div><\/div><\/div><\/div><\/div><\/div><div class=\"vc_row wpb_row vc_row-fluid\"><div class=\"wpb_column vc_column_container vc_col-sm-12\"><div class=\"vc_column-inner\"><div class=\"wpb_wrapper\"><div class=\"vc_empty_space\"   style=\"height: 32px\"><span class=\"vc_empty_space_inner\"><\/span><\/div><div class=\"vc_row wpb_row vc_inner vc_row-fluid\"><div class=\"wpb_column vc_column_container vc_col-sm-2\"><div class=\"vc_column-inner\"><div class=\"wpb_wrapper\"><div class=\"vc_empty_space\"   style=\"height: 32px\"><span class=\"vc_empty_space_inner\"><\/span><\/div><\/div><\/div><\/div><div class=\"wpb_column vc_column_container vc_col-sm-8\"><div class=\"vc_column-inner\"><div class=\"wpb_wrapper\">\n\t<div class=\"wpb_text_column wpb_content_element about-intro\" >\n\t\t<div class=\"wpb_wrapper\">\n\t\t\t<p>We invite you to discover Palopal\u00fa and share your suggestions. Quality, warmth, charm, and professional work.<\/p>\n\n\t\t<\/div>\n\t<\/div>\n<div class=\"button_style_3 vc_btn3-container vc_btn3-center\" >\n\t<a class=\"vc_general vc_btn3 vc_btn3-size-md vc_btn3-shape-rounded vc_btn3-style-modern vc_btn3-color-grey\" href=\"https:\/\/palopalu.com\/en\/tienda\/\" title=\"\">DISCOVER PALOPAL\u00da DESIGNS<\/a><\/div>\n<\/div><\/div><\/div><div class=\"wpb_column vc_column_container vc_col-sm-2\"><div class=\"vc_column-inner\"><div class=\"wpb_wrapper\"><\/div><\/div><\/div><\/div><\/div><\/div><\/div><\/div><div class=\"vc_row wpb_row vc_row-fluid\"><div class=\"wpb_column vc_column_container vc_col-sm-12\"><div class=\"vc_column-inner\"><div class=\"wpb_wrapper\"><div class=\"vc_empty_space\"   style=\"height: 32px\"><span class=\"vc_empty_space_inner\"><\/span><\/div><\/div><\/div><\/div><\/div>\n<\/div>","protected":false},"excerpt":{"rendered":"\u00bfQuieres preguntar algo? Puedes contactar a trav\u00e9s de tel\u00e9fono o e-mail y te atenderemos lo antes posible. Tel\u00e9fono (+34) 651 381 773 Email info@palopalu.com Te invitamos a conocer Palopal\u00fa y compartir tus sugerencias. Calidad, calidez, encanto y un trabajo hecho con profesionalidad. DESCUBRE LOS DISE\u00d1OS PALOPAL\u00da","protected":false},"author":1,"featured_media":0,"parent":0,"menu_order":0,"comment_status":"closed","ping_status":"closed","template":"","meta":{"footnotes":""},"class_list":["post-183","page","type-page","status-publish","hentry","clearfix"],"yoast_head":"<!-- This site is optimized with the Yoast SEO plugin v27.5 - https:\/\/yoast.com\/product\/yoast-seo-wordpress\/ -->\n<title>Palopal\u00fa \u2022 Contacto. Para cualquier duda te atenderemos encantadas.<\/title>\n<meta name=\"description\" content=\"Llama o escr\u00edbenos un e-mail para cualquier duda o propuesta de dise\u00f1o personalizado en madera y te atenderemos lo antes posible.\" \/>\n<meta name=\"robots\" content=\"index, follow, max-snippet:-1, max-image-preview:large, max-video-preview:-1\" \/>\n<link rel=\"canonical\" href=\"https:\/\/palopalu.com\/en\/contacto\/\" \/>\n<meta property=\"og:locale\" content=\"en_GB\" \/>\n<meta property=\"og:type\" content=\"article\" \/>\n<meta property=\"og:title\" content=\"Palopal\u00fa \u2022 Contacto. Para cualquier duda te atenderemos encantadas.\" \/>\n<meta property=\"og:description\" content=\"Llama o escr\u00edbenos un e-mail para cualquier duda o propuesta de dise\u00f1o personalizado en madera y te atenderemos lo antes posible.\" \/>\n<meta property=\"og:url\" content=\"https:\/\/palopalu.com\/en\/contacto\/\" \/>\n<meta property=\"og:site_name\" content=\"Palopal\u00fa\" \/>\n<meta property=\"article:publisher\" content=\"https:\/\/www.facebook.com\/palopalupalopalu\" \/>\n<meta property=\"article:modified_time\" content=\"2025-09-30T07:57:17+00:00\" \/>\n<meta name=\"twitter:card\" content=\"summary_large_image\" \/>\n<meta name=\"twitter:label1\" content=\"Estimated reading time\" \/>\n\t<meta name=\"twitter:data1\" content=\"1 minute\" \/>\n<script type=\"application\/ld+json\" class=\"yoast-schema-graph\">{\"@context\":\"https:\\\/\\\/schema.org\",\"@graph\":[{\"@type\":\"WebPage\",\"@id\":\"https:\\\/\\\/palopalu.com\\\/contacto\\\/\",\"url\":\"https:\\\/\\\/palopalu.com\\\/contacto\\\/\",\"name\":\"Palopal\u00fa \u2022 Contacto. Para cualquier duda te atenderemos encantadas.\",\"isPartOf\":{\"@id\":\"https:\\\/\\\/palopalu.com\\\/#website\"},\"datePublished\":\"2018-02-06T08:32:49+00:00\",\"dateModified\":\"2025-09-30T07:57:17+00:00\",\"description\":\"Llama o escr\u00edbenos un e-mail para cualquier duda o propuesta de dise\u00f1o personalizado en madera y te atenderemos lo antes posible.\",\"breadcrumb\":{\"@id\":\"https:\\\/\\\/palopalu.com\\\/contacto\\\/#breadcrumb\"},\"inLanguage\":\"en-GB\",\"potentialAction\":[{\"@type\":\"ReadAction\",\"target\":[\"https:\\\/\\\/palopalu.com\\\/contacto\\\/\"]}]},{\"@type\":\"BreadcrumbList\",\"@id\":\"https:\\\/\\\/palopalu.com\\\/contacto\\\/#breadcrumb\",\"itemListElement\":[{\"@type\":\"ListItem\",\"position\":1,\"name\":\"Portada\",\"item\":\"https:\\\/\\\/palopalu.com\\\/\"},{\"@type\":\"ListItem\",\"position\":2,\"name\":\"Contacto\"}]},{\"@type\":\"WebSite\",\"@id\":\"https:\\\/\\\/palopalu.com\\\/#website\",\"url\":\"https:\\\/\\\/palopalu.com\\\/\",\"name\":\"Palopal\u00fa\",\"description\":\"Juguetes, decoraci\u00f3n y objetos personalizados en madera\",\"publisher\":{\"@id\":\"https:\\\/\\\/palopalu.com\\\/#organization\"},\"potentialAction\":[{\"@type\":\"SearchAction\",\"target\":{\"@type\":\"EntryPoint\",\"urlTemplate\":\"https:\\\/\\\/palopalu.com\\\/?s={search_term_string}\"},\"query-input\":{\"@type\":\"PropertyValueSpecification\",\"valueRequired\":true,\"valueName\":\"search_term_string\"}}],\"inLanguage\":\"en-GB\"},{\"@type\":\"Organization\",\"@id\":\"https:\\\/\\\/palopalu.com\\\/#organization\",\"name\":\"Palopal\u00fa\",\"url\":\"https:\\\/\\\/palopalu.com\\\/\",\"logo\":{\"@type\":\"ImageObject\",\"inLanguage\":\"en-GB\",\"@id\":\"https:\\\/\\\/palopalu.com\\\/#\\\/schema\\\/logo\\\/image\\\/\",\"url\":\"https:\\\/\\\/palopalu.com\\\/wp-content\\\/uploads\\\/2019\\\/02\\\/logo-palopalu.png\",\"contentUrl\":\"https:\\\/\\\/palopalu.com\\\/wp-content\\\/uploads\\\/2019\\\/02\\\/logo-palopalu.png\",\"width\":125,\"height\":30,\"caption\":\"Palopal\u00fa\"},\"image\":{\"@id\":\"https:\\\/\\\/palopalu.com\\\/#\\\/schema\\\/logo\\\/image\\\/\"},\"sameAs\":[\"https:\\\/\\\/www.facebook.com\\\/palopalupalopalu\",\"https:\\\/\\\/www.instagram.com\\\/palopalu\"]}]}<\/script>\n<!-- \/ Yoast SEO plugin. -->","yoast_head_json":{"title":"Palopal\u00fa \u2022 Contacto. Para cualquier duda te atenderemos encantadas.","description":"Llama o escr\u00edbenos un e-mail para cualquier duda o propuesta de dise\u00f1o personalizado en madera y te atenderemos lo antes posible.","robots":{"index":"index","follow":"follow","max-snippet":"max-snippet:-1","max-image-preview":"max-image-preview:large","max-video-preview":"max-video-preview:-1"},"canonical":"https:\/\/palopalu.com\/en\/contacto\/","og_locale":"en_GB","og_type":"article","og_title":"Palopal\u00fa \u2022 Contacto. Para cualquier duda te atenderemos encantadas.","og_description":"Llama o escr\u00edbenos un e-mail para cualquier duda o propuesta de dise\u00f1o personalizado en madera y te atenderemos lo antes posible.","og_url":"https:\/\/palopalu.com\/en\/contacto\/","og_site_name":"Palopal\u00fa","article_publisher":"https:\/\/www.facebook.com\/palopalupalopalu","article_modified_time":"2025-09-30T07:57:17+00:00","twitter_card":"summary_large_image","twitter_misc":{"Estimated reading time":"1 minute"},"schema":{"@context":"https:\/\/schema.org","@graph":[{"@type":"WebPage","@id":"https:\/\/palopalu.com\/contacto\/","url":"https:\/\/palopalu.com\/contacto\/","name":"Palopal\u00fa \u2022 Contacto. Para cualquier duda te atenderemos encantadas.","isPartOf":{"@id":"https:\/\/palopalu.com\/#website"},"datePublished":"2018-02-06T08:32:49+00:00","dateModified":"2025-09-30T07:57:17+00:00","description":"Llama o escr\u00edbenos un e-mail para cualquier duda o propuesta de dise\u00f1o personalizado en madera y te atenderemos lo antes posible.","breadcrumb":{"@id":"https:\/\/palopalu.com\/contacto\/#breadcrumb"},"inLanguage":"en-GB","potentialAction":[{"@type":"ReadAction","target":["https:\/\/palopalu.com\/contacto\/"]}]},{"@type":"BreadcrumbList","@id":"https:\/\/palopalu.com\/contacto\/#breadcrumb","itemListElement":[{"@type":"ListItem","position":1,"name":"Portada","item":"https:\/\/palopalu.com\/"},{"@type":"ListItem","position":2,"name":"Contacto"}]},{"@type":"WebSite","@id":"https:\/\/palopalu.com\/#website","url":"https:\/\/palopalu.com\/","name":"Palopal\u00fa","description":"Juguetes, decoraci\u00f3n y objetos personalizados en madera","publisher":{"@id":"https:\/\/palopalu.com\/#organization"},"potentialAction":[{"@type":"SearchAction","target":{"@type":"EntryPoint","urlTemplate":"https:\/\/palopalu.com\/?s={search_term_string}"},"query-input":{"@type":"PropertyValueSpecification","valueRequired":true,"valueName":"search_term_string"}}],"inLanguage":"en-GB"},{"@type":"Organization","@id":"https:\/\/palopalu.com\/#organization","name":"Palopal\u00fa","url":"https:\/\/palopalu.com\/","logo":{"@type":"ImageObject","inLanguage":"en-GB","@id":"https:\/\/palopalu.com\/#\/schema\/logo\/image\/","url":"https:\/\/palopalu.com\/wp-content\/uploads\/2019\/02\/logo-palopalu.png","contentUrl":"https:\/\/palopalu.com\/wp-content\/uploads\/2019\/02\/logo-palopalu.png","width":125,"height":30,"caption":"Palopal\u00fa"},"image":{"@id":"https:\/\/palopalu.com\/#\/schema\/logo\/image\/"},"sameAs":["https:\/\/www.facebook.com\/palopalupalopalu","https:\/\/www.instagram.com\/palopalu"]}]}},"_links":{"self":[{"href":"https:\/\/palopalu.com\/en\/wp-json\/wp\/v2\/pages\/183","targetHints":{"allow":["GET"]}}],"collection":[{"href":"https:\/\/palopalu.com\/en\/wp-json\/wp\/v2\/pages"}],"about":[{"href":"https:\/\/palopalu.com\/en\/wp-json\/wp\/v2\/types\/page"}],"author":[{"embeddable":true,"href":"https:\/\/palopalu.com\/en\/wp-json\/wp\/v2\/users\/1"}],"replies":[{"embeddable":true,"href":"https:\/\/palopalu.com\/en\/wp-json\/wp\/v2\/comments?post=183"}],"version-history":[{"count":18,"href":"https:\/\/palopalu.com\/en\/wp-json\/wp\/v2\/pages\/183\/revisions"}],"predecessor-version":[{"id":6046,"href":"https:\/\/palopalu.com\/en\/wp-json\/wp\/v2\/pages\/183\/revisions\/6046"}],"wp:attachment":[{"href":"https:\/\/palopalu.com\/en\/wp-json\/wp\/v2\/media?parent=183"}],"curies":[{"name":"wp","href":"https:\/\/api.w.org\/{rel}","templated":true}]}}