{"id":1833,"date":"2019-03-19T16:23:54","date_gmt":"2019-03-19T15:23:54","guid":{"rendered":"https:\/\/palopalu.com\/?page_id=1833"},"modified":"2022-06-24T12:04:36","modified_gmt":"2022-06-24T11:04:36","slug":"aviso-legal","status":"publish","type":"page","link":"https:\/\/palopalu.com\/en\/aviso-legal\/","title":{"rendered":"Legal Notice"},"content":{"rendered":"<div class=\"wpb-content-wrapper\"><div class=\"vc_row wpb_row vc_row-fluid\"><div class=\"wpb_column vc_column_container vc_col-sm-12\"><div class=\"vc_column-inner\"><div class=\"wpb_wrapper\"><div class=\"vc_row wpb_row vc_inner vc_row-fluid vc_custom_1553001095400\"><div class=\"wpb_column vc_column_container vc_col-sm-2\"><div class=\"vc_column-inner\"><div class=\"wpb_wrapper\"><\/div><\/div><\/div><div class=\"wpb_column vc_column_container vc_col-sm-1\"><div class=\"vc_column-inner\"><div class=\"wpb_wrapper\"><\/div><\/div><\/div><div class=\"wpb_column vc_column_container vc_col-sm-6\"><div class=\"vc_column-inner\"><div class=\"wpb_wrapper\"><h2 style=\"font-size: 34px;text-align: left\" class=\"vc_custom_heading vc_custom_1553009278848 heading_style_1\">Aqu\u00ed esta toda nuestra informaci\u00f3n<\/h2>\n\t<div class=\"wpb_text_column wpb_content_element\" >\n\t\t<div class=\"wpb_wrapper\">\n\t\t\t<p>Palopal\u00fa tiene su direcci\u00f3n fiscal en Bilbao (Bizkaia), Grupo Bego\u00f1alde 5, 2C. Tambi\u00e9n est\u00e1 disponible a trav\u00e9s del n\u00famero de tel\u00e9fono 651 381 773, o bien a trav\u00e9s de la direcci\u00f3n de correo electr\u00f3nico <a href=\"mailto:info@palopalu.com\"><strong>info@palopalu.com<\/strong><\/a><\/p>\n<p>Palopal\u00fa es la marca comercial de Rosal\u00eda Fern\u00e1ndez Rodr\u00edguez, est\u00e1 inscrita en el Censo de actividades econ\u00f3micas en la Hacienda de la Diputaci\u00f3n Foral de Bizkaia, con NIF n\u00famero 72081220W<\/p>\n\n\t\t<\/div>\n\t<\/div>\n<\/div><\/div><\/div><div class=\"wpb_column vc_column_container vc_col-sm-3\"><div class=\"vc_column-inner\"><div class=\"wpb_wrapper\"><\/div><\/div><\/div><\/div><div class=\"vc_row wpb_row vc_inner vc_row-fluid vc_custom_1553001095400\"><div class=\"wpb_column vc_column_container vc_col-sm-2\"><div class=\"vc_column-inner\"><div class=\"wpb_wrapper\"><\/div><\/div><\/div><div class=\"wpb_column vc_column_container vc_col-sm-1\"><div class=\"vc_column-inner\"><div class=\"wpb_wrapper\"><\/div><\/div><\/div><div class=\"wpb_column vc_column_container vc_col-sm-6\"><div class=\"vc_column-inner\"><div class=\"wpb_wrapper\"><h2 style=\"font-size: 34px;text-align: left\" class=\"vc_custom_heading vc_custom_1553009477525 heading_style_1\">Y estos son los t\u00e9rminos y condiciones generales de acceso y uso de esta p\u00e1gina web<\/h2>\n\t<div class=\"wpb_text_column wpb_content_element\" >\n\t\t<div class=\"wpb_wrapper\">\n\t\t\t<p>Palopal\u00fa ofrece el acceso al sitio web <a href=\"https:\/\/palopalu.com\/en\/\"><strong>www.palopalu.com<\/strong><\/a> \u00a0en las condiciones de uso que se describen a continuaci\u00f3n:<\/p>\n\n\t\t<\/div>\n\t<\/div>\n<\/div><\/div><\/div><div class=\"wpb_column vc_column_container vc_col-sm-3\"><div class=\"vc_column-inner\"><div class=\"wpb_wrapper\"><\/div><\/div><\/div><\/div><div class=\"vc_row wpb_row vc_inner vc_row-fluid vc_custom_1553001103279\"><div class=\"wpb_column vc_column_container vc_col-sm-2\"><div class=\"vc_column-inner\"><div class=\"wpb_wrapper\"><h2 style=\"font-size: 24px;text-align: left\" class=\"vc_custom_heading vc_custom_1553009636138 heading_style_1\">Acceso y usuarios<\/h2><\/div><\/div><\/div><div class=\"wpb_column vc_column_container vc_col-sm-1\"><div class=\"vc_column-inner\"><div class=\"wpb_wrapper\"><\/div><\/div><\/div><div class=\"wpb_column vc_column_container vc_col-sm-6\"><div class=\"vc_column-inner\"><div class=\"wpb_wrapper\">\n\t<div class=\"wpb_text_column wpb_content_element\" >\n\t\t<div class=\"wpb_wrapper\">\n\t\t\t<p>El acceso al sitio web <a href=\"https:\/\/palopalu.com\/en\/\"><strong>www.palopalu.com<\/strong><\/a> atribuye a quien lo realiza la condici\u00f3n de Usuario, y expresa la aceptaci\u00f3n plena y sin reservas por parte del Usuario de todas y cada una de las presentes condiciones de uso, sin perjuicio de las condiciones particulares que sea preciso aplicar en el caso de que el usuario desee contratar alguno de los bienes y servicios que se le ofrecen.<\/p>\n<p>La prestaci\u00f3n del servicio del portal web tiene car\u00e1cter gratuito. Ello no obstante, Palopal\u00fa se reserva la posibilidad de condicionar el acceso a algunos servicios al previo registro del Usuario. Cuando sea necesario que el Usuario se registre como usuario registrado o aporte datos personales para poder acceder a alguno de los servicios espec\u00edficos, en la recogida y tratamiento de los datos personales de los usuarios ser\u00e1 de aplicaci\u00f3n lo dispuesto en el cap\u00edtulo sobre <a href=\"https:\/\/palopalu.com\/en\/politica-privacidad\/\"><strong>Privacidad y protecci\u00f3n de datos de car\u00e1cter personal<\/strong><\/a>.<\/p>\n\n\t\t<\/div>\n\t<\/div>\n<\/div><\/div><\/div><div class=\"wpb_column vc_column_container vc_col-sm-3\"><div class=\"vc_column-inner\"><div class=\"wpb_wrapper\"><\/div><\/div><\/div><\/div><div class=\"vc_row wpb_row vc_inner vc_row-fluid vc_custom_1553001103279\"><div class=\"wpb_column vc_column_container vc_col-sm-2\"><div class=\"vc_column-inner\"><div class=\"wpb_wrapper\"><h2 style=\"font-size: 24px;text-align: left\" class=\"vc_custom_heading vc_custom_1553010151987 heading_style_1\">Contenidos<\/h2><\/div><\/div><\/div><div class=\"wpb_column vc_column_container vc_col-sm-1\"><div class=\"vc_column-inner\"><div class=\"wpb_wrapper\"><\/div><\/div><\/div><div class=\"wpb_column vc_column_container vc_col-sm-6\"><div class=\"vc_column-inner\"><div class=\"wpb_wrapper\">\n\t<div class=\"wpb_text_column wpb_content_element\" >\n\t\t<div class=\"wpb_wrapper\">\n\t\t\t<p>En Palopal\u00fa se garantiza que todos los contenidos y servicios que se ofrecen en <a href=\"https:\/\/palopalu.com\/en\/\"><strong>www.palopalu.com<\/strong><\/a> respetan el principio de dignidad de la persona, el principio de no-discriminaci\u00f3n por motivos de raza, sexo, religi\u00f3n, opini\u00f3n, nacionalidad, discapacidad o cualquier otra circunstancia personal y social, as\u00ed como el principio de protecci\u00f3n de la juventud y de la infancia.<\/p>\n<p>Palopal\u00fa no se responsabiliza de la exactitud, veracidad y vigencia de las informaciones que no sean de elaboraci\u00f3n propia y cuyos contenidos pertenezcan a fuentes de informaci\u00f3n de terceros ajenos a ella.<\/p>\n\n\t\t<\/div>\n\t<\/div>\n<\/div><\/div><\/div><div class=\"wpb_column vc_column_container vc_col-sm-3\"><div class=\"vc_column-inner\"><div class=\"wpb_wrapper\"><\/div><\/div><\/div><\/div><div class=\"vc_row wpb_row vc_inner vc_row-fluid vc_custom_1553001103279\"><div class=\"wpb_column vc_column_container vc_col-sm-2\"><div class=\"vc_column-inner\"><div class=\"wpb_wrapper\"><h2 style=\"font-size: 24px;text-align: left\" class=\"vc_custom_heading vc_custom_1553010213883 heading_style_1\">Modificaciones<\/h2><\/div><\/div><\/div><div class=\"wpb_column vc_column_container vc_col-sm-1\"><div class=\"vc_column-inner\"><div class=\"wpb_wrapper\"><\/div><\/div><\/div><div class=\"wpb_column vc_column_container vc_col-sm-6\"><div class=\"vc_column-inner\"><div class=\"wpb_wrapper\">\n\t<div class=\"wpb_text_column wpb_content_element\" >\n\t\t<div class=\"wpb_wrapper\">\n\t\t\t<p>Palopal\u00fa, con el fin de mejorar las prestaciones del sitio web, se reserva el derecho a modificar, ampliar o suspender temporalmente la presentaci\u00f3n, configuraci\u00f3n, especificaciones t\u00e9cnicas, contenidos y servicios del sitio web, en cualquier momento de forma unilateral y sin previa notificaci\u00f3n al usuario.<\/p>\n<p>Asimismo, se reserva el derecho a modificar en cualquier momento las presentes condiciones de uso, as\u00ed como cualesquiera otras condiciones particulares contenidas en el sitio web <a href=\"https:\/\/palopalu.com\/en\/\"><strong>www.palopalu.com<\/strong><\/a><\/p>\n\n\t\t<\/div>\n\t<\/div>\n<\/div><\/div><\/div><div class=\"wpb_column vc_column_container vc_col-sm-3\"><div class=\"vc_column-inner\"><div class=\"wpb_wrapper\"><\/div><\/div><\/div><\/div><div class=\"vc_row wpb_row vc_inner vc_row-fluid vc_custom_1553001103279\"><div class=\"wpb_column vc_column_container vc_col-sm-2\"><div class=\"vc_column-inner\"><div class=\"wpb_wrapper\"><h2 style=\"font-size: 24px;text-align: left\" class=\"vc_custom_heading vc_custom_1553010278336 heading_style_1\">Condiciones de uso<\/h2><\/div><\/div><\/div><div class=\"wpb_column vc_column_container vc_col-sm-1\"><div class=\"vc_column-inner\"><div class=\"wpb_wrapper\"><\/div><\/div><\/div><div class=\"wpb_column vc_column_container vc_col-sm-6\"><div class=\"vc_column-inner\"><div class=\"wpb_wrapper\">\n\t<div class=\"wpb_text_column wpb_content_element\" >\n\t\t<div class=\"wpb_wrapper\">\n\t\t\t<p>El Usuario se compromete a realizar un buen uso de los contenidos y servicios de <a href=\"https:\/\/palopalu.com\/en\/\"><strong>www.palopalu.com<\/strong><\/a>, que nunca podr\u00e1n ser utilizados para actividades il\u00edcitas o que puedan ser contrarias al orden p\u00fablico, la defensa nacional o la salud p\u00fablica. Cualquier utilizaci\u00f3n por parte del Usuario de los contenidos y servicios habr\u00e1 de respetar los principios indicados en el p\u00e1rrafo anterior.<\/p>\n<p>El Usuario est\u00e1 expresamente autorizado para visualizar la informaci\u00f3n contenida en el sitio web, as\u00ed como para efectuar reproducciones privadas de la misma en sus sistemas inform\u00e1ticos, siempre y cuando dichos contenidos sean para su uso exclusivo y no sean posteriormente cedidos a terceros.<\/p>\n\n\t\t<\/div>\n\t<\/div>\n<\/div><\/div><\/div><div class=\"wpb_column vc_column_container vc_col-sm-3\"><div class=\"vc_column-inner\"><div class=\"wpb_wrapper\"><\/div><\/div><\/div><\/div><div class=\"vc_row wpb_row vc_inner vc_row-fluid vc_custom_1553001103279\"><div class=\"wpb_column vc_column_container vc_col-sm-2\"><div class=\"vc_column-inner\"><div class=\"wpb_wrapper\"><h2 style=\"font-size: 24px;text-align: left\" class=\"vc_custom_heading vc_custom_1553010394790 heading_style_1\">Propiedad intelectual e industrial<\/h2><\/div><\/div><\/div><div class=\"wpb_column vc_column_container vc_col-sm-1\"><div class=\"vc_column-inner\"><div class=\"wpb_wrapper\"><\/div><\/div><\/div><div class=\"wpb_column vc_column_container vc_col-sm-6\"><div class=\"vc_column-inner\"><div class=\"wpb_wrapper\">\n\t<div class=\"wpb_text_column wpb_content_element\" >\n\t\t<div class=\"wpb_wrapper\">\n\t\t\t<p>Los derechos de propiedad intelectual e industrial contenidos en las p\u00e1ginas web de <a href=\"https:\/\/palopalu.com\/en\/\"><strong>www.palopalu.com<\/strong><\/a>, su dise\u00f1o gr\u00e1fico y c\u00f3digos inform\u00e1ticos, as\u00ed como los nombres comerciales, marcas y signos distintivos son titularidad de Palopal\u00fa, salvo que en las mismas se indique que pertenecen a otro titular.<\/p>\n<p>Cualquier reproducci\u00f3n, distribuci\u00f3n, comercializaci\u00f3n o transformaci\u00f3n de los contenidos que no haya sido expresamente autorizada por sus titulares, constituye una infracci\u00f3n de los derechos de propiedad intelectual e industrial protegidos por la ley. Palopal\u00fa podr\u00e1 ejercer todas las acciones administrativas, civiles o penales que le correspondan en caso de infracci\u00f3n de estos derechos por parte del Usuario.<\/p>\n\n\t\t<\/div>\n\t<\/div>\n<\/div><\/div><\/div><div class=\"wpb_column vc_column_container vc_col-sm-3\"><div class=\"vc_column-inner\"><div class=\"wpb_wrapper\"><\/div><\/div><\/div><\/div><div class=\"vc_row wpb_row vc_inner vc_row-fluid vc_custom_1553001103279\"><div class=\"wpb_column vc_column_container vc_col-sm-2\"><div class=\"vc_column-inner\"><div class=\"wpb_wrapper\"><h2 style=\"font-size: 24px;text-align: left\" class=\"vc_custom_heading vc_custom_1553010579292 heading_style_1\">Exclusi\u00f3n de garant\u00edas y responsabilidades<\/h2><\/div><\/div><\/div><div class=\"wpb_column vc_column_container vc_col-sm-1\"><div class=\"vc_column-inner\"><div class=\"wpb_wrapper\"><\/div><\/div><\/div><div class=\"wpb_column vc_column_container vc_col-sm-6\"><div class=\"vc_column-inner\"><div class=\"wpb_wrapper\">\n\t<div class=\"wpb_text_column wpb_content_element\" >\n\t\t<div class=\"wpb_wrapper\">\n\t\t\t<p>El acceso y la utilizaci\u00f3n de las p\u00e1ginas de <a href=\"https:\/\/palopalu.com\/en\/\"><strong>www.palopalu.com<\/strong><\/a> se realizar\u00e1n bajo la \u00fanica y exclusiva responsabilidad del Usuario. Palopal\u00fa no garantiza ni se responsabiliza de los da\u00f1os y perjuicios de toda naturaleza que se deban a las siguientes circunstancias:<\/p>\n<ol>\n<li>La falta de continuidad del funcionamiento de <a href=\"https:\/\/palopalu.com\/en\/\"><strong>www.palopalu.com<\/strong><\/a>, as\u00ed como el funcionamiento incorrecto de las p\u00e1ginas web.<\/li>\n<li>La falta de utilidad, adecuaci\u00f3n o validez de los servicios y contenidos que se ofrecen en <a href=\"https:\/\/palopalu.com\/en\/\"><strong>www.palopalu.com<\/strong><\/a>, respecto a los resultados y expectativas del Usuario.<\/li>\n<li>La existencia de virus o programas en el ordenador del Usuario o por la presencia de virus en los servicios prestados por terceros a trav\u00e9s de <a href=\"https:\/\/palopalu.com\/en\/\"><strong>www.palopalu.com<\/strong><\/a>.<\/li>\n<li>El conocimiento que puedan tener terceros no autorizados de la clase, condiciones, caracter\u00edsticas y circunstancias de acceso y uso que los usuarios hacen del sitio web y de las informaciones y servicios.<\/li>\n<li>Bajo ninguna circunstancia, incluida la negligencia, la p\u00e9rdida de negocio, p\u00e9rdida de uso, p\u00e9rdida de beneficios, p\u00e9rdida de datos, por da\u00f1os indirectos, secundarios, especiales o consecuentes que resulten del acceso o del uso de los servicios del sitio web, o que de otra forma se encuentren dentro del \u00e1mbito.<\/li>\n<\/ol>\n\n\t\t<\/div>\n\t<\/div>\n<\/div><\/div><\/div><div class=\"wpb_column vc_column_container vc_col-sm-3\"><div class=\"vc_column-inner\"><div class=\"wpb_wrapper\"><\/div><\/div><\/div><\/div><div class=\"vc_row wpb_row vc_inner vc_row-fluid vc_custom_1553001103279\"><div class=\"wpb_column vc_column_container vc_col-sm-2\"><div class=\"vc_column-inner\"><div class=\"wpb_wrapper\"><h2 style=\"font-size: 24px;text-align: left\" class=\"vc_custom_heading vc_custom_1553010725738 heading_style_1\">Enlaces<\/h2><\/div><\/div><\/div><div class=\"wpb_column vc_column_container vc_col-sm-1\"><div class=\"vc_column-inner\"><div class=\"wpb_wrapper\"><\/div><\/div><\/div><div class=\"wpb_column vc_column_container vc_col-sm-6\"><div class=\"vc_column-inner\"><div class=\"wpb_wrapper\">\n\t<div class=\"wpb_text_column wpb_content_element\" >\n\t\t<div class=\"wpb_wrapper\">\n\t\t\t<p>Las p\u00e1ginas de <a href=\"https:\/\/palopalu.com\/en\/\"><strong>www.palopalu.com<\/strong><\/a> proporcionan enlaces a otros sitios web o contenidos que son propiedad de terceros. El \u00fanico objeto de los enlaces es proporcionar al Usuario la posibilidad de complementar la informaci\u00f3n a trav\u00e9s de dichos enlaces. Palopal\u00fa no se responsabiliza en ning\u00fan caso de los resultados que puedan derivarse al Usuario por acceso a dichos enlaces.<\/p>\n<p>El Usuario, y en general cualquier persona f\u00edsica o jur\u00eddica que se proponga establecer cualquier dispositivo t\u00e9cnico de enlace desde su sitio web al sitio web <a href=\"https:\/\/palopalu.com\/en\/\"><strong>www.palopalu.com<\/strong><\/a>, deber\u00e1 obtener autorizaci\u00f3n previa y por escrito de Palopal\u00fa.<\/p>\n<p>El establecimiento del enlace no implica en ning\u00fan caso la existencia de relaciones entre Palopal\u00fa y el propietario del sitio en el que se establezca el enlace, ni la aceptaci\u00f3n o aprobaci\u00f3n por parte de Palopal\u00fa de sus contenidos o servicios.<\/p>\n\n\t\t<\/div>\n\t<\/div>\n<\/div><\/div><\/div><div class=\"wpb_column vc_column_container vc_col-sm-3\"><div class=\"vc_column-inner\"><div class=\"wpb_wrapper\"><\/div><\/div><\/div><\/div><div class=\"vc_row wpb_row vc_inner vc_row-fluid vc_custom_1553001103279\"><div class=\"wpb_column vc_column_container vc_col-sm-2\"><div class=\"vc_column-inner\"><div class=\"wpb_wrapper\"><h2 style=\"font-size: 24px;text-align: left\" class=\"vc_custom_heading vc_custom_1553010851264 heading_style_1\">Traducciones<\/h2><\/div><\/div><\/div><div class=\"wpb_column vc_column_container vc_col-sm-1\"><div class=\"vc_column-inner\"><div class=\"wpb_wrapper\"><\/div><\/div><\/div><div class=\"wpb_column vc_column_container vc_col-sm-6\"><div class=\"vc_column-inner\"><div class=\"wpb_wrapper\">\n\t<div class=\"wpb_text_column wpb_content_element\" >\n\t\t<div class=\"wpb_wrapper\">\n\t\t\t<p>Cualquier informaci\u00f3n de la presente p\u00e1gina web traducida a otro idioma distinto al castellano se proporciona \u00fanicamente a efectos informativos. En caso de discrepancia entre el contenido de esta versi\u00f3n y el de la versi\u00f3n original en espa\u00f1ol prevalecer\u00e1 el de esta \u00faltima.<\/p>\n\n\t\t<\/div>\n\t<\/div>\n<\/div><\/div><\/div><div class=\"wpb_column vc_column_container vc_col-sm-3\"><div class=\"vc_column-inner\"><div class=\"wpb_wrapper\"><\/div><\/div><\/div><\/div><div class=\"vc_row wpb_row vc_inner vc_row-fluid vc_custom_1553001103279\"><div class=\"wpb_column vc_column_container vc_col-sm-2\"><div class=\"vc_column-inner\"><div class=\"wpb_wrapper\"><h2 style=\"font-size: 24px;text-align: left\" class=\"vc_custom_heading vc_custom_1553010903640 heading_style_1\">Jurisdicci\u00f3n y legislaci\u00f3n aplicable<\/h2><\/div><\/div><\/div><div class=\"wpb_column vc_column_container vc_col-sm-1\"><div class=\"vc_column-inner\"><div class=\"wpb_wrapper\"><\/div><\/div><\/div><div class=\"wpb_column vc_column_container vc_col-sm-6\"><div class=\"vc_column-inner\"><div class=\"wpb_wrapper\">\n\t<div class=\"wpb_text_column wpb_content_element\" >\n\t\t<div class=\"wpb_wrapper\">\n\t\t\t<p>Las presentes Condiciones de Uso se regir\u00e1n por lo dispuesto en la legislaci\u00f3n espa\u00f1ola. En el caso de que se produzca cualquier discrepancia o controversia con motivo de la interpretaci\u00f3n o la aplicaci\u00f3n de las presentes condiciones de uso o del contenido de la p\u00e1gina web, Palopal\u00fa y el Usuario, con renuncia expresa a cualquier otro fuero que pudiera corresponderles, se someten a la jurisdicci\u00f3n de los juzgados y tribunales de la villa de Bilbao.<\/p>\n\n\t\t<\/div>\n\t<\/div>\n<\/div><\/div><\/div><div class=\"wpb_column vc_column_container vc_col-sm-3\"><div class=\"vc_column-inner\"><div class=\"wpb_wrapper\"><\/div><\/div><\/div><\/div><div class=\"vc_row wpb_row vc_inner vc_row-fluid vc_custom_1553001103279\"><div class=\"wpb_column vc_column_container vc_col-sm-2\"><div class=\"vc_column-inner\"><div class=\"wpb_wrapper\"><\/div><\/div><\/div><div class=\"wpb_column vc_column_container vc_col-sm-1\"><div class=\"vc_column-inner\"><div class=\"wpb_wrapper\"><\/div><\/div><\/div><div class=\"wpb_column vc_column_container vc_col-sm-6\"><div class=\"vc_column-inner\"><div class=\"wpb_wrapper\">\n\t<div class=\"wpb_text_column wpb_content_element\" >\n\t\t<div class=\"wpb_wrapper\">\n\t\t\t<p>\u00a9 2019 Palopal\u00fa, reservados todos los derechos.<\/p>\n\n\t\t<\/div>\n\t<\/div>\n<\/div><\/div><\/div><div class=\"wpb_column vc_column_container vc_col-sm-3\"><div class=\"vc_column-inner\"><div class=\"wpb_wrapper\"><\/div><\/div><\/div><\/div><\/div><\/div><\/div><\/div>\n<\/div>","protected":false},"excerpt":{"rendered":"Aqu\u00ed esta toda nuestra informaci\u00f3n Palopal\u00fa tiene su direcci\u00f3n fiscal en Bilbao (Bizkaia), Grupo Bego\u00f1alde 5, 2C. Tambi\u00e9n est\u00e1 disponible a trav\u00e9s del n\u00famero de tel\u00e9fono 651 381 773, o bien a trav\u00e9s de la direcci\u00f3n de correo electr\u00f3nico info@palopalu.com Palopal\u00fa es la marca comercial de Rosal\u00eda Fern\u00e1ndez Rodr\u00edguez, est\u00e1 inscrita en el Censo de [...]","protected":false},"author":1,"featured_media":0,"parent":0,"menu_order":0,"comment_status":"closed","ping_status":"closed","template":"","meta":{"footnotes":""},"class_list":["post-1833","page","type-page","status-publish","hentry","clearfix"],"yoast_head":"<!-- This site is optimized with the Yoast SEO plugin v27.5 - https:\/\/yoast.com\/product\/yoast-seo-wordpress\/ -->\n<title>Aviso legal &#8226; Palopal\u00fa<\/title>\n<meta name=\"robots\" content=\"index, follow, max-snippet:-1, max-image-preview:large, max-video-preview:-1\" \/>\n<link rel=\"canonical\" href=\"https:\/\/palopalu.com\/en\/aviso-legal\/\" \/>\n<meta property=\"og:locale\" content=\"en_GB\" \/>\n<meta property=\"og:type\" content=\"article\" \/>\n<meta property=\"og:title\" content=\"Aviso legal &#8226; Palopal\u00fa\" \/>\n<meta property=\"og:url\" content=\"https:\/\/palopalu.com\/en\/aviso-legal\/\" \/>\n<meta property=\"og:site_name\" content=\"Palopal\u00fa\" \/>\n<meta property=\"article:publisher\" content=\"https:\/\/www.facebook.com\/palopalupalopalu\" \/>\n<meta property=\"article:modified_time\" content=\"2022-06-24T11:04:36+00:00\" \/>\n<meta name=\"twitter:card\" content=\"summary_large_image\" \/>\n<meta name=\"twitter:label1\" content=\"Estimated reading time\" \/>\n\t<meta name=\"twitter:data1\" content=\"10 minutes\" \/>\n<script type=\"application\/ld+json\" class=\"yoast-schema-graph\">{\"@context\":\"https:\\\/\\\/schema.org\",\"@graph\":[{\"@type\":\"WebPage\",\"@id\":\"https:\\\/\\\/palopalu.com\\\/aviso-legal\\\/\",\"url\":\"https:\\\/\\\/palopalu.com\\\/aviso-legal\\\/\",\"name\":\"Aviso legal &#8226; Palopal\u00fa\",\"isPartOf\":{\"@id\":\"https:\\\/\\\/palopalu.com\\\/#website\"},\"datePublished\":\"2019-03-19T15:23:54+00:00\",\"dateModified\":\"2022-06-24T11:04:36+00:00\",\"breadcrumb\":{\"@id\":\"https:\\\/\\\/palopalu.com\\\/aviso-legal\\\/#breadcrumb\"},\"inLanguage\":\"en-GB\",\"potentialAction\":[{\"@type\":\"ReadAction\",\"target\":[\"https:\\\/\\\/palopalu.com\\\/aviso-legal\\\/\"]}]},{\"@type\":\"BreadcrumbList\",\"@id\":\"https:\\\/\\\/palopalu.com\\\/aviso-legal\\\/#breadcrumb\",\"itemListElement\":[{\"@type\":\"ListItem\",\"position\":1,\"name\":\"Portada\",\"item\":\"https:\\\/\\\/palopalu.com\\\/\"},{\"@type\":\"ListItem\",\"position\":2,\"name\":\"Aviso legal\"}]},{\"@type\":\"WebSite\",\"@id\":\"https:\\\/\\\/palopalu.com\\\/#website\",\"url\":\"https:\\\/\\\/palopalu.com\\\/\",\"name\":\"Palopal\u00fa\",\"description\":\"Juguetes, decoraci\u00f3n y objetos personalizados en madera\",\"publisher\":{\"@id\":\"https:\\\/\\\/palopalu.com\\\/#organization\"},\"potentialAction\":[{\"@type\":\"SearchAction\",\"target\":{\"@type\":\"EntryPoint\",\"urlTemplate\":\"https:\\\/\\\/palopalu.com\\\/?s={search_term_string}\"},\"query-input\":{\"@type\":\"PropertyValueSpecification\",\"valueRequired\":true,\"valueName\":\"search_term_string\"}}],\"inLanguage\":\"en-GB\"},{\"@type\":\"Organization\",\"@id\":\"https:\\\/\\\/palopalu.com\\\/#organization\",\"name\":\"Palopal\u00fa\",\"url\":\"https:\\\/\\\/palopalu.com\\\/\",\"logo\":{\"@type\":\"ImageObject\",\"inLanguage\":\"en-GB\",\"@id\":\"https:\\\/\\\/palopalu.com\\\/#\\\/schema\\\/logo\\\/image\\\/\",\"url\":\"https:\\\/\\\/palopalu.com\\\/wp-content\\\/uploads\\\/2019\\\/02\\\/logo-palopalu.png\",\"contentUrl\":\"https:\\\/\\\/palopalu.com\\\/wp-content\\\/uploads\\\/2019\\\/02\\\/logo-palopalu.png\",\"width\":125,\"height\":30,\"caption\":\"Palopal\u00fa\"},\"image\":{\"@id\":\"https:\\\/\\\/palopalu.com\\\/#\\\/schema\\\/logo\\\/image\\\/\"},\"sameAs\":[\"https:\\\/\\\/www.facebook.com\\\/palopalupalopalu\",\"https:\\\/\\\/www.instagram.com\\\/palopalu\"]}]}<\/script>\n<!-- \/ Yoast SEO plugin. -->","yoast_head_json":{"title":"Aviso legal &#8226; Palopal\u00fa","robots":{"index":"index","follow":"follow","max-snippet":"max-snippet:-1","max-image-preview":"max-image-preview:large","max-video-preview":"max-video-preview:-1"},"canonical":"https:\/\/palopalu.com\/en\/aviso-legal\/","og_locale":"en_GB","og_type":"article","og_title":"Aviso legal &#8226; Palopal\u00fa","og_url":"https:\/\/palopalu.com\/en\/aviso-legal\/","og_site_name":"Palopal\u00fa","article_publisher":"https:\/\/www.facebook.com\/palopalupalopalu","article_modified_time":"2022-06-24T11:04:36+00:00","twitter_card":"summary_large_image","twitter_misc":{"Estimated reading time":"10 minutes"},"schema":{"@context":"https:\/\/schema.org","@graph":[{"@type":"WebPage","@id":"https:\/\/palopalu.com\/aviso-legal\/","url":"https:\/\/palopalu.com\/aviso-legal\/","name":"Aviso legal &#8226; Palopal\u00fa","isPartOf":{"@id":"https:\/\/palopalu.com\/#website"},"datePublished":"2019-03-19T15:23:54+00:00","dateModified":"2022-06-24T11:04:36+00:00","breadcrumb":{"@id":"https:\/\/palopalu.com\/aviso-legal\/#breadcrumb"},"inLanguage":"en-GB","potentialAction":[{"@type":"ReadAction","target":["https:\/\/palopalu.com\/aviso-legal\/"]}]},{"@type":"BreadcrumbList","@id":"https:\/\/palopalu.com\/aviso-legal\/#breadcrumb","itemListElement":[{"@type":"ListItem","position":1,"name":"Portada","item":"https:\/\/palopalu.com\/"},{"@type":"ListItem","position":2,"name":"Aviso legal"}]},{"@type":"WebSite","@id":"https:\/\/palopalu.com\/#website","url":"https:\/\/palopalu.com\/","name":"Palopal\u00fa","description":"Juguetes, decoraci\u00f3n y objetos personalizados en madera","publisher":{"@id":"https:\/\/palopalu.com\/#organization"},"potentialAction":[{"@type":"SearchAction","target":{"@type":"EntryPoint","urlTemplate":"https:\/\/palopalu.com\/?s={search_term_string}"},"query-input":{"@type":"PropertyValueSpecification","valueRequired":true,"valueName":"search_term_string"}}],"inLanguage":"en-GB"},{"@type":"Organization","@id":"https:\/\/palopalu.com\/#organization","name":"Palopal\u00fa","url":"https:\/\/palopalu.com\/","logo":{"@type":"ImageObject","inLanguage":"en-GB","@id":"https:\/\/palopalu.com\/#\/schema\/logo\/image\/","url":"https:\/\/palopalu.com\/wp-content\/uploads\/2019\/02\/logo-palopalu.png","contentUrl":"https:\/\/palopalu.com\/wp-content\/uploads\/2019\/02\/logo-palopalu.png","width":125,"height":30,"caption":"Palopal\u00fa"},"image":{"@id":"https:\/\/palopalu.com\/#\/schema\/logo\/image\/"},"sameAs":["https:\/\/www.facebook.com\/palopalupalopalu","https:\/\/www.instagram.com\/palopalu"]}]}},"_links":{"self":[{"href":"https:\/\/palopalu.com\/en\/wp-json\/wp\/v2\/pages\/1833","targetHints":{"allow":["GET"]}}],"collection":[{"href":"https:\/\/palopalu.com\/en\/wp-json\/wp\/v2\/pages"}],"about":[{"href":"https:\/\/palopalu.com\/en\/wp-json\/wp\/v2\/types\/page"}],"author":[{"embeddable":true,"href":"https:\/\/palopalu.com\/en\/wp-json\/wp\/v2\/users\/1"}],"replies":[{"embeddable":true,"href":"https:\/\/palopalu.com\/en\/wp-json\/wp\/v2\/comments?post=1833"}],"version-history":[{"count":17,"href":"https:\/\/palopalu.com\/en\/wp-json\/wp\/v2\/pages\/1833\/revisions"}],"predecessor-version":[{"id":5066,"href":"https:\/\/palopalu.com\/en\/wp-json\/wp\/v2\/pages\/1833\/revisions\/5066"}],"wp:attachment":[{"href":"https:\/\/palopalu.com\/en\/wp-json\/wp\/v2\/media?parent=1833"}],"curies":[{"name":"wp","href":"https:\/\/api.w.org\/{rel}","templated":true}]}}