{"id":185,"date":"2018-02-06T09:33:05","date_gmt":"2018-02-06T08:33:05","guid":{"rendered":"http:\/\/demo.harutheme.com\/stber\/?page_id=185"},"modified":"2025-09-30T08:56:26","modified_gmt":"2025-09-30T07:56:26","slug":"proyecto","status":"publish","type":"page","link":"https:\/\/palopalu.com\/en\/proyecto\/","title":{"rendered":"Project"},"content":{"rendered":"<div class=\"wpb-content-wrapper\"><div class=\"vc_row wpb_row vc_row-fluid\"><div class=\"wpb_column vc_column_container vc_col-sm-12\"><div class=\"vc_column-inner\"><div class=\"wpb_wrapper\"><div class=\"vc_row wpb_row vc_inner vc_row-fluid\"><div class=\"wpb_column vc_column_container vc_col-sm-2\"><div class=\"vc_column-inner\"><div class=\"wpb_wrapper\"><div class=\"vc_empty_space\"   style=\"height: 32px\"><span class=\"vc_empty_space_inner\"><\/span><\/div><\/div><\/div><\/div><div class=\"wpb_column vc_column_container vc_col-sm-8\"><div class=\"vc_column-inner\"><div class=\"wpb_wrapper\">\n\t<div class=\"wpb_text_column wpb_content_element about-intro\" >\n\t\t<div class=\"wpb_wrapper\">\n\t\t\t<p align=\"JUSTIFY\">Palopal\u00fa is the brand through which I, Rosal\u00eda, restorer and artisan, present my creations to all of you. It's the place where I bring this project, which excites me so much, to life and where I combine my passion with my artistic knowledge.<\/p>\n\n\t\t<\/div>\n\t<\/div>\n<\/div><\/div><\/div><div class=\"wpb_column vc_column_container vc_col-sm-2\"><div class=\"vc_column-inner\"><div class=\"wpb_wrapper\"><\/div><\/div><\/div><\/div><\/div><\/div><\/div><\/div><div class=\"vc_row wpb_row vc_row-fluid vc_custom_1519268684558\"><div class=\"wpb_column vc_column_container vc_col-sm-12\"><div class=\"vc_column-inner\"><div class=\"wpb_wrapper\"><div class=\"vc_row wpb_row vc_inner vc_row-fluid\"><div class=\"wpb_column vc_column_container vc_col-sm-2\"><div class=\"vc_column-inner\"><div class=\"wpb_wrapper\"><div class=\"vc_empty_space\"   style=\"height: 32px\"><span class=\"vc_empty_space_inner\"><\/span><\/div><\/div><\/div><\/div><div class=\"wpb_column vc_column_container vc_col-sm-8\"><div class=\"vc_column-inner\"><div class=\"wpb_wrapper\">\n\t<div  class=\"wpb_single_image wpb_content_element vc_align_center wpb_content_element\">\n\t\t\n\t\t<figure class=\"wpb_wrapper vc_figure\">\n\t\t\t<div class=\"vc_single_image-wrapper   vc_box_border_grey\"><img loading=\"lazy\" decoding=\"async\" width=\"900\" height=\"1200\" src=\"https:\/\/palopalu.com\/wp-content\/uploads\/2022\/06\/medidorpalopalu-scaled-e1656066186639.jpg\" class=\"vc_single_image-img attachment-full\" alt=\"\" title=\"medidorpalopalu\" srcset=\"https:\/\/palopalu.com\/wp-content\/uploads\/2022\/06\/medidorpalopalu-scaled-e1656066186639.jpg 900w, https:\/\/palopalu.com\/wp-content\/uploads\/2022\/06\/medidorpalopalu-scaled-e1656066186639-225x300.jpg 225w, https:\/\/palopalu.com\/wp-content\/uploads\/2022\/06\/medidorpalopalu-scaled-e1656066186639-768x1024.jpg 768w, https:\/\/palopalu.com\/wp-content\/uploads\/2022\/06\/medidorpalopalu-scaled-e1656066186639-600x800.jpg 600w\" sizes=\"auto, (max-width: 900px) 100vw, 900px\" \/><\/div>\n\t\t<\/figure>\n\t<\/div>\n<\/div><\/div><\/div><div class=\"wpb_column vc_column_container vc_col-sm-2\"><div class=\"vc_column-inner\"><div class=\"wpb_wrapper\"><\/div><\/div><\/div><\/div><\/div><\/div><\/div><\/div><div class=\"vc_row wpb_row vc_row-fluid\"><div class=\"wpb_column vc_column_container vc_col-sm-5\"><div class=\"vc_column-inner\"><div class=\"wpb_wrapper\"><div class=\"vc_row wpb_row vc_inner vc_row-fluid\"><div class=\"wpb_column vc_column_container vc_col-sm-12\"><div class=\"vc_column-inner\"><div class=\"wpb_wrapper\"><h2 style=\"font-size: 34px;text-align: left\" class=\"vc_custom_heading heading_style_2\">Wood, color and creativity<\/h2><\/div><\/div><\/div><div class=\"wpb_column vc_column_container vc_col-sm-12\"><div class=\"vc_column-inner\"><div class=\"wpb_wrapper\">\n\t<div class=\"wpb_text_column wpb_content_element\" >\n\t\t<div class=\"wpb_wrapper\">\n\t\t\t<p align=\"justify\">I chose illustration and color as my medium of expression, and wood as my material support. Full of strength, resilience, and a part of nature, wood is the perfect living, natural medium for all my work.<\/p>\n\n\t\t<\/div>\n\t<\/div>\n<\/div><\/div><\/div><\/div><\/div><\/div><\/div><div class=\"wpb_column vc_column_container vc_col-sm-1\"><div class=\"vc_column-inner\"><div class=\"wpb_wrapper\"><\/div><\/div><\/div><div class=\"wpb_column vc_column_container vc_col-sm-6\"><div class=\"vc_column-inner\"><div class=\"wpb_wrapper\"><div class=\"vc_row wpb_row vc_inner vc_row-fluid\"><div class=\"wpb_column vc_column_container vc_col-sm-12\"><div class=\"vc_column-inner\"><div class=\"wpb_wrapper\">\n\t<div class=\"wpb_text_column wpb_content_element vc_custom_1679250052584\" >\n\t\t<div class=\"wpb_wrapper\">\n\t\t\t<p align=\"justify\">In this social and cultural moment we all live in, one of industrial and dehumanizing production, Palopal\u00fa champions objects made with care and respect for materials. I've made a commitment to detailed, personalized work, with original designs, and I work with the conviction that in my creations you can see the imprint of the hand that once crafted them. I take wood or fabric, extract the shape I'm looking for, add color, and the piece gradually takes shape into something entirely new.<\/p>\n<p align=\"justify\">I work primarily in wood, and this is because wood has always allowed us to imagine, represent, conceive, compose, and play. It allows us to awaken our senses, create stories, and make the need to touch inevitable. No matter how much time passes, this material, wood, will continue to live.<\/p>\n\n\t\t<\/div>\n\t<\/div>\n<\/div><\/div><\/div><\/div><\/div><\/div><\/div><div class=\"wpb_column vc_column_container vc_col-sm-12\"><div class=\"vc_column-inner\"><div class=\"wpb_wrapper\"><\/div><\/div><\/div><\/div><div class=\"vc_row wpb_row vc_row-fluid vc_custom_1519270776426\"><div class=\"wpb_column vc_column_container vc_col-sm-6\"><div class=\"vc_column-inner\"><div class=\"wpb_wrapper\"><div class=\"vc_row wpb_row vc_inner vc_row-fluid\"><div class=\"wpb_column vc_column_container vc_col-sm-12\"><div class=\"vc_column-inner\"><div class=\"wpb_wrapper\">\n\t<div  class=\"wpb_single_image wpb_content_element vc_align_left wpb_content_element\">\n\t\t\n\t\t<figure class=\"wpb_wrapper vc_figure\">\n\t\t\t<div class=\"vc_single_image-wrapper   vc_box_border_grey\"><img loading=\"lazy\" decoding=\"async\" width=\"470\" height=\"650\" src=\"https:\/\/palopalu.com\/wp-content\/uploads\/2019\/02\/nosotras-4.jpg\" class=\"vc_single_image-img attachment-full\" alt=\"\" title=\"nosotras-4\" srcset=\"https:\/\/palopalu.com\/wp-content\/uploads\/2019\/02\/nosotras-4.jpg 470w, https:\/\/palopalu.com\/wp-content\/uploads\/2019\/02\/nosotras-4-217x300.jpg 217w\" sizes=\"auto, (max-width: 470px) 100vw, 470px\" \/><\/div>\n\t\t<\/figure>\n\t<\/div>\n<\/div><\/div><\/div><\/div><\/div><\/div><\/div><div class=\"wpb_column vc_column_container vc_col-sm-6\"><div class=\"vc_column-inner\"><div class=\"wpb_wrapper\"><div class=\"vc_row wpb_row vc_inner vc_row-fluid\"><div class=\"wpb_column vc_column_container vc_col-sm-12\"><div class=\"vc_column-inner\"><div class=\"wpb_wrapper\">\n\t<div  class=\"wpb_single_image wpb_content_element vc_align_center wpb_content_element vc_custom_1656066640533\">\n\t\t\n\t\t<figure class=\"wpb_wrapper vc_figure\">\n\t\t\t<div class=\"vc_single_image-wrapper   vc_box_border_grey\"><img loading=\"lazy\" decoding=\"async\" width=\"470\" height=\"650\" src=\"https:\/\/palopalu.com\/wp-content\/uploads\/2019\/02\/nosotras-2.jpg\" class=\"vc_single_image-img attachment-full\" alt=\"\" title=\"nosotras-2\" srcset=\"https:\/\/palopalu.com\/wp-content\/uploads\/2019\/02\/nosotras-2.jpg 470w, https:\/\/palopalu.com\/wp-content\/uploads\/2019\/02\/nosotras-2-217x300.jpg 217w\" sizes=\"auto, (max-width: 470px) 100vw, 470px\" \/><\/div>\n\t\t<\/figure>\n\t<\/div>\n<\/div><\/div><\/div><\/div><\/div><\/div><\/div><\/div><div class=\"vc_row wpb_row vc_row-fluid\"><div class=\"wpb_column vc_column_container vc_col-sm-12\"><div class=\"vc_column-inner\"><div class=\"wpb_wrapper\"><div class=\"vc_empty_space\"   style=\"height: 32px\"><span class=\"vc_empty_space_inner\"><\/span><\/div><div class=\"vc_row wpb_row vc_inner vc_row-fluid\"><div class=\"wpb_column vc_column_container vc_col-sm-2\"><div class=\"vc_column-inner\"><div class=\"wpb_wrapper\"><div class=\"vc_empty_space\"   style=\"height: 32px\"><span class=\"vc_empty_space_inner\"><\/span><\/div><\/div><\/div><\/div><div class=\"wpb_column vc_column_container vc_col-sm-8\"><div class=\"vc_column-inner\"><div class=\"wpb_wrapper\">\n\t<div class=\"wpb_text_column wpb_content_element about-intro\" >\n\t\t<div class=\"wpb_wrapper\">\n\t\t\t<p>I invite you to see the results of my work and share your suggestions with me.<\/p>\n\n\t\t<\/div>\n\t<\/div>\n<div class=\"button_style_3 vc_btn3-container vc_btn3-center\" >\n\t<a class=\"vc_general vc_btn3 vc_btn3-size-md vc_btn3-shape-rounded vc_btn3-style-modern vc_btn3-color-grey\" href=\"https:\/\/palopalu.com\/en\/tienda\/\" title=\"Shop\">DISCOVER OUR DESIGNS<\/a><\/div>\n<\/div><\/div><\/div><div class=\"wpb_column vc_column_container vc_col-sm-2\"><div class=\"vc_column-inner\"><div class=\"wpb_wrapper\"><\/div><\/div><\/div><\/div><\/div><\/div><\/div><\/div><div class=\"vc_row wpb_row vc_row-fluid\"><div class=\"wpb_column vc_column_container vc_col-sm-12\"><div class=\"vc_column-inner\"><div class=\"wpb_wrapper\"><div class=\"vc_empty_space\"   style=\"height: 32px\"><span class=\"vc_empty_space_inner\"><\/span><\/div><\/div><\/div><\/div><\/div>\n<\/div>","protected":false},"excerpt":{"rendered":"Palopal\u00fa es la marca con la que yo, Rosal\u00eda, restauradora y artesana, presento mis creaciones a todos vosotros. El lugar donde doy vida a este proyecto que tanto me ilusiona y donde uno mi pasi\u00f3n con mis conocimientos art\u00edsticos. Madera, color y creatividad Eleg\u00ed la ilustraci\u00f3n y el color como medio para expresar y la [...]","protected":false},"author":1,"featured_media":0,"parent":0,"menu_order":0,"comment_status":"closed","ping_status":"closed","template":"","meta":{"footnotes":""},"class_list":["post-185","page","type-page","status-publish","hentry","clearfix"],"yoast_head":"<!-- This site is optimized with the Yoast SEO plugin v27.5 - https:\/\/yoast.com\/product\/yoast-seo-wordpress\/ -->\n<title>Palopal\u00fa \u2022 Proyecto: Rosal\u00eda Fern\u00e1ndez, restauradora y artesana.<\/title>\n<meta name=\"description\" content=\"Eleg\u00ed la ilustraci\u00f3n como medio y la madera como soporte, y reivindico el objeto artesano, hecho a mano, con mimo y para toda la vida.\" \/>\n<meta name=\"robots\" content=\"index, follow, max-snippet:-1, max-image-preview:large, max-video-preview:-1\" \/>\n<link rel=\"canonical\" href=\"https:\/\/palopalu.com\/en\/proyecto\/\" \/>\n<meta property=\"og:locale\" content=\"en_GB\" \/>\n<meta property=\"og:type\" content=\"article\" \/>\n<meta property=\"og:title\" content=\"Palopal\u00fa \u2022 Proyecto: Rosal\u00eda Fern\u00e1ndez, restauradora y artesana.\" \/>\n<meta property=\"og:description\" content=\"Eleg\u00ed la ilustraci\u00f3n como medio y la madera como soporte, y reivindico el objeto artesano, hecho a mano, con mimo y para toda la vida.\" \/>\n<meta property=\"og:url\" content=\"https:\/\/palopalu.com\/en\/proyecto\/\" \/>\n<meta property=\"og:site_name\" content=\"Palopal\u00fa\" \/>\n<meta property=\"article:publisher\" content=\"https:\/\/www.facebook.com\/palopalupalopalu\" \/>\n<meta property=\"article:modified_time\" content=\"2025-09-30T07:56:26+00:00\" \/>\n<meta name=\"twitter:card\" content=\"summary_large_image\" \/>\n<meta name=\"twitter:label1\" content=\"Estimated reading time\" \/>\n\t<meta name=\"twitter:data1\" content=\"2 minutes\" \/>\n<script type=\"application\/ld+json\" class=\"yoast-schema-graph\">{\"@context\":\"https:\\\/\\\/schema.org\",\"@graph\":[{\"@type\":\"WebPage\",\"@id\":\"https:\\\/\\\/palopalu.com\\\/proyecto\\\/\",\"url\":\"https:\\\/\\\/palopalu.com\\\/proyecto\\\/\",\"name\":\"Palopal\u00fa \u2022 Proyecto: Rosal\u00eda Fern\u00e1ndez, restauradora y artesana.\",\"isPartOf\":{\"@id\":\"https:\\\/\\\/palopalu.com\\\/#website\"},\"datePublished\":\"2018-02-06T08:33:05+00:00\",\"dateModified\":\"2025-09-30T07:56:26+00:00\",\"description\":\"Eleg\u00ed la ilustraci\u00f3n como medio y la madera como soporte, y reivindico el objeto artesano, hecho a mano, con mimo y para toda la vida.\",\"breadcrumb\":{\"@id\":\"https:\\\/\\\/palopalu.com\\\/proyecto\\\/#breadcrumb\"},\"inLanguage\":\"en-GB\",\"potentialAction\":[{\"@type\":\"ReadAction\",\"target\":[\"https:\\\/\\\/palopalu.com\\\/proyecto\\\/\"]}]},{\"@type\":\"BreadcrumbList\",\"@id\":\"https:\\\/\\\/palopalu.com\\\/proyecto\\\/#breadcrumb\",\"itemListElement\":[{\"@type\":\"ListItem\",\"position\":1,\"name\":\"Portada\",\"item\":\"https:\\\/\\\/palopalu.com\\\/\"},{\"@type\":\"ListItem\",\"position\":2,\"name\":\"Proyecto\"}]},{\"@type\":\"WebSite\",\"@id\":\"https:\\\/\\\/palopalu.com\\\/#website\",\"url\":\"https:\\\/\\\/palopalu.com\\\/\",\"name\":\"Palopal\u00fa\",\"description\":\"Juguetes, decoraci\u00f3n y objetos personalizados en madera\",\"publisher\":{\"@id\":\"https:\\\/\\\/palopalu.com\\\/#organization\"},\"potentialAction\":[{\"@type\":\"SearchAction\",\"target\":{\"@type\":\"EntryPoint\",\"urlTemplate\":\"https:\\\/\\\/palopalu.com\\\/?s={search_term_string}\"},\"query-input\":{\"@type\":\"PropertyValueSpecification\",\"valueRequired\":true,\"valueName\":\"search_term_string\"}}],\"inLanguage\":\"en-GB\"},{\"@type\":\"Organization\",\"@id\":\"https:\\\/\\\/palopalu.com\\\/#organization\",\"name\":\"Palopal\u00fa\",\"url\":\"https:\\\/\\\/palopalu.com\\\/\",\"logo\":{\"@type\":\"ImageObject\",\"inLanguage\":\"en-GB\",\"@id\":\"https:\\\/\\\/palopalu.com\\\/#\\\/schema\\\/logo\\\/image\\\/\",\"url\":\"https:\\\/\\\/palopalu.com\\\/wp-content\\\/uploads\\\/2019\\\/02\\\/logo-palopalu.png\",\"contentUrl\":\"https:\\\/\\\/palopalu.com\\\/wp-content\\\/uploads\\\/2019\\\/02\\\/logo-palopalu.png\",\"width\":125,\"height\":30,\"caption\":\"Palopal\u00fa\"},\"image\":{\"@id\":\"https:\\\/\\\/palopalu.com\\\/#\\\/schema\\\/logo\\\/image\\\/\"},\"sameAs\":[\"https:\\\/\\\/www.facebook.com\\\/palopalupalopalu\",\"https:\\\/\\\/www.instagram.com\\\/palopalu\"]}]}<\/script>\n<!-- \/ Yoast SEO plugin. -->","yoast_head_json":{"title":"Palopal\u00fa \u2022 Proyecto: Rosal\u00eda Fern\u00e1ndez, restauradora y artesana.","description":"Eleg\u00ed la ilustraci\u00f3n como medio y la madera como soporte, y reivindico el objeto artesano, hecho a mano, con mimo y para toda la vida.","robots":{"index":"index","follow":"follow","max-snippet":"max-snippet:-1","max-image-preview":"max-image-preview:large","max-video-preview":"max-video-preview:-1"},"canonical":"https:\/\/palopalu.com\/en\/proyecto\/","og_locale":"en_GB","og_type":"article","og_title":"Palopal\u00fa \u2022 Proyecto: Rosal\u00eda Fern\u00e1ndez, restauradora y artesana.","og_description":"Eleg\u00ed la ilustraci\u00f3n como medio y la madera como soporte, y reivindico el objeto artesano, hecho a mano, con mimo y para toda la vida.","og_url":"https:\/\/palopalu.com\/en\/proyecto\/","og_site_name":"Palopal\u00fa","article_publisher":"https:\/\/www.facebook.com\/palopalupalopalu","article_modified_time":"2025-09-30T07:56:26+00:00","twitter_card":"summary_large_image","twitter_misc":{"Estimated reading time":"2 minutes"},"schema":{"@context":"https:\/\/schema.org","@graph":[{"@type":"WebPage","@id":"https:\/\/palopalu.com\/proyecto\/","url":"https:\/\/palopalu.com\/proyecto\/","name":"Palopal\u00fa \u2022 Proyecto: Rosal\u00eda Fern\u00e1ndez, restauradora y artesana.","isPartOf":{"@id":"https:\/\/palopalu.com\/#website"},"datePublished":"2018-02-06T08:33:05+00:00","dateModified":"2025-09-30T07:56:26+00:00","description":"Eleg\u00ed la ilustraci\u00f3n como medio y la madera como soporte, y reivindico el objeto artesano, hecho a mano, con mimo y para toda la vida.","breadcrumb":{"@id":"https:\/\/palopalu.com\/proyecto\/#breadcrumb"},"inLanguage":"en-GB","potentialAction":[{"@type":"ReadAction","target":["https:\/\/palopalu.com\/proyecto\/"]}]},{"@type":"BreadcrumbList","@id":"https:\/\/palopalu.com\/proyecto\/#breadcrumb","itemListElement":[{"@type":"ListItem","position":1,"name":"Portada","item":"https:\/\/palopalu.com\/"},{"@type":"ListItem","position":2,"name":"Proyecto"}]},{"@type":"WebSite","@id":"https:\/\/palopalu.com\/#website","url":"https:\/\/palopalu.com\/","name":"Palopal\u00fa","description":"Juguetes, decoraci\u00f3n y objetos personalizados en madera","publisher":{"@id":"https:\/\/palopalu.com\/#organization"},"potentialAction":[{"@type":"SearchAction","target":{"@type":"EntryPoint","urlTemplate":"https:\/\/palopalu.com\/?s={search_term_string}"},"query-input":{"@type":"PropertyValueSpecification","valueRequired":true,"valueName":"search_term_string"}}],"inLanguage":"en-GB"},{"@type":"Organization","@id":"https:\/\/palopalu.com\/#organization","name":"Palopal\u00fa","url":"https:\/\/palopalu.com\/","logo":{"@type":"ImageObject","inLanguage":"en-GB","@id":"https:\/\/palopalu.com\/#\/schema\/logo\/image\/","url":"https:\/\/palopalu.com\/wp-content\/uploads\/2019\/02\/logo-palopalu.png","contentUrl":"https:\/\/palopalu.com\/wp-content\/uploads\/2019\/02\/logo-palopalu.png","width":125,"height":30,"caption":"Palopal\u00fa"},"image":{"@id":"https:\/\/palopalu.com\/#\/schema\/logo\/image\/"},"sameAs":["https:\/\/www.facebook.com\/palopalupalopalu","https:\/\/www.instagram.com\/palopalu"]}]}},"_links":{"self":[{"href":"https:\/\/palopalu.com\/en\/wp-json\/wp\/v2\/pages\/185","targetHints":{"allow":["GET"]}}],"collection":[{"href":"https:\/\/palopalu.com\/en\/wp-json\/wp\/v2\/pages"}],"about":[{"href":"https:\/\/palopalu.com\/en\/wp-json\/wp\/v2\/types\/page"}],"author":[{"embeddable":true,"href":"https:\/\/palopalu.com\/en\/wp-json\/wp\/v2\/users\/1"}],"replies":[{"embeddable":true,"href":"https:\/\/palopalu.com\/en\/wp-json\/wp\/v2\/comments?post=185"}],"version-history":[{"count":43,"href":"https:\/\/palopalu.com\/en\/wp-json\/wp\/v2\/pages\/185\/revisions"}],"predecessor-version":[{"id":6044,"href":"https:\/\/palopalu.com\/en\/wp-json\/wp\/v2\/pages\/185\/revisions\/6044"}],"wp:attachment":[{"href":"https:\/\/palopalu.com\/en\/wp-json\/wp\/v2\/media?parent=185"}],"curies":[{"name":"wp","href":"https:\/\/api.w.org\/{rel}","templated":true}]}}