{"id":1851,"date":"2019-03-19T17:03:33","date_gmt":"2019-03-19T16:03:33","guid":{"rendered":"https:\/\/palopalu.com\/?page_id=1851"},"modified":"2019-03-19T17:19:39","modified_gmt":"2019-03-19T16:19:39","slug":"pago-seguro","status":"publish","type":"page","link":"https:\/\/palopalu.com\/en\/pago-seguro\/","title":{"rendered":"Secure Payment"},"content":{"rendered":"<div class=\"wpb-content-wrapper\"><div class=\"vc_row wpb_row vc_row-fluid\"><div class=\"wpb_column vc_column_container vc_col-sm-12\"><div class=\"vc_column-inner\"><div class=\"wpb_wrapper\"><div class=\"vc_row wpb_row vc_inner vc_row-fluid vc_custom_1553001095400\"><div class=\"wpb_column vc_column_container vc_col-sm-2\"><div class=\"vc_column-inner\"><div class=\"wpb_wrapper\"><\/div><\/div><\/div><div class=\"wpb_column vc_column_container vc_col-sm-1\"><div class=\"vc_column-inner\"><div class=\"wpb_wrapper\"><\/div><\/div><\/div><div class=\"wpb_column vc_column_container vc_col-sm-6\"><div class=\"vc_column-inner\"><div class=\"wpb_wrapper\"><h2 style=\"font-size: 34px;text-align: left\" class=\"vc_custom_heading vc_custom_1553011490277 heading_style_1\">Seguridad web<\/h2>\n\t<div class=\"wpb_text_column wpb_content_element\" >\n\t\t<div class=\"wpb_wrapper\">\n\t\t\t<p>Para asegurarnos de que tu compra es segura, Palopal\u00fa utiliza la tecnolog\u00eda Secure Socket Layer (SSL). \u00c9sta encripta los datos que se env\u00edan por internet para protegerlos.<\/p>\n<p>Puedes comprobar que el <strong>SSL<\/strong> est\u00e1 activado por el candado que aparecer\u00e1 en la parte superior del navegador, junto a la barra de direcciones. Pulsando en el mismo se muestra la informaci\u00f3n relativa al registro del certificado digital.\u00a0 Igualmente, en la barra de direcciones la direcci\u00f3n de la web (URL) habr\u00e1 cambiado de \u2018http\u2019 a \u2018<strong>https<\/strong>\u2019. Esa letra S (de secure, en ingl\u00e9s) significa que la sesi\u00f3n es segura y la informaci\u00f3n viaja por la red cifrada.<\/p>\n<p>Palopal\u00fa est\u00e1 registrada con Let\u2019s Encript, que nos certifica como sitio de confianza online.<\/p>\n\n\t\t<\/div>\n\t<\/div>\n<\/div><\/div><\/div><div class=\"wpb_column vc_column_container vc_col-sm-3\"><div class=\"vc_column-inner\"><div class=\"wpb_wrapper\"><\/div><\/div><\/div><\/div><div class=\"vc_row wpb_row vc_inner vc_row-fluid vc_custom_1553001095400\"><div class=\"wpb_column vc_column_container vc_col-sm-2\"><div class=\"vc_column-inner\"><div class=\"wpb_wrapper\"><\/div><\/div><\/div><div class=\"wpb_column vc_column_container vc_col-sm-1\"><div class=\"vc_column-inner\"><div class=\"wpb_wrapper\"><\/div><\/div><\/div><div class=\"wpb_column vc_column_container vc_col-sm-6\"><div class=\"vc_column-inner\"><div class=\"wpb_wrapper\"><h2 style=\"font-size: 34px;text-align: left\" class=\"vc_custom_heading vc_custom_1553011542527 heading_style_1\">Seguridad de tus datos bancarios<\/h2>\n\t<div class=\"wpb_text_column wpb_content_element\" >\n\t\t<div class=\"wpb_wrapper\">\n\t\t\t<p>Cualquiera que sea la forma elegida, Palopal\u00fa\u00a0ni almacena ni recibe tus datos bancarios ni tus tarjetas de cr\u00e9dito, porque la transacci\u00f3n se realiza fuera de nuestra web. Cuando se procede a realizar el pago, ver\u00e1s que eres transferido a la <strong>pasarela de pago segura de Paypal, o a la de Redsys<\/strong>\u00a0si seleccionaste pago con tarjeta de cr\u00e9dito.\u00a0Estas pasarelas de las entidades bancarias, al igual que Palopal\u00fa, son p\u00e1ginas seguras que env\u00edan los datos por la red de forma cifrada, lo que puedes comprobar en las direcciones que comienzan con https.<\/p>\n<p>Al terminar tu pedido satisfactoriamente, recibir\u00e1s un email de confirmaci\u00f3n en tu bandeja de correo electr\u00f3nico.<\/p>\n\n\t\t<\/div>\n\t<\/div>\n<\/div><\/div><\/div><div class=\"wpb_column vc_column_container vc_col-sm-3\"><div class=\"vc_column-inner\"><div class=\"wpb_wrapper\"><\/div><\/div><\/div><\/div><div class=\"vc_row wpb_row vc_inner vc_row-fluid vc_custom_1553001095400\"><div class=\"wpb_column vc_column_container vc_col-sm-2\"><div class=\"vc_column-inner\"><div class=\"wpb_wrapper\"><\/div><\/div><\/div><div class=\"wpb_column vc_column_container vc_col-sm-1\"><div class=\"vc_column-inner\"><div class=\"wpb_wrapper\"><\/div><\/div><\/div><div class=\"wpb_column vc_column_container vc_col-sm-6\"><div class=\"vc_column-inner\"><div class=\"wpb_wrapper\"><h2 style=\"font-size: 34px;text-align: left\" class=\"vc_custom_heading vc_custom_1553011751634 heading_style_1\">Nuestras formas de pago<\/h2><\/div><\/div><\/div><div class=\"wpb_column vc_column_container vc_col-sm-3\"><div class=\"vc_column-inner\"><div class=\"wpb_wrapper\"><\/div><\/div><\/div><\/div><div class=\"vc_row wpb_row vc_inner vc_row-fluid vc_custom_1553001095400\"><div class=\"wpb_column vc_column_container vc_col-sm-2\"><div class=\"vc_column-inner\"><div class=\"wpb_wrapper\"><h2 style=\"font-size: 24px;text-align: left\" class=\"vc_custom_heading vc_custom_1553011777674 heading_style_1\">Tarjetas de cr\u00e9dito<\/h2><\/div><\/div><\/div><div class=\"wpb_column vc_column_container vc_col-sm-1\"><div class=\"vc_column-inner\"><div class=\"wpb_wrapper\"><\/div><\/div><\/div><div class=\"wpb_column vc_column_container vc_col-sm-6\"><div class=\"vc_column-inner\"><div class=\"wpb_wrapper\">\n\t<div class=\"wpb_text_column wpb_content_element\" >\n\t\t<div class=\"wpb_wrapper\">\n\t\t\t<p>Puedes pagar con tarjetas Visa, MasterCard, Maestro y American Express. Tambi\u00e9n aceptamos pagos con cuentas de Paypal.<\/p>\n\n\t\t<\/div>\n\t<\/div>\n<\/div><\/div><\/div><div class=\"wpb_column vc_column_container vc_col-sm-3\"><div class=\"vc_column-inner\"><div class=\"wpb_wrapper\"><\/div><\/div><\/div><\/div><div class=\"vc_row wpb_row vc_inner vc_row-fluid vc_custom_1553001095400\"><div class=\"wpb_column vc_column_container vc_col-sm-2\"><div class=\"vc_column-inner\"><div class=\"wpb_wrapper\"><h2 style=\"font-size: 24px;text-align: left\" class=\"vc_custom_heading vc_custom_1553011777674 heading_style_1\">Tarjetas de cr\u00e9dito<\/h2><\/div><\/div><\/div><div class=\"wpb_column vc_column_container vc_col-sm-1\"><div class=\"vc_column-inner\"><div class=\"wpb_wrapper\"><\/div><\/div><\/div><div class=\"wpb_column vc_column_container vc_col-sm-6\"><div class=\"vc_column-inner\"><div class=\"wpb_wrapper\">\n\t<div class=\"wpb_text_column wpb_content_element\" >\n\t\t<div class=\"wpb_wrapper\">\n\t\t\t<p>A nuestra cuenta profesional Palopal\u00fa S. Coop. Peque\u00f1a:<\/p>\n<p><strong>Laboral Kutxa IBAN:<\/strong> ES94 3035 0134 47 1340054715<\/p>\n<p>Si eliges esta opci\u00f3n, no olvides indicarnos en el concepto de la transferencia tu\u00a0n\u00famero de pedido para que podamos identificar que es la tuya. Enviaremos el pedido cuando recibamos tu confirmaci\u00f3n de pago. Si no lo recibimos en 5 d\u00edas, tendremos que anular el pedido.<\/p>\n\n\t\t<\/div>\n\t<\/div>\n<\/div><\/div><\/div><div class=\"wpb_column vc_column_container vc_col-sm-3\"><div class=\"vc_column-inner\"><div class=\"wpb_wrapper\"><\/div><\/div><\/div><\/div><\/div><\/div><\/div><\/div>\n<\/div>","protected":false},"excerpt":{"rendered":"Seguridad web Para asegurarnos de que tu compra es segura, Palopal\u00fa utiliza la tecnolog\u00eda Secure Socket Layer (SSL). \u00c9sta encripta los datos que se env\u00edan por internet para protegerlos. Puedes comprobar que el SSL est\u00e1 activado por el candado que aparecer\u00e1 en la parte superior del navegador, junto a la barra de direcciones. Pulsando en [...]","protected":false},"author":1,"featured_media":0,"parent":0,"menu_order":0,"comment_status":"closed","ping_status":"closed","template":"","meta":{"footnotes":""},"class_list":["post-1851","page","type-page","status-publish","hentry","clearfix"],"yoast_head":"<!-- This site is optimized with the Yoast SEO plugin v27.5 - https:\/\/yoast.com\/product\/yoast-seo-wordpress\/ -->\n<title>Pago seguro &#8226; Palopal\u00fa<\/title>\n<meta name=\"robots\" content=\"index, follow, max-snippet:-1, max-image-preview:large, max-video-preview:-1\" \/>\n<link rel=\"canonical\" href=\"https:\/\/palopalu.com\/en\/pago-seguro\/\" \/>\n<meta property=\"og:locale\" content=\"en_GB\" \/>\n<meta property=\"og:type\" content=\"article\" \/>\n<meta property=\"og:title\" content=\"Pago seguro &#8226; Palopal\u00fa\" \/>\n<meta property=\"og:url\" content=\"https:\/\/palopalu.com\/en\/pago-seguro\/\" \/>\n<meta property=\"og:site_name\" content=\"Palopal\u00fa\" \/>\n<meta property=\"article:publisher\" content=\"https:\/\/www.facebook.com\/palopalupalopalu\" \/>\n<meta property=\"article:modified_time\" content=\"2019-03-19T16:19:39+00:00\" \/>\n<meta name=\"twitter:card\" content=\"summary_large_image\" \/>\n<meta name=\"twitter:label1\" content=\"Estimated reading time\" \/>\n\t<meta name=\"twitter:data1\" content=\"4 minutes\" \/>\n<script type=\"application\/ld+json\" class=\"yoast-schema-graph\">{\"@context\":\"https:\\\/\\\/schema.org\",\"@graph\":[{\"@type\":\"WebPage\",\"@id\":\"https:\\\/\\\/palopalu.com\\\/pago-seguro\\\/\",\"url\":\"https:\\\/\\\/palopalu.com\\\/pago-seguro\\\/\",\"name\":\"Pago seguro &#8226; Palopal\u00fa\",\"isPartOf\":{\"@id\":\"https:\\\/\\\/palopalu.com\\\/#website\"},\"datePublished\":\"2019-03-19T16:03:33+00:00\",\"dateModified\":\"2019-03-19T16:19:39+00:00\",\"breadcrumb\":{\"@id\":\"https:\\\/\\\/palopalu.com\\\/pago-seguro\\\/#breadcrumb\"},\"inLanguage\":\"en-GB\",\"potentialAction\":[{\"@type\":\"ReadAction\",\"target\":[\"https:\\\/\\\/palopalu.com\\\/pago-seguro\\\/\"]}]},{\"@type\":\"BreadcrumbList\",\"@id\":\"https:\\\/\\\/palopalu.com\\\/pago-seguro\\\/#breadcrumb\",\"itemListElement\":[{\"@type\":\"ListItem\",\"position\":1,\"name\":\"Portada\",\"item\":\"https:\\\/\\\/palopalu.com\\\/\"},{\"@type\":\"ListItem\",\"position\":2,\"name\":\"Pago seguro\"}]},{\"@type\":\"WebSite\",\"@id\":\"https:\\\/\\\/palopalu.com\\\/#website\",\"url\":\"https:\\\/\\\/palopalu.com\\\/\",\"name\":\"Palopal\u00fa\",\"description\":\"Juguetes, decoraci\u00f3n y objetos personalizados en madera\",\"publisher\":{\"@id\":\"https:\\\/\\\/palopalu.com\\\/#organization\"},\"potentialAction\":[{\"@type\":\"SearchAction\",\"target\":{\"@type\":\"EntryPoint\",\"urlTemplate\":\"https:\\\/\\\/palopalu.com\\\/?s={search_term_string}\"},\"query-input\":{\"@type\":\"PropertyValueSpecification\",\"valueRequired\":true,\"valueName\":\"search_term_string\"}}],\"inLanguage\":\"en-GB\"},{\"@type\":\"Organization\",\"@id\":\"https:\\\/\\\/palopalu.com\\\/#organization\",\"name\":\"Palopal\u00fa\",\"url\":\"https:\\\/\\\/palopalu.com\\\/\",\"logo\":{\"@type\":\"ImageObject\",\"inLanguage\":\"en-GB\",\"@id\":\"https:\\\/\\\/palopalu.com\\\/#\\\/schema\\\/logo\\\/image\\\/\",\"url\":\"https:\\\/\\\/palopalu.com\\\/wp-content\\\/uploads\\\/2019\\\/02\\\/logo-palopalu.png\",\"contentUrl\":\"https:\\\/\\\/palopalu.com\\\/wp-content\\\/uploads\\\/2019\\\/02\\\/logo-palopalu.png\",\"width\":125,\"height\":30,\"caption\":\"Palopal\u00fa\"},\"image\":{\"@id\":\"https:\\\/\\\/palopalu.com\\\/#\\\/schema\\\/logo\\\/image\\\/\"},\"sameAs\":[\"https:\\\/\\\/www.facebook.com\\\/palopalupalopalu\",\"https:\\\/\\\/www.instagram.com\\\/palopalu\"]}]}<\/script>\n<!-- \/ Yoast SEO plugin. -->","yoast_head_json":{"title":"Pago seguro &#8226; Palopal\u00fa","robots":{"index":"index","follow":"follow","max-snippet":"max-snippet:-1","max-image-preview":"max-image-preview:large","max-video-preview":"max-video-preview:-1"},"canonical":"https:\/\/palopalu.com\/en\/pago-seguro\/","og_locale":"en_GB","og_type":"article","og_title":"Pago seguro &#8226; Palopal\u00fa","og_url":"https:\/\/palopalu.com\/en\/pago-seguro\/","og_site_name":"Palopal\u00fa","article_publisher":"https:\/\/www.facebook.com\/palopalupalopalu","article_modified_time":"2019-03-19T16:19:39+00:00","twitter_card":"summary_large_image","twitter_misc":{"Estimated reading time":"4 minutes"},"schema":{"@context":"https:\/\/schema.org","@graph":[{"@type":"WebPage","@id":"https:\/\/palopalu.com\/pago-seguro\/","url":"https:\/\/palopalu.com\/pago-seguro\/","name":"Pago seguro &#8226; Palopal\u00fa","isPartOf":{"@id":"https:\/\/palopalu.com\/#website"},"datePublished":"2019-03-19T16:03:33+00:00","dateModified":"2019-03-19T16:19:39+00:00","breadcrumb":{"@id":"https:\/\/palopalu.com\/pago-seguro\/#breadcrumb"},"inLanguage":"en-GB","potentialAction":[{"@type":"ReadAction","target":["https:\/\/palopalu.com\/pago-seguro\/"]}]},{"@type":"BreadcrumbList","@id":"https:\/\/palopalu.com\/pago-seguro\/#breadcrumb","itemListElement":[{"@type":"ListItem","position":1,"name":"Portada","item":"https:\/\/palopalu.com\/"},{"@type":"ListItem","position":2,"name":"Pago seguro"}]},{"@type":"WebSite","@id":"https:\/\/palopalu.com\/#website","url":"https:\/\/palopalu.com\/","name":"Palopal\u00fa","description":"Juguetes, decoraci\u00f3n y objetos personalizados en madera","publisher":{"@id":"https:\/\/palopalu.com\/#organization"},"potentialAction":[{"@type":"SearchAction","target":{"@type":"EntryPoint","urlTemplate":"https:\/\/palopalu.com\/?s={search_term_string}"},"query-input":{"@type":"PropertyValueSpecification","valueRequired":true,"valueName":"search_term_string"}}],"inLanguage":"en-GB"},{"@type":"Organization","@id":"https:\/\/palopalu.com\/#organization","name":"Palopal\u00fa","url":"https:\/\/palopalu.com\/","logo":{"@type":"ImageObject","inLanguage":"en-GB","@id":"https:\/\/palopalu.com\/#\/schema\/logo\/image\/","url":"https:\/\/palopalu.com\/wp-content\/uploads\/2019\/02\/logo-palopalu.png","contentUrl":"https:\/\/palopalu.com\/wp-content\/uploads\/2019\/02\/logo-palopalu.png","width":125,"height":30,"caption":"Palopal\u00fa"},"image":{"@id":"https:\/\/palopalu.com\/#\/schema\/logo\/image\/"},"sameAs":["https:\/\/www.facebook.com\/palopalupalopalu","https:\/\/www.instagram.com\/palopalu"]}]}},"_links":{"self":[{"href":"https:\/\/palopalu.com\/en\/wp-json\/wp\/v2\/pages\/1851","targetHints":{"allow":["GET"]}}],"collection":[{"href":"https:\/\/palopalu.com\/en\/wp-json\/wp\/v2\/pages"}],"about":[{"href":"https:\/\/palopalu.com\/en\/wp-json\/wp\/v2\/types\/page"}],"author":[{"embeddable":true,"href":"https:\/\/palopalu.com\/en\/wp-json\/wp\/v2\/users\/1"}],"replies":[{"embeddable":true,"href":"https:\/\/palopalu.com\/en\/wp-json\/wp\/v2\/comments?post=1851"}],"version-history":[{"count":7,"href":"https:\/\/palopalu.com\/en\/wp-json\/wp\/v2\/pages\/1851\/revisions"}],"predecessor-version":[{"id":1858,"href":"https:\/\/palopalu.com\/en\/wp-json\/wp\/v2\/pages\/1851\/revisions\/1858"}],"wp:attachment":[{"href":"https:\/\/palopalu.com\/en\/wp-json\/wp\/v2\/media?parent=1851"}],"curies":[{"name":"wp","href":"https:\/\/api.w.org\/{rel}","templated":true}]}}