{"id":2077,"date":"2019-09-29T19:23:35","date_gmt":"2019-09-29T18:23:35","guid":{"rendered":"https:\/\/palopalu.com\/?page_id=2077"},"modified":"2022-06-24T12:55:41","modified_gmt":"2022-06-24T11:55:41","slug":"puzzles","status":"publish","type":"page","link":"https:\/\/palopalu.com\/en\/puzzles\/","title":{"rendered":"Personalized puzzles"},"content":{"rendered":"<div class=\"wpb-content-wrapper\"><div class=\"vc_row wpb_row vc_row-fluid\"><div class=\"wpb_column vc_column_container vc_col-sm-2\"><div class=\"vc_column-inner\"><div class=\"wpb_wrapper\"><\/div><\/div><\/div><div class=\"wpb_column vc_column_container vc_col-sm-8\"><div class=\"vc_column-inner\"><div class=\"wpb_wrapper\"><div class=\"vc_row wpb_row vc_inner vc_row-fluid\"><div class=\"wpb_column vc_column_container vc_col-sm-12\"><div class=\"vc_column-inner\"><div class=\"wpb_wrapper\">\n\t<div class=\"wpb_text_column wpb_content_element vc_custom_1656071704320\" >\n\t\t<div class=\"wpb_wrapper\">\n\t\t\t<p class=\"western\"><span style=\"font-family: Century Gothic, sans-serif;\">At Palopal\u00fa, we give you the opportunity to take your favorite photographs off the usual medium\u2014paper\u2014and adapt them to wood in a unique and highly original way. <\/span><\/p>\n<p class=\"western\"><span style=\"font-family: Century Gothic, sans-serif;\">A very personal and special gift made by hand. <strong>You just have to follow the following steps:<\/strong><\/span><\/p>\n<ol>\n<li class=\"western\"><span style=\"font-family: Century Gothic, sans-serif;\">Send your photo to<strong> <a href=\"mailto:info@palopalu.com\">info@palopalu.com<\/a><\/strong> indicating which option you prefer<\/span><\/li>\n<li class=\"western\"><span style=\"font-family: Century Gothic, sans-serif;\">We create your puzzle or photograph in wood<\/span><\/li>\n<li class=\"western\"><span style=\"font-family: Century Gothic, sans-serif;\">You will receive your order in one week!<\/span><\/li>\n<\/ol>\n\n\t\t<\/div>\n\t<\/div>\n<div class=\"vc_empty_space\"   style=\"height: 32px\"><span class=\"vc_empty_space_inner\"><\/span><\/div><div class=\"button_style_1 vc_btn3-container vc_btn3-center\" >\n\t<a class=\"vc_general vc_btn3 vc_btn3-size-md vc_btn3-shape-rounded vc_btn3-style-modern vc_btn3-color-grey\" href=\"mailto:info@palopalu.com\" title=\"\">SEND YOUR IDEA!<\/a><\/div>\n<div class=\"vc_empty_space\"   style=\"height: 32px\"><span class=\"vc_empty_space_inner\"><\/span><\/div><div class=\"vc_empty_space\"   style=\"height: 32px\"><span class=\"vc_empty_space_inner\"><\/span><\/div><\/div><\/div><\/div><\/div><div class=\"vc_row wpb_row vc_inner vc_row-fluid\"><div class=\"wpb_column vc_column_container vc_col-sm-12\"><div class=\"vc_column-inner\"><div class=\"wpb_wrapper\">\n\t<div  class=\"wpb_single_image wpb_content_element vc_align_left wpb_content_element\">\n\t\t\n\t\t<figure class=\"wpb_wrapper vc_figure\">\n\t\t\t<div class=\"vc_single_image-wrapper   vc_box_border_grey\"><img loading=\"lazy\" decoding=\"async\" width=\"1600\" height=\"1196\" src=\"https:\/\/palopalu.com\/wp-content\/uploads\/2020\/02\/puzzle-1.jpg\" class=\"vc_single_image-img attachment-full\" alt=\"\" title=\"puzzle-1\" srcset=\"https:\/\/palopalu.com\/wp-content\/uploads\/2020\/02\/puzzle-1.jpg 1600w, https:\/\/palopalu.com\/wp-content\/uploads\/2020\/02\/puzzle-1-300x224.jpg 300w, https:\/\/palopalu.com\/wp-content\/uploads\/2020\/02\/puzzle-1-1024x765.jpg 1024w, https:\/\/palopalu.com\/wp-content\/uploads\/2020\/02\/puzzle-1-768x574.jpg 768w, https:\/\/palopalu.com\/wp-content\/uploads\/2020\/02\/puzzle-1-1536x1148.jpg 1536w, https:\/\/palopalu.com\/wp-content\/uploads\/2020\/02\/puzzle-1-600x449.jpg 600w\" sizes=\"auto, (max-width: 1600px) 100vw, 1600px\" \/><\/div>\n\t\t<\/figure>\n\t<\/div>\n\n\t<div  class=\"wpb_single_image wpb_content_element vc_align_left wpb_content_element\">\n\t\t\n\t\t<figure class=\"wpb_wrapper vc_figure\">\n\t\t\t<div class=\"vc_single_image-wrapper   vc_box_border_grey\"><img loading=\"lazy\" decoding=\"async\" width=\"1600\" height=\"1196\" src=\"https:\/\/palopalu.com\/wp-content\/uploads\/2020\/02\/puzzle-2.jpeg\" class=\"vc_single_image-img attachment-full\" alt=\"\" title=\"puzzle-2\" srcset=\"https:\/\/palopalu.com\/wp-content\/uploads\/2020\/02\/puzzle-2.jpeg 1600w, https:\/\/palopalu.com\/wp-content\/uploads\/2020\/02\/puzzle-2-300x224.jpeg 300w, https:\/\/palopalu.com\/wp-content\/uploads\/2020\/02\/puzzle-2-1024x765.jpeg 1024w, https:\/\/palopalu.com\/wp-content\/uploads\/2020\/02\/puzzle-2-768x574.jpeg 768w, https:\/\/palopalu.com\/wp-content\/uploads\/2020\/02\/puzzle-2-1536x1148.jpeg 1536w, https:\/\/palopalu.com\/wp-content\/uploads\/2020\/02\/puzzle-2-600x449.jpeg 600w\" sizes=\"auto, (max-width: 1600px) 100vw, 1600px\" \/><\/div>\n\t\t<\/figure>\n\t<\/div>\n\n\t<div  class=\"wpb_single_image wpb_content_element vc_align_left wpb_content_element\">\n\t\t\n\t\t<figure class=\"wpb_wrapper vc_figure\">\n\t\t\t<div class=\"vc_single_image-wrapper   vc_box_border_grey\"><img loading=\"lazy\" decoding=\"async\" width=\"1200\" height=\"800\" src=\"https:\/\/palopalu.com\/wp-content\/uploads\/2022\/05\/puzzle-5.jpg\" class=\"vc_single_image-img attachment-full\" alt=\"\" title=\"puzzle-5\" srcset=\"https:\/\/palopalu.com\/wp-content\/uploads\/2022\/05\/puzzle-5.jpg 1200w, https:\/\/palopalu.com\/wp-content\/uploads\/2022\/05\/puzzle-5-300x200.jpg 300w, https:\/\/palopalu.com\/wp-content\/uploads\/2022\/05\/puzzle-5-1024x683.jpg 1024w, https:\/\/palopalu.com\/wp-content\/uploads\/2022\/05\/puzzle-5-768x512.jpg 768w, https:\/\/palopalu.com\/wp-content\/uploads\/2022\/05\/puzzle-5-600x400.jpg 600w\" sizes=\"auto, (max-width: 1200px) 100vw, 1200px\" \/><\/div>\n\t\t<\/figure>\n\t<\/div>\n\n\t<div  class=\"wpb_single_image wpb_content_element vc_align_left wpb_content_element\">\n\t\t\n\t\t<figure class=\"wpb_wrapper vc_figure\">\n\t\t\t<div class=\"vc_single_image-wrapper   vc_box_border_grey\"><img loading=\"lazy\" decoding=\"async\" width=\"1920\" height=\"1280\" src=\"https:\/\/palopalu.com\/wp-content\/uploads\/2020\/02\/puzzle-3.jpg\" class=\"vc_single_image-img attachment-full\" alt=\"\" title=\"puzzle-3\" srcset=\"https:\/\/palopalu.com\/wp-content\/uploads\/2020\/02\/puzzle-3.jpg 1920w, https:\/\/palopalu.com\/wp-content\/uploads\/2020\/02\/puzzle-3-300x200.jpg 300w, https:\/\/palopalu.com\/wp-content\/uploads\/2020\/02\/puzzle-3-1024x683.jpg 1024w, https:\/\/palopalu.com\/wp-content\/uploads\/2020\/02\/puzzle-3-768x512.jpg 768w, https:\/\/palopalu.com\/wp-content\/uploads\/2020\/02\/puzzle-3-1536x1024.jpg 1536w, https:\/\/palopalu.com\/wp-content\/uploads\/2020\/02\/puzzle-3-600x400.jpg 600w\" sizes=\"auto, (max-width: 1920px) 100vw, 1920px\" \/><\/div>\n\t\t<\/figure>\n\t<\/div>\n<\/div><\/div><\/div><\/div><\/div><\/div><\/div><div class=\"wpb_column vc_column_container vc_col-sm-2\"><div class=\"vc_column-inner\"><div class=\"wpb_wrapper\"><\/div><\/div><\/div><\/div><div class=\"vc_row wpb_row vc_row-fluid\"><div class=\"wpb_column vc_column_container vc_col-sm-2\"><div class=\"vc_column-inner\"><div class=\"wpb_wrapper\"><\/div><\/div><\/div><div class=\"wpb_column vc_column_container vc_col-sm-8\"><div class=\"vc_column-inner\"><div class=\"wpb_wrapper\">\n\t<div class=\"wpb_text_column wpb_content_element about-intro\" >\n\t\t<div class=\"wpb_wrapper\">\n\t\t\t<p>Discover all our wood designs, straight from our workshop, from our hands.<\/p>\n\n\t\t<\/div>\n\t<\/div>\n<div class=\"button_style_4 vc_btn3-container vc_btn3-center\" >\n\t<a class=\"vc_general vc_btn3 vc_btn3-size-md vc_btn3-shape-rounded vc_btn3-style-modern vc_btn3-color-grey\" href=\"https:\/\/palopalu.com\/en\/tienda\/\" title=\"Shop\">Shop<\/a><\/div>\n<\/div><\/div><\/div><div class=\"wpb_column vc_column_container vc_col-sm-2\"><div class=\"vc_column-inner\"><div class=\"wpb_wrapper\"><\/div><\/div><\/div><\/div><div class=\"vc_row wpb_row vc_row-fluid\"><div class=\"wpb_column vc_column_container vc_col-sm-12\"><div class=\"vc_column-inner\"><div class=\"wpb_wrapper\"><div class=\"vc_empty_space\"   style=\"height: 32px\"><span class=\"vc_empty_space_inner\"><\/span><\/div><\/div><\/div><\/div><\/div>\n<\/div>","protected":false},"excerpt":{"rendered":"En Palopal\u00fa te damos la posibilidad de sacar tus fotograf\u00edas favoritas del soporte habitual, el papel, y adaptarlas a la madera de una forma diferente y muy original. Un regalo muy personal y especial realizado a mano. Solo tienes que seguir los siguientes pasos: Env\u00eda tu fotograf\u00eda a info@palopalu.com indic\u00e1ndonos qu\u00e9 opci\u00f3n prefieres Creamos tu [...]","protected":false},"author":1,"featured_media":0,"parent":0,"menu_order":0,"comment_status":"closed","ping_status":"closed","template":"","meta":{"footnotes":""},"class_list":["post-2077","page","type-page","status-publish","hentry","clearfix"],"yoast_head":"<!-- This site is optimized with the Yoast SEO plugin v27.5 - https:\/\/yoast.com\/product\/yoast-seo-wordpress\/ -->\n<title>Palopal\u00fa \u2022 Puzzles personalizados de madera. \u00a1Cu\u00e9ntanos tu idea!<\/title>\n<meta name=\"description\" content=\"Puzzles personalizados de madera. Plasmamos tus fotograf\u00edas en madera con un toque de ilustraci\u00f3n. Un regalo \u00fanico, especial y hecho a mano.\" \/>\n<meta name=\"robots\" content=\"index, follow, max-snippet:-1, max-image-preview:large, max-video-preview:-1\" \/>\n<link rel=\"canonical\" href=\"https:\/\/palopalu.com\/en\/puzzles\/\" \/>\n<meta property=\"og:locale\" content=\"en_GB\" \/>\n<meta property=\"og:type\" content=\"article\" \/>\n<meta property=\"og:title\" content=\"Palopal\u00fa \u2022 Puzzles personalizados de madera. \u00a1Cu\u00e9ntanos tu idea!\" \/>\n<meta property=\"og:description\" content=\"Puzzles personalizados de madera. Plasmamos tus fotograf\u00edas en madera con un toque de ilustraci\u00f3n. Un regalo \u00fanico, especial y hecho a mano.\" \/>\n<meta property=\"og:url\" content=\"https:\/\/palopalu.com\/en\/puzzles\/\" \/>\n<meta property=\"og:site_name\" content=\"Palopal\u00fa\" \/>\n<meta property=\"article:publisher\" content=\"https:\/\/www.facebook.com\/palopalupalopalu\" \/>\n<meta property=\"article:modified_time\" content=\"2022-06-24T11:55:41+00:00\" \/>\n<meta name=\"twitter:card\" content=\"summary_large_image\" \/>\n<meta name=\"twitter:label1\" content=\"Estimated reading time\" \/>\n\t<meta name=\"twitter:data1\" content=\"1 minute\" \/>\n<script type=\"application\/ld+json\" class=\"yoast-schema-graph\">{\"@context\":\"https:\\\/\\\/schema.org\",\"@graph\":[{\"@type\":\"WebPage\",\"@id\":\"https:\\\/\\\/palopalu.com\\\/puzzles\\\/\",\"url\":\"https:\\\/\\\/palopalu.com\\\/puzzles\\\/\",\"name\":\"Palopal\u00fa \u2022 Puzzles personalizados de madera. \u00a1Cu\u00e9ntanos tu idea!\",\"isPartOf\":{\"@id\":\"https:\\\/\\\/palopalu.com\\\/#website\"},\"datePublished\":\"2019-09-29T18:23:35+00:00\",\"dateModified\":\"2022-06-24T11:55:41+00:00\",\"description\":\"Puzzles personalizados de madera. Plasmamos tus fotograf\u00edas en madera con un toque de ilustraci\u00f3n. Un regalo \u00fanico, especial y hecho a mano.\",\"breadcrumb\":{\"@id\":\"https:\\\/\\\/palopalu.com\\\/puzzles\\\/#breadcrumb\"},\"inLanguage\":\"en-GB\",\"potentialAction\":[{\"@type\":\"ReadAction\",\"target\":[\"https:\\\/\\\/palopalu.com\\\/puzzles\\\/\"]}]},{\"@type\":\"BreadcrumbList\",\"@id\":\"https:\\\/\\\/palopalu.com\\\/puzzles\\\/#breadcrumb\",\"itemListElement\":[{\"@type\":\"ListItem\",\"position\":1,\"name\":\"Portada\",\"item\":\"https:\\\/\\\/palopalu.com\\\/\"},{\"@type\":\"ListItem\",\"position\":2,\"name\":\"Puzzles personalizados\"}]},{\"@type\":\"WebSite\",\"@id\":\"https:\\\/\\\/palopalu.com\\\/#website\",\"url\":\"https:\\\/\\\/palopalu.com\\\/\",\"name\":\"Palopal\u00fa\",\"description\":\"Juguetes, decoraci\u00f3n y objetos personalizados en madera\",\"publisher\":{\"@id\":\"https:\\\/\\\/palopalu.com\\\/#organization\"},\"potentialAction\":[{\"@type\":\"SearchAction\",\"target\":{\"@type\":\"EntryPoint\",\"urlTemplate\":\"https:\\\/\\\/palopalu.com\\\/?s={search_term_string}\"},\"query-input\":{\"@type\":\"PropertyValueSpecification\",\"valueRequired\":true,\"valueName\":\"search_term_string\"}}],\"inLanguage\":\"en-GB\"},{\"@type\":\"Organization\",\"@id\":\"https:\\\/\\\/palopalu.com\\\/#organization\",\"name\":\"Palopal\u00fa\",\"url\":\"https:\\\/\\\/palopalu.com\\\/\",\"logo\":{\"@type\":\"ImageObject\",\"inLanguage\":\"en-GB\",\"@id\":\"https:\\\/\\\/palopalu.com\\\/#\\\/schema\\\/logo\\\/image\\\/\",\"url\":\"https:\\\/\\\/palopalu.com\\\/wp-content\\\/uploads\\\/2019\\\/02\\\/logo-palopalu.png\",\"contentUrl\":\"https:\\\/\\\/palopalu.com\\\/wp-content\\\/uploads\\\/2019\\\/02\\\/logo-palopalu.png\",\"width\":125,\"height\":30,\"caption\":\"Palopal\u00fa\"},\"image\":{\"@id\":\"https:\\\/\\\/palopalu.com\\\/#\\\/schema\\\/logo\\\/image\\\/\"},\"sameAs\":[\"https:\\\/\\\/www.facebook.com\\\/palopalupalopalu\",\"https:\\\/\\\/www.instagram.com\\\/palopalu\"]}]}<\/script>\n<!-- \/ Yoast SEO plugin. -->","yoast_head_json":{"title":"Palopal\u00fa \u2022 Puzzles personalizados de madera. \u00a1Cu\u00e9ntanos tu idea!","description":"Puzzles personalizados de madera. Plasmamos tus fotograf\u00edas en madera con un toque de ilustraci\u00f3n. Un regalo \u00fanico, especial y hecho a mano.","robots":{"index":"index","follow":"follow","max-snippet":"max-snippet:-1","max-image-preview":"max-image-preview:large","max-video-preview":"max-video-preview:-1"},"canonical":"https:\/\/palopalu.com\/en\/puzzles\/","og_locale":"en_GB","og_type":"article","og_title":"Palopal\u00fa \u2022 Puzzles personalizados de madera. \u00a1Cu\u00e9ntanos tu idea!","og_description":"Puzzles personalizados de madera. Plasmamos tus fotograf\u00edas en madera con un toque de ilustraci\u00f3n. Un regalo \u00fanico, especial y hecho a mano.","og_url":"https:\/\/palopalu.com\/en\/puzzles\/","og_site_name":"Palopal\u00fa","article_publisher":"https:\/\/www.facebook.com\/palopalupalopalu","article_modified_time":"2022-06-24T11:55:41+00:00","twitter_card":"summary_large_image","twitter_misc":{"Estimated reading time":"1 minute"},"schema":{"@context":"https:\/\/schema.org","@graph":[{"@type":"WebPage","@id":"https:\/\/palopalu.com\/puzzles\/","url":"https:\/\/palopalu.com\/puzzles\/","name":"Palopal\u00fa \u2022 Puzzles personalizados de madera. \u00a1Cu\u00e9ntanos tu idea!","isPartOf":{"@id":"https:\/\/palopalu.com\/#website"},"datePublished":"2019-09-29T18:23:35+00:00","dateModified":"2022-06-24T11:55:41+00:00","description":"Puzzles personalizados de madera. Plasmamos tus fotograf\u00edas en madera con un toque de ilustraci\u00f3n. Un regalo \u00fanico, especial y hecho a mano.","breadcrumb":{"@id":"https:\/\/palopalu.com\/puzzles\/#breadcrumb"},"inLanguage":"en-GB","potentialAction":[{"@type":"ReadAction","target":["https:\/\/palopalu.com\/puzzles\/"]}]},{"@type":"BreadcrumbList","@id":"https:\/\/palopalu.com\/puzzles\/#breadcrumb","itemListElement":[{"@type":"ListItem","position":1,"name":"Portada","item":"https:\/\/palopalu.com\/"},{"@type":"ListItem","position":2,"name":"Puzzles personalizados"}]},{"@type":"WebSite","@id":"https:\/\/palopalu.com\/#website","url":"https:\/\/palopalu.com\/","name":"Palopal\u00fa","description":"Juguetes, decoraci\u00f3n y objetos personalizados en madera","publisher":{"@id":"https:\/\/palopalu.com\/#organization"},"potentialAction":[{"@type":"SearchAction","target":{"@type":"EntryPoint","urlTemplate":"https:\/\/palopalu.com\/?s={search_term_string}"},"query-input":{"@type":"PropertyValueSpecification","valueRequired":true,"valueName":"search_term_string"}}],"inLanguage":"en-GB"},{"@type":"Organization","@id":"https:\/\/palopalu.com\/#organization","name":"Palopal\u00fa","url":"https:\/\/palopalu.com\/","logo":{"@type":"ImageObject","inLanguage":"en-GB","@id":"https:\/\/palopalu.com\/#\/schema\/logo\/image\/","url":"https:\/\/palopalu.com\/wp-content\/uploads\/2019\/02\/logo-palopalu.png","contentUrl":"https:\/\/palopalu.com\/wp-content\/uploads\/2019\/02\/logo-palopalu.png","width":125,"height":30,"caption":"Palopal\u00fa"},"image":{"@id":"https:\/\/palopalu.com\/#\/schema\/logo\/image\/"},"sameAs":["https:\/\/www.facebook.com\/palopalupalopalu","https:\/\/www.instagram.com\/palopalu"]}]}},"_links":{"self":[{"href":"https:\/\/palopalu.com\/en\/wp-json\/wp\/v2\/pages\/2077","targetHints":{"allow":["GET"]}}],"collection":[{"href":"https:\/\/palopalu.com\/en\/wp-json\/wp\/v2\/pages"}],"about":[{"href":"https:\/\/palopalu.com\/en\/wp-json\/wp\/v2\/types\/page"}],"author":[{"embeddable":true,"href":"https:\/\/palopalu.com\/en\/wp-json\/wp\/v2\/users\/1"}],"replies":[{"embeddable":true,"href":"https:\/\/palopalu.com\/en\/wp-json\/wp\/v2\/comments?post=2077"}],"version-history":[{"count":35,"href":"https:\/\/palopalu.com\/en\/wp-json\/wp\/v2\/pages\/2077\/revisions"}],"predecessor-version":[{"id":5078,"href":"https:\/\/palopalu.com\/en\/wp-json\/wp\/v2\/pages\/2077\/revisions\/5078"}],"wp:attachment":[{"href":"https:\/\/palopalu.com\/en\/wp-json\/wp\/v2\/media?parent=2077"}],"curies":[{"name":"wp","href":"https:\/\/api.w.org\/{rel}","templated":true}]}}