{"id":2107,"date":"2019-09-30T18:29:50","date_gmt":"2019-09-30T17:29:50","guid":{"rendered":"https:\/\/palopalu.com\/?page_id=2107"},"modified":"2022-06-24T12:56:39","modified_gmt":"2022-06-24T11:56:39","slug":"trofeos","status":"publish","type":"page","link":"https:\/\/palopalu.com\/en\/trofeos\/","title":{"rendered":"Custom trophies"},"content":{"rendered":"<div class=\"wpb-content-wrapper\"><div class=\"vc_row wpb_row vc_row-fluid\"><div class=\"wpb_column vc_column_container vc_col-sm-2\"><div class=\"vc_column-inner\"><div class=\"wpb_wrapper\"><\/div><\/div><\/div><div class=\"wpb_column vc_column_container vc_col-sm-8\"><div class=\"vc_column-inner\"><div class=\"wpb_wrapper\"><div class=\"vc_row wpb_row vc_inner vc_row-fluid\"><div class=\"wpb_column vc_column_container vc_col-sm-12\"><div class=\"vc_column-inner\"><div class=\"wpb_wrapper\">\n\t<div class=\"wpb_text_column wpb_content_element vc_custom_1656071787983\" >\n\t\t<div class=\"wpb_wrapper\">\n\t\t\t<p><span style=\"color: #000000;\"><span style=\"font-family: Liberation Serif, serif;\">Personalized wooden trophies for award ceremonies such as carnivals, patron saint festivals, tributes, retirement gifts, tournaments, activities, culinary contests, festive events... All themes are welcome, and all can be customized to your liking according to the needs of the event.<\/span><\/span><\/p>\n<p><strong><span style=\"font-family: Century Gothic, sans-serif;\">You just have to follow the following steps:<\/span><\/strong><\/p>\n<ol>\n<li><span style=\"font-family: Century Gothic, sans-serif;\">Tell<\/span><span style=\"font-family: Century Gothic, sans-serif;\">me<\/span><span style=\"font-family: Century Gothic, sans-serif;\"> your idea through <\/span><strong><a href=\"mailto:info@palopalu.com\"><span style=\"font-family: Century Gothic, sans-serif;\">info@palopalu.com<\/span><\/a><\/strong><span style=\"font-family: Century Gothic, sans-serif;\">.<\/span><\/li>\n<li><span style=\"font-family: Century Gothic, sans-serif;\">I'll call you and we'll discuss the details. We'll create a prototype so everything is just to your liking.<\/span><\/li>\n<li><span style=\"font-family: Century Gothic, sans-serif;\">Realization and delivery.<\/span><\/li>\n<\/ol>\n\n\t\t<\/div>\n\t<\/div>\n<div class=\"vc_empty_space\"   style=\"height: 32px\"><span class=\"vc_empty_space_inner\"><\/span><\/div><div class=\"button_style_1 vc_btn3-container vc_btn3-center\" >\n\t<a class=\"vc_general vc_btn3 vc_btn3-size-md vc_btn3-shape-rounded vc_btn3-style-modern vc_btn3-color-grey\" href=\"mailto:info@palopalu.com\" title=\"\">SEND YOUR IDEA!<\/a><\/div>\n<div class=\"vc_empty_space\"   style=\"height: 32px\"><span class=\"vc_empty_space_inner\"><\/span><\/div><\/div><\/div><\/div><\/div><div class=\"vc_row wpb_row vc_inner vc_row-fluid\"><div class=\"wpb_column vc_column_container vc_col-sm-12\"><div class=\"vc_column-inner\"><div class=\"wpb_wrapper\">\n\t<div  class=\"wpb_single_image wpb_content_element vc_align_left wpb_content_element\">\n\t\t\n\t\t<figure class=\"wpb_wrapper vc_figure\">\n\t\t\t<div class=\"vc_single_image-wrapper   vc_box_border_grey\"><img loading=\"lazy\" decoding=\"async\" width=\"1200\" height=\"800\" src=\"https:\/\/palopalu.com\/wp-content\/uploads\/2022\/04\/trofeos-13.jpg\" class=\"vc_single_image-img attachment-full\" alt=\"\" title=\"trofeos-13\" srcset=\"https:\/\/palopalu.com\/wp-content\/uploads\/2022\/04\/trofeos-13.jpg 1200w, https:\/\/palopalu.com\/wp-content\/uploads\/2022\/04\/trofeos-13-300x200.jpg 300w, https:\/\/palopalu.com\/wp-content\/uploads\/2022\/04\/trofeos-13-1024x683.jpg 1024w, https:\/\/palopalu.com\/wp-content\/uploads\/2022\/04\/trofeos-13-768x512.jpg 768w, https:\/\/palopalu.com\/wp-content\/uploads\/2022\/04\/trofeos-13-600x400.jpg 600w\" sizes=\"auto, (max-width: 1200px) 100vw, 1200px\" \/><\/div>\n\t\t<\/figure>\n\t<\/div>\n\n\t<div  class=\"wpb_single_image wpb_content_element vc_align_left wpb_content_element\">\n\t\t\n\t\t<figure class=\"wpb_wrapper vc_figure\">\n\t\t\t<div class=\"vc_single_image-wrapper   vc_box_border_grey\"><img loading=\"lazy\" decoding=\"async\" width=\"1200\" height=\"800\" src=\"https:\/\/palopalu.com\/wp-content\/uploads\/2022\/04\/trofeos-12.jpg\" class=\"vc_single_image-img attachment-full\" alt=\"\" title=\"trofeos-12\" srcset=\"https:\/\/palopalu.com\/wp-content\/uploads\/2022\/04\/trofeos-12.jpg 1200w, https:\/\/palopalu.com\/wp-content\/uploads\/2022\/04\/trofeos-12-300x200.jpg 300w, https:\/\/palopalu.com\/wp-content\/uploads\/2022\/04\/trofeos-12-1024x683.jpg 1024w, https:\/\/palopalu.com\/wp-content\/uploads\/2022\/04\/trofeos-12-768x512.jpg 768w, https:\/\/palopalu.com\/wp-content\/uploads\/2022\/04\/trofeos-12-600x400.jpg 600w\" sizes=\"auto, (max-width: 1200px) 100vw, 1200px\" \/><\/div>\n\t\t<\/figure>\n\t<\/div>\n\n\t<div  class=\"wpb_single_image wpb_content_element vc_align_left wpb_content_element\">\n\t\t\n\t\t<figure class=\"wpb_wrapper vc_figure\">\n\t\t\t<div class=\"vc_single_image-wrapper   vc_box_border_grey\"><img loading=\"lazy\" decoding=\"async\" width=\"1200\" height=\"800\" src=\"https:\/\/palopalu.com\/wp-content\/uploads\/2022\/04\/trofeos-11-2.jpg\" class=\"vc_single_image-img attachment-full\" alt=\"\" title=\"trofeos-11-2\" srcset=\"https:\/\/palopalu.com\/wp-content\/uploads\/2022\/04\/trofeos-11-2.jpg 1200w, https:\/\/palopalu.com\/wp-content\/uploads\/2022\/04\/trofeos-11-2-300x200.jpg 300w, https:\/\/palopalu.com\/wp-content\/uploads\/2022\/04\/trofeos-11-2-1024x683.jpg 1024w, https:\/\/palopalu.com\/wp-content\/uploads\/2022\/04\/trofeos-11-2-768x512.jpg 768w, https:\/\/palopalu.com\/wp-content\/uploads\/2022\/04\/trofeos-11-2-600x400.jpg 600w\" sizes=\"auto, (max-width: 1200px) 100vw, 1200px\" \/><\/div>\n\t\t<\/figure>\n\t<\/div>\n\n\t<div  class=\"wpb_single_image wpb_content_element vc_align_left wpb_content_element\">\n\t\t\n\t\t<figure class=\"wpb_wrapper vc_figure\">\n\t\t\t<div class=\"vc_single_image-wrapper   vc_box_border_grey\"><img loading=\"lazy\" decoding=\"async\" width=\"1200\" height=\"800\" src=\"https:\/\/palopalu.com\/wp-content\/uploads\/2022\/04\/trofeos-10.jpg\" class=\"vc_single_image-img attachment-full\" alt=\"\" title=\"trofeos-10\" srcset=\"https:\/\/palopalu.com\/wp-content\/uploads\/2022\/04\/trofeos-10.jpg 1200w, https:\/\/palopalu.com\/wp-content\/uploads\/2022\/04\/trofeos-10-300x200.jpg 300w, https:\/\/palopalu.com\/wp-content\/uploads\/2022\/04\/trofeos-10-1024x683.jpg 1024w, https:\/\/palopalu.com\/wp-content\/uploads\/2022\/04\/trofeos-10-768x512.jpg 768w, https:\/\/palopalu.com\/wp-content\/uploads\/2022\/04\/trofeos-10-600x400.jpg 600w\" sizes=\"auto, (max-width: 1200px) 100vw, 1200px\" \/><\/div>\n\t\t<\/figure>\n\t<\/div>\n\n\t<div  class=\"wpb_single_image wpb_content_element vc_align_left wpb_content_element\">\n\t\t\n\t\t<figure class=\"wpb_wrapper vc_figure\">\n\t\t\t<div class=\"vc_single_image-wrapper   vc_box_border_grey\"><img loading=\"lazy\" decoding=\"async\" width=\"1061\" height=\"800\" src=\"https:\/\/palopalu.com\/wp-content\/uploads\/2020\/02\/trofeos-9.jpg\" class=\"vc_single_image-img attachment-full\" alt=\"\" title=\"trofeos-9\" srcset=\"https:\/\/palopalu.com\/wp-content\/uploads\/2020\/02\/trofeos-9.jpg 1061w, https:\/\/palopalu.com\/wp-content\/uploads\/2020\/02\/trofeos-9-300x226.jpg 300w, https:\/\/palopalu.com\/wp-content\/uploads\/2020\/02\/trofeos-9-1024x772.jpg 1024w, https:\/\/palopalu.com\/wp-content\/uploads\/2020\/02\/trofeos-9-768x579.jpg 768w, https:\/\/palopalu.com\/wp-content\/uploads\/2020\/02\/trofeos-9-600x452.jpg 600w\" sizes=\"auto, (max-width: 1061px) 100vw, 1061px\" \/><\/div>\n\t\t<\/figure>\n\t<\/div>\n\n\t<div  class=\"wpb_single_image wpb_content_element vc_align_left wpb_content_element\">\n\t\t\n\t\t<figure class=\"wpb_wrapper vc_figure\">\n\t\t\t<div class=\"vc_single_image-wrapper   vc_box_border_grey\"><img loading=\"lazy\" decoding=\"async\" width=\"1066\" height=\"800\" src=\"https:\/\/palopalu.com\/wp-content\/uploads\/2020\/02\/trofeos-8.jpg\" class=\"vc_single_image-img attachment-full\" alt=\"\" title=\"trofeos-8\" srcset=\"https:\/\/palopalu.com\/wp-content\/uploads\/2020\/02\/trofeos-8.jpg 1066w, https:\/\/palopalu.com\/wp-content\/uploads\/2020\/02\/trofeos-8-300x225.jpg 300w, https:\/\/palopalu.com\/wp-content\/uploads\/2020\/02\/trofeos-8-1024x768.jpg 1024w, https:\/\/palopalu.com\/wp-content\/uploads\/2020\/02\/trofeos-8-768x576.jpg 768w, https:\/\/palopalu.com\/wp-content\/uploads\/2020\/02\/trofeos-8-600x450.jpg 600w\" sizes=\"auto, (max-width: 1066px) 100vw, 1066px\" \/><\/div>\n\t\t<\/figure>\n\t<\/div>\n\n\t<div  class=\"wpb_single_image wpb_content_element vc_align_left wpb_content_element\">\n\t\t\n\t\t<figure class=\"wpb_wrapper vc_figure\">\n\t\t\t<div class=\"vc_single_image-wrapper   vc_box_border_grey\"><img loading=\"lazy\" decoding=\"async\" width=\"1066\" height=\"800\" src=\"https:\/\/palopalu.com\/wp-content\/uploads\/2020\/02\/trofeos-7.jpg\" class=\"vc_single_image-img attachment-full\" alt=\"\" title=\"trofeos-7\" srcset=\"https:\/\/palopalu.com\/wp-content\/uploads\/2020\/02\/trofeos-7.jpg 1066w, https:\/\/palopalu.com\/wp-content\/uploads\/2020\/02\/trofeos-7-300x225.jpg 300w, https:\/\/palopalu.com\/wp-content\/uploads\/2020\/02\/trofeos-7-1024x768.jpg 1024w, https:\/\/palopalu.com\/wp-content\/uploads\/2020\/02\/trofeos-7-768x576.jpg 768w, https:\/\/palopalu.com\/wp-content\/uploads\/2020\/02\/trofeos-7-600x450.jpg 600w\" sizes=\"auto, (max-width: 1066px) 100vw, 1066px\" \/><\/div>\n\t\t<\/figure>\n\t<\/div>\n\n\t<div  class=\"wpb_single_image wpb_content_element vc_align_left wpb_content_element\">\n\t\t\n\t\t<figure class=\"wpb_wrapper vc_figure\">\n\t\t\t<div class=\"vc_single_image-wrapper   vc_box_border_grey\"><img loading=\"lazy\" decoding=\"async\" width=\"1066\" height=\"800\" src=\"https:\/\/palopalu.com\/wp-content\/uploads\/2020\/02\/trofeos-10.jpg\" class=\"vc_single_image-img attachment-full\" alt=\"\" title=\"trofeos-10\" srcset=\"https:\/\/palopalu.com\/wp-content\/uploads\/2020\/02\/trofeos-10.jpg 1066w, https:\/\/palopalu.com\/wp-content\/uploads\/2020\/02\/trofeos-10-300x225.jpg 300w, https:\/\/palopalu.com\/wp-content\/uploads\/2020\/02\/trofeos-10-1024x768.jpg 1024w, https:\/\/palopalu.com\/wp-content\/uploads\/2020\/02\/trofeos-10-768x576.jpg 768w, https:\/\/palopalu.com\/wp-content\/uploads\/2020\/02\/trofeos-10-600x450.jpg 600w\" sizes=\"auto, (max-width: 1066px) 100vw, 1066px\" \/><\/div>\n\t\t<\/figure>\n\t<\/div>\n\n\t<div  class=\"wpb_single_image wpb_content_element vc_align_left wpb_content_element\">\n\t\t\n\t\t<figure class=\"wpb_wrapper vc_figure\">\n\t\t\t<div class=\"vc_single_image-wrapper   vc_box_border_grey\"><img loading=\"lazy\" decoding=\"async\" width=\"1066\" height=\"800\" src=\"https:\/\/palopalu.com\/wp-content\/uploads\/2020\/02\/trofeos-6.jpg\" class=\"vc_single_image-img attachment-full\" alt=\"\" title=\"trofeos-6\" srcset=\"https:\/\/palopalu.com\/wp-content\/uploads\/2020\/02\/trofeos-6.jpg 1066w, https:\/\/palopalu.com\/wp-content\/uploads\/2020\/02\/trofeos-6-300x225.jpg 300w, https:\/\/palopalu.com\/wp-content\/uploads\/2020\/02\/trofeos-6-1024x768.jpg 1024w, https:\/\/palopalu.com\/wp-content\/uploads\/2020\/02\/trofeos-6-768x576.jpg 768w, https:\/\/palopalu.com\/wp-content\/uploads\/2020\/02\/trofeos-6-600x450.jpg 600w\" sizes=\"auto, (max-width: 1066px) 100vw, 1066px\" \/><\/div>\n\t\t<\/figure>\n\t<\/div>\n\n\t<div  class=\"wpb_single_image wpb_content_element vc_align_left wpb_content_element\">\n\t\t\n\t\t<figure class=\"wpb_wrapper vc_figure\">\n\t\t\t<div class=\"vc_single_image-wrapper   vc_box_border_grey\"><img loading=\"lazy\" decoding=\"async\" width=\"1920\" height=\"1280\" src=\"https:\/\/palopalu.com\/wp-content\/uploads\/2020\/02\/trofeos-4.jpg\" class=\"vc_single_image-img attachment-full\" alt=\"\" title=\"trofeos-4\" srcset=\"https:\/\/palopalu.com\/wp-content\/uploads\/2020\/02\/trofeos-4.jpg 1920w, https:\/\/palopalu.com\/wp-content\/uploads\/2020\/02\/trofeos-4-300x200.jpg 300w, https:\/\/palopalu.com\/wp-content\/uploads\/2020\/02\/trofeos-4-1024x683.jpg 1024w, https:\/\/palopalu.com\/wp-content\/uploads\/2020\/02\/trofeos-4-768x512.jpg 768w, https:\/\/palopalu.com\/wp-content\/uploads\/2020\/02\/trofeos-4-1536x1024.jpg 1536w, https:\/\/palopalu.com\/wp-content\/uploads\/2020\/02\/trofeos-4-600x400.jpg 600w\" sizes=\"auto, (max-width: 1920px) 100vw, 1920px\" \/><\/div>\n\t\t<\/figure>\n\t<\/div>\n\n\t<div  class=\"wpb_single_image wpb_content_element vc_align_left wpb_content_element\">\n\t\t\n\t\t<figure class=\"wpb_wrapper vc_figure\">\n\t\t\t<div class=\"vc_single_image-wrapper   vc_box_border_grey\"><img loading=\"lazy\" decoding=\"async\" width=\"1070\" height=\"1421\" src=\"https:\/\/palopalu.com\/wp-content\/uploads\/2020\/02\/trofeos-5.jpg\" class=\"vc_single_image-img attachment-full\" alt=\"\" title=\"trofeos-5\" srcset=\"https:\/\/palopalu.com\/wp-content\/uploads\/2020\/02\/trofeos-5.jpg 1070w, https:\/\/palopalu.com\/wp-content\/uploads\/2020\/02\/trofeos-5-226x300.jpg 226w, https:\/\/palopalu.com\/wp-content\/uploads\/2020\/02\/trofeos-5-771x1024.jpg 771w, https:\/\/palopalu.com\/wp-content\/uploads\/2020\/02\/trofeos-5-768x1020.jpg 768w, https:\/\/palopalu.com\/wp-content\/uploads\/2020\/02\/trofeos-5-600x797.jpg 600w\" sizes=\"auto, (max-width: 1070px) 100vw, 1070px\" \/><\/div>\n\t\t<\/figure>\n\t<\/div>\n\n\t<div  class=\"wpb_single_image wpb_content_element vc_align_left wpb_content_element\">\n\t\t\n\t\t<figure class=\"wpb_wrapper vc_figure\">\n\t\t\t<div class=\"vc_single_image-wrapper   vc_box_border_grey\"><img loading=\"lazy\" decoding=\"async\" width=\"1920\" height=\"1280\" src=\"https:\/\/palopalu.com\/wp-content\/uploads\/2020\/02\/trofeos-3.jpg\" class=\"vc_single_image-img attachment-full\" alt=\"\" title=\"trofeos-3\" srcset=\"https:\/\/palopalu.com\/wp-content\/uploads\/2020\/02\/trofeos-3.jpg 1920w, https:\/\/palopalu.com\/wp-content\/uploads\/2020\/02\/trofeos-3-300x200.jpg 300w, https:\/\/palopalu.com\/wp-content\/uploads\/2020\/02\/trofeos-3-1024x683.jpg 1024w, https:\/\/palopalu.com\/wp-content\/uploads\/2020\/02\/trofeos-3-768x512.jpg 768w, https:\/\/palopalu.com\/wp-content\/uploads\/2020\/02\/trofeos-3-1536x1024.jpg 1536w, https:\/\/palopalu.com\/wp-content\/uploads\/2020\/02\/trofeos-3-600x400.jpg 600w\" sizes=\"auto, (max-width: 1920px) 100vw, 1920px\" \/><\/div>\n\t\t<\/figure>\n\t<\/div>\n\n\t<div  class=\"wpb_single_image wpb_content_element vc_align_left wpb_content_element\">\n\t\t\n\t\t<figure class=\"wpb_wrapper vc_figure\">\n\t\t\t<div class=\"vc_single_image-wrapper   vc_box_border_grey\"><img loading=\"lazy\" decoding=\"async\" width=\"1920\" height=\"1321\" src=\"https:\/\/palopalu.com\/wp-content\/uploads\/2020\/02\/trofeos-2.jpg\" class=\"vc_single_image-img attachment-full\" alt=\"\" title=\"trofeos-2\" srcset=\"https:\/\/palopalu.com\/wp-content\/uploads\/2020\/02\/trofeos-2.jpg 1920w, https:\/\/palopalu.com\/wp-content\/uploads\/2020\/02\/trofeos-2-300x206.jpg 300w, https:\/\/palopalu.com\/wp-content\/uploads\/2020\/02\/trofeos-2-1024x705.jpg 1024w, https:\/\/palopalu.com\/wp-content\/uploads\/2020\/02\/trofeos-2-768x528.jpg 768w, https:\/\/palopalu.com\/wp-content\/uploads\/2020\/02\/trofeos-2-1536x1057.jpg 1536w, https:\/\/palopalu.com\/wp-content\/uploads\/2020\/02\/trofeos-2-600x413.jpg 600w\" sizes=\"auto, (max-width: 1920px) 100vw, 1920px\" \/><\/div>\n\t\t<\/figure>\n\t<\/div>\n\n\t<div  class=\"wpb_single_image wpb_content_element vc_align_left wpb_content_element\">\n\t\t\n\t\t<figure class=\"wpb_wrapper vc_figure\">\n\t\t\t<div class=\"vc_single_image-wrapper   vc_box_border_grey\"><img loading=\"lazy\" decoding=\"async\" width=\"1280\" height=\"1920\" src=\"https:\/\/palopalu.com\/wp-content\/uploads\/2020\/02\/trofeos-1.jpg\" class=\"vc_single_image-img attachment-full\" alt=\"\" title=\"trofeos-1\" srcset=\"https:\/\/palopalu.com\/wp-content\/uploads\/2020\/02\/trofeos-1.jpg 1280w, https:\/\/palopalu.com\/wp-content\/uploads\/2020\/02\/trofeos-1-200x300.jpg 200w, https:\/\/palopalu.com\/wp-content\/uploads\/2020\/02\/trofeos-1-683x1024.jpg 683w, https:\/\/palopalu.com\/wp-content\/uploads\/2020\/02\/trofeos-1-768x1152.jpg 768w, https:\/\/palopalu.com\/wp-content\/uploads\/2020\/02\/trofeos-1-1024x1536.jpg 1024w, https:\/\/palopalu.com\/wp-content\/uploads\/2020\/02\/trofeos-1-600x900.jpg 600w\" sizes=\"auto, (max-width: 1280px) 100vw, 1280px\" \/><\/div>\n\t\t<\/figure>\n\t<\/div>\n<\/div><\/div><\/div><\/div><\/div><\/div><\/div><div class=\"wpb_column vc_column_container vc_col-sm-2\"><div class=\"vc_column-inner\"><div class=\"wpb_wrapper\"><\/div><\/div><\/div><\/div>\n<\/div>","protected":false},"excerpt":{"rendered":"Trofeos personalizados en madera para entregas de premios como carnavales, fiestas patronales, homenajes, regalos por jubilaci\u00f3n, torneos, actividades, concursos gastron\u00f3micos, eventos festivos\u2026 Todas las tem\u00e1ticas tienen cabida y todas personalizadas a tu gusto seg\u00fan las necesidades del evento. Solo tienes que seguir los siguientes pasos: Cu\u00e9ntame tu idea a trav\u00e9s de info@palopalu.com. Te llamo y [...]","protected":false},"author":1,"featured_media":0,"parent":0,"menu_order":0,"comment_status":"closed","ping_status":"closed","template":"","meta":{"footnotes":""},"class_list":["post-2107","page","type-page","status-publish","hentry","clearfix"],"yoast_head":"<!-- This site is optimized with the Yoast SEO plugin v27.5 - https:\/\/yoast.com\/product\/yoast-seo-wordpress\/ -->\n<title>Palopal\u00fa \u2022 Trofeos personalizados de madera: concursos, eventos,...<\/title>\n<meta name=\"description\" content=\"Trofeos personalizados de madera. Piezas conmemorativas para eventos festivos como carnavales o fiestas patronales, homenajes, concursos,...\" \/>\n<meta name=\"robots\" content=\"index, follow, max-snippet:-1, max-image-preview:large, max-video-preview:-1\" \/>\n<link rel=\"canonical\" href=\"https:\/\/palopalu.com\/en\/trofeos\/\" \/>\n<meta property=\"og:locale\" content=\"en_GB\" \/>\n<meta property=\"og:type\" content=\"article\" \/>\n<meta property=\"og:title\" content=\"Palopal\u00fa \u2022 Trofeos personalizados de madera: concursos, eventos,...\" \/>\n<meta property=\"og:description\" content=\"Trofeos personalizados de madera. Piezas conmemorativas para eventos festivos como carnavales o fiestas patronales, homenajes, concursos,...\" \/>\n<meta property=\"og:url\" content=\"https:\/\/palopalu.com\/en\/trofeos\/\" \/>\n<meta property=\"og:site_name\" content=\"Palopal\u00fa\" \/>\n<meta property=\"article:publisher\" content=\"https:\/\/www.facebook.com\/palopalupalopalu\" \/>\n<meta property=\"article:modified_time\" content=\"2022-06-24T11:56:39+00:00\" \/>\n<meta name=\"twitter:card\" content=\"summary_large_image\" \/>\n<meta name=\"twitter:label1\" content=\"Estimated reading time\" \/>\n\t<meta name=\"twitter:data1\" content=\"1 minute\" \/>\n<script type=\"application\/ld+json\" class=\"yoast-schema-graph\">{\"@context\":\"https:\\\/\\\/schema.org\",\"@graph\":[{\"@type\":\"WebPage\",\"@id\":\"https:\\\/\\\/palopalu.com\\\/trofeos\\\/\",\"url\":\"https:\\\/\\\/palopalu.com\\\/trofeos\\\/\",\"name\":\"Palopal\u00fa \u2022 Trofeos personalizados de madera: concursos, eventos,...\",\"isPartOf\":{\"@id\":\"https:\\\/\\\/palopalu.com\\\/#website\"},\"datePublished\":\"2019-09-30T17:29:50+00:00\",\"dateModified\":\"2022-06-24T11:56:39+00:00\",\"description\":\"Trofeos personalizados de madera. Piezas conmemorativas para eventos festivos como carnavales o fiestas patronales, homenajes, concursos,...\",\"breadcrumb\":{\"@id\":\"https:\\\/\\\/palopalu.com\\\/trofeos\\\/#breadcrumb\"},\"inLanguage\":\"en-GB\",\"potentialAction\":[{\"@type\":\"ReadAction\",\"target\":[\"https:\\\/\\\/palopalu.com\\\/trofeos\\\/\"]}]},{\"@type\":\"BreadcrumbList\",\"@id\":\"https:\\\/\\\/palopalu.com\\\/trofeos\\\/#breadcrumb\",\"itemListElement\":[{\"@type\":\"ListItem\",\"position\":1,\"name\":\"Portada\",\"item\":\"https:\\\/\\\/palopalu.com\\\/\"},{\"@type\":\"ListItem\",\"position\":2,\"name\":\"Trofeos personalizados\"}]},{\"@type\":\"WebSite\",\"@id\":\"https:\\\/\\\/palopalu.com\\\/#website\",\"url\":\"https:\\\/\\\/palopalu.com\\\/\",\"name\":\"Palopal\u00fa\",\"description\":\"Juguetes, decoraci\u00f3n y objetos personalizados en madera\",\"publisher\":{\"@id\":\"https:\\\/\\\/palopalu.com\\\/#organization\"},\"potentialAction\":[{\"@type\":\"SearchAction\",\"target\":{\"@type\":\"EntryPoint\",\"urlTemplate\":\"https:\\\/\\\/palopalu.com\\\/?s={search_term_string}\"},\"query-input\":{\"@type\":\"PropertyValueSpecification\",\"valueRequired\":true,\"valueName\":\"search_term_string\"}}],\"inLanguage\":\"en-GB\"},{\"@type\":\"Organization\",\"@id\":\"https:\\\/\\\/palopalu.com\\\/#organization\",\"name\":\"Palopal\u00fa\",\"url\":\"https:\\\/\\\/palopalu.com\\\/\",\"logo\":{\"@type\":\"ImageObject\",\"inLanguage\":\"en-GB\",\"@id\":\"https:\\\/\\\/palopalu.com\\\/#\\\/schema\\\/logo\\\/image\\\/\",\"url\":\"https:\\\/\\\/palopalu.com\\\/wp-content\\\/uploads\\\/2019\\\/02\\\/logo-palopalu.png\",\"contentUrl\":\"https:\\\/\\\/palopalu.com\\\/wp-content\\\/uploads\\\/2019\\\/02\\\/logo-palopalu.png\",\"width\":125,\"height\":30,\"caption\":\"Palopal\u00fa\"},\"image\":{\"@id\":\"https:\\\/\\\/palopalu.com\\\/#\\\/schema\\\/logo\\\/image\\\/\"},\"sameAs\":[\"https:\\\/\\\/www.facebook.com\\\/palopalupalopalu\",\"https:\\\/\\\/www.instagram.com\\\/palopalu\"]}]}<\/script>\n<!-- \/ Yoast SEO plugin. -->","yoast_head_json":{"title":"Palopal\u00fa \u2022 Trofeos personalizados de madera: concursos, eventos,...","description":"Trofeos personalizados de madera. Piezas conmemorativas para eventos festivos como carnavales o fiestas patronales, homenajes, concursos,...","robots":{"index":"index","follow":"follow","max-snippet":"max-snippet:-1","max-image-preview":"max-image-preview:large","max-video-preview":"max-video-preview:-1"},"canonical":"https:\/\/palopalu.com\/en\/trofeos\/","og_locale":"en_GB","og_type":"article","og_title":"Palopal\u00fa \u2022 Trofeos personalizados de madera: concursos, eventos,...","og_description":"Trofeos personalizados de madera. Piezas conmemorativas para eventos festivos como carnavales o fiestas patronales, homenajes, concursos,...","og_url":"https:\/\/palopalu.com\/en\/trofeos\/","og_site_name":"Palopal\u00fa","article_publisher":"https:\/\/www.facebook.com\/palopalupalopalu","article_modified_time":"2022-06-24T11:56:39+00:00","twitter_card":"summary_large_image","twitter_misc":{"Estimated reading time":"1 minute"},"schema":{"@context":"https:\/\/schema.org","@graph":[{"@type":"WebPage","@id":"https:\/\/palopalu.com\/trofeos\/","url":"https:\/\/palopalu.com\/trofeos\/","name":"Palopal\u00fa \u2022 Trofeos personalizados de madera: concursos, eventos,...","isPartOf":{"@id":"https:\/\/palopalu.com\/#website"},"datePublished":"2019-09-30T17:29:50+00:00","dateModified":"2022-06-24T11:56:39+00:00","description":"Trofeos personalizados de madera. Piezas conmemorativas para eventos festivos como carnavales o fiestas patronales, homenajes, concursos,...","breadcrumb":{"@id":"https:\/\/palopalu.com\/trofeos\/#breadcrumb"},"inLanguage":"en-GB","potentialAction":[{"@type":"ReadAction","target":["https:\/\/palopalu.com\/trofeos\/"]}]},{"@type":"BreadcrumbList","@id":"https:\/\/palopalu.com\/trofeos\/#breadcrumb","itemListElement":[{"@type":"ListItem","position":1,"name":"Portada","item":"https:\/\/palopalu.com\/"},{"@type":"ListItem","position":2,"name":"Trofeos personalizados"}]},{"@type":"WebSite","@id":"https:\/\/palopalu.com\/#website","url":"https:\/\/palopalu.com\/","name":"Palopal\u00fa","description":"Juguetes, decoraci\u00f3n y objetos personalizados en madera","publisher":{"@id":"https:\/\/palopalu.com\/#organization"},"potentialAction":[{"@type":"SearchAction","target":{"@type":"EntryPoint","urlTemplate":"https:\/\/palopalu.com\/?s={search_term_string}"},"query-input":{"@type":"PropertyValueSpecification","valueRequired":true,"valueName":"search_term_string"}}],"inLanguage":"en-GB"},{"@type":"Organization","@id":"https:\/\/palopalu.com\/#organization","name":"Palopal\u00fa","url":"https:\/\/palopalu.com\/","logo":{"@type":"ImageObject","inLanguage":"en-GB","@id":"https:\/\/palopalu.com\/#\/schema\/logo\/image\/","url":"https:\/\/palopalu.com\/wp-content\/uploads\/2019\/02\/logo-palopalu.png","contentUrl":"https:\/\/palopalu.com\/wp-content\/uploads\/2019\/02\/logo-palopalu.png","width":125,"height":30,"caption":"Palopal\u00fa"},"image":{"@id":"https:\/\/palopalu.com\/#\/schema\/logo\/image\/"},"sameAs":["https:\/\/www.facebook.com\/palopalupalopalu","https:\/\/www.instagram.com\/palopalu"]}]}},"_links":{"self":[{"href":"https:\/\/palopalu.com\/en\/wp-json\/wp\/v2\/pages\/2107","targetHints":{"allow":["GET"]}}],"collection":[{"href":"https:\/\/palopalu.com\/en\/wp-json\/wp\/v2\/pages"}],"about":[{"href":"https:\/\/palopalu.com\/en\/wp-json\/wp\/v2\/types\/page"}],"author":[{"embeddable":true,"href":"https:\/\/palopalu.com\/en\/wp-json\/wp\/v2\/users\/1"}],"replies":[{"embeddable":true,"href":"https:\/\/palopalu.com\/en\/wp-json\/wp\/v2\/comments?post=2107"}],"version-history":[{"count":14,"href":"https:\/\/palopalu.com\/en\/wp-json\/wp\/v2\/pages\/2107\/revisions"}],"predecessor-version":[{"id":5079,"href":"https:\/\/palopalu.com\/en\/wp-json\/wp\/v2\/pages\/2107\/revisions\/5079"}],"wp:attachment":[{"href":"https:\/\/palopalu.com\/en\/wp-json\/wp\/v2\/media?parent=2107"}],"curies":[{"name":"wp","href":"https:\/\/api.w.org\/{rel}","templated":true}]}}