{"id":2116,"date":"2019-09-30T19:01:16","date_gmt":"2019-09-30T18:01:16","guid":{"rendered":"https:\/\/palopalu.com\/?page_id=2116"},"modified":"2022-06-24T12:08:43","modified_gmt":"2022-06-24T11:08:43","slug":"detalles-para-bebes","status":"publish","type":"page","link":"https:\/\/palopalu.com\/en\/detalles-para-bebes\/","title":{"rendered":"Details for babies"},"content":{"rendered":"<div class=\"wpb-content-wrapper\"><div class=\"vc_row wpb_row vc_row-fluid\"><div class=\"wpb_column vc_column_container vc_col-sm-2\"><div class=\"vc_column-inner\"><div class=\"wpb_wrapper\"><\/div><\/div><\/div><div class=\"wpb_column vc_column_container vc_col-sm-8\"><div class=\"vc_column-inner\"><div class=\"wpb_wrapper\"><div class=\"vc_row wpb_row vc_inner vc_row-fluid\"><div class=\"wpb_column vc_column_container vc_col-sm-12\"><div class=\"vc_column-inner\"><div class=\"wpb_wrapper\">\n\t<div class=\"wpb_text_column wpb_content_element vc_custom_1656068898623\" >\n\t\t<div class=\"wpb_wrapper\">\n\t\t\t<p><span style=\"color: #000000;\">What better way to welcome a new baby into the world than with a gift created especially for them? A design that can not only be used as a toy or decoration in their first years, but will also become part of their most personal treasure chest for a lifetime. <\/span><\/p>\n<p>From beautiful wooden birthstones capturing the story and details of their arrival to personalized potholders with their name. Toys that are free of toxins and varnishes, ensuring the child's safety.<\/p>\n<p>&nbsp;<\/p>\n<p class=\"western\"><span style=\"font-family: Century Gothic, sans-serif;\">\u00a0<\/span><\/p>\n<p><strong><span style=\"font-family: Century Gothic, sans-serif;\">You just have to follow the following steps:<\/span><\/strong><\/p>\n<ol>\n<li><span style=\"font-family: Century Gothic, sans-serif;\">Tell<\/span><span style=\"font-family: Century Gothic, sans-serif;\">me<\/span><span style=\"font-family: Century Gothic, sans-serif;\"> your idea through <\/span><strong><a href=\"mailto:info@palopalu.com\"><span style=\"font-family: Century Gothic, sans-serif;\">info@palopalu.com<\/span><\/a><\/strong><span style=\"font-family: Century Gothic, sans-serif;\">.<\/span><\/li>\n<li><span style=\"font-family: Century Gothic, sans-serif;\">I'll call you and we'll discuss the details. We can also create a prototype and send you photos so the final finish is to your liking.<\/span><\/li>\n<li><span style=\"font-family: Century Gothic, sans-serif;\">Completion of the order and delivery.<\/span><\/li>\n<\/ol>\n\n\t\t<\/div>\n\t<\/div>\n<div class=\"vc_empty_space\"   style=\"height: 32px\"><span class=\"vc_empty_space_inner\"><\/span><\/div><div class=\"button_style_1 vc_btn3-container vc_btn3-center\" >\n\t<a class=\"vc_general vc_btn3 vc_btn3-size-md vc_btn3-shape-rounded vc_btn3-style-modern vc_btn3-color-grey\" href=\"mailto:info@palopalu.com\" title=\"\">SEND YOUR IDEA!<\/a><\/div>\n<div class=\"vc_empty_space\"   style=\"height: 32px\"><span class=\"vc_empty_space_inner\"><\/span><\/div>\n\t<div  class=\"wpb_single_image wpb_content_element vc_align_left wpb_content_element\">\n\t\t\n\t\t<figure class=\"wpb_wrapper vc_figure\">\n\t\t\t<div class=\"vc_single_image-wrapper   vc_box_border_grey\"><img loading=\"lazy\" decoding=\"async\" width=\"1920\" height=\"1280\" src=\"https:\/\/palopalu.com\/wp-content\/uploads\/2020\/02\/bebes-2.jpg\" class=\"vc_single_image-img attachment-full\" alt=\"\" title=\"bebes-2\" srcset=\"https:\/\/palopalu.com\/wp-content\/uploads\/2020\/02\/bebes-2.jpg 1920w, https:\/\/palopalu.com\/wp-content\/uploads\/2020\/02\/bebes-2-300x200.jpg 300w, https:\/\/palopalu.com\/wp-content\/uploads\/2020\/02\/bebes-2-1024x683.jpg 1024w, https:\/\/palopalu.com\/wp-content\/uploads\/2020\/02\/bebes-2-768x512.jpg 768w, https:\/\/palopalu.com\/wp-content\/uploads\/2020\/02\/bebes-2-1536x1024.jpg 1536w, https:\/\/palopalu.com\/wp-content\/uploads\/2020\/02\/bebes-2-600x400.jpg 600w\" sizes=\"auto, (max-width: 1920px) 100vw, 1920px\" \/><\/div>\n\t\t<\/figure>\n\t<\/div>\n\n\t<div  class=\"wpb_single_image wpb_content_element vc_align_left wpb_content_element\">\n\t\t\n\t\t<figure class=\"wpb_wrapper vc_figure\">\n\t\t\t<div class=\"vc_single_image-wrapper   vc_box_border_grey\"><img loading=\"lazy\" decoding=\"async\" width=\"1200\" height=\"1800\" src=\"https:\/\/palopalu.com\/wp-content\/uploads\/2022\/05\/bebes-3.jpg\" class=\"vc_single_image-img attachment-full\" alt=\"\" title=\"bebes-3\" srcset=\"https:\/\/palopalu.com\/wp-content\/uploads\/2022\/05\/bebes-3.jpg 1200w, https:\/\/palopalu.com\/wp-content\/uploads\/2022\/05\/bebes-3-200x300.jpg 200w, https:\/\/palopalu.com\/wp-content\/uploads\/2022\/05\/bebes-3-683x1024.jpg 683w, https:\/\/palopalu.com\/wp-content\/uploads\/2022\/05\/bebes-3-768x1152.jpg 768w, https:\/\/palopalu.com\/wp-content\/uploads\/2022\/05\/bebes-3-1024x1536.jpg 1024w, https:\/\/palopalu.com\/wp-content\/uploads\/2022\/05\/bebes-3-600x900.jpg 600w\" sizes=\"auto, (max-width: 1200px) 100vw, 1200px\" \/><\/div>\n\t\t<\/figure>\n\t<\/div>\n<div class=\"vc_empty_space\"   style=\"height: 32px\"><span class=\"vc_empty_space_inner\"><\/span><\/div><\/div><\/div><\/div><\/div><\/div><\/div><\/div><div class=\"wpb_column vc_column_container vc_col-sm-2\"><div class=\"vc_column-inner\"><div class=\"wpb_wrapper\"><\/div><\/div><\/div><\/div>\n<\/div>","protected":false},"excerpt":{"rendered":"Qu\u00e9 mejor para dar la bienvenida al mundo a una nueva personita, que regal\u00e1ndole un detalle especialmente creado para ella. Un dise\u00f1o que no s\u00f3lo pueda ser utilizado como juguete o decoraci\u00f3n en su primera etapa, sino que adem\u00e1s formar\u00e1 parte de su caj\u00f3n m\u00e1s personal de recuerdos para toda la vida. Desde preciosos natalicios [...]","protected":false},"author":1,"featured_media":0,"parent":0,"menu_order":0,"comment_status":"closed","ping_status":"closed","template":"","meta":{"footnotes":""},"class_list":["post-2116","page","type-page","status-publish","hentry","clearfix"],"yoast_head":"<!-- This site is optimized with the Yoast SEO plugin v27.5 - https:\/\/yoast.com\/product\/yoast-seo-wordpress\/ -->\n<title>Palopal\u00fa \u2022 Detalles personalizados para beb\u00e9s: Natalicios, agarradores,...<\/title>\n<meta name=\"description\" content=\"Detalles personalizados para beb\u00e9s. M\u00e1s que simples juguetes en su primera etapa, formar\u00e1n parte de su caj\u00f3n m\u00e1s personal de recuerdos.\" \/>\n<meta name=\"robots\" content=\"index, follow, max-snippet:-1, max-image-preview:large, max-video-preview:-1\" \/>\n<link rel=\"canonical\" href=\"https:\/\/palopalu.com\/en\/detalles-para-bebes\/\" \/>\n<meta property=\"og:locale\" content=\"en_GB\" \/>\n<meta property=\"og:type\" content=\"article\" \/>\n<meta property=\"og:title\" content=\"Palopal\u00fa \u2022 Detalles personalizados para beb\u00e9s: Natalicios, agarradores,...\" \/>\n<meta property=\"og:description\" content=\"Detalles personalizados para beb\u00e9s. M\u00e1s que simples juguetes en su primera etapa, formar\u00e1n parte de su caj\u00f3n m\u00e1s personal de recuerdos.\" \/>\n<meta property=\"og:url\" content=\"https:\/\/palopalu.com\/en\/detalles-para-bebes\/\" \/>\n<meta property=\"og:site_name\" content=\"Palopal\u00fa\" \/>\n<meta property=\"article:publisher\" content=\"https:\/\/www.facebook.com\/palopalupalopalu\" \/>\n<meta property=\"article:modified_time\" content=\"2022-06-24T11:08:43+00:00\" \/>\n<meta name=\"twitter:card\" content=\"summary_large_image\" \/>\n<meta name=\"twitter:label1\" content=\"Estimated reading time\" \/>\n\t<meta name=\"twitter:data1\" content=\"1 minute\" \/>\n<script type=\"application\/ld+json\" class=\"yoast-schema-graph\">{\"@context\":\"https:\\\/\\\/schema.org\",\"@graph\":[{\"@type\":\"WebPage\",\"@id\":\"https:\\\/\\\/palopalu.com\\\/detalles-para-bebes\\\/\",\"url\":\"https:\\\/\\\/palopalu.com\\\/detalles-para-bebes\\\/\",\"name\":\"Palopal\u00fa \u2022 Detalles personalizados para beb\u00e9s: Natalicios, agarradores,...\",\"isPartOf\":{\"@id\":\"https:\\\/\\\/palopalu.com\\\/#website\"},\"datePublished\":\"2019-09-30T18:01:16+00:00\",\"dateModified\":\"2022-06-24T11:08:43+00:00\",\"description\":\"Detalles personalizados para beb\u00e9s. M\u00e1s que simples juguetes en su primera etapa, formar\u00e1n parte de su caj\u00f3n m\u00e1s personal de recuerdos.\",\"breadcrumb\":{\"@id\":\"https:\\\/\\\/palopalu.com\\\/detalles-para-bebes\\\/#breadcrumb\"},\"inLanguage\":\"en-GB\",\"potentialAction\":[{\"@type\":\"ReadAction\",\"target\":[\"https:\\\/\\\/palopalu.com\\\/detalles-para-bebes\\\/\"]}]},{\"@type\":\"BreadcrumbList\",\"@id\":\"https:\\\/\\\/palopalu.com\\\/detalles-para-bebes\\\/#breadcrumb\",\"itemListElement\":[{\"@type\":\"ListItem\",\"position\":1,\"name\":\"Portada\",\"item\":\"https:\\\/\\\/palopalu.com\\\/\"},{\"@type\":\"ListItem\",\"position\":2,\"name\":\"Detalles para beb\u00e9s\"}]},{\"@type\":\"WebSite\",\"@id\":\"https:\\\/\\\/palopalu.com\\\/#website\",\"url\":\"https:\\\/\\\/palopalu.com\\\/\",\"name\":\"Palopal\u00fa\",\"description\":\"Juguetes, decoraci\u00f3n y objetos personalizados en madera\",\"publisher\":{\"@id\":\"https:\\\/\\\/palopalu.com\\\/#organization\"},\"potentialAction\":[{\"@type\":\"SearchAction\",\"target\":{\"@type\":\"EntryPoint\",\"urlTemplate\":\"https:\\\/\\\/palopalu.com\\\/?s={search_term_string}\"},\"query-input\":{\"@type\":\"PropertyValueSpecification\",\"valueRequired\":true,\"valueName\":\"search_term_string\"}}],\"inLanguage\":\"en-GB\"},{\"@type\":\"Organization\",\"@id\":\"https:\\\/\\\/palopalu.com\\\/#organization\",\"name\":\"Palopal\u00fa\",\"url\":\"https:\\\/\\\/palopalu.com\\\/\",\"logo\":{\"@type\":\"ImageObject\",\"inLanguage\":\"en-GB\",\"@id\":\"https:\\\/\\\/palopalu.com\\\/#\\\/schema\\\/logo\\\/image\\\/\",\"url\":\"https:\\\/\\\/palopalu.com\\\/wp-content\\\/uploads\\\/2019\\\/02\\\/logo-palopalu.png\",\"contentUrl\":\"https:\\\/\\\/palopalu.com\\\/wp-content\\\/uploads\\\/2019\\\/02\\\/logo-palopalu.png\",\"width\":125,\"height\":30,\"caption\":\"Palopal\u00fa\"},\"image\":{\"@id\":\"https:\\\/\\\/palopalu.com\\\/#\\\/schema\\\/logo\\\/image\\\/\"},\"sameAs\":[\"https:\\\/\\\/www.facebook.com\\\/palopalupalopalu\",\"https:\\\/\\\/www.instagram.com\\\/palopalu\"]}]}<\/script>\n<!-- \/ Yoast SEO plugin. -->","yoast_head_json":{"title":"Palopal\u00fa \u2022 Detalles personalizados para beb\u00e9s: Natalicios, agarradores,...","description":"Detalles personalizados para beb\u00e9s. M\u00e1s que simples juguetes en su primera etapa, formar\u00e1n parte de su caj\u00f3n m\u00e1s personal de recuerdos.","robots":{"index":"index","follow":"follow","max-snippet":"max-snippet:-1","max-image-preview":"max-image-preview:large","max-video-preview":"max-video-preview:-1"},"canonical":"https:\/\/palopalu.com\/en\/detalles-para-bebes\/","og_locale":"en_GB","og_type":"article","og_title":"Palopal\u00fa \u2022 Detalles personalizados para beb\u00e9s: Natalicios, agarradores,...","og_description":"Detalles personalizados para beb\u00e9s. M\u00e1s que simples juguetes en su primera etapa, formar\u00e1n parte de su caj\u00f3n m\u00e1s personal de recuerdos.","og_url":"https:\/\/palopalu.com\/en\/detalles-para-bebes\/","og_site_name":"Palopal\u00fa","article_publisher":"https:\/\/www.facebook.com\/palopalupalopalu","article_modified_time":"2022-06-24T11:08:43+00:00","twitter_card":"summary_large_image","twitter_misc":{"Estimated reading time":"1 minute"},"schema":{"@context":"https:\/\/schema.org","@graph":[{"@type":"WebPage","@id":"https:\/\/palopalu.com\/detalles-para-bebes\/","url":"https:\/\/palopalu.com\/detalles-para-bebes\/","name":"Palopal\u00fa \u2022 Detalles personalizados para beb\u00e9s: Natalicios, agarradores,...","isPartOf":{"@id":"https:\/\/palopalu.com\/#website"},"datePublished":"2019-09-30T18:01:16+00:00","dateModified":"2022-06-24T11:08:43+00:00","description":"Detalles personalizados para beb\u00e9s. M\u00e1s que simples juguetes en su primera etapa, formar\u00e1n parte de su caj\u00f3n m\u00e1s personal de recuerdos.","breadcrumb":{"@id":"https:\/\/palopalu.com\/detalles-para-bebes\/#breadcrumb"},"inLanguage":"en-GB","potentialAction":[{"@type":"ReadAction","target":["https:\/\/palopalu.com\/detalles-para-bebes\/"]}]},{"@type":"BreadcrumbList","@id":"https:\/\/palopalu.com\/detalles-para-bebes\/#breadcrumb","itemListElement":[{"@type":"ListItem","position":1,"name":"Portada","item":"https:\/\/palopalu.com\/"},{"@type":"ListItem","position":2,"name":"Detalles para beb\u00e9s"}]},{"@type":"WebSite","@id":"https:\/\/palopalu.com\/#website","url":"https:\/\/palopalu.com\/","name":"Palopal\u00fa","description":"Juguetes, decoraci\u00f3n y objetos personalizados en madera","publisher":{"@id":"https:\/\/palopalu.com\/#organization"},"potentialAction":[{"@type":"SearchAction","target":{"@type":"EntryPoint","urlTemplate":"https:\/\/palopalu.com\/?s={search_term_string}"},"query-input":{"@type":"PropertyValueSpecification","valueRequired":true,"valueName":"search_term_string"}}],"inLanguage":"en-GB"},{"@type":"Organization","@id":"https:\/\/palopalu.com\/#organization","name":"Palopal\u00fa","url":"https:\/\/palopalu.com\/","logo":{"@type":"ImageObject","inLanguage":"en-GB","@id":"https:\/\/palopalu.com\/#\/schema\/logo\/image\/","url":"https:\/\/palopalu.com\/wp-content\/uploads\/2019\/02\/logo-palopalu.png","contentUrl":"https:\/\/palopalu.com\/wp-content\/uploads\/2019\/02\/logo-palopalu.png","width":125,"height":30,"caption":"Palopal\u00fa"},"image":{"@id":"https:\/\/palopalu.com\/#\/schema\/logo\/image\/"},"sameAs":["https:\/\/www.facebook.com\/palopalupalopalu","https:\/\/www.instagram.com\/palopalu"]}]}},"_links":{"self":[{"href":"https:\/\/palopalu.com\/en\/wp-json\/wp\/v2\/pages\/2116","targetHints":{"allow":["GET"]}}],"collection":[{"href":"https:\/\/palopalu.com\/en\/wp-json\/wp\/v2\/pages"}],"about":[{"href":"https:\/\/palopalu.com\/en\/wp-json\/wp\/v2\/types\/page"}],"author":[{"embeddable":true,"href":"https:\/\/palopalu.com\/en\/wp-json\/wp\/v2\/users\/1"}],"replies":[{"embeddable":true,"href":"https:\/\/palopalu.com\/en\/wp-json\/wp\/v2\/comments?post=2116"}],"version-history":[{"count":10,"href":"https:\/\/palopalu.com\/en\/wp-json\/wp\/v2\/pages\/2116\/revisions"}],"predecessor-version":[{"id":5069,"href":"https:\/\/palopalu.com\/en\/wp-json\/wp\/v2\/pages\/2116\/revisions\/5069"}],"wp:attachment":[{"href":"https:\/\/palopalu.com\/en\/wp-json\/wp\/v2\/media?parent=2116"}],"curies":[{"name":"wp","href":"https:\/\/api.w.org\/{rel}","templated":true}]}}