{"id":2118,"date":"2019-09-30T19:02:54","date_gmt":"2019-09-30T18:02:54","guid":{"rendered":"https:\/\/palopalu.com\/?page_id=2118"},"modified":"2022-06-24T12:17:50","modified_gmt":"2022-06-24T11:17:50","slug":"bodas-eventos","status":"publish","type":"page","link":"https:\/\/palopalu.com\/en\/bodas-eventos\/","title":{"rendered":"Details for weddings and events"},"content":{"rendered":"<div class=\"wpb-content-wrapper\"><div class=\"vc_row wpb_row vc_row-fluid\"><div class=\"wpb_column vc_column_container vc_col-sm-2\"><div class=\"vc_column-inner\"><div class=\"wpb_wrapper\"><\/div><\/div><\/div><div class=\"wpb_column vc_column_container vc_col-sm-8\"><div class=\"vc_column-inner\"><div class=\"wpb_wrapper\"><div class=\"vc_row wpb_row vc_inner vc_row-fluid\"><div class=\"wpb_column vc_column_container vc_col-sm-12\"><div class=\"vc_column-inner\"><div class=\"wpb_wrapper\">\n\t<div class=\"wpb_text_column wpb_content_element vc_custom_1656069448296\" >\n\t\t<div class=\"wpb_wrapper\">\n\t\t\t<p class=\"western\" align=\"justify\"><span style=\"font-family: Century Gothic, sans-serif;\">We love working with people looking for something different and original for their special day. That's why Palopal\u00fa adapts to your ideas and advises you on how to make that unique gift a reality, ensuring your guests take home a beautiful souvenir full of personality. <\/span><\/p>\n<p class=\"western\" align=\"justify\"><span style=\"font-family: Century Gothic, sans-serif;\">Gift ideas for guests, personalized illustrations, invitations... everything tailored to the type of celebration you have in mind, with your preferred theme or inspired by your own story.<\/span><\/p>\n<p class=\"western\"><span style=\"font-family: Century Gothic, sans-serif;\"><strong>You just have to follow the following steps:<\/strong><\/span><\/p>\n<ol>\n<li class=\"western\">\n<p class=\"western\"><span style=\"font-family: Century Gothic, sans-serif;\">Send your idea through <\/span><strong style=\"font-family: 'Century Gothic', sans-serif;\"><a href=\"mailto:info@palopalu.com\">info@palopalu.com<\/a><\/strong><span style=\"font-family: 'Century Gothic', sans-serif;\">.<\/span><\/p>\n<\/li>\n<li class=\"western\">\n<p class=\"western\"><span style=\"font-family: Century Gothic, sans-serif;\">We'll call you and discuss the details. We'll create a prototype so everything is exactly to your liking.<\/span><\/p>\n<\/li>\n<li class=\"western\">\n<p class=\"western\" align=\"justify\"><span style=\"font-family: Century Gothic, sans-serif;\">Manufacturing, final details and delivery.<\/span><\/p>\n<\/li>\n<\/ol>\n\n\t\t<\/div>\n\t<\/div>\n<div class=\"vc_empty_space\"   style=\"height: 32px\"><span class=\"vc_empty_space_inner\"><\/span><\/div><div class=\"vc_empty_space\"   style=\"height: 32px\"><span class=\"vc_empty_space_inner\"><\/span><\/div><div class=\"button_style_1 vc_btn3-container vc_btn3-center\" >\n\t<a class=\"vc_general vc_btn3 vc_btn3-size-md vc_btn3-shape-rounded vc_btn3-style-modern vc_btn3-color-grey\" href=\"mailto:info@palopalu.com\" title=\"\">SEND YOUR IDEA!<\/a><\/div>\n<div class=\"vc_empty_space\"   style=\"height: 32px\"><span class=\"vc_empty_space_inner\"><\/span><\/div><\/div><\/div><\/div><\/div><div class=\"vc_row wpb_row vc_inner vc_row-fluid\"><div class=\"wpb_column vc_column_container vc_col-sm-12\"><div class=\"vc_column-inner\"><div class=\"wpb_wrapper\">\n\t<div  class=\"wpb_single_image wpb_content_element vc_align_left wpb_content_element\">\n\t\t\n\t\t<figure class=\"wpb_wrapper vc_figure\">\n\t\t\t<div class=\"vc_single_image-wrapper   vc_box_border_grey\"><img loading=\"lazy\" decoding=\"async\" width=\"1600\" height=\"1200\" src=\"https:\/\/palopalu.com\/wp-content\/uploads\/2020\/02\/bodas-4.jpeg\" class=\"vc_single_image-img attachment-full\" alt=\"\" title=\"bodas-4\" srcset=\"https:\/\/palopalu.com\/wp-content\/uploads\/2020\/02\/bodas-4.jpeg 1600w, https:\/\/palopalu.com\/wp-content\/uploads\/2020\/02\/bodas-4-300x225.jpeg 300w, https:\/\/palopalu.com\/wp-content\/uploads\/2020\/02\/bodas-4-1024x768.jpeg 1024w, https:\/\/palopalu.com\/wp-content\/uploads\/2020\/02\/bodas-4-768x576.jpeg 768w, https:\/\/palopalu.com\/wp-content\/uploads\/2020\/02\/bodas-4-1536x1152.jpeg 1536w, https:\/\/palopalu.com\/wp-content\/uploads\/2020\/02\/bodas-4-600x450.jpeg 600w\" sizes=\"auto, (max-width: 1600px) 100vw, 1600px\" \/><\/div>\n\t\t<\/figure>\n\t<\/div>\n\n\t<div  class=\"wpb_single_image wpb_content_element vc_align_left wpb_content_element\">\n\t\t\n\t\t<figure class=\"wpb_wrapper vc_figure\">\n\t\t\t<div class=\"vc_single_image-wrapper   vc_box_border_grey\"><img loading=\"lazy\" decoding=\"async\" width=\"1600\" height=\"1200\" src=\"https:\/\/palopalu.com\/wp-content\/uploads\/2020\/02\/bodas-5.jpg\" class=\"vc_single_image-img attachment-full\" alt=\"\" title=\"bodas-5\" srcset=\"https:\/\/palopalu.com\/wp-content\/uploads\/2020\/02\/bodas-5.jpg 1600w, https:\/\/palopalu.com\/wp-content\/uploads\/2020\/02\/bodas-5-300x225.jpg 300w, https:\/\/palopalu.com\/wp-content\/uploads\/2020\/02\/bodas-5-1024x768.jpg 1024w, https:\/\/palopalu.com\/wp-content\/uploads\/2020\/02\/bodas-5-768x576.jpg 768w, https:\/\/palopalu.com\/wp-content\/uploads\/2020\/02\/bodas-5-1536x1152.jpg 1536w, https:\/\/palopalu.com\/wp-content\/uploads\/2020\/02\/bodas-5-600x450.jpg 600w\" sizes=\"auto, (max-width: 1600px) 100vw, 1600px\" \/><\/div>\n\t\t<\/figure>\n\t<\/div>\n\n\t<div  class=\"wpb_single_image wpb_content_element vc_align_left wpb_content_element\">\n\t\t\n\t\t<figure class=\"wpb_wrapper vc_figure\">\n\t\t\t<div class=\"vc_single_image-wrapper   vc_box_border_grey\"><img loading=\"lazy\" decoding=\"async\" width=\"1080\" height=\"1080\" src=\"https:\/\/palopalu.com\/wp-content\/uploads\/2020\/02\/bodas-3.jpg\" class=\"vc_single_image-img attachment-full\" alt=\"\" title=\"bodas-3\" srcset=\"https:\/\/palopalu.com\/wp-content\/uploads\/2020\/02\/bodas-3.jpg 1080w, https:\/\/palopalu.com\/wp-content\/uploads\/2020\/02\/bodas-3-300x300.jpg 300w, https:\/\/palopalu.com\/wp-content\/uploads\/2020\/02\/bodas-3-1024x1024.jpg 1024w, https:\/\/palopalu.com\/wp-content\/uploads\/2020\/02\/bodas-3-150x150.jpg 150w, https:\/\/palopalu.com\/wp-content\/uploads\/2020\/02\/bodas-3-768x768.jpg 768w, https:\/\/palopalu.com\/wp-content\/uploads\/2020\/02\/bodas-3-600x600.jpg 600w, https:\/\/palopalu.com\/wp-content\/uploads\/2020\/02\/bodas-3-100x100.jpg 100w\" sizes=\"auto, (max-width: 1080px) 100vw, 1080px\" \/><\/div>\n\t\t<\/figure>\n\t<\/div>\n\n\t<div  class=\"wpb_single_image wpb_content_element vc_align_left wpb_content_element\">\n\t\t\n\t\t<figure class=\"wpb_wrapper vc_figure\">\n\t\t\t<div class=\"vc_single_image-wrapper   vc_box_border_grey\"><img loading=\"lazy\" decoding=\"async\" width=\"1080\" height=\"1080\" src=\"https:\/\/palopalu.com\/wp-content\/uploads\/2020\/02\/bodas-1.jpg\" class=\"vc_single_image-img attachment-full\" alt=\"\" title=\"bodas-1\" srcset=\"https:\/\/palopalu.com\/wp-content\/uploads\/2020\/02\/bodas-1.jpg 1080w, https:\/\/palopalu.com\/wp-content\/uploads\/2020\/02\/bodas-1-300x300.jpg 300w, https:\/\/palopalu.com\/wp-content\/uploads\/2020\/02\/bodas-1-1024x1024.jpg 1024w, https:\/\/palopalu.com\/wp-content\/uploads\/2020\/02\/bodas-1-150x150.jpg 150w, https:\/\/palopalu.com\/wp-content\/uploads\/2020\/02\/bodas-1-768x768.jpg 768w, https:\/\/palopalu.com\/wp-content\/uploads\/2020\/02\/bodas-1-600x600.jpg 600w, https:\/\/palopalu.com\/wp-content\/uploads\/2020\/02\/bodas-1-100x100.jpg 100w\" sizes=\"auto, (max-width: 1080px) 100vw, 1080px\" \/><\/div>\n\t\t<\/figure>\n\t<\/div>\n\n\t<div  class=\"wpb_single_image wpb_content_element vc_align_left wpb_content_element\">\n\t\t\n\t\t<figure class=\"wpb_wrapper vc_figure\">\n\t\t\t<div class=\"vc_single_image-wrapper   vc_box_border_grey\"><img loading=\"lazy\" decoding=\"async\" width=\"1080\" height=\"800\" src=\"https:\/\/palopalu.com\/wp-content\/uploads\/2020\/02\/bodas-2.jpg\" class=\"vc_single_image-img attachment-full\" alt=\"\" title=\"bodas-2\" srcset=\"https:\/\/palopalu.com\/wp-content\/uploads\/2020\/02\/bodas-2.jpg 1080w, https:\/\/palopalu.com\/wp-content\/uploads\/2020\/02\/bodas-2-300x222.jpg 300w, https:\/\/palopalu.com\/wp-content\/uploads\/2020\/02\/bodas-2-1024x759.jpg 1024w, https:\/\/palopalu.com\/wp-content\/uploads\/2020\/02\/bodas-2-768x569.jpg 768w, https:\/\/palopalu.com\/wp-content\/uploads\/2020\/02\/bodas-2-600x444.jpg 600w\" sizes=\"auto, (max-width: 1080px) 100vw, 1080px\" \/><\/div>\n\t\t<\/figure>\n\t<\/div>\n<\/div><\/div><\/div><\/div><\/div><\/div><\/div><div class=\"wpb_column vc_column_container vc_col-sm-2\"><div class=\"vc_column-inner\"><div class=\"wpb_wrapper\"><\/div><\/div><\/div><\/div>\n<\/div>","protected":false},"excerpt":{"rendered":"Nos encanta trabajar con gente que busca algo diferente y original para ese d\u00eda tan especial. Por ello, Palopal\u00fa se adapta a tu idea y te asesora para hacer realidad ese detalle \u00fanico que haga que tus invitados se lleven un bonito recuerdo lleno de personalidad. Detalles para regalar a los invitados, ilustraciones personalizadas, invitaciones\u2026 [...]","protected":false},"author":1,"featured_media":0,"parent":0,"menu_order":0,"comment_status":"closed","ping_status":"closed","template":"","meta":{"footnotes":""},"class_list":["post-2118","page","type-page","status-publish","hentry","clearfix"],"yoast_head":"<!-- This site is optimized with the Yoast SEO plugin v27.5 - https:\/\/yoast.com\/product\/yoast-seo-wordpress\/ -->\n<title>Palopal\u00fa \u2022 Detalles en madera para bodas y eventos<\/title>\n<meta name=\"description\" content=\"Detalles personalizados en madera para bodas y eventos. Que tus invitados se lleven con ellos un bonito recuerdo de ese d\u00eda tan especial.\" \/>\n<meta name=\"robots\" content=\"index, follow, max-snippet:-1, max-image-preview:large, max-video-preview:-1\" \/>\n<link rel=\"canonical\" href=\"https:\/\/palopalu.com\/en\/bodas-eventos\/\" \/>\n<meta property=\"og:locale\" content=\"en_GB\" \/>\n<meta property=\"og:type\" content=\"article\" \/>\n<meta property=\"og:title\" content=\"Palopal\u00fa \u2022 Detalles en madera para bodas y eventos\" \/>\n<meta property=\"og:description\" content=\"Detalles personalizados en madera para bodas y eventos. Que tus invitados se lleven con ellos un bonito recuerdo de ese d\u00eda tan especial.\" \/>\n<meta property=\"og:url\" content=\"https:\/\/palopalu.com\/en\/bodas-eventos\/\" \/>\n<meta property=\"og:site_name\" content=\"Palopal\u00fa\" \/>\n<meta property=\"article:publisher\" content=\"https:\/\/www.facebook.com\/palopalupalopalu\" \/>\n<meta property=\"article:modified_time\" content=\"2022-06-24T11:17:50+00:00\" \/>\n<meta name=\"twitter:card\" content=\"summary_large_image\" \/>\n<meta name=\"twitter:label1\" content=\"Estimated reading time\" \/>\n\t<meta name=\"twitter:data1\" content=\"1 minute\" \/>\n<script type=\"application\/ld+json\" class=\"yoast-schema-graph\">{\"@context\":\"https:\\\/\\\/schema.org\",\"@graph\":[{\"@type\":\"WebPage\",\"@id\":\"https:\\\/\\\/palopalu.com\\\/bodas-eventos\\\/\",\"url\":\"https:\\\/\\\/palopalu.com\\\/bodas-eventos\\\/\",\"name\":\"Palopal\u00fa \u2022 Detalles en madera para bodas y eventos\",\"isPartOf\":{\"@id\":\"https:\\\/\\\/palopalu.com\\\/#website\"},\"datePublished\":\"2019-09-30T18:02:54+00:00\",\"dateModified\":\"2022-06-24T11:17:50+00:00\",\"description\":\"Detalles personalizados en madera para bodas y eventos. Que tus invitados se lleven con ellos un bonito recuerdo de ese d\u00eda tan especial.\",\"breadcrumb\":{\"@id\":\"https:\\\/\\\/palopalu.com\\\/bodas-eventos\\\/#breadcrumb\"},\"inLanguage\":\"en-GB\",\"potentialAction\":[{\"@type\":\"ReadAction\",\"target\":[\"https:\\\/\\\/palopalu.com\\\/bodas-eventos\\\/\"]}]},{\"@type\":\"BreadcrumbList\",\"@id\":\"https:\\\/\\\/palopalu.com\\\/bodas-eventos\\\/#breadcrumb\",\"itemListElement\":[{\"@type\":\"ListItem\",\"position\":1,\"name\":\"Portada\",\"item\":\"https:\\\/\\\/palopalu.com\\\/\"},{\"@type\":\"ListItem\",\"position\":2,\"name\":\"Detalles para bodas y eventos\"}]},{\"@type\":\"WebSite\",\"@id\":\"https:\\\/\\\/palopalu.com\\\/#website\",\"url\":\"https:\\\/\\\/palopalu.com\\\/\",\"name\":\"Palopal\u00fa\",\"description\":\"Juguetes, decoraci\u00f3n y objetos personalizados en madera\",\"publisher\":{\"@id\":\"https:\\\/\\\/palopalu.com\\\/#organization\"},\"potentialAction\":[{\"@type\":\"SearchAction\",\"target\":{\"@type\":\"EntryPoint\",\"urlTemplate\":\"https:\\\/\\\/palopalu.com\\\/?s={search_term_string}\"},\"query-input\":{\"@type\":\"PropertyValueSpecification\",\"valueRequired\":true,\"valueName\":\"search_term_string\"}}],\"inLanguage\":\"en-GB\"},{\"@type\":\"Organization\",\"@id\":\"https:\\\/\\\/palopalu.com\\\/#organization\",\"name\":\"Palopal\u00fa\",\"url\":\"https:\\\/\\\/palopalu.com\\\/\",\"logo\":{\"@type\":\"ImageObject\",\"inLanguage\":\"en-GB\",\"@id\":\"https:\\\/\\\/palopalu.com\\\/#\\\/schema\\\/logo\\\/image\\\/\",\"url\":\"https:\\\/\\\/palopalu.com\\\/wp-content\\\/uploads\\\/2019\\\/02\\\/logo-palopalu.png\",\"contentUrl\":\"https:\\\/\\\/palopalu.com\\\/wp-content\\\/uploads\\\/2019\\\/02\\\/logo-palopalu.png\",\"width\":125,\"height\":30,\"caption\":\"Palopal\u00fa\"},\"image\":{\"@id\":\"https:\\\/\\\/palopalu.com\\\/#\\\/schema\\\/logo\\\/image\\\/\"},\"sameAs\":[\"https:\\\/\\\/www.facebook.com\\\/palopalupalopalu\",\"https:\\\/\\\/www.instagram.com\\\/palopalu\"]}]}<\/script>\n<!-- \/ Yoast SEO plugin. -->","yoast_head_json":{"title":"Palopal\u00fa \u2022 Detalles en madera para bodas y eventos","description":"Detalles personalizados en madera para bodas y eventos. Que tus invitados se lleven con ellos un bonito recuerdo de ese d\u00eda tan especial.","robots":{"index":"index","follow":"follow","max-snippet":"max-snippet:-1","max-image-preview":"max-image-preview:large","max-video-preview":"max-video-preview:-1"},"canonical":"https:\/\/palopalu.com\/en\/bodas-eventos\/","og_locale":"en_GB","og_type":"article","og_title":"Palopal\u00fa \u2022 Detalles en madera para bodas y eventos","og_description":"Detalles personalizados en madera para bodas y eventos. Que tus invitados se lleven con ellos un bonito recuerdo de ese d\u00eda tan especial.","og_url":"https:\/\/palopalu.com\/en\/bodas-eventos\/","og_site_name":"Palopal\u00fa","article_publisher":"https:\/\/www.facebook.com\/palopalupalopalu","article_modified_time":"2022-06-24T11:17:50+00:00","twitter_card":"summary_large_image","twitter_misc":{"Estimated reading time":"1 minute"},"schema":{"@context":"https:\/\/schema.org","@graph":[{"@type":"WebPage","@id":"https:\/\/palopalu.com\/bodas-eventos\/","url":"https:\/\/palopalu.com\/bodas-eventos\/","name":"Palopal\u00fa \u2022 Detalles en madera para bodas y eventos","isPartOf":{"@id":"https:\/\/palopalu.com\/#website"},"datePublished":"2019-09-30T18:02:54+00:00","dateModified":"2022-06-24T11:17:50+00:00","description":"Detalles personalizados en madera para bodas y eventos. Que tus invitados se lleven con ellos un bonito recuerdo de ese d\u00eda tan especial.","breadcrumb":{"@id":"https:\/\/palopalu.com\/bodas-eventos\/#breadcrumb"},"inLanguage":"en-GB","potentialAction":[{"@type":"ReadAction","target":["https:\/\/palopalu.com\/bodas-eventos\/"]}]},{"@type":"BreadcrumbList","@id":"https:\/\/palopalu.com\/bodas-eventos\/#breadcrumb","itemListElement":[{"@type":"ListItem","position":1,"name":"Portada","item":"https:\/\/palopalu.com\/"},{"@type":"ListItem","position":2,"name":"Detalles para bodas y eventos"}]},{"@type":"WebSite","@id":"https:\/\/palopalu.com\/#website","url":"https:\/\/palopalu.com\/","name":"Palopal\u00fa","description":"Juguetes, decoraci\u00f3n y objetos personalizados en madera","publisher":{"@id":"https:\/\/palopalu.com\/#organization"},"potentialAction":[{"@type":"SearchAction","target":{"@type":"EntryPoint","urlTemplate":"https:\/\/palopalu.com\/?s={search_term_string}"},"query-input":{"@type":"PropertyValueSpecification","valueRequired":true,"valueName":"search_term_string"}}],"inLanguage":"en-GB"},{"@type":"Organization","@id":"https:\/\/palopalu.com\/#organization","name":"Palopal\u00fa","url":"https:\/\/palopalu.com\/","logo":{"@type":"ImageObject","inLanguage":"en-GB","@id":"https:\/\/palopalu.com\/#\/schema\/logo\/image\/","url":"https:\/\/palopalu.com\/wp-content\/uploads\/2019\/02\/logo-palopalu.png","contentUrl":"https:\/\/palopalu.com\/wp-content\/uploads\/2019\/02\/logo-palopalu.png","width":125,"height":30,"caption":"Palopal\u00fa"},"image":{"@id":"https:\/\/palopalu.com\/#\/schema\/logo\/image\/"},"sameAs":["https:\/\/www.facebook.com\/palopalupalopalu","https:\/\/www.instagram.com\/palopalu"]}]}},"_links":{"self":[{"href":"https:\/\/palopalu.com\/en\/wp-json\/wp\/v2\/pages\/2118","targetHints":{"allow":["GET"]}}],"collection":[{"href":"https:\/\/palopalu.com\/en\/wp-json\/wp\/v2\/pages"}],"about":[{"href":"https:\/\/palopalu.com\/en\/wp-json\/wp\/v2\/types\/page"}],"author":[{"embeddable":true,"href":"https:\/\/palopalu.com\/en\/wp-json\/wp\/v2\/users\/1"}],"replies":[{"embeddable":true,"href":"https:\/\/palopalu.com\/en\/wp-json\/wp\/v2\/comments?post=2118"}],"version-history":[{"count":8,"href":"https:\/\/palopalu.com\/en\/wp-json\/wp\/v2\/pages\/2118\/revisions"}],"predecessor-version":[{"id":5071,"href":"https:\/\/palopalu.com\/en\/wp-json\/wp\/v2\/pages\/2118\/revisions\/5071"}],"wp:attachment":[{"href":"https:\/\/palopalu.com\/en\/wp-json\/wp\/v2\/media?parent=2118"}],"curies":[{"name":"wp","href":"https:\/\/api.w.org\/{rel}","templated":true}]}}