{"id":3,"date":"2019-01-28T17:55:21","date_gmt":"2019-01-28T17:55:21","guid":{"rendered":"https:\/\/palopalu.com\/?page_id=3"},"modified":"2024-08-30T20:11:05","modified_gmt":"2024-08-30T19:11:05","slug":"politica-privacidad","status":"publish","type":"page","link":"https:\/\/palopalu.com\/en\/politica-privacidad\/","title":{"rendered":"Privacy policy"},"content":{"rendered":"<div class=\"wpb-content-wrapper\"><div class=\"vc_row wpb_row vc_row-fluid\"><div class=\"wpb_column vc_column_container vc_col-sm-12\"><div class=\"vc_column-inner\"><div class=\"wpb_wrapper\"><div class=\"vc_row wpb_row vc_inner vc_row-fluid vc_custom_1553001095400\"><div class=\"wpb_column vc_column_container vc_col-sm-2\"><div class=\"vc_column-inner\"><div class=\"wpb_wrapper\"><h2 style=\"font-size: 24px;text-align: left\" class=\"vc_custom_heading vc_custom_1725044862704 heading_style_1\">Who am I<\/h2><\/div><\/div><\/div><div class=\"wpb_column vc_column_container vc_col-sm-1\"><div class=\"vc_column-inner\"><div class=\"wpb_wrapper\"><\/div><\/div><\/div><div class=\"wpb_column vc_column_container vc_col-sm-6\"><div class=\"vc_column-inner\"><div class=\"wpb_wrapper\">\n\t<div class=\"wpb_text_column wpb_content_element\" >\n\t\t<div class=\"wpb_wrapper\">\n\t\t\t<p>Responsible: Rosal\u00eda Fern\u00e1ndez Rodr\u00edguez (en adelante, \u201cPALOPAL\u00da\u201d). Domicilio Social: C\/ Cortes 29-31 6\u00baF, 48003 Bilbao.<\/p>\n\n\t\t<\/div>\n\t<\/div>\n<\/div><\/div><\/div><div class=\"wpb_column vc_column_container vc_col-sm-3\"><div class=\"vc_column-inner\"><div class=\"wpb_wrapper\"><\/div><\/div><\/div><\/div><div class=\"vc_row wpb_row vc_inner vc_row-fluid vc_custom_1553001103279\"><div class=\"wpb_column vc_column_container vc_col-sm-2\"><div class=\"vc_column-inner\"><div class=\"wpb_wrapper\"><h2 style=\"font-size: 24px;text-align: left\" class=\"vc_custom_heading vc_custom_1725044893625 heading_style_1\">Information and Consent<\/h2><\/div><\/div><\/div><div class=\"wpb_column vc_column_container vc_col-sm-1\"><div class=\"vc_column-inner\"><div class=\"wpb_wrapper\"><\/div><\/div><\/div><div class=\"wpb_column vc_column_container vc_col-sm-6\"><div class=\"vc_column-inner\"><div class=\"wpb_wrapper\">\n\t<div class=\"wpb_text_column wpb_content_element\" >\n\t\t<div class=\"wpb_wrapper\">\n\t\t\t<p>In accordance with the provisions of Organic Law 15\/1999, on Personal Data Protection (hereinafter, \u201cLOPD\u201d), by accepting this Privacy Policy, the User (hereinafter, the \u201cUser\u201d) gives his\/her informed, express, free and unequivocal consent for the personal data collected through the Website www.palopalu.com (hereinafter, the \u201cWebsite\u201d) to be included in an automated file owned by PALOPAL\u00da.<\/p>\n<p>All personal data requested from the User on the Website are mandatory, and it is not possible to access or register on the Website if such data are not provided.<\/p>\n<p>Likewise, when personal data is collected through forms that may be enabled on the Website for the development of its activity, it will be necessary for the User to provide, at least, those marked with an asterisk since, if such data considered necessary is not provided, we will not be able to provide the service to the user through the Website.<\/p>\n<p>The user guarantees that the personal data provided to PALOPAL\u00da are true and exact, with which PALOPAL\u00da will not be responsible for any incidence derived from the inaccuracy or falseness of the information provided by the users.<\/p>\n<p>The user, as the sole data controller, shall be responsible for complying with all applicable data protection regulations. Furthermore, the user agrees to obtain all legally required consents, authorizations and\/or approvals before including personal data on the Website or using the Website.<\/p>\n<p>The user&#8217;s or third party&#8217;s personal data provided by the user will be processed by PALOPAL\u00da through the Website only for the following purposes:<\/p>\n<p>To manage the registration of Users on the Website.<br \/>\nTo carry out the functionalities of the Web Site destined to the benefit of the services offered in the same one.<br \/>\nTo comply with the legally established obligations.<\/p>\n<p>Under no circumstances will we carry out any of the following activities:<\/p>\n<p>Transfer the data to other persons or entities, without the prior consent of the users.<br \/>\nTransfer them to other States, without the prior consent of the users.<\/p>\n<p>The user guarantees that the data provided are true, accurate, complete and updated, being responsible for any damage or prejudice, direct or indirect, that could be caused as a result of the breach of this obligation.<\/p>\n<p>In the event that the data provided belong to a third party, the user guarantees that he\/she has informed said third party of the aspects contained in this document and obtained his\/her authorization to provide his\/her data to the responsible party for the aforementioned purposes.<\/p>\n<p>PALOPAL\u00da cannot guarantee the absolute invulnerability of the systems, therefore, it does not assume any responsibility for damages derived from alterations that third parties may cause in the computer systems, electronic documents or files.<\/p>\n\n\t\t<\/div>\n\t<\/div>\n<\/div><\/div><\/div><div class=\"wpb_column vc_column_container vc_col-sm-3\"><div class=\"vc_column-inner\"><div class=\"wpb_wrapper\"><\/div><\/div><\/div><\/div><div class=\"vc_row wpb_row vc_inner vc_row-fluid vc_custom_1553001103279\"><div class=\"wpb_column vc_column_container vc_col-sm-2\"><div class=\"vc_column-inner\"><div class=\"wpb_wrapper\"><h2 style=\"font-size: 24px;text-align: left\" class=\"vc_custom_heading vc_custom_1725044993410 heading_style_1\">Cookies policy<\/h2><\/div><\/div><\/div><div class=\"wpb_column vc_column_container vc_col-sm-1\"><div class=\"vc_column-inner\"><div class=\"wpb_wrapper\"><\/div><\/div><\/div><div class=\"wpb_column vc_column_container vc_col-sm-6\"><div class=\"vc_column-inner\"><div class=\"wpb_wrapper\">\n\t<div class=\"wpb_text_column wpb_content_element\" >\n\t\t<div class=\"wpb_wrapper\">\n\t\t\t<p>In accordance with the provisions of Law 15\/1999, of December 13, 1999, on the Protection of Personal Data and Law 34\/2002, of Services of the Information Society, all personal data obtained through cookies during the use of the Website, will be treated in accordance with the provisions of the Cookies Policy.<\/p>\n\n\t\t<\/div>\n\t<\/div>\n<\/div><\/div><\/div><div class=\"wpb_column vc_column_container vc_col-sm-3\"><div class=\"vc_column-inner\"><div class=\"wpb_wrapper\"><\/div><\/div><\/div><\/div><div class=\"vc_row wpb_row vc_inner vc_row-fluid vc_custom_1553001103279\"><div class=\"wpb_column vc_column_container vc_col-sm-2\"><div class=\"vc_column-inner\"><div class=\"wpb_wrapper\"><h2 style=\"font-size: 24px;text-align: left\" class=\"vc_custom_heading vc_custom_1725045035753 heading_style_1\">Exercise of rights<\/h2><\/div><\/div><\/div><div class=\"wpb_column vc_column_container vc_col-sm-1\"><div class=\"vc_column-inner\"><div class=\"wpb_wrapper\"><\/div><\/div><\/div><div class=\"wpb_column vc_column_container vc_col-sm-6\"><div class=\"vc_column-inner\"><div class=\"wpb_wrapper\">\n\t<div class=\"wpb_text_column wpb_content_element\" >\n\t\t<div class=\"wpb_wrapper\">\n\t\t\t<p>In accordance with the provisions of the LOPD, we inform you that you can exercise your rights of access, rectification, cancellation and opposition, requesting it in writing through any of the following means, attaching in any case a copy of a document proving your identity and specifying the right or rights you wish to exercise, directly to PALOPAL\u00da through the following e-mail: info@palopalu.com.<\/p>\n\n\t\t<\/div>\n\t<\/div>\n<\/div><\/div><\/div><div class=\"wpb_column vc_column_container vc_col-sm-3\"><div class=\"vc_column-inner\"><div class=\"wpb_wrapper\"><\/div><\/div><\/div><\/div><div class=\"vc_row wpb_row vc_inner vc_row-fluid vc_custom_1553001103279\"><div class=\"wpb_column vc_column_container vc_col-sm-2\"><div class=\"vc_column-inner\"><div class=\"wpb_wrapper\"><h2 style=\"font-size: 24px;text-align: left\" class=\"vc_custom_heading vc_custom_1725045049443 heading_style_1\">Acceptance of privacy policy<\/h2><\/div><\/div><\/div><div class=\"wpb_column vc_column_container vc_col-sm-1\"><div class=\"vc_column-inner\"><div class=\"wpb_wrapper\"><\/div><\/div><\/div><div class=\"wpb_column vc_column_container vc_col-sm-6\"><div class=\"vc_column-inner\"><div class=\"wpb_wrapper\">\n\t<div class=\"wpb_text_column wpb_content_element\" >\n\t\t<div class=\"wpb_wrapper\">\n\t\t\t<p>The user acknowledges and agrees to have read and understood this Privacy Policy, the content of which constitutes the entire agreement between the user and PALOPAL\u00da with respect to the use and treatment of his\/her personal information within the Website.<\/p>\n<p>The user expressly agrees to be bound by the terms of this Privacy Policy, in its full extent and scope, without exception to any of its provisions.<\/p>\n<p>PALOPAL\u00da reserves the right to update and make changes to the Privacy Policy even without prior notice to the user. Such modifications will be effective at the moment of their publication in the Web Site, where they will be available for the User at all times. In this regard, we recommend the user to regularly consult the contents of the Privacy Policy to be aware of any changes affecting the processing of data within the Website.<\/p>\n\n\t\t<\/div>\n\t<\/div>\n<\/div><\/div><\/div><div class=\"wpb_column vc_column_container vc_col-sm-3\"><div class=\"vc_column-inner\"><div class=\"wpb_wrapper\"><\/div><\/div><\/div><\/div><\/div><\/div><\/div><\/div>\n<\/div>","protected":false},"excerpt":{"rendered":"Who am I Responsible: Rosal\u00eda Fern\u00e1ndez Rodr\u00edguez (en adelante, \u201cPALOPAL\u00da\u201d). Domicilio Social: C\/ Cortes 29-31 6\u00baF, 48003 Bilbao. Information and Consent In accordance with the provisions of Organic Law 15\/1999, on Personal Data Protection (hereinafter, \u201cLOPD\u201d), by accepting this Privacy Policy, the User (hereinafter, the \u201cUser\u201d) gives his\/her informed, express, free and unequivocal consent for [...]","protected":false},"author":1,"featured_media":0,"parent":0,"menu_order":0,"comment_status":"closed","ping_status":"open","template":"","meta":{"footnotes":""},"class_list":["post-3","page","type-page","status-publish","hentry","clearfix"],"yoast_head":"<!-- This site is optimized with the Yoast SEO plugin v27.5 - https:\/\/yoast.com\/product\/yoast-seo-wordpress\/ -->\n<title>Privacy policy &#8226; Palopal\u00fa<\/title>\n<meta name=\"robots\" content=\"index, follow, max-snippet:-1, max-image-preview:large, max-video-preview:-1\" \/>\n<link rel=\"canonical\" href=\"https:\/\/palopalu.com\/en\/politica-privacidad\/\" \/>\n<meta property=\"og:locale\" content=\"en_GB\" \/>\n<meta property=\"og:type\" content=\"article\" \/>\n<meta property=\"og:title\" content=\"Privacy policy &#8226; Palopal\u00fa\" \/>\n<meta property=\"og:url\" content=\"https:\/\/palopalu.com\/en\/politica-privacidad\/\" \/>\n<meta property=\"og:site_name\" content=\"Palopal\u00fa\" \/>\n<meta property=\"article:publisher\" content=\"https:\/\/www.facebook.com\/palopalupalopalu\" \/>\n<meta property=\"article:modified_time\" content=\"2024-08-30T19:11:05+00:00\" \/>\n<meta name=\"twitter:card\" content=\"summary_large_image\" \/>\n<meta name=\"twitter:label1\" content=\"Estimated reading time\" \/>\n\t<meta name=\"twitter:data1\" content=\"4 minutes\" \/>\n<script type=\"application\/ld+json\" class=\"yoast-schema-graph\">{\"@context\":\"https:\\\/\\\/schema.org\",\"@graph\":[{\"@type\":\"WebPage\",\"@id\":\"https:\\\/\\\/palopalu.com\\\/politica-privacidad\\\/\",\"url\":\"https:\\\/\\\/palopalu.com\\\/politica-privacidad\\\/\",\"name\":\"Privacy policy &#8226; Palopal\u00fa\",\"isPartOf\":{\"@id\":\"https:\\\/\\\/palopalu.com\\\/#website\"},\"datePublished\":\"2019-01-28T17:55:21+00:00\",\"dateModified\":\"2024-08-30T19:11:05+00:00\",\"breadcrumb\":{\"@id\":\"https:\\\/\\\/palopalu.com\\\/politica-privacidad\\\/#breadcrumb\"},\"inLanguage\":\"en-GB\",\"potentialAction\":[{\"@type\":\"ReadAction\",\"target\":[\"https:\\\/\\\/palopalu.com\\\/politica-privacidad\\\/\"]}]},{\"@type\":\"BreadcrumbList\",\"@id\":\"https:\\\/\\\/palopalu.com\\\/politica-privacidad\\\/#breadcrumb\",\"itemListElement\":[{\"@type\":\"ListItem\",\"position\":1,\"name\":\"Portada\",\"item\":\"https:\\\/\\\/palopalu.com\\\/\"},{\"@type\":\"ListItem\",\"position\":2,\"name\":\"Privacy policy\"}]},{\"@type\":\"WebSite\",\"@id\":\"https:\\\/\\\/palopalu.com\\\/#website\",\"url\":\"https:\\\/\\\/palopalu.com\\\/\",\"name\":\"Palopal\u00fa\",\"description\":\"Juguetes, decoraci\u00f3n y objetos personalizados en madera\",\"publisher\":{\"@id\":\"https:\\\/\\\/palopalu.com\\\/#organization\"},\"potentialAction\":[{\"@type\":\"SearchAction\",\"target\":{\"@type\":\"EntryPoint\",\"urlTemplate\":\"https:\\\/\\\/palopalu.com\\\/?s={search_term_string}\"},\"query-input\":{\"@type\":\"PropertyValueSpecification\",\"valueRequired\":true,\"valueName\":\"search_term_string\"}}],\"inLanguage\":\"en-GB\"},{\"@type\":\"Organization\",\"@id\":\"https:\\\/\\\/palopalu.com\\\/#organization\",\"name\":\"Palopal\u00fa\",\"url\":\"https:\\\/\\\/palopalu.com\\\/\",\"logo\":{\"@type\":\"ImageObject\",\"inLanguage\":\"en-GB\",\"@id\":\"https:\\\/\\\/palopalu.com\\\/#\\\/schema\\\/logo\\\/image\\\/\",\"url\":\"https:\\\/\\\/palopalu.com\\\/wp-content\\\/uploads\\\/2019\\\/02\\\/logo-palopalu.png\",\"contentUrl\":\"https:\\\/\\\/palopalu.com\\\/wp-content\\\/uploads\\\/2019\\\/02\\\/logo-palopalu.png\",\"width\":125,\"height\":30,\"caption\":\"Palopal\u00fa\"},\"image\":{\"@id\":\"https:\\\/\\\/palopalu.com\\\/#\\\/schema\\\/logo\\\/image\\\/\"},\"sameAs\":[\"https:\\\/\\\/www.facebook.com\\\/palopalupalopalu\",\"https:\\\/\\\/www.instagram.com\\\/palopalu\"]}]}<\/script>\n<!-- \/ Yoast SEO plugin. -->","yoast_head_json":{"title":"Privacy policy &#8226; Palopal\u00fa","robots":{"index":"index","follow":"follow","max-snippet":"max-snippet:-1","max-image-preview":"max-image-preview:large","max-video-preview":"max-video-preview:-1"},"canonical":"https:\/\/palopalu.com\/en\/politica-privacidad\/","og_locale":"en_GB","og_type":"article","og_title":"Privacy policy &#8226; Palopal\u00fa","og_url":"https:\/\/palopalu.com\/en\/politica-privacidad\/","og_site_name":"Palopal\u00fa","article_publisher":"https:\/\/www.facebook.com\/palopalupalopalu","article_modified_time":"2024-08-30T19:11:05+00:00","twitter_card":"summary_large_image","twitter_misc":{"Estimated reading time":"4 minutes"},"schema":{"@context":"https:\/\/schema.org","@graph":[{"@type":"WebPage","@id":"https:\/\/palopalu.com\/politica-privacidad\/","url":"https:\/\/palopalu.com\/politica-privacidad\/","name":"Privacy policy &#8226; Palopal\u00fa","isPartOf":{"@id":"https:\/\/palopalu.com\/#website"},"datePublished":"2019-01-28T17:55:21+00:00","dateModified":"2024-08-30T19:11:05+00:00","breadcrumb":{"@id":"https:\/\/palopalu.com\/politica-privacidad\/#breadcrumb"},"inLanguage":"en-GB","potentialAction":[{"@type":"ReadAction","target":["https:\/\/palopalu.com\/politica-privacidad\/"]}]},{"@type":"BreadcrumbList","@id":"https:\/\/palopalu.com\/politica-privacidad\/#breadcrumb","itemListElement":[{"@type":"ListItem","position":1,"name":"Portada","item":"https:\/\/palopalu.com\/"},{"@type":"ListItem","position":2,"name":"Privacy policy"}]},{"@type":"WebSite","@id":"https:\/\/palopalu.com\/#website","url":"https:\/\/palopalu.com\/","name":"Palopal\u00fa","description":"Juguetes, decoraci\u00f3n y objetos personalizados en madera","publisher":{"@id":"https:\/\/palopalu.com\/#organization"},"potentialAction":[{"@type":"SearchAction","target":{"@type":"EntryPoint","urlTemplate":"https:\/\/palopalu.com\/?s={search_term_string}"},"query-input":{"@type":"PropertyValueSpecification","valueRequired":true,"valueName":"search_term_string"}}],"inLanguage":"en-GB"},{"@type":"Organization","@id":"https:\/\/palopalu.com\/#organization","name":"Palopal\u00fa","url":"https:\/\/palopalu.com\/","logo":{"@type":"ImageObject","inLanguage":"en-GB","@id":"https:\/\/palopalu.com\/#\/schema\/logo\/image\/","url":"https:\/\/palopalu.com\/wp-content\/uploads\/2019\/02\/logo-palopalu.png","contentUrl":"https:\/\/palopalu.com\/wp-content\/uploads\/2019\/02\/logo-palopalu.png","width":125,"height":30,"caption":"Palopal\u00fa"},"image":{"@id":"https:\/\/palopalu.com\/#\/schema\/logo\/image\/"},"sameAs":["https:\/\/www.facebook.com\/palopalupalopalu","https:\/\/www.instagram.com\/palopalu"]}]}},"_links":{"self":[{"href":"https:\/\/palopalu.com\/en\/wp-json\/wp\/v2\/pages\/3","targetHints":{"allow":["GET"]}}],"collection":[{"href":"https:\/\/palopalu.com\/en\/wp-json\/wp\/v2\/pages"}],"about":[{"href":"https:\/\/palopalu.com\/en\/wp-json\/wp\/v2\/types\/page"}],"author":[{"embeddable":true,"href":"https:\/\/palopalu.com\/en\/wp-json\/wp\/v2\/users\/1"}],"replies":[{"embeddable":true,"href":"https:\/\/palopalu.com\/en\/wp-json\/wp\/v2\/comments?post=3"}],"version-history":[{"count":24,"href":"https:\/\/palopalu.com\/en\/wp-json\/wp\/v2\/pages\/3\/revisions"}],"predecessor-version":[{"id":5714,"href":"https:\/\/palopalu.com\/en\/wp-json\/wp\/v2\/pages\/3\/revisions\/5714"}],"wp:attachment":[{"href":"https:\/\/palopalu.com\/en\/wp-json\/wp\/v2\/media?parent=3"}],"curies":[{"name":"wp","href":"https:\/\/api.w.org\/{rel}","templated":true}]}}