{"id":6077,"date":"2026-02-10T19:09:04","date_gmt":"2026-02-10T18:09:04","guid":{"rendered":"https:\/\/palopalu.com\/?page_id=6077"},"modified":"2026-04-14T18:13:17","modified_gmt":"2026-04-14T17:13:17","slug":"talleres","status":"publish","type":"page","link":"https:\/\/palopalu.com\/en\/talleres\/","title":{"rendered":"Talleres"},"content":{"rendered":"<div class=\"wpb-content-wrapper\"><div class=\"vc_row wpb_row vc_row-fluid\"><div data-vc-parallax=\"1.5\" data-vc-parallax-image=\"https:\/\/palopalu.com\/wp-content\/uploads\/2026\/02\/composicion-de-elementos-de-alfareria-en-taller-scaled.jpg\" class=\"wpb_column vc_column_container vc_col-sm-12 vc_col-has-fill vc_general vc_parallax vc_parallax-content-moving\"><div class=\"vc_column-inner vc_custom_1770766216261\"><div class=\"wpb_wrapper\">\n\t<div class=\"wpb_text_column wpb_content_element vc_custom_1770766074054\" >\n\t\t<div class=\"wpb_wrapper\">\n\t\t\t<h3 style=\"text-align: center;\"><span style=\"color: #ffffff;\">Si te apetece salir de la rutina y hacer algo distinto,<\/span><\/h3>\n<h3 style=\"text-align: center;\"><span style=\"color: #ffffff;\"> <em>este es tu sitio.<\/em><\/span><\/h3>\n\n\t\t<\/div>\n\t<\/div>\n<\/div><\/div><\/div><\/div><div data-vc-full-width=\"true\" data-vc-full-width-init=\"false\" data-vc-stretch-content=\"true\" class=\"vc_row wpb_row vc_row-fluid vc_row-o-equal-height vc_row-o-content-top vc_row-flex\"><div class=\"wpb_column vc_column_container vc_col-sm-12 vc_col-has-fill\"><div class=\"vc_column-inner vc_custom_1770765233557\"><div class=\"wpb_wrapper\">\n\t<div class=\"wpb_text_column wpb_content_element vc_custom_1770765302473\" >\n\t\t<div class=\"wpb_wrapper\">\n\t\t\t<h1 style=\"text-align: center;\">TALLERES SEMANALES<\/h1>\n\n\t\t<\/div>\n\t<\/div>\n<div class=\"vc_row wpb_row vc_inner vc_row-fluid vc_row-o-equal-height vc_row-o-content-top vc_row-flex\"><div class=\"wpb_column vc_column_container vc_col-sm-6\"><div class=\"vc_column-inner vc_custom_1770765547777\"><div class=\"wpb_wrapper\">                        <div class=\"vc_custom_1772278076320  wpb_animate_when_almost_visible haru-css-animation wpb_fadeIn\">\n                <div class=\"banner-shortcode-wrap style_7\">\n    <div class=\"banner-content-wrap\">\n                    <a href=\"https:\/\/palopalu.com\/en\/taller-de-arte\/\" target=\"_self\">\n                                    <img decoding=\"async\" src=\"https:\/\/palopalu.com\/wp-content\/uploads\/2026\/02\/taller-de-arte-palopalu-scaled.png\" alt=\"TALLER DE ARTE\">\n                        <div class=\"banner-content-inner\">\n                <div class=\"banner-content\">\n                                            <h5 class=\"banner-title\">TALLER DE ARTE<\/h5>\n                                                                <p class=\"banner-description\">Taller Semanal<\/p>\n                                    <\/div>\n            <\/div>\n                    <\/a>\n            <\/div>\n<\/div>            <\/div>\n                    \n\t<div class=\"wpb_text_column wpb_content_element vc_custom_1772278410250\" >\n\t\t<div class=\"wpb_wrapper\">\n\t\t\t<p style=\"text-align: center;\">Un taller donde<strong> explorar tu creatividad<\/strong> a trav\u00e9s del dibujo, la ilustraci\u00f3n, el grabado y la<br \/>\ncer\u00e1mica. Pensado para aprender, disfrutar y expresarte sin juicios. Impartido por<br \/>\nClaudia, artista y docente especializada en procesos creativos @reclaustudio<\/p>\n\n\t\t<\/div>\n\t<\/div>\n<div class=\"default vc_btn3-container vc_btn3-center\" >\n\t<a class=\"vc_general vc_btn3 vc_btn3-size-md vc_btn3-shape-round vc_btn3-style-outline vc_btn3-color-inverse\" href=\"https:\/\/palopalu.com\/en\/taller-de-arte\/\" title=\"Taller de Arte\">SABER M\u00c1S<\/a><\/div>\n<div class=\"vc_empty_space\"   style=\"height: 63px\"><span class=\"vc_empty_space_inner\"><\/span><\/div><\/div><\/div><\/div><div class=\"wpb_column vc_column_container vc_col-sm-6 vc_col-has-fill\"><div class=\"vc_column-inner vc_custom_1770762568604\"><div class=\"wpb_wrapper\">                        <div class=\"vc_custom_1772203650501  wpb_animate_when_almost_visible haru-css-animation wpb_fadeIn\">\n                <div class=\"banner-shortcode-wrap style_7\">\n    <div class=\"banner-content-wrap\">\n                    <a href=\"https:\/\/palopalu.com\/en\/taller-de-ceramica\/\" target=\"_self\">\n                                    <img decoding=\"async\" src=\"https:\/\/palopalu.com\/wp-content\/uploads\/2026\/02\/mujer-joven-hace-ceramica-en-taller-scaled.jpg\" alt=\"TALLER DE CER\u00c1MICA\">\n                        <div class=\"banner-content-inner\">\n                <div class=\"banner-content\">\n                                            <h5 class=\"banner-title\">TALLER DE CER\u00c1MICA<\/h5>\n                                                                <p class=\"banner-description\">Taller Semanal<\/p>\n                                    <\/div>\n            <\/div>\n                    <\/a>\n            <\/div>\n<\/div>            <\/div>\n                    \n\t<div class=\"wpb_text_column wpb_content_element vc_custom_1775752906380\" >\n\t\t<div class=\"wpb_wrapper\">\n\t\t\t<p style=\"text-align: center;\" data-start=\"112\" data-end=\"403\">Una forma estupenda de <strong data-start=\"135\" data-end=\"163\">iniciarte en la cer\u00e1mica<\/strong> y aprender las bases del modelado, esmaltado y decoraci\u00f3n. A lo largo de las sesiones semanales explorar\u00e1s distintas maneras de trabajar la arcilla, mientras desarrollas tus propias piezas.<\/p>\n\n\t\t<\/div>\n\t<\/div>\n<div class=\"default vc_btn3-container vc_btn3-center\" >\n\t<a class=\"vc_general vc_btn3 vc_btn3-size-md vc_btn3-shape-round vc_btn3-style-outline vc_btn3-color-inverse\" href=\"https:\/\/palopalu.com\/en\/taller-de-ceramica\/\" title=\"Taller de Cer\u00e1mica\">SABER M\u00c1S<\/a><\/div>\n<div class=\"vc_empty_space\"   style=\"height: 63px\"><span class=\"vc_empty_space_inner\"><\/span><\/div><\/div><\/div><\/div><\/div><\/div><\/div><\/div><\/div><div class=\"vc_row-full-width vc_clearfix\"><\/div><div data-vc-full-width=\"true\" data-vc-full-width-init=\"false\" data-vc-stretch-content=\"true\" class=\"vc_row wpb_row vc_row-fluid vc_row-o-equal-height vc_row-o-content-top vc_row-flex\"><div class=\"wpb_column vc_column_container vc_col-sm-12 vc_col-has-fill\"><div class=\"vc_column-inner vc_custom_1770765233557\"><div class=\"wpb_wrapper\">\n\t<div class=\"wpb_text_column wpb_content_element vc_custom_1770766627817\" >\n\t\t<div class=\"wpb_wrapper\">\n\t\t\t<h1 style=\"text-align: center;\">TALLERES MONOGR\u00c1FICOS<\/h1>\n\n\t\t<\/div>\n\t<\/div>\n<div class=\"vc_row wpb_row vc_inner vc_row-fluid vc_row-o-equal-height vc_row-o-content-top vc_row-flex\"><div class=\"wpb_column vc_column_container vc_col-sm-6 vc_col-has-fill\"><div class=\"vc_column-inner vc_custom_1770762568604\"><div class=\"wpb_wrapper\">                        <div class=\"vc_custom_1776186172614  wpb_animate_when_almost_visible haru-css-animation wpb_fadeIn\">\n                <div class=\"banner-shortcode-wrap style_7\">\n    <div class=\"banner-content-wrap\">\n                    <a href=\"https:\/\/palopalu.com\/en\/taller-de-ceramica-en-familia\/\" target=\"_self\">\n                                    <img decoding=\"async\" src=\"https:\/\/palopalu.com\/wp-content\/uploads\/2026\/04\/portrait-mother-little-girl-shaping-clay-together-scaled.jpg\" alt=\"TALLER DE CER\u00c1MICA EN FAMILIA\">\n                        <div class=\"banner-content-inner\">\n                <div class=\"banner-content\">\n                                            <h5 class=\"banner-title\">TALLER DE CER\u00c1MICA EN FAMILIA<\/h5>\n                                                        <\/div>\n            <\/div>\n                    <\/a>\n            <\/div>\n<\/div>            <\/div>\n                    \n\t<div class=\"wpb_text_column wpb_content_element vc_custom_1776182368523\" >\n\t\t<div class=\"wpb_wrapper\">\n\t\t\t<p style=\"text-align: center;\" data-start=\"112\" data-end=\"403\"><strong>30 de Mayo<\/strong><\/p>\n<p style=\"text-align: center;\" data-start=\"112\" data-end=\"403\">Disfruta de un taller de cer\u00e1mica en familia donde creatividad y juego se unen. Durante 2 horas, modelar\u00e9is arcilla con vuestras manos para crear piezas \u00fanicas y decorarlas a vuestro gusto. Una experiencia pensada para peques desde 5 a\u00f1os y adultxs, sin necesidad de experiencia previa.<\/p>\n<p style=\"text-align: center;\" data-start=\"112\" data-end=\"403\">Incluye materiales y acompa\u00f1amiento. Tras la cocci\u00f3n (15 d\u00edas\u20131 mes), podr\u00e9is recoger vuestras piezas terminadas. Un plan diferente para compartir, crear y llevarse a casa un recuerdo especial.<\/p>\n\n\t\t<\/div>\n\t<\/div>\n<div class=\"default vc_btn3-container vc_btn3-center\" >\n\t<a class=\"vc_general vc_btn3 vc_btn3-size-md vc_btn3-shape-round vc_btn3-style-outline vc_btn3-color-inverse\" href=\"https:\/\/palopalu.com\/en\/taller-de-estampacion\/\" title=\"Taller de Cer\u00e1mica\">SABER M\u00c1S<\/a><\/div>\n<div class=\"vc_empty_space\"   style=\"height: 63px\"><span class=\"vc_empty_space_inner\"><\/span><\/div><\/div><\/div><\/div><div class=\"wpb_column vc_column_container vc_col-sm-6\"><div class=\"vc_column-inner vc_custom_1770765547777\"><div class=\"wpb_wrapper\">                        <div class=\"vc_custom_1772203824823  wpb_animate_when_almost_visible haru-css-animation wpb_fadeIn\">\n                <div class=\"banner-shortcode-wrap style_7\">\n    <div class=\"banner-content-wrap\">\n                                    <img decoding=\"async\" src=\"https:\/\/palopalu.com\/wp-content\/uploads\/2026\/02\/cianotipia-palopalu-scaled.png\" alt=\"TALLER DE CIANOTIPIA\">\n                        <div class=\"banner-content-inner\">\n                <div class=\"banner-content\">\n                                            <h5 class=\"banner-title\">TALLER DE CIANOTIPIA<\/h5>\n                                                        <\/div>\n            <\/div>\n            <\/div>\n<\/div>            <\/div>\n                    \n\t<div class=\"wpb_text_column wpb_content_element vc_custom_1776181163233\" >\n\t\t<div class=\"wpb_wrapper\">\n\t\t\t<p style=\"text-align: center;\"><strong>27 de Junio<\/strong><\/p>\n<p style=\"text-align: center;\">El taller de cianotipia es una invitaci\u00f3n a descubrir una de las t\u00e9cnicas<br \/>\nfotogr\u00e1ficas m\u00e1s antiguas y m\u00e1gicas. A trav\u00e9s de un proceso sencillo y muy<br \/>\nexperimental, aprender\u00e1s a crear im\u00e1genes \u00fanicas utilizando la luz del sol y el<br \/>\ncaracter\u00edstico azul profundo de esta t\u00e9cnica.<\/p>\n\n\t\t<\/div>\n\t<\/div>\n<div class=\"default vc_btn3-container vc_btn3-center\" >\n\t<a class=\"vc_general vc_btn3 vc_btn3-size-md vc_btn3-shape-round vc_btn3-style-outline vc_btn3-color-inverse\" href=\"https:\/\/palopalu.com\/en\/taller-de-cianotipia\/\" title=\"Taller de Arte\">SABER M\u00c1S<\/a><\/div>\n<div class=\"vc_empty_space\"   style=\"height: 63px\"><span class=\"vc_empty_space_inner\"><\/span><\/div><\/div><\/div><\/div><\/div><div class=\"vc_row wpb_row vc_inner vc_row-fluid vc_row-o-equal-height vc_row-o-content-top vc_row-flex\"><div class=\"wpb_column vc_column_container vc_col-sm-6 vc_col-has-fill\"><div class=\"vc_column-inner vc_custom_1770762568604\"><div class=\"wpb_wrapper\">                        <div class=\"vc_custom_1772211330813  wpb_animate_when_almost_visible haru-css-animation wpb_fadeIn\">\n                <div class=\"banner-shortcode-wrap style_7\">\n    <div class=\"banner-content-wrap\">\n                                    <img decoding=\"async\" src=\"https:\/\/palopalu.com\/wp-content\/uploads\/2026\/02\/TALLER-ESTAMPACION-PALOPALU.jpeg\" alt=\"TALLER DE LINOGRABADO\">\n                        <div class=\"banner-content-inner\">\n                <div class=\"banner-content\">\n                                            <h5 class=\"banner-title\">TALLER DE LINOGRABADO<\/h5>\n                                                        <\/div>\n            <\/div>\n            <\/div>\n<\/div>            <\/div>\n                    \n\t<div class=\"wpb_text_column wpb_content_element vc_custom_1774368586169\" >\n\t\t<div class=\"wpb_wrapper\">\n\t\t\t<p style=\"text-align: center;\" data-start=\"112\" data-end=\"403\"><strong>11 de Abril<\/strong><\/p>\n<p style=\"text-align: center;\" data-start=\"112\" data-end=\"403\">Disfruta creando tu propia estampa en un ambiente relajado y creativo, mientras<br \/>\ncompartes el proceso en buena compa\u00f1\u00eda. Una experiencia art\u00edstica guiada<br \/>\npaso a paso, perfecta tanto si es tu primer contacto con el grabado como si ya<br \/>\ntienes experiencia y quieres explorar nuevas formas de expresi\u00f3n.<\/p>\n<p style=\"text-align: center;\" data-start=\"112\" data-end=\"403\">Impartido por Claudia Ru\u00edz Echevarr\u00eda, artista, investigadora y docente vinculada al arte contempor\u00e1neo y a la mediaci\u00f3n art\u00edstica @reclaustudio<\/p>\n\n\t\t<\/div>\n\t<\/div>\n<div class=\"default vc_btn3-container vc_btn3-center\" >\n\t<a class=\"vc_general vc_btn3 vc_btn3-size-md vc_btn3-shape-round vc_btn3-style-outline vc_btn3-color-inverse\" href=\"https:\/\/palopalu.com\/en\/taller-de-estampacion\/\" title=\"Taller de Cer\u00e1mica\">SABER M\u00c1S<\/a><\/div>\n<div class=\"vc_empty_space\"   style=\"height: 63px\"><span class=\"vc_empty_space_inner\"><\/span><\/div><\/div><\/div><\/div><div class=\"wpb_column vc_column_container vc_col-sm-6\"><div class=\"vc_column-inner vc_custom_1770765547777\"><div class=\"wpb_wrapper\">                        <div class=\"vc_custom_1772203824823  wpb_animate_when_almost_visible haru-css-animation wpb_fadeIn\">\n                <div class=\"banner-shortcode-wrap style_7\">\n    <div class=\"banner-content-wrap\">\n                                    <img decoding=\"async\" src=\"https:\/\/palopalu.com\/wp-content\/uploads\/2026\/02\/cianotipia-palopalu-scaled.png\" alt=\"TALLER DE CIANOTIPIA\">\n                        <div class=\"banner-content-inner\">\n                <div class=\"banner-content\">\n                                            <h5 class=\"banner-title\">TALLER DE CIANOTIPIA<\/h5>\n                                                        <\/div>\n            <\/div>\n            <\/div>\n<\/div>            <\/div>\n                    \n\t<div class=\"wpb_text_column wpb_content_element vc_custom_1776181163233\" >\n\t\t<div class=\"wpb_wrapper\">\n\t\t\t<p style=\"text-align: center;\"><strong>27 de Junio<\/strong><\/p>\n<p style=\"text-align: center;\">El taller de cianotipia es una invitaci\u00f3n a descubrir una de las t\u00e9cnicas<br \/>\nfotogr\u00e1ficas m\u00e1s antiguas y m\u00e1gicas. A trav\u00e9s de un proceso sencillo y muy<br \/>\nexperimental, aprender\u00e1s a crear im\u00e1genes \u00fanicas utilizando la luz del sol y el<br \/>\ncaracter\u00edstico azul profundo de esta t\u00e9cnica.<\/p>\n\n\t\t<\/div>\n\t<\/div>\n<div class=\"default vc_btn3-container vc_btn3-center\" >\n\t<a class=\"vc_general vc_btn3 vc_btn3-size-md vc_btn3-shape-round vc_btn3-style-outline vc_btn3-color-inverse\" href=\"https:\/\/palopalu.com\/en\/taller-de-cianotipia\/\" title=\"Taller de Arte\">SABER M\u00c1S<\/a><\/div>\n<div class=\"vc_empty_space\"   style=\"height: 63px\"><span class=\"vc_empty_space_inner\"><\/span><\/div><\/div><\/div><\/div><\/div><div class=\"vc_row wpb_row vc_inner vc_row-fluid\"><div class=\"wpb_column vc_column_container vc_col-sm-12\"><div class=\"vc_column-inner\"><div class=\"wpb_wrapper\"><\/div><\/div><\/div><\/div><\/div><\/div><\/div><\/div><div class=\"vc_row-full-width vc_clearfix\"><\/div><div class=\"vc_row wpb_row vc_row-fluid\"><div data-vc-parallax=\"1.5\" data-vc-parallax-image=\"https:\/\/palopalu.com\/wp-content\/uploads\/2026\/02\/manos-de-alto-angulo-con-herramientas-de-ceramica-scaled-e1770764101860.jpg\" class=\"wpb_column vc_column_container vc_col-sm-12 vc_col-has-fill vc_general vc_parallax vc_parallax-content-moving\"><div class=\"vc_column-inner vc_custom_1770766425423\"><div class=\"wpb_wrapper\">\n\t<div class=\"wpb_text_column wpb_content_element vc_custom_1770766379379\" >\n\t\t<div class=\"wpb_wrapper\">\n\t\t\t<h3 style=\"text-align: center;\"><span style=\"color: #ffffff;\">Te vas con algo hecho por ti\u2026 <\/span><\/h3>\n<h3 style=\"text-align: center;\"><span style=\"color: #ffffff;\">y con la cabeza un poco m\u00e1s ligera.<\/span><\/h3>\n\n\t\t<\/div>\n\t<\/div>\n<\/div><\/div><\/div><\/div><div class=\"vc_row wpb_row vc_row-fluid\"><div class=\"wpb_column vc_column_container vc_col-sm-12\"><div class=\"vc_column-inner\"><div class=\"wpb_wrapper\"><\/div><\/div><\/div><\/div>\n<\/div>","protected":false},"excerpt":{"rendered":"Si te apetece salir de la rutina y hacer algo distinto, este es tu sitio. TALLERES SEMANALES TALLER DE ARTE Taller Semanal Un taller donde explorar tu creatividad a trav\u00e9s del dibujo, la ilustraci\u00f3n, el grabado y la cer\u00e1mica. Pensado para aprender, disfrutar y expresarte sin juicios. Impartido por Claudia, artista y docente especializada en [...]","protected":false},"author":1,"featured_media":0,"parent":0,"menu_order":0,"comment_status":"closed","ping_status":"closed","template":"","meta":{"footnotes":""},"class_list":["post-6077","page","type-page","status-publish","hentry","clearfix"],"yoast_head":"<!-- This site is optimized with the Yoast SEO plugin v27.5 - https:\/\/yoast.com\/product\/yoast-seo-wordpress\/ -->\n<title>Palopal\u00fa \u2022 Talleres para explorar tu creatividad, \u00a1ap\u00fantate!<\/title>\n<meta name=\"description\" content=\"Talleres semanales y monogr\u00e1ficos para explorar tu creatividad. Si te apetece hacer algo distinto, este es tu sitio, \u00a1ap\u00fantate!\" \/>\n<meta name=\"robots\" content=\"index, follow, max-snippet:-1, max-image-preview:large, max-video-preview:-1\" \/>\n<link rel=\"canonical\" href=\"https:\/\/palopalu.com\/en\/talleres\/\" \/>\n<meta property=\"og:locale\" content=\"en_GB\" \/>\n<meta property=\"og:type\" content=\"article\" \/>\n<meta property=\"og:title\" content=\"Palopal\u00fa \u2022 Talleres para explorar tu creatividad, \u00a1ap\u00fantate!\" \/>\n<meta property=\"og:description\" content=\"Talleres semanales y monogr\u00e1ficos para explorar tu creatividad. Si te apetece hacer algo distinto, este es tu sitio, \u00a1ap\u00fantate!\" \/>\n<meta property=\"og:url\" content=\"https:\/\/palopalu.com\/en\/talleres\/\" \/>\n<meta property=\"og:site_name\" content=\"Palopal\u00fa\" \/>\n<meta property=\"article:publisher\" content=\"https:\/\/www.facebook.com\/palopalupalopalu\" \/>\n<meta property=\"article:modified_time\" content=\"2026-04-14T17:13:17+00:00\" \/>\n<meta name=\"twitter:card\" content=\"summary_large_image\" \/>\n<meta name=\"twitter:label1\" content=\"Estimated reading time\" \/>\n\t<meta name=\"twitter:data1\" content=\"5 minutes\" \/>\n<script type=\"application\/ld+json\" class=\"yoast-schema-graph\">{\"@context\":\"https:\\\/\\\/schema.org\",\"@graph\":[{\"@type\":\"WebPage\",\"@id\":\"https:\\\/\\\/palopalu.com\\\/talleres\\\/\",\"url\":\"https:\\\/\\\/palopalu.com\\\/talleres\\\/\",\"name\":\"Palopal\u00fa \u2022 Talleres para explorar tu creatividad, \u00a1ap\u00fantate!\",\"isPartOf\":{\"@id\":\"https:\\\/\\\/palopalu.com\\\/#website\"},\"datePublished\":\"2026-02-10T18:09:04+00:00\",\"dateModified\":\"2026-04-14T17:13:17+00:00\",\"description\":\"Talleres semanales y monogr\u00e1ficos para explorar tu creatividad. Si te apetece hacer algo distinto, este es tu sitio, \u00a1ap\u00fantate!\",\"breadcrumb\":{\"@id\":\"https:\\\/\\\/palopalu.com\\\/talleres\\\/#breadcrumb\"},\"inLanguage\":\"en-GB\",\"potentialAction\":[{\"@type\":\"ReadAction\",\"target\":[\"https:\\\/\\\/palopalu.com\\\/talleres\\\/\"]}]},{\"@type\":\"BreadcrumbList\",\"@id\":\"https:\\\/\\\/palopalu.com\\\/talleres\\\/#breadcrumb\",\"itemListElement\":[{\"@type\":\"ListItem\",\"position\":1,\"name\":\"Portada\",\"item\":\"https:\\\/\\\/palopalu.com\\\/\"},{\"@type\":\"ListItem\",\"position\":2,\"name\":\"Talleres\"}]},{\"@type\":\"WebSite\",\"@id\":\"https:\\\/\\\/palopalu.com\\\/#website\",\"url\":\"https:\\\/\\\/palopalu.com\\\/\",\"name\":\"Palopal\u00fa\",\"description\":\"Juguetes, decoraci\u00f3n y objetos personalizados en madera\",\"publisher\":{\"@id\":\"https:\\\/\\\/palopalu.com\\\/#organization\"},\"potentialAction\":[{\"@type\":\"SearchAction\",\"target\":{\"@type\":\"EntryPoint\",\"urlTemplate\":\"https:\\\/\\\/palopalu.com\\\/?s={search_term_string}\"},\"query-input\":{\"@type\":\"PropertyValueSpecification\",\"valueRequired\":true,\"valueName\":\"search_term_string\"}}],\"inLanguage\":\"en-GB\"},{\"@type\":\"Organization\",\"@id\":\"https:\\\/\\\/palopalu.com\\\/#organization\",\"name\":\"Palopal\u00fa\",\"url\":\"https:\\\/\\\/palopalu.com\\\/\",\"logo\":{\"@type\":\"ImageObject\",\"inLanguage\":\"en-GB\",\"@id\":\"https:\\\/\\\/palopalu.com\\\/#\\\/schema\\\/logo\\\/image\\\/\",\"url\":\"https:\\\/\\\/palopalu.com\\\/wp-content\\\/uploads\\\/2019\\\/02\\\/logo-palopalu.png\",\"contentUrl\":\"https:\\\/\\\/palopalu.com\\\/wp-content\\\/uploads\\\/2019\\\/02\\\/logo-palopalu.png\",\"width\":125,\"height\":30,\"caption\":\"Palopal\u00fa\"},\"image\":{\"@id\":\"https:\\\/\\\/palopalu.com\\\/#\\\/schema\\\/logo\\\/image\\\/\"},\"sameAs\":[\"https:\\\/\\\/www.facebook.com\\\/palopalupalopalu\",\"https:\\\/\\\/www.instagram.com\\\/palopalu\"]}]}<\/script>\n<!-- \/ Yoast SEO plugin. -->","yoast_head_json":{"title":"Palopal\u00fa \u2022 Talleres para explorar tu creatividad, \u00a1ap\u00fantate!","description":"Talleres semanales y monogr\u00e1ficos para explorar tu creatividad. Si te apetece hacer algo distinto, este es tu sitio, \u00a1ap\u00fantate!","robots":{"index":"index","follow":"follow","max-snippet":"max-snippet:-1","max-image-preview":"max-image-preview:large","max-video-preview":"max-video-preview:-1"},"canonical":"https:\/\/palopalu.com\/en\/talleres\/","og_locale":"en_GB","og_type":"article","og_title":"Palopal\u00fa \u2022 Talleres para explorar tu creatividad, \u00a1ap\u00fantate!","og_description":"Talleres semanales y monogr\u00e1ficos para explorar tu creatividad. Si te apetece hacer algo distinto, este es tu sitio, \u00a1ap\u00fantate!","og_url":"https:\/\/palopalu.com\/en\/talleres\/","og_site_name":"Palopal\u00fa","article_publisher":"https:\/\/www.facebook.com\/palopalupalopalu","article_modified_time":"2026-04-14T17:13:17+00:00","twitter_card":"summary_large_image","twitter_misc":{"Estimated reading time":"5 minutes"},"schema":{"@context":"https:\/\/schema.org","@graph":[{"@type":"WebPage","@id":"https:\/\/palopalu.com\/talleres\/","url":"https:\/\/palopalu.com\/talleres\/","name":"Palopal\u00fa \u2022 Talleres para explorar tu creatividad, \u00a1ap\u00fantate!","isPartOf":{"@id":"https:\/\/palopalu.com\/#website"},"datePublished":"2026-02-10T18:09:04+00:00","dateModified":"2026-04-14T17:13:17+00:00","description":"Talleres semanales y monogr\u00e1ficos para explorar tu creatividad. Si te apetece hacer algo distinto, este es tu sitio, \u00a1ap\u00fantate!","breadcrumb":{"@id":"https:\/\/palopalu.com\/talleres\/#breadcrumb"},"inLanguage":"en-GB","potentialAction":[{"@type":"ReadAction","target":["https:\/\/palopalu.com\/talleres\/"]}]},{"@type":"BreadcrumbList","@id":"https:\/\/palopalu.com\/talleres\/#breadcrumb","itemListElement":[{"@type":"ListItem","position":1,"name":"Portada","item":"https:\/\/palopalu.com\/"},{"@type":"ListItem","position":2,"name":"Talleres"}]},{"@type":"WebSite","@id":"https:\/\/palopalu.com\/#website","url":"https:\/\/palopalu.com\/","name":"Palopal\u00fa","description":"Juguetes, decoraci\u00f3n y objetos personalizados en madera","publisher":{"@id":"https:\/\/palopalu.com\/#organization"},"potentialAction":[{"@type":"SearchAction","target":{"@type":"EntryPoint","urlTemplate":"https:\/\/palopalu.com\/?s={search_term_string}"},"query-input":{"@type":"PropertyValueSpecification","valueRequired":true,"valueName":"search_term_string"}}],"inLanguage":"en-GB"},{"@type":"Organization","@id":"https:\/\/palopalu.com\/#organization","name":"Palopal\u00fa","url":"https:\/\/palopalu.com\/","logo":{"@type":"ImageObject","inLanguage":"en-GB","@id":"https:\/\/palopalu.com\/#\/schema\/logo\/image\/","url":"https:\/\/palopalu.com\/wp-content\/uploads\/2019\/02\/logo-palopalu.png","contentUrl":"https:\/\/palopalu.com\/wp-content\/uploads\/2019\/02\/logo-palopalu.png","width":125,"height":30,"caption":"Palopal\u00fa"},"image":{"@id":"https:\/\/palopalu.com\/#\/schema\/logo\/image\/"},"sameAs":["https:\/\/www.facebook.com\/palopalupalopalu","https:\/\/www.instagram.com\/palopalu"]}]}},"_links":{"self":[{"href":"https:\/\/palopalu.com\/en\/wp-json\/wp\/v2\/pages\/6077","targetHints":{"allow":["GET"]}}],"collection":[{"href":"https:\/\/palopalu.com\/en\/wp-json\/wp\/v2\/pages"}],"about":[{"href":"https:\/\/palopalu.com\/en\/wp-json\/wp\/v2\/types\/page"}],"author":[{"embeddable":true,"href":"https:\/\/palopalu.com\/en\/wp-json\/wp\/v2\/users\/1"}],"replies":[{"embeddable":true,"href":"https:\/\/palopalu.com\/en\/wp-json\/wp\/v2\/comments?post=6077"}],"version-history":[{"count":46,"href":"https:\/\/palopalu.com\/en\/wp-json\/wp\/v2\/pages\/6077\/revisions"}],"predecessor-version":[{"id":6279,"href":"https:\/\/palopalu.com\/en\/wp-json\/wp\/v2\/pages\/6077\/revisions\/6279"}],"wp:attachment":[{"href":"https:\/\/palopalu.com\/en\/wp-json\/wp\/v2\/media?parent=6077"}],"curies":[{"name":"wp","href":"https:\/\/api.w.org\/{rel}","templated":true}]}}