{"id":6088,"date":"2026-02-10T18:28:06","date_gmt":"2026-02-10T17:28:06","guid":{"rendered":"https:\/\/palopalu.com\/?page_id=6088"},"modified":"2026-04-09T17:40:08","modified_gmt":"2026-04-09T16:40:08","slug":"taller-de-ceramica","status":"publish","type":"page","link":"https:\/\/palopalu.com\/en\/taller-de-ceramica\/","title":{"rendered":"Taller de Cer\u00e1mica"},"content":{"rendered":"<div class=\"wpb-content-wrapper\"><div class=\"vc_row wpb_row vc_row-fluid\"><div class=\"wpb_column vc_column_container vc_col-sm-12\"><div class=\"vc_column-inner\"><div class=\"wpb_wrapper\"><div class=\"vc_row wpb_row vc_inner vc_row-fluid\"><div class=\"wpb_column vc_column_container vc_col-sm-8\"><div class=\"vc_column-inner\"><div class=\"wpb_wrapper\">\n\t<div  class=\"wpb_single_image wpb_content_element vc_align_left wpb_content_element\">\n\t\t\n\t\t<figure class=\"wpb_wrapper vc_figure\">\n\t\t\t<div class=\"vc_single_image-wrapper   vc_box_border_grey\"><img loading=\"lazy\" decoding=\"async\" width=\"595\" height=\"842\" src=\"https:\/\/palopalu.com\/wp-content\/uploads\/2026\/04\/cartel-8.jpg\" class=\"vc_single_image-img attachment-large\" alt=\"taller de cer\u00e1mica\" title=\"cartel-8\" srcset=\"https:\/\/palopalu.com\/wp-content\/uploads\/2026\/04\/cartel-8.jpg 595w, https:\/\/palopalu.com\/wp-content\/uploads\/2026\/04\/cartel-8-212x300.jpg 212w, https:\/\/palopalu.com\/wp-content\/uploads\/2026\/04\/cartel-8-8x12.jpg 8w\" sizes=\"auto, (max-width: 595px) 100vw, 595px\" \/><\/div>\n\t\t<\/figure>\n\t<\/div>\n<div class=\"vc_empty_space\"   style=\"height: 32px\"><span class=\"vc_empty_space_inner\"><\/span><\/div><\/div><\/div><\/div><div class=\"wpb_column vc_column_container vc_col-sm-4\"><div class=\"vc_column-inner vc_custom_1770745694361\"><div class=\"wpb_wrapper\">\n\t<div class=\"wpb_text_column wpb_content_element vc_custom_1775752639091\" >\n\t\t<div class=\"wpb_wrapper\">\n\t\t\t<h2 style=\"text-align: center;\"><strong>\u00a0<\/strong><\/h2>\n<h2 style=\"text-align: center;\">Taller Semanal<\/h2>\n\n\t\t<\/div>\n\t<\/div>\n\n\t<div class=\"wpb_text_column wpb_content_element\" >\n\t\t<div class=\"wpb_wrapper\">\n\t\t\t<h3 style=\"text-align: center;\"><em>Nivel iniciaci\u00f3n<\/em><\/h3>\n\n\t\t<\/div>\n\t<\/div>\n<div class=\"vc_empty_space\"   style=\"height: 22px\"><span class=\"vc_empty_space_inner\"><\/span><\/div>\n\t<div class=\"wpb_text_column wpb_content_element vc_custom_1774213545737\" >\n\t\t<div class=\"wpb_wrapper\">\n\t\t\t<p style=\"text-align: left;\">Un taller de cer\u00e1mica donde aprender, crear y disfrutar del proceso con las\u00a0manos. Un encuentro semanal en el que podr\u00e1s desconectar y desarrollar\u00a0tu creatividad a trav\u00e9s del trabajo con la arcilla.<\/p>\n<ul>\n<li style=\"text-align: left;\">Todos los jueves de 18:00 a 20:00 h<\/li>\n<li>Lugar: Espacio Palopal\u00fa ( Bilbao)<\/li>\n<li style=\"text-align: left;\">Grupos\u00a0reducidos<\/li>\n<li style=\"text-align: left;\">Formaci\u00f3n guiada y seguimiento personalizado<\/li>\n<li>Imparte:@palopalu \/ Rosal\u00eda Fern\u00e1ndez<\/li>\n<li>Info y reservas: 651381773 \/ info@palopalu.com<\/li>\n<\/ul>\n<h5><\/h5>\n<h5 style=\"text-align: center;\">Precio: 75 \u20ac al mes<\/h5>\n<p style=\"text-align: center;\">El precio incluye todos los materiales necesarios, con acceso ilimitado a arcillas de\u00a0baja temperatura, esmaltes y materiales especiales +\u00a0Todas las cocciones necesarias para tus piezas.<\/p>\n<p style=\"text-align: center;\">Torno disponible<\/p>\n\n\t\t<\/div>\n\t<\/div>\n<div class=\"vc_empty_space\"   style=\"height: 32px\"><span class=\"vc_empty_space_inner\"><\/span><\/div><div class=\"button_style_1 vc_btn3-container vc_btn3-center\" >\n\t<a class=\"vc_general vc_btn3 vc_btn3-size-md vc_btn3-shape-rounded vc_btn3-style-modern vc_btn3-color-grey\" href=\"tel:+34651381773\" title=\"\">RESERVAR PLAZA<\/a><\/div>\n<div class=\"vc_empty_space\"   style=\"height: 32px\"><span class=\"vc_empty_space_inner\"><\/span><\/div><\/div><\/div><\/div><\/div><\/div><\/div><\/div><\/div><div class=\"vc_row wpb_row vc_row-fluid\"><div class=\"wpb_column vc_column_container vc_col-sm-12\"><div class=\"vc_column-inner\"><div class=\"wpb_wrapper\"><div class=\"vc_row wpb_row vc_inner vc_row-fluid\"><div class=\"wpb_column vc_column_container vc_col-sm-3\"><div class=\"vc_column-inner\"><div class=\"wpb_wrapper\"><div class=\"vc_empty_space\"   style=\"height: 32px\"><span class=\"vc_empty_space_inner\"><\/span><\/div><\/div><\/div><\/div><div class=\"wpb_column vc_column_container vc_col-sm-6\"><div class=\"vc_column-inner\"><div class=\"wpb_wrapper\"><div class=\"wpb_gallery wpb_content_element vc_clearfix vc_custom_1772216739342 wpb_content_element\" ><div class=\"wpb_wrapper\"><div class=\"wpb_gallery_slides wpb_flexslider flexslider_fade flexslider\" data-interval=\"3\" data-flex_fx=\"fade\"><ul class=\"slides\"><li><img loading=\"lazy\" decoding=\"async\" width=\"681\" height=\"1024\" src=\"https:\/\/palopalu.com\/wp-content\/uploads\/2026\/02\/surtido-de-elementos-de-ceramica-en-taller-681x1024.jpg\" class=\"attachment-large\" alt=\"\" title=\"surtido-de-elementos-de-ceramica-en-taller\" srcset=\"https:\/\/palopalu.com\/wp-content\/uploads\/2026\/02\/surtido-de-elementos-de-ceramica-en-taller-681x1024.jpg 681w, https:\/\/palopalu.com\/wp-content\/uploads\/2026\/02\/surtido-de-elementos-de-ceramica-en-taller-200x300.jpg 200w, https:\/\/palopalu.com\/wp-content\/uploads\/2026\/02\/surtido-de-elementos-de-ceramica-en-taller-768x1155.jpg 768w, https:\/\/palopalu.com\/wp-content\/uploads\/2026\/02\/surtido-de-elementos-de-ceramica-en-taller-1022x1536.jpg 1022w, https:\/\/palopalu.com\/wp-content\/uploads\/2026\/02\/surtido-de-elementos-de-ceramica-en-taller-1362x2048.jpg 1362w, https:\/\/palopalu.com\/wp-content\/uploads\/2026\/02\/surtido-de-elementos-de-ceramica-en-taller-8x12.jpg 8w, https:\/\/palopalu.com\/wp-content\/uploads\/2026\/02\/surtido-de-elementos-de-ceramica-en-taller-600x902.jpg 600w, https:\/\/palopalu.com\/wp-content\/uploads\/2026\/02\/surtido-de-elementos-de-ceramica-en-taller-scaled.jpg 1703w\" sizes=\"auto, (max-width: 681px) 100vw, 681px\" \/><\/li><li><img loading=\"lazy\" decoding=\"async\" width=\"723\" height=\"1024\" src=\"https:\/\/palopalu.com\/wp-content\/uploads\/2026\/02\/disposicion-de-elementos-de-ceramica-en-taller-723x1024.jpg\" class=\"attachment-large\" alt=\"\" title=\"disposicion-de-elementos-de-ceramica-en-taller\" srcset=\"https:\/\/palopalu.com\/wp-content\/uploads\/2026\/02\/disposicion-de-elementos-de-ceramica-en-taller-723x1024.jpg 723w, https:\/\/palopalu.com\/wp-content\/uploads\/2026\/02\/disposicion-de-elementos-de-ceramica-en-taller-212x300.jpg 212w, https:\/\/palopalu.com\/wp-content\/uploads\/2026\/02\/disposicion-de-elementos-de-ceramica-en-taller-768x1088.jpg 768w, https:\/\/palopalu.com\/wp-content\/uploads\/2026\/02\/disposicion-de-elementos-de-ceramica-en-taller-1084x1536.jpg 1084w, https:\/\/palopalu.com\/wp-content\/uploads\/2026\/02\/disposicion-de-elementos-de-ceramica-en-taller-1445x2048.jpg 1445w, https:\/\/palopalu.com\/wp-content\/uploads\/2026\/02\/disposicion-de-elementos-de-ceramica-en-taller-8x12.jpg 8w, https:\/\/palopalu.com\/wp-content\/uploads\/2026\/02\/disposicion-de-elementos-de-ceramica-en-taller-600x850.jpg 600w, https:\/\/palopalu.com\/wp-content\/uploads\/2026\/02\/disposicion-de-elementos-de-ceramica-en-taller-scaled.jpg 1807w\" sizes=\"auto, (max-width: 723px) 100vw, 723px\" \/><\/li><li><img loading=\"lazy\" decoding=\"async\" width=\"768\" height=\"1024\" src=\"https:\/\/palopalu.com\/wp-content\/uploads\/2026\/02\/WhatsApp-Image-2026-02-10-at-11.29.27-2-768x1024.jpeg\" class=\"attachment-large\" alt=\"\" title=\"WhatsApp Image 2026-02-10 at 11.29.27 (2)\" srcset=\"https:\/\/palopalu.com\/wp-content\/uploads\/2026\/02\/WhatsApp-Image-2026-02-10-at-11.29.27-2-768x1024.jpeg 768w, https:\/\/palopalu.com\/wp-content\/uploads\/2026\/02\/WhatsApp-Image-2026-02-10-at-11.29.27-2-225x300.jpeg 225w, https:\/\/palopalu.com\/wp-content\/uploads\/2026\/02\/WhatsApp-Image-2026-02-10-at-11.29.27-2-1152x1536.jpeg 1152w, https:\/\/palopalu.com\/wp-content\/uploads\/2026\/02\/WhatsApp-Image-2026-02-10-at-11.29.27-2-9x12.jpeg 9w, https:\/\/palopalu.com\/wp-content\/uploads\/2026\/02\/WhatsApp-Image-2026-02-10-at-11.29.27-2-600x800.jpeg 600w, https:\/\/palopalu.com\/wp-content\/uploads\/2026\/02\/WhatsApp-Image-2026-02-10-at-11.29.27-2.jpeg 1536w\" sizes=\"auto, (max-width: 768px) 100vw, 768px\" \/><\/li><li><img loading=\"lazy\" decoding=\"async\" width=\"768\" height=\"1024\" src=\"https:\/\/palopalu.com\/wp-content\/uploads\/2026\/02\/WhatsApp-Image-2026-02-10-at-11.29.27-3-768x1024.jpeg\" class=\"attachment-large\" alt=\"\" title=\"WhatsApp Image 2026-02-10 at 11.29.27 (3)\" srcset=\"https:\/\/palopalu.com\/wp-content\/uploads\/2026\/02\/WhatsApp-Image-2026-02-10-at-11.29.27-3-768x1024.jpeg 768w, https:\/\/palopalu.com\/wp-content\/uploads\/2026\/02\/WhatsApp-Image-2026-02-10-at-11.29.27-3-225x300.jpeg 225w, https:\/\/palopalu.com\/wp-content\/uploads\/2026\/02\/WhatsApp-Image-2026-02-10-at-11.29.27-3-1152x1536.jpeg 1152w, https:\/\/palopalu.com\/wp-content\/uploads\/2026\/02\/WhatsApp-Image-2026-02-10-at-11.29.27-3-9x12.jpeg 9w, https:\/\/palopalu.com\/wp-content\/uploads\/2026\/02\/WhatsApp-Image-2026-02-10-at-11.29.27-3-600x800.jpeg 600w, https:\/\/palopalu.com\/wp-content\/uploads\/2026\/02\/WhatsApp-Image-2026-02-10-at-11.29.27-3.jpeg 1536w\" sizes=\"auto, (max-width: 768px) 100vw, 768px\" \/><\/li><li><img loading=\"lazy\" decoding=\"async\" width=\"768\" height=\"1024\" src=\"https:\/\/palopalu.com\/wp-content\/uploads\/2026\/02\/WhatsApp-Image-2026-02-10-at-11.29.27-4-768x1024.jpeg\" class=\"attachment-large\" alt=\"\" title=\"WhatsApp Image 2026-02-10 at 11.29.27 (4)\" srcset=\"https:\/\/palopalu.com\/wp-content\/uploads\/2026\/02\/WhatsApp-Image-2026-02-10-at-11.29.27-4-768x1024.jpeg 768w, https:\/\/palopalu.com\/wp-content\/uploads\/2026\/02\/WhatsApp-Image-2026-02-10-at-11.29.27-4-225x300.jpeg 225w, https:\/\/palopalu.com\/wp-content\/uploads\/2026\/02\/WhatsApp-Image-2026-02-10-at-11.29.27-4-1152x1536.jpeg 1152w, https:\/\/palopalu.com\/wp-content\/uploads\/2026\/02\/WhatsApp-Image-2026-02-10-at-11.29.27-4-9x12.jpeg 9w, https:\/\/palopalu.com\/wp-content\/uploads\/2026\/02\/WhatsApp-Image-2026-02-10-at-11.29.27-4-600x800.jpeg 600w, https:\/\/palopalu.com\/wp-content\/uploads\/2026\/02\/WhatsApp-Image-2026-02-10-at-11.29.27-4.jpeg 1536w\" sizes=\"auto, (max-width: 768px) 100vw, 768px\" \/><\/li><li><img loading=\"lazy\" decoding=\"async\" width=\"681\" height=\"1024\" src=\"https:\/\/palopalu.com\/wp-content\/uploads\/2026\/02\/composicion-de-elementos-de-alfareria-en-taller-681x1024.jpg\" class=\"attachment-large\" alt=\"\" title=\"composicion-de-elementos-de-alfareria-en-taller\" srcset=\"https:\/\/palopalu.com\/wp-content\/uploads\/2026\/02\/composicion-de-elementos-de-alfareria-en-taller-681x1024.jpg 681w, https:\/\/palopalu.com\/wp-content\/uploads\/2026\/02\/composicion-de-elementos-de-alfareria-en-taller-200x300.jpg 200w, https:\/\/palopalu.com\/wp-content\/uploads\/2026\/02\/composicion-de-elementos-de-alfareria-en-taller-768x1154.jpg 768w, https:\/\/palopalu.com\/wp-content\/uploads\/2026\/02\/composicion-de-elementos-de-alfareria-en-taller-1022x1536.jpg 1022w, https:\/\/palopalu.com\/wp-content\/uploads\/2026\/02\/composicion-de-elementos-de-alfareria-en-taller-1363x2048.jpg 1363w, https:\/\/palopalu.com\/wp-content\/uploads\/2026\/02\/composicion-de-elementos-de-alfareria-en-taller-8x12.jpg 8w, https:\/\/palopalu.com\/wp-content\/uploads\/2026\/02\/composicion-de-elementos-de-alfareria-en-taller-600x902.jpg 600w, https:\/\/palopalu.com\/wp-content\/uploads\/2026\/02\/composicion-de-elementos-de-alfareria-en-taller-scaled.jpg 1703w\" sizes=\"auto, (max-width: 681px) 100vw, 681px\" \/><\/li><li><img loading=\"lazy\" decoding=\"async\" width=\"768\" height=\"1024\" src=\"https:\/\/palopalu.com\/wp-content\/uploads\/2026\/02\/WhatsApp-Image-2026-02-10-at-11.29.28-1-768x1024.jpeg\" class=\"attachment-large\" alt=\"\" title=\"WhatsApp Image 2026-02-10 at 11.29.28 (1)\" srcset=\"https:\/\/palopalu.com\/wp-content\/uploads\/2026\/02\/WhatsApp-Image-2026-02-10-at-11.29.28-1-768x1024.jpeg 768w, https:\/\/palopalu.com\/wp-content\/uploads\/2026\/02\/WhatsApp-Image-2026-02-10-at-11.29.28-1-225x300.jpeg 225w, https:\/\/palopalu.com\/wp-content\/uploads\/2026\/02\/WhatsApp-Image-2026-02-10-at-11.29.28-1-1152x1536.jpeg 1152w, https:\/\/palopalu.com\/wp-content\/uploads\/2026\/02\/WhatsApp-Image-2026-02-10-at-11.29.28-1-9x12.jpeg 9w, https:\/\/palopalu.com\/wp-content\/uploads\/2026\/02\/WhatsApp-Image-2026-02-10-at-11.29.28-1-600x800.jpeg 600w, https:\/\/palopalu.com\/wp-content\/uploads\/2026\/02\/WhatsApp-Image-2026-02-10-at-11.29.28-1.jpeg 1536w\" sizes=\"auto, (max-width: 768px) 100vw, 768px\" \/><\/li><li><img loading=\"lazy\" decoding=\"async\" width=\"768\" height=\"1024\" src=\"https:\/\/palopalu.com\/wp-content\/uploads\/2026\/02\/WhatsApp-Image-2026-02-10-at-11.29.28-768x1024.jpeg\" class=\"attachment-large\" alt=\"\" title=\"WhatsApp Image 2026-02-10 at 11.29.28\" srcset=\"https:\/\/palopalu.com\/wp-content\/uploads\/2026\/02\/WhatsApp-Image-2026-02-10-at-11.29.28-768x1024.jpeg 768w, https:\/\/palopalu.com\/wp-content\/uploads\/2026\/02\/WhatsApp-Image-2026-02-10-at-11.29.28-225x300.jpeg 225w, https:\/\/palopalu.com\/wp-content\/uploads\/2026\/02\/WhatsApp-Image-2026-02-10-at-11.29.28-1152x1536.jpeg 1152w, https:\/\/palopalu.com\/wp-content\/uploads\/2026\/02\/WhatsApp-Image-2026-02-10-at-11.29.28-9x12.jpeg 9w, https:\/\/palopalu.com\/wp-content\/uploads\/2026\/02\/WhatsApp-Image-2026-02-10-at-11.29.28-600x800.jpeg 600w, https:\/\/palopalu.com\/wp-content\/uploads\/2026\/02\/WhatsApp-Image-2026-02-10-at-11.29.28.jpeg 1536w\" sizes=\"auto, (max-width: 768px) 100vw, 768px\" \/><\/li><\/ul><\/div><\/div><\/div><\/div><\/div><\/div><div class=\"wpb_column vc_column_container vc_col-sm-3\"><div class=\"vc_column-inner\"><div class=\"wpb_wrapper\"><\/div><\/div><\/div><\/div><\/div><\/div><\/div><\/div><div class=\"vc_row wpb_row vc_row-fluid\"><div class=\"wpb_column vc_column_container vc_col-sm-3\"><div class=\"vc_column-inner\"><div class=\"wpb_wrapper\"><\/div><\/div><\/div><div class=\"wpb_column vc_column_container vc_col-sm-6\"><div class=\"vc_column-inner\"><div class=\"wpb_wrapper\">\n\t<div class=\"wpb_text_column wpb_content_element vc_custom_1770745148945 about-intro\" >\n\t\t<div class=\"wpb_wrapper\">\n\t\t\t<p style=\"text-align: center;\">Durante el taller <strong>aprender\u00e1s las principales t\u00e9cnicas cer\u00e1micas,\u00a0<\/strong>adquiriendo\u00a0una base s\u00f3lida en modelado, esmaltado y decoraci\u00f3n. Exploraremos\u00a0distintas formas de trabajar la arcilla, como la t\u00e9cnica de planchas, pellizco\u00a0y churros, que te permitir\u00e1n dar forma a tus propias ideas y proyectos.<\/p>\n<p style=\"text-align: center;\">Una propuesta ideal tanto si te acercas por primera vez a la cer\u00e1mica\u00a0como si quieres afianzar conocimientos, experimentar y dejar fluir tu\u00a0creatividad en un entorno tranquilo y cuidado.<\/p>\n\n\t\t<\/div>\n\t<\/div>\n<div class=\"button_style_4 vc_btn3-container vc_btn3-center vc_custom_1770744815182\" >\n\t<a class=\"vc_general vc_btn3 vc_btn3-size-md vc_btn3-shape-rounded vc_btn3-style-modern vc_btn3-color-grey\" href=\"mailto:info@palopalu.com\" title=\"Shop\">Escr\u00edbenos<\/a><\/div>\n<\/div><\/div><\/div><div class=\"wpb_column vc_column_container vc_col-sm-3\"><div class=\"vc_column-inner\"><div class=\"wpb_wrapper\"><\/div><\/div><\/div><\/div><div class=\"vc_row wpb_row vc_row-fluid\"><div data-vc-parallax=\"1.5\" data-vc-parallax-image=\"https:\/\/palopalu.com\/wp-content\/uploads\/2026\/02\/mujer-joven-hace-ceramica-en-taller-scaled.jpg\" class=\"wpb_column vc_column_container vc_col-sm-12 vc_general vc_parallax vc_parallax-content-moving\"><div class=\"vc_column-inner vc_custom_1770801072498\"><div class=\"wpb_wrapper\"><\/div><\/div><\/div><\/div><div class=\"vc_row wpb_row vc_row-fluid\"><div class=\"wpb_column vc_column_container vc_col-sm-12\"><div class=\"vc_column-inner\"><div class=\"wpb_wrapper\"><\/div><\/div><\/div><\/div>\n<\/div>","protected":false},"excerpt":{"rendered":"\u00a0 Taller Semanal Nivel iniciaci\u00f3n Un taller de cer\u00e1mica donde aprender, crear y disfrutar del proceso con las\u00a0manos. Un encuentro semanal en el que podr\u00e1s desconectar y desarrollar\u00a0tu creatividad a trav\u00e9s del trabajo con la arcilla. Todos los jueves de 18:00 a 20:00 h Lugar: Espacio Palopal\u00fa ( Bilbao) Grupos\u00a0reducidos Formaci\u00f3n guiada y seguimiento personalizado [...]","protected":false},"author":1,"featured_media":6078,"parent":0,"menu_order":0,"comment_status":"closed","ping_status":"closed","template":"","meta":{"footnotes":""},"class_list":["post-6088","page","type-page","status-publish","has-post-thumbnail","hentry","clearfix"],"yoast_head":"<!-- This site is optimized with the Yoast SEO plugin v27.5 - https:\/\/yoast.com\/product\/yoast-seo-wordpress\/ -->\n<title>Palopal\u00fa \u00b7 Taller de Cer\u00e1mica<\/title>\n<meta name=\"description\" content=\"Una forma estupenda de iniciarte en la cer\u00e1mica y aprender las bases del modelado, esmaltado y decoraci\u00f3n.\" \/>\n<meta name=\"robots\" content=\"index, follow, max-snippet:-1, max-image-preview:large, max-video-preview:-1\" \/>\n<link rel=\"canonical\" href=\"https:\/\/palopalu.com\/en\/taller-de-ceramica\/\" \/>\n<meta property=\"og:locale\" content=\"en_GB\" \/>\n<meta property=\"og:type\" content=\"article\" \/>\n<meta property=\"og:title\" content=\"Palopal\u00fa \u00b7 Taller de Cer\u00e1mica\" \/>\n<meta property=\"og:description\" content=\"Una forma estupenda de iniciarte en la cer\u00e1mica y aprender las bases del modelado, esmaltado y decoraci\u00f3n.\" \/>\n<meta property=\"og:url\" content=\"https:\/\/palopalu.com\/en\/taller-de-ceramica\/\" \/>\n<meta property=\"og:site_name\" content=\"Palopal\u00fa\" \/>\n<meta property=\"article:publisher\" content=\"https:\/\/www.facebook.com\/palopalupalopalu\" \/>\n<meta property=\"article:modified_time\" content=\"2026-04-09T16:40:08+00:00\" \/>\n<meta property=\"og:image\" content=\"https:\/\/palopalu.com\/wp-content\/uploads\/2026\/02\/mujer-joven-hace-ceramica-en-taller-scaled.jpg\" \/>\n\t<meta property=\"og:image:width\" content=\"2560\" \/>\n\t<meta property=\"og:image:height\" content=\"1707\" \/>\n\t<meta property=\"og:image:type\" content=\"image\/jpeg\" \/>\n<meta name=\"twitter:card\" content=\"summary_large_image\" \/>\n<meta name=\"twitter:label1\" content=\"Estimated reading time\" \/>\n\t<meta name=\"twitter:data1\" content=\"4 minutes\" \/>\n<script type=\"application\/ld+json\" class=\"yoast-schema-graph\">{\"@context\":\"https:\\\/\\\/schema.org\",\"@graph\":[{\"@type\":\"WebPage\",\"@id\":\"https:\\\/\\\/palopalu.com\\\/taller-de-ceramica\\\/\",\"url\":\"https:\\\/\\\/palopalu.com\\\/taller-de-ceramica\\\/\",\"name\":\"Palopal\u00fa \u00b7 Taller de Cer\u00e1mica\",\"isPartOf\":{\"@id\":\"https:\\\/\\\/palopalu.com\\\/#website\"},\"primaryImageOfPage\":{\"@id\":\"https:\\\/\\\/palopalu.com\\\/taller-de-ceramica\\\/#primaryimage\"},\"image\":{\"@id\":\"https:\\\/\\\/palopalu.com\\\/taller-de-ceramica\\\/#primaryimage\"},\"thumbnailUrl\":\"https:\\\/\\\/palopalu.com\\\/wp-content\\\/uploads\\\/2026\\\/02\\\/mujer-joven-hace-ceramica-en-taller-scaled.jpg\",\"datePublished\":\"2026-02-10T17:28:06+00:00\",\"dateModified\":\"2026-04-09T16:40:08+00:00\",\"description\":\"Una forma estupenda de iniciarte en la cer\u00e1mica y aprender las bases del modelado, esmaltado y decoraci\u00f3n.\",\"breadcrumb\":{\"@id\":\"https:\\\/\\\/palopalu.com\\\/taller-de-ceramica\\\/#breadcrumb\"},\"inLanguage\":\"en-GB\",\"potentialAction\":[{\"@type\":\"ReadAction\",\"target\":[\"https:\\\/\\\/palopalu.com\\\/taller-de-ceramica\\\/\"]}]},{\"@type\":\"ImageObject\",\"inLanguage\":\"en-GB\",\"@id\":\"https:\\\/\\\/palopalu.com\\\/taller-de-ceramica\\\/#primaryimage\",\"url\":\"https:\\\/\\\/palopalu.com\\\/wp-content\\\/uploads\\\/2026\\\/02\\\/mujer-joven-hace-ceramica-en-taller-scaled.jpg\",\"contentUrl\":\"https:\\\/\\\/palopalu.com\\\/wp-content\\\/uploads\\\/2026\\\/02\\\/mujer-joven-hace-ceramica-en-taller-scaled.jpg\",\"width\":2560,\"height\":1707,\"caption\":\"Woman in a pottery. Master make a dishes. Artist works with a clay\"},{\"@type\":\"BreadcrumbList\",\"@id\":\"https:\\\/\\\/palopalu.com\\\/taller-de-ceramica\\\/#breadcrumb\",\"itemListElement\":[{\"@type\":\"ListItem\",\"position\":1,\"name\":\"Portada\",\"item\":\"https:\\\/\\\/palopalu.com\\\/\"},{\"@type\":\"ListItem\",\"position\":2,\"name\":\"Taller de Cer\u00e1mica\"}]},{\"@type\":\"WebSite\",\"@id\":\"https:\\\/\\\/palopalu.com\\\/#website\",\"url\":\"https:\\\/\\\/palopalu.com\\\/\",\"name\":\"Palopal\u00fa\",\"description\":\"Juguetes, decoraci\u00f3n y objetos personalizados en madera\",\"publisher\":{\"@id\":\"https:\\\/\\\/palopalu.com\\\/#organization\"},\"potentialAction\":[{\"@type\":\"SearchAction\",\"target\":{\"@type\":\"EntryPoint\",\"urlTemplate\":\"https:\\\/\\\/palopalu.com\\\/?s={search_term_string}\"},\"query-input\":{\"@type\":\"PropertyValueSpecification\",\"valueRequired\":true,\"valueName\":\"search_term_string\"}}],\"inLanguage\":\"en-GB\"},{\"@type\":\"Organization\",\"@id\":\"https:\\\/\\\/palopalu.com\\\/#organization\",\"name\":\"Palopal\u00fa\",\"url\":\"https:\\\/\\\/palopalu.com\\\/\",\"logo\":{\"@type\":\"ImageObject\",\"inLanguage\":\"en-GB\",\"@id\":\"https:\\\/\\\/palopalu.com\\\/#\\\/schema\\\/logo\\\/image\\\/\",\"url\":\"https:\\\/\\\/palopalu.com\\\/wp-content\\\/uploads\\\/2019\\\/02\\\/logo-palopalu.png\",\"contentUrl\":\"https:\\\/\\\/palopalu.com\\\/wp-content\\\/uploads\\\/2019\\\/02\\\/logo-palopalu.png\",\"width\":125,\"height\":30,\"caption\":\"Palopal\u00fa\"},\"image\":{\"@id\":\"https:\\\/\\\/palopalu.com\\\/#\\\/schema\\\/logo\\\/image\\\/\"},\"sameAs\":[\"https:\\\/\\\/www.facebook.com\\\/palopalupalopalu\",\"https:\\\/\\\/www.instagram.com\\\/palopalu\"]}]}<\/script>\n<!-- \/ Yoast SEO plugin. -->","yoast_head_json":{"title":"Palopal\u00fa \u00b7 Taller de Cer\u00e1mica","description":"Una forma estupenda de iniciarte en la cer\u00e1mica y aprender las bases del modelado, esmaltado y decoraci\u00f3n.","robots":{"index":"index","follow":"follow","max-snippet":"max-snippet:-1","max-image-preview":"max-image-preview:large","max-video-preview":"max-video-preview:-1"},"canonical":"https:\/\/palopalu.com\/en\/taller-de-ceramica\/","og_locale":"en_GB","og_type":"article","og_title":"Palopal\u00fa \u00b7 Taller de Cer\u00e1mica","og_description":"Una forma estupenda de iniciarte en la cer\u00e1mica y aprender las bases del modelado, esmaltado y decoraci\u00f3n.","og_url":"https:\/\/palopalu.com\/en\/taller-de-ceramica\/","og_site_name":"Palopal\u00fa","article_publisher":"https:\/\/www.facebook.com\/palopalupalopalu","article_modified_time":"2026-04-09T16:40:08+00:00","og_image":[{"width":2560,"height":1707,"url":"https:\/\/palopalu.com\/wp-content\/uploads\/2026\/02\/mujer-joven-hace-ceramica-en-taller-scaled.jpg","type":"image\/jpeg"}],"twitter_card":"summary_large_image","twitter_misc":{"Estimated reading time":"4 minutes"},"schema":{"@context":"https:\/\/schema.org","@graph":[{"@type":"WebPage","@id":"https:\/\/palopalu.com\/taller-de-ceramica\/","url":"https:\/\/palopalu.com\/taller-de-ceramica\/","name":"Palopal\u00fa \u00b7 Taller de Cer\u00e1mica","isPartOf":{"@id":"https:\/\/palopalu.com\/#website"},"primaryImageOfPage":{"@id":"https:\/\/palopalu.com\/taller-de-ceramica\/#primaryimage"},"image":{"@id":"https:\/\/palopalu.com\/taller-de-ceramica\/#primaryimage"},"thumbnailUrl":"https:\/\/palopalu.com\/wp-content\/uploads\/2026\/02\/mujer-joven-hace-ceramica-en-taller-scaled.jpg","datePublished":"2026-02-10T17:28:06+00:00","dateModified":"2026-04-09T16:40:08+00:00","description":"Una forma estupenda de iniciarte en la cer\u00e1mica y aprender las bases del modelado, esmaltado y decoraci\u00f3n.","breadcrumb":{"@id":"https:\/\/palopalu.com\/taller-de-ceramica\/#breadcrumb"},"inLanguage":"en-GB","potentialAction":[{"@type":"ReadAction","target":["https:\/\/palopalu.com\/taller-de-ceramica\/"]}]},{"@type":"ImageObject","inLanguage":"en-GB","@id":"https:\/\/palopalu.com\/taller-de-ceramica\/#primaryimage","url":"https:\/\/palopalu.com\/wp-content\/uploads\/2026\/02\/mujer-joven-hace-ceramica-en-taller-scaled.jpg","contentUrl":"https:\/\/palopalu.com\/wp-content\/uploads\/2026\/02\/mujer-joven-hace-ceramica-en-taller-scaled.jpg","width":2560,"height":1707,"caption":"Woman in a pottery. Master make a dishes. Artist works with a clay"},{"@type":"BreadcrumbList","@id":"https:\/\/palopalu.com\/taller-de-ceramica\/#breadcrumb","itemListElement":[{"@type":"ListItem","position":1,"name":"Portada","item":"https:\/\/palopalu.com\/"},{"@type":"ListItem","position":2,"name":"Taller de Cer\u00e1mica"}]},{"@type":"WebSite","@id":"https:\/\/palopalu.com\/#website","url":"https:\/\/palopalu.com\/","name":"Palopal\u00fa","description":"Juguetes, decoraci\u00f3n y objetos personalizados en madera","publisher":{"@id":"https:\/\/palopalu.com\/#organization"},"potentialAction":[{"@type":"SearchAction","target":{"@type":"EntryPoint","urlTemplate":"https:\/\/palopalu.com\/?s={search_term_string}"},"query-input":{"@type":"PropertyValueSpecification","valueRequired":true,"valueName":"search_term_string"}}],"inLanguage":"en-GB"},{"@type":"Organization","@id":"https:\/\/palopalu.com\/#organization","name":"Palopal\u00fa","url":"https:\/\/palopalu.com\/","logo":{"@type":"ImageObject","inLanguage":"en-GB","@id":"https:\/\/palopalu.com\/#\/schema\/logo\/image\/","url":"https:\/\/palopalu.com\/wp-content\/uploads\/2019\/02\/logo-palopalu.png","contentUrl":"https:\/\/palopalu.com\/wp-content\/uploads\/2019\/02\/logo-palopalu.png","width":125,"height":30,"caption":"Palopal\u00fa"},"image":{"@id":"https:\/\/palopalu.com\/#\/schema\/logo\/image\/"},"sameAs":["https:\/\/www.facebook.com\/palopalupalopalu","https:\/\/www.instagram.com\/palopalu"]}]}},"_links":{"self":[{"href":"https:\/\/palopalu.com\/en\/wp-json\/wp\/v2\/pages\/6088","targetHints":{"allow":["GET"]}}],"collection":[{"href":"https:\/\/palopalu.com\/en\/wp-json\/wp\/v2\/pages"}],"about":[{"href":"https:\/\/palopalu.com\/en\/wp-json\/wp\/v2\/types\/page"}],"author":[{"embeddable":true,"href":"https:\/\/palopalu.com\/en\/wp-json\/wp\/v2\/users\/1"}],"replies":[{"embeddable":true,"href":"https:\/\/palopalu.com\/en\/wp-json\/wp\/v2\/comments?post=6088"}],"version-history":[{"count":26,"href":"https:\/\/palopalu.com\/en\/wp-json\/wp\/v2\/pages\/6088\/revisions"}],"predecessor-version":[{"id":6254,"href":"https:\/\/palopalu.com\/en\/wp-json\/wp\/v2\/pages\/6088\/revisions\/6254"}],"wp:featuredmedia":[{"embeddable":true,"href":"https:\/\/palopalu.com\/en\/wp-json\/wp\/v2\/media\/6078"}],"wp:attachment":[{"href":"https:\/\/palopalu.com\/en\/wp-json\/wp\/v2\/media?parent=6088"}],"curies":[{"name":"wp","href":"https:\/\/api.w.org\/{rel}","templated":true}]}}