{"id":6126,"date":"2026-02-27T18:28:19","date_gmt":"2026-02-27T17:28:19","guid":{"rendered":"https:\/\/palopalu.com\/?page_id=6126"},"modified":"2026-02-28T12:53:48","modified_gmt":"2026-02-28T11:53:48","slug":"taller-de-arte","status":"publish","type":"page","link":"https:\/\/palopalu.com\/en\/taller-de-arte\/","title":{"rendered":"Taller de Arte"},"content":{"rendered":"<div class=\"wpb-content-wrapper\"><div class=\"vc_row wpb_row vc_row-fluid\"><div class=\"wpb_column vc_column_container vc_col-sm-12\"><div class=\"vc_column-inner\"><div class=\"wpb_wrapper\"><div class=\"vc_row wpb_row vc_inner vc_row-fluid\"><div class=\"wpb_column vc_column_container vc_col-sm-8\"><div class=\"vc_column-inner\"><div class=\"wpb_wrapper\">\n\t<div  class=\"wpb_single_image wpb_content_element vc_align_left wpb_content_element\">\n\t\t\n\t\t<figure class=\"wpb_wrapper vc_figure\">\n\t\t\t<div class=\"vc_single_image-wrapper   vc_box_border_grey\"><img loading=\"lazy\" decoding=\"async\" width=\"739\" height=\"1024\" src=\"https:\/\/palopalu.com\/wp-content\/uploads\/2026\/02\/CARTEL-TALLERES-ARTE-CONTINUOS-1-739x1024.jpeg\" class=\"vc_single_image-img attachment-large\" alt=\"\" title=\"CARTEL TALLERES ARTE CONTINUOS\" srcset=\"https:\/\/palopalu.com\/wp-content\/uploads\/2026\/02\/CARTEL-TALLERES-ARTE-CONTINUOS-1-739x1024.jpeg 739w, https:\/\/palopalu.com\/wp-content\/uploads\/2026\/02\/CARTEL-TALLERES-ARTE-CONTINUOS-1-216x300.jpeg 216w, https:\/\/palopalu.com\/wp-content\/uploads\/2026\/02\/CARTEL-TALLERES-ARTE-CONTINUOS-1-768x1064.jpeg 768w, https:\/\/palopalu.com\/wp-content\/uploads\/2026\/02\/CARTEL-TALLERES-ARTE-CONTINUOS-1-9x12.jpeg 9w, https:\/\/palopalu.com\/wp-content\/uploads\/2026\/02\/CARTEL-TALLERES-ARTE-CONTINUOS-1-600x831.jpeg 600w, https:\/\/palopalu.com\/wp-content\/uploads\/2026\/02\/CARTEL-TALLERES-ARTE-CONTINUOS-1.jpeg 941w\" sizes=\"auto, (max-width: 739px) 100vw, 739px\" \/><\/div>\n\t\t<\/figure>\n\t<\/div>\n<div class=\"vc_empty_space\"   style=\"height: 32px\"><span class=\"vc_empty_space_inner\"><\/span><\/div><\/div><\/div><\/div><div class=\"wpb_column vc_column_container vc_col-sm-4\"><div class=\"vc_column-inner vc_custom_1770745694361\"><div class=\"wpb_wrapper\">\n\t<div class=\"wpb_text_column wpb_content_element vc_custom_1770745617343\" >\n\t\t<div class=\"wpb_wrapper\">\n\t\t\t<h2 style=\"text-align: center;\">Taller Semanal<\/h2>\n\n\t\t<\/div>\n\t<\/div>\n\n\t<div class=\"wpb_text_column wpb_content_element\" >\n\t\t<div class=\"wpb_wrapper\">\n\t\t\t<h3 style=\"text-align: center;\">Taller de Arte<\/h3>\n\n\t\t<\/div>\n\t<\/div>\n<div class=\"vc_empty_space\"   style=\"height: 22px\"><span class=\"vc_empty_space_inner\"><\/span><\/div>\n\t<div class=\"wpb_text_column wpb_content_element vc_custom_1772214195295\" >\n\t\t<div class=\"wpb_wrapper\">\n\t\t\t<p>Un taller donde explorar tu creatividad a trav\u00e9s de la cer\u00e1mica, el dibujo y la ilustraci\u00f3n. Pensado para aprender, disfrutar y expresarte sin juicios. Impartido por Claudia, artista y docente especializada en procesos creativos.<\/p>\n<p>Este taller nace del cruce entre lo manual, lo art\u00edstico y lo \u00edntimo. Donde el proceso es tan importante como el resultado, y donde cada persona puede encontrar su propia forma de crear. Aqu\u00ed no seguimos f\u00f3rmulas cerradas ni m\u00e9todos r\u00edgidos: trabajamos desde la curiosidad, el ritmo personal y la conexi\u00f3n con los materiales.<\/p>\n<p>Trabajamos con grupos peque\u00f1os, lo que permite acompa\u00f1ar de cerca los procesos individuales y adaptar cada clase seg\u00fan las necesidades, intereses y momentos de cada alumna o alumno.<\/p>\n<p>&nbsp;<\/p>\n<ul>\n<li>Mi\u00e9rcoles 17:00h a 18:30h (Consulta para m\u00e1s horarios)<\/li>\n<li>Cursos para todas las edades<\/li>\n<li>Plazas limitadas<\/li>\n<li>Imparte: @reclaustudio \/ Claudia Ruiz Echevarr\u00eda<\/li>\n<li>Info y reservas: 618153193 \/ <a href=\"mailto:hola@reclaustudio.com\">hola@reclaustudio.com<\/a><\/li>\n<\/ul>\n<h5 style=\"text-align: center;\">Precio: 50 \u20ac al mes<\/h5>\n<p>El precio incluye todos los materiales necesarios.<\/p>\n\n\t\t<\/div>\n\t<\/div>\n<div class=\"vc_empty_space\"   style=\"height: 32px\"><span class=\"vc_empty_space_inner\"><\/span><\/div><div class=\"button_style_1 vc_btn3-container vc_btn3-center\" >\n\t<a class=\"vc_general vc_btn3 vc_btn3-size-md vc_btn3-shape-rounded vc_btn3-style-modern vc_btn3-color-grey\" href=\"tel:+34618153193\" title=\"\">RESERVAR PLAZA<\/a><\/div>\n<div class=\"vc_empty_space\"   style=\"height: 32px\"><span class=\"vc_empty_space_inner\"><\/span><\/div><\/div><\/div><\/div><\/div><\/div><\/div><\/div><\/div><div class=\"vc_row wpb_row vc_row-fluid\"><div class=\"wpb_column vc_column_container vc_col-sm-12\"><div class=\"vc_column-inner\"><div class=\"wpb_wrapper\"><div class=\"vc_row wpb_row vc_inner vc_row-fluid\"><div class=\"wpb_column vc_column_container vc_col-sm-3\"><div class=\"vc_column-inner\"><div class=\"wpb_wrapper\"><div class=\"vc_empty_space\"   style=\"height: 32px\"><span class=\"vc_empty_space_inner\"><\/span><\/div><\/div><\/div><\/div><div class=\"wpb_column vc_column_container vc_col-sm-6\"><div class=\"vc_column-inner\"><div class=\"wpb_wrapper\"><div class=\"wpb_gallery wpb_content_element vc_clearfix vc_custom_1772278137225 wpb_content_element\" ><div class=\"wpb_wrapper\"><div class=\"wpb_gallery_slides wpb_flexslider flexslider_fade flexslider\" data-interval=\"3\" data-flex_fx=\"fade\"><ul class=\"slides\"><li><img loading=\"lazy\" decoding=\"async\" width=\"1024\" height=\"683\" src=\"https:\/\/palopalu.com\/wp-content\/uploads\/2026\/02\/taller-de-arte-palopalu-1024x683.png\" class=\"attachment-large\" alt=\"\" title=\"taller-de-arte-palopalu\" srcset=\"https:\/\/palopalu.com\/wp-content\/uploads\/2026\/02\/taller-de-arte-palopalu-1024x683.png 1024w, https:\/\/palopalu.com\/wp-content\/uploads\/2026\/02\/taller-de-arte-palopalu-300x200.png 300w, https:\/\/palopalu.com\/wp-content\/uploads\/2026\/02\/taller-de-arte-palopalu-768x512.png 768w, https:\/\/palopalu.com\/wp-content\/uploads\/2026\/02\/taller-de-arte-palopalu-1536x1024.png 1536w, https:\/\/palopalu.com\/wp-content\/uploads\/2026\/02\/taller-de-arte-palopalu-2048x1365.png 2048w, https:\/\/palopalu.com\/wp-content\/uploads\/2026\/02\/taller-de-arte-palopalu-18x12.png 18w, https:\/\/palopalu.com\/wp-content\/uploads\/2026\/02\/taller-de-arte-palopalu-600x400.png 600w\" sizes=\"auto, (max-width: 1024px) 100vw, 1024px\" \/><\/li><li><img loading=\"lazy\" decoding=\"async\" width=\"683\" height=\"1024\" src=\"https:\/\/palopalu.com\/wp-content\/uploads\/2026\/02\/acuarela-683x1024.jpg\" class=\"attachment-large\" alt=\"\" title=\"acuarela\" srcset=\"https:\/\/palopalu.com\/wp-content\/uploads\/2026\/02\/acuarela-683x1024.jpg 683w, https:\/\/palopalu.com\/wp-content\/uploads\/2026\/02\/acuarela-200x300.jpg 200w, https:\/\/palopalu.com\/wp-content\/uploads\/2026\/02\/acuarela-768x1152.jpg 768w, https:\/\/palopalu.com\/wp-content\/uploads\/2026\/02\/acuarela-1024x1536.jpg 1024w, https:\/\/palopalu.com\/wp-content\/uploads\/2026\/02\/acuarela-1365x2048.jpg 1365w, https:\/\/palopalu.com\/wp-content\/uploads\/2026\/02\/acuarela-8x12.jpg 8w, https:\/\/palopalu.com\/wp-content\/uploads\/2026\/02\/acuarela-600x900.jpg 600w, https:\/\/palopalu.com\/wp-content\/uploads\/2026\/02\/acuarela-scaled.jpg 1707w\" sizes=\"auto, (max-width: 683px) 100vw, 683px\" \/><\/li><li><img loading=\"lazy\" decoding=\"async\" width=\"683\" height=\"1024\" src=\"https:\/\/palopalu.com\/wp-content\/uploads\/2026\/02\/ceramica-cuenco-rojo-683x1024.jpg\" class=\"attachment-large\" alt=\"\" title=\"cer\u00e1mica cuenco rojo\" srcset=\"https:\/\/palopalu.com\/wp-content\/uploads\/2026\/02\/ceramica-cuenco-rojo-683x1024.jpg 683w, https:\/\/palopalu.com\/wp-content\/uploads\/2026\/02\/ceramica-cuenco-rojo-200x300.jpg 200w, https:\/\/palopalu.com\/wp-content\/uploads\/2026\/02\/ceramica-cuenco-rojo-768x1152.jpg 768w, https:\/\/palopalu.com\/wp-content\/uploads\/2026\/02\/ceramica-cuenco-rojo-1024x1536.jpg 1024w, https:\/\/palopalu.com\/wp-content\/uploads\/2026\/02\/ceramica-cuenco-rojo-1365x2048.jpg 1365w, https:\/\/palopalu.com\/wp-content\/uploads\/2026\/02\/ceramica-cuenco-rojo-8x12.jpg 8w, https:\/\/palopalu.com\/wp-content\/uploads\/2026\/02\/ceramica-cuenco-rojo-600x900.jpg 600w, https:\/\/palopalu.com\/wp-content\/uploads\/2026\/02\/ceramica-cuenco-rojo-scaled.jpg 1707w\" sizes=\"auto, (max-width: 683px) 100vw, 683px\" \/><\/li><li><img loading=\"lazy\" decoding=\"async\" width=\"681\" height=\"1024\" src=\"https:\/\/palopalu.com\/wp-content\/uploads\/2026\/02\/ceramica-ojo-negro-681x1024.jpg\" class=\"attachment-large\" alt=\"\" title=\"ceramica ojo negro\" srcset=\"https:\/\/palopalu.com\/wp-content\/uploads\/2026\/02\/ceramica-ojo-negro-681x1024.jpg 681w, https:\/\/palopalu.com\/wp-content\/uploads\/2026\/02\/ceramica-ojo-negro-200x300.jpg 200w, https:\/\/palopalu.com\/wp-content\/uploads\/2026\/02\/ceramica-ojo-negro-768x1154.jpg 768w, https:\/\/palopalu.com\/wp-content\/uploads\/2026\/02\/ceramica-ojo-negro-1022x1536.jpg 1022w, https:\/\/palopalu.com\/wp-content\/uploads\/2026\/02\/ceramica-ojo-negro-1362x2048.jpg 1362w, https:\/\/palopalu.com\/wp-content\/uploads\/2026\/02\/ceramica-ojo-negro-8x12.jpg 8w, https:\/\/palopalu.com\/wp-content\/uploads\/2026\/02\/ceramica-ojo-negro-600x902.jpg 600w, https:\/\/palopalu.com\/wp-content\/uploads\/2026\/02\/ceramica-ojo-negro-scaled.jpg 1703w\" sizes=\"auto, (max-width: 681px) 100vw, 681px\" \/><\/li><li><img loading=\"lazy\" decoding=\"async\" width=\"683\" height=\"1024\" src=\"https:\/\/palopalu.com\/wp-content\/uploads\/2026\/02\/ilustracion-casita-683x1024.jpg\" class=\"attachment-large\" alt=\"\" title=\"ilustraci\u00f3n casita\" srcset=\"https:\/\/palopalu.com\/wp-content\/uploads\/2026\/02\/ilustracion-casita-683x1024.jpg 683w, https:\/\/palopalu.com\/wp-content\/uploads\/2026\/02\/ilustracion-casita-200x300.jpg 200w, https:\/\/palopalu.com\/wp-content\/uploads\/2026\/02\/ilustracion-casita-768x1152.jpg 768w, https:\/\/palopalu.com\/wp-content\/uploads\/2026\/02\/ilustracion-casita-1024x1536.jpg 1024w, https:\/\/palopalu.com\/wp-content\/uploads\/2026\/02\/ilustracion-casita-1365x2048.jpg 1365w, https:\/\/palopalu.com\/wp-content\/uploads\/2026\/02\/ilustracion-casita-8x12.jpg 8w, https:\/\/palopalu.com\/wp-content\/uploads\/2026\/02\/ilustracion-casita-600x900.jpg 600w, https:\/\/palopalu.com\/wp-content\/uploads\/2026\/02\/ilustracion-casita-scaled.jpg 1707w\" sizes=\"auto, (max-width: 683px) 100vw, 683px\" \/><\/li><li><img loading=\"lazy\" decoding=\"async\" width=\"1024\" height=\"683\" src=\"https:\/\/palopalu.com\/wp-content\/uploads\/2026\/02\/ilustracion-insecto-1024x683.jpg\" class=\"attachment-large\" alt=\"\" title=\"ilustraci\u00f3n insecto\" srcset=\"https:\/\/palopalu.com\/wp-content\/uploads\/2026\/02\/ilustracion-insecto-1024x683.jpg 1024w, https:\/\/palopalu.com\/wp-content\/uploads\/2026\/02\/ilustracion-insecto-300x200.jpg 300w, https:\/\/palopalu.com\/wp-content\/uploads\/2026\/02\/ilustracion-insecto-768x513.jpg 768w, https:\/\/palopalu.com\/wp-content\/uploads\/2026\/02\/ilustracion-insecto-1536x1025.jpg 1536w, https:\/\/palopalu.com\/wp-content\/uploads\/2026\/02\/ilustracion-insecto-2048x1367.jpg 2048w, https:\/\/palopalu.com\/wp-content\/uploads\/2026\/02\/ilustracion-insecto-18x12.jpg 18w, https:\/\/palopalu.com\/wp-content\/uploads\/2026\/02\/ilustracion-insecto-600x400.jpg 600w\" sizes=\"auto, (max-width: 1024px) 100vw, 1024px\" \/><\/li><li><img loading=\"lazy\" decoding=\"async\" width=\"1024\" height=\"768\" src=\"https:\/\/palopalu.com\/wp-content\/uploads\/2026\/02\/paleta-color-1024x768.jpg\" class=\"attachment-large\" alt=\"\" title=\"OLYMPUS DIGITAL CAMERA\" srcset=\"https:\/\/palopalu.com\/wp-content\/uploads\/2026\/02\/paleta-color-1024x768.jpg 1024w, https:\/\/palopalu.com\/wp-content\/uploads\/2026\/02\/paleta-color-300x225.jpg 300w, https:\/\/palopalu.com\/wp-content\/uploads\/2026\/02\/paleta-color-768x576.jpg 768w, https:\/\/palopalu.com\/wp-content\/uploads\/2026\/02\/paleta-color-1536x1152.jpg 1536w, https:\/\/palopalu.com\/wp-content\/uploads\/2026\/02\/paleta-color-2048x1536.jpg 2048w, https:\/\/palopalu.com\/wp-content\/uploads\/2026\/02\/paleta-color-16x12.jpg 16w, https:\/\/palopalu.com\/wp-content\/uploads\/2026\/02\/paleta-color-600x450.jpg 600w\" sizes=\"auto, (max-width: 1024px) 100vw, 1024px\" \/><\/li><li><img loading=\"lazy\" decoding=\"async\" width=\"1024\" height=\"683\" src=\"https:\/\/palopalu.com\/wp-content\/uploads\/2026\/02\/TALLER-ESTAMPACION-PALOPALU-1024x683.jpeg\" class=\"attachment-large\" alt=\"\" title=\"TALLER-ESTAMPACI\u00d3N-PALOPALU\" srcset=\"https:\/\/palopalu.com\/wp-content\/uploads\/2026\/02\/TALLER-ESTAMPACION-PALOPALU-1024x683.jpeg 1024w, https:\/\/palopalu.com\/wp-content\/uploads\/2026\/02\/TALLER-ESTAMPACION-PALOPALU-300x200.jpeg 300w, https:\/\/palopalu.com\/wp-content\/uploads\/2026\/02\/TALLER-ESTAMPACION-PALOPALU-768x512.jpeg 768w, https:\/\/palopalu.com\/wp-content\/uploads\/2026\/02\/TALLER-ESTAMPACION-PALOPALU-18x12.jpeg 18w, https:\/\/palopalu.com\/wp-content\/uploads\/2026\/02\/TALLER-ESTAMPACION-PALOPALU-600x400.jpeg 600w, https:\/\/palopalu.com\/wp-content\/uploads\/2026\/02\/TALLER-ESTAMPACION-PALOPALU.jpeg 1536w\" sizes=\"auto, (max-width: 1024px) 100vw, 1024px\" \/><\/li><\/ul><\/div><\/div><\/div><\/div><\/div><\/div><div class=\"wpb_column vc_column_container vc_col-sm-3\"><div class=\"vc_column-inner\"><div class=\"wpb_wrapper\"><\/div><\/div><\/div><\/div><\/div><\/div><\/div><\/div><div class=\"vc_row wpb_row vc_row-fluid\"><div class=\"wpb_column vc_column_container vc_col-sm-3\"><div class=\"vc_column-inner\"><div class=\"wpb_wrapper\"><\/div><\/div><\/div><div class=\"wpb_column vc_column_container vc_col-sm-6\"><div class=\"vc_column-inner\"><div class=\"wpb_wrapper\">\n\t<div class=\"wpb_text_column wpb_content_element vc_custom_1772278261887 about-intro\" >\n\t\t<div class=\"wpb_wrapper\">\n\t\t\t<p style=\"text-align: center;\">En este taller hay t\u00e9cnica, claro, pero tambi\u00e9n hay libertad, juego, respeto y mucha experimentaci\u00f3n. No importa si vienes a relajarte, a desbloquear tu creatividad o a formarte con m\u00e1s profundidad: siempre encontrar\u00e1s un entorno c\u00e1lido, seguro y lleno de materiales que invitan a probar, equivocarse y disfrutar del arte sin juicio.<\/p>\n\n\t\t<\/div>\n\t<\/div>\n<div class=\"button_style_4 vc_btn3-container vc_btn3-center vc_custom_1772213000549\" >\n\t<a class=\"vc_general vc_btn3 vc_btn3-size-md vc_btn3-shape-rounded vc_btn3-style-modern vc_btn3-color-grey\" href=\"mailto:hola@reclaustudio.com\" title=\"Shop\">Escr\u00edbenos<\/a><\/div>\n<\/div><\/div><\/div><div class=\"wpb_column vc_column_container vc_col-sm-3\"><div class=\"vc_column-inner\"><div class=\"wpb_wrapper\"><\/div><\/div><\/div><\/div><div class=\"vc_row wpb_row vc_row-fluid\"><div data-vc-parallax=\"1.5\" data-vc-parallax-image=\"https:\/\/palopalu.com\/wp-content\/uploads\/2026\/02\/taller-de-arte-palopalu-scaled.png\" class=\"wpb_column vc_column_container vc_col-sm-12 vc_general vc_parallax vc_parallax-content-moving\"><div class=\"vc_column-inner vc_custom_1772273807545\"><div class=\"wpb_wrapper\"><\/div><\/div><\/div><\/div><div class=\"vc_row wpb_row vc_row-fluid\"><div class=\"wpb_column vc_column_container vc_col-sm-12\"><div class=\"vc_column-inner\"><div class=\"wpb_wrapper\"><\/div><\/div><\/div><\/div>\n<\/div>","protected":false},"excerpt":{"rendered":"Taller Semanal Taller de Arte Un taller donde explorar tu creatividad a trav\u00e9s de la cer\u00e1mica, el dibujo y la ilustraci\u00f3n. Pensado para aprender, disfrutar y expresarte sin juicios. Impartido por Claudia, artista y docente especializada en procesos creativos. Este taller nace del cruce entre lo manual, lo art\u00edstico y lo \u00edntimo. Donde el proceso [...]","protected":false},"author":1,"featured_media":6195,"parent":0,"menu_order":0,"comment_status":"closed","ping_status":"closed","template":"","meta":{"footnotes":""},"class_list":["post-6126","page","type-page","status-publish","has-post-thumbnail","hentry","clearfix"],"yoast_head":"<!-- This site is optimized with the Yoast SEO plugin v27.5 - https:\/\/yoast.com\/product\/yoast-seo-wordpress\/ -->\n<title>Palopal\u00fa \u2022 taller de arte<\/title>\n<meta name=\"description\" content=\"taller de arte. Un taller donde explorar tu creatividad a trav\u00e9s de la cer\u00e1mica, el dibujo y la ilustraci\u00f3n.\" \/>\n<meta name=\"robots\" content=\"index, follow, max-snippet:-1, max-image-preview:large, max-video-preview:-1\" \/>\n<link rel=\"canonical\" href=\"https:\/\/palopalu.com\/en\/taller-de-arte\/\" \/>\n<meta property=\"og:locale\" content=\"en_GB\" \/>\n<meta property=\"og:type\" content=\"article\" \/>\n<meta property=\"og:title\" content=\"Palopal\u00fa \u2022 taller de arte\" \/>\n<meta property=\"og:description\" content=\"taller de arte. Un taller donde explorar tu creatividad a trav\u00e9s de la cer\u00e1mica, el dibujo y la ilustraci\u00f3n.\" \/>\n<meta property=\"og:url\" content=\"https:\/\/palopalu.com\/en\/taller-de-arte\/\" \/>\n<meta property=\"og:site_name\" content=\"Palopal\u00fa\" \/>\n<meta property=\"article:publisher\" content=\"https:\/\/www.facebook.com\/palopalupalopalu\" \/>\n<meta property=\"article:modified_time\" content=\"2026-02-28T11:53:48+00:00\" \/>\n<meta property=\"og:image\" content=\"https:\/\/palopalu.com\/wp-content\/uploads\/2026\/02\/CARTEL-TALLERES-ARTE-CONTINUOS-1.jpeg\" \/>\n\t<meta property=\"og:image:width\" content=\"941\" \/>\n\t<meta property=\"og:image:height\" content=\"1304\" \/>\n\t<meta property=\"og:image:type\" content=\"image\/jpeg\" \/>\n<meta name=\"twitter:card\" content=\"summary_large_image\" \/>\n<meta name=\"twitter:label1\" content=\"Estimated reading time\" \/>\n\t<meta name=\"twitter:data1\" content=\"2 minutes\" \/>\n<script type=\"application\/ld+json\" class=\"yoast-schema-graph\">{\"@context\":\"https:\\\/\\\/schema.org\",\"@graph\":[{\"@type\":\"WebPage\",\"@id\":\"https:\\\/\\\/palopalu.com\\\/taller-de-arte\\\/\",\"url\":\"https:\\\/\\\/palopalu.com\\\/taller-de-arte\\\/\",\"name\":\"Palopal\u00fa \u2022 taller de arte\",\"isPartOf\":{\"@id\":\"https:\\\/\\\/palopalu.com\\\/#website\"},\"primaryImageOfPage\":{\"@id\":\"https:\\\/\\\/palopalu.com\\\/taller-de-arte\\\/#primaryimage\"},\"image\":{\"@id\":\"https:\\\/\\\/palopalu.com\\\/taller-de-arte\\\/#primaryimage\"},\"thumbnailUrl\":\"https:\\\/\\\/palopalu.com\\\/wp-content\\\/uploads\\\/2026\\\/02\\\/CARTEL-TALLERES-ARTE-CONTINUOS-1.jpeg\",\"datePublished\":\"2026-02-27T17:28:19+00:00\",\"dateModified\":\"2026-02-28T11:53:48+00:00\",\"description\":\"taller de arte. Un taller donde explorar tu creatividad a trav\u00e9s de la cer\u00e1mica, el dibujo y la ilustraci\u00f3n.\",\"breadcrumb\":{\"@id\":\"https:\\\/\\\/palopalu.com\\\/taller-de-arte\\\/#breadcrumb\"},\"inLanguage\":\"en-GB\",\"potentialAction\":[{\"@type\":\"ReadAction\",\"target\":[\"https:\\\/\\\/palopalu.com\\\/taller-de-arte\\\/\"]}]},{\"@type\":\"ImageObject\",\"inLanguage\":\"en-GB\",\"@id\":\"https:\\\/\\\/palopalu.com\\\/taller-de-arte\\\/#primaryimage\",\"url\":\"https:\\\/\\\/palopalu.com\\\/wp-content\\\/uploads\\\/2026\\\/02\\\/CARTEL-TALLERES-ARTE-CONTINUOS-1.jpeg\",\"contentUrl\":\"https:\\\/\\\/palopalu.com\\\/wp-content\\\/uploads\\\/2026\\\/02\\\/CARTEL-TALLERES-ARTE-CONTINUOS-1.jpeg\",\"width\":941,\"height\":1304},{\"@type\":\"BreadcrumbList\",\"@id\":\"https:\\\/\\\/palopalu.com\\\/taller-de-arte\\\/#breadcrumb\",\"itemListElement\":[{\"@type\":\"ListItem\",\"position\":1,\"name\":\"Portada\",\"item\":\"https:\\\/\\\/palopalu.com\\\/\"},{\"@type\":\"ListItem\",\"position\":2,\"name\":\"Taller de Arte\"}]},{\"@type\":\"WebSite\",\"@id\":\"https:\\\/\\\/palopalu.com\\\/#website\",\"url\":\"https:\\\/\\\/palopalu.com\\\/\",\"name\":\"Palopal\u00fa\",\"description\":\"Juguetes, decoraci\u00f3n y objetos personalizados en madera\",\"publisher\":{\"@id\":\"https:\\\/\\\/palopalu.com\\\/#organization\"},\"potentialAction\":[{\"@type\":\"SearchAction\",\"target\":{\"@type\":\"EntryPoint\",\"urlTemplate\":\"https:\\\/\\\/palopalu.com\\\/?s={search_term_string}\"},\"query-input\":{\"@type\":\"PropertyValueSpecification\",\"valueRequired\":true,\"valueName\":\"search_term_string\"}}],\"inLanguage\":\"en-GB\"},{\"@type\":\"Organization\",\"@id\":\"https:\\\/\\\/palopalu.com\\\/#organization\",\"name\":\"Palopal\u00fa\",\"url\":\"https:\\\/\\\/palopalu.com\\\/\",\"logo\":{\"@type\":\"ImageObject\",\"inLanguage\":\"en-GB\",\"@id\":\"https:\\\/\\\/palopalu.com\\\/#\\\/schema\\\/logo\\\/image\\\/\",\"url\":\"https:\\\/\\\/palopalu.com\\\/wp-content\\\/uploads\\\/2019\\\/02\\\/logo-palopalu.png\",\"contentUrl\":\"https:\\\/\\\/palopalu.com\\\/wp-content\\\/uploads\\\/2019\\\/02\\\/logo-palopalu.png\",\"width\":125,\"height\":30,\"caption\":\"Palopal\u00fa\"},\"image\":{\"@id\":\"https:\\\/\\\/palopalu.com\\\/#\\\/schema\\\/logo\\\/image\\\/\"},\"sameAs\":[\"https:\\\/\\\/www.facebook.com\\\/palopalupalopalu\",\"https:\\\/\\\/www.instagram.com\\\/palopalu\"]}]}<\/script>\n<!-- \/ Yoast SEO plugin. -->","yoast_head_json":{"title":"Palopal\u00fa \u2022 taller de arte","description":"taller de arte. Un taller donde explorar tu creatividad a trav\u00e9s de la cer\u00e1mica, el dibujo y la ilustraci\u00f3n.","robots":{"index":"index","follow":"follow","max-snippet":"max-snippet:-1","max-image-preview":"max-image-preview:large","max-video-preview":"max-video-preview:-1"},"canonical":"https:\/\/palopalu.com\/en\/taller-de-arte\/","og_locale":"en_GB","og_type":"article","og_title":"Palopal\u00fa \u2022 taller de arte","og_description":"taller de arte. Un taller donde explorar tu creatividad a trav\u00e9s de la cer\u00e1mica, el dibujo y la ilustraci\u00f3n.","og_url":"https:\/\/palopalu.com\/en\/taller-de-arte\/","og_site_name":"Palopal\u00fa","article_publisher":"https:\/\/www.facebook.com\/palopalupalopalu","article_modified_time":"2026-02-28T11:53:48+00:00","og_image":[{"width":941,"height":1304,"url":"https:\/\/palopalu.com\/wp-content\/uploads\/2026\/02\/CARTEL-TALLERES-ARTE-CONTINUOS-1.jpeg","type":"image\/jpeg"}],"twitter_card":"summary_large_image","twitter_misc":{"Estimated reading time":"2 minutes"},"schema":{"@context":"https:\/\/schema.org","@graph":[{"@type":"WebPage","@id":"https:\/\/palopalu.com\/taller-de-arte\/","url":"https:\/\/palopalu.com\/taller-de-arte\/","name":"Palopal\u00fa \u2022 taller de arte","isPartOf":{"@id":"https:\/\/palopalu.com\/#website"},"primaryImageOfPage":{"@id":"https:\/\/palopalu.com\/taller-de-arte\/#primaryimage"},"image":{"@id":"https:\/\/palopalu.com\/taller-de-arte\/#primaryimage"},"thumbnailUrl":"https:\/\/palopalu.com\/wp-content\/uploads\/2026\/02\/CARTEL-TALLERES-ARTE-CONTINUOS-1.jpeg","datePublished":"2026-02-27T17:28:19+00:00","dateModified":"2026-02-28T11:53:48+00:00","description":"taller de arte. Un taller donde explorar tu creatividad a trav\u00e9s de la cer\u00e1mica, el dibujo y la ilustraci\u00f3n.","breadcrumb":{"@id":"https:\/\/palopalu.com\/taller-de-arte\/#breadcrumb"},"inLanguage":"en-GB","potentialAction":[{"@type":"ReadAction","target":["https:\/\/palopalu.com\/taller-de-arte\/"]}]},{"@type":"ImageObject","inLanguage":"en-GB","@id":"https:\/\/palopalu.com\/taller-de-arte\/#primaryimage","url":"https:\/\/palopalu.com\/wp-content\/uploads\/2026\/02\/CARTEL-TALLERES-ARTE-CONTINUOS-1.jpeg","contentUrl":"https:\/\/palopalu.com\/wp-content\/uploads\/2026\/02\/CARTEL-TALLERES-ARTE-CONTINUOS-1.jpeg","width":941,"height":1304},{"@type":"BreadcrumbList","@id":"https:\/\/palopalu.com\/taller-de-arte\/#breadcrumb","itemListElement":[{"@type":"ListItem","position":1,"name":"Portada","item":"https:\/\/palopalu.com\/"},{"@type":"ListItem","position":2,"name":"Taller de Arte"}]},{"@type":"WebSite","@id":"https:\/\/palopalu.com\/#website","url":"https:\/\/palopalu.com\/","name":"Palopal\u00fa","description":"Juguetes, decoraci\u00f3n y objetos personalizados en madera","publisher":{"@id":"https:\/\/palopalu.com\/#organization"},"potentialAction":[{"@type":"SearchAction","target":{"@type":"EntryPoint","urlTemplate":"https:\/\/palopalu.com\/?s={search_term_string}"},"query-input":{"@type":"PropertyValueSpecification","valueRequired":true,"valueName":"search_term_string"}}],"inLanguage":"en-GB"},{"@type":"Organization","@id":"https:\/\/palopalu.com\/#organization","name":"Palopal\u00fa","url":"https:\/\/palopalu.com\/","logo":{"@type":"ImageObject","inLanguage":"en-GB","@id":"https:\/\/palopalu.com\/#\/schema\/logo\/image\/","url":"https:\/\/palopalu.com\/wp-content\/uploads\/2019\/02\/logo-palopalu.png","contentUrl":"https:\/\/palopalu.com\/wp-content\/uploads\/2019\/02\/logo-palopalu.png","width":125,"height":30,"caption":"Palopal\u00fa"},"image":{"@id":"https:\/\/palopalu.com\/#\/schema\/logo\/image\/"},"sameAs":["https:\/\/www.facebook.com\/palopalupalopalu","https:\/\/www.instagram.com\/palopalu"]}]}},"_links":{"self":[{"href":"https:\/\/palopalu.com\/en\/wp-json\/wp\/v2\/pages\/6126","targetHints":{"allow":["GET"]}}],"collection":[{"href":"https:\/\/palopalu.com\/en\/wp-json\/wp\/v2\/pages"}],"about":[{"href":"https:\/\/palopalu.com\/en\/wp-json\/wp\/v2\/types\/page"}],"author":[{"embeddable":true,"href":"https:\/\/palopalu.com\/en\/wp-json\/wp\/v2\/users\/1"}],"replies":[{"embeddable":true,"href":"https:\/\/palopalu.com\/en\/wp-json\/wp\/v2\/comments?post=6126"}],"version-history":[{"count":12,"href":"https:\/\/palopalu.com\/en\/wp-json\/wp\/v2\/pages\/6126\/revisions"}],"predecessor-version":[{"id":6205,"href":"https:\/\/palopalu.com\/en\/wp-json\/wp\/v2\/pages\/6126\/revisions\/6205"}],"wp:featuredmedia":[{"embeddable":true,"href":"https:\/\/palopalu.com\/en\/wp-json\/wp\/v2\/media\/6195"}],"wp:attachment":[{"href":"https:\/\/palopalu.com\/en\/wp-json\/wp\/v2\/media?parent=6126"}],"curies":[{"name":"wp","href":"https:\/\/api.w.org\/{rel}","templated":true}]}}