{"id":6159,"date":"2026-02-27T20:01:05","date_gmt":"2026-02-27T19:01:05","guid":{"rendered":"https:\/\/palopalu.com\/?page_id=6159"},"modified":"2026-03-22T22:02:28","modified_gmt":"2026-03-22T21:02:28","slug":"taller-de-estampacion","status":"publish","type":"page","link":"https:\/\/palopalu.com\/en\/taller-de-estampacion\/","title":{"rendered":"Taller de Linograbado"},"content":{"rendered":"<div class=\"wpb-content-wrapper\"><div class=\"vc_row wpb_row vc_row-fluid\"><div class=\"wpb_column vc_column_container vc_col-sm-12\"><div class=\"vc_column-inner\"><div class=\"wpb_wrapper\"><div class=\"vc_row wpb_row vc_inner vc_row-fluid\"><div class=\"wpb_column vc_column_container vc_col-sm-8\"><div class=\"vc_column-inner\"><div class=\"wpb_wrapper\">\n\t<div  class=\"wpb_single_image wpb_content_element vc_align_left wpb_content_element\">\n\t\t\n\t\t<figure class=\"wpb_wrapper vc_figure\">\n\t\t\t<div class=\"vc_single_image-wrapper   vc_box_border_grey\"><img loading=\"lazy\" decoding=\"async\" width=\"596\" height=\"841\" src=\"https:\/\/palopalu.com\/wp-content\/uploads\/2026\/03\/cartel-linograbado.jpg\" class=\"vc_single_image-img attachment-large\" alt=\"\" title=\"cartel linograbado\" srcset=\"https:\/\/palopalu.com\/wp-content\/uploads\/2026\/03\/cartel-linograbado.jpg 596w, https:\/\/palopalu.com\/wp-content\/uploads\/2026\/03\/cartel-linograbado-213x300.jpg 213w, https:\/\/palopalu.com\/wp-content\/uploads\/2026\/03\/cartel-linograbado-9x12.jpg 9w\" sizes=\"auto, (max-width: 596px) 100vw, 596px\" \/><\/div>\n\t\t<\/figure>\n\t<\/div>\n<div class=\"vc_empty_space\"   style=\"height: 32px\"><span class=\"vc_empty_space_inner\"><\/span><\/div><\/div><\/div><\/div><div class=\"wpb_column vc_column_container vc_col-sm-4\"><div class=\"vc_column-inner vc_custom_1770745694361\"><div class=\"wpb_wrapper\">\n\t<div class=\"wpb_text_column wpb_content_element vc_custom_1772282093581\" >\n\t\t<div class=\"wpb_wrapper\">\n\t\t\t<h2 style=\"text-align: center;\"><strong>\u00a0<\/strong><\/h2>\n<h3 style=\"text-align: center;\">Monogr\u00e1fico<\/h3>\n<h2 style=\"text-align: center;\">TALLER DE LINOGRABADO<\/h2>\n\n\t\t<\/div>\n\t<\/div>\n\n\t<div class=\"wpb_text_column wpb_content_element\" >\n\t\t<div class=\"wpb_wrapper\">\n\t\t\t<h3 style=\"text-align: center;\"><em>11 de Abril<\/em><\/h3>\n\n\t\t<\/div>\n\t<\/div>\n<div class=\"vc_empty_space\"   style=\"height: 22px\"><span class=\"vc_empty_space_inner\"><\/span><\/div>\n\t<div class=\"wpb_text_column wpb_content_element vc_custom_1772218477459\" >\n\t\t<div class=\"wpb_wrapper\">\n\t\t\t<p>Disfruta creando tu propia estampa en un ambiente relajado y creativo, mientras compartes el proceso en buena compa\u00f1\u00eda. Una experiencia art\u00edstica guiada paso a paso, perfecta tanto si es tu primer contacto con el grabado como si ya tienes experiencia y quieres explorar nuevas formas de expresi\u00f3n.<\/p>\n<p>A trav\u00e9s del linograbado, el gesto, la repetici\u00f3n y el contacto directo con el material, descubrir\u00e1s la estampa como huella, ritmo y juego creativo. No necesitas conocimientos previos: solo curiosidad, ganas de experimentar y dejar que la imagen vaya apareciendo poco a poco.<\/p>\n<p>Te llevar\u00e1s ese mismo d\u00eda a casa varias estampas terminadas y la matriz para seguir reproduciendo tu imagen<\/p>\n<p>Claudia Ruiz Echevarr\u00eda es artista, investigadora y docente vinculada al arte contempor\u00e1neo y a la mediaci\u00f3n art\u00edstica. Tiene formaci\u00f3n en Bellas Artes y es doctoranda en la Universidad del Pa\u00eds Vasco. En el 2019 funda el &#8220;Taller de Arte&#8221; en la Asociaci\u00f3n Cultural Desarrollo Pr\u00f3ximo, un espacio dedicado a la creaci\u00f3n art\u00edstica que hoy en d\u00eda gestiona desde su nuevo proyecto ReClauStudio.<\/p>\n<ul>\n<li>14 de Marzo de 11:00 a 13:30 h<\/li>\n<li>Lugar: Espacio Palopal\u00fa ( Bilbao)<\/li>\n<li style=\"text-align: left;\">Grupos reducidos<\/li>\n<li>Material incluido.<\/li>\n<li>Info y reservas 618153193 \/hola@reclaustudio.com<\/li>\n<\/ul>\n<p>&nbsp;<\/p>\n<h5 style=\"text-align: center;\">Precio: 42 \u20ac<\/h5>\n<p>&nbsp;<\/p>\n\n\t\t<\/div>\n\t<\/div>\n<div class=\"vc_empty_space\"   style=\"height: 32px\"><span class=\"vc_empty_space_inner\"><\/span><\/div><div class=\"button_style_1 vc_btn3-container vc_btn3-center\" >\n\t<a class=\"vc_general vc_btn3 vc_btn3-size-md vc_btn3-shape-rounded vc_btn3-style-modern vc_btn3-color-grey\" href=\"tel:+34618153193\" title=\"\">RESERVAR PLAZA<\/a><\/div>\n<div class=\"vc_empty_space\"   style=\"height: 32px\"><span class=\"vc_empty_space_inner\"><\/span><\/div><\/div><\/div><\/div><\/div><\/div><\/div><\/div><\/div><div class=\"vc_row wpb_row vc_row-fluid\"><div class=\"wpb_column vc_column_container vc_col-sm-12\"><div class=\"vc_column-inner\"><div class=\"wpb_wrapper\"><div class=\"vc_row wpb_row vc_inner vc_row-fluid\"><div class=\"wpb_column vc_column_container vc_col-sm-3\"><div class=\"vc_column-inner\"><div class=\"wpb_wrapper\"><div class=\"vc_empty_space\"   style=\"height: 32px\"><span class=\"vc_empty_space_inner\"><\/span><\/div><\/div><\/div><\/div><div class=\"wpb_column vc_column_container vc_col-sm-6\"><div class=\"vc_column-inner\"><div class=\"wpb_wrapper\"><div class=\"wpb_gallery wpb_content_element vc_clearfix vc_custom_1772296623922 wpb_content_element\" ><div class=\"wpb_wrapper\"><div class=\"wpb_gallery_slides wpb_flexslider flexslider_fade flexslider\" data-interval=\"3\" data-flex_fx=\"fade\"><ul class=\"slides\"><li><img loading=\"lazy\" decoding=\"async\" width=\"1024\" height=\"683\" src=\"https:\/\/palopalu.com\/wp-content\/uploads\/2026\/02\/TALLER-ESTAMPACION-PALOPALU-1024x683.jpeg\" class=\"attachment-large\" alt=\"\" title=\"TALLER-ESTAMPACI\u00d3N-PALOPALU\" srcset=\"https:\/\/palopalu.com\/wp-content\/uploads\/2026\/02\/TALLER-ESTAMPACION-PALOPALU-1024x683.jpeg 1024w, https:\/\/palopalu.com\/wp-content\/uploads\/2026\/02\/TALLER-ESTAMPACION-PALOPALU-300x200.jpeg 300w, https:\/\/palopalu.com\/wp-content\/uploads\/2026\/02\/TALLER-ESTAMPACION-PALOPALU-768x512.jpeg 768w, https:\/\/palopalu.com\/wp-content\/uploads\/2026\/02\/TALLER-ESTAMPACION-PALOPALU-18x12.jpeg 18w, https:\/\/palopalu.com\/wp-content\/uploads\/2026\/02\/TALLER-ESTAMPACION-PALOPALU-600x400.jpeg 600w, https:\/\/palopalu.com\/wp-content\/uploads\/2026\/02\/TALLER-ESTAMPACION-PALOPALU.jpeg 1536w\" sizes=\"auto, (max-width: 1024px) 100vw, 1024px\" \/><\/li><li><img loading=\"lazy\" decoding=\"async\" width=\"1024\" height=\"683\" src=\"https:\/\/palopalu.com\/wp-content\/uploads\/2026\/02\/TALLER-ESTAMPACION-PALOPALU-BILBAO-1024x683.jpeg\" class=\"attachment-large\" alt=\"\" title=\"TALLER-ESTAMPACI\u00d3N-PALOPALU-BILBAO\" srcset=\"https:\/\/palopalu.com\/wp-content\/uploads\/2026\/02\/TALLER-ESTAMPACION-PALOPALU-BILBAO-1024x683.jpeg 1024w, https:\/\/palopalu.com\/wp-content\/uploads\/2026\/02\/TALLER-ESTAMPACION-PALOPALU-BILBAO-300x200.jpeg 300w, https:\/\/palopalu.com\/wp-content\/uploads\/2026\/02\/TALLER-ESTAMPACION-PALOPALU-BILBAO-768x512.jpeg 768w, https:\/\/palopalu.com\/wp-content\/uploads\/2026\/02\/TALLER-ESTAMPACION-PALOPALU-BILBAO-18x12.jpeg 18w, https:\/\/palopalu.com\/wp-content\/uploads\/2026\/02\/TALLER-ESTAMPACION-PALOPALU-BILBAO-600x400.jpeg 600w, https:\/\/palopalu.com\/wp-content\/uploads\/2026\/02\/TALLER-ESTAMPACION-PALOPALU-BILBAO.jpeg 1536w\" sizes=\"auto, (max-width: 1024px) 100vw, 1024px\" \/><\/li><li><img loading=\"lazy\" decoding=\"async\" width=\"683\" height=\"1024\" src=\"https:\/\/palopalu.com\/wp-content\/uploads\/2026\/02\/TALLER-ESTAMPACION-PALOPALU-2-683x1024.jpeg\" class=\"attachment-large\" alt=\"\" title=\"TALLER-ESTAMPACI\u00d3N-PALOPALU-2\" srcset=\"https:\/\/palopalu.com\/wp-content\/uploads\/2026\/02\/TALLER-ESTAMPACION-PALOPALU-2-683x1024.jpeg 683w, https:\/\/palopalu.com\/wp-content\/uploads\/2026\/02\/TALLER-ESTAMPACION-PALOPALU-2-200x300.jpeg 200w, https:\/\/palopalu.com\/wp-content\/uploads\/2026\/02\/TALLER-ESTAMPACION-PALOPALU-2-768x1152.jpeg 768w, https:\/\/palopalu.com\/wp-content\/uploads\/2026\/02\/TALLER-ESTAMPACION-PALOPALU-2-8x12.jpeg 8w, https:\/\/palopalu.com\/wp-content\/uploads\/2026\/02\/TALLER-ESTAMPACION-PALOPALU-2-600x900.jpeg 600w, https:\/\/palopalu.com\/wp-content\/uploads\/2026\/02\/TALLER-ESTAMPACION-PALOPALU-2.jpeg 1024w\" sizes=\"auto, (max-width: 683px) 100vw, 683px\" \/><\/li><li><img loading=\"lazy\" decoding=\"async\" width=\"732\" height=\"1024\" src=\"https:\/\/palopalu.com\/wp-content\/uploads\/2026\/02\/maripisa2.jpg\" class=\"attachment-large\" alt=\"\" title=\"maripisa2\" srcset=\"https:\/\/palopalu.com\/wp-content\/uploads\/2026\/02\/maripisa2.jpg 732w, https:\/\/palopalu.com\/wp-content\/uploads\/2026\/02\/maripisa2-214x300.jpg 214w, https:\/\/palopalu.com\/wp-content\/uploads\/2026\/02\/maripisa2-9x12.jpg 9w, https:\/\/palopalu.com\/wp-content\/uploads\/2026\/02\/maripisa2-600x839.jpg 600w\" sizes=\"auto, (max-width: 732px) 100vw, 732px\" \/><\/li><li><img loading=\"lazy\" decoding=\"async\" width=\"1024\" height=\"683\" src=\"https:\/\/palopalu.com\/wp-content\/uploads\/2026\/02\/conejos-1024x683.jpeg\" class=\"attachment-large\" alt=\"\" title=\"conejos\" srcset=\"https:\/\/palopalu.com\/wp-content\/uploads\/2026\/02\/conejos-1024x683.jpeg 1024w, https:\/\/palopalu.com\/wp-content\/uploads\/2026\/02\/conejos-300x200.jpeg 300w, https:\/\/palopalu.com\/wp-content\/uploads\/2026\/02\/conejos-768x512.jpeg 768w, https:\/\/palopalu.com\/wp-content\/uploads\/2026\/02\/conejos-18x12.jpeg 18w, https:\/\/palopalu.com\/wp-content\/uploads\/2026\/02\/conejos-600x400.jpeg 600w, https:\/\/palopalu.com\/wp-content\/uploads\/2026\/02\/conejos.jpeg 1536w\" sizes=\"auto, (max-width: 1024px) 100vw, 1024px\" \/><\/li><\/ul><\/div><\/div><\/div><\/div><\/div><\/div><div class=\"wpb_column vc_column_container vc_col-sm-3\"><div class=\"vc_column-inner\"><div class=\"wpb_wrapper\"><\/div><\/div><\/div><\/div><\/div><\/div><\/div><\/div><div class=\"vc_row wpb_row vc_row-fluid\"><div class=\"wpb_column vc_column_container vc_col-sm-3\"><div class=\"vc_column-inner\"><div class=\"wpb_wrapper\"><\/div><\/div><\/div><div class=\"wpb_column vc_column_container vc_col-sm-6\"><div class=\"vc_column-inner\"><div class=\"wpb_wrapper\">\n\t<div class=\"wpb_text_column wpb_content_element vc_custom_1772218667001 about-intro\" >\n\t\t<div class=\"wpb_wrapper\">\n\t\t\t<p style=\"text-align: center;\">Una propuesta ideal tanto si te acercas por primera vez al grabado como si quieres afianzar conocimientos, experimentar y dejar fluir tu creatividad en un entorno tranquilo y cuidado.<\/p>\n\n\t\t<\/div>\n\t<\/div>\n<div class=\"button_style_4 vc_btn3-container vc_btn3-center vc_custom_1772218856608\" >\n\t<a class=\"vc_general vc_btn3 vc_btn3-size-md vc_btn3-shape-rounded vc_btn3-style-modern vc_btn3-color-grey\" href=\"mailto:hola@reclaustudio.com\" title=\"Shop\">Escr\u00edbenos<\/a><\/div>\n<\/div><\/div><\/div><div class=\"wpb_column vc_column_container vc_col-sm-3\"><div class=\"vc_column-inner\"><div class=\"wpb_wrapper\"><\/div><\/div><\/div><\/div><div class=\"vc_row wpb_row vc_row-fluid\"><div data-vc-parallax=\"1.5\" data-vc-parallax-image=\"https:\/\/palopalu.com\/wp-content\/uploads\/2026\/02\/mujer-joven-hace-ceramica-en-taller-scaled.jpg\" class=\"wpb_column vc_column_container vc_col-sm-12 vc_general vc_parallax vc_parallax-content-moving\"><div class=\"vc_column-inner vc_custom_1770801072498\"><div class=\"wpb_wrapper\"><\/div><\/div><\/div><\/div><div class=\"vc_row wpb_row vc_row-fluid\"><div class=\"wpb_column vc_column_container vc_col-sm-12\"><div class=\"vc_column-inner\"><div class=\"wpb_wrapper\"><\/div><\/div><\/div><\/div>\n<\/div>","protected":false},"excerpt":{"rendered":"\u00a0 Monogr\u00e1fico TALLER DE LINOGRABADO 11 de Abril Disfruta creando tu propia estampa en un ambiente relajado y creativo, mientras compartes el proceso en buena compa\u00f1\u00eda. Una experiencia art\u00edstica guiada paso a paso, perfecta tanto si es tu primer contacto con el grabado como si ya tienes experiencia y quieres explorar nuevas formas de expresi\u00f3n. [...]","protected":false},"author":1,"featured_media":6156,"parent":0,"menu_order":0,"comment_status":"closed","ping_status":"closed","template":"","meta":{"footnotes":""},"class_list":["post-6159","page","type-page","status-publish","has-post-thumbnail","hentry","clearfix"],"yoast_head":"<!-- This site is optimized with the Yoast SEO plugin v27.5 - https:\/\/yoast.com\/product\/yoast-seo-wordpress\/ -->\n<title>Palopal\u00fa \u00b7 Taller de linograbado<\/title>\n<meta name=\"description\" content=\"Taller de linograbado. Una forma estupenda de iniciarte en el grabado.\" \/>\n<meta name=\"robots\" content=\"index, follow, max-snippet:-1, max-image-preview:large, max-video-preview:-1\" \/>\n<link rel=\"canonical\" href=\"https:\/\/palopalu.com\/en\/taller-de-estampacion\/\" \/>\n<meta property=\"og:locale\" content=\"en_GB\" \/>\n<meta property=\"og:type\" content=\"article\" \/>\n<meta property=\"og:title\" content=\"Palopal\u00fa \u00b7 Taller de linograbado\" \/>\n<meta property=\"og:description\" content=\"Taller de linograbado. Una forma estupenda de iniciarte en el grabado.\" \/>\n<meta property=\"og:url\" content=\"https:\/\/palopalu.com\/en\/taller-de-estampacion\/\" \/>\n<meta property=\"og:site_name\" content=\"Palopal\u00fa\" \/>\n<meta property=\"article:publisher\" content=\"https:\/\/www.facebook.com\/palopalupalopalu\" \/>\n<meta property=\"article:modified_time\" content=\"2026-03-22T21:02:28+00:00\" \/>\n<meta property=\"og:image\" content=\"https:\/\/palopalu.com\/wp-content\/uploads\/2026\/02\/TALLER-ESTAMPACION-PALOPALU.jpeg\" \/>\n\t<meta property=\"og:image:width\" content=\"1536\" \/>\n\t<meta property=\"og:image:height\" content=\"1024\" \/>\n\t<meta property=\"og:image:type\" content=\"image\/jpeg\" \/>\n<meta name=\"twitter:card\" content=\"summary_large_image\" \/>\n<meta name=\"twitter:label1\" content=\"Estimated reading time\" \/>\n\t<meta name=\"twitter:data1\" content=\"2 minutes\" \/>\n<script type=\"application\/ld+json\" class=\"yoast-schema-graph\">{\"@context\":\"https:\\\/\\\/schema.org\",\"@graph\":[{\"@type\":\"WebPage\",\"@id\":\"https:\\\/\\\/palopalu.com\\\/taller-de-estampacion\\\/\",\"url\":\"https:\\\/\\\/palopalu.com\\\/taller-de-estampacion\\\/\",\"name\":\"Palopal\u00fa \u00b7 Taller de linograbado\",\"isPartOf\":{\"@id\":\"https:\\\/\\\/palopalu.com\\\/#website\"},\"primaryImageOfPage\":{\"@id\":\"https:\\\/\\\/palopalu.com\\\/taller-de-estampacion\\\/#primaryimage\"},\"image\":{\"@id\":\"https:\\\/\\\/palopalu.com\\\/taller-de-estampacion\\\/#primaryimage\"},\"thumbnailUrl\":\"https:\\\/\\\/palopalu.com\\\/wp-content\\\/uploads\\\/2026\\\/02\\\/TALLER-ESTAMPACION-PALOPALU.jpeg\",\"datePublished\":\"2026-02-27T19:01:05+00:00\",\"dateModified\":\"2026-03-22T21:02:28+00:00\",\"description\":\"Taller de linograbado. Una forma estupenda de iniciarte en el grabado.\",\"breadcrumb\":{\"@id\":\"https:\\\/\\\/palopalu.com\\\/taller-de-estampacion\\\/#breadcrumb\"},\"inLanguage\":\"en-GB\",\"potentialAction\":[{\"@type\":\"ReadAction\",\"target\":[\"https:\\\/\\\/palopalu.com\\\/taller-de-estampacion\\\/\"]}]},{\"@type\":\"ImageObject\",\"inLanguage\":\"en-GB\",\"@id\":\"https:\\\/\\\/palopalu.com\\\/taller-de-estampacion\\\/#primaryimage\",\"url\":\"https:\\\/\\\/palopalu.com\\\/wp-content\\\/uploads\\\/2026\\\/02\\\/TALLER-ESTAMPACION-PALOPALU.jpeg\",\"contentUrl\":\"https:\\\/\\\/palopalu.com\\\/wp-content\\\/uploads\\\/2026\\\/02\\\/TALLER-ESTAMPACION-PALOPALU.jpeg\",\"width\":1536,\"height\":1024},{\"@type\":\"BreadcrumbList\",\"@id\":\"https:\\\/\\\/palopalu.com\\\/taller-de-estampacion\\\/#breadcrumb\",\"itemListElement\":[{\"@type\":\"ListItem\",\"position\":1,\"name\":\"Portada\",\"item\":\"https:\\\/\\\/palopalu.com\\\/\"},{\"@type\":\"ListItem\",\"position\":2,\"name\":\"Taller de Linograbado\"}]},{\"@type\":\"WebSite\",\"@id\":\"https:\\\/\\\/palopalu.com\\\/#website\",\"url\":\"https:\\\/\\\/palopalu.com\\\/\",\"name\":\"Palopal\u00fa\",\"description\":\"Juguetes, decoraci\u00f3n y objetos personalizados en madera\",\"publisher\":{\"@id\":\"https:\\\/\\\/palopalu.com\\\/#organization\"},\"potentialAction\":[{\"@type\":\"SearchAction\",\"target\":{\"@type\":\"EntryPoint\",\"urlTemplate\":\"https:\\\/\\\/palopalu.com\\\/?s={search_term_string}\"},\"query-input\":{\"@type\":\"PropertyValueSpecification\",\"valueRequired\":true,\"valueName\":\"search_term_string\"}}],\"inLanguage\":\"en-GB\"},{\"@type\":\"Organization\",\"@id\":\"https:\\\/\\\/palopalu.com\\\/#organization\",\"name\":\"Palopal\u00fa\",\"url\":\"https:\\\/\\\/palopalu.com\\\/\",\"logo\":{\"@type\":\"ImageObject\",\"inLanguage\":\"en-GB\",\"@id\":\"https:\\\/\\\/palopalu.com\\\/#\\\/schema\\\/logo\\\/image\\\/\",\"url\":\"https:\\\/\\\/palopalu.com\\\/wp-content\\\/uploads\\\/2019\\\/02\\\/logo-palopalu.png\",\"contentUrl\":\"https:\\\/\\\/palopalu.com\\\/wp-content\\\/uploads\\\/2019\\\/02\\\/logo-palopalu.png\",\"width\":125,\"height\":30,\"caption\":\"Palopal\u00fa\"},\"image\":{\"@id\":\"https:\\\/\\\/palopalu.com\\\/#\\\/schema\\\/logo\\\/image\\\/\"},\"sameAs\":[\"https:\\\/\\\/www.facebook.com\\\/palopalupalopalu\",\"https:\\\/\\\/www.instagram.com\\\/palopalu\"]}]}<\/script>\n<!-- \/ Yoast SEO plugin. -->","yoast_head_json":{"title":"Palopal\u00fa \u00b7 Taller de linograbado","description":"Taller de linograbado. Una forma estupenda de iniciarte en el grabado.","robots":{"index":"index","follow":"follow","max-snippet":"max-snippet:-1","max-image-preview":"max-image-preview:large","max-video-preview":"max-video-preview:-1"},"canonical":"https:\/\/palopalu.com\/en\/taller-de-estampacion\/","og_locale":"en_GB","og_type":"article","og_title":"Palopal\u00fa \u00b7 Taller de linograbado","og_description":"Taller de linograbado. Una forma estupenda de iniciarte en el grabado.","og_url":"https:\/\/palopalu.com\/en\/taller-de-estampacion\/","og_site_name":"Palopal\u00fa","article_publisher":"https:\/\/www.facebook.com\/palopalupalopalu","article_modified_time":"2026-03-22T21:02:28+00:00","og_image":[{"width":1536,"height":1024,"url":"https:\/\/palopalu.com\/wp-content\/uploads\/2026\/02\/TALLER-ESTAMPACION-PALOPALU.jpeg","type":"image\/jpeg"}],"twitter_card":"summary_large_image","twitter_misc":{"Estimated reading time":"2 minutes"},"schema":{"@context":"https:\/\/schema.org","@graph":[{"@type":"WebPage","@id":"https:\/\/palopalu.com\/taller-de-estampacion\/","url":"https:\/\/palopalu.com\/taller-de-estampacion\/","name":"Palopal\u00fa \u00b7 Taller de linograbado","isPartOf":{"@id":"https:\/\/palopalu.com\/#website"},"primaryImageOfPage":{"@id":"https:\/\/palopalu.com\/taller-de-estampacion\/#primaryimage"},"image":{"@id":"https:\/\/palopalu.com\/taller-de-estampacion\/#primaryimage"},"thumbnailUrl":"https:\/\/palopalu.com\/wp-content\/uploads\/2026\/02\/TALLER-ESTAMPACION-PALOPALU.jpeg","datePublished":"2026-02-27T19:01:05+00:00","dateModified":"2026-03-22T21:02:28+00:00","description":"Taller de linograbado. Una forma estupenda de iniciarte en el grabado.","breadcrumb":{"@id":"https:\/\/palopalu.com\/taller-de-estampacion\/#breadcrumb"},"inLanguage":"en-GB","potentialAction":[{"@type":"ReadAction","target":["https:\/\/palopalu.com\/taller-de-estampacion\/"]}]},{"@type":"ImageObject","inLanguage":"en-GB","@id":"https:\/\/palopalu.com\/taller-de-estampacion\/#primaryimage","url":"https:\/\/palopalu.com\/wp-content\/uploads\/2026\/02\/TALLER-ESTAMPACION-PALOPALU.jpeg","contentUrl":"https:\/\/palopalu.com\/wp-content\/uploads\/2026\/02\/TALLER-ESTAMPACION-PALOPALU.jpeg","width":1536,"height":1024},{"@type":"BreadcrumbList","@id":"https:\/\/palopalu.com\/taller-de-estampacion\/#breadcrumb","itemListElement":[{"@type":"ListItem","position":1,"name":"Portada","item":"https:\/\/palopalu.com\/"},{"@type":"ListItem","position":2,"name":"Taller de Linograbado"}]},{"@type":"WebSite","@id":"https:\/\/palopalu.com\/#website","url":"https:\/\/palopalu.com\/","name":"Palopal\u00fa","description":"Juguetes, decoraci\u00f3n y objetos personalizados en madera","publisher":{"@id":"https:\/\/palopalu.com\/#organization"},"potentialAction":[{"@type":"SearchAction","target":{"@type":"EntryPoint","urlTemplate":"https:\/\/palopalu.com\/?s={search_term_string}"},"query-input":{"@type":"PropertyValueSpecification","valueRequired":true,"valueName":"search_term_string"}}],"inLanguage":"en-GB"},{"@type":"Organization","@id":"https:\/\/palopalu.com\/#organization","name":"Palopal\u00fa","url":"https:\/\/palopalu.com\/","logo":{"@type":"ImageObject","inLanguage":"en-GB","@id":"https:\/\/palopalu.com\/#\/schema\/logo\/image\/","url":"https:\/\/palopalu.com\/wp-content\/uploads\/2019\/02\/logo-palopalu.png","contentUrl":"https:\/\/palopalu.com\/wp-content\/uploads\/2019\/02\/logo-palopalu.png","width":125,"height":30,"caption":"Palopal\u00fa"},"image":{"@id":"https:\/\/palopalu.com\/#\/schema\/logo\/image\/"},"sameAs":["https:\/\/www.facebook.com\/palopalupalopalu","https:\/\/www.instagram.com\/palopalu"]}]}},"_links":{"self":[{"href":"https:\/\/palopalu.com\/en\/wp-json\/wp\/v2\/pages\/6159","targetHints":{"allow":["GET"]}}],"collection":[{"href":"https:\/\/palopalu.com\/en\/wp-json\/wp\/v2\/pages"}],"about":[{"href":"https:\/\/palopalu.com\/en\/wp-json\/wp\/v2\/types\/page"}],"author":[{"embeddable":true,"href":"https:\/\/palopalu.com\/en\/wp-json\/wp\/v2\/users\/1"}],"replies":[{"embeddable":true,"href":"https:\/\/palopalu.com\/en\/wp-json\/wp\/v2\/comments?post=6159"}],"version-history":[{"count":13,"href":"https:\/\/palopalu.com\/en\/wp-json\/wp\/v2\/pages\/6159\/revisions"}],"predecessor-version":[{"id":6234,"href":"https:\/\/palopalu.com\/en\/wp-json\/wp\/v2\/pages\/6159\/revisions\/6234"}],"wp:featuredmedia":[{"embeddable":true,"href":"https:\/\/palopalu.com\/en\/wp-json\/wp\/v2\/media\/6156"}],"wp:attachment":[{"href":"https:\/\/palopalu.com\/en\/wp-json\/wp\/v2\/media?parent=6159"}],"curies":[{"name":"wp","href":"https:\/\/api.w.org\/{rel}","templated":true}]}}