{"id":6173,"date":"2026-02-28T11:42:56","date_gmt":"2026-02-28T10:42:56","guid":{"rendered":"https:\/\/palopalu.com\/?page_id=6173"},"modified":"2026-04-14T16:37:09","modified_gmt":"2026-04-14T15:37:09","slug":"taller-de-cianotipia","status":"publish","type":"page","link":"https:\/\/palopalu.com\/en\/taller-de-cianotipia\/","title":{"rendered":"Taller de Cianotipia"},"content":{"rendered":"<div class=\"wpb-content-wrapper\"><div class=\"vc_row wpb_row vc_row-fluid\"><div class=\"wpb_column vc_column_container vc_col-sm-12\"><div class=\"vc_column-inner\"><div class=\"wpb_wrapper\"><div class=\"vc_row wpb_row vc_inner vc_row-fluid\"><div class=\"wpb_column vc_column_container vc_col-sm-8\"><div class=\"vc_column-inner\"><div class=\"wpb_wrapper\">\n\t<div  class=\"wpb_single_image wpb_content_element vc_align_left wpb_content_element\">\n\t\t\n\t\t<figure class=\"wpb_wrapper vc_figure\">\n\t\t\t<div class=\"vc_single_image-wrapper   vc_box_border_grey\"><img loading=\"lazy\" decoding=\"async\" width=\"595\" height=\"842\" src=\"https:\/\/palopalu.com\/wp-content\/uploads\/2026\/04\/cartel-CIANOTIPIA1.jpg\" class=\"vc_single_image-img attachment-large\" alt=\"taller de cianotipia\" title=\"cartel-CIANOTIPIA1\" srcset=\"https:\/\/palopalu.com\/wp-content\/uploads\/2026\/04\/cartel-CIANOTIPIA1.jpg 595w, https:\/\/palopalu.com\/wp-content\/uploads\/2026\/04\/cartel-CIANOTIPIA1-212x300.jpg 212w, https:\/\/palopalu.com\/wp-content\/uploads\/2026\/04\/cartel-CIANOTIPIA1-8x12.jpg 8w\" sizes=\"auto, (max-width: 595px) 100vw, 595px\" \/><\/div>\n\t\t<\/figure>\n\t<\/div>\n<div class=\"vc_empty_space\"   style=\"height: 32px\"><span class=\"vc_empty_space_inner\"><\/span><\/div><\/div><\/div><\/div><div class=\"wpb_column vc_column_container vc_col-sm-4\"><div class=\"vc_column-inner vc_custom_1770745694361\"><div class=\"wpb_wrapper\">\n\t<div class=\"wpb_text_column wpb_content_element vc_custom_1772282240258\" >\n\t\t<div class=\"wpb_wrapper\">\n\t\t\t<h3 style=\"text-align: center;\">Monogr\u00e1fico<\/h3>\n<h2 style=\"text-align: center;\">TALLER DE CIANOTIPIA<\/h2>\n<p>&nbsp;<\/p>\n\n\t\t<\/div>\n\t<\/div>\n\n\t<div class=\"wpb_text_column wpb_content_element\" >\n\t\t<div class=\"wpb_wrapper\">\n\t\t\t<h3 style=\"text-align: center;\"><em>27 de Junio<\/em><\/h3>\n\n\t\t<\/div>\n\t<\/div>\n<div class=\"vc_empty_space\"   style=\"height: 22px\"><span class=\"vc_empty_space_inner\"><\/span><\/div>\n\t<div class=\"wpb_text_column wpb_content_element vc_custom_1776180474498\" >\n\t\t<div class=\"wpb_wrapper\">\n\t\t\t<p>El taller de cianotipia es una invitaci\u00f3n a descubrir una de las t\u00e9cnicas fotogr\u00e1ficas m\u00e1s antiguas y m\u00e1gicas. A trav\u00e9s de un proceso sencillo y muy experimental, aprender\u00e1s a crear im\u00e1genes \u00fanicas utilizando la luz del sol y el caracter\u00edstico azul profundo de esta t\u00e9cnica.<\/p>\n<p>Durante el taller conocer\u00e1s los principios b\u00e1sicos de la cianotipia, desde la preparaci\u00f3n de la emulsi\u00f3n fotosensible hasta el revelado final de las im\u00e1genes. Trabajaremos con elementos naturales, objetos y negativos, explorando la composici\u00f3n, las transparencias y el azar como parte del proceso creativo.<\/p>\n<p>Experimentar\u00e1s sobre distintos soportes como papel y tela, aprendiendo c\u00f3mo influyen en el resultado final. No es necesario tener conocimientos previos: el taller est\u00e1 pensado tanto para personas que se inician como para quienes desean experimentar y ampliar su lenguaje creativo.<\/p>\n<ul>\n<li style=\"text-align: left;\">27 de Junio de 11:00 a 14:00 h<\/li>\n<li>Lugar: Espacio Palopal\u00fa ( Bilbao)<\/li>\n<li style=\"text-align: left;\">Grupos\u00a0reducidos<\/li>\n<li>Imparte:@palopalu \/ Rosal\u00eda Fern\u00e1ndez<\/li>\n<li>Info y reservas: 651381773 \/ info@palopalu.com<\/li>\n<\/ul>\n<h5><\/h5>\n<h5 style=\"text-align: center;\">Precio: 45 \u20ac<\/h5>\n<p style=\"text-align: center;\">El precio incluye todos el material necesario.<\/p>\n<p style=\"text-align: center;\">Pod\u00e9is enviar antes del taller vuestras propias fotograf\u00edas para hacer pruebas con ellas.<\/p>\n\n\t\t<\/div>\n\t<\/div>\n<div class=\"vc_empty_space\"   style=\"height: 32px\"><span class=\"vc_empty_space_inner\"><\/span><\/div><div class=\"button_style_1 vc_btn3-container vc_btn3-center\" >\n\t<a class=\"vc_general vc_btn3 vc_btn3-size-md vc_btn3-shape-rounded vc_btn3-style-modern vc_btn3-color-grey\" href=\"tel:+34651381773\" title=\"\">RESERVAR PLAZA<\/a><\/div>\n<div class=\"vc_empty_space\"   style=\"height: 32px\"><span class=\"vc_empty_space_inner\"><\/span><\/div><\/div><\/div><\/div><\/div><\/div><\/div><\/div><\/div><div class=\"vc_row wpb_row vc_row-fluid\"><div class=\"wpb_column vc_column_container vc_col-sm-12\"><div class=\"vc_column-inner\"><div class=\"wpb_wrapper\"><div class=\"vc_row wpb_row vc_inner vc_row-fluid\"><div class=\"wpb_column vc_column_container vc_col-sm-3\"><div class=\"vc_column-inner\"><div class=\"wpb_wrapper\"><div class=\"vc_empty_space\"   style=\"height: 32px\"><span class=\"vc_empty_space_inner\"><\/span><\/div><\/div><\/div><\/div><div class=\"wpb_column vc_column_container vc_col-sm-6\"><div class=\"vc_column-inner\"><div class=\"wpb_wrapper\"><div class=\"wpb_gallery wpb_content_element vc_clearfix vc_custom_1776181026050 wpb_content_element\" ><div class=\"wpb_wrapper\"><div class=\"wpb_gallery_slides wpb_flexslider flexslider_fade flexslider\" data-interval=\"3\" data-flex_fx=\"fade\"><ul class=\"slides\"><li><img loading=\"lazy\" decoding=\"async\" width=\"768\" height=\"1024\" src=\"https:\/\/palopalu.com\/wp-content\/uploads\/2026\/02\/cianotipia3-768x1024.jpeg\" class=\"attachment-large\" alt=\"\" title=\"cianotipia3\" srcset=\"https:\/\/palopalu.com\/wp-content\/uploads\/2026\/02\/cianotipia3-768x1024.jpeg 768w, https:\/\/palopalu.com\/wp-content\/uploads\/2026\/02\/cianotipia3-225x300.jpeg 225w, https:\/\/palopalu.com\/wp-content\/uploads\/2026\/02\/cianotipia3-1152x1536.jpeg 1152w, https:\/\/palopalu.com\/wp-content\/uploads\/2026\/02\/cianotipia3-9x12.jpeg 9w, https:\/\/palopalu.com\/wp-content\/uploads\/2026\/02\/cianotipia3-600x800.jpeg 600w, https:\/\/palopalu.com\/wp-content\/uploads\/2026\/02\/cianotipia3.jpeg 1200w\" sizes=\"auto, (max-width: 768px) 100vw, 768px\" \/><\/li><li><img loading=\"lazy\" decoding=\"async\" width=\"768\" height=\"1024\" src=\"https:\/\/palopalu.com\/wp-content\/uploads\/2026\/02\/cianotipia1-768x1024.jpeg\" class=\"attachment-large\" alt=\"\" title=\"cianotipia1\" srcset=\"https:\/\/palopalu.com\/wp-content\/uploads\/2026\/02\/cianotipia1-768x1024.jpeg 768w, https:\/\/palopalu.com\/wp-content\/uploads\/2026\/02\/cianotipia1-225x300.jpeg 225w, https:\/\/palopalu.com\/wp-content\/uploads\/2026\/02\/cianotipia1-1152x1536.jpeg 1152w, https:\/\/palopalu.com\/wp-content\/uploads\/2026\/02\/cianotipia1-9x12.jpeg 9w, https:\/\/palopalu.com\/wp-content\/uploads\/2026\/02\/cianotipia1-600x800.jpeg 600w, https:\/\/palopalu.com\/wp-content\/uploads\/2026\/02\/cianotipia1.jpeg 1200w\" sizes=\"auto, (max-width: 768px) 100vw, 768px\" \/><\/li><li><img loading=\"lazy\" decoding=\"async\" width=\"768\" height=\"1024\" src=\"https:\/\/palopalu.com\/wp-content\/uploads\/2026\/02\/cianotipia6-768x1024.jpeg\" class=\"attachment-large\" alt=\"\" title=\"cianotipia6\" srcset=\"https:\/\/palopalu.com\/wp-content\/uploads\/2026\/02\/cianotipia6-768x1024.jpeg 768w, https:\/\/palopalu.com\/wp-content\/uploads\/2026\/02\/cianotipia6-225x300.jpeg 225w, https:\/\/palopalu.com\/wp-content\/uploads\/2026\/02\/cianotipia6-1152x1536.jpeg 1152w, https:\/\/palopalu.com\/wp-content\/uploads\/2026\/02\/cianotipia6-9x12.jpeg 9w, https:\/\/palopalu.com\/wp-content\/uploads\/2026\/02\/cianotipia6-600x800.jpeg 600w, https:\/\/palopalu.com\/wp-content\/uploads\/2026\/02\/cianotipia6.jpeg 1536w\" sizes=\"auto, (max-width: 768px) 100vw, 768px\" \/><\/li><li><img loading=\"lazy\" decoding=\"async\" width=\"768\" height=\"1024\" src=\"https:\/\/palopalu.com\/wp-content\/uploads\/2026\/02\/cianotipia4-768x1024.jpeg\" class=\"attachment-large\" alt=\"\" title=\"cianotipia4\" srcset=\"https:\/\/palopalu.com\/wp-content\/uploads\/2026\/02\/cianotipia4-768x1024.jpeg 768w, https:\/\/palopalu.com\/wp-content\/uploads\/2026\/02\/cianotipia4-225x300.jpeg 225w, https:\/\/palopalu.com\/wp-content\/uploads\/2026\/02\/cianotipia4-1152x1536.jpeg 1152w, https:\/\/palopalu.com\/wp-content\/uploads\/2026\/02\/cianotipia4-9x12.jpeg 9w, https:\/\/palopalu.com\/wp-content\/uploads\/2026\/02\/cianotipia4-600x800.jpeg 600w, https:\/\/palopalu.com\/wp-content\/uploads\/2026\/02\/cianotipia4.jpeg 1200w\" sizes=\"auto, (max-width: 768px) 100vw, 768px\" \/><\/li><li><img loading=\"lazy\" decoding=\"async\" width=\"768\" height=\"1024\" src=\"https:\/\/palopalu.com\/wp-content\/uploads\/2026\/02\/cianotipia7-768x1024.jpeg\" class=\"attachment-large\" alt=\"\" title=\"cianotipia7\" srcset=\"https:\/\/palopalu.com\/wp-content\/uploads\/2026\/02\/cianotipia7-768x1024.jpeg 768w, https:\/\/palopalu.com\/wp-content\/uploads\/2026\/02\/cianotipia7-225x300.jpeg 225w, https:\/\/palopalu.com\/wp-content\/uploads\/2026\/02\/cianotipia7-1152x1536.jpeg 1152w, https:\/\/palopalu.com\/wp-content\/uploads\/2026\/02\/cianotipia7-9x12.jpeg 9w, https:\/\/palopalu.com\/wp-content\/uploads\/2026\/02\/cianotipia7-600x800.jpeg 600w, https:\/\/palopalu.com\/wp-content\/uploads\/2026\/02\/cianotipia7.jpeg 1536w\" sizes=\"auto, (max-width: 768px) 100vw, 768px\" \/><\/li><li><img loading=\"lazy\" decoding=\"async\" width=\"768\" height=\"1024\" src=\"https:\/\/palopalu.com\/wp-content\/uploads\/2026\/02\/cianotipia2-768x1024.jpeg\" class=\"attachment-large\" alt=\"\" title=\"cianotipia2\" srcset=\"https:\/\/palopalu.com\/wp-content\/uploads\/2026\/02\/cianotipia2-768x1024.jpeg 768w, https:\/\/palopalu.com\/wp-content\/uploads\/2026\/02\/cianotipia2-225x300.jpeg 225w, https:\/\/palopalu.com\/wp-content\/uploads\/2026\/02\/cianotipia2-1152x1536.jpeg 1152w, https:\/\/palopalu.com\/wp-content\/uploads\/2026\/02\/cianotipia2-9x12.jpeg 9w, https:\/\/palopalu.com\/wp-content\/uploads\/2026\/02\/cianotipia2-600x800.jpeg 600w, https:\/\/palopalu.com\/wp-content\/uploads\/2026\/02\/cianotipia2.jpeg 1200w\" sizes=\"auto, (max-width: 768px) 100vw, 768px\" \/><\/li><li><img loading=\"lazy\" decoding=\"async\" width=\"768\" height=\"1024\" src=\"https:\/\/palopalu.com\/wp-content\/uploads\/2026\/02\/cianotipia5-768x1024.jpeg\" class=\"attachment-large\" alt=\"\" title=\"cianotipia5\" srcset=\"https:\/\/palopalu.com\/wp-content\/uploads\/2026\/02\/cianotipia5-768x1024.jpeg 768w, https:\/\/palopalu.com\/wp-content\/uploads\/2026\/02\/cianotipia5-225x300.jpeg 225w, https:\/\/palopalu.com\/wp-content\/uploads\/2026\/02\/cianotipia5-1152x1536.jpeg 1152w, https:\/\/palopalu.com\/wp-content\/uploads\/2026\/02\/cianotipia5-9x12.jpeg 9w, https:\/\/palopalu.com\/wp-content\/uploads\/2026\/02\/cianotipia5-600x800.jpeg 600w, https:\/\/palopalu.com\/wp-content\/uploads\/2026\/02\/cianotipia5.jpeg 1536w\" sizes=\"auto, (max-width: 768px) 100vw, 768px\" \/><\/li><li><img loading=\"lazy\" decoding=\"async\" width=\"768\" height=\"1024\" src=\"https:\/\/palopalu.com\/wp-content\/uploads\/2026\/04\/taller-cianotipia1-768x1024.jpeg\" class=\"attachment-large\" alt=\"\" title=\"taller cianotipia1\" srcset=\"https:\/\/palopalu.com\/wp-content\/uploads\/2026\/04\/taller-cianotipia1-768x1024.jpeg 768w, https:\/\/palopalu.com\/wp-content\/uploads\/2026\/04\/taller-cianotipia1-225x300.jpeg 225w, https:\/\/palopalu.com\/wp-content\/uploads\/2026\/04\/taller-cianotipia1-1152x1536.jpeg 1152w, https:\/\/palopalu.com\/wp-content\/uploads\/2026\/04\/taller-cianotipia1-9x12.jpeg 9w, https:\/\/palopalu.com\/wp-content\/uploads\/2026\/04\/taller-cianotipia1-600x800.jpeg 600w, https:\/\/palopalu.com\/wp-content\/uploads\/2026\/04\/taller-cianotipia1.jpeg 1536w\" sizes=\"auto, (max-width: 768px) 100vw, 768px\" \/><\/li><li><img loading=\"lazy\" decoding=\"async\" width=\"768\" height=\"1024\" src=\"https:\/\/palopalu.com\/wp-content\/uploads\/2026\/04\/taller-cianotipia2-768x1024.jpeg\" class=\"attachment-large\" alt=\"\" title=\"taller cianotipia2\" srcset=\"https:\/\/palopalu.com\/wp-content\/uploads\/2026\/04\/taller-cianotipia2-768x1024.jpeg 768w, https:\/\/palopalu.com\/wp-content\/uploads\/2026\/04\/taller-cianotipia2-225x300.jpeg 225w, https:\/\/palopalu.com\/wp-content\/uploads\/2026\/04\/taller-cianotipia2-1152x1536.jpeg 1152w, https:\/\/palopalu.com\/wp-content\/uploads\/2026\/04\/taller-cianotipia2-9x12.jpeg 9w, https:\/\/palopalu.com\/wp-content\/uploads\/2026\/04\/taller-cianotipia2-600x800.jpeg 600w, https:\/\/palopalu.com\/wp-content\/uploads\/2026\/04\/taller-cianotipia2.jpeg 1536w\" sizes=\"auto, (max-width: 768px) 100vw, 768px\" \/><\/li><li><img loading=\"lazy\" decoding=\"async\" width=\"768\" height=\"1024\" src=\"https:\/\/palopalu.com\/wp-content\/uploads\/2026\/04\/taller-cianotipia3-768x1024.jpeg\" class=\"attachment-large\" alt=\"\" title=\"taller cianotipia3\" srcset=\"https:\/\/palopalu.com\/wp-content\/uploads\/2026\/04\/taller-cianotipia3-768x1024.jpeg 768w, https:\/\/palopalu.com\/wp-content\/uploads\/2026\/04\/taller-cianotipia3-225x300.jpeg 225w, https:\/\/palopalu.com\/wp-content\/uploads\/2026\/04\/taller-cianotipia3-1152x1536.jpeg 1152w, https:\/\/palopalu.com\/wp-content\/uploads\/2026\/04\/taller-cianotipia3-9x12.jpeg 9w, https:\/\/palopalu.com\/wp-content\/uploads\/2026\/04\/taller-cianotipia3-600x800.jpeg 600w, https:\/\/palopalu.com\/wp-content\/uploads\/2026\/04\/taller-cianotipia3.jpeg 1536w\" sizes=\"auto, (max-width: 768px) 100vw, 768px\" \/><\/li><li><img loading=\"lazy\" decoding=\"async\" width=\"768\" height=\"1024\" src=\"https:\/\/palopalu.com\/wp-content\/uploads\/2026\/04\/taller-cianotipia4-768x1024.jpeg\" class=\"attachment-large\" alt=\"\" title=\"taller cianotipia4\" srcset=\"https:\/\/palopalu.com\/wp-content\/uploads\/2026\/04\/taller-cianotipia4-768x1024.jpeg 768w, https:\/\/palopalu.com\/wp-content\/uploads\/2026\/04\/taller-cianotipia4-225x300.jpeg 225w, https:\/\/palopalu.com\/wp-content\/uploads\/2026\/04\/taller-cianotipia4-1152x1536.jpeg 1152w, https:\/\/palopalu.com\/wp-content\/uploads\/2026\/04\/taller-cianotipia4-9x12.jpeg 9w, https:\/\/palopalu.com\/wp-content\/uploads\/2026\/04\/taller-cianotipia4-600x800.jpeg 600w, https:\/\/palopalu.com\/wp-content\/uploads\/2026\/04\/taller-cianotipia4.jpeg 1536w\" sizes=\"auto, (max-width: 768px) 100vw, 768px\" \/><\/li><\/ul><\/div><\/div><\/div><\/div><\/div><\/div><div class=\"wpb_column vc_column_container vc_col-sm-3\"><div class=\"vc_column-inner\"><div class=\"wpb_wrapper\"><\/div><\/div><\/div><\/div><\/div><\/div><\/div><\/div><div class=\"vc_row wpb_row vc_row-fluid\"><div class=\"wpb_column vc_column_container vc_col-sm-3\"><div class=\"vc_column-inner\"><div class=\"wpb_wrapper\"><\/div><\/div><\/div><div class=\"wpb_column vc_column_container vc_col-sm-6\"><div class=\"vc_column-inner\"><div class=\"wpb_wrapper\">\n\t<div class=\"wpb_text_column wpb_content_element vc_custom_1772281775218 about-intro\" >\n\t\t<div class=\"wpb_wrapper\">\n\t\t\t<p style=\"text-align: center;\">Una experiencia pausada y muy sensorial, perfecta para disfrutar del proceso, conectar con la creatividad y llevarte a casa tus propias piezas en azul.<\/p>\n<p style=\"text-align: center;\">Una propuesta ideal tanto si te acercas por primera vez a la cianotipia como si quieres afianzar conocimientos, experimentar y dejar fluir tu creatividad en un entorno tranquilo y cuidado.<\/p>\n\n\t\t<\/div>\n\t<\/div>\n<div class=\"button_style_4 vc_btn3-container vc_btn3-center vc_custom_1770744815182\" >\n\t<a class=\"vc_general vc_btn3 vc_btn3-size-md vc_btn3-shape-rounded vc_btn3-style-modern vc_btn3-color-grey\" href=\"mailto:info@palopalu.com\" title=\"Shop\">Escr\u00edbenos<\/a><\/div>\n<\/div><\/div><\/div><div class=\"wpb_column vc_column_container vc_col-sm-3\"><div class=\"vc_column-inner\"><div class=\"wpb_wrapper\"><\/div><\/div><\/div><\/div><div class=\"vc_row wpb_row vc_row-fluid\"><div data-vc-parallax=\"1.5\" data-vc-parallax-image=\"https:\/\/palopalu.com\/wp-content\/uploads\/2026\/02\/mujer-joven-hace-ceramica-en-taller-scaled.jpg\" class=\"wpb_column vc_column_container vc_col-sm-12 vc_general vc_parallax vc_parallax-content-moving\"><div class=\"vc_column-inner vc_custom_1770801072498\"><div class=\"wpb_wrapper\"><\/div><\/div><\/div><\/div><div class=\"vc_row wpb_row vc_row-fluid\"><div class=\"wpb_column vc_column_container vc_col-sm-12\"><div class=\"vc_column-inner\"><div class=\"wpb_wrapper\"><\/div><\/div><\/div><\/div>\n<\/div>","protected":false},"excerpt":{"rendered":"Monogr\u00e1fico TALLER DE CIANOTIPIA &nbsp; 27 de Junio El taller de cianotipia es una invitaci\u00f3n a descubrir una de las t\u00e9cnicas fotogr\u00e1ficas m\u00e1s antiguas y m\u00e1gicas. A trav\u00e9s de un proceso sencillo y muy experimental, aprender\u00e1s a crear im\u00e1genes \u00fanicas utilizando la luz del sol y el caracter\u00edstico azul profundo de esta t\u00e9cnica. Durante el [...]","protected":false},"author":1,"featured_media":6256,"parent":0,"menu_order":0,"comment_status":"closed","ping_status":"closed","template":"","meta":{"footnotes":""},"class_list":["post-6173","page","type-page","status-publish","has-post-thumbnail","hentry","clearfix"],"yoast_head":"<!-- This site is optimized with the Yoast SEO plugin v27.5 - https:\/\/yoast.com\/product\/yoast-seo-wordpress\/ -->\n<title>Palopal\u00fa \u00b7 Taller de Cianotipia<\/title>\n<meta name=\"description\" content=\"Una forma estupenda de iniciarte en la cianotipia, aprender\u00e1s a crear im\u00e1genes \u00fanicas utilizando la luz del sol y su caracter\u00edstico azul\" \/>\n<meta name=\"robots\" content=\"index, follow, max-snippet:-1, max-image-preview:large, max-video-preview:-1\" \/>\n<link rel=\"canonical\" href=\"https:\/\/palopalu.com\/en\/taller-de-cianotipia\/\" \/>\n<meta property=\"og:locale\" content=\"en_GB\" \/>\n<meta property=\"og:type\" content=\"article\" \/>\n<meta property=\"og:title\" content=\"Palopal\u00fa \u00b7 Taller de Cianotipia\" \/>\n<meta property=\"og:description\" content=\"Una forma estupenda de iniciarte en la cianotipia, aprender\u00e1s a crear im\u00e1genes \u00fanicas utilizando la luz del sol y su caracter\u00edstico azul\" \/>\n<meta property=\"og:url\" content=\"https:\/\/palopalu.com\/en\/taller-de-cianotipia\/\" \/>\n<meta property=\"og:site_name\" content=\"Palopal\u00fa\" \/>\n<meta property=\"article:publisher\" content=\"https:\/\/www.facebook.com\/palopalupalopalu\" \/>\n<meta property=\"article:modified_time\" content=\"2026-04-14T15:37:09+00:00\" \/>\n<meta property=\"og:image\" content=\"https:\/\/palopalu.com\/wp-content\/uploads\/2026\/04\/cartel-CIANOTIPIA1.jpg\" \/>\n\t<meta property=\"og:image:width\" content=\"595\" \/>\n\t<meta property=\"og:image:height\" content=\"842\" \/>\n\t<meta property=\"og:image:type\" content=\"image\/jpeg\" \/>\n<meta name=\"twitter:card\" content=\"summary_large_image\" \/>\n<meta name=\"twitter:label1\" content=\"Estimated reading time\" \/>\n\t<meta name=\"twitter:data1\" content=\"2 minutes\" \/>\n<script type=\"application\/ld+json\" class=\"yoast-schema-graph\">{\"@context\":\"https:\\\/\\\/schema.org\",\"@graph\":[{\"@type\":\"WebPage\",\"@id\":\"https:\\\/\\\/palopalu.com\\\/taller-de-cianotipia\\\/\",\"url\":\"https:\\\/\\\/palopalu.com\\\/taller-de-cianotipia\\\/\",\"name\":\"Palopal\u00fa \u00b7 Taller de Cianotipia\",\"isPartOf\":{\"@id\":\"https:\\\/\\\/palopalu.com\\\/#website\"},\"primaryImageOfPage\":{\"@id\":\"https:\\\/\\\/palopalu.com\\\/taller-de-cianotipia\\\/#primaryimage\"},\"image\":{\"@id\":\"https:\\\/\\\/palopalu.com\\\/taller-de-cianotipia\\\/#primaryimage\"},\"thumbnailUrl\":\"https:\\\/\\\/palopalu.com\\\/wp-content\\\/uploads\\\/2026\\\/04\\\/cartel-CIANOTIPIA1.jpg\",\"datePublished\":\"2026-02-28T10:42:56+00:00\",\"dateModified\":\"2026-04-14T15:37:09+00:00\",\"description\":\"Una forma estupenda de iniciarte en la cianotipia, aprender\u00e1s a crear im\u00e1genes \u00fanicas utilizando la luz del sol y su caracter\u00edstico azul\",\"breadcrumb\":{\"@id\":\"https:\\\/\\\/palopalu.com\\\/taller-de-cianotipia\\\/#breadcrumb\"},\"inLanguage\":\"en-GB\",\"potentialAction\":[{\"@type\":\"ReadAction\",\"target\":[\"https:\\\/\\\/palopalu.com\\\/taller-de-cianotipia\\\/\"]}]},{\"@type\":\"ImageObject\",\"inLanguage\":\"en-GB\",\"@id\":\"https:\\\/\\\/palopalu.com\\\/taller-de-cianotipia\\\/#primaryimage\",\"url\":\"https:\\\/\\\/palopalu.com\\\/wp-content\\\/uploads\\\/2026\\\/04\\\/cartel-CIANOTIPIA1.jpg\",\"contentUrl\":\"https:\\\/\\\/palopalu.com\\\/wp-content\\\/uploads\\\/2026\\\/04\\\/cartel-CIANOTIPIA1.jpg\",\"width\":595,\"height\":842,\"caption\":\"taller de cianotipia\"},{\"@type\":\"BreadcrumbList\",\"@id\":\"https:\\\/\\\/palopalu.com\\\/taller-de-cianotipia\\\/#breadcrumb\",\"itemListElement\":[{\"@type\":\"ListItem\",\"position\":1,\"name\":\"Portada\",\"item\":\"https:\\\/\\\/palopalu.com\\\/\"},{\"@type\":\"ListItem\",\"position\":2,\"name\":\"Taller de Cianotipia\"}]},{\"@type\":\"WebSite\",\"@id\":\"https:\\\/\\\/palopalu.com\\\/#website\",\"url\":\"https:\\\/\\\/palopalu.com\\\/\",\"name\":\"Palopal\u00fa\",\"description\":\"Juguetes, decoraci\u00f3n y objetos personalizados en madera\",\"publisher\":{\"@id\":\"https:\\\/\\\/palopalu.com\\\/#organization\"},\"potentialAction\":[{\"@type\":\"SearchAction\",\"target\":{\"@type\":\"EntryPoint\",\"urlTemplate\":\"https:\\\/\\\/palopalu.com\\\/?s={search_term_string}\"},\"query-input\":{\"@type\":\"PropertyValueSpecification\",\"valueRequired\":true,\"valueName\":\"search_term_string\"}}],\"inLanguage\":\"en-GB\"},{\"@type\":\"Organization\",\"@id\":\"https:\\\/\\\/palopalu.com\\\/#organization\",\"name\":\"Palopal\u00fa\",\"url\":\"https:\\\/\\\/palopalu.com\\\/\",\"logo\":{\"@type\":\"ImageObject\",\"inLanguage\":\"en-GB\",\"@id\":\"https:\\\/\\\/palopalu.com\\\/#\\\/schema\\\/logo\\\/image\\\/\",\"url\":\"https:\\\/\\\/palopalu.com\\\/wp-content\\\/uploads\\\/2019\\\/02\\\/logo-palopalu.png\",\"contentUrl\":\"https:\\\/\\\/palopalu.com\\\/wp-content\\\/uploads\\\/2019\\\/02\\\/logo-palopalu.png\",\"width\":125,\"height\":30,\"caption\":\"Palopal\u00fa\"},\"image\":{\"@id\":\"https:\\\/\\\/palopalu.com\\\/#\\\/schema\\\/logo\\\/image\\\/\"},\"sameAs\":[\"https:\\\/\\\/www.facebook.com\\\/palopalupalopalu\",\"https:\\\/\\\/www.instagram.com\\\/palopalu\"]}]}<\/script>\n<!-- \/ Yoast SEO plugin. -->","yoast_head_json":{"title":"Palopal\u00fa \u00b7 Taller de Cianotipia","description":"Una forma estupenda de iniciarte en la cianotipia, aprender\u00e1s a crear im\u00e1genes \u00fanicas utilizando la luz del sol y su caracter\u00edstico azul","robots":{"index":"index","follow":"follow","max-snippet":"max-snippet:-1","max-image-preview":"max-image-preview:large","max-video-preview":"max-video-preview:-1"},"canonical":"https:\/\/palopalu.com\/en\/taller-de-cianotipia\/","og_locale":"en_GB","og_type":"article","og_title":"Palopal\u00fa \u00b7 Taller de Cianotipia","og_description":"Una forma estupenda de iniciarte en la cianotipia, aprender\u00e1s a crear im\u00e1genes \u00fanicas utilizando la luz del sol y su caracter\u00edstico azul","og_url":"https:\/\/palopalu.com\/en\/taller-de-cianotipia\/","og_site_name":"Palopal\u00fa","article_publisher":"https:\/\/www.facebook.com\/palopalupalopalu","article_modified_time":"2026-04-14T15:37:09+00:00","og_image":[{"width":595,"height":842,"url":"https:\/\/palopalu.com\/wp-content\/uploads\/2026\/04\/cartel-CIANOTIPIA1.jpg","type":"image\/jpeg"}],"twitter_card":"summary_large_image","twitter_misc":{"Estimated reading time":"2 minutes"},"schema":{"@context":"https:\/\/schema.org","@graph":[{"@type":"WebPage","@id":"https:\/\/palopalu.com\/taller-de-cianotipia\/","url":"https:\/\/palopalu.com\/taller-de-cianotipia\/","name":"Palopal\u00fa \u00b7 Taller de Cianotipia","isPartOf":{"@id":"https:\/\/palopalu.com\/#website"},"primaryImageOfPage":{"@id":"https:\/\/palopalu.com\/taller-de-cianotipia\/#primaryimage"},"image":{"@id":"https:\/\/palopalu.com\/taller-de-cianotipia\/#primaryimage"},"thumbnailUrl":"https:\/\/palopalu.com\/wp-content\/uploads\/2026\/04\/cartel-CIANOTIPIA1.jpg","datePublished":"2026-02-28T10:42:56+00:00","dateModified":"2026-04-14T15:37:09+00:00","description":"Una forma estupenda de iniciarte en la cianotipia, aprender\u00e1s a crear im\u00e1genes \u00fanicas utilizando la luz del sol y su caracter\u00edstico azul","breadcrumb":{"@id":"https:\/\/palopalu.com\/taller-de-cianotipia\/#breadcrumb"},"inLanguage":"en-GB","potentialAction":[{"@type":"ReadAction","target":["https:\/\/palopalu.com\/taller-de-cianotipia\/"]}]},{"@type":"ImageObject","inLanguage":"en-GB","@id":"https:\/\/palopalu.com\/taller-de-cianotipia\/#primaryimage","url":"https:\/\/palopalu.com\/wp-content\/uploads\/2026\/04\/cartel-CIANOTIPIA1.jpg","contentUrl":"https:\/\/palopalu.com\/wp-content\/uploads\/2026\/04\/cartel-CIANOTIPIA1.jpg","width":595,"height":842,"caption":"taller de cianotipia"},{"@type":"BreadcrumbList","@id":"https:\/\/palopalu.com\/taller-de-cianotipia\/#breadcrumb","itemListElement":[{"@type":"ListItem","position":1,"name":"Portada","item":"https:\/\/palopalu.com\/"},{"@type":"ListItem","position":2,"name":"Taller de Cianotipia"}]},{"@type":"WebSite","@id":"https:\/\/palopalu.com\/#website","url":"https:\/\/palopalu.com\/","name":"Palopal\u00fa","description":"Juguetes, decoraci\u00f3n y objetos personalizados en madera","publisher":{"@id":"https:\/\/palopalu.com\/#organization"},"potentialAction":[{"@type":"SearchAction","target":{"@type":"EntryPoint","urlTemplate":"https:\/\/palopalu.com\/?s={search_term_string}"},"query-input":{"@type":"PropertyValueSpecification","valueRequired":true,"valueName":"search_term_string"}}],"inLanguage":"en-GB"},{"@type":"Organization","@id":"https:\/\/palopalu.com\/#organization","name":"Palopal\u00fa","url":"https:\/\/palopalu.com\/","logo":{"@type":"ImageObject","inLanguage":"en-GB","@id":"https:\/\/palopalu.com\/#\/schema\/logo\/image\/","url":"https:\/\/palopalu.com\/wp-content\/uploads\/2019\/02\/logo-palopalu.png","contentUrl":"https:\/\/palopalu.com\/wp-content\/uploads\/2019\/02\/logo-palopalu.png","width":125,"height":30,"caption":"Palopal\u00fa"},"image":{"@id":"https:\/\/palopalu.com\/#\/schema\/logo\/image\/"},"sameAs":["https:\/\/www.facebook.com\/palopalupalopalu","https:\/\/www.instagram.com\/palopalu"]}]}},"_links":{"self":[{"href":"https:\/\/palopalu.com\/en\/wp-json\/wp\/v2\/pages\/6173","targetHints":{"allow":["GET"]}}],"collection":[{"href":"https:\/\/palopalu.com\/en\/wp-json\/wp\/v2\/pages"}],"about":[{"href":"https:\/\/palopalu.com\/en\/wp-json\/wp\/v2\/types\/page"}],"author":[{"embeddable":true,"href":"https:\/\/palopalu.com\/en\/wp-json\/wp\/v2\/users\/1"}],"replies":[{"embeddable":true,"href":"https:\/\/palopalu.com\/en\/wp-json\/wp\/v2\/comments?post=6173"}],"version-history":[{"count":11,"href":"https:\/\/palopalu.com\/en\/wp-json\/wp\/v2\/pages\/6173\/revisions"}],"predecessor-version":[{"id":6214,"href":"https:\/\/palopalu.com\/en\/wp-json\/wp\/v2\/pages\/6173\/revisions\/6214"}],"wp:featuredmedia":[{"embeddable":true,"href":"https:\/\/palopalu.com\/en\/wp-json\/wp\/v2\/media\/6256"}],"wp:attachment":[{"href":"https:\/\/palopalu.com\/en\/wp-json\/wp\/v2\/media?parent=6173"}],"curies":[{"name":"wp","href":"https:\/\/api.w.org\/{rel}","templated":true}]}}