{"id":6269,"date":"2026-04-14T17:41:16","date_gmt":"2026-04-14T16:41:16","guid":{"rendered":"https:\/\/palopalu.com\/?page_id=6269"},"modified":"2026-04-27T19:26:36","modified_gmt":"2026-04-27T18:26:36","slug":"taller-de-ceramica-en-familia","status":"publish","type":"page","link":"https:\/\/palopalu.com\/en\/taller-de-ceramica-en-familia\/","title":{"rendered":"Taller de Cer\u00e1mica en familia"},"content":{"rendered":"<div class=\"wpb-content-wrapper\"><div class=\"vc_row wpb_row vc_row-fluid\"><div class=\"wpb_column vc_column_container vc_col-sm-12\"><div class=\"vc_column-inner\"><div class=\"wpb_wrapper\"><div class=\"vc_row wpb_row vc_inner vc_row-fluid\"><div class=\"wpb_column vc_column_container vc_col-sm-8\"><div class=\"vc_column-inner\"><div class=\"wpb_wrapper\">\n\t<div  class=\"wpb_single_image wpb_content_element vc_align_left wpb_content_element\">\n\t\t\n\t\t<figure class=\"wpb_wrapper vc_figure\">\n\t\t\t<div class=\"vc_single_image-wrapper   vc_box_border_grey\"><img loading=\"lazy\" decoding=\"async\" width=\"595\" height=\"842\" src=\"https:\/\/palopalu.com\/wp-content\/uploads\/2026\/04\/cartel-Ceramica-en-familia-3.jpg\" class=\"vc_single_image-img attachment-large\" alt=\"taller cer\u00e1mica en familia\" title=\"cartel-Ceramica-en-familia-3\" srcset=\"https:\/\/palopalu.com\/wp-content\/uploads\/2026\/04\/cartel-Ceramica-en-familia-3.jpg 595w, https:\/\/palopalu.com\/wp-content\/uploads\/2026\/04\/cartel-Ceramica-en-familia-3-212x300.jpg 212w, https:\/\/palopalu.com\/wp-content\/uploads\/2026\/04\/cartel-Ceramica-en-familia-3-8x12.jpg 8w\" sizes=\"auto, (max-width: 595px) 100vw, 595px\" \/><\/div>\n\t\t<\/figure>\n\t<\/div>\n<div class=\"vc_empty_space\"   style=\"height: 32px\"><span class=\"vc_empty_space_inner\"><\/span><\/div><\/div><\/div><\/div><div class=\"wpb_column vc_column_container vc_col-sm-4\"><div class=\"vc_column-inner vc_custom_1770745694361\"><div class=\"wpb_wrapper\">\n\t<div class=\"wpb_text_column wpb_content_element vc_custom_1776183483619\" >\n\t\t<div class=\"wpb_wrapper\">\n\t\t\t<h3 style=\"text-align: center;\">Monogr\u00e1fico<\/h3>\n<h2 style=\"text-align: center;\">TALLER DE CER\u00c1MICA EN FAMILIA<\/h2>\n\n\t\t<\/div>\n\t<\/div>\n\n\t<div class=\"wpb_text_column wpb_content_element\" >\n\t\t<div class=\"wpb_wrapper\">\n\t\t\t<h3 style=\"text-align: center;\"><em>30 de Mayo<\/em><\/h3>\n\n\t\t<\/div>\n\t<\/div>\n<div class=\"vc_empty_space\"   style=\"height: 22px\"><span class=\"vc_empty_space_inner\"><\/span><\/div>\n\t<div class=\"wpb_text_column wpb_content_element vc_custom_1777314384045\" >\n\t\t<div class=\"wpb_wrapper\">\n\t\t\t<p>Explora la magia del modelado en arcilla y comparte un momento \u00fanico en familia. Este taller est\u00e1 pensado para fomentar la creatividad de txikis y adultxs mientras disfrut\u00e1is juntxs de un plan diferente, creativo y lleno de conexi\u00f3n.<\/p>\n<p>A lo largo de la sesi\u00f3n, dar\u00e9is forma al barro con vuestras propias manos, creando piezas con dise\u00f1os \u00fanicos y especiales. Despu\u00e9s, dejaremos volar la imaginaci\u00f3n a trav\u00e9s del color, decorando cada pieza de manera personal.<\/p>\n<p>D\u00edas m\u00e1s tarde, cuando las piezas est\u00e9n cocidas, podr\u00e9is llev\u00e1roslas terminadas para disfrutarlas en casa cada d\u00eda. Una experiencia que encanta a ni\u00f1xs y mayores.<\/p>\n<ul>\n<li><strong>30 de Mayo de 11:00 a 13:00 h<\/strong><\/li>\n<li>2 horas de creatividad, risas y aprendizaje<\/li>\n<li>Introducci\u00f3n a t\u00e9cnicas b\u00e1sicas de cer\u00e1mica<\/li>\n<li>Creaci\u00f3n y decoraci\u00f3n de una pieza propia.<\/li>\n<li>Todos los materiales\u00a0 y hornada incluido<\/li>\n<li>Acompa\u00f1amiento durante todo el proceso, tanto si es tu primera vez como si ya tienes experiencia<\/li>\n<\/ul>\n<p><strong>Edad<\/strong><br \/>\nNi\u00f1xs a partir de 5 a\u00f1os acompa\u00f1adxs de al menos un adulto<\/p>\n<p><strong>Qu\u00e9 traer<\/strong><br \/>\nRopa que se pueda manchar<\/p>\n<p><strong>Recogida de piezas<\/strong><br \/>\nUna vez finalizado el taller, nos encargaremos del secado y cocci\u00f3n de las piezas.<br \/>\nEl proceso tarda entre 15 d\u00edas y un mes. Te avisaremos cuando est\u00e9n listas para recoger.<\/p>\n<p>&nbsp;<\/p>\n<ul>\n<li>Lugar: Espacio Palopal\u00fa ( Bilbao)<\/li>\n<li style=\"text-align: left;\">Grupos\u00a0reducidos<\/li>\n<li>Imparte:@palopalu \/ Rosal\u00eda Fern\u00e1ndez<\/li>\n<li>Info y reservas: 651381773 \/ info@palopalu.com<\/li>\n<\/ul>\n<h5><\/h5>\n<p>&nbsp;<\/p>\n<h5 style=\"text-align: center;\">Precio: 30 \u20ac\/persona<\/h5>\n<p style=\"text-align: center;\">Adultx + ni\u00f1x : 60 \u20ac<\/p>\n<p style=\"text-align: center;\">Consultar precio si viene m\u00e1s de un ni\u00f1x.<\/p>\n<p>&nbsp;<\/p>\n\n\t\t<\/div>\n\t<\/div>\n<div class=\"vc_empty_space\"   style=\"height: 32px\"><span class=\"vc_empty_space_inner\"><\/span><\/div><div class=\"button_style_1 vc_btn3-container vc_btn3-center\" >\n\t<a class=\"vc_general vc_btn3 vc_btn3-size-md vc_btn3-shape-rounded vc_btn3-style-modern vc_btn3-color-grey\" href=\"tel:+34651381773\" title=\"\">RESERVAR PLAZA<\/a><\/div>\n<div class=\"vc_empty_space\"   style=\"height: 32px\"><span class=\"vc_empty_space_inner\"><\/span><\/div><\/div><\/div><\/div><\/div><\/div><\/div><\/div><\/div><div class=\"vc_row wpb_row vc_row-fluid\"><div class=\"wpb_column vc_column_container vc_col-sm-12\"><div class=\"vc_column-inner\"><div class=\"wpb_wrapper\"><div class=\"vc_row wpb_row vc_inner vc_row-fluid\"><div class=\"wpb_column vc_column_container vc_col-sm-3\"><div class=\"vc_column-inner\"><div class=\"wpb_wrapper\"><div class=\"vc_empty_space\"   style=\"height: 32px\"><span class=\"vc_empty_space_inner\"><\/span><\/div><\/div><\/div><\/div><div class=\"wpb_column vc_column_container vc_col-sm-6\"><div class=\"vc_column-inner\"><div class=\"wpb_wrapper\"><div class=\"wpb_gallery wpb_content_element vc_clearfix vc_custom_1776184792013 wpb_content_element\" ><div class=\"wpb_wrapper\"><div class=\"wpb_gallery_slides wpb_flexslider flexslider_fade flexslider\" data-interval=\"3\" data-flex_fx=\"fade\"><ul class=\"slides\"><li><img loading=\"lazy\" decoding=\"async\" width=\"1024\" height=\"683\" src=\"https:\/\/palopalu.com\/wp-content\/uploads\/2026\/04\/cute-boy-forming-toys-from-clay-1024x683.jpg\" class=\"attachment-large\" alt=\"\" title=\"Cute boy forming toys from clay\" srcset=\"https:\/\/palopalu.com\/wp-content\/uploads\/2026\/04\/cute-boy-forming-toys-from-clay-1024x683.jpg 1024w, https:\/\/palopalu.com\/wp-content\/uploads\/2026\/04\/cute-boy-forming-toys-from-clay-300x200.jpg 300w, https:\/\/palopalu.com\/wp-content\/uploads\/2026\/04\/cute-boy-forming-toys-from-clay-768x512.jpg 768w, https:\/\/palopalu.com\/wp-content\/uploads\/2026\/04\/cute-boy-forming-toys-from-clay-1536x1024.jpg 1536w, https:\/\/palopalu.com\/wp-content\/uploads\/2026\/04\/cute-boy-forming-toys-from-clay-2048x1366.jpg 2048w, https:\/\/palopalu.com\/wp-content\/uploads\/2026\/04\/cute-boy-forming-toys-from-clay-18x12.jpg 18w, https:\/\/palopalu.com\/wp-content\/uploads\/2026\/04\/cute-boy-forming-toys-from-clay-600x400.jpg 600w\" sizes=\"auto, (max-width: 1024px) 100vw, 1024px\" \/><\/li><li><img loading=\"lazy\" decoding=\"async\" width=\"1024\" height=\"683\" src=\"https:\/\/palopalu.com\/wp-content\/uploads\/2026\/04\/portrait-mother-little-girl-shaping-clay-together-1-1024x683.jpg\" class=\"attachment-large\" alt=\"\" title=\"Portrait of mother and little girl shaping clay together\" srcset=\"https:\/\/palopalu.com\/wp-content\/uploads\/2026\/04\/portrait-mother-little-girl-shaping-clay-together-1-1024x683.jpg 1024w, https:\/\/palopalu.com\/wp-content\/uploads\/2026\/04\/portrait-mother-little-girl-shaping-clay-together-1-300x200.jpg 300w, https:\/\/palopalu.com\/wp-content\/uploads\/2026\/04\/portrait-mother-little-girl-shaping-clay-together-1-768x512.jpg 768w, https:\/\/palopalu.com\/wp-content\/uploads\/2026\/04\/portrait-mother-little-girl-shaping-clay-together-1-1536x1024.jpg 1536w, https:\/\/palopalu.com\/wp-content\/uploads\/2026\/04\/portrait-mother-little-girl-shaping-clay-together-1-2048x1365.jpg 2048w, https:\/\/palopalu.com\/wp-content\/uploads\/2026\/04\/portrait-mother-little-girl-shaping-clay-together-1-18x12.jpg 18w, https:\/\/palopalu.com\/wp-content\/uploads\/2026\/04\/portrait-mother-little-girl-shaping-clay-together-1-600x400.jpg 600w\" sizes=\"auto, (max-width: 1024px) 100vw, 1024px\" \/><\/li><\/ul><\/div><\/div><\/div><\/div><\/div><\/div><div class=\"wpb_column vc_column_container vc_col-sm-3\"><div class=\"vc_column-inner\"><div class=\"wpb_wrapper\"><\/div><\/div><\/div><\/div><\/div><\/div><\/div><\/div><div class=\"vc_row wpb_row vc_row-fluid\"><div class=\"wpb_column vc_column_container vc_col-sm-3\"><div class=\"vc_column-inner\"><div class=\"wpb_wrapper\"><\/div><\/div><\/div><div class=\"wpb_column vc_column_container vc_col-sm-6\"><div class=\"vc_column-inner\"><div class=\"wpb_wrapper\">\n\t<div class=\"wpb_text_column wpb_content_element vc_custom_1776184726966 about-intro\" >\n\t\t<div class=\"wpb_wrapper\">\n\t\t\t<p style=\"text-align: center;\">Un plan para crear juntxs<\/p>\n<p>Construir, decorar, experimentar, re\u00edr\u2026 y llevarse a casa algo \u00fanico hecho con vuestras propias manos.<br \/>\nUn espacio donde crear con libertad, explorar sin juicio y disfrutar del proceso en familia.<\/p>\n<p>&nbsp;<\/p>\n\n\t\t<\/div>\n\t<\/div>\n<div class=\"button_style_4 vc_btn3-container vc_btn3-center vc_custom_1770744815182\" >\n\t<a class=\"vc_general vc_btn3 vc_btn3-size-md vc_btn3-shape-rounded vc_btn3-style-modern vc_btn3-color-grey\" href=\"mailto:info@palopalu.com\" title=\"Shop\">Escr\u00edbenos<\/a><\/div>\n<\/div><\/div><\/div><div class=\"wpb_column vc_column_container vc_col-sm-3\"><div class=\"vc_column-inner\"><div class=\"wpb_wrapper\"><\/div><\/div><\/div><\/div><div class=\"vc_row wpb_row vc_row-fluid\"><div data-vc-parallax=\"1.5\" data-vc-parallax-image=\"https:\/\/palopalu.com\/wp-content\/uploads\/2026\/02\/mujer-joven-hace-ceramica-en-taller-scaled.jpg\" class=\"wpb_column vc_column_container vc_col-sm-12 vc_general vc_parallax vc_parallax-content-moving\"><div class=\"vc_column-inner vc_custom_1770801072498\"><div class=\"wpb_wrapper\"><\/div><\/div><\/div><\/div><div class=\"vc_row wpb_row vc_row-fluid\"><div class=\"wpb_column vc_column_container vc_col-sm-12\"><div class=\"vc_column-inner\"><div class=\"wpb_wrapper\"><\/div><\/div><\/div><\/div>\n<\/div>","protected":false},"excerpt":{"rendered":"Monogr\u00e1fico TALLER DE CER\u00c1MICA EN FAMILIA 30 de Mayo Explora la magia del modelado en arcilla y comparte un momento \u00fanico en familia. Este taller est\u00e1 pensado para fomentar la creatividad de txikis y adultxs mientras disfrut\u00e1is juntxs de un plan diferente, creativo y lleno de conexi\u00f3n. A lo largo de la sesi\u00f3n, dar\u00e9is forma [...]","protected":false},"author":1,"featured_media":6273,"parent":0,"menu_order":0,"comment_status":"closed","ping_status":"closed","template":"","meta":{"footnotes":""},"class_list":["post-6269","page","type-page","status-publish","has-post-thumbnail","hentry","clearfix"],"yoast_head":"<!-- This site is optimized with the Yoast SEO plugin v27.5 - https:\/\/yoast.com\/product\/yoast-seo-wordpress\/ -->\n<title>Palopal\u00fa \u00b7 Taller de Cer\u00e1mica en familia<\/title>\n<meta name=\"description\" content=\"Disfruta de un taller de cer\u00e1mica en familia donde modelar\u00e9is arcilla con vuestras manos para crear piezas \u00fanicas y decorarlas a vuestro gusto. Este taller est\u00e1 pensado para fomentar la creatividad de los m\u00e1s txikis mientras disfrut\u00e1is juntxs de un plan diferente y creativo.\" \/>\n<meta name=\"robots\" content=\"index, follow, max-snippet:-1, max-image-preview:large, max-video-preview:-1\" \/>\n<link rel=\"canonical\" href=\"https:\/\/palopalu.com\/en\/taller-de-ceramica-en-familia\/\" \/>\n<meta property=\"og:locale\" content=\"en_GB\" \/>\n<meta property=\"og:type\" content=\"article\" \/>\n<meta property=\"og:title\" content=\"Palopal\u00fa \u00b7 Taller de Cer\u00e1mica en familia\" \/>\n<meta property=\"og:description\" content=\"Disfruta de un taller de cer\u00e1mica en familia donde modelar\u00e9is arcilla con vuestras manos para crear piezas \u00fanicas y decorarlas a vuestro gusto. Este taller est\u00e1 pensado para fomentar la creatividad de los m\u00e1s txikis mientras disfrut\u00e1is juntxs de un plan diferente y creativo.\" \/>\n<meta property=\"og:url\" content=\"https:\/\/palopalu.com\/en\/taller-de-ceramica-en-familia\/\" \/>\n<meta property=\"og:site_name\" content=\"Palopal\u00fa\" \/>\n<meta property=\"article:publisher\" content=\"https:\/\/www.facebook.com\/palopalupalopalu\" \/>\n<meta property=\"article:modified_time\" content=\"2026-04-27T18:26:36+00:00\" \/>\n<meta property=\"og:image\" content=\"https:\/\/palopalu.com\/wp-content\/uploads\/2026\/04\/cartel-Ceramica-en-familia-3.jpg\" \/>\n\t<meta property=\"og:image:width\" content=\"595\" \/>\n\t<meta property=\"og:image:height\" content=\"842\" \/>\n\t<meta property=\"og:image:type\" content=\"image\/jpeg\" \/>\n<meta name=\"twitter:card\" content=\"summary_large_image\" \/>\n<meta name=\"twitter:label1\" content=\"Estimated reading time\" \/>\n\t<meta name=\"twitter:data1\" content=\"3 minutes\" \/>\n<script type=\"application\/ld+json\" class=\"yoast-schema-graph\">{\"@context\":\"https:\\\/\\\/schema.org\",\"@graph\":[{\"@type\":\"WebPage\",\"@id\":\"https:\\\/\\\/palopalu.com\\\/taller-de-ceramica-en-familia\\\/\",\"url\":\"https:\\\/\\\/palopalu.com\\\/taller-de-ceramica-en-familia\\\/\",\"name\":\"Palopal\u00fa \u00b7 Taller de Cer\u00e1mica en familia\",\"isPartOf\":{\"@id\":\"https:\\\/\\\/palopalu.com\\\/#website\"},\"primaryImageOfPage\":{\"@id\":\"https:\\\/\\\/palopalu.com\\\/taller-de-ceramica-en-familia\\\/#primaryimage\"},\"image\":{\"@id\":\"https:\\\/\\\/palopalu.com\\\/taller-de-ceramica-en-familia\\\/#primaryimage\"},\"thumbnailUrl\":\"https:\\\/\\\/palopalu.com\\\/wp-content\\\/uploads\\\/2026\\\/04\\\/cartel-Ceramica-en-familia-3.jpg\",\"datePublished\":\"2026-04-14T16:41:16+00:00\",\"dateModified\":\"2026-04-27T18:26:36+00:00\",\"description\":\"Disfruta de un taller de cer\u00e1mica en familia donde modelar\u00e9is arcilla con vuestras manos para crear piezas \u00fanicas y decorarlas a vuestro gusto. Este taller est\u00e1 pensado para fomentar la creatividad de los m\u00e1s txikis mientras disfrut\u00e1is juntxs de un plan diferente y creativo.\",\"breadcrumb\":{\"@id\":\"https:\\\/\\\/palopalu.com\\\/taller-de-ceramica-en-familia\\\/#breadcrumb\"},\"inLanguage\":\"en-GB\",\"potentialAction\":[{\"@type\":\"ReadAction\",\"target\":[\"https:\\\/\\\/palopalu.com\\\/taller-de-ceramica-en-familia\\\/\"]}]},{\"@type\":\"ImageObject\",\"inLanguage\":\"en-GB\",\"@id\":\"https:\\\/\\\/palopalu.com\\\/taller-de-ceramica-en-familia\\\/#primaryimage\",\"url\":\"https:\\\/\\\/palopalu.com\\\/wp-content\\\/uploads\\\/2026\\\/04\\\/cartel-Ceramica-en-familia-3.jpg\",\"contentUrl\":\"https:\\\/\\\/palopalu.com\\\/wp-content\\\/uploads\\\/2026\\\/04\\\/cartel-Ceramica-en-familia-3.jpg\",\"width\":595,\"height\":842,\"caption\":\"taller cer\u00e1mica en familia\"},{\"@type\":\"BreadcrumbList\",\"@id\":\"https:\\\/\\\/palopalu.com\\\/taller-de-ceramica-en-familia\\\/#breadcrumb\",\"itemListElement\":[{\"@type\":\"ListItem\",\"position\":1,\"name\":\"Portada\",\"item\":\"https:\\\/\\\/palopalu.com\\\/\"},{\"@type\":\"ListItem\",\"position\":2,\"name\":\"Taller de Cer\u00e1mica en familia\"}]},{\"@type\":\"WebSite\",\"@id\":\"https:\\\/\\\/palopalu.com\\\/#website\",\"url\":\"https:\\\/\\\/palopalu.com\\\/\",\"name\":\"Palopal\u00fa\",\"description\":\"Juguetes, decoraci\u00f3n y objetos personalizados en madera\",\"publisher\":{\"@id\":\"https:\\\/\\\/palopalu.com\\\/#organization\"},\"potentialAction\":[{\"@type\":\"SearchAction\",\"target\":{\"@type\":\"EntryPoint\",\"urlTemplate\":\"https:\\\/\\\/palopalu.com\\\/?s={search_term_string}\"},\"query-input\":{\"@type\":\"PropertyValueSpecification\",\"valueRequired\":true,\"valueName\":\"search_term_string\"}}],\"inLanguage\":\"en-GB\"},{\"@type\":\"Organization\",\"@id\":\"https:\\\/\\\/palopalu.com\\\/#organization\",\"name\":\"Palopal\u00fa\",\"url\":\"https:\\\/\\\/palopalu.com\\\/\",\"logo\":{\"@type\":\"ImageObject\",\"inLanguage\":\"en-GB\",\"@id\":\"https:\\\/\\\/palopalu.com\\\/#\\\/schema\\\/logo\\\/image\\\/\",\"url\":\"https:\\\/\\\/palopalu.com\\\/wp-content\\\/uploads\\\/2019\\\/02\\\/logo-palopalu.png\",\"contentUrl\":\"https:\\\/\\\/palopalu.com\\\/wp-content\\\/uploads\\\/2019\\\/02\\\/logo-palopalu.png\",\"width\":125,\"height\":30,\"caption\":\"Palopal\u00fa\"},\"image\":{\"@id\":\"https:\\\/\\\/palopalu.com\\\/#\\\/schema\\\/logo\\\/image\\\/\"},\"sameAs\":[\"https:\\\/\\\/www.facebook.com\\\/palopalupalopalu\",\"https:\\\/\\\/www.instagram.com\\\/palopalu\"]}]}<\/script>\n<!-- \/ Yoast SEO plugin. -->","yoast_head_json":{"title":"Palopal\u00fa \u00b7 Taller de Cer\u00e1mica en familia","description":"Disfruta de un taller de cer\u00e1mica en familia donde modelar\u00e9is arcilla con vuestras manos para crear piezas \u00fanicas y decorarlas a vuestro gusto. Este taller est\u00e1 pensado para fomentar la creatividad de los m\u00e1s txikis mientras disfrut\u00e1is juntxs de un plan diferente y creativo.","robots":{"index":"index","follow":"follow","max-snippet":"max-snippet:-1","max-image-preview":"max-image-preview:large","max-video-preview":"max-video-preview:-1"},"canonical":"https:\/\/palopalu.com\/en\/taller-de-ceramica-en-familia\/","og_locale":"en_GB","og_type":"article","og_title":"Palopal\u00fa \u00b7 Taller de Cer\u00e1mica en familia","og_description":"Disfruta de un taller de cer\u00e1mica en familia donde modelar\u00e9is arcilla con vuestras manos para crear piezas \u00fanicas y decorarlas a vuestro gusto. Este taller est\u00e1 pensado para fomentar la creatividad de los m\u00e1s txikis mientras disfrut\u00e1is juntxs de un plan diferente y creativo.","og_url":"https:\/\/palopalu.com\/en\/taller-de-ceramica-en-familia\/","og_site_name":"Palopal\u00fa","article_publisher":"https:\/\/www.facebook.com\/palopalupalopalu","article_modified_time":"2026-04-27T18:26:36+00:00","og_image":[{"width":595,"height":842,"url":"https:\/\/palopalu.com\/wp-content\/uploads\/2026\/04\/cartel-Ceramica-en-familia-3.jpg","type":"image\/jpeg"}],"twitter_card":"summary_large_image","twitter_misc":{"Estimated reading time":"3 minutes"},"schema":{"@context":"https:\/\/schema.org","@graph":[{"@type":"WebPage","@id":"https:\/\/palopalu.com\/taller-de-ceramica-en-familia\/","url":"https:\/\/palopalu.com\/taller-de-ceramica-en-familia\/","name":"Palopal\u00fa \u00b7 Taller de Cer\u00e1mica en familia","isPartOf":{"@id":"https:\/\/palopalu.com\/#website"},"primaryImageOfPage":{"@id":"https:\/\/palopalu.com\/taller-de-ceramica-en-familia\/#primaryimage"},"image":{"@id":"https:\/\/palopalu.com\/taller-de-ceramica-en-familia\/#primaryimage"},"thumbnailUrl":"https:\/\/palopalu.com\/wp-content\/uploads\/2026\/04\/cartel-Ceramica-en-familia-3.jpg","datePublished":"2026-04-14T16:41:16+00:00","dateModified":"2026-04-27T18:26:36+00:00","description":"Disfruta de un taller de cer\u00e1mica en familia donde modelar\u00e9is arcilla con vuestras manos para crear piezas \u00fanicas y decorarlas a vuestro gusto. Este taller est\u00e1 pensado para fomentar la creatividad de los m\u00e1s txikis mientras disfrut\u00e1is juntxs de un plan diferente y creativo.","breadcrumb":{"@id":"https:\/\/palopalu.com\/taller-de-ceramica-en-familia\/#breadcrumb"},"inLanguage":"en-GB","potentialAction":[{"@type":"ReadAction","target":["https:\/\/palopalu.com\/taller-de-ceramica-en-familia\/"]}]},{"@type":"ImageObject","inLanguage":"en-GB","@id":"https:\/\/palopalu.com\/taller-de-ceramica-en-familia\/#primaryimage","url":"https:\/\/palopalu.com\/wp-content\/uploads\/2026\/04\/cartel-Ceramica-en-familia-3.jpg","contentUrl":"https:\/\/palopalu.com\/wp-content\/uploads\/2026\/04\/cartel-Ceramica-en-familia-3.jpg","width":595,"height":842,"caption":"taller cer\u00e1mica en familia"},{"@type":"BreadcrumbList","@id":"https:\/\/palopalu.com\/taller-de-ceramica-en-familia\/#breadcrumb","itemListElement":[{"@type":"ListItem","position":1,"name":"Portada","item":"https:\/\/palopalu.com\/"},{"@type":"ListItem","position":2,"name":"Taller de Cer\u00e1mica en familia"}]},{"@type":"WebSite","@id":"https:\/\/palopalu.com\/#website","url":"https:\/\/palopalu.com\/","name":"Palopal\u00fa","description":"Juguetes, decoraci\u00f3n y objetos personalizados en madera","publisher":{"@id":"https:\/\/palopalu.com\/#organization"},"potentialAction":[{"@type":"SearchAction","target":{"@type":"EntryPoint","urlTemplate":"https:\/\/palopalu.com\/?s={search_term_string}"},"query-input":{"@type":"PropertyValueSpecification","valueRequired":true,"valueName":"search_term_string"}}],"inLanguage":"en-GB"},{"@type":"Organization","@id":"https:\/\/palopalu.com\/#organization","name":"Palopal\u00fa","url":"https:\/\/palopalu.com\/","logo":{"@type":"ImageObject","inLanguage":"en-GB","@id":"https:\/\/palopalu.com\/#\/schema\/logo\/image\/","url":"https:\/\/palopalu.com\/wp-content\/uploads\/2019\/02\/logo-palopalu.png","contentUrl":"https:\/\/palopalu.com\/wp-content\/uploads\/2019\/02\/logo-palopalu.png","width":125,"height":30,"caption":"Palopal\u00fa"},"image":{"@id":"https:\/\/palopalu.com\/#\/schema\/logo\/image\/"},"sameAs":["https:\/\/www.facebook.com\/palopalupalopalu","https:\/\/www.instagram.com\/palopalu"]}]}},"_links":{"self":[{"href":"https:\/\/palopalu.com\/en\/wp-json\/wp\/v2\/pages\/6269","targetHints":{"allow":["GET"]}}],"collection":[{"href":"https:\/\/palopalu.com\/en\/wp-json\/wp\/v2\/pages"}],"about":[{"href":"https:\/\/palopalu.com\/en\/wp-json\/wp\/v2\/types\/page"}],"author":[{"embeddable":true,"href":"https:\/\/palopalu.com\/en\/wp-json\/wp\/v2\/users\/1"}],"replies":[{"embeddable":true,"href":"https:\/\/palopalu.com\/en\/wp-json\/wp\/v2\/comments?post=6269"}],"version-history":[{"count":6,"href":"https:\/\/palopalu.com\/en\/wp-json\/wp\/v2\/pages\/6269\/revisions"}],"predecessor-version":[{"id":6298,"href":"https:\/\/palopalu.com\/en\/wp-json\/wp\/v2\/pages\/6269\/revisions\/6298"}],"wp:featuredmedia":[{"embeddable":true,"href":"https:\/\/palopalu.com\/en\/wp-json\/wp\/v2\/media\/6273"}],"wp:attachment":[{"href":"https:\/\/palopalu.com\/en\/wp-json\/wp\/v2\/media?parent=6269"}],"curies":[{"name":"wp","href":"https:\/\/api.w.org\/{rel}","templated":true}]}}