{"id":1421,"date":"2017-07-11T10:57:01","date_gmt":"2017-07-11T09:57:01","guid":{"rendered":"https:\/\/palopalu.com\/product\/bloques-de-equilibrio\/"},"modified":"2024-11-05T19:33:37","modified_gmt":"2024-11-05T18:33:37","slug":"bloques-de-equilibrio","status":"publish","type":"product","link":"https:\/\/palopalu.com\/en\/product\/bloques-de-equilibrio\/","title":{"rendered":"Balance blocks"},"content":{"rendered":"<p>Un divertido juego de bloques de formas asim\u00e9tricas para desarrollar la destreza y la creatividad. Crea tu propia escultura buscando el equilibrio.<\/p>\n<p>Incluidas en el juego 15 piezas asim\u00e9tricas de diferentes tama\u00f1os. Como sab\u00e9is, nosotras mismas realizamos todos nuestros dise\u00f1os totalmente a mano en nuestro taller y por este motivo cada producto puede variar ligeramente aspectos como la tonalidad de la madera, sus nudos, etc. Esto hace que cada pieza sea todav\u00eda m\u00e1s especial. El dise\u00f1o que te llevas a casa es totalmente \u00fanico, trabajado con mimo y dedicaci\u00f3n individualizada.<\/p>\n<p>Fabricado en madera y utilizando pinturas de base al agua. Cada una de las piezas han sido pintadas a mano.<\/p>\n<h4>Dimensiones:<\/h4>\n<p>Las dimensiones de la pieza peque\u00f1a: 3 x 3 x 3 cm<\/p>\n<p>Dimensiones de la pieza m\u00e1s grande: 6 x 6 x 6 cm<\/p>\n<p>El juego incluye una bolsa de cord\u00f3n de algod\u00f3n en la que podr\u00e1s guardar las piezas. Esto har\u00e1, sobretodo en los m\u00e1s peque\u00f1os, m\u00e1s facil la tarea de recoger el juego y as\u00ed aprender el valor de cuidar y valorar los objetos que nos rodean.<\/p>\n<h4>\u00bfEn qu\u00e9 consiste?<\/h4>\n<p>El juego de bloques de equilibrio es uno de nuestros dise\u00f1os estrella y seguro se convertir\u00e1 en un b\u00e1sico dentro de las horas de juego.\u00a0 Pensado para construir, apilar e inventar un mont\u00f3n de estructuras diferentes, el bloques de equilibrio,\u00a0 ayuda en el aprendizaje de las formas y colores, para utilizar de manera totalmente libre y creativa.<\/p>\n<p>Los bloques de equilibrio es un juego estupendo para todas las edades. Lo recomendamos especialmente a partir de los dos a\u00f1os, pero tambien es cierto que igualmente podr\u00e1n empezar a manipularlo desde el primer a\u00f1ito de manera que estimular\u00e1 sus sentidos con el contacto con la madera y los colores. Es estupendo igualmente para trabajar con personas de la tercera edad la motricidad a la vez que compartimos un rato de juego y compa\u00f1\u00eda.<\/p>\n<p>Se trata de un dise\u00f1o muy especial y cuidado al que querr\u00e1s hacer un hueco en tu rinc\u00f3n favorito y as\u00ed dar un toque \u00fanico a tu decoraci\u00f3n.<\/p>","protected":false},"excerpt":{"rendered":"<p><strong>Juego hecho solo por encargo. Ponte en contacto info@palopalu.com<\/strong><\/p>\n<p>&nbsp;<\/p>\n<p>Crea tu propia escultura buscando el equilibrio.<\/p>\n<p>Incluidas en el juego 15 piezas asim\u00e9tricas de diferentes tama\u00f1os. Como ya sab\u00e9is, nosotras mismas realizamos todos nuestros dise\u00f1os totalmente a mano en nuestro taller, y por ello, cada producto puede variar ligeramente aspectos como la tonalidad de la madera, sus nudos, etc. Esto hace que cada pieza sea todav\u00eda m\u00e1s especial. El dise\u00f1o que te llevas a casa es totalmente \u00fanico, trabajado con mimo y dedicaci\u00f3n individualizada.<\/p>\n<p>Fabricado en madera y utilizando pinturas de base al agua. Cada una de las piezas han sido pintadas a mano.<\/p>\n<p>El juego incluye una bolsa de cord\u00f3n de algod\u00f3n en la que podr\u00e1s guardar las piezas y har\u00e1 sobretodo en los m\u00e1s peque\u00f1os m\u00e1s facil la tarea de ordenar y recoger el juego,\u00a0 aprendiendo el valor de cuidar y valorar los objetos que nos rodean.<\/p>\n<p>&nbsp;<\/p>\n<p>Pieza peque\u00f1a: 3 x 3 x 3 cm<\/p>\n<p>Pieza grande: 6 x 6 x 6 cm<\/p>\n<p>&nbsp;<\/p>\n<p>Uno de nuestros dise\u00f1os estrella, se\u00a0 convertir\u00e1 en un b\u00e1sico dentro del tiempo de juego del ni\u00f1o.\u00a0 Para construir, apilar e inventar un mont\u00f3n de estructuras diferentes. Ayuda en el aprendizaje de las formas y colores, para utilizar de manera totalmente libre y creativa.<\/p>\n<p>No es s\u00f3lo un juego pensado para ni\u00f1os. Recomendamos especialmente este juego a partir de los dos a\u00f1os. Aunque es cierto que desde el primer a\u00f1o aprender\u00e1n a manipular sus piezas estimulando sus sentidos con unas piezas s\u00f3lidas y resistentes pero de agradable olor a madera y tacto suave.<\/p>\n<p>El bloques de equilibrio en juego estupendo para todas las edades, para compartir y jugar a ver qui\u00e9n tiene mejor pulso apilando sus piezas en equilibrio. Al ser piezas totalmente asim\u00e9tricas, hay que buscar de manera ingeniosa y con paciencia el punto de equilibrio perfecto para que se mantenga la estructura en pie.<\/p>\n<p>Un dise\u00f1o muy especial y cuidado al que querr\u00e1s hacer un hueco en la decoraci\u00f3n de tu rinc\u00f3n favorito, dando un toque \u00fanico al espacio.<\/p>\n<p>&nbsp;<\/p>","protected":false},"featured_media":1982,"template":"","meta":[],"product_brand":[],"product_cat":[120,97,102,105,108,111,124,307,80,83],"product_tag":[290,218,152],"class_list":{"0":"post-1421","1":"product","2":"type-product","3":"status-publish","4":"has-post-thumbnail","6":"product_cat-apilables","7":"product_cat-de-1-a-3-anos","8":"product_cat-de-3-a-5-anos","9":"product_cat-de-5-a-8-anos","10":"product_cat-de-8-a-11-anos","11":"product_cat-hasta-100-anos","12":"product_cat-juegos-de-construccion","13":"product_cat-juegos-didacticos","14":"product_cat-juguetes","15":"product_cat-por-edad","16":"product_tag-bloques","17":"product_tag-juego-de-equilibrio","18":"product_tag-juguete-educativo","19":"clearfix","21":"first","22":"outofstock","23":"shipping-taxable","24":"purchasable","25":"product-type-simple"},"yoast_head":"<!-- This site is optimized with the Yoast SEO plugin v27.5 - https:\/\/yoast.com\/product\/yoast-seo-wordpress\/ -->\n<title>Bloques de equilibrio. Creatividad y diversi\u00f3n. Juego de madera artesanal<\/title>\n<meta name=\"description\" content=\"Un divertido juego de bloques de formas asim\u00e9tricas para desarrollar tu destreza y crear tus propias esculturas buscando el equilibrio. Hecho a mano.\" \/>\n<meta name=\"robots\" content=\"index, follow, max-snippet:-1, max-image-preview:large, max-video-preview:-1\" \/>\n<link rel=\"canonical\" href=\"https:\/\/palopalu.com\/en\/product\/bloques-de-equilibrio\/\" \/>\n<meta property=\"og:locale\" content=\"en_GB\" \/>\n<meta property=\"og:type\" content=\"article\" \/>\n<meta property=\"og:title\" content=\"Bloques de equilibrio. Creatividad y diversi\u00f3n. Juego de madera artesanal\" \/>\n<meta property=\"og:description\" content=\"Un divertido juego de bloques de formas asim\u00e9tricas para desarrollar tu destreza y crear tus propias esculturas buscando el equilibrio. Hecho a mano.\" \/>\n<meta property=\"og:url\" content=\"https:\/\/palopalu.com\/en\/product\/bloques-de-equilibrio\/\" \/>\n<meta property=\"og:site_name\" content=\"Palopal\u00fa\" \/>\n<meta property=\"article:publisher\" content=\"https:\/\/www.facebook.com\/palopalupalopalu\" \/>\n<meta property=\"article:modified_time\" content=\"2024-11-05T18:33:37+00:00\" \/>\n<meta property=\"og:image\" content=\"https:\/\/palopalu.com\/wp-content\/uploads\/2017\/07\/palopalu_BLOQ_10.jpg\" \/>\n\t<meta property=\"og:image:width\" content=\"1920\" \/>\n\t<meta property=\"og:image:height\" content=\"1280\" \/>\n\t<meta property=\"og:image:type\" content=\"image\/jpeg\" \/>\n<meta name=\"twitter:card\" content=\"summary_large_image\" \/>\n<meta name=\"twitter:label1\" content=\"Estimated reading time\" \/>\n\t<meta name=\"twitter:data1\" content=\"2 minutes\" \/>\n<script type=\"application\/ld+json\" class=\"yoast-schema-graph\">{\"@context\":\"https:\\\/\\\/schema.org\",\"@graph\":[{\"@type\":\"WebPage\",\"@id\":\"https:\\\/\\\/palopalu.com\\\/producto\\\/bloques-de-equilibrio\\\/\",\"url\":\"https:\\\/\\\/palopalu.com\\\/producto\\\/bloques-de-equilibrio\\\/\",\"name\":\"Bloques de equilibrio. Creatividad y diversi\u00f3n. Juego de madera artesanal\",\"isPartOf\":{\"@id\":\"https:\\\/\\\/palopalu.com\\\/#website\"},\"primaryImageOfPage\":{\"@id\":\"https:\\\/\\\/palopalu.com\\\/producto\\\/bloques-de-equilibrio\\\/#primaryimage\"},\"image\":{\"@id\":\"https:\\\/\\\/palopalu.com\\\/producto\\\/bloques-de-equilibrio\\\/#primaryimage\"},\"thumbnailUrl\":\"https:\\\/\\\/palopalu.com\\\/wp-content\\\/uploads\\\/2017\\\/07\\\/palopalu_BLOQ_10.jpg\",\"datePublished\":\"2017-07-11T09:57:01+00:00\",\"dateModified\":\"2024-11-05T18:33:37+00:00\",\"description\":\"Un divertido juego de bloques de formas asim\u00e9tricas para desarrollar tu destreza y crear tus propias esculturas buscando el equilibrio. Hecho a mano.\",\"breadcrumb\":{\"@id\":\"https:\\\/\\\/palopalu.com\\\/producto\\\/bloques-de-equilibrio\\\/#breadcrumb\"},\"inLanguage\":\"en-GB\",\"potentialAction\":[{\"@type\":\"ReadAction\",\"target\":[\"https:\\\/\\\/palopalu.com\\\/producto\\\/bloques-de-equilibrio\\\/\"]}]},{\"@type\":\"ImageObject\",\"inLanguage\":\"en-GB\",\"@id\":\"https:\\\/\\\/palopalu.com\\\/producto\\\/bloques-de-equilibrio\\\/#primaryimage\",\"url\":\"https:\\\/\\\/palopalu.com\\\/wp-content\\\/uploads\\\/2017\\\/07\\\/palopalu_BLOQ_10.jpg\",\"contentUrl\":\"https:\\\/\\\/palopalu.com\\\/wp-content\\\/uploads\\\/2017\\\/07\\\/palopalu_BLOQ_10.jpg\",\"width\":1920,\"height\":1280,\"caption\":\"bloques de equilibrio\"},{\"@type\":\"BreadcrumbList\",\"@id\":\"https:\\\/\\\/palopalu.com\\\/producto\\\/bloques-de-equilibrio\\\/#breadcrumb\",\"itemListElement\":[{\"@type\":\"ListItem\",\"position\":1,\"name\":\"Portada\",\"item\":\"https:\\\/\\\/palopalu.com\\\/\"},{\"@type\":\"ListItem\",\"position\":2,\"name\":\"Tienda\",\"item\":\"https:\\\/\\\/palopalu.com\\\/tienda\\\/\"},{\"@type\":\"ListItem\",\"position\":3,\"name\":\"Bloques de equilibrio\"}]},{\"@type\":\"WebSite\",\"@id\":\"https:\\\/\\\/palopalu.com\\\/#website\",\"url\":\"https:\\\/\\\/palopalu.com\\\/\",\"name\":\"Palopal\u00fa\",\"description\":\"Juguetes, decoraci\u00f3n y objetos personalizados en madera\",\"publisher\":{\"@id\":\"https:\\\/\\\/palopalu.com\\\/#organization\"},\"potentialAction\":[{\"@type\":\"SearchAction\",\"target\":{\"@type\":\"EntryPoint\",\"urlTemplate\":\"https:\\\/\\\/palopalu.com\\\/?s={search_term_string}\"},\"query-input\":{\"@type\":\"PropertyValueSpecification\",\"valueRequired\":true,\"valueName\":\"search_term_string\"}}],\"inLanguage\":\"en-GB\"},{\"@type\":\"Organization\",\"@id\":\"https:\\\/\\\/palopalu.com\\\/#organization\",\"name\":\"Palopal\u00fa\",\"url\":\"https:\\\/\\\/palopalu.com\\\/\",\"logo\":{\"@type\":\"ImageObject\",\"inLanguage\":\"en-GB\",\"@id\":\"https:\\\/\\\/palopalu.com\\\/#\\\/schema\\\/logo\\\/image\\\/\",\"url\":\"https:\\\/\\\/palopalu.com\\\/wp-content\\\/uploads\\\/2019\\\/02\\\/logo-palopalu.png\",\"contentUrl\":\"https:\\\/\\\/palopalu.com\\\/wp-content\\\/uploads\\\/2019\\\/02\\\/logo-palopalu.png\",\"width\":125,\"height\":30,\"caption\":\"Palopal\u00fa\"},\"image\":{\"@id\":\"https:\\\/\\\/palopalu.com\\\/#\\\/schema\\\/logo\\\/image\\\/\"},\"sameAs\":[\"https:\\\/\\\/www.facebook.com\\\/palopalupalopalu\",\"https:\\\/\\\/www.instagram.com\\\/palopalu\"]}]}<\/script>\n<!-- \/ Yoast SEO plugin. -->","yoast_head_json":{"title":"Bloques de equilibrio. Creatividad y diversi\u00f3n. Juego de madera artesanal","description":"Un divertido juego de bloques de formas asim\u00e9tricas para desarrollar tu destreza y crear tus propias esculturas buscando el equilibrio. Hecho a mano.","robots":{"index":"index","follow":"follow","max-snippet":"max-snippet:-1","max-image-preview":"max-image-preview:large","max-video-preview":"max-video-preview:-1"},"canonical":"https:\/\/palopalu.com\/en\/product\/bloques-de-equilibrio\/","og_locale":"en_GB","og_type":"article","og_title":"Bloques de equilibrio. Creatividad y diversi\u00f3n. Juego de madera artesanal","og_description":"Un divertido juego de bloques de formas asim\u00e9tricas para desarrollar tu destreza y crear tus propias esculturas buscando el equilibrio. Hecho a mano.","og_url":"https:\/\/palopalu.com\/en\/product\/bloques-de-equilibrio\/","og_site_name":"Palopal\u00fa","article_publisher":"https:\/\/www.facebook.com\/palopalupalopalu","article_modified_time":"2024-11-05T18:33:37+00:00","og_image":[{"width":1920,"height":1280,"url":"https:\/\/palopalu.com\/wp-content\/uploads\/2017\/07\/palopalu_BLOQ_10.jpg","type":"image\/jpeg"}],"twitter_card":"summary_large_image","twitter_misc":{"Estimated reading time":"2 minutes"},"schema":{"@context":"https:\/\/schema.org","@graph":[{"@type":"WebPage","@id":"https:\/\/palopalu.com\/producto\/bloques-de-equilibrio\/","url":"https:\/\/palopalu.com\/producto\/bloques-de-equilibrio\/","name":"Bloques de equilibrio. Creatividad y diversi\u00f3n. Juego de madera artesanal","isPartOf":{"@id":"https:\/\/palopalu.com\/#website"},"primaryImageOfPage":{"@id":"https:\/\/palopalu.com\/producto\/bloques-de-equilibrio\/#primaryimage"},"image":{"@id":"https:\/\/palopalu.com\/producto\/bloques-de-equilibrio\/#primaryimage"},"thumbnailUrl":"https:\/\/palopalu.com\/wp-content\/uploads\/2017\/07\/palopalu_BLOQ_10.jpg","datePublished":"2017-07-11T09:57:01+00:00","dateModified":"2024-11-05T18:33:37+00:00","description":"Un divertido juego de bloques de formas asim\u00e9tricas para desarrollar tu destreza y crear tus propias esculturas buscando el equilibrio. Hecho a mano.","breadcrumb":{"@id":"https:\/\/palopalu.com\/producto\/bloques-de-equilibrio\/#breadcrumb"},"inLanguage":"en-GB","potentialAction":[{"@type":"ReadAction","target":["https:\/\/palopalu.com\/producto\/bloques-de-equilibrio\/"]}]},{"@type":"ImageObject","inLanguage":"en-GB","@id":"https:\/\/palopalu.com\/producto\/bloques-de-equilibrio\/#primaryimage","url":"https:\/\/palopalu.com\/wp-content\/uploads\/2017\/07\/palopalu_BLOQ_10.jpg","contentUrl":"https:\/\/palopalu.com\/wp-content\/uploads\/2017\/07\/palopalu_BLOQ_10.jpg","width":1920,"height":1280,"caption":"bloques de equilibrio"},{"@type":"BreadcrumbList","@id":"https:\/\/palopalu.com\/producto\/bloques-de-equilibrio\/#breadcrumb","itemListElement":[{"@type":"ListItem","position":1,"name":"Portada","item":"https:\/\/palopalu.com\/"},{"@type":"ListItem","position":2,"name":"Tienda","item":"https:\/\/palopalu.com\/tienda\/"},{"@type":"ListItem","position":3,"name":"Bloques de equilibrio"}]},{"@type":"WebSite","@id":"https:\/\/palopalu.com\/#website","url":"https:\/\/palopalu.com\/","name":"Palopal\u00fa","description":"Juguetes, decoraci\u00f3n y objetos personalizados en madera","publisher":{"@id":"https:\/\/palopalu.com\/#organization"},"potentialAction":[{"@type":"SearchAction","target":{"@type":"EntryPoint","urlTemplate":"https:\/\/palopalu.com\/?s={search_term_string}"},"query-input":{"@type":"PropertyValueSpecification","valueRequired":true,"valueName":"search_term_string"}}],"inLanguage":"en-GB"},{"@type":"Organization","@id":"https:\/\/palopalu.com\/#organization","name":"Palopal\u00fa","url":"https:\/\/palopalu.com\/","logo":{"@type":"ImageObject","inLanguage":"en-GB","@id":"https:\/\/palopalu.com\/#\/schema\/logo\/image\/","url":"https:\/\/palopalu.com\/wp-content\/uploads\/2019\/02\/logo-palopalu.png","contentUrl":"https:\/\/palopalu.com\/wp-content\/uploads\/2019\/02\/logo-palopalu.png","width":125,"height":30,"caption":"Palopal\u00fa"},"image":{"@id":"https:\/\/palopalu.com\/#\/schema\/logo\/image\/"},"sameAs":["https:\/\/www.facebook.com\/palopalupalopalu","https:\/\/www.instagram.com\/palopalu"]}]}},"_links":{"self":[{"href":"https:\/\/palopalu.com\/en\/wp-json\/wp\/v2\/product\/1421","targetHints":{"allow":["GET"]}}],"collection":[{"href":"https:\/\/palopalu.com\/en\/wp-json\/wp\/v2\/product"}],"about":[{"href":"https:\/\/palopalu.com\/en\/wp-json\/wp\/v2\/types\/product"}],"wp:featuredmedia":[{"embeddable":true,"href":"https:\/\/palopalu.com\/en\/wp-json\/wp\/v2\/media\/1982"}],"wp:attachment":[{"href":"https:\/\/palopalu.com\/en\/wp-json\/wp\/v2\/media?parent=1421"}],"wp:term":[{"taxonomy":"product_brand","embeddable":true,"href":"https:\/\/palopalu.com\/en\/wp-json\/wp\/v2\/product_brand?post=1421"},{"taxonomy":"product_cat","embeddable":true,"href":"https:\/\/palopalu.com\/en\/wp-json\/wp\/v2\/product_cat?post=1421"},{"taxonomy":"product_tag","embeddable":true,"href":"https:\/\/palopalu.com\/en\/wp-json\/wp\/v2\/product_tag?post=1421"}],"curies":[{"name":"wp","href":"https:\/\/api.w.org\/{rel}","templated":true}]}}