{"id":1500,"date":"2018-04-24T16:55:45","date_gmt":"2018-04-24T15:55:45","guid":{"rendered":"https:\/\/palopalu.com\/product\/vitesse\/"},"modified":"2026-01-20T17:28:49","modified_gmt":"2026-01-20T16:28:49","slug":"coche-de-madera-vitesse","status":"publish","type":"product","link":"https:\/\/palopalu.com\/en\/product\/coche-de-madera-vitesse\/","title":{"rendered":"VITESSE Car"},"content":{"rendered":"<p>El coche de madera VITESSE es un estupendo juguete ilustrado perfecto para las primeras etapas. En primer lugar, cuidamos al m\u00e1ximo su dise\u00f1o para hacer de \u00e9l una pieza con valor est\u00e9tico y atractivo a los ojos del ni\u00f1o. La simpleza de sus formas har\u00e1 desarrollar la imaginaci\u00f3n del ni\u00f1o. Ya que su cuerpo est\u00e1 compuesto por madera, lo hace un juguete muy res\u00edstente y de gran durabilidad que a la vez estimular\u00e1 sus sentido del tacto, olfato, vista&#8230; gracias a su material natural.<\/p>\n<p>Por otro lado, el coche de madera VITESSE, es tambi\u00e9n un objeto muy f\u00e1cil de agarrar y transportar de un sitio a otro. Por ello, acompa\u00f1ar\u00e1 al ni\u00f1o en sus primeros pasos y podr\u00e1 jugar a llevarlo y traerlo estimulando su capacidad de movimiento y fomentando su autonom\u00eda.<\/p>\n<p>En las etapas siguientes a los primeros pasos, potenciar\u00e1 su imaginaci\u00f3n y creatividad. Podr\u00e1 utilizarlo para inventar historias y desarrollar su sociabilidad con otros ni\u00f1os interactuando con \u00e9l.<\/p>\n<p>Con el coche de madera VITESSE, el ni\u00f1o tomar\u00e1 conciencia de los movimientos que realiza con el y empieza a comprender nuevos conceptos como son la lateralidad, la velocidad, el espacio o las distancias.<\/p>\n<p>Igualmente, su madera est\u00e1 perfectamente pulida a mano cuidando al m\u00e1ximo cada acabado. Suave en sus formas y muy ligero para hacer as\u00ed m\u00e1s f\u00e1cil su manipulaci\u00f3n.<br \/>\nAsimismo, se trata de una pieza totalmente segura para el ni\u00f1o. Utilizamos pinturas de base al agua y libres de t\u00f3xicos, sin utilizar ning\u00fan tipo de barnices. Por lo tanto, es un juguete totalmente ecol\u00f3gico y biodegradable.<\/p>","protected":false},"excerpt":{"rendered":"<ul>\n<li>Coche de madera.<\/li>\n<li>Material no t\u00f3xico.\u00a0Conforme a ASTM D-4236.<\/li>\n<li>Hecho a mano.<\/li>\n<li>Dimensiones: 12,5 x 5,5 x 3,7 cm.<\/li>\n<li>Recomendado a partir de 8 meses.<\/li>\n<\/ul>\n<p>&nbsp;<\/p>\n<p>Con uno de los dise\u00f1os m\u00e1s divertidos de nuestra colecci\u00f3n de juguetes, este coche es ideal para potenciar el juego libre y la imaginaci\u00f3n.<\/p>\n<p>Un veh\u00edculo de gran resistencia y durabilidad, muy f\u00e1cil de agarrar, con colores vivos y un tacto y olor a madera muy agradable.<\/p>\n<p>Se convertir\u00e1 en una pieza que no querr\u00e1 guardar en un caj\u00f3n, formando parte de la decoraci\u00f3n dando un toque divertido y original al ambiente.<\/p>","protected":false},"featured_media":2491,"template":"","meta":[],"product_brand":[],"product_cat":[122,90,97,102,80,83],"product_tag":[316,739,150],"class_list":{"0":"post-1500","1":"product","2":"type-product","3":"status-publish","4":"has-post-thumbnail","6":"product_cat-arrastrables","7":"product_cat-de-0-a-1-ano","8":"product_cat-de-1-a-3-anos","9":"product_cat-de-3-a-5-anos","10":"product_cat-juguetes","11":"product_cat-por-edad","12":"product_tag-arrastrables","13":"product_tag-coches-de-madera-en","14":"product_tag-juguetes-de-madera","15":"clearfix","17":"first","18":"outofstock","19":"shipping-taxable","20":"purchasable","21":"product-type-simple"},"yoast_head":"<!-- This site is optimized with the Yoast SEO plugin v27.5 - https:\/\/yoast.com\/product\/yoast-seo-wordpress\/ -->\n<title>Coche de madera VITESSE. Arrastrable ilustrado hecho a mano.<\/title>\n<meta name=\"description\" content=\"El coche de madera VITESSE es un arrastrable estupendo para acompa\u00f1ar los primeros pasos del ni\u00f1o. Un dise\u00f1o ilustrado original de Palopal\u00fa. Hecho a mano.\" \/>\n<meta name=\"robots\" content=\"index, follow, max-snippet:-1, max-image-preview:large, max-video-preview:-1\" \/>\n<link rel=\"canonical\" href=\"https:\/\/palopalu.com\/en\/product\/coche-de-madera-vitesse\/\" \/>\n<meta property=\"og:locale\" content=\"en_GB\" \/>\n<meta property=\"og:type\" content=\"article\" \/>\n<meta property=\"og:title\" content=\"Coche de madera VITESSE. Arrastrable ilustrado hecho a mano.\" \/>\n<meta property=\"og:description\" content=\"El coche de madera VITESSE es un arrastrable estupendo para acompa\u00f1ar los primeros pasos del ni\u00f1o. Un dise\u00f1o ilustrado original de Palopal\u00fa. Hecho a mano.\" \/>\n<meta property=\"og:url\" content=\"https:\/\/palopalu.com\/en\/product\/coche-de-madera-vitesse\/\" \/>\n<meta property=\"og:site_name\" content=\"Palopal\u00fa\" \/>\n<meta property=\"article:publisher\" content=\"https:\/\/www.facebook.com\/palopalupalopalu\" \/>\n<meta property=\"article:modified_time\" content=\"2026-01-20T16:28:49+00:00\" \/>\n<meta property=\"og:image\" content=\"https:\/\/palopalu.com\/wp-content\/uploads\/2020\/01\/palopalu_COCHVITESSE_4web.jpg\" \/>\n\t<meta property=\"og:image:width\" content=\"1200\" \/>\n\t<meta property=\"og:image:height\" content=\"1200\" \/>\n\t<meta property=\"og:image:type\" content=\"image\/jpeg\" \/>\n<meta name=\"twitter:card\" content=\"summary_large_image\" \/>\n<meta name=\"twitter:label1\" content=\"Estimated reading time\" \/>\n\t<meta name=\"twitter:data1\" content=\"2 minutes\" \/>\n<script type=\"application\/ld+json\" class=\"yoast-schema-graph\">{\"@context\":\"https:\\\/\\\/schema.org\",\"@graph\":[{\"@type\":\"WebPage\",\"@id\":\"https:\\\/\\\/palopalu.com\\\/producto\\\/coche-de-madera-vitesse\\\/\",\"url\":\"https:\\\/\\\/palopalu.com\\\/producto\\\/coche-de-madera-vitesse\\\/\",\"name\":\"Coche de madera VITESSE. Arrastrable ilustrado hecho a mano.\",\"isPartOf\":{\"@id\":\"https:\\\/\\\/palopalu.com\\\/#website\"},\"primaryImageOfPage\":{\"@id\":\"https:\\\/\\\/palopalu.com\\\/producto\\\/coche-de-madera-vitesse\\\/#primaryimage\"},\"image\":{\"@id\":\"https:\\\/\\\/palopalu.com\\\/producto\\\/coche-de-madera-vitesse\\\/#primaryimage\"},\"thumbnailUrl\":\"https:\\\/\\\/palopalu.com\\\/wp-content\\\/uploads\\\/2020\\\/01\\\/palopalu_COCHVITESSE_4web.jpg\",\"datePublished\":\"2018-04-24T15:55:45+00:00\",\"dateModified\":\"2026-01-20T16:28:49+00:00\",\"description\":\"El coche de madera VITESSE es un arrastrable estupendo para acompa\u00f1ar los primeros pasos del ni\u00f1o. Un dise\u00f1o ilustrado original de Palopal\u00fa. Hecho a mano.\",\"breadcrumb\":{\"@id\":\"https:\\\/\\\/palopalu.com\\\/producto\\\/coche-de-madera-vitesse\\\/#breadcrumb\"},\"inLanguage\":\"en-GB\",\"potentialAction\":[{\"@type\":\"ReadAction\",\"target\":[\"https:\\\/\\\/palopalu.com\\\/producto\\\/coche-de-madera-vitesse\\\/\"]}]},{\"@type\":\"ImageObject\",\"inLanguage\":\"en-GB\",\"@id\":\"https:\\\/\\\/palopalu.com\\\/producto\\\/coche-de-madera-vitesse\\\/#primaryimage\",\"url\":\"https:\\\/\\\/palopalu.com\\\/wp-content\\\/uploads\\\/2020\\\/01\\\/palopalu_COCHVITESSE_4web.jpg\",\"contentUrl\":\"https:\\\/\\\/palopalu.com\\\/wp-content\\\/uploads\\\/2020\\\/01\\\/palopalu_COCHVITESSE_4web.jpg\",\"width\":1200,\"height\":1200,\"caption\":\"Coche de madera VITESSE\"},{\"@type\":\"BreadcrumbList\",\"@id\":\"https:\\\/\\\/palopalu.com\\\/producto\\\/coche-de-madera-vitesse\\\/#breadcrumb\",\"itemListElement\":[{\"@type\":\"ListItem\",\"position\":1,\"name\":\"Portada\",\"item\":\"https:\\\/\\\/palopalu.com\\\/\"},{\"@type\":\"ListItem\",\"position\":2,\"name\":\"Tienda\",\"item\":\"https:\\\/\\\/palopalu.com\\\/tienda\\\/\"},{\"@type\":\"ListItem\",\"position\":3,\"name\":\"Coche VITESSE\"}]},{\"@type\":\"WebSite\",\"@id\":\"https:\\\/\\\/palopalu.com\\\/#website\",\"url\":\"https:\\\/\\\/palopalu.com\\\/\",\"name\":\"Palopal\u00fa\",\"description\":\"Juguetes, decoraci\u00f3n y objetos personalizados en madera\",\"publisher\":{\"@id\":\"https:\\\/\\\/palopalu.com\\\/#organization\"},\"potentialAction\":[{\"@type\":\"SearchAction\",\"target\":{\"@type\":\"EntryPoint\",\"urlTemplate\":\"https:\\\/\\\/palopalu.com\\\/?s={search_term_string}\"},\"query-input\":{\"@type\":\"PropertyValueSpecification\",\"valueRequired\":true,\"valueName\":\"search_term_string\"}}],\"inLanguage\":\"en-GB\"},{\"@type\":\"Organization\",\"@id\":\"https:\\\/\\\/palopalu.com\\\/#organization\",\"name\":\"Palopal\u00fa\",\"url\":\"https:\\\/\\\/palopalu.com\\\/\",\"logo\":{\"@type\":\"ImageObject\",\"inLanguage\":\"en-GB\",\"@id\":\"https:\\\/\\\/palopalu.com\\\/#\\\/schema\\\/logo\\\/image\\\/\",\"url\":\"https:\\\/\\\/palopalu.com\\\/wp-content\\\/uploads\\\/2019\\\/02\\\/logo-palopalu.png\",\"contentUrl\":\"https:\\\/\\\/palopalu.com\\\/wp-content\\\/uploads\\\/2019\\\/02\\\/logo-palopalu.png\",\"width\":125,\"height\":30,\"caption\":\"Palopal\u00fa\"},\"image\":{\"@id\":\"https:\\\/\\\/palopalu.com\\\/#\\\/schema\\\/logo\\\/image\\\/\"},\"sameAs\":[\"https:\\\/\\\/www.facebook.com\\\/palopalupalopalu\",\"https:\\\/\\\/www.instagram.com\\\/palopalu\"]}]}<\/script>\n<!-- \/ Yoast SEO plugin. -->","yoast_head_json":{"title":"Coche de madera VITESSE. Arrastrable ilustrado hecho a mano.","description":"El coche de madera VITESSE es un arrastrable estupendo para acompa\u00f1ar los primeros pasos del ni\u00f1o. Un dise\u00f1o ilustrado original de Palopal\u00fa. Hecho a mano.","robots":{"index":"index","follow":"follow","max-snippet":"max-snippet:-1","max-image-preview":"max-image-preview:large","max-video-preview":"max-video-preview:-1"},"canonical":"https:\/\/palopalu.com\/en\/product\/coche-de-madera-vitesse\/","og_locale":"en_GB","og_type":"article","og_title":"Coche de madera VITESSE. Arrastrable ilustrado hecho a mano.","og_description":"El coche de madera VITESSE es un arrastrable estupendo para acompa\u00f1ar los primeros pasos del ni\u00f1o. Un dise\u00f1o ilustrado original de Palopal\u00fa. Hecho a mano.","og_url":"https:\/\/palopalu.com\/en\/product\/coche-de-madera-vitesse\/","og_site_name":"Palopal\u00fa","article_publisher":"https:\/\/www.facebook.com\/palopalupalopalu","article_modified_time":"2026-01-20T16:28:49+00:00","og_image":[{"width":1200,"height":1200,"url":"https:\/\/palopalu.com\/wp-content\/uploads\/2020\/01\/palopalu_COCHVITESSE_4web.jpg","type":"image\/jpeg"}],"twitter_card":"summary_large_image","twitter_misc":{"Estimated reading time":"2 minutes"},"schema":{"@context":"https:\/\/schema.org","@graph":[{"@type":"WebPage","@id":"https:\/\/palopalu.com\/producto\/coche-de-madera-vitesse\/","url":"https:\/\/palopalu.com\/producto\/coche-de-madera-vitesse\/","name":"Coche de madera VITESSE. Arrastrable ilustrado hecho a mano.","isPartOf":{"@id":"https:\/\/palopalu.com\/#website"},"primaryImageOfPage":{"@id":"https:\/\/palopalu.com\/producto\/coche-de-madera-vitesse\/#primaryimage"},"image":{"@id":"https:\/\/palopalu.com\/producto\/coche-de-madera-vitesse\/#primaryimage"},"thumbnailUrl":"https:\/\/palopalu.com\/wp-content\/uploads\/2020\/01\/palopalu_COCHVITESSE_4web.jpg","datePublished":"2018-04-24T15:55:45+00:00","dateModified":"2026-01-20T16:28:49+00:00","description":"El coche de madera VITESSE es un arrastrable estupendo para acompa\u00f1ar los primeros pasos del ni\u00f1o. Un dise\u00f1o ilustrado original de Palopal\u00fa. Hecho a mano.","breadcrumb":{"@id":"https:\/\/palopalu.com\/producto\/coche-de-madera-vitesse\/#breadcrumb"},"inLanguage":"en-GB","potentialAction":[{"@type":"ReadAction","target":["https:\/\/palopalu.com\/producto\/coche-de-madera-vitesse\/"]}]},{"@type":"ImageObject","inLanguage":"en-GB","@id":"https:\/\/palopalu.com\/producto\/coche-de-madera-vitesse\/#primaryimage","url":"https:\/\/palopalu.com\/wp-content\/uploads\/2020\/01\/palopalu_COCHVITESSE_4web.jpg","contentUrl":"https:\/\/palopalu.com\/wp-content\/uploads\/2020\/01\/palopalu_COCHVITESSE_4web.jpg","width":1200,"height":1200,"caption":"Coche de madera VITESSE"},{"@type":"BreadcrumbList","@id":"https:\/\/palopalu.com\/producto\/coche-de-madera-vitesse\/#breadcrumb","itemListElement":[{"@type":"ListItem","position":1,"name":"Portada","item":"https:\/\/palopalu.com\/"},{"@type":"ListItem","position":2,"name":"Tienda","item":"https:\/\/palopalu.com\/tienda\/"},{"@type":"ListItem","position":3,"name":"Coche VITESSE"}]},{"@type":"WebSite","@id":"https:\/\/palopalu.com\/#website","url":"https:\/\/palopalu.com\/","name":"Palopal\u00fa","description":"Juguetes, decoraci\u00f3n y objetos personalizados en madera","publisher":{"@id":"https:\/\/palopalu.com\/#organization"},"potentialAction":[{"@type":"SearchAction","target":{"@type":"EntryPoint","urlTemplate":"https:\/\/palopalu.com\/?s={search_term_string}"},"query-input":{"@type":"PropertyValueSpecification","valueRequired":true,"valueName":"search_term_string"}}],"inLanguage":"en-GB"},{"@type":"Organization","@id":"https:\/\/palopalu.com\/#organization","name":"Palopal\u00fa","url":"https:\/\/palopalu.com\/","logo":{"@type":"ImageObject","inLanguage":"en-GB","@id":"https:\/\/palopalu.com\/#\/schema\/logo\/image\/","url":"https:\/\/palopalu.com\/wp-content\/uploads\/2019\/02\/logo-palopalu.png","contentUrl":"https:\/\/palopalu.com\/wp-content\/uploads\/2019\/02\/logo-palopalu.png","width":125,"height":30,"caption":"Palopal\u00fa"},"image":{"@id":"https:\/\/palopalu.com\/#\/schema\/logo\/image\/"},"sameAs":["https:\/\/www.facebook.com\/palopalupalopalu","https:\/\/www.instagram.com\/palopalu"]}]}},"_links":{"self":[{"href":"https:\/\/palopalu.com\/en\/wp-json\/wp\/v2\/product\/1500","targetHints":{"allow":["GET"]}}],"collection":[{"href":"https:\/\/palopalu.com\/en\/wp-json\/wp\/v2\/product"}],"about":[{"href":"https:\/\/palopalu.com\/en\/wp-json\/wp\/v2\/types\/product"}],"wp:featuredmedia":[{"embeddable":true,"href":"https:\/\/palopalu.com\/en\/wp-json\/wp\/v2\/media\/2491"}],"wp:attachment":[{"href":"https:\/\/palopalu.com\/en\/wp-json\/wp\/v2\/media?parent=1500"}],"wp:term":[{"taxonomy":"product_brand","embeddable":true,"href":"https:\/\/palopalu.com\/en\/wp-json\/wp\/v2\/product_brand?post=1500"},{"taxonomy":"product_cat","embeddable":true,"href":"https:\/\/palopalu.com\/en\/wp-json\/wp\/v2\/product_cat?post=1500"},{"taxonomy":"product_tag","embeddable":true,"href":"https:\/\/palopalu.com\/en\/wp-json\/wp\/v2\/product_tag?post=1500"}],"curies":[{"name":"wp","href":"https:\/\/api.w.org\/{rel}","templated":true}]}}