{"id":1520,"date":"2018-05-15T10:48:46","date_gmt":"2018-05-15T09:48:46","guid":{"rendered":"https:\/\/palopalu.com\/product\/puzzle-mujeres\/"},"modified":"2026-04-11T16:24:35","modified_gmt":"2026-04-11T15:24:35","slug":"puzzle-mujeres","status":"publish","type":"product","link":"https:\/\/palopalu.com\/en\/product\/puzzle-mujeres\/","title":{"rendered":"Puzzle Women"},"content":{"rendered":"<ul>\n<li>Hecho a mano.<\/li>\n<li>Material: Madera sin barnizar.<\/li>\n<li>Pintura no to\u0301xica. Conforme a ASTM D-4236.<\/li>\n<li>Contiene 11 piezas.<\/li>\n<li>Dimensiones: 25cm x 21cm x 1,8cm.<\/li>\n<li>Con bolsa de algod\u00f3n.<\/li>\n<li>Recomendado partir de 3 a\u00f1os.<\/li>\n<\/ul>\n<p>&nbsp;<\/p>\n<p>El <strong>puzzle mujeres<\/strong> es nuestro peque\u00f1o homenaje a las mujeres de nuestra historia que consideramos que no hay que olvidar.\u00a0 Gloria Fuertes, Dolors Vives, Matilde Ucelay, Maruja Mallo, Pilar Mir\u00f3, Margot Moles, Lil\u00ed \u00c1lvarez, Rosal\u00eda de Castro, Dolors Aleu, Dorotea Barn\u00e9s y Mar\u00eda Rodrigo<br \/>\nEl puzzle mujeres est\u00e1 compuesto por 11 piezas y lo acompa\u00f1an 11 fichas con una breve biograf\u00eda que nos acerca a ellas anim\u00e1ndonos\u00a0 a investigar m\u00e1s sobre estas pioneras. Cada una en su disciplina, empujando, haci\u00e9ndose un hueco y abriendo paso a las que vienen detr\u00e1s. Pensado para grandes y peque\u00f1os, en este puzzle no cab\u00edan todas las que quer\u00edamos. La lista es larga&#8230;<\/p>\n<p>Un puzzle ideado para compartir y abrir el di\u00e1logo tratando temas como la igualdad de g\u00e9nero ampliando adem\u00e1s los referentes que hasta ahora ten\u00edamos.<\/p>","protected":false},"excerpt":{"rendered":"<ul>\n<li>Hecho a mano.<\/li>\n<li>Material: Madera sin barnizar.<\/li>\n<li>Pintura no to\u0301xica. Conforme a ASTM D-4236.<\/li>\n<li>Contiene 11 piezas.<\/li>\n<li>Dimensiones: 25cm x 21cm x 1,8cm.<\/li>\n<li>Con bolsa de algod\u00f3n.<\/li>\n<li>Recomendado partir de 3 a\u00f1os.<\/li>\n<\/ul>\n<p>&nbsp;<\/p>\n<p>Nuestro homenaje a las mujeres de nuestra historia que consideramos que no hay que olvidar.\u00a0 Gloria Fuertes, Dolors Vives, Matilde Ucelay, Maruja Mallo, Pilar Mir\u00f3, Margot Moles, Lil\u00ed \u00c1lvarez, Rosal\u00eda de Castro, Dolors Aleu, Dorotea Barn\u00e9s y Mar\u00eda Rodrigo<br \/>\n11 piezas acompa\u00f1adas de unas fichas con una breve biograf\u00eda que nos acerca a ellas y nos anima a investigar m\u00e1s sobre estas pioneras. Cada una en su disciplina, empujando, haci\u00e9ndose un hueco y abriendo paso a las que vienen detr\u00e1s. Pensado para grandes y peque\u00f1os, en este puzzle no cab\u00edan todas las que quer\u00edamos. La lista es larga&#8230;<\/p>\n<p>Un puzzle ideado para compartir y abrir el di\u00e1logo tratando temas como la igualdad de g\u00e9nero ampliando adem\u00e1s los referentes que hasta ahora ten\u00edamos.<\/p>","protected":false},"featured_media":1958,"template":"","meta":[],"product_brand":[],"product_cat":[102,105,108,111,307,80,83,117,118],"product_tag":[605,150,629],"class_list":{"0":"post-1520","1":"product","2":"type-product","3":"status-publish","4":"has-post-thumbnail","6":"product_cat-de-3-a-5-anos","7":"product_cat-de-5-a-8-anos","8":"product_cat-de-8-a-11-anos","9":"product_cat-hasta-100-anos","10":"product_cat-juegos-didacticos","11":"product_cat-juguetes","12":"product_cat-por-edad","13":"product_cat-puzzles","14":"product_cat-rompecabezas","15":"product_tag-juguete-educativo-en","16":"product_tag-juguetes-de-madera","17":"product_tag-puzzle-de-madera-en","18":"clearfix","20":"first","21":"instock","22":"shipping-taxable","23":"purchasable","24":"product-type-simple"},"yoast_head":"<!-- This site is optimized with the Yoast SEO plugin v27.5 - https:\/\/yoast.com\/product\/yoast-seo-wordpress\/ -->\n<title>Puzzle mujeres. Juguete educativo de madera. Educar en el feminismo<\/title>\n<meta name=\"description\" content=\"Puzzle mujeres de madera ilustrado con mujeres espa\u00f1olas relevantes. Un juguete de madera para educar en igualdad. Made in Spain. Wooden toys.\" \/>\n<meta name=\"robots\" content=\"index, follow, max-snippet:-1, max-image-preview:large, max-video-preview:-1\" \/>\n<link rel=\"canonical\" href=\"https:\/\/palopalu.com\/en\/product\/puzzle-mujeres\/\" \/>\n<meta property=\"og:locale\" content=\"en_GB\" \/>\n<meta property=\"og:type\" content=\"article\" \/>\n<meta property=\"og:title\" content=\"Puzzle mujeres. Juguete educativo de madera. Educar en el feminismo\" \/>\n<meta property=\"og:description\" content=\"Puzzle mujeres de madera ilustrado con mujeres espa\u00f1olas relevantes. Un juguete de madera para educar en igualdad. Made in Spain. Wooden toys.\" \/>\n<meta property=\"og:url\" content=\"https:\/\/palopalu.com\/en\/product\/puzzle-mujeres\/\" \/>\n<meta property=\"og:site_name\" content=\"Palopal\u00fa\" \/>\n<meta property=\"article:publisher\" content=\"https:\/\/www.facebook.com\/palopalupalopalu\" \/>\n<meta property=\"article:modified_time\" content=\"2026-04-11T15:24:35+00:00\" \/>\n<meta property=\"og:image\" content=\"https:\/\/palopalu.com\/wp-content\/uploads\/2018\/05\/palopalu_PUZMU_3.jpg\" \/>\n\t<meta property=\"og:image:width\" content=\"1920\" \/>\n\t<meta property=\"og:image:height\" content=\"1280\" \/>\n\t<meta property=\"og:image:type\" content=\"image\/jpeg\" \/>\n<meta name=\"twitter:card\" content=\"summary_large_image\" \/>\n<meta name=\"twitter:label1\" content=\"Estimated reading time\" \/>\n\t<meta name=\"twitter:data1\" content=\"1 minute\" \/>\n<script type=\"application\/ld+json\" class=\"yoast-schema-graph\">{\"@context\":\"https:\\\/\\\/schema.org\",\"@graph\":[{\"@type\":\"WebPage\",\"@id\":\"https:\\\/\\\/palopalu.com\\\/producto\\\/puzzle-mujeres\\\/\",\"url\":\"https:\\\/\\\/palopalu.com\\\/producto\\\/puzzle-mujeres\\\/\",\"name\":\"Puzzle mujeres. Juguete educativo de madera. Educar en el feminismo\",\"isPartOf\":{\"@id\":\"https:\\\/\\\/palopalu.com\\\/#website\"},\"primaryImageOfPage\":{\"@id\":\"https:\\\/\\\/palopalu.com\\\/producto\\\/puzzle-mujeres\\\/#primaryimage\"},\"image\":{\"@id\":\"https:\\\/\\\/palopalu.com\\\/producto\\\/puzzle-mujeres\\\/#primaryimage\"},\"thumbnailUrl\":\"https:\\\/\\\/palopalu.com\\\/wp-content\\\/uploads\\\/2018\\\/05\\\/palopalu_PUZMU_3.jpg\",\"datePublished\":\"2018-05-15T09:48:46+00:00\",\"dateModified\":\"2026-04-11T15:24:35+00:00\",\"description\":\"Puzzle mujeres de madera ilustrado con mujeres espa\u00f1olas relevantes. Un juguete de madera para educar en igualdad. Made in Spain. Wooden toys.\",\"breadcrumb\":{\"@id\":\"https:\\\/\\\/palopalu.com\\\/producto\\\/puzzle-mujeres\\\/#breadcrumb\"},\"inLanguage\":\"en-GB\",\"potentialAction\":[{\"@type\":\"ReadAction\",\"target\":[\"https:\\\/\\\/palopalu.com\\\/producto\\\/puzzle-mujeres\\\/\"]}]},{\"@type\":\"ImageObject\",\"inLanguage\":\"en-GB\",\"@id\":\"https:\\\/\\\/palopalu.com\\\/producto\\\/puzzle-mujeres\\\/#primaryimage\",\"url\":\"https:\\\/\\\/palopalu.com\\\/wp-content\\\/uploads\\\/2018\\\/05\\\/palopalu_PUZMU_3.jpg\",\"contentUrl\":\"https:\\\/\\\/palopalu.com\\\/wp-content\\\/uploads\\\/2018\\\/05\\\/palopalu_PUZMU_3.jpg\",\"width\":1920,\"height\":1280},{\"@type\":\"BreadcrumbList\",\"@id\":\"https:\\\/\\\/palopalu.com\\\/producto\\\/puzzle-mujeres\\\/#breadcrumb\",\"itemListElement\":[{\"@type\":\"ListItem\",\"position\":1,\"name\":\"Portada\",\"item\":\"https:\\\/\\\/palopalu.com\\\/\"},{\"@type\":\"ListItem\",\"position\":2,\"name\":\"Tienda\",\"item\":\"https:\\\/\\\/palopalu.com\\\/tienda\\\/\"},{\"@type\":\"ListItem\",\"position\":3,\"name\":\"Puzzle Mujeres\"}]},{\"@type\":\"WebSite\",\"@id\":\"https:\\\/\\\/palopalu.com\\\/#website\",\"url\":\"https:\\\/\\\/palopalu.com\\\/\",\"name\":\"Palopal\u00fa\",\"description\":\"Juguetes, decoraci\u00f3n y objetos personalizados en madera\",\"publisher\":{\"@id\":\"https:\\\/\\\/palopalu.com\\\/#organization\"},\"potentialAction\":[{\"@type\":\"SearchAction\",\"target\":{\"@type\":\"EntryPoint\",\"urlTemplate\":\"https:\\\/\\\/palopalu.com\\\/?s={search_term_string}\"},\"query-input\":{\"@type\":\"PropertyValueSpecification\",\"valueRequired\":true,\"valueName\":\"search_term_string\"}}],\"inLanguage\":\"en-GB\"},{\"@type\":\"Organization\",\"@id\":\"https:\\\/\\\/palopalu.com\\\/#organization\",\"name\":\"Palopal\u00fa\",\"url\":\"https:\\\/\\\/palopalu.com\\\/\",\"logo\":{\"@type\":\"ImageObject\",\"inLanguage\":\"en-GB\",\"@id\":\"https:\\\/\\\/palopalu.com\\\/#\\\/schema\\\/logo\\\/image\\\/\",\"url\":\"https:\\\/\\\/palopalu.com\\\/wp-content\\\/uploads\\\/2019\\\/02\\\/logo-palopalu.png\",\"contentUrl\":\"https:\\\/\\\/palopalu.com\\\/wp-content\\\/uploads\\\/2019\\\/02\\\/logo-palopalu.png\",\"width\":125,\"height\":30,\"caption\":\"Palopal\u00fa\"},\"image\":{\"@id\":\"https:\\\/\\\/palopalu.com\\\/#\\\/schema\\\/logo\\\/image\\\/\"},\"sameAs\":[\"https:\\\/\\\/www.facebook.com\\\/palopalupalopalu\",\"https:\\\/\\\/www.instagram.com\\\/palopalu\"]}]}<\/script>\n<!-- \/ Yoast SEO plugin. -->","yoast_head_json":{"title":"Puzzle mujeres. Juguete educativo de madera. Educar en el feminismo","description":"Puzzle mujeres de madera ilustrado con mujeres espa\u00f1olas relevantes. Un juguete de madera para educar en igualdad. Made in Spain. Wooden toys.","robots":{"index":"index","follow":"follow","max-snippet":"max-snippet:-1","max-image-preview":"max-image-preview:large","max-video-preview":"max-video-preview:-1"},"canonical":"https:\/\/palopalu.com\/en\/product\/puzzle-mujeres\/","og_locale":"en_GB","og_type":"article","og_title":"Puzzle mujeres. Juguete educativo de madera. Educar en el feminismo","og_description":"Puzzle mujeres de madera ilustrado con mujeres espa\u00f1olas relevantes. Un juguete de madera para educar en igualdad. Made in Spain. Wooden toys.","og_url":"https:\/\/palopalu.com\/en\/product\/puzzle-mujeres\/","og_site_name":"Palopal\u00fa","article_publisher":"https:\/\/www.facebook.com\/palopalupalopalu","article_modified_time":"2026-04-11T15:24:35+00:00","og_image":[{"width":1920,"height":1280,"url":"https:\/\/palopalu.com\/wp-content\/uploads\/2018\/05\/palopalu_PUZMU_3.jpg","type":"image\/jpeg"}],"twitter_card":"summary_large_image","twitter_misc":{"Estimated reading time":"1 minute"},"schema":{"@context":"https:\/\/schema.org","@graph":[{"@type":"WebPage","@id":"https:\/\/palopalu.com\/producto\/puzzle-mujeres\/","url":"https:\/\/palopalu.com\/producto\/puzzle-mujeres\/","name":"Puzzle mujeres. Juguete educativo de madera. Educar en el feminismo","isPartOf":{"@id":"https:\/\/palopalu.com\/#website"},"primaryImageOfPage":{"@id":"https:\/\/palopalu.com\/producto\/puzzle-mujeres\/#primaryimage"},"image":{"@id":"https:\/\/palopalu.com\/producto\/puzzle-mujeres\/#primaryimage"},"thumbnailUrl":"https:\/\/palopalu.com\/wp-content\/uploads\/2018\/05\/palopalu_PUZMU_3.jpg","datePublished":"2018-05-15T09:48:46+00:00","dateModified":"2026-04-11T15:24:35+00:00","description":"Puzzle mujeres de madera ilustrado con mujeres espa\u00f1olas relevantes. Un juguete de madera para educar en igualdad. Made in Spain. Wooden toys.","breadcrumb":{"@id":"https:\/\/palopalu.com\/producto\/puzzle-mujeres\/#breadcrumb"},"inLanguage":"en-GB","potentialAction":[{"@type":"ReadAction","target":["https:\/\/palopalu.com\/producto\/puzzle-mujeres\/"]}]},{"@type":"ImageObject","inLanguage":"en-GB","@id":"https:\/\/palopalu.com\/producto\/puzzle-mujeres\/#primaryimage","url":"https:\/\/palopalu.com\/wp-content\/uploads\/2018\/05\/palopalu_PUZMU_3.jpg","contentUrl":"https:\/\/palopalu.com\/wp-content\/uploads\/2018\/05\/palopalu_PUZMU_3.jpg","width":1920,"height":1280},{"@type":"BreadcrumbList","@id":"https:\/\/palopalu.com\/producto\/puzzle-mujeres\/#breadcrumb","itemListElement":[{"@type":"ListItem","position":1,"name":"Portada","item":"https:\/\/palopalu.com\/"},{"@type":"ListItem","position":2,"name":"Tienda","item":"https:\/\/palopalu.com\/tienda\/"},{"@type":"ListItem","position":3,"name":"Puzzle Mujeres"}]},{"@type":"WebSite","@id":"https:\/\/palopalu.com\/#website","url":"https:\/\/palopalu.com\/","name":"Palopal\u00fa","description":"Juguetes, decoraci\u00f3n y objetos personalizados en madera","publisher":{"@id":"https:\/\/palopalu.com\/#organization"},"potentialAction":[{"@type":"SearchAction","target":{"@type":"EntryPoint","urlTemplate":"https:\/\/palopalu.com\/?s={search_term_string}"},"query-input":{"@type":"PropertyValueSpecification","valueRequired":true,"valueName":"search_term_string"}}],"inLanguage":"en-GB"},{"@type":"Organization","@id":"https:\/\/palopalu.com\/#organization","name":"Palopal\u00fa","url":"https:\/\/palopalu.com\/","logo":{"@type":"ImageObject","inLanguage":"en-GB","@id":"https:\/\/palopalu.com\/#\/schema\/logo\/image\/","url":"https:\/\/palopalu.com\/wp-content\/uploads\/2019\/02\/logo-palopalu.png","contentUrl":"https:\/\/palopalu.com\/wp-content\/uploads\/2019\/02\/logo-palopalu.png","width":125,"height":30,"caption":"Palopal\u00fa"},"image":{"@id":"https:\/\/palopalu.com\/#\/schema\/logo\/image\/"},"sameAs":["https:\/\/www.facebook.com\/palopalupalopalu","https:\/\/www.instagram.com\/palopalu"]}]}},"_links":{"self":[{"href":"https:\/\/palopalu.com\/en\/wp-json\/wp\/v2\/product\/1520","targetHints":{"allow":["GET"]}}],"collection":[{"href":"https:\/\/palopalu.com\/en\/wp-json\/wp\/v2\/product"}],"about":[{"href":"https:\/\/palopalu.com\/en\/wp-json\/wp\/v2\/types\/product"}],"wp:featuredmedia":[{"embeddable":true,"href":"https:\/\/palopalu.com\/en\/wp-json\/wp\/v2\/media\/1958"}],"wp:attachment":[{"href":"https:\/\/palopalu.com\/en\/wp-json\/wp\/v2\/media?parent=1520"}],"wp:term":[{"taxonomy":"product_brand","embeddable":true,"href":"https:\/\/palopalu.com\/en\/wp-json\/wp\/v2\/product_brand?post=1520"},{"taxonomy":"product_cat","embeddable":true,"href":"https:\/\/palopalu.com\/en\/wp-json\/wp\/v2\/product_cat?post=1520"},{"taxonomy":"product_tag","embeddable":true,"href":"https:\/\/palopalu.com\/en\/wp-json\/wp\/v2\/product_tag?post=1520"}],"curies":[{"name":"wp","href":"https:\/\/api.w.org\/{rel}","templated":true}]}}