{"id":1535,"date":"2018-10-17T18:29:22","date_gmt":"2018-10-17T17:29:22","guid":{"rendered":"https:\/\/palopalu.com\/product\/palosters\/"},"modified":"2026-04-11T16:24:16","modified_gmt":"2026-04-11T15:24:16","slug":"juego-de-equilibrio-y-construccion-palosters","status":"publish","type":"product","link":"https:\/\/palopalu.com\/en\/product\/juego-de-equilibrio-y-construccion-palosters\/","title":{"rendered":"Palosters"},"content":{"rendered":"<p>El juego de equilibrio y construcci\u00f3n Palosters\u00a0 es perfecto para pasar un rato muy divertido <strong>jugando a apilar, crear un mont\u00f3n de estructuras diferentes y experimentar con el equilibrio<\/strong><\/p>\n<p>El juego de equilibrio y construcci\u00f3n Palosters est\u00e1 compuesto por 26 piezas de madera DM.<\/p>\n<p>Se trata de un juego lleno de posibilidades, pensado tanto para ni\u00f1os de a partir de 5 a\u00f1os como para adultos. Por ello, se convierte en un juego ideal para compartir ratos de diversi\u00f3n en familia. Compuesto por divertidas fichas con las que poner a prueba tu destreza y habilidad.<\/p>\n<p>Con \u00e9l se trabaja la atenci\u00f3n y coordinaci\u00f3n mano-ojo y la destreza. Igualmente, gracias a su dise\u00f1o, se trata de un material genial para aprender a distinguir \u00a0nuevas formas geom\u00e9tricas.<\/p>\n<p>Adem\u00e1s, el juego Palosters es un juego totalmente libre. No trae con \u00e9l ning\u00fan\u00a0manual de instrucciones y deja libertad absoluta al ni\u00f1o para desarrollar as\u00ed su creatividad.<\/p>\n<p>Tambi\u00e9n incluye su bolsa de algod\u00f3n reutilizable para guardar y transportar c\u00f3modamente todas las piezas.<\/p>","protected":false},"excerpt":{"rendered":"<p><strong>Juega, apila, construye y busca el equilibrio<\/strong><\/p>\n<p>Crea tu propia escultura experimentando con el equilibrio.<\/p>\n<p>26 piezas de madera DM.<\/p>\n<p>Un juego lleno de posibilidades, pensado tanto para ni\u00f1os de a partir de 5 a\u00f1os como para adultos. Compuesto por divertidas fichas con las que poner a prueba tu destreza y habilidad.<\/p>\n<p>Con \u00e9l se trabaja la atenci\u00f3n y coordinaci\u00f3n mano-ojo a la vez que se aprenden nuevas formas geom\u00e9tricas.<\/p>\n<p>Un juego totalmente libre que dar\u00e1 lugar a horas y horas de diversi\u00f3n inventando estructuras diferentes.<\/p>\n<p>&nbsp;<\/p>\n<p>Con bolsa de algod\u00f3n incluida para guardar todas las piezas.<\/p>\n<p>A partir de 5 a\u00f1os.<\/p>","protected":false},"featured_media":1527,"template":"","meta":[],"product_brand":[],"product_cat":[120,105,108,111,124,307,80,83],"product_tag":[593,789,297,150],"class_list":{"0":"post-1535","1":"product","2":"type-product","3":"status-publish","4":"has-post-thumbnail","6":"product_cat-apilables","7":"product_cat-de-5-a-8-anos","8":"product_cat-de-8-a-11-anos","9":"product_cat-hasta-100-anos","10":"product_cat-juegos-de-construccion","11":"product_cat-juegos-didacticos","12":"product_cat-juguetes","13":"product_cat-por-edad","14":"product_tag-juego-de-construccion-en","15":"product_tag-juego-de-equilibrio-en","16":"product_tag-juego-libre","17":"product_tag-juguetes-de-madera","18":"clearfix","20":"first","21":"instock","22":"shipping-taxable","23":"purchasable","24":"product-type-simple"},"yoast_head":"<!-- This site is optimized with the Yoast SEO plugin v27.5 - https:\/\/yoast.com\/product\/yoast-seo-wordpress\/ -->\n<title>Juego de equilibrio y construcci\u00f3n palosters. Wooden toys. handmade<\/title>\n<meta name=\"description\" content=\"Juego de equilibrio y construcci\u00f3n palosters. Un juego de habilidad y destreza. Hecho en madera. Juego libre de construcci\u00f3n. Made in Spain. hecho a mano\" \/>\n<meta name=\"robots\" content=\"index, follow, max-snippet:-1, max-image-preview:large, max-video-preview:-1\" \/>\n<link rel=\"canonical\" href=\"https:\/\/palopalu.com\/en\/product\/juego-de-equilibrio-y-construccion-palosters\/\" \/>\n<meta property=\"og:locale\" content=\"en_GB\" \/>\n<meta property=\"og:type\" content=\"article\" \/>\n<meta property=\"og:title\" content=\"Juego de equilibrio y construcci\u00f3n palosters. Wooden toys. handmade\" \/>\n<meta property=\"og:description\" content=\"Juego de equilibrio y construcci\u00f3n palosters. Un juego de habilidad y destreza. Hecho en madera. Juego libre de construcci\u00f3n. Made in Spain. hecho a mano\" \/>\n<meta property=\"og:url\" content=\"https:\/\/palopalu.com\/en\/product\/juego-de-equilibrio-y-construccion-palosters\/\" \/>\n<meta property=\"og:site_name\" content=\"Palopal\u00fa\" \/>\n<meta property=\"article:publisher\" content=\"https:\/\/www.facebook.com\/palopalupalopalu\" \/>\n<meta property=\"article:modified_time\" content=\"2026-04-11T15:24:16+00:00\" \/>\n<meta property=\"og:image\" content=\"https:\/\/palopalu.com\/wp-content\/uploads\/2018\/10\/p_7_4_4_744-thickbox_default-PALOSTERS.jpg\" \/>\n\t<meta property=\"og:image:width\" content=\"810\" \/>\n\t<meta property=\"og:image:height\" content=\"536\" \/>\n\t<meta property=\"og:image:type\" content=\"image\/jpeg\" \/>\n<meta name=\"twitter:card\" content=\"summary_large_image\" \/>\n<meta name=\"twitter:label1\" content=\"Estimated reading time\" \/>\n\t<meta name=\"twitter:data1\" content=\"1 minute\" \/>\n<script type=\"application\/ld+json\" class=\"yoast-schema-graph\">{\"@context\":\"https:\\\/\\\/schema.org\",\"@graph\":[{\"@type\":\"WebPage\",\"@id\":\"https:\\\/\\\/palopalu.com\\\/producto\\\/juego-de-equilibrio-y-construccion-palosters\\\/\",\"url\":\"https:\\\/\\\/palopalu.com\\\/producto\\\/juego-de-equilibrio-y-construccion-palosters\\\/\",\"name\":\"Juego de equilibrio y construcci\u00f3n palosters. Wooden toys. handmade\",\"isPartOf\":{\"@id\":\"https:\\\/\\\/palopalu.com\\\/#website\"},\"primaryImageOfPage\":{\"@id\":\"https:\\\/\\\/palopalu.com\\\/producto\\\/juego-de-equilibrio-y-construccion-palosters\\\/#primaryimage\"},\"image\":{\"@id\":\"https:\\\/\\\/palopalu.com\\\/producto\\\/juego-de-equilibrio-y-construccion-palosters\\\/#primaryimage\"},\"thumbnailUrl\":\"https:\\\/\\\/palopalu.com\\\/wp-content\\\/uploads\\\/2018\\\/10\\\/p_7_4_4_744-thickbox_default-PALOSTERS.jpg\",\"datePublished\":\"2018-10-17T17:29:22+00:00\",\"dateModified\":\"2026-04-11T15:24:16+00:00\",\"description\":\"Juego de equilibrio y construcci\u00f3n palosters. Un juego de habilidad y destreza. Hecho en madera. Juego libre de construcci\u00f3n. Made in Spain. hecho a mano\",\"breadcrumb\":{\"@id\":\"https:\\\/\\\/palopalu.com\\\/producto\\\/juego-de-equilibrio-y-construccion-palosters\\\/#breadcrumb\"},\"inLanguage\":\"en-GB\",\"potentialAction\":[{\"@type\":\"ReadAction\",\"target\":[\"https:\\\/\\\/palopalu.com\\\/producto\\\/juego-de-equilibrio-y-construccion-palosters\\\/\"]}]},{\"@type\":\"ImageObject\",\"inLanguage\":\"en-GB\",\"@id\":\"https:\\\/\\\/palopalu.com\\\/producto\\\/juego-de-equilibrio-y-construccion-palosters\\\/#primaryimage\",\"url\":\"https:\\\/\\\/palopalu.com\\\/wp-content\\\/uploads\\\/2018\\\/10\\\/p_7_4_4_744-thickbox_default-PALOSTERS.jpg\",\"contentUrl\":\"https:\\\/\\\/palopalu.com\\\/wp-content\\\/uploads\\\/2018\\\/10\\\/p_7_4_4_744-thickbox_default-PALOSTERS.jpg\",\"width\":810,\"height\":536,\"caption\":\"PALOSTERS\"},{\"@type\":\"BreadcrumbList\",\"@id\":\"https:\\\/\\\/palopalu.com\\\/producto\\\/juego-de-equilibrio-y-construccion-palosters\\\/#breadcrumb\",\"itemListElement\":[{\"@type\":\"ListItem\",\"position\":1,\"name\":\"Portada\",\"item\":\"https:\\\/\\\/palopalu.com\\\/\"},{\"@type\":\"ListItem\",\"position\":2,\"name\":\"Tienda\",\"item\":\"https:\\\/\\\/palopalu.com\\\/tienda\\\/\"},{\"@type\":\"ListItem\",\"position\":3,\"name\":\"Palosters\"}]},{\"@type\":\"WebSite\",\"@id\":\"https:\\\/\\\/palopalu.com\\\/#website\",\"url\":\"https:\\\/\\\/palopalu.com\\\/\",\"name\":\"Palopal\u00fa\",\"description\":\"Juguetes, decoraci\u00f3n y objetos personalizados en madera\",\"publisher\":{\"@id\":\"https:\\\/\\\/palopalu.com\\\/#organization\"},\"potentialAction\":[{\"@type\":\"SearchAction\",\"target\":{\"@type\":\"EntryPoint\",\"urlTemplate\":\"https:\\\/\\\/palopalu.com\\\/?s={search_term_string}\"},\"query-input\":{\"@type\":\"PropertyValueSpecification\",\"valueRequired\":true,\"valueName\":\"search_term_string\"}}],\"inLanguage\":\"en-GB\"},{\"@type\":\"Organization\",\"@id\":\"https:\\\/\\\/palopalu.com\\\/#organization\",\"name\":\"Palopal\u00fa\",\"url\":\"https:\\\/\\\/palopalu.com\\\/\",\"logo\":{\"@type\":\"ImageObject\",\"inLanguage\":\"en-GB\",\"@id\":\"https:\\\/\\\/palopalu.com\\\/#\\\/schema\\\/logo\\\/image\\\/\",\"url\":\"https:\\\/\\\/palopalu.com\\\/wp-content\\\/uploads\\\/2019\\\/02\\\/logo-palopalu.png\",\"contentUrl\":\"https:\\\/\\\/palopalu.com\\\/wp-content\\\/uploads\\\/2019\\\/02\\\/logo-palopalu.png\",\"width\":125,\"height\":30,\"caption\":\"Palopal\u00fa\"},\"image\":{\"@id\":\"https:\\\/\\\/palopalu.com\\\/#\\\/schema\\\/logo\\\/image\\\/\"},\"sameAs\":[\"https:\\\/\\\/www.facebook.com\\\/palopalupalopalu\",\"https:\\\/\\\/www.instagram.com\\\/palopalu\"]}]}<\/script>\n<!-- \/ Yoast SEO plugin. -->","yoast_head_json":{"title":"Juego de equilibrio y construcci\u00f3n palosters. Wooden toys. handmade","description":"Juego de equilibrio y construcci\u00f3n palosters. Un juego de habilidad y destreza. Hecho en madera. Juego libre de construcci\u00f3n. Made in Spain. hecho a mano","robots":{"index":"index","follow":"follow","max-snippet":"max-snippet:-1","max-image-preview":"max-image-preview:large","max-video-preview":"max-video-preview:-1"},"canonical":"https:\/\/palopalu.com\/en\/product\/juego-de-equilibrio-y-construccion-palosters\/","og_locale":"en_GB","og_type":"article","og_title":"Juego de equilibrio y construcci\u00f3n palosters. Wooden toys. handmade","og_description":"Juego de equilibrio y construcci\u00f3n palosters. Un juego de habilidad y destreza. Hecho en madera. Juego libre de construcci\u00f3n. Made in Spain. hecho a mano","og_url":"https:\/\/palopalu.com\/en\/product\/juego-de-equilibrio-y-construccion-palosters\/","og_site_name":"Palopal\u00fa","article_publisher":"https:\/\/www.facebook.com\/palopalupalopalu","article_modified_time":"2026-04-11T15:24:16+00:00","og_image":[{"width":810,"height":536,"url":"https:\/\/palopalu.com\/wp-content\/uploads\/2018\/10\/p_7_4_4_744-thickbox_default-PALOSTERS.jpg","type":"image\/jpeg"}],"twitter_card":"summary_large_image","twitter_misc":{"Estimated reading time":"1 minute"},"schema":{"@context":"https:\/\/schema.org","@graph":[{"@type":"WebPage","@id":"https:\/\/palopalu.com\/producto\/juego-de-equilibrio-y-construccion-palosters\/","url":"https:\/\/palopalu.com\/producto\/juego-de-equilibrio-y-construccion-palosters\/","name":"Juego de equilibrio y construcci\u00f3n palosters. Wooden toys. handmade","isPartOf":{"@id":"https:\/\/palopalu.com\/#website"},"primaryImageOfPage":{"@id":"https:\/\/palopalu.com\/producto\/juego-de-equilibrio-y-construccion-palosters\/#primaryimage"},"image":{"@id":"https:\/\/palopalu.com\/producto\/juego-de-equilibrio-y-construccion-palosters\/#primaryimage"},"thumbnailUrl":"https:\/\/palopalu.com\/wp-content\/uploads\/2018\/10\/p_7_4_4_744-thickbox_default-PALOSTERS.jpg","datePublished":"2018-10-17T17:29:22+00:00","dateModified":"2026-04-11T15:24:16+00:00","description":"Juego de equilibrio y construcci\u00f3n palosters. Un juego de habilidad y destreza. Hecho en madera. Juego libre de construcci\u00f3n. Made in Spain. hecho a mano","breadcrumb":{"@id":"https:\/\/palopalu.com\/producto\/juego-de-equilibrio-y-construccion-palosters\/#breadcrumb"},"inLanguage":"en-GB","potentialAction":[{"@type":"ReadAction","target":["https:\/\/palopalu.com\/producto\/juego-de-equilibrio-y-construccion-palosters\/"]}]},{"@type":"ImageObject","inLanguage":"en-GB","@id":"https:\/\/palopalu.com\/producto\/juego-de-equilibrio-y-construccion-palosters\/#primaryimage","url":"https:\/\/palopalu.com\/wp-content\/uploads\/2018\/10\/p_7_4_4_744-thickbox_default-PALOSTERS.jpg","contentUrl":"https:\/\/palopalu.com\/wp-content\/uploads\/2018\/10\/p_7_4_4_744-thickbox_default-PALOSTERS.jpg","width":810,"height":536,"caption":"PALOSTERS"},{"@type":"BreadcrumbList","@id":"https:\/\/palopalu.com\/producto\/juego-de-equilibrio-y-construccion-palosters\/#breadcrumb","itemListElement":[{"@type":"ListItem","position":1,"name":"Portada","item":"https:\/\/palopalu.com\/"},{"@type":"ListItem","position":2,"name":"Tienda","item":"https:\/\/palopalu.com\/tienda\/"},{"@type":"ListItem","position":3,"name":"Palosters"}]},{"@type":"WebSite","@id":"https:\/\/palopalu.com\/#website","url":"https:\/\/palopalu.com\/","name":"Palopal\u00fa","description":"Juguetes, decoraci\u00f3n y objetos personalizados en madera","publisher":{"@id":"https:\/\/palopalu.com\/#organization"},"potentialAction":[{"@type":"SearchAction","target":{"@type":"EntryPoint","urlTemplate":"https:\/\/palopalu.com\/?s={search_term_string}"},"query-input":{"@type":"PropertyValueSpecification","valueRequired":true,"valueName":"search_term_string"}}],"inLanguage":"en-GB"},{"@type":"Organization","@id":"https:\/\/palopalu.com\/#organization","name":"Palopal\u00fa","url":"https:\/\/palopalu.com\/","logo":{"@type":"ImageObject","inLanguage":"en-GB","@id":"https:\/\/palopalu.com\/#\/schema\/logo\/image\/","url":"https:\/\/palopalu.com\/wp-content\/uploads\/2019\/02\/logo-palopalu.png","contentUrl":"https:\/\/palopalu.com\/wp-content\/uploads\/2019\/02\/logo-palopalu.png","width":125,"height":30,"caption":"Palopal\u00fa"},"image":{"@id":"https:\/\/palopalu.com\/#\/schema\/logo\/image\/"},"sameAs":["https:\/\/www.facebook.com\/palopalupalopalu","https:\/\/www.instagram.com\/palopalu"]}]}},"_links":{"self":[{"href":"https:\/\/palopalu.com\/en\/wp-json\/wp\/v2\/product\/1535","targetHints":{"allow":["GET"]}}],"collection":[{"href":"https:\/\/palopalu.com\/en\/wp-json\/wp\/v2\/product"}],"about":[{"href":"https:\/\/palopalu.com\/en\/wp-json\/wp\/v2\/types\/product"}],"wp:featuredmedia":[{"embeddable":true,"href":"https:\/\/palopalu.com\/en\/wp-json\/wp\/v2\/media\/1527"}],"wp:attachment":[{"href":"https:\/\/palopalu.com\/en\/wp-json\/wp\/v2\/media?parent=1535"}],"wp:term":[{"taxonomy":"product_brand","embeddable":true,"href":"https:\/\/palopalu.com\/en\/wp-json\/wp\/v2\/product_brand?post=1535"},{"taxonomy":"product_cat","embeddable":true,"href":"https:\/\/palopalu.com\/en\/wp-json\/wp\/v2\/product_cat?post=1535"},{"taxonomy":"product_tag","embeddable":true,"href":"https:\/\/palopalu.com\/en\/wp-json\/wp\/v2\/product_tag?post=1535"}],"curies":[{"name":"wp","href":"https:\/\/api.w.org\/{rel}","templated":true}]}}