{"id":1904,"date":"2019-03-25T13:43:22","date_gmt":"2019-03-25T12:43:22","guid":{"rendered":"https:\/\/palopalu.com\/?post_type=product&#038;p=1904"},"modified":"2026-04-11T16:23:42","modified_gmt":"2026-04-11T15:23:42","slug":"marionetas-de-dedo-piratas","status":"publish","type":"product","link":"https:\/\/palopalu.com\/en\/product\/marionetas-de-dedo-piratas\/","title":{"rendered":"Pirate Finger Puppets"},"content":{"rendered":"<p>Las Marionetas de dedo Piratas es un juego que se puede utilizar desde las primeras etapas pero especialmente recomendado a partir de los 3 a\u00f1os, edad en la que el ni\u00f1o tiene m\u00e1s desarrollada la atenci\u00f3n y la capacidad de seguir las historias.<br \/>\nSet de 8 marionetas de dedo<br \/>\nMadera y tela<br \/>\nMaterial no t\u00f3xico. Conforme a la norma ASTM D-4236.<br \/>\nHecho a mano<br \/>\nDimensiones aproximadas de la ilustraci\u00f3n: 5&#215;7,5 cm.<br \/>\nEn Palopal\u00fa queremos dise\u00f1os sin manual de instrucciones, en los que la ilustraci\u00f3n sea la protagonista y que adem\u00e1s inviten tanto a mayores como a peque\u00f1os a jugar, dando libertad absoluta al juego imaginativo. Y por eso os traemos otra creaci\u00f3n que creemos que engloba todo esto: los T\u00edteres de dedo Piratas.<br \/>\nLos juegos de marionetas como \u00e9ste, pasan de generaci\u00f3n en generaci\u00f3n y nunca pasan de moda. No es s\u00f3lo un elemento con el que divertirse, sino que es una poderosa herramienta educativa:<br \/>\nDesarrolla la expresi\u00f3n creativa y la imaginaci\u00f3n.<br \/>\nEstimula la comprensi\u00f3n y la expresi\u00f3n oral espont\u00e1nea.<br \/>\nFomenta la empat\u00eda.<br \/>\nAumenta la capacidad de atenci\u00f3n.<br \/>\nDesarrolla la coordinaci\u00f3n y el sentido del tiempo.<br \/>\nAumenta la confianza en uno mismo y la satisfacci\u00f3n personal.<br \/>\nDesarrolla habilidades de interacci\u00f3n social.<br \/>\nLos Piratas Marionetas de dedo es un juego pedag\u00f3gico con el que pueden crear diferentes personajes y representar con ellos historias, momentos, aventuras, o diferentes situaciones, con las que pueden aprender a empatizar y crear un mont\u00f3n de historias.<\/p>","protected":false},"excerpt":{"rendered":"<div id=\"short_description_content\" class=\"rte align_justify\">\n<p>Juego de 8 marionetas de dedo<\/p>\n<p>Madera y tela<\/p>\n<p>Material no t\u00f3xico.\u00a0Conforme a ASTM D-4236.<\/p>\n<p>Hecho a mano<\/p>\n<p>Dimensiones aproximadas de la ilustraci\u00f3n: 5&#215;7,5 cm<\/p>\n<p>Juego que se puede utilizar desde las primeras etapas pero especialmente\u00a0 recomendado a partir de los 3 a\u00f1os, edad en la que el ni\u00f1o tiene m\u00e1s desarrollada la\u00a0 atenci\u00f3n y la capacidad de segur las historias.<\/p>\n<\/div>","protected":false},"featured_media":5217,"template":"","meta":[],"product_brand":[],"product_cat":[102,105,307,80,282,83],"product_tag":[297,150,283,295],"class_list":{"0":"post-1904","1":"product","2":"type-product","3":"status-publish","4":"has-post-thumbnail","6":"product_cat-de-3-a-5-anos","7":"product_cat-de-5-a-8-anos","8":"product_cat-juegos-didacticos","9":"product_cat-juguetes","10":"product_cat-marionetas","11":"product_cat-por-edad","12":"product_tag-juego-libre","13":"product_tag-juguetes-de-madera","14":"product_tag-marionetas","15":"product_tag-teatro-de-marionetas","16":"clearfix","18":"first","19":"instock","20":"featured","21":"shipping-taxable","22":"purchasable","23":"product-type-simple"},"yoast_head":"<!-- This site is optimized with the Yoast SEO plugin v27.5 - https:\/\/yoast.com\/product\/yoast-seo-wordpress\/ -->\n<title>Marionetas de dedo Piratas<\/title>\n<meta name=\"description\" content=\"Marionetas de dedo Piratas. Marionetas de madera hechas a mano. Un juego educativos para crear tu histora de piratas. Juguetes para imaginar.\" \/>\n<meta name=\"robots\" content=\"index, follow, max-snippet:-1, max-image-preview:large, max-video-preview:-1\" \/>\n<link rel=\"canonical\" href=\"https:\/\/palopalu.com\/en\/product\/marionetas-de-dedo-piratas\/\" \/>\n<meta property=\"og:locale\" content=\"en_GB\" \/>\n<meta property=\"og:type\" content=\"article\" \/>\n<meta property=\"og:title\" content=\"Marionetas de dedo Piratas\" \/>\n<meta property=\"og:description\" content=\"Marionetas de dedo Piratas. Marionetas de madera hechas a mano. Un juego educativos para crear tu histora de piratas. Juguetes para imaginar.\" \/>\n<meta property=\"og:url\" content=\"https:\/\/palopalu.com\/en\/product\/marionetas-de-dedo-piratas\/\" \/>\n<meta property=\"og:site_name\" content=\"Palopal\u00fa\" \/>\n<meta property=\"article:publisher\" content=\"https:\/\/www.facebook.com\/palopalupalopalu\" \/>\n<meta property=\"article:modified_time\" content=\"2026-04-11T15:23:42+00:00\" \/>\n<meta property=\"og:image\" content=\"https:\/\/palopalu.com\/wp-content\/uploads\/2019\/03\/marionetasdededopalopalu-scaled.jpg\" \/>\n\t<meta property=\"og:image:width\" content=\"1920\" \/>\n\t<meta property=\"og:image:height\" content=\"2560\" \/>\n\t<meta property=\"og:image:type\" content=\"image\/jpeg\" \/>\n<meta name=\"twitter:card\" content=\"summary_large_image\" \/>\n<meta name=\"twitter:label1\" content=\"Estimated reading time\" \/>\n\t<meta name=\"twitter:data1\" content=\"2 minutes\" \/>\n<script type=\"application\/ld+json\" class=\"yoast-schema-graph\">{\"@context\":\"https:\\\/\\\/schema.org\",\"@graph\":[{\"@type\":\"WebPage\",\"@id\":\"https:\\\/\\\/palopalu.com\\\/producto\\\/marionetas-de-dedo-piratas\\\/\",\"url\":\"https:\\\/\\\/palopalu.com\\\/producto\\\/marionetas-de-dedo-piratas\\\/\",\"name\":\"Marionetas de dedo Piratas\",\"isPartOf\":{\"@id\":\"https:\\\/\\\/palopalu.com\\\/#website\"},\"primaryImageOfPage\":{\"@id\":\"https:\\\/\\\/palopalu.com\\\/producto\\\/marionetas-de-dedo-piratas\\\/#primaryimage\"},\"image\":{\"@id\":\"https:\\\/\\\/palopalu.com\\\/producto\\\/marionetas-de-dedo-piratas\\\/#primaryimage\"},\"thumbnailUrl\":\"https:\\\/\\\/palopalu.com\\\/wp-content\\\/uploads\\\/2019\\\/03\\\/marionetasdededopalopalu-scaled.jpg\",\"datePublished\":\"2019-03-25T12:43:22+00:00\",\"dateModified\":\"2026-04-11T15:23:42+00:00\",\"description\":\"Marionetas de dedo Piratas. Marionetas de madera hechas a mano. Un juego educativos para crear tu histora de piratas. Juguetes para imaginar.\",\"breadcrumb\":{\"@id\":\"https:\\\/\\\/palopalu.com\\\/producto\\\/marionetas-de-dedo-piratas\\\/#breadcrumb\"},\"inLanguage\":\"en-GB\",\"potentialAction\":[{\"@type\":\"ReadAction\",\"target\":[\"https:\\\/\\\/palopalu.com\\\/producto\\\/marionetas-de-dedo-piratas\\\/\"]}]},{\"@type\":\"ImageObject\",\"inLanguage\":\"en-GB\",\"@id\":\"https:\\\/\\\/palopalu.com\\\/producto\\\/marionetas-de-dedo-piratas\\\/#primaryimage\",\"url\":\"https:\\\/\\\/palopalu.com\\\/wp-content\\\/uploads\\\/2019\\\/03\\\/marionetasdededopalopalu-scaled.jpg\",\"contentUrl\":\"https:\\\/\\\/palopalu.com\\\/wp-content\\\/uploads\\\/2019\\\/03\\\/marionetasdededopalopalu-scaled.jpg\",\"width\":1920,\"height\":2560},{\"@type\":\"BreadcrumbList\",\"@id\":\"https:\\\/\\\/palopalu.com\\\/producto\\\/marionetas-de-dedo-piratas\\\/#breadcrumb\",\"itemListElement\":[{\"@type\":\"ListItem\",\"position\":1,\"name\":\"Portada\",\"item\":\"https:\\\/\\\/palopalu.com\\\/\"},{\"@type\":\"ListItem\",\"position\":2,\"name\":\"Tienda\",\"item\":\"https:\\\/\\\/palopalu.com\\\/tienda\\\/\"},{\"@type\":\"ListItem\",\"position\":3,\"name\":\"Marionetas de dedo Piratas\"}]},{\"@type\":\"WebSite\",\"@id\":\"https:\\\/\\\/palopalu.com\\\/#website\",\"url\":\"https:\\\/\\\/palopalu.com\\\/\",\"name\":\"Palopal\u00fa\",\"description\":\"Juguetes, decoraci\u00f3n y objetos personalizados en madera\",\"publisher\":{\"@id\":\"https:\\\/\\\/palopalu.com\\\/#organization\"},\"potentialAction\":[{\"@type\":\"SearchAction\",\"target\":{\"@type\":\"EntryPoint\",\"urlTemplate\":\"https:\\\/\\\/palopalu.com\\\/?s={search_term_string}\"},\"query-input\":{\"@type\":\"PropertyValueSpecification\",\"valueRequired\":true,\"valueName\":\"search_term_string\"}}],\"inLanguage\":\"en-GB\"},{\"@type\":\"Organization\",\"@id\":\"https:\\\/\\\/palopalu.com\\\/#organization\",\"name\":\"Palopal\u00fa\",\"url\":\"https:\\\/\\\/palopalu.com\\\/\",\"logo\":{\"@type\":\"ImageObject\",\"inLanguage\":\"en-GB\",\"@id\":\"https:\\\/\\\/palopalu.com\\\/#\\\/schema\\\/logo\\\/image\\\/\",\"url\":\"https:\\\/\\\/palopalu.com\\\/wp-content\\\/uploads\\\/2019\\\/02\\\/logo-palopalu.png\",\"contentUrl\":\"https:\\\/\\\/palopalu.com\\\/wp-content\\\/uploads\\\/2019\\\/02\\\/logo-palopalu.png\",\"width\":125,\"height\":30,\"caption\":\"Palopal\u00fa\"},\"image\":{\"@id\":\"https:\\\/\\\/palopalu.com\\\/#\\\/schema\\\/logo\\\/image\\\/\"},\"sameAs\":[\"https:\\\/\\\/www.facebook.com\\\/palopalupalopalu\",\"https:\\\/\\\/www.instagram.com\\\/palopalu\"]}]}<\/script>\n<!-- \/ Yoast SEO plugin. -->","yoast_head_json":{"title":"Pirate Finger Puppets","description":"Marionetas de dedo Piratas. Marionetas de madera hechas a mano. Un juego educativos para crear tu histora de piratas. Juguetes para imaginar.","robots":{"index":"index","follow":"follow","max-snippet":"max-snippet:-1","max-image-preview":"max-image-preview:large","max-video-preview":"max-video-preview:-1"},"canonical":"https:\/\/palopalu.com\/en\/product\/marionetas-de-dedo-piratas\/","og_locale":"en_GB","og_type":"article","og_title":"Marionetas de dedo Piratas","og_description":"Marionetas de dedo Piratas. Marionetas de madera hechas a mano. Un juego educativos para crear tu histora de piratas. Juguetes para imaginar.","og_url":"https:\/\/palopalu.com\/en\/product\/marionetas-de-dedo-piratas\/","og_site_name":"Palopal\u00fa","article_publisher":"https:\/\/www.facebook.com\/palopalupalopalu","article_modified_time":"2026-04-11T15:23:42+00:00","og_image":[{"width":1920,"height":2560,"url":"https:\/\/palopalu.com\/wp-content\/uploads\/2019\/03\/marionetasdededopalopalu-scaled.jpg","type":"image\/jpeg"}],"twitter_card":"summary_large_image","twitter_misc":{"Estimated reading time":"2 minutes"},"schema":{"@context":"https:\/\/schema.org","@graph":[{"@type":"WebPage","@id":"https:\/\/palopalu.com\/producto\/marionetas-de-dedo-piratas\/","url":"https:\/\/palopalu.com\/producto\/marionetas-de-dedo-piratas\/","name":"Pirate Finger Puppets","isPartOf":{"@id":"https:\/\/palopalu.com\/#website"},"primaryImageOfPage":{"@id":"https:\/\/palopalu.com\/producto\/marionetas-de-dedo-piratas\/#primaryimage"},"image":{"@id":"https:\/\/palopalu.com\/producto\/marionetas-de-dedo-piratas\/#primaryimage"},"thumbnailUrl":"https:\/\/palopalu.com\/wp-content\/uploads\/2019\/03\/marionetasdededopalopalu-scaled.jpg","datePublished":"2019-03-25T12:43:22+00:00","dateModified":"2026-04-11T15:23:42+00:00","description":"Marionetas de dedo Piratas. Marionetas de madera hechas a mano. Un juego educativos para crear tu histora de piratas. Juguetes para imaginar.","breadcrumb":{"@id":"https:\/\/palopalu.com\/producto\/marionetas-de-dedo-piratas\/#breadcrumb"},"inLanguage":"en-GB","potentialAction":[{"@type":"ReadAction","target":["https:\/\/palopalu.com\/producto\/marionetas-de-dedo-piratas\/"]}]},{"@type":"ImageObject","inLanguage":"en-GB","@id":"https:\/\/palopalu.com\/producto\/marionetas-de-dedo-piratas\/#primaryimage","url":"https:\/\/palopalu.com\/wp-content\/uploads\/2019\/03\/marionetasdededopalopalu-scaled.jpg","contentUrl":"https:\/\/palopalu.com\/wp-content\/uploads\/2019\/03\/marionetasdededopalopalu-scaled.jpg","width":1920,"height":2560},{"@type":"BreadcrumbList","@id":"https:\/\/palopalu.com\/producto\/marionetas-de-dedo-piratas\/#breadcrumb","itemListElement":[{"@type":"ListItem","position":1,"name":"Portada","item":"https:\/\/palopalu.com\/"},{"@type":"ListItem","position":2,"name":"Tienda","item":"https:\/\/palopalu.com\/tienda\/"},{"@type":"ListItem","position":3,"name":"Marionetas de dedo Piratas"}]},{"@type":"WebSite","@id":"https:\/\/palopalu.com\/#website","url":"https:\/\/palopalu.com\/","name":"Palopal\u00fa","description":"Juguetes, decoraci\u00f3n y objetos personalizados en madera","publisher":{"@id":"https:\/\/palopalu.com\/#organization"},"potentialAction":[{"@type":"SearchAction","target":{"@type":"EntryPoint","urlTemplate":"https:\/\/palopalu.com\/?s={search_term_string}"},"query-input":{"@type":"PropertyValueSpecification","valueRequired":true,"valueName":"search_term_string"}}],"inLanguage":"en-GB"},{"@type":"Organization","@id":"https:\/\/palopalu.com\/#organization","name":"Palopal\u00fa","url":"https:\/\/palopalu.com\/","logo":{"@type":"ImageObject","inLanguage":"en-GB","@id":"https:\/\/palopalu.com\/#\/schema\/logo\/image\/","url":"https:\/\/palopalu.com\/wp-content\/uploads\/2019\/02\/logo-palopalu.png","contentUrl":"https:\/\/palopalu.com\/wp-content\/uploads\/2019\/02\/logo-palopalu.png","width":125,"height":30,"caption":"Palopal\u00fa"},"image":{"@id":"https:\/\/palopalu.com\/#\/schema\/logo\/image\/"},"sameAs":["https:\/\/www.facebook.com\/palopalupalopalu","https:\/\/www.instagram.com\/palopalu"]}]}},"_links":{"self":[{"href":"https:\/\/palopalu.com\/en\/wp-json\/wp\/v2\/product\/1904","targetHints":{"allow":["GET"]}}],"collection":[{"href":"https:\/\/palopalu.com\/en\/wp-json\/wp\/v2\/product"}],"about":[{"href":"https:\/\/palopalu.com\/en\/wp-json\/wp\/v2\/types\/product"}],"wp:featuredmedia":[{"embeddable":true,"href":"https:\/\/palopalu.com\/en\/wp-json\/wp\/v2\/media\/5217"}],"wp:attachment":[{"href":"https:\/\/palopalu.com\/en\/wp-json\/wp\/v2\/media?parent=1904"}],"wp:term":[{"taxonomy":"product_brand","embeddable":true,"href":"https:\/\/palopalu.com\/en\/wp-json\/wp\/v2\/product_brand?post=1904"},{"taxonomy":"product_cat","embeddable":true,"href":"https:\/\/palopalu.com\/en\/wp-json\/wp\/v2\/product_cat?post=1904"},{"taxonomy":"product_tag","embeddable":true,"href":"https:\/\/palopalu.com\/en\/wp-json\/wp\/v2\/product_tag?post=1904"}],"curies":[{"name":"wp","href":"https:\/\/api.w.org\/{rel}","templated":true}]}}