{"id":1915,"date":"2019-03-25T13:52:11","date_gmt":"2019-03-25T12:52:11","guid":{"rendered":"https:\/\/palopalu.com\/?post_type=product&#038;p=1915"},"modified":"2026-04-11T16:23:30","modified_gmt":"2026-04-11T15:23:30","slug":"marionetas-mascaras","status":"publish","type":"product","link":"https:\/\/palopalu.com\/en\/product\/marionetas-mascaras\/","title":{"rendered":"Finger Puppets Masks"},"content":{"rendered":"<div id=\"short_description_content\" class=\"rte align_justify\">\n<p>Marionetas de dedo m\u00e1scaras. Juego de 10 marionetas m\u00e1scaras<\/p>\n<p>Madera y tela<\/p>\n<p>Material no t\u00f3xico.\u00a0Conforme a ASTM D-4236.<\/p>\n<p>Hecho a mano<\/p>\n<p>Dimensiones aproximadas de la ilustraci\u00f3n: 5&#215;7,5 cm<\/p>\n<p>Con las <strong>marionetas de dedo m\u00e1scaras <\/strong>la ilustraci\u00f3n vuelve a ser protagonista.<\/p>\n<p>Asimismo queremos que con este juego se compartan momentos entre personas. Transmitir nuestra historia de manera oral se trata de algo ancestral que nos acompa\u00f1a al ser humano desde el inicio de los tiempos. Por ello, con este juego queremos invitar a participar de \u00e9l tanto a mayores como a peque\u00f1os. Se trata de un juego sin manual de instrucciones que da libertad absoluta al juego imaginativo.<\/p>\n<p>Las <strong>marionetas de dedo m\u00e1scaras<\/strong> se pueden utilizar desde las primeras etapas, pero est\u00e1 especialmente\u00a0recomendado a partir de los 3 a\u00f1os. A esta edad, el ni\u00f1o tiene m\u00e1s desarrollada la\u00a0atenci\u00f3n y la capacidad de seguir el hilo de una historia.<\/p>\n<p>Por otro lado, se trata de un juego con un dise\u00f1o muy cuidado que nunca pasa de moda. Igualmente, su material de gran resistencia y durabilidad lo hace muy resistente al paso del tiempo.<\/p>\n<p>Adem\u00e1s, el juego de <strong>marionetas de dedo M\u00e1scaras,<\/strong> a parte de ser un recurso con el que pasar ratos muy divertidos, es tambi\u00e9n es una potente herramienta de educaci\u00f3n:<\/p>\n<ul>\n<li>Con ellas se desarrolla la expresi\u00f3n creativa y la imaginaci\u00f3n.<\/li>\n<li>Se estimula la comprensi\u00f3n y la expresi\u00f3n oral espont\u00e1nea.<\/li>\n<li>Ense\u00f1a a gestionar y reconocer emociones<\/li>\n<li>Favorecen la empat\u00eda.<\/li>\n<li>Incrementa la capacidad de atenci\u00f3n.<\/li>\n<li>Educa en valores (tolerancia, generosidad, respeto, bondad\u2026)<\/li>\n<li>Desarrolla la coordinaci\u00f3n y el sentido del tiempo.<\/li>\n<li>Incrementa la autoconfianza y la satisfacci\u00f3n personal.<\/li>\n<li>Desarrolla habilidades de interacci\u00f3n social.<\/li>\n<\/ul>\n<p>Por otro lado, se trata de un juguete totalmente seguro ya que est\u00e1 creado con madera natural sin barnices. Igualmente, utilizamos para sus ilustraciones pinturas de base al agua sin t\u00f3xicos de ning\u00fan tipo.\u00a0 Por ello, se convierte en un juguete ecol\u00f3gico y biodegradable.<\/p>\n<p><strong>Un juego pedag\u00f3gico<\/strong> y de gran valor est\u00e9tico con el que inventar diversos personajes y recrear situaciones, historias y aventuras.<\/p>\n<\/div>","protected":false},"excerpt":{"rendered":"<p>Con las <strong>marionetas de dedo M\u00e1scaras <\/strong>la ilustraci\u00f3n vuelve a ser protagonista. Queremos que con este juego se compartan momentos entre personas. Contar historias se trata de algo ancestral, la forma de transmitir de manera oral nos acompa\u00f1a al ser humano desde el inicio de los tiempos. Con este juego queremos invitar a participar de \u00e9l tanto a mayores como a peque\u00f1os. Se trata de un juego sin manual de instrucciones que da libertad absoluta al juego imaginativo.<\/p>\n<p>Las <strong>marionetas de dedo M\u00e1scaras<\/strong> se pueden utilizar desde las primeras etapas, pero est\u00e1 especialmente\u00a0recomendado a partir de los 3 a\u00f1os. A esta edad, el ni\u00f1o tiene m\u00e1s desarrollada la\u00a0atenci\u00f3n y la capacidad de seguir el hilo de una historia.<\/p>\n<p>Se trata de un juego con un dise\u00f1o muy cuidado que nunca pasa de moda. Igualmente, su material de gran resistencia y durabilidad lo hace muy resistente al paso del tiempo.<\/p>\n<p>El juego de <strong>marionetas de dedo M\u00e1scaras,<\/strong> adem\u00e1s de ser un recurso con el que pasar ratos muy divertidos, es tambi\u00e9n es una potente herramienta de educaci\u00f3n:<\/p>\n<ul>\n<li>Con ellas se desarrolla la expresi\u00f3n creativa y la imaginaci\u00f3n.<\/li>\n<li>Se estimula la comprensi\u00f3n y la expresi\u00f3n oral espont\u00e1nea.<\/li>\n<li>Ense\u00f1a a gestionar y reconocer emociones<\/li>\n<li>Favorecen la empat\u00eda.<\/li>\n<li>Incrementa la capacidad de atenci\u00f3n.<\/li>\n<li>Educa en valores (tolerancia, generosidad, respeto, bondad\u2026)<\/li>\n<li>Desarrolla la coordinaci\u00f3n y el sentido del tiempo.<\/li>\n<li>Incrementa la autoconfianza y la satisfacci\u00f3n personal.<\/li>\n<li>Desarrolla habilidades de interacci\u00f3n social.<\/li>\n<\/ul>\n<p>Por otro lado, se trata de un juguete totalmente seguro ya que est\u00e1 creado con madera natural sin barnices. Igualmente, utilizamos para sus ilustraciones pinturas de base al agua sin t\u00f3xicos de ning\u00fan tipo.\u00a0 Por ello, se convierte en un juguete ecol\u00f3gico y biodegradable.<\/p>\n<p><strong>Un juego pedag\u00f3gico<\/strong> y de gran valor est\u00e9tico con el que inventar diversos personajes y recrear situaciones, historias y aventuras.<\/p>","protected":false},"featured_media":5644,"template":"","meta":[],"product_brand":[],"product_cat":[102,105,307,80,282,83],"product_tag":[297,150,283,295],"class_list":{"0":"post-1915","1":"product","2":"type-product","3":"status-publish","4":"has-post-thumbnail","6":"product_cat-de-3-a-5-anos","7":"product_cat-de-5-a-8-anos","8":"product_cat-juegos-didacticos","9":"product_cat-juguetes","10":"product_cat-marionetas","11":"product_cat-por-edad","12":"product_tag-juego-libre","13":"product_tag-juguetes-de-madera","14":"product_tag-marionetas","15":"product_tag-teatro-de-marionetas","16":"clearfix","18":"first","19":"instock","20":"shipping-taxable","21":"purchasable","22":"product-type-simple"},"yoast_head":"<!-- This site is optimized with the Yoast SEO plugin v27.5 - https:\/\/yoast.com\/product\/yoast-seo-wordpress\/ -->\n<title>Marionetas de dedo m\u00e1scaras. marionetas de dedo. wooden toys.<\/title>\n<meta name=\"description\" content=\"Marionetas de dedo m\u00e1scaras. juguetes de madera. wooden toys. hecho a mano. hecho en Espa\u00f1a. Bilbao. juguete para la creatividad e imaginaci\u00f3n. hand made\" \/>\n<meta name=\"robots\" content=\"index, follow, max-snippet:-1, max-image-preview:large, max-video-preview:-1\" \/>\n<link rel=\"canonical\" href=\"https:\/\/palopalu.com\/en\/product\/marionetas-mascaras\/\" \/>\n<meta property=\"og:locale\" content=\"en_GB\" \/>\n<meta property=\"og:type\" content=\"article\" \/>\n<meta property=\"og:title\" content=\"Marionetas de dedo m\u00e1scaras. marionetas de dedo. wooden toys.\" \/>\n<meta property=\"og:description\" content=\"Marionetas de dedo m\u00e1scaras. juguetes de madera. wooden toys. hecho a mano. hecho en Espa\u00f1a. Bilbao. juguete para la creatividad e imaginaci\u00f3n. hand made\" \/>\n<meta property=\"og:url\" content=\"https:\/\/palopalu.com\/en\/product\/marionetas-mascaras\/\" \/>\n<meta property=\"og:site_name\" content=\"Palopal\u00fa\" \/>\n<meta property=\"article:publisher\" content=\"https:\/\/www.facebook.com\/palopalupalopalu\" \/>\n<meta property=\"article:modified_time\" content=\"2026-04-11T15:23:30+00:00\" \/>\n<meta property=\"og:image\" content=\"https:\/\/palopalu.com\/wp-content\/uploads\/2024\/06\/marionetaspalopalu.jpg\" \/>\n\t<meta property=\"og:image:width\" content=\"900\" \/>\n\t<meta property=\"og:image:height\" content=\"1200\" \/>\n\t<meta property=\"og:image:type\" content=\"image\/jpeg\" \/>\n<meta name=\"twitter:card\" content=\"summary_large_image\" \/>\n<meta name=\"twitter:label1\" content=\"Estimated reading time\" \/>\n\t<meta name=\"twitter:data1\" content=\"2 minutes\" \/>\n<script type=\"application\/ld+json\" class=\"yoast-schema-graph\">{\"@context\":\"https:\\\/\\\/schema.org\",\"@graph\":[{\"@type\":\"WebPage\",\"@id\":\"https:\\\/\\\/palopalu.com\\\/producto\\\/marionetas-mascaras\\\/\",\"url\":\"https:\\\/\\\/palopalu.com\\\/producto\\\/marionetas-mascaras\\\/\",\"name\":\"Marionetas de dedo m\u00e1scaras. marionetas de dedo. wooden toys.\",\"isPartOf\":{\"@id\":\"https:\\\/\\\/palopalu.com\\\/#website\"},\"primaryImageOfPage\":{\"@id\":\"https:\\\/\\\/palopalu.com\\\/producto\\\/marionetas-mascaras\\\/#primaryimage\"},\"image\":{\"@id\":\"https:\\\/\\\/palopalu.com\\\/producto\\\/marionetas-mascaras\\\/#primaryimage\"},\"thumbnailUrl\":\"https:\\\/\\\/palopalu.com\\\/wp-content\\\/uploads\\\/2024\\\/06\\\/marionetaspalopalu.jpg\",\"datePublished\":\"2019-03-25T12:52:11+00:00\",\"dateModified\":\"2026-04-11T15:23:30+00:00\",\"description\":\"Marionetas de dedo m\u00e1scaras. juguetes de madera. wooden toys. hecho a mano. hecho en Espa\u00f1a. Bilbao. juguete para la creatividad e imaginaci\u00f3n. hand made\",\"breadcrumb\":{\"@id\":\"https:\\\/\\\/palopalu.com\\\/producto\\\/marionetas-mascaras\\\/#breadcrumb\"},\"inLanguage\":\"en-GB\",\"potentialAction\":[{\"@type\":\"ReadAction\",\"target\":[\"https:\\\/\\\/palopalu.com\\\/producto\\\/marionetas-mascaras\\\/\"]}]},{\"@type\":\"ImageObject\",\"inLanguage\":\"en-GB\",\"@id\":\"https:\\\/\\\/palopalu.com\\\/producto\\\/marionetas-mascaras\\\/#primaryimage\",\"url\":\"https:\\\/\\\/palopalu.com\\\/wp-content\\\/uploads\\\/2024\\\/06\\\/marionetaspalopalu.jpg\",\"contentUrl\":\"https:\\\/\\\/palopalu.com\\\/wp-content\\\/uploads\\\/2024\\\/06\\\/marionetaspalopalu.jpg\",\"width\":900,\"height\":1200},{\"@type\":\"BreadcrumbList\",\"@id\":\"https:\\\/\\\/palopalu.com\\\/producto\\\/marionetas-mascaras\\\/#breadcrumb\",\"itemListElement\":[{\"@type\":\"ListItem\",\"position\":1,\"name\":\"Portada\",\"item\":\"https:\\\/\\\/palopalu.com\\\/\"},{\"@type\":\"ListItem\",\"position\":2,\"name\":\"Tienda\",\"item\":\"https:\\\/\\\/palopalu.com\\\/tienda\\\/\"},{\"@type\":\"ListItem\",\"position\":3,\"name\":\"Marionetas de dedo M\u00e1scaras\"}]},{\"@type\":\"WebSite\",\"@id\":\"https:\\\/\\\/palopalu.com\\\/#website\",\"url\":\"https:\\\/\\\/palopalu.com\\\/\",\"name\":\"Palopal\u00fa\",\"description\":\"Juguetes, decoraci\u00f3n y objetos personalizados en madera\",\"publisher\":{\"@id\":\"https:\\\/\\\/palopalu.com\\\/#organization\"},\"potentialAction\":[{\"@type\":\"SearchAction\",\"target\":{\"@type\":\"EntryPoint\",\"urlTemplate\":\"https:\\\/\\\/palopalu.com\\\/?s={search_term_string}\"},\"query-input\":{\"@type\":\"PropertyValueSpecification\",\"valueRequired\":true,\"valueName\":\"search_term_string\"}}],\"inLanguage\":\"en-GB\"},{\"@type\":\"Organization\",\"@id\":\"https:\\\/\\\/palopalu.com\\\/#organization\",\"name\":\"Palopal\u00fa\",\"url\":\"https:\\\/\\\/palopalu.com\\\/\",\"logo\":{\"@type\":\"ImageObject\",\"inLanguage\":\"en-GB\",\"@id\":\"https:\\\/\\\/palopalu.com\\\/#\\\/schema\\\/logo\\\/image\\\/\",\"url\":\"https:\\\/\\\/palopalu.com\\\/wp-content\\\/uploads\\\/2019\\\/02\\\/logo-palopalu.png\",\"contentUrl\":\"https:\\\/\\\/palopalu.com\\\/wp-content\\\/uploads\\\/2019\\\/02\\\/logo-palopalu.png\",\"width\":125,\"height\":30,\"caption\":\"Palopal\u00fa\"},\"image\":{\"@id\":\"https:\\\/\\\/palopalu.com\\\/#\\\/schema\\\/logo\\\/image\\\/\"},\"sameAs\":[\"https:\\\/\\\/www.facebook.com\\\/palopalupalopalu\",\"https:\\\/\\\/www.instagram.com\\\/palopalu\"]}]}<\/script>\n<!-- \/ Yoast SEO plugin. -->","yoast_head_json":{"title":"Marionetas de dedo m\u00e1scaras. marionetas de dedo. wooden toys.","description":"Marionetas de dedo m\u00e1scaras. juguetes de madera. wooden toys. hecho a mano. hecho en Espa\u00f1a. Bilbao. juguete para la creatividad e imaginaci\u00f3n. hand made","robots":{"index":"index","follow":"follow","max-snippet":"max-snippet:-1","max-image-preview":"max-image-preview:large","max-video-preview":"max-video-preview:-1"},"canonical":"https:\/\/palopalu.com\/en\/product\/marionetas-mascaras\/","og_locale":"en_GB","og_type":"article","og_title":"Marionetas de dedo m\u00e1scaras. marionetas de dedo. wooden toys.","og_description":"Marionetas de dedo m\u00e1scaras. juguetes de madera. wooden toys. hecho a mano. hecho en Espa\u00f1a. Bilbao. juguete para la creatividad e imaginaci\u00f3n. hand made","og_url":"https:\/\/palopalu.com\/en\/product\/marionetas-mascaras\/","og_site_name":"Palopal\u00fa","article_publisher":"https:\/\/www.facebook.com\/palopalupalopalu","article_modified_time":"2026-04-11T15:23:30+00:00","og_image":[{"width":900,"height":1200,"url":"https:\/\/palopalu.com\/wp-content\/uploads\/2024\/06\/marionetaspalopalu.jpg","type":"image\/jpeg"}],"twitter_card":"summary_large_image","twitter_misc":{"Estimated reading time":"2 minutes"},"schema":{"@context":"https:\/\/schema.org","@graph":[{"@type":"WebPage","@id":"https:\/\/palopalu.com\/producto\/marionetas-mascaras\/","url":"https:\/\/palopalu.com\/producto\/marionetas-mascaras\/","name":"Marionetas de dedo m\u00e1scaras. marionetas de dedo. wooden toys.","isPartOf":{"@id":"https:\/\/palopalu.com\/#website"},"primaryImageOfPage":{"@id":"https:\/\/palopalu.com\/producto\/marionetas-mascaras\/#primaryimage"},"image":{"@id":"https:\/\/palopalu.com\/producto\/marionetas-mascaras\/#primaryimage"},"thumbnailUrl":"https:\/\/palopalu.com\/wp-content\/uploads\/2024\/06\/marionetaspalopalu.jpg","datePublished":"2019-03-25T12:52:11+00:00","dateModified":"2026-04-11T15:23:30+00:00","description":"Marionetas de dedo m\u00e1scaras. juguetes de madera. wooden toys. hecho a mano. hecho en Espa\u00f1a. Bilbao. juguete para la creatividad e imaginaci\u00f3n. hand made","breadcrumb":{"@id":"https:\/\/palopalu.com\/producto\/marionetas-mascaras\/#breadcrumb"},"inLanguage":"en-GB","potentialAction":[{"@type":"ReadAction","target":["https:\/\/palopalu.com\/producto\/marionetas-mascaras\/"]}]},{"@type":"ImageObject","inLanguage":"en-GB","@id":"https:\/\/palopalu.com\/producto\/marionetas-mascaras\/#primaryimage","url":"https:\/\/palopalu.com\/wp-content\/uploads\/2024\/06\/marionetaspalopalu.jpg","contentUrl":"https:\/\/palopalu.com\/wp-content\/uploads\/2024\/06\/marionetaspalopalu.jpg","width":900,"height":1200},{"@type":"BreadcrumbList","@id":"https:\/\/palopalu.com\/producto\/marionetas-mascaras\/#breadcrumb","itemListElement":[{"@type":"ListItem","position":1,"name":"Portada","item":"https:\/\/palopalu.com\/"},{"@type":"ListItem","position":2,"name":"Tienda","item":"https:\/\/palopalu.com\/tienda\/"},{"@type":"ListItem","position":3,"name":"Marionetas de dedo M\u00e1scaras"}]},{"@type":"WebSite","@id":"https:\/\/palopalu.com\/#website","url":"https:\/\/palopalu.com\/","name":"Palopal\u00fa","description":"Juguetes, decoraci\u00f3n y objetos personalizados en madera","publisher":{"@id":"https:\/\/palopalu.com\/#organization"},"potentialAction":[{"@type":"SearchAction","target":{"@type":"EntryPoint","urlTemplate":"https:\/\/palopalu.com\/?s={search_term_string}"},"query-input":{"@type":"PropertyValueSpecification","valueRequired":true,"valueName":"search_term_string"}}],"inLanguage":"en-GB"},{"@type":"Organization","@id":"https:\/\/palopalu.com\/#organization","name":"Palopal\u00fa","url":"https:\/\/palopalu.com\/","logo":{"@type":"ImageObject","inLanguage":"en-GB","@id":"https:\/\/palopalu.com\/#\/schema\/logo\/image\/","url":"https:\/\/palopalu.com\/wp-content\/uploads\/2019\/02\/logo-palopalu.png","contentUrl":"https:\/\/palopalu.com\/wp-content\/uploads\/2019\/02\/logo-palopalu.png","width":125,"height":30,"caption":"Palopal\u00fa"},"image":{"@id":"https:\/\/palopalu.com\/#\/schema\/logo\/image\/"},"sameAs":["https:\/\/www.facebook.com\/palopalupalopalu","https:\/\/www.instagram.com\/palopalu"]}]}},"_links":{"self":[{"href":"https:\/\/palopalu.com\/en\/wp-json\/wp\/v2\/product\/1915","targetHints":{"allow":["GET"]}}],"collection":[{"href":"https:\/\/palopalu.com\/en\/wp-json\/wp\/v2\/product"}],"about":[{"href":"https:\/\/palopalu.com\/en\/wp-json\/wp\/v2\/types\/product"}],"wp:featuredmedia":[{"embeddable":true,"href":"https:\/\/palopalu.com\/en\/wp-json\/wp\/v2\/media\/5644"}],"wp:attachment":[{"href":"https:\/\/palopalu.com\/en\/wp-json\/wp\/v2\/media?parent=1915"}],"wp:term":[{"taxonomy":"product_brand","embeddable":true,"href":"https:\/\/palopalu.com\/en\/wp-json\/wp\/v2\/product_brand?post=1915"},{"taxonomy":"product_cat","embeddable":true,"href":"https:\/\/palopalu.com\/en\/wp-json\/wp\/v2\/product_cat?post=1915"},{"taxonomy":"product_tag","embeddable":true,"href":"https:\/\/palopalu.com\/en\/wp-json\/wp\/v2\/product_tag?post=1915"}],"curies":[{"name":"wp","href":"https:\/\/api.w.org\/{rel}","templated":true}]}}