{"id":1922,"date":"2019-03-25T14:08:54","date_gmt":"2019-03-25T13:08:54","guid":{"rendered":"https:\/\/palopalu.com\/?post_type=product&#038;p=1922"},"modified":"2025-03-31T09:15:44","modified_gmt":"2025-03-31T08:15:44","slug":"juego-diversidad","status":"publish","type":"product","link":"https:\/\/palopalu.com\/en\/product\/juego-diversidad\/","title":{"rendered":"Diversity Game"},"content":{"rendered":"<div id=\"short_description_content\" class=\"rte align_justify\">\n<ul>\n<li>Hecho a mano.<\/li>\n<li>A partir de 2 a\u00f1os.<\/li>\n<li>Material: Madera sin barnizar.<\/li>\n<li>Pintura al agua no t\u00f3xica. Conforme a ASTM D-4236.<\/li>\n<li>12 piezas con una ilustraci\u00f3n diferente en cada lado con las que pode formar hasta 144 combinaciones<\/li>\n<li>Con bolsa de algod\u00f3n reutilizable<\/li>\n<\/ul>\n<div class=\"rte page-product-content active\">\n<p>En Palopal\u00fa queremos apostar \u00a0por juguetes que ayuden a los ni\u00f1os a ser mejores personas y ciudadanos. Por ello creamos dise\u00f1os como el <strong>juego intercambiable de diversidad<\/strong>.\u00a0 Se trata de un conjunto de 12 coloridas piezas \u00a0intercambiables de madera con divertidas ilustraciones.\u00a0 Con \u00e9l se puede crear todo tipo de personajes y trabajar el respeto a las diferencias apostando por una educaci\u00f3n inclusiva.<\/p>\n<ul>\n<li>En el <strong>juego intercambiable diversidad<\/strong> no hay reglas ni instrucciones. Se trata de un juego totalmente libre. Con \u00e9l podr\u00e1n construir numerosos personajes e inventar un mont\u00f3n de historias. Por ello, es estupendo para crear minimundos. Con los minimundos, el ni\u00f1o recrea escenas de la vida cotidiana o h\u00e1bitats reales a peque\u00f1a escala. Combinando los personajes con otros juguetes, objetos cotidianos, elementos naturales&#8230; podr\u00e1n crear escenarios y dirigir sus personajes en ellos.\u00a0 De esta manera, estar\u00e1n desarrollando tambi\u00e9n su creatividad.<\/li>\n<li>Con su sistema de encaje de piezas desarrollar\u00e1 sus capacidades motrices y su destreza.<\/li>\n<li>Por otro lado, se trata de un juguete totalmente seguro ya que est\u00e1 creado con madera natural sin barnices. Igualmente, utilizamos para sus ilustraciones pinturas de base al agua sin t\u00f3xicos de ning\u00fan tipo.\u00a0 Por ello, se convierte en un juguete ecol\u00f3gico y biodegradable.<\/li>\n<li>Ser\u00e1 un juego que disfrutar durante muchos a\u00f1os. Gracias a su gran resistencia y a la durabilidad de la madera resistir\u00e1 el paso de los a\u00f1os. Igualmente, por su dise\u00f1o sencillo y atemporal, nunca pasar\u00e1 de moda.<\/li>\n<\/ul>\n<p>El <strong>juego intercambiable diversidad<\/strong> es, en definitiva, un juguete perfecto para pasar largos ratos divertidos y utilizar como recurso para educar en valores.<\/p>\n<\/div>\n<\/div>","protected":false},"excerpt":{"rendered":"<ul>\n<li>Hecho a mano.<\/li>\n<li>A partir de 2 a\u00f1os.<\/li>\n<li>Material: Madera sin barnizar.<\/li>\n<li>Pintura al agua no t\u00f3xica. Conforme a ASTM D-4236.<\/li>\n<li>12 piezas con una ilustraci\u00f3n diferente en cada lado con las que poder formar hasta 144 combinaciones distintas<\/li>\n<li>Con bolsa de algod\u00f3n reutilizable<\/li>\n<\/ul>\n<p>&nbsp;<\/p>\n<p>En Palopal\u00fa queremos apostar \u00a0por juguetes que ayuden a los ni\u00f1os a ser mejores personas y ciudadanos, por ello creamos dise\u00f1os como el <strong>juego intercambiable de diversidad<\/strong>.\u00a0 Se trata de un conjunto de 12 coloridas piezas \u00a0intercambiables de madera con divertidas ilustraciones con las que crear todo tipo de personajes y abordar el concepto de las diferencias entre seres humanos\u00a0 apostando por una educaci\u00f3n inclusiva.<\/p>\n<p>\u00a1En este juego no hay reglas ni instrucciones! Porque con \u00e9l, adem\u00e1s de desarrollar sus capacidades motrices encajando las piezas, podr\u00e1n construir numerosos peque\u00f1os personajes e inventar un mont\u00f3n de historias. Por ello, es estupendo para combinar con otros materiales did\u00e1cticos y juegos de construcci\u00f3n creando minimundos.<\/p>\n<p>Por otro lado, se trata de un juguete totalmente seguro ya que est\u00e1 creado con madera natural sin barnices y utilizando pinturas de base al agua sin t\u00f3xicos de ning\u00fan tipo. \u00a0Y por ello, se convierte en un juguete ecol\u00f3gico y biodegradable.<\/p>\n<p>Por estas razones se convierte en un juego perfecto para divertir y usar como recurso para educar en valores aprendiendo a ser tolerantes y el respeto por la diferencia.<\/p>","protected":false},"featured_media":2465,"template":"","meta":[],"product_brand":[],"product_cat":[97,102,105,307,80,83,117,118],"product_tag":[299,150],"class_list":{"0":"post-1922","1":"product","2":"type-product","3":"status-publish","4":"has-post-thumbnail","6":"product_cat-de-1-a-3-anos","7":"product_cat-de-3-a-5-anos","8":"product_cat-de-5-a-8-anos","9":"product_cat-juegos-didacticos","10":"product_cat-juguetes","11":"product_cat-por-edad","12":"product_cat-puzzles","13":"product_cat-rompecabezas","14":"product_tag-encajable","15":"product_tag-juguetes-de-madera","16":"clearfix","18":"first","19":"outofstock","20":"shipping-taxable","21":"purchasable","22":"product-type-simple"},"yoast_head":"<!-- This site is optimized with the Yoast SEO plugin v27.5 - https:\/\/yoast.com\/product\/yoast-seo-wordpress\/ -->\n<title>juego diversidad. juego intercambiable. juguetes de madera. wooden toys<\/title>\n<meta name=\"description\" content=\"Juego diversidad. juego intercambiable. jueguetes de madera. wooden toys. hecho a mano. juguetes educativos. hecho en Espa\u00f1a. Bilbao.\" \/>\n<meta name=\"robots\" content=\"index, follow, max-snippet:-1, max-image-preview:large, max-video-preview:-1\" \/>\n<link rel=\"canonical\" href=\"https:\/\/palopalu.com\/en\/product\/juego-diversidad\/\" \/>\n<meta property=\"og:locale\" content=\"en_GB\" \/>\n<meta property=\"og:type\" content=\"article\" \/>\n<meta property=\"og:title\" content=\"juego diversidad. juego intercambiable. juguetes de madera. wooden toys\" \/>\n<meta property=\"og:description\" content=\"Juego diversidad. juego intercambiable. jueguetes de madera. wooden toys. hecho a mano. juguetes educativos. hecho en Espa\u00f1a. Bilbao.\" \/>\n<meta property=\"og:url\" content=\"https:\/\/palopalu.com\/en\/product\/juego-diversidad\/\" \/>\n<meta property=\"og:site_name\" content=\"Palopal\u00fa\" \/>\n<meta property=\"article:publisher\" content=\"https:\/\/www.facebook.com\/palopalupalopalu\" \/>\n<meta property=\"article:modified_time\" content=\"2025-03-31T08:15:44+00:00\" \/>\n<meta property=\"og:image\" content=\"https:\/\/palopalu.com\/wp-content\/uploads\/2020\/01\/palopalu_diversidad3web.jpg\" \/>\n\t<meta property=\"og:image:width\" content=\"1200\" \/>\n\t<meta property=\"og:image:height\" content=\"1200\" \/>\n\t<meta property=\"og:image:type\" content=\"image\/jpeg\" \/>\n<meta name=\"twitter:card\" content=\"summary_large_image\" \/>\n<meta name=\"twitter:label1\" content=\"Estimated reading time\" \/>\n\t<meta name=\"twitter:data1\" content=\"2 minutes\" \/>\n<script type=\"application\/ld+json\" class=\"yoast-schema-graph\">{\"@context\":\"https:\\\/\\\/schema.org\",\"@graph\":[{\"@type\":\"WebPage\",\"@id\":\"https:\\\/\\\/palopalu.com\\\/producto\\\/juego-diversidad\\\/\",\"url\":\"https:\\\/\\\/palopalu.com\\\/producto\\\/juego-diversidad\\\/\",\"name\":\"juego diversidad. juego intercambiable. juguetes de madera. wooden toys\",\"isPartOf\":{\"@id\":\"https:\\\/\\\/palopalu.com\\\/#website\"},\"primaryImageOfPage\":{\"@id\":\"https:\\\/\\\/palopalu.com\\\/producto\\\/juego-diversidad\\\/#primaryimage\"},\"image\":{\"@id\":\"https:\\\/\\\/palopalu.com\\\/producto\\\/juego-diversidad\\\/#primaryimage\"},\"thumbnailUrl\":\"https:\\\/\\\/palopalu.com\\\/wp-content\\\/uploads\\\/2020\\\/01\\\/palopalu_diversidad3web.jpg\",\"datePublished\":\"2019-03-25T13:08:54+00:00\",\"dateModified\":\"2025-03-31T08:15:44+00:00\",\"description\":\"Juego diversidad. juego intercambiable. jueguetes de madera. wooden toys. hecho a mano. juguetes educativos. hecho en Espa\u00f1a. Bilbao.\",\"breadcrumb\":{\"@id\":\"https:\\\/\\\/palopalu.com\\\/producto\\\/juego-diversidad\\\/#breadcrumb\"},\"inLanguage\":\"en-GB\",\"potentialAction\":[{\"@type\":\"ReadAction\",\"target\":[\"https:\\\/\\\/palopalu.com\\\/producto\\\/juego-diversidad\\\/\"]}]},{\"@type\":\"ImageObject\",\"inLanguage\":\"en-GB\",\"@id\":\"https:\\\/\\\/palopalu.com\\\/producto\\\/juego-diversidad\\\/#primaryimage\",\"url\":\"https:\\\/\\\/palopalu.com\\\/wp-content\\\/uploads\\\/2020\\\/01\\\/palopalu_diversidad3web.jpg\",\"contentUrl\":\"https:\\\/\\\/palopalu.com\\\/wp-content\\\/uploads\\\/2020\\\/01\\\/palopalu_diversidad3web.jpg\",\"width\":1200,\"height\":1200},{\"@type\":\"BreadcrumbList\",\"@id\":\"https:\\\/\\\/palopalu.com\\\/producto\\\/juego-diversidad\\\/#breadcrumb\",\"itemListElement\":[{\"@type\":\"ListItem\",\"position\":1,\"name\":\"Portada\",\"item\":\"https:\\\/\\\/palopalu.com\\\/\"},{\"@type\":\"ListItem\",\"position\":2,\"name\":\"Tienda\",\"item\":\"https:\\\/\\\/palopalu.com\\\/tienda\\\/\"},{\"@type\":\"ListItem\",\"position\":3,\"name\":\"Juego Diversidad\"}]},{\"@type\":\"WebSite\",\"@id\":\"https:\\\/\\\/palopalu.com\\\/#website\",\"url\":\"https:\\\/\\\/palopalu.com\\\/\",\"name\":\"Palopal\u00fa\",\"description\":\"Juguetes, decoraci\u00f3n y objetos personalizados en madera\",\"publisher\":{\"@id\":\"https:\\\/\\\/palopalu.com\\\/#organization\"},\"potentialAction\":[{\"@type\":\"SearchAction\",\"target\":{\"@type\":\"EntryPoint\",\"urlTemplate\":\"https:\\\/\\\/palopalu.com\\\/?s={search_term_string}\"},\"query-input\":{\"@type\":\"PropertyValueSpecification\",\"valueRequired\":true,\"valueName\":\"search_term_string\"}}],\"inLanguage\":\"en-GB\"},{\"@type\":\"Organization\",\"@id\":\"https:\\\/\\\/palopalu.com\\\/#organization\",\"name\":\"Palopal\u00fa\",\"url\":\"https:\\\/\\\/palopalu.com\\\/\",\"logo\":{\"@type\":\"ImageObject\",\"inLanguage\":\"en-GB\",\"@id\":\"https:\\\/\\\/palopalu.com\\\/#\\\/schema\\\/logo\\\/image\\\/\",\"url\":\"https:\\\/\\\/palopalu.com\\\/wp-content\\\/uploads\\\/2019\\\/02\\\/logo-palopalu.png\",\"contentUrl\":\"https:\\\/\\\/palopalu.com\\\/wp-content\\\/uploads\\\/2019\\\/02\\\/logo-palopalu.png\",\"width\":125,\"height\":30,\"caption\":\"Palopal\u00fa\"},\"image\":{\"@id\":\"https:\\\/\\\/palopalu.com\\\/#\\\/schema\\\/logo\\\/image\\\/\"},\"sameAs\":[\"https:\\\/\\\/www.facebook.com\\\/palopalupalopalu\",\"https:\\\/\\\/www.instagram.com\\\/palopalu\"]}]}<\/script>\n<!-- \/ Yoast SEO plugin. -->","yoast_head_json":{"title":"juego diversidad. juego intercambiable. juguetes de madera. wooden toys","description":"Juego diversidad. juego intercambiable. jueguetes de madera. wooden toys. hecho a mano. juguetes educativos. hecho en Espa\u00f1a. Bilbao.","robots":{"index":"index","follow":"follow","max-snippet":"max-snippet:-1","max-image-preview":"max-image-preview:large","max-video-preview":"max-video-preview:-1"},"canonical":"https:\/\/palopalu.com\/en\/product\/juego-diversidad\/","og_locale":"en_GB","og_type":"article","og_title":"juego diversidad. juego intercambiable. juguetes de madera. wooden toys","og_description":"Juego diversidad. juego intercambiable. jueguetes de madera. wooden toys. hecho a mano. juguetes educativos. hecho en Espa\u00f1a. Bilbao.","og_url":"https:\/\/palopalu.com\/en\/product\/juego-diversidad\/","og_site_name":"Palopal\u00fa","article_publisher":"https:\/\/www.facebook.com\/palopalupalopalu","article_modified_time":"2025-03-31T08:15:44+00:00","og_image":[{"width":1200,"height":1200,"url":"https:\/\/palopalu.com\/wp-content\/uploads\/2020\/01\/palopalu_diversidad3web.jpg","type":"image\/jpeg"}],"twitter_card":"summary_large_image","twitter_misc":{"Estimated reading time":"2 minutes"},"schema":{"@context":"https:\/\/schema.org","@graph":[{"@type":"WebPage","@id":"https:\/\/palopalu.com\/producto\/juego-diversidad\/","url":"https:\/\/palopalu.com\/producto\/juego-diversidad\/","name":"juego diversidad. juego intercambiable. juguetes de madera. wooden toys","isPartOf":{"@id":"https:\/\/palopalu.com\/#website"},"primaryImageOfPage":{"@id":"https:\/\/palopalu.com\/producto\/juego-diversidad\/#primaryimage"},"image":{"@id":"https:\/\/palopalu.com\/producto\/juego-diversidad\/#primaryimage"},"thumbnailUrl":"https:\/\/palopalu.com\/wp-content\/uploads\/2020\/01\/palopalu_diversidad3web.jpg","datePublished":"2019-03-25T13:08:54+00:00","dateModified":"2025-03-31T08:15:44+00:00","description":"Juego diversidad. juego intercambiable. jueguetes de madera. wooden toys. hecho a mano. juguetes educativos. hecho en Espa\u00f1a. Bilbao.","breadcrumb":{"@id":"https:\/\/palopalu.com\/producto\/juego-diversidad\/#breadcrumb"},"inLanguage":"en-GB","potentialAction":[{"@type":"ReadAction","target":["https:\/\/palopalu.com\/producto\/juego-diversidad\/"]}]},{"@type":"ImageObject","inLanguage":"en-GB","@id":"https:\/\/palopalu.com\/producto\/juego-diversidad\/#primaryimage","url":"https:\/\/palopalu.com\/wp-content\/uploads\/2020\/01\/palopalu_diversidad3web.jpg","contentUrl":"https:\/\/palopalu.com\/wp-content\/uploads\/2020\/01\/palopalu_diversidad3web.jpg","width":1200,"height":1200},{"@type":"BreadcrumbList","@id":"https:\/\/palopalu.com\/producto\/juego-diversidad\/#breadcrumb","itemListElement":[{"@type":"ListItem","position":1,"name":"Portada","item":"https:\/\/palopalu.com\/"},{"@type":"ListItem","position":2,"name":"Tienda","item":"https:\/\/palopalu.com\/tienda\/"},{"@type":"ListItem","position":3,"name":"Juego Diversidad"}]},{"@type":"WebSite","@id":"https:\/\/palopalu.com\/#website","url":"https:\/\/palopalu.com\/","name":"Palopal\u00fa","description":"Juguetes, decoraci\u00f3n y objetos personalizados en madera","publisher":{"@id":"https:\/\/palopalu.com\/#organization"},"potentialAction":[{"@type":"SearchAction","target":{"@type":"EntryPoint","urlTemplate":"https:\/\/palopalu.com\/?s={search_term_string}"},"query-input":{"@type":"PropertyValueSpecification","valueRequired":true,"valueName":"search_term_string"}}],"inLanguage":"en-GB"},{"@type":"Organization","@id":"https:\/\/palopalu.com\/#organization","name":"Palopal\u00fa","url":"https:\/\/palopalu.com\/","logo":{"@type":"ImageObject","inLanguage":"en-GB","@id":"https:\/\/palopalu.com\/#\/schema\/logo\/image\/","url":"https:\/\/palopalu.com\/wp-content\/uploads\/2019\/02\/logo-palopalu.png","contentUrl":"https:\/\/palopalu.com\/wp-content\/uploads\/2019\/02\/logo-palopalu.png","width":125,"height":30,"caption":"Palopal\u00fa"},"image":{"@id":"https:\/\/palopalu.com\/#\/schema\/logo\/image\/"},"sameAs":["https:\/\/www.facebook.com\/palopalupalopalu","https:\/\/www.instagram.com\/palopalu"]}]}},"_links":{"self":[{"href":"https:\/\/palopalu.com\/en\/wp-json\/wp\/v2\/product\/1922","targetHints":{"allow":["GET"]}}],"collection":[{"href":"https:\/\/palopalu.com\/en\/wp-json\/wp\/v2\/product"}],"about":[{"href":"https:\/\/palopalu.com\/en\/wp-json\/wp\/v2\/types\/product"}],"wp:featuredmedia":[{"embeddable":true,"href":"https:\/\/palopalu.com\/en\/wp-json\/wp\/v2\/media\/2465"}],"wp:attachment":[{"href":"https:\/\/palopalu.com\/en\/wp-json\/wp\/v2\/media?parent=1922"}],"wp:term":[{"taxonomy":"product_brand","embeddable":true,"href":"https:\/\/palopalu.com\/en\/wp-json\/wp\/v2\/product_brand?post=1922"},{"taxonomy":"product_cat","embeddable":true,"href":"https:\/\/palopalu.com\/en\/wp-json\/wp\/v2\/product_cat?post=1922"},{"taxonomy":"product_tag","embeddable":true,"href":"https:\/\/palopalu.com\/en\/wp-json\/wp\/v2\/product_tag?post=1922"}],"curies":[{"name":"wp","href":"https:\/\/api.w.org\/{rel}","templated":true}]}}