{"id":1933,"date":"2019-03-25T14:18:41","date_gmt":"2019-03-25T13:18:41","guid":{"rendered":"https:\/\/palopalu.com\/?post_type=product&#038;p=1933"},"modified":"2025-07-03T14:00:39","modified_gmt":"2025-07-03T13:00:39","slug":"agarrador-conejo","status":"publish","type":"product","link":"https:\/\/palopalu.com\/en\/product\/agarrador-conejo\/","title":{"rendered":"Rabbit Grabber"},"content":{"rendered":"<p>El agarrador conejo se trata de un encantador juguete sensorial. \u00a0En primer lugar, cuidamos al m\u00e1ximo su dise\u00f1o para hacer de \u00e9l una pieza con gran valor est\u00e9tico. La simpleza de sus formas har\u00e1 desarrollar la imaginaci\u00f3n del ni\u00f1o. Ya que su cuerpo est\u00e1 compuesto por madera y sus orejitas por tela, el beb\u00e9 podr\u00e1 empezar a distinguir entre diferentes texturas.<\/p>\n<p>En primer lugar, este agarrador de conejo se trata de un juguete de gran calidad con el que el beb\u00e9 explorar\u00e1 y estimular\u00e1 sus sentidos. Un objeto muy f\u00e1cil de agarrar y con el que comenzar\u00e1 a distinguir entre olores, entre superficies m\u00e1s blandas y m\u00e1s duras, entre la delicadeza de la tela y la suavidad de la madera.<\/p>\n<p>Para ello, su madera est\u00e1 perfectamente pulida a mano cuidando al m\u00e1ximo cada acabado. Suave en sus formas y muy ligero para hacer as\u00ed m\u00e1s f\u00e1cil su manipulaci\u00f3n.<\/p>\n<p>Por otro lado, la tela puede extraerse de la pieza de madera, facilitando as\u00ed su lavado si es necesario. Recomendamos lavarla en agua fr\u00eda, nunca superando los 30\u00ba.<\/p>\n<p>Asimismo se trata de una pieza totalmente segura para el beb\u00e9. Los detalles de la cara del conejito est\u00e1n grabados en la madera sin utilizar ning\u00fan tipo de pintura. Est\u00e1 libre de barnices y t\u00f3xicos. Por lo tanto, es un juguete totalmente ecol\u00f3gico y biodegradable.<\/p>\n<p>Este agarrador puede convertirse en una idea genial para regalo de bienvenida a un recien nacido. Quedar\u00e1 genial como decoraci\u00f3n en su habitaci\u00f3n hasta que pueda utilizarlo como juguete. Un dise\u00f1o sencillo es la clave para dejar m\u00e1s libertad a la imaginaci\u00f3n. La simpleza de las formas y los colores avivar\u00e1 la creatividad.<\/p>\n<p>Es ideal introducirlo a partir de los 3-4 meses, aunque es a partir de los 5-6 meses cuando lo empezar\u00e1 a coger con soltura.<\/p>","protected":false},"excerpt":{"rendered":"<p>El agarrador conejo se trata de un encantador juguete sensorial. \u00a0En primer lugar, cuidamos al m\u00e1ximo su dise\u00f1o para hacer de \u00e9l una pieza con gran valor est\u00e9tico. La simpleza de sus formas har\u00e1 desarrollar la imaginaci\u00f3n del ni\u00f1o. Ya que su cuerpo est\u00e1 compuesto por madera y sus orejitas por tela, el beb\u00e9 podr\u00e1 empezar a distinguir entre diferentes texturas.<\/p>\n<p>En primer lugar, este agarrador de conejo se trata de un juguete de gran solidez y consistencia con el que el beb\u00e9 explorar\u00e1 y estimular\u00e1 sus sentidos. Un objeto muy f\u00e1cil de agarrar y con el que comenzar\u00e1 a distinguir entre olores, entre superficies m\u00e1s blandas y m\u00e1s duras, entre la delicadeza de la tela y la suavidad de la madera.<\/p>\n<p>Para ello, su madera est\u00e1 perfectamente pulida a mano cuidando al m\u00e1ximo cada acabado. Suave en sus formas y muy ligero para hacer as\u00ed m\u00e1s f\u00e1cil su manipulaci\u00f3n.<\/p>\n<p>Por otro lado, la tela puede extraerse de la pieza de madera, facilitando as\u00ed su lavado si es necesario. Recomendamos lavarla en agua fr\u00eda, nunca superando los 30\u00ba.<\/p>\n<p>Asimismo se trata de una pieza totalmente segura para el beb\u00e9. Los detalles de la cara del conejito est\u00e1n grabados en la madera sin utilizar ning\u00fan tipo de pintura. Est\u00e1 libre de barnices y t\u00f3xicos. Por lo tanto, es un juguete totalmente ecol\u00f3gico y biodegradable.<\/p>","protected":false},"featured_media":5321,"template":"","meta":[],"product_brand":[],"product_cat":[80],"product_tag":[311,150,312],"class_list":{"0":"post-1933","1":"product","2":"type-product","3":"status-publish","4":"has-post-thumbnail","6":"product_cat-juguetes","7":"product_tag-agarrador","8":"product_tag-juguetes-de-madera","9":"product_tag-mordedor","10":"clearfix","12":"first","13":"instock","14":"shipping-taxable","15":"purchasable","16":"product-type-simple"},"yoast_head":"<!-- This site is optimized with the Yoast SEO plugin v27.5 - https:\/\/yoast.com\/product\/yoast-seo-wordpress\/ -->\n<title>Agarrador conejo. mordedor para beb\u00e9. juego de madera<\/title>\n<meta name=\"description\" content=\"Agarrador conejo. Mordedor para beb\u00e9 de madera y tela. Juego de madera para las primeras etapas. Hecho a mano. Ideas regalo para bebes.\" \/>\n<meta name=\"robots\" content=\"index, follow, max-snippet:-1, max-image-preview:large, max-video-preview:-1\" \/>\n<link rel=\"canonical\" href=\"https:\/\/palopalu.com\/en\/product\/agarrador-conejo\/\" \/>\n<meta property=\"og:locale\" content=\"en_GB\" \/>\n<meta property=\"og:type\" content=\"article\" \/>\n<meta property=\"og:title\" content=\"Agarrador conejo. mordedor para beb\u00e9. juego de madera\" \/>\n<meta property=\"og:description\" content=\"Agarrador conejo. Mordedor para beb\u00e9 de madera y tela. Juego de madera para las primeras etapas. Hecho a mano. Ideas regalo para bebes.\" \/>\n<meta property=\"og:url\" content=\"https:\/\/palopalu.com\/en\/product\/agarrador-conejo\/\" \/>\n<meta property=\"og:site_name\" content=\"Palopal\u00fa\" \/>\n<meta property=\"article:publisher\" content=\"https:\/\/www.facebook.com\/palopalupalopalu\" \/>\n<meta property=\"article:modified_time\" content=\"2025-07-03T13:00:39+00:00\" \/>\n<meta property=\"og:image\" content=\"https:\/\/palopalu.com\/wp-content\/uploads\/2023\/01\/agarrador_palopalu_mordedor.jpg\" \/>\n\t<meta property=\"og:image:width\" content=\"900\" \/>\n\t<meta property=\"og:image:height\" content=\"1200\" \/>\n\t<meta property=\"og:image:type\" content=\"image\/jpeg\" \/>\n<meta name=\"twitter:card\" content=\"summary_large_image\" \/>\n<meta name=\"twitter:label1\" content=\"Estimated reading time\" \/>\n\t<meta name=\"twitter:data1\" content=\"2 minutes\" \/>\n<script type=\"application\/ld+json\" class=\"yoast-schema-graph\">{\"@context\":\"https:\\\/\\\/schema.org\",\"@graph\":[{\"@type\":\"WebPage\",\"@id\":\"https:\\\/\\\/palopalu.com\\\/producto\\\/agarrador-conejo\\\/\",\"url\":\"https:\\\/\\\/palopalu.com\\\/producto\\\/agarrador-conejo\\\/\",\"name\":\"Agarrador conejo. mordedor para beb\u00e9. juego de madera\",\"isPartOf\":{\"@id\":\"https:\\\/\\\/palopalu.com\\\/#website\"},\"primaryImageOfPage\":{\"@id\":\"https:\\\/\\\/palopalu.com\\\/producto\\\/agarrador-conejo\\\/#primaryimage\"},\"image\":{\"@id\":\"https:\\\/\\\/palopalu.com\\\/producto\\\/agarrador-conejo\\\/#primaryimage\"},\"thumbnailUrl\":\"https:\\\/\\\/palopalu.com\\\/wp-content\\\/uploads\\\/2023\\\/01\\\/agarrador_palopalu_mordedor.jpg\",\"datePublished\":\"2019-03-25T13:18:41+00:00\",\"dateModified\":\"2025-07-03T13:00:39+00:00\",\"description\":\"Agarrador conejo. Mordedor para beb\u00e9 de madera y tela. Juego de madera para las primeras etapas. Hecho a mano. Ideas regalo para bebes.\",\"breadcrumb\":{\"@id\":\"https:\\\/\\\/palopalu.com\\\/producto\\\/agarrador-conejo\\\/#breadcrumb\"},\"inLanguage\":\"en-GB\",\"potentialAction\":[{\"@type\":\"ReadAction\",\"target\":[\"https:\\\/\\\/palopalu.com\\\/producto\\\/agarrador-conejo\\\/\"]}]},{\"@type\":\"ImageObject\",\"inLanguage\":\"en-GB\",\"@id\":\"https:\\\/\\\/palopalu.com\\\/producto\\\/agarrador-conejo\\\/#primaryimage\",\"url\":\"https:\\\/\\\/palopalu.com\\\/wp-content\\\/uploads\\\/2023\\\/01\\\/agarrador_palopalu_mordedor.jpg\",\"contentUrl\":\"https:\\\/\\\/palopalu.com\\\/wp-content\\\/uploads\\\/2023\\\/01\\\/agarrador_palopalu_mordedor.jpg\",\"width\":900,\"height\":1200},{\"@type\":\"BreadcrumbList\",\"@id\":\"https:\\\/\\\/palopalu.com\\\/producto\\\/agarrador-conejo\\\/#breadcrumb\",\"itemListElement\":[{\"@type\":\"ListItem\",\"position\":1,\"name\":\"Portada\",\"item\":\"https:\\\/\\\/palopalu.com\\\/\"},{\"@type\":\"ListItem\",\"position\":2,\"name\":\"Tienda\",\"item\":\"https:\\\/\\\/palopalu.com\\\/tienda\\\/\"},{\"@type\":\"ListItem\",\"position\":3,\"name\":\"Agarrador Conejo\"}]},{\"@type\":\"WebSite\",\"@id\":\"https:\\\/\\\/palopalu.com\\\/#website\",\"url\":\"https:\\\/\\\/palopalu.com\\\/\",\"name\":\"Palopal\u00fa\",\"description\":\"Juguetes, decoraci\u00f3n y objetos personalizados en madera\",\"publisher\":{\"@id\":\"https:\\\/\\\/palopalu.com\\\/#organization\"},\"potentialAction\":[{\"@type\":\"SearchAction\",\"target\":{\"@type\":\"EntryPoint\",\"urlTemplate\":\"https:\\\/\\\/palopalu.com\\\/?s={search_term_string}\"},\"query-input\":{\"@type\":\"PropertyValueSpecification\",\"valueRequired\":true,\"valueName\":\"search_term_string\"}}],\"inLanguage\":\"en-GB\"},{\"@type\":\"Organization\",\"@id\":\"https:\\\/\\\/palopalu.com\\\/#organization\",\"name\":\"Palopal\u00fa\",\"url\":\"https:\\\/\\\/palopalu.com\\\/\",\"logo\":{\"@type\":\"ImageObject\",\"inLanguage\":\"en-GB\",\"@id\":\"https:\\\/\\\/palopalu.com\\\/#\\\/schema\\\/logo\\\/image\\\/\",\"url\":\"https:\\\/\\\/palopalu.com\\\/wp-content\\\/uploads\\\/2019\\\/02\\\/logo-palopalu.png\",\"contentUrl\":\"https:\\\/\\\/palopalu.com\\\/wp-content\\\/uploads\\\/2019\\\/02\\\/logo-palopalu.png\",\"width\":125,\"height\":30,\"caption\":\"Palopal\u00fa\"},\"image\":{\"@id\":\"https:\\\/\\\/palopalu.com\\\/#\\\/schema\\\/logo\\\/image\\\/\"},\"sameAs\":[\"https:\\\/\\\/www.facebook.com\\\/palopalupalopalu\",\"https:\\\/\\\/www.instagram.com\\\/palopalu\"]}]}<\/script>\n<!-- \/ Yoast SEO plugin. -->","yoast_head_json":{"title":"Agarrador conejo. mordedor para beb\u00e9. juego de madera","description":"Agarrador conejo. Mordedor para beb\u00e9 de madera y tela. Juego de madera para las primeras etapas. Hecho a mano. Ideas regalo para bebes.","robots":{"index":"index","follow":"follow","max-snippet":"max-snippet:-1","max-image-preview":"max-image-preview:large","max-video-preview":"max-video-preview:-1"},"canonical":"https:\/\/palopalu.com\/en\/product\/agarrador-conejo\/","og_locale":"en_GB","og_type":"article","og_title":"Agarrador conejo. mordedor para beb\u00e9. juego de madera","og_description":"Agarrador conejo. Mordedor para beb\u00e9 de madera y tela. Juego de madera para las primeras etapas. Hecho a mano. Ideas regalo para bebes.","og_url":"https:\/\/palopalu.com\/en\/product\/agarrador-conejo\/","og_site_name":"Palopal\u00fa","article_publisher":"https:\/\/www.facebook.com\/palopalupalopalu","article_modified_time":"2025-07-03T13:00:39+00:00","og_image":[{"width":900,"height":1200,"url":"https:\/\/palopalu.com\/wp-content\/uploads\/2023\/01\/agarrador_palopalu_mordedor.jpg","type":"image\/jpeg"}],"twitter_card":"summary_large_image","twitter_misc":{"Estimated reading time":"2 minutes"},"schema":{"@context":"https:\/\/schema.org","@graph":[{"@type":"WebPage","@id":"https:\/\/palopalu.com\/producto\/agarrador-conejo\/","url":"https:\/\/palopalu.com\/producto\/agarrador-conejo\/","name":"Agarrador conejo. mordedor para beb\u00e9. juego de madera","isPartOf":{"@id":"https:\/\/palopalu.com\/#website"},"primaryImageOfPage":{"@id":"https:\/\/palopalu.com\/producto\/agarrador-conejo\/#primaryimage"},"image":{"@id":"https:\/\/palopalu.com\/producto\/agarrador-conejo\/#primaryimage"},"thumbnailUrl":"https:\/\/palopalu.com\/wp-content\/uploads\/2023\/01\/agarrador_palopalu_mordedor.jpg","datePublished":"2019-03-25T13:18:41+00:00","dateModified":"2025-07-03T13:00:39+00:00","description":"Agarrador conejo. Mordedor para beb\u00e9 de madera y tela. Juego de madera para las primeras etapas. Hecho a mano. Ideas regalo para bebes.","breadcrumb":{"@id":"https:\/\/palopalu.com\/producto\/agarrador-conejo\/#breadcrumb"},"inLanguage":"en-GB","potentialAction":[{"@type":"ReadAction","target":["https:\/\/palopalu.com\/producto\/agarrador-conejo\/"]}]},{"@type":"ImageObject","inLanguage":"en-GB","@id":"https:\/\/palopalu.com\/producto\/agarrador-conejo\/#primaryimage","url":"https:\/\/palopalu.com\/wp-content\/uploads\/2023\/01\/agarrador_palopalu_mordedor.jpg","contentUrl":"https:\/\/palopalu.com\/wp-content\/uploads\/2023\/01\/agarrador_palopalu_mordedor.jpg","width":900,"height":1200},{"@type":"BreadcrumbList","@id":"https:\/\/palopalu.com\/producto\/agarrador-conejo\/#breadcrumb","itemListElement":[{"@type":"ListItem","position":1,"name":"Portada","item":"https:\/\/palopalu.com\/"},{"@type":"ListItem","position":2,"name":"Tienda","item":"https:\/\/palopalu.com\/tienda\/"},{"@type":"ListItem","position":3,"name":"Agarrador Conejo"}]},{"@type":"WebSite","@id":"https:\/\/palopalu.com\/#website","url":"https:\/\/palopalu.com\/","name":"Palopal\u00fa","description":"Juguetes, decoraci\u00f3n y objetos personalizados en madera","publisher":{"@id":"https:\/\/palopalu.com\/#organization"},"potentialAction":[{"@type":"SearchAction","target":{"@type":"EntryPoint","urlTemplate":"https:\/\/palopalu.com\/?s={search_term_string}"},"query-input":{"@type":"PropertyValueSpecification","valueRequired":true,"valueName":"search_term_string"}}],"inLanguage":"en-GB"},{"@type":"Organization","@id":"https:\/\/palopalu.com\/#organization","name":"Palopal\u00fa","url":"https:\/\/palopalu.com\/","logo":{"@type":"ImageObject","inLanguage":"en-GB","@id":"https:\/\/palopalu.com\/#\/schema\/logo\/image\/","url":"https:\/\/palopalu.com\/wp-content\/uploads\/2019\/02\/logo-palopalu.png","contentUrl":"https:\/\/palopalu.com\/wp-content\/uploads\/2019\/02\/logo-palopalu.png","width":125,"height":30,"caption":"Palopal\u00fa"},"image":{"@id":"https:\/\/palopalu.com\/#\/schema\/logo\/image\/"},"sameAs":["https:\/\/www.facebook.com\/palopalupalopalu","https:\/\/www.instagram.com\/palopalu"]}]}},"_links":{"self":[{"href":"https:\/\/palopalu.com\/en\/wp-json\/wp\/v2\/product\/1933","targetHints":{"allow":["GET"]}}],"collection":[{"href":"https:\/\/palopalu.com\/en\/wp-json\/wp\/v2\/product"}],"about":[{"href":"https:\/\/palopalu.com\/en\/wp-json\/wp\/v2\/types\/product"}],"wp:featuredmedia":[{"embeddable":true,"href":"https:\/\/palopalu.com\/en\/wp-json\/wp\/v2\/media\/5321"}],"wp:attachment":[{"href":"https:\/\/palopalu.com\/en\/wp-json\/wp\/v2\/media?parent=1933"}],"wp:term":[{"taxonomy":"product_brand","embeddable":true,"href":"https:\/\/palopalu.com\/en\/wp-json\/wp\/v2\/product_brand?post=1933"},{"taxonomy":"product_cat","embeddable":true,"href":"https:\/\/palopalu.com\/en\/wp-json\/wp\/v2\/product_cat?post=1933"},{"taxonomy":"product_tag","embeddable":true,"href":"https:\/\/palopalu.com\/en\/wp-json\/wp\/v2\/product_tag?post=1933"}],"curies":[{"name":"wp","href":"https:\/\/api.w.org\/{rel}","templated":true}]}}