{"id":2417,"date":"2020-01-29T16:21:02","date_gmt":"2020-01-29T15:21:02","guid":{"rendered":"https:\/\/palopalu.com\/?post_type=product&#038;p=2417"},"modified":"2026-01-20T17:24:07","modified_gmt":"2026-01-20T16:24:07","slug":"puzzle-de-madera-animales-safari","status":"publish","type":"product","link":"https:\/\/palopalu.com\/en\/product\/puzzle-de-madera-animales-safari\/","title":{"rendered":"Puzzle Safari"},"content":{"rendered":"<p>El puzzle de madera ilustrado Safari, adem\u00e1s de ser una pieza artesanal, ser\u00e1 un\u00a0 recurso educativo estupendo para trabajar diferentes aspectos:<\/p>\n<ul>\n<li>Fomenta el aprendizaje de nuevo vocabulario sobre diferentes animales, un tema que encanta a ni\u00f1os de estas edades.<\/li>\n<li>Su ilustraci\u00f3n de vivos colores nos invita a reflexionar y a hablar con los m\u00e1s peque\u00f1os temas como el amor por la naturaleza y la ecolog\u00eda.<\/li>\n<li>Con el puzzle de madera ilustrado Safari, se estimulan los sentidos con sus colores vibrantes, su tacto c\u00e1lido y agradable olor a madera.<\/li>\n<li>Con \u00e9l se desarrolla la memoria visual y su atenci\u00f3n y concentraci\u00f3n. Igualmente fomenta el desarrollo motriz, la coordinaci\u00f3n mano- ojo.<\/li>\n<li>Fomenta el autocontrol y ense\u00f1a a reflexionar antes de actuar. Mejora la autoestima y la creatividad, ense\u00f1a a enfrentar un reto y resulta un orgullo conseguir terminarlo. Favorece la tolerancia a la frustraci\u00f3n y el razonamiento para la soluci\u00f3n de problemas.<\/li>\n<\/ul>\n<p>Ser\u00e1 una pieza que no querr\u00e1s guardar en un caj\u00f3n. Una ilustraci\u00f3n llena de vivos colores que alegrar\u00e1 el sitio all\u00ed donde lo pongas. Adem\u00e1s de los ratos de juego, formar\u00e1 tambi\u00e9n parte de tu decoraci\u00f3n dando un toque diferente y especial a tu ambiente.<\/p>\n<p>Como ya sab\u00e9is, nosotras mismas realizamos todos nuestros dise\u00f1os totalmente a mano en nuestro taller, y por ello, cada producto puede variar ligeramente aspectos como la tonalidad de la madera, sus nudos, etc. Esto hace que cada pieza sea todav\u00eda m\u00e1s especial. El dise\u00f1o que te llevas a casa es totalmente \u00fanico, trabajado con mimo y dedicaci\u00f3n individualizada.<\/p>","protected":false},"excerpt":{"rendered":"<p>El puzzle Safari de madera es\u00a0 perfecto para regalar a cualquier edad a partir de los 2 a\u00f1os con una ilustraci\u00f3n que despertar\u00e1 la curiosidad de los m\u00e1s peque\u00f1os. Se trata de una pieza muy especial fabricada a mano con un dise\u00f1o inspirado en los juguetes de toda la vida. El puzzle Safari es un recurso educativo estupendo y una pieza adem\u00e1s que<\/p>\n<ul>\n<li>Hecho a mano.<\/li>\n<li>Material: Madera sin barnizar.<\/li>\n<li>Pintura no to\u0301xica. Conforme a ASTM D-4236.<\/li>\n<li>Contiene 10 piezas.<\/li>\n<li>Dimensiones:25cm x 21cm x 1,8cm.<\/li>\n<li>A partir\u00a0de 2 a\u00f1os.<\/li>\n<li>Con bolsa de algod\u00f3n.<\/li>\n<\/ul>","protected":false},"featured_media":2637,"template":"","meta":[],"product_brand":[],"product_cat":[102,105,80,117,118],"product_tag":[150,623,626,629],"class_list":{"0":"post-2417","1":"product","2":"type-product","3":"status-publish","4":"has-post-thumbnail","6":"product_cat-de-3-a-5-anos","7":"product_cat-de-5-a-8-anos","8":"product_cat-juguetes","9":"product_cat-puzzles","10":"product_cat-rompecabezas","11":"product_tag-juguetes-de-madera","12":"product_tag-puzzle-en","13":"product_tag-puzzle-encajable-en","14":"product_tag-puzzle-de-madera-en","15":"clearfix","17":"first","18":"instock","19":"shipping-taxable","20":"purchasable","21":"product-type-simple"},"yoast_head":"<!-- This site is optimized with the Yoast SEO plugin v27.5 - https:\/\/yoast.com\/product\/yoast-seo-wordpress\/ -->\n<title>Puzzle de madera ilustrado Safari. Juguete ilustrado educativo.<\/title>\n<meta name=\"description\" content=\"Puzzle de madera ilustrado Safari, con un dise\u00f1o exclusivo Palopal\u00fa. Juguete educativo hecho a mano en Bilbao. Ilustraci\u00f3n en madera para aprender jugando.\" \/>\n<meta name=\"robots\" content=\"index, follow, max-snippet:-1, max-image-preview:large, max-video-preview:-1\" \/>\n<link rel=\"canonical\" href=\"https:\/\/palopalu.com\/en\/product\/puzzle-de-madera-animales-safari\/\" \/>\n<meta property=\"og:locale\" content=\"en_GB\" \/>\n<meta property=\"og:type\" content=\"article\" \/>\n<meta property=\"og:title\" content=\"Puzzle de madera ilustrado Safari. Juguete ilustrado educativo.\" \/>\n<meta property=\"og:description\" content=\"Puzzle de madera ilustrado Safari, con un dise\u00f1o exclusivo Palopal\u00fa. Juguete educativo hecho a mano en Bilbao. Ilustraci\u00f3n en madera para aprender jugando.\" \/>\n<meta property=\"og:url\" content=\"https:\/\/palopalu.com\/en\/product\/puzzle-de-madera-animales-safari\/\" \/>\n<meta property=\"og:site_name\" content=\"Palopal\u00fa\" \/>\n<meta property=\"article:publisher\" content=\"https:\/\/www.facebook.com\/palopalupalopalu\" \/>\n<meta property=\"article:modified_time\" content=\"2026-01-20T16:24:07+00:00\" \/>\n<meta property=\"og:image\" content=\"https:\/\/palopalu.com\/wp-content\/uploads\/2020\/02\/palopalu_safari_1web.jpg\" \/>\n\t<meta property=\"og:image:width\" content=\"1200\" \/>\n\t<meta property=\"og:image:height\" content=\"1200\" \/>\n\t<meta property=\"og:image:type\" content=\"image\/jpeg\" \/>\n<meta name=\"twitter:card\" content=\"summary_large_image\" \/>\n<meta name=\"twitter:label1\" content=\"Estimated reading time\" \/>\n\t<meta name=\"twitter:data1\" content=\"1 minute\" \/>\n<script type=\"application\/ld+json\" class=\"yoast-schema-graph\">{\"@context\":\"https:\\\/\\\/schema.org\",\"@graph\":[{\"@type\":\"WebPage\",\"@id\":\"https:\\\/\\\/palopalu.com\\\/producto\\\/puzzle-de-madera-animales-safari\\\/\",\"url\":\"https:\\\/\\\/palopalu.com\\\/producto\\\/puzzle-de-madera-animales-safari\\\/\",\"name\":\"Puzzle de madera ilustrado Safari. Juguete ilustrado educativo.\",\"isPartOf\":{\"@id\":\"https:\\\/\\\/palopalu.com\\\/#website\"},\"primaryImageOfPage\":{\"@id\":\"https:\\\/\\\/palopalu.com\\\/producto\\\/puzzle-de-madera-animales-safari\\\/#primaryimage\"},\"image\":{\"@id\":\"https:\\\/\\\/palopalu.com\\\/producto\\\/puzzle-de-madera-animales-safari\\\/#primaryimage\"},\"thumbnailUrl\":\"https:\\\/\\\/palopalu.com\\\/wp-content\\\/uploads\\\/2020\\\/02\\\/palopalu_safari_1web.jpg\",\"datePublished\":\"2020-01-29T15:21:02+00:00\",\"dateModified\":\"2026-01-20T16:24:07+00:00\",\"description\":\"Puzzle de madera ilustrado Safari, con un dise\u00f1o exclusivo Palopal\u00fa. Juguete educativo hecho a mano en Bilbao. Ilustraci\u00f3n en madera para aprender jugando.\",\"breadcrumb\":{\"@id\":\"https:\\\/\\\/palopalu.com\\\/producto\\\/puzzle-de-madera-animales-safari\\\/#breadcrumb\"},\"inLanguage\":\"en-GB\",\"potentialAction\":[{\"@type\":\"ReadAction\",\"target\":[\"https:\\\/\\\/palopalu.com\\\/producto\\\/puzzle-de-madera-animales-safari\\\/\"]}]},{\"@type\":\"ImageObject\",\"inLanguage\":\"en-GB\",\"@id\":\"https:\\\/\\\/palopalu.com\\\/producto\\\/puzzle-de-madera-animales-safari\\\/#primaryimage\",\"url\":\"https:\\\/\\\/palopalu.com\\\/wp-content\\\/uploads\\\/2020\\\/02\\\/palopalu_safari_1web.jpg\",\"contentUrl\":\"https:\\\/\\\/palopalu.com\\\/wp-content\\\/uploads\\\/2020\\\/02\\\/palopalu_safari_1web.jpg\",\"width\":1200,\"height\":1200,\"caption\":\"Puzzle SAFARI\"},{\"@type\":\"BreadcrumbList\",\"@id\":\"https:\\\/\\\/palopalu.com\\\/producto\\\/puzzle-de-madera-animales-safari\\\/#breadcrumb\",\"itemListElement\":[{\"@type\":\"ListItem\",\"position\":1,\"name\":\"Portada\",\"item\":\"https:\\\/\\\/palopalu.com\\\/\"},{\"@type\":\"ListItem\",\"position\":2,\"name\":\"Tienda\",\"item\":\"https:\\\/\\\/palopalu.com\\\/tienda\\\/\"},{\"@type\":\"ListItem\",\"position\":3,\"name\":\"Puzzle Safari\"}]},{\"@type\":\"WebSite\",\"@id\":\"https:\\\/\\\/palopalu.com\\\/#website\",\"url\":\"https:\\\/\\\/palopalu.com\\\/\",\"name\":\"Palopal\u00fa\",\"description\":\"Juguetes, decoraci\u00f3n y objetos personalizados en madera\",\"publisher\":{\"@id\":\"https:\\\/\\\/palopalu.com\\\/#organization\"},\"potentialAction\":[{\"@type\":\"SearchAction\",\"target\":{\"@type\":\"EntryPoint\",\"urlTemplate\":\"https:\\\/\\\/palopalu.com\\\/?s={search_term_string}\"},\"query-input\":{\"@type\":\"PropertyValueSpecification\",\"valueRequired\":true,\"valueName\":\"search_term_string\"}}],\"inLanguage\":\"en-GB\"},{\"@type\":\"Organization\",\"@id\":\"https:\\\/\\\/palopalu.com\\\/#organization\",\"name\":\"Palopal\u00fa\",\"url\":\"https:\\\/\\\/palopalu.com\\\/\",\"logo\":{\"@type\":\"ImageObject\",\"inLanguage\":\"en-GB\",\"@id\":\"https:\\\/\\\/palopalu.com\\\/#\\\/schema\\\/logo\\\/image\\\/\",\"url\":\"https:\\\/\\\/palopalu.com\\\/wp-content\\\/uploads\\\/2019\\\/02\\\/logo-palopalu.png\",\"contentUrl\":\"https:\\\/\\\/palopalu.com\\\/wp-content\\\/uploads\\\/2019\\\/02\\\/logo-palopalu.png\",\"width\":125,\"height\":30,\"caption\":\"Palopal\u00fa\"},\"image\":{\"@id\":\"https:\\\/\\\/palopalu.com\\\/#\\\/schema\\\/logo\\\/image\\\/\"},\"sameAs\":[\"https:\\\/\\\/www.facebook.com\\\/palopalupalopalu\",\"https:\\\/\\\/www.instagram.com\\\/palopalu\"]}]}<\/script>\n<!-- \/ Yoast SEO plugin. -->","yoast_head_json":{"title":"Puzzle de madera ilustrado Safari. Juguete ilustrado educativo.","description":"Puzzle de madera ilustrado Safari, con un dise\u00f1o exclusivo Palopal\u00fa. Juguete educativo hecho a mano en Bilbao. Ilustraci\u00f3n en madera para aprender jugando.","robots":{"index":"index","follow":"follow","max-snippet":"max-snippet:-1","max-image-preview":"max-image-preview:large","max-video-preview":"max-video-preview:-1"},"canonical":"https:\/\/palopalu.com\/en\/product\/puzzle-de-madera-animales-safari\/","og_locale":"en_GB","og_type":"article","og_title":"Puzzle de madera ilustrado Safari. Juguete ilustrado educativo.","og_description":"Puzzle de madera ilustrado Safari, con un dise\u00f1o exclusivo Palopal\u00fa. Juguete educativo hecho a mano en Bilbao. Ilustraci\u00f3n en madera para aprender jugando.","og_url":"https:\/\/palopalu.com\/en\/product\/puzzle-de-madera-animales-safari\/","og_site_name":"Palopal\u00fa","article_publisher":"https:\/\/www.facebook.com\/palopalupalopalu","article_modified_time":"2026-01-20T16:24:07+00:00","og_image":[{"width":1200,"height":1200,"url":"https:\/\/palopalu.com\/wp-content\/uploads\/2020\/02\/palopalu_safari_1web.jpg","type":"image\/jpeg"}],"twitter_card":"summary_large_image","twitter_misc":{"Estimated reading time":"1 minute"},"schema":{"@context":"https:\/\/schema.org","@graph":[{"@type":"WebPage","@id":"https:\/\/palopalu.com\/producto\/puzzle-de-madera-animales-safari\/","url":"https:\/\/palopalu.com\/producto\/puzzle-de-madera-animales-safari\/","name":"Puzzle de madera ilustrado Safari. Juguete ilustrado educativo.","isPartOf":{"@id":"https:\/\/palopalu.com\/#website"},"primaryImageOfPage":{"@id":"https:\/\/palopalu.com\/producto\/puzzle-de-madera-animales-safari\/#primaryimage"},"image":{"@id":"https:\/\/palopalu.com\/producto\/puzzle-de-madera-animales-safari\/#primaryimage"},"thumbnailUrl":"https:\/\/palopalu.com\/wp-content\/uploads\/2020\/02\/palopalu_safari_1web.jpg","datePublished":"2020-01-29T15:21:02+00:00","dateModified":"2026-01-20T16:24:07+00:00","description":"Puzzle de madera ilustrado Safari, con un dise\u00f1o exclusivo Palopal\u00fa. Juguete educativo hecho a mano en Bilbao. Ilustraci\u00f3n en madera para aprender jugando.","breadcrumb":{"@id":"https:\/\/palopalu.com\/producto\/puzzle-de-madera-animales-safari\/#breadcrumb"},"inLanguage":"en-GB","potentialAction":[{"@type":"ReadAction","target":["https:\/\/palopalu.com\/producto\/puzzle-de-madera-animales-safari\/"]}]},{"@type":"ImageObject","inLanguage":"en-GB","@id":"https:\/\/palopalu.com\/producto\/puzzle-de-madera-animales-safari\/#primaryimage","url":"https:\/\/palopalu.com\/wp-content\/uploads\/2020\/02\/palopalu_safari_1web.jpg","contentUrl":"https:\/\/palopalu.com\/wp-content\/uploads\/2020\/02\/palopalu_safari_1web.jpg","width":1200,"height":1200,"caption":"Puzzle SAFARI"},{"@type":"BreadcrumbList","@id":"https:\/\/palopalu.com\/producto\/puzzle-de-madera-animales-safari\/#breadcrumb","itemListElement":[{"@type":"ListItem","position":1,"name":"Portada","item":"https:\/\/palopalu.com\/"},{"@type":"ListItem","position":2,"name":"Tienda","item":"https:\/\/palopalu.com\/tienda\/"},{"@type":"ListItem","position":3,"name":"Puzzle Safari"}]},{"@type":"WebSite","@id":"https:\/\/palopalu.com\/#website","url":"https:\/\/palopalu.com\/","name":"Palopal\u00fa","description":"Juguetes, decoraci\u00f3n y objetos personalizados en madera","publisher":{"@id":"https:\/\/palopalu.com\/#organization"},"potentialAction":[{"@type":"SearchAction","target":{"@type":"EntryPoint","urlTemplate":"https:\/\/palopalu.com\/?s={search_term_string}"},"query-input":{"@type":"PropertyValueSpecification","valueRequired":true,"valueName":"search_term_string"}}],"inLanguage":"en-GB"},{"@type":"Organization","@id":"https:\/\/palopalu.com\/#organization","name":"Palopal\u00fa","url":"https:\/\/palopalu.com\/","logo":{"@type":"ImageObject","inLanguage":"en-GB","@id":"https:\/\/palopalu.com\/#\/schema\/logo\/image\/","url":"https:\/\/palopalu.com\/wp-content\/uploads\/2019\/02\/logo-palopalu.png","contentUrl":"https:\/\/palopalu.com\/wp-content\/uploads\/2019\/02\/logo-palopalu.png","width":125,"height":30,"caption":"Palopal\u00fa"},"image":{"@id":"https:\/\/palopalu.com\/#\/schema\/logo\/image\/"},"sameAs":["https:\/\/www.facebook.com\/palopalupalopalu","https:\/\/www.instagram.com\/palopalu"]}]}},"_links":{"self":[{"href":"https:\/\/palopalu.com\/en\/wp-json\/wp\/v2\/product\/2417","targetHints":{"allow":["GET"]}}],"collection":[{"href":"https:\/\/palopalu.com\/en\/wp-json\/wp\/v2\/product"}],"about":[{"href":"https:\/\/palopalu.com\/en\/wp-json\/wp\/v2\/types\/product"}],"wp:featuredmedia":[{"embeddable":true,"href":"https:\/\/palopalu.com\/en\/wp-json\/wp\/v2\/media\/2637"}],"wp:attachment":[{"href":"https:\/\/palopalu.com\/en\/wp-json\/wp\/v2\/media?parent=2417"}],"wp:term":[{"taxonomy":"product_brand","embeddable":true,"href":"https:\/\/palopalu.com\/en\/wp-json\/wp\/v2\/product_brand?post=2417"},{"taxonomy":"product_cat","embeddable":true,"href":"https:\/\/palopalu.com\/en\/wp-json\/wp\/v2\/product_cat?post=2417"},{"taxonomy":"product_tag","embeddable":true,"href":"https:\/\/palopalu.com\/en\/wp-json\/wp\/v2\/product_tag?post=2417"}],"curies":[{"name":"wp","href":"https:\/\/api.w.org\/{rel}","templated":true}]}}