{"id":3046,"date":"2020-02-20T17:00:43","date_gmt":"2020-02-20T16:00:43","guid":{"rendered":"https:\/\/palopalu.com\/?post_type=product&#038;p=3046"},"modified":"2026-04-11T16:22:46","modified_gmt":"2026-04-11T15:22:46","slug":"arrastrable-tortuga","status":"publish","type":"product","link":"https:\/\/palopalu.com\/en\/product\/arrastrable-tortuga\/","title":{"rendered":"Dragable Turtle"},"content":{"rendered":"<p>El arrastrable Tortuga es un juguete de madera estupendo para acompa\u00f1ar al ni\u00f1o en sus primeros pasos.<\/p>\n<p>Parece un dise\u00f1o sencillo pero es increible los numerosos beneficios que tiene en las primeras etapas del ni\u00f1o.<\/p>\n<p>A partir de su primer a\u00f1o, han dado o est\u00e1n a punto de dar sus primeros pasos. Y \u00e9ste juguete es un gran aliado para estimular y hacer avanzar al ni\u00f1o sin interferir ni forzar su ritmo natural.<\/p>\n<p>Con este tipo de juguetes, toman conciencia de sus movimientos y comienzan a familiarizarse con conceptos como la lateralidad, la velocidad, el espacio o las distancias. Ponen en marcha su desarrollo psicomotor y su capacidad de razonar. Adem\u00e1s son un gran aliado para potenciar la socializaci\u00f3n con otros ni\u00f1os.<\/p>\n<p>M\u00e1s adelante, adem\u00e1s, ser\u00e1 un juguete estupendo para potenciar su imaginaci\u00f3n y creatividad, inventando<\/p>\n<p>Este tipo de arrastrable favorece su independencia y la sociabilidad, ya que \u00e9stos le obedecen al tirar de la cuerda, \u00e9l manda. Buscar\u00e1 de esta manera su autonom\u00eda haci\u00e9ndose sentir m\u00e1s importante y reforzando su autoestima.<\/p>\n<p>El arrastrable Tortuga es estupendo para despertar su curiosidad. Colores vivos y un dise\u00f1o sencillo que llame la atenci\u00f3n del ni\u00f1o y le invite a interactuar con el juguete. La madera, de tacto suave y c\u00e1lido, servir\u00e1 tambi\u00e9n como est\u00edmulo para desarrollar sus sentidos.<\/p>\n<p>Por supuesto, como todos nuestros juguetes, el arrastrable Tortuga, tambien est\u00e1 hecho con pinturas libres de t\u00f3xicos y sin barnices.\u00a0 Al ser un dise\u00f1o hecho a mano y de manera \u00fanica, ning\u00fan producto de nuestra colecci\u00f3n es totalmente igual. Un juguete de fabricaci\u00f3n local, resistente, duradero y de gran calidad.<\/p>\n<p>&nbsp;<\/p>","protected":false},"excerpt":{"rendered":"<p>El arrastrable Tortuga es un juguete de madera estupendo para acompa\u00f1ar al ni\u00f1o en sus primeros pasos.<\/p>\n<p>Parece de un sencillo dise\u00f1o pero es increible los muchos beneficios que tiene en las primeras etapas del ni\u00f1o.<\/p>\n<p>A partir de su primer a\u00f1o, han dado o est\u00e1n a punto de dar sus primeros pasos y este juguete puede ser un gran aliado para estimularle y hacerle avanzar sin interferir en su ritmo natural y sin forzarle.<\/p>\n<p>Este tipo de arrastrable favorece su independencia y la sociabilidad, ya que \u00e9stos le obedecen al tirar de la cuerda, \u00e9l manda y le hace sentir m\u00e1s importante.<\/p>","protected":false},"featured_media":3047,"template":"","meta":[],"product_brand":[],"product_cat":[122,90,97,102,80,83],"product_tag":[316,150],"class_list":{"0":"post-3046","1":"product","2":"type-product","3":"status-publish","4":"has-post-thumbnail","6":"product_cat-arrastrables","7":"product_cat-de-0-a-1-ano","8":"product_cat-de-1-a-3-anos","9":"product_cat-de-3-a-5-anos","10":"product_cat-juguetes","11":"product_cat-por-edad","12":"product_tag-arrastrables","13":"product_tag-juguetes-de-madera","14":"clearfix","16":"first","17":"instock","18":"shipping-taxable","19":"purchasable","20":"product-type-simple"},"yoast_head":"<!-- This site is optimized with the Yoast SEO plugin v27.5 - https:\/\/yoast.com\/product\/yoast-seo-wordpress\/ -->\n<title>Arrastrable Tortuga. Juguete de madera ilustrado. Hecho a mano.<\/title>\n<meta name=\"description\" content=\"Arrastrable Tortuga. Un juguete de madera ilustrado hecho a mano. Estupendo para desarrollar su motricidad y acompa\u00f1ar sus primeros pasos.\" \/>\n<meta name=\"robots\" content=\"index, follow, max-snippet:-1, max-image-preview:large, max-video-preview:-1\" \/>\n<link rel=\"canonical\" href=\"https:\/\/palopalu.com\/en\/product\/arrastrable-tortuga\/\" \/>\n<meta property=\"og:locale\" content=\"en_GB\" \/>\n<meta property=\"og:type\" content=\"article\" \/>\n<meta property=\"og:title\" content=\"Arrastrable Tortuga. Juguete de madera ilustrado. Hecho a mano.\" \/>\n<meta property=\"og:description\" content=\"Arrastrable Tortuga. Un juguete de madera ilustrado hecho a mano. Estupendo para desarrollar su motricidad y acompa\u00f1ar sus primeros pasos.\" \/>\n<meta property=\"og:url\" content=\"https:\/\/palopalu.com\/en\/product\/arrastrable-tortuga\/\" \/>\n<meta property=\"og:site_name\" content=\"Palopal\u00fa\" \/>\n<meta property=\"article:publisher\" content=\"https:\/\/www.facebook.com\/palopalupalopalu\" \/>\n<meta property=\"article:modified_time\" content=\"2026-04-11T15:22:46+00:00\" \/>\n<meta property=\"og:image\" content=\"https:\/\/palopalu.com\/wp-content\/uploads\/2020\/02\/palopalu_arrastortugaweb.jpg\" \/>\n\t<meta property=\"og:image:width\" content=\"1200\" \/>\n\t<meta property=\"og:image:height\" content=\"1200\" \/>\n\t<meta property=\"og:image:type\" content=\"image\/jpeg\" \/>\n<meta name=\"twitter:card\" content=\"summary_large_image\" \/>\n<meta name=\"twitter:label1\" content=\"Estimated reading time\" \/>\n\t<meta name=\"twitter:data1\" content=\"1 minute\" \/>\n<script type=\"application\/ld+json\" class=\"yoast-schema-graph\">{\"@context\":\"https:\\\/\\\/schema.org\",\"@graph\":[{\"@type\":\"WebPage\",\"@id\":\"https:\\\/\\\/palopalu.com\\\/producto\\\/arrastrable-tortuga\\\/\",\"url\":\"https:\\\/\\\/palopalu.com\\\/producto\\\/arrastrable-tortuga\\\/\",\"name\":\"Arrastrable Tortuga. Juguete de madera ilustrado. Hecho a mano.\",\"isPartOf\":{\"@id\":\"https:\\\/\\\/palopalu.com\\\/#website\"},\"primaryImageOfPage\":{\"@id\":\"https:\\\/\\\/palopalu.com\\\/producto\\\/arrastrable-tortuga\\\/#primaryimage\"},\"image\":{\"@id\":\"https:\\\/\\\/palopalu.com\\\/producto\\\/arrastrable-tortuga\\\/#primaryimage\"},\"thumbnailUrl\":\"https:\\\/\\\/palopalu.com\\\/wp-content\\\/uploads\\\/2020\\\/02\\\/palopalu_arrastortugaweb.jpg\",\"datePublished\":\"2020-02-20T16:00:43+00:00\",\"dateModified\":\"2026-04-11T15:22:46+00:00\",\"description\":\"Arrastrable Tortuga. Un juguete de madera ilustrado hecho a mano. Estupendo para desarrollar su motricidad y acompa\u00f1ar sus primeros pasos.\",\"breadcrumb\":{\"@id\":\"https:\\\/\\\/palopalu.com\\\/producto\\\/arrastrable-tortuga\\\/#breadcrumb\"},\"inLanguage\":\"en-GB\",\"potentialAction\":[{\"@type\":\"ReadAction\",\"target\":[\"https:\\\/\\\/palopalu.com\\\/producto\\\/arrastrable-tortuga\\\/\"]}]},{\"@type\":\"ImageObject\",\"inLanguage\":\"en-GB\",\"@id\":\"https:\\\/\\\/palopalu.com\\\/producto\\\/arrastrable-tortuga\\\/#primaryimage\",\"url\":\"https:\\\/\\\/palopalu.com\\\/wp-content\\\/uploads\\\/2020\\\/02\\\/palopalu_arrastortugaweb.jpg\",\"contentUrl\":\"https:\\\/\\\/palopalu.com\\\/wp-content\\\/uploads\\\/2020\\\/02\\\/palopalu_arrastortugaweb.jpg\",\"width\":1200,\"height\":1200,\"caption\":\"Arrastrable Tortuga\"},{\"@type\":\"BreadcrumbList\",\"@id\":\"https:\\\/\\\/palopalu.com\\\/producto\\\/arrastrable-tortuga\\\/#breadcrumb\",\"itemListElement\":[{\"@type\":\"ListItem\",\"position\":1,\"name\":\"Portada\",\"item\":\"https:\\\/\\\/palopalu.com\\\/\"},{\"@type\":\"ListItem\",\"position\":2,\"name\":\"Tienda\",\"item\":\"https:\\\/\\\/palopalu.com\\\/tienda\\\/\"},{\"@type\":\"ListItem\",\"position\":3,\"name\":\"Arrastrable Tortuga\"}]},{\"@type\":\"WebSite\",\"@id\":\"https:\\\/\\\/palopalu.com\\\/#website\",\"url\":\"https:\\\/\\\/palopalu.com\\\/\",\"name\":\"Palopal\u00fa\",\"description\":\"Juguetes, decoraci\u00f3n y objetos personalizados en madera\",\"publisher\":{\"@id\":\"https:\\\/\\\/palopalu.com\\\/#organization\"},\"potentialAction\":[{\"@type\":\"SearchAction\",\"target\":{\"@type\":\"EntryPoint\",\"urlTemplate\":\"https:\\\/\\\/palopalu.com\\\/?s={search_term_string}\"},\"query-input\":{\"@type\":\"PropertyValueSpecification\",\"valueRequired\":true,\"valueName\":\"search_term_string\"}}],\"inLanguage\":\"en-GB\"},{\"@type\":\"Organization\",\"@id\":\"https:\\\/\\\/palopalu.com\\\/#organization\",\"name\":\"Palopal\u00fa\",\"url\":\"https:\\\/\\\/palopalu.com\\\/\",\"logo\":{\"@type\":\"ImageObject\",\"inLanguage\":\"en-GB\",\"@id\":\"https:\\\/\\\/palopalu.com\\\/#\\\/schema\\\/logo\\\/image\\\/\",\"url\":\"https:\\\/\\\/palopalu.com\\\/wp-content\\\/uploads\\\/2019\\\/02\\\/logo-palopalu.png\",\"contentUrl\":\"https:\\\/\\\/palopalu.com\\\/wp-content\\\/uploads\\\/2019\\\/02\\\/logo-palopalu.png\",\"width\":125,\"height\":30,\"caption\":\"Palopal\u00fa\"},\"image\":{\"@id\":\"https:\\\/\\\/palopalu.com\\\/#\\\/schema\\\/logo\\\/image\\\/\"},\"sameAs\":[\"https:\\\/\\\/www.facebook.com\\\/palopalupalopalu\",\"https:\\\/\\\/www.instagram.com\\\/palopalu\"]}]}<\/script>\n<!-- \/ Yoast SEO plugin. -->","yoast_head_json":{"title":"Arrastrable Tortuga. Juguete de madera ilustrado. Hecho a mano.","description":"Arrastrable Tortuga. Un juguete de madera ilustrado hecho a mano. Estupendo para desarrollar su motricidad y acompa\u00f1ar sus primeros pasos.","robots":{"index":"index","follow":"follow","max-snippet":"max-snippet:-1","max-image-preview":"max-image-preview:large","max-video-preview":"max-video-preview:-1"},"canonical":"https:\/\/palopalu.com\/en\/product\/arrastrable-tortuga\/","og_locale":"en_GB","og_type":"article","og_title":"Arrastrable Tortuga. Juguete de madera ilustrado. Hecho a mano.","og_description":"Arrastrable Tortuga. Un juguete de madera ilustrado hecho a mano. Estupendo para desarrollar su motricidad y acompa\u00f1ar sus primeros pasos.","og_url":"https:\/\/palopalu.com\/en\/product\/arrastrable-tortuga\/","og_site_name":"Palopal\u00fa","article_publisher":"https:\/\/www.facebook.com\/palopalupalopalu","article_modified_time":"2026-04-11T15:22:46+00:00","og_image":[{"width":1200,"height":1200,"url":"https:\/\/palopalu.com\/wp-content\/uploads\/2020\/02\/palopalu_arrastortugaweb.jpg","type":"image\/jpeg"}],"twitter_card":"summary_large_image","twitter_misc":{"Estimated reading time":"1 minute"},"schema":{"@context":"https:\/\/schema.org","@graph":[{"@type":"WebPage","@id":"https:\/\/palopalu.com\/producto\/arrastrable-tortuga\/","url":"https:\/\/palopalu.com\/producto\/arrastrable-tortuga\/","name":"Arrastrable Tortuga. Juguete de madera ilustrado. Hecho a mano.","isPartOf":{"@id":"https:\/\/palopalu.com\/#website"},"primaryImageOfPage":{"@id":"https:\/\/palopalu.com\/producto\/arrastrable-tortuga\/#primaryimage"},"image":{"@id":"https:\/\/palopalu.com\/producto\/arrastrable-tortuga\/#primaryimage"},"thumbnailUrl":"https:\/\/palopalu.com\/wp-content\/uploads\/2020\/02\/palopalu_arrastortugaweb.jpg","datePublished":"2020-02-20T16:00:43+00:00","dateModified":"2026-04-11T15:22:46+00:00","description":"Arrastrable Tortuga. Un juguete de madera ilustrado hecho a mano. Estupendo para desarrollar su motricidad y acompa\u00f1ar sus primeros pasos.","breadcrumb":{"@id":"https:\/\/palopalu.com\/producto\/arrastrable-tortuga\/#breadcrumb"},"inLanguage":"en-GB","potentialAction":[{"@type":"ReadAction","target":["https:\/\/palopalu.com\/producto\/arrastrable-tortuga\/"]}]},{"@type":"ImageObject","inLanguage":"en-GB","@id":"https:\/\/palopalu.com\/producto\/arrastrable-tortuga\/#primaryimage","url":"https:\/\/palopalu.com\/wp-content\/uploads\/2020\/02\/palopalu_arrastortugaweb.jpg","contentUrl":"https:\/\/palopalu.com\/wp-content\/uploads\/2020\/02\/palopalu_arrastortugaweb.jpg","width":1200,"height":1200,"caption":"Arrastrable Tortuga"},{"@type":"BreadcrumbList","@id":"https:\/\/palopalu.com\/producto\/arrastrable-tortuga\/#breadcrumb","itemListElement":[{"@type":"ListItem","position":1,"name":"Portada","item":"https:\/\/palopalu.com\/"},{"@type":"ListItem","position":2,"name":"Tienda","item":"https:\/\/palopalu.com\/tienda\/"},{"@type":"ListItem","position":3,"name":"Arrastrable Tortuga"}]},{"@type":"WebSite","@id":"https:\/\/palopalu.com\/#website","url":"https:\/\/palopalu.com\/","name":"Palopal\u00fa","description":"Juguetes, decoraci\u00f3n y objetos personalizados en madera","publisher":{"@id":"https:\/\/palopalu.com\/#organization"},"potentialAction":[{"@type":"SearchAction","target":{"@type":"EntryPoint","urlTemplate":"https:\/\/palopalu.com\/?s={search_term_string}"},"query-input":{"@type":"PropertyValueSpecification","valueRequired":true,"valueName":"search_term_string"}}],"inLanguage":"en-GB"},{"@type":"Organization","@id":"https:\/\/palopalu.com\/#organization","name":"Palopal\u00fa","url":"https:\/\/palopalu.com\/","logo":{"@type":"ImageObject","inLanguage":"en-GB","@id":"https:\/\/palopalu.com\/#\/schema\/logo\/image\/","url":"https:\/\/palopalu.com\/wp-content\/uploads\/2019\/02\/logo-palopalu.png","contentUrl":"https:\/\/palopalu.com\/wp-content\/uploads\/2019\/02\/logo-palopalu.png","width":125,"height":30,"caption":"Palopal\u00fa"},"image":{"@id":"https:\/\/palopalu.com\/#\/schema\/logo\/image\/"},"sameAs":["https:\/\/www.facebook.com\/palopalupalopalu","https:\/\/www.instagram.com\/palopalu"]}]}},"_links":{"self":[{"href":"https:\/\/palopalu.com\/en\/wp-json\/wp\/v2\/product\/3046","targetHints":{"allow":["GET"]}}],"collection":[{"href":"https:\/\/palopalu.com\/en\/wp-json\/wp\/v2\/product"}],"about":[{"href":"https:\/\/palopalu.com\/en\/wp-json\/wp\/v2\/types\/product"}],"wp:featuredmedia":[{"embeddable":true,"href":"https:\/\/palopalu.com\/en\/wp-json\/wp\/v2\/media\/3047"}],"wp:attachment":[{"href":"https:\/\/palopalu.com\/en\/wp-json\/wp\/v2\/media?parent=3046"}],"wp:term":[{"taxonomy":"product_brand","embeddable":true,"href":"https:\/\/palopalu.com\/en\/wp-json\/wp\/v2\/product_brand?post=3046"},{"taxonomy":"product_cat","embeddable":true,"href":"https:\/\/palopalu.com\/en\/wp-json\/wp\/v2\/product_cat?post=3046"},{"taxonomy":"product_tag","embeddable":true,"href":"https:\/\/palopalu.com\/en\/wp-json\/wp\/v2\/product_tag?post=3046"}],"curies":[{"name":"wp","href":"https:\/\/api.w.org\/{rel}","templated":true}]}}