{"id":4092,"date":"2020-03-31T18:18:05","date_gmt":"2020-03-31T17:18:05","guid":{"rendered":"https:\/\/palopalu.com\/?post_type=product&#038;p=4092"},"modified":"2023-06-30T09:45:36","modified_gmt":"2023-06-30T08:45:36","slug":"lamina-oso","status":"publish","type":"product","link":"https:\/\/palopalu.com\/en\/product\/lamina-oso\/","title":{"rendered":"L\u00e1mina Oso"},"content":{"rendered":"<p>Te presentamos la l\u00e1mina Oso. Forma parte de la colecci\u00f3n m\u00e1s personal de\u00a0l\u00e1minas decorativas figurativas de Palopal\u00fa, que adem\u00e1s se adaptan a cualquier estilo decorativo. En este caso, sobretodo pensada para un ambiente infantil.<\/p>\n<p>Divertida y entra\u00f1able, queremos hacerte llegar una pieza con la que consigas un ambiente agradable. Y para ello, hemos realizado escenas figurativas salidas de nuestro mundo, de nuestro imaginario. Inspiradas en el estilo de ilustraci\u00f3n de cuento de las de toda la vida, la l\u00e1mina Oso llenar\u00e1 de color tu decoraci\u00f3n. Tus paredes y tu decoraci\u00f3n transmiten, y que mejor que piezas hechas a mano de manera artesanal para transmitir con personalidad.<\/p>\n<p>Decora las paredes de ese dormitorio infantil, sal\u00f3n, o cualquier lugar de tu casa o negocio con esta l\u00e1mina oso. Su calidez \u00a0junto a los colores acuarelados de la ilustraci\u00f3n, aportan una esencia muy especial al espacio.<\/p>\n<h5><strong>\u00a1Y este no es el \u00fanico modelo de nuestra colecci\u00f3n!<\/strong><\/h5>\n<p>Puedes elegir el que m\u00e1s te guste de entre un mont\u00f3n de modelos disponibles, prueba a realizar espacios \u00fanicos y personales, combinando diferentes ilustraciones.<\/p>\n<p>La<strong>\u00a0<\/strong>l\u00e1mina Oso est\u00e1 dise\u00f1ada para colgar en la pared de forma bien sencilla a\u00f1adi\u00e9ndola un marco, adem\u00e1s quedar\u00e1 ideal apoyada en estanter\u00edas o mesas, siendo una buena opci\u00f3n como elemento decorativo de sobremesa.<\/p>\n<p>Para ti o para regalar, ser\u00e1 un regalo perfecto que seguro que encantar\u00e1 a quien lo reciba.<\/p>","protected":false},"excerpt":{"rendered":"<p>L\u00e1mina en papel de 250 gr.<br \/>\nTama\u00f1o DIN-A4 (21 cm x 29,7 cm)<br \/>\nSin marco.<\/p>","protected":false},"featured_media":5114,"template":"","meta":[],"product_brand":[],"product_cat":[78,101],"product_tag":[242],"class_list":{"0":"post-4092","1":"product","2":"type-product","3":"status-publish","4":"has-post-thumbnail","6":"product_cat-decoracion","7":"product_cat-ilustracion","8":"product_tag-lamina-ilustracion","9":"clearfix","11":"first","12":"instock","13":"shipping-taxable","14":"purchasable","15":"product-type-simple"},"yoast_head":"<!-- This site is optimized with the Yoast SEO plugin v27.5 - https:\/\/yoast.com\/product\/yoast-seo-wordpress\/ -->\n<title>L\u00e1mina Oso. Ilustraci\u00f3n en papel para decorar. Hecha a mano.<\/title>\n<meta name=\"description\" content=\"La l\u00e1mina ilustrada Oso dar\u00e1 un toque muy especial a tu decoraci\u00f3n. La ilustraci\u00f3n en papel llenar\u00e1 de color y personalidad tu espacio.\" \/>\n<meta name=\"robots\" content=\"index, follow, max-snippet:-1, max-image-preview:large, max-video-preview:-1\" \/>\n<link rel=\"canonical\" href=\"https:\/\/palopalu.com\/en\/product\/lamina-oso\/\" \/>\n<meta property=\"og:locale\" content=\"en_GB\" \/>\n<meta property=\"og:type\" content=\"article\" \/>\n<meta property=\"og:title\" content=\"L\u00e1mina Oso. Ilustraci\u00f3n en papel para decorar. Hecha a mano.\" \/>\n<meta property=\"og:description\" content=\"La l\u00e1mina ilustrada Oso dar\u00e1 un toque muy especial a tu decoraci\u00f3n. La ilustraci\u00f3n en papel llenar\u00e1 de color y personalidad tu espacio.\" \/>\n<meta property=\"og:url\" content=\"https:\/\/palopalu.com\/en\/product\/lamina-oso\/\" \/>\n<meta property=\"og:site_name\" content=\"Palopal\u00fa\" \/>\n<meta property=\"article:publisher\" content=\"https:\/\/www.facebook.com\/palopalupalopalu\" \/>\n<meta property=\"article:modified_time\" content=\"2023-06-30T08:45:36+00:00\" \/>\n<meta property=\"og:image\" content=\"https:\/\/palopalu.com\/wp-content\/uploads\/2022\/10\/palopalu_laminasoso1-scaled.jpg\" \/>\n\t<meta property=\"og:image:width\" content=\"1920\" \/>\n\t<meta property=\"og:image:height\" content=\"2560\" \/>\n\t<meta property=\"og:image:type\" content=\"image\/jpeg\" \/>\n<meta name=\"twitter:card\" content=\"summary_large_image\" \/>\n<meta name=\"twitter:label1\" content=\"Estimated reading time\" \/>\n\t<meta name=\"twitter:data1\" content=\"2 minutes\" \/>\n<script type=\"application\/ld+json\" class=\"yoast-schema-graph\">{\"@context\":\"https:\\\/\\\/schema.org\",\"@graph\":[{\"@type\":\"WebPage\",\"@id\":\"https:\\\/\\\/palopalu.com\\\/producto\\\/lamina-oso\\\/\",\"url\":\"https:\\\/\\\/palopalu.com\\\/producto\\\/lamina-oso\\\/\",\"name\":\"L\u00e1mina Oso. Ilustraci\u00f3n en papel para decorar. Hecha a mano.\",\"isPartOf\":{\"@id\":\"https:\\\/\\\/palopalu.com\\\/#website\"},\"primaryImageOfPage\":{\"@id\":\"https:\\\/\\\/palopalu.com\\\/producto\\\/lamina-oso\\\/#primaryimage\"},\"image\":{\"@id\":\"https:\\\/\\\/palopalu.com\\\/producto\\\/lamina-oso\\\/#primaryimage\"},\"thumbnailUrl\":\"https:\\\/\\\/palopalu.com\\\/wp-content\\\/uploads\\\/2022\\\/10\\\/palopalu_laminasoso1-scaled.jpg\",\"datePublished\":\"2020-03-31T17:18:05+00:00\",\"dateModified\":\"2023-06-30T08:45:36+00:00\",\"description\":\"La l\u00e1mina ilustrada Oso dar\u00e1 un toque muy especial a tu decoraci\u00f3n. La ilustraci\u00f3n en papel llenar\u00e1 de color y personalidad tu espacio.\",\"breadcrumb\":{\"@id\":\"https:\\\/\\\/palopalu.com\\\/producto\\\/lamina-oso\\\/#breadcrumb\"},\"inLanguage\":\"en-GB\",\"potentialAction\":[{\"@type\":\"ReadAction\",\"target\":[\"https:\\\/\\\/palopalu.com\\\/producto\\\/lamina-oso\\\/\"]}]},{\"@type\":\"ImageObject\",\"inLanguage\":\"en-GB\",\"@id\":\"https:\\\/\\\/palopalu.com\\\/producto\\\/lamina-oso\\\/#primaryimage\",\"url\":\"https:\\\/\\\/palopalu.com\\\/wp-content\\\/uploads\\\/2022\\\/10\\\/palopalu_laminasoso1-scaled.jpg\",\"contentUrl\":\"https:\\\/\\\/palopalu.com\\\/wp-content\\\/uploads\\\/2022\\\/10\\\/palopalu_laminasoso1-scaled.jpg\",\"width\":1920,\"height\":2560},{\"@type\":\"BreadcrumbList\",\"@id\":\"https:\\\/\\\/palopalu.com\\\/producto\\\/lamina-oso\\\/#breadcrumb\",\"itemListElement\":[{\"@type\":\"ListItem\",\"position\":1,\"name\":\"Portada\",\"item\":\"https:\\\/\\\/palopalu.com\\\/\"},{\"@type\":\"ListItem\",\"position\":2,\"name\":\"Tienda\",\"item\":\"https:\\\/\\\/palopalu.com\\\/tienda\\\/\"},{\"@type\":\"ListItem\",\"position\":3,\"name\":\"L\u00e1mina Oso\"}]},{\"@type\":\"WebSite\",\"@id\":\"https:\\\/\\\/palopalu.com\\\/#website\",\"url\":\"https:\\\/\\\/palopalu.com\\\/\",\"name\":\"Palopal\u00fa\",\"description\":\"Juguetes, decoraci\u00f3n y objetos personalizados en madera\",\"publisher\":{\"@id\":\"https:\\\/\\\/palopalu.com\\\/#organization\"},\"potentialAction\":[{\"@type\":\"SearchAction\",\"target\":{\"@type\":\"EntryPoint\",\"urlTemplate\":\"https:\\\/\\\/palopalu.com\\\/?s={search_term_string}\"},\"query-input\":{\"@type\":\"PropertyValueSpecification\",\"valueRequired\":true,\"valueName\":\"search_term_string\"}}],\"inLanguage\":\"en-GB\"},{\"@type\":\"Organization\",\"@id\":\"https:\\\/\\\/palopalu.com\\\/#organization\",\"name\":\"Palopal\u00fa\",\"url\":\"https:\\\/\\\/palopalu.com\\\/\",\"logo\":{\"@type\":\"ImageObject\",\"inLanguage\":\"en-GB\",\"@id\":\"https:\\\/\\\/palopalu.com\\\/#\\\/schema\\\/logo\\\/image\\\/\",\"url\":\"https:\\\/\\\/palopalu.com\\\/wp-content\\\/uploads\\\/2019\\\/02\\\/logo-palopalu.png\",\"contentUrl\":\"https:\\\/\\\/palopalu.com\\\/wp-content\\\/uploads\\\/2019\\\/02\\\/logo-palopalu.png\",\"width\":125,\"height\":30,\"caption\":\"Palopal\u00fa\"},\"image\":{\"@id\":\"https:\\\/\\\/palopalu.com\\\/#\\\/schema\\\/logo\\\/image\\\/\"},\"sameAs\":[\"https:\\\/\\\/www.facebook.com\\\/palopalupalopalu\",\"https:\\\/\\\/www.instagram.com\\\/palopalu\"]}]}<\/script>\n<!-- \/ Yoast SEO plugin. -->","yoast_head_json":{"title":"L\u00e1mina Oso. Ilustraci\u00f3n en papel para decorar. Hecha a mano.","description":"La l\u00e1mina ilustrada Oso dar\u00e1 un toque muy especial a tu decoraci\u00f3n. La ilustraci\u00f3n en papel llenar\u00e1 de color y personalidad tu espacio.","robots":{"index":"index","follow":"follow","max-snippet":"max-snippet:-1","max-image-preview":"max-image-preview:large","max-video-preview":"max-video-preview:-1"},"canonical":"https:\/\/palopalu.com\/en\/product\/lamina-oso\/","og_locale":"en_GB","og_type":"article","og_title":"L\u00e1mina Oso. Ilustraci\u00f3n en papel para decorar. Hecha a mano.","og_description":"La l\u00e1mina ilustrada Oso dar\u00e1 un toque muy especial a tu decoraci\u00f3n. La ilustraci\u00f3n en papel llenar\u00e1 de color y personalidad tu espacio.","og_url":"https:\/\/palopalu.com\/en\/product\/lamina-oso\/","og_site_name":"Palopal\u00fa","article_publisher":"https:\/\/www.facebook.com\/palopalupalopalu","article_modified_time":"2023-06-30T08:45:36+00:00","og_image":[{"width":1920,"height":2560,"url":"https:\/\/palopalu.com\/wp-content\/uploads\/2022\/10\/palopalu_laminasoso1-scaled.jpg","type":"image\/jpeg"}],"twitter_card":"summary_large_image","twitter_misc":{"Estimated reading time":"2 minutes"},"schema":{"@context":"https:\/\/schema.org","@graph":[{"@type":"WebPage","@id":"https:\/\/palopalu.com\/producto\/lamina-oso\/","url":"https:\/\/palopalu.com\/producto\/lamina-oso\/","name":"L\u00e1mina Oso. Ilustraci\u00f3n en papel para decorar. Hecha a mano.","isPartOf":{"@id":"https:\/\/palopalu.com\/#website"},"primaryImageOfPage":{"@id":"https:\/\/palopalu.com\/producto\/lamina-oso\/#primaryimage"},"image":{"@id":"https:\/\/palopalu.com\/producto\/lamina-oso\/#primaryimage"},"thumbnailUrl":"https:\/\/palopalu.com\/wp-content\/uploads\/2022\/10\/palopalu_laminasoso1-scaled.jpg","datePublished":"2020-03-31T17:18:05+00:00","dateModified":"2023-06-30T08:45:36+00:00","description":"La l\u00e1mina ilustrada Oso dar\u00e1 un toque muy especial a tu decoraci\u00f3n. La ilustraci\u00f3n en papel llenar\u00e1 de color y personalidad tu espacio.","breadcrumb":{"@id":"https:\/\/palopalu.com\/producto\/lamina-oso\/#breadcrumb"},"inLanguage":"en-GB","potentialAction":[{"@type":"ReadAction","target":["https:\/\/palopalu.com\/producto\/lamina-oso\/"]}]},{"@type":"ImageObject","inLanguage":"en-GB","@id":"https:\/\/palopalu.com\/producto\/lamina-oso\/#primaryimage","url":"https:\/\/palopalu.com\/wp-content\/uploads\/2022\/10\/palopalu_laminasoso1-scaled.jpg","contentUrl":"https:\/\/palopalu.com\/wp-content\/uploads\/2022\/10\/palopalu_laminasoso1-scaled.jpg","width":1920,"height":2560},{"@type":"BreadcrumbList","@id":"https:\/\/palopalu.com\/producto\/lamina-oso\/#breadcrumb","itemListElement":[{"@type":"ListItem","position":1,"name":"Portada","item":"https:\/\/palopalu.com\/"},{"@type":"ListItem","position":2,"name":"Tienda","item":"https:\/\/palopalu.com\/tienda\/"},{"@type":"ListItem","position":3,"name":"L\u00e1mina Oso"}]},{"@type":"WebSite","@id":"https:\/\/palopalu.com\/#website","url":"https:\/\/palopalu.com\/","name":"Palopal\u00fa","description":"Juguetes, decoraci\u00f3n y objetos personalizados en madera","publisher":{"@id":"https:\/\/palopalu.com\/#organization"},"potentialAction":[{"@type":"SearchAction","target":{"@type":"EntryPoint","urlTemplate":"https:\/\/palopalu.com\/?s={search_term_string}"},"query-input":{"@type":"PropertyValueSpecification","valueRequired":true,"valueName":"search_term_string"}}],"inLanguage":"en-GB"},{"@type":"Organization","@id":"https:\/\/palopalu.com\/#organization","name":"Palopal\u00fa","url":"https:\/\/palopalu.com\/","logo":{"@type":"ImageObject","inLanguage":"en-GB","@id":"https:\/\/palopalu.com\/#\/schema\/logo\/image\/","url":"https:\/\/palopalu.com\/wp-content\/uploads\/2019\/02\/logo-palopalu.png","contentUrl":"https:\/\/palopalu.com\/wp-content\/uploads\/2019\/02\/logo-palopalu.png","width":125,"height":30,"caption":"Palopal\u00fa"},"image":{"@id":"https:\/\/palopalu.com\/#\/schema\/logo\/image\/"},"sameAs":["https:\/\/www.facebook.com\/palopalupalopalu","https:\/\/www.instagram.com\/palopalu"]}]}},"_links":{"self":[{"href":"https:\/\/palopalu.com\/en\/wp-json\/wp\/v2\/product\/4092","targetHints":{"allow":["GET"]}}],"collection":[{"href":"https:\/\/palopalu.com\/en\/wp-json\/wp\/v2\/product"}],"about":[{"href":"https:\/\/palopalu.com\/en\/wp-json\/wp\/v2\/types\/product"}],"wp:featuredmedia":[{"embeddable":true,"href":"https:\/\/palopalu.com\/en\/wp-json\/wp\/v2\/media\/5114"}],"wp:attachment":[{"href":"https:\/\/palopalu.com\/en\/wp-json\/wp\/v2\/media?parent=4092"}],"wp:term":[{"taxonomy":"product_brand","embeddable":true,"href":"https:\/\/palopalu.com\/en\/wp-json\/wp\/v2\/product_brand?post=4092"},{"taxonomy":"product_cat","embeddable":true,"href":"https:\/\/palopalu.com\/en\/wp-json\/wp\/v2\/product_cat?post=4092"},{"taxonomy":"product_tag","embeddable":true,"href":"https:\/\/palopalu.com\/en\/wp-json\/wp\/v2\/product_tag?post=4092"}],"curies":[{"name":"wp","href":"https:\/\/api.w.org\/{rel}","templated":true}]}}