{"id":4378,"date":"2020-09-08T10:28:41","date_gmt":"2020-09-08T09:28:41","guid":{"rendered":"https:\/\/palopalu.com\/?post_type=product&#038;p=4378"},"modified":"2026-01-20T17:23:00","modified_gmt":"2026-01-20T16:23:00","slug":"puzzle-dinosaurios","status":"publish","type":"product","link":"https:\/\/palopalu.com\/en\/product\/puzzle-dinosaurios\/","title":{"rendered":"Dinosaurs Puzzle"},"content":{"rendered":"<p>El puzzle de madera Dinosaurios, adem\u00e1s de ser una pieza artesanal, ser\u00e1 un\u00a0 recurso educativo estupendo para trabajar diferentes aspectos:<\/p>\n<ul>\n<li>Fomenta el aprendizaje de nuevo vocabulario sobre diferentes animales, un tema que encanta a ni\u00f1os de estas edades.<\/li>\n<li>Su ilustraci\u00f3n de vivos colores nos invita a reflexionar y a hablar con los m\u00e1s peque\u00f1os temas como el amor por la naturaleza y la ecolog\u00eda.<\/li>\n<li>Con el puzzle de madera ilustrado Safari, se estimulan los sentidos con sus colores vibrantes, su tacto c\u00e1lido y agradable olor a madera.<\/li>\n<li>Con \u00e9l se desarrolla la memoria visual y su atenci\u00f3n y concentraci\u00f3n. Igualmente fomenta el desarrollo motriz, la coordinaci\u00f3n mano- ojo.<\/li>\n<li>Fomenta el autocontrol y ense\u00f1a a reflexionar antes de actuar. Mejora la autoestima y la creatividad, ense\u00f1a a enfrentar un reto y resulta un orgullo conseguir terminarlo. Favorece la tolerancia a la frustraci\u00f3n y el razonamiento para la soluci\u00f3n de problemas.<\/li>\n<\/ul>\n<p>El puzzle Dinosaurios ser\u00e1 una pieza que no querr\u00e1s guardar en un caj\u00f3n. Una ilustraci\u00f3n llena de vivos colores que alegrar\u00e1 el sitio all\u00ed donde lo pongas. Adem\u00e1s de los ratos de juego, formar\u00e1 tambi\u00e9n parte de tu decoraci\u00f3n dando un toque diferente y especial a tu ambiente.<\/p>\n<p>Como ya sab\u00e9is, todos los dise\u00f1os est\u00e1n hechos a mano en el taller, y por ello, cada producto puede variar ligeramente en aspectos como la tonalidad de la madera, sus nudos, etc. Esto hace que cada pieza sea todav\u00eda m\u00e1s especial. El dise\u00f1o que te llevas a casa es totalmente \u00fanico, trabajado con mimo y dedicaci\u00f3n individualizada.<\/p>","protected":false},"excerpt":{"rendered":"<p>El puzzle de madera Dinosaurios, adem\u00e1s de ser una pieza artesanal, ser\u00e1 un\u00a0 recurso educativo estupendo para trabajar diferentes aspectos: Fomenta el aprendizaje de nuevo vocabulario sobre diferentes animales, un tema que encanta a ni\u00f1os de estas edades. Su ilustraci\u00f3n de vivos colores nos invita a reflexionar y a hablar con los m\u00e1s peque\u00f1os temas [&hellip;]<\/p>\n","protected":false},"featured_media":4372,"template":"","meta":[],"product_brand":[],"product_cat":[97,102,105,108,111,307,80,83,117,118],"product_tag":[605,150,623,626,629],"class_list":{"0":"post-4378","1":"product","2":"type-product","3":"status-publish","4":"has-post-thumbnail","6":"product_cat-de-1-a-3-anos","7":"product_cat-de-3-a-5-anos","8":"product_cat-de-5-a-8-anos","9":"product_cat-de-8-a-11-anos","10":"product_cat-hasta-100-anos","11":"product_cat-juegos-didacticos","12":"product_cat-juguetes","13":"product_cat-por-edad","14":"product_cat-puzzles","15":"product_cat-rompecabezas","16":"product_tag-juguete-educativo-en","17":"product_tag-juguetes-de-madera","18":"product_tag-puzzle-en","19":"product_tag-puzzle-encajable-en","20":"product_tag-puzzle-de-madera-en","21":"clearfix","23":"first","24":"instock","25":"shipping-taxable","26":"purchasable","27":"product-type-simple"},"yoast_head":"<!-- This site is optimized with the Yoast SEO plugin v27.5 - https:\/\/yoast.com\/product\/yoast-seo-wordpress\/ -->\n<title>Puzzle Dinosaurios. Puzzle ilustrado hecho a mano<\/title>\n<meta name=\"description\" content=\"Un divertido puzzle de madera ilustrado para aprender y conocer el maravilloso mundo de los dinosaurios. Dise\u00f1o original hecho a mano.\" \/>\n<meta name=\"robots\" content=\"index, follow, max-snippet:-1, max-image-preview:large, max-video-preview:-1\" \/>\n<link rel=\"canonical\" href=\"https:\/\/palopalu.com\/en\/product\/puzzle-dinosaurios\/\" \/>\n<meta property=\"og:locale\" content=\"en_GB\" \/>\n<meta property=\"og:type\" content=\"article\" \/>\n<meta property=\"og:title\" content=\"Puzzle Dinosaurios. Puzzle ilustrado hecho a mano\" \/>\n<meta property=\"og:description\" content=\"Un divertido puzzle de madera ilustrado para aprender y conocer el maravilloso mundo de los dinosaurios. Dise\u00f1o original hecho a mano.\" \/>\n<meta property=\"og:url\" content=\"https:\/\/palopalu.com\/en\/product\/puzzle-dinosaurios\/\" \/>\n<meta property=\"og:site_name\" content=\"Palopal\u00fa\" \/>\n<meta property=\"article:publisher\" content=\"https:\/\/www.facebook.com\/palopalupalopalu\" \/>\n<meta property=\"article:modified_time\" content=\"2026-01-20T16:23:00+00:00\" \/>\n<meta property=\"og:image\" content=\"https:\/\/palopalu.com\/wp-content\/uploads\/2020\/09\/palopalu_puzdinos_cu.jpg\" \/>\n\t<meta property=\"og:image:width\" content=\"695\" \/>\n\t<meta property=\"og:image:height\" content=\"695\" \/>\n\t<meta property=\"og:image:type\" content=\"image\/jpeg\" \/>\n<meta name=\"twitter:card\" content=\"summary_large_image\" \/>\n<meta name=\"twitter:label1\" content=\"Estimated reading time\" \/>\n\t<meta name=\"twitter:data1\" content=\"2 minutes\" \/>\n<script type=\"application\/ld+json\" class=\"yoast-schema-graph\">{\"@context\":\"https:\\\/\\\/schema.org\",\"@graph\":[{\"@type\":\"WebPage\",\"@id\":\"https:\\\/\\\/palopalu.com\\\/producto\\\/puzzle-dinosaurios\\\/\",\"url\":\"https:\\\/\\\/palopalu.com\\\/producto\\\/puzzle-dinosaurios\\\/\",\"name\":\"Puzzle Dinosaurios. Puzzle ilustrado hecho a mano\",\"isPartOf\":{\"@id\":\"https:\\\/\\\/palopalu.com\\\/#website\"},\"primaryImageOfPage\":{\"@id\":\"https:\\\/\\\/palopalu.com\\\/producto\\\/puzzle-dinosaurios\\\/#primaryimage\"},\"image\":{\"@id\":\"https:\\\/\\\/palopalu.com\\\/producto\\\/puzzle-dinosaurios\\\/#primaryimage\"},\"thumbnailUrl\":\"https:\\\/\\\/palopalu.com\\\/wp-content\\\/uploads\\\/2020\\\/09\\\/palopalu_puzdinos_cu.jpg\",\"datePublished\":\"2020-09-08T09:28:41+00:00\",\"dateModified\":\"2026-01-20T16:23:00+00:00\",\"description\":\"Un divertido puzzle de madera ilustrado para aprender y conocer el maravilloso mundo de los dinosaurios. Dise\u00f1o original hecho a mano.\",\"breadcrumb\":{\"@id\":\"https:\\\/\\\/palopalu.com\\\/producto\\\/puzzle-dinosaurios\\\/#breadcrumb\"},\"inLanguage\":\"en-GB\",\"potentialAction\":[{\"@type\":\"ReadAction\",\"target\":[\"https:\\\/\\\/palopalu.com\\\/producto\\\/puzzle-dinosaurios\\\/\"]}]},{\"@type\":\"ImageObject\",\"inLanguage\":\"en-GB\",\"@id\":\"https:\\\/\\\/palopalu.com\\\/producto\\\/puzzle-dinosaurios\\\/#primaryimage\",\"url\":\"https:\\\/\\\/palopalu.com\\\/wp-content\\\/uploads\\\/2020\\\/09\\\/palopalu_puzdinos_cu.jpg\",\"contentUrl\":\"https:\\\/\\\/palopalu.com\\\/wp-content\\\/uploads\\\/2020\\\/09\\\/palopalu_puzdinos_cu.jpg\",\"width\":695,\"height\":695,\"caption\":\"Puzzle Dinosaurios\"},{\"@type\":\"BreadcrumbList\",\"@id\":\"https:\\\/\\\/palopalu.com\\\/producto\\\/puzzle-dinosaurios\\\/#breadcrumb\",\"itemListElement\":[{\"@type\":\"ListItem\",\"position\":1,\"name\":\"Portada\",\"item\":\"https:\\\/\\\/palopalu.com\\\/\"},{\"@type\":\"ListItem\",\"position\":2,\"name\":\"Tienda\",\"item\":\"https:\\\/\\\/palopalu.com\\\/tienda\\\/\"},{\"@type\":\"ListItem\",\"position\":3,\"name\":\"Puzzle Dinosaurios\"}]},{\"@type\":\"WebSite\",\"@id\":\"https:\\\/\\\/palopalu.com\\\/#website\",\"url\":\"https:\\\/\\\/palopalu.com\\\/\",\"name\":\"Palopal\u00fa\",\"description\":\"Juguetes, decoraci\u00f3n y objetos personalizados en madera\",\"publisher\":{\"@id\":\"https:\\\/\\\/palopalu.com\\\/#organization\"},\"potentialAction\":[{\"@type\":\"SearchAction\",\"target\":{\"@type\":\"EntryPoint\",\"urlTemplate\":\"https:\\\/\\\/palopalu.com\\\/?s={search_term_string}\"},\"query-input\":{\"@type\":\"PropertyValueSpecification\",\"valueRequired\":true,\"valueName\":\"search_term_string\"}}],\"inLanguage\":\"en-GB\"},{\"@type\":\"Organization\",\"@id\":\"https:\\\/\\\/palopalu.com\\\/#organization\",\"name\":\"Palopal\u00fa\",\"url\":\"https:\\\/\\\/palopalu.com\\\/\",\"logo\":{\"@type\":\"ImageObject\",\"inLanguage\":\"en-GB\",\"@id\":\"https:\\\/\\\/palopalu.com\\\/#\\\/schema\\\/logo\\\/image\\\/\",\"url\":\"https:\\\/\\\/palopalu.com\\\/wp-content\\\/uploads\\\/2019\\\/02\\\/logo-palopalu.png\",\"contentUrl\":\"https:\\\/\\\/palopalu.com\\\/wp-content\\\/uploads\\\/2019\\\/02\\\/logo-palopalu.png\",\"width\":125,\"height\":30,\"caption\":\"Palopal\u00fa\"},\"image\":{\"@id\":\"https:\\\/\\\/palopalu.com\\\/#\\\/schema\\\/logo\\\/image\\\/\"},\"sameAs\":[\"https:\\\/\\\/www.facebook.com\\\/palopalupalopalu\",\"https:\\\/\\\/www.instagram.com\\\/palopalu\"]}]}<\/script>\n<!-- \/ Yoast SEO plugin. -->","yoast_head_json":{"title":"Puzzle Dinosaurios. Puzzle ilustrado hecho a mano","description":"Un divertido puzzle de madera ilustrado para aprender y conocer el maravilloso mundo de los dinosaurios. Dise\u00f1o original hecho a mano.","robots":{"index":"index","follow":"follow","max-snippet":"max-snippet:-1","max-image-preview":"max-image-preview:large","max-video-preview":"max-video-preview:-1"},"canonical":"https:\/\/palopalu.com\/en\/product\/puzzle-dinosaurios\/","og_locale":"en_GB","og_type":"article","og_title":"Puzzle Dinosaurios. Puzzle ilustrado hecho a mano","og_description":"Un divertido puzzle de madera ilustrado para aprender y conocer el maravilloso mundo de los dinosaurios. Dise\u00f1o original hecho a mano.","og_url":"https:\/\/palopalu.com\/en\/product\/puzzle-dinosaurios\/","og_site_name":"Palopal\u00fa","article_publisher":"https:\/\/www.facebook.com\/palopalupalopalu","article_modified_time":"2026-01-20T16:23:00+00:00","og_image":[{"width":695,"height":695,"url":"https:\/\/palopalu.com\/wp-content\/uploads\/2020\/09\/palopalu_puzdinos_cu.jpg","type":"image\/jpeg"}],"twitter_card":"summary_large_image","twitter_misc":{"Estimated reading time":"2 minutes"},"schema":{"@context":"https:\/\/schema.org","@graph":[{"@type":"WebPage","@id":"https:\/\/palopalu.com\/producto\/puzzle-dinosaurios\/","url":"https:\/\/palopalu.com\/producto\/puzzle-dinosaurios\/","name":"Puzzle Dinosaurios. Puzzle ilustrado hecho a mano","isPartOf":{"@id":"https:\/\/palopalu.com\/#website"},"primaryImageOfPage":{"@id":"https:\/\/palopalu.com\/producto\/puzzle-dinosaurios\/#primaryimage"},"image":{"@id":"https:\/\/palopalu.com\/producto\/puzzle-dinosaurios\/#primaryimage"},"thumbnailUrl":"https:\/\/palopalu.com\/wp-content\/uploads\/2020\/09\/palopalu_puzdinos_cu.jpg","datePublished":"2020-09-08T09:28:41+00:00","dateModified":"2026-01-20T16:23:00+00:00","description":"Un divertido puzzle de madera ilustrado para aprender y conocer el maravilloso mundo de los dinosaurios. Dise\u00f1o original hecho a mano.","breadcrumb":{"@id":"https:\/\/palopalu.com\/producto\/puzzle-dinosaurios\/#breadcrumb"},"inLanguage":"en-GB","potentialAction":[{"@type":"ReadAction","target":["https:\/\/palopalu.com\/producto\/puzzle-dinosaurios\/"]}]},{"@type":"ImageObject","inLanguage":"en-GB","@id":"https:\/\/palopalu.com\/producto\/puzzle-dinosaurios\/#primaryimage","url":"https:\/\/palopalu.com\/wp-content\/uploads\/2020\/09\/palopalu_puzdinos_cu.jpg","contentUrl":"https:\/\/palopalu.com\/wp-content\/uploads\/2020\/09\/palopalu_puzdinos_cu.jpg","width":695,"height":695,"caption":"Puzzle Dinosaurios"},{"@type":"BreadcrumbList","@id":"https:\/\/palopalu.com\/producto\/puzzle-dinosaurios\/#breadcrumb","itemListElement":[{"@type":"ListItem","position":1,"name":"Portada","item":"https:\/\/palopalu.com\/"},{"@type":"ListItem","position":2,"name":"Tienda","item":"https:\/\/palopalu.com\/tienda\/"},{"@type":"ListItem","position":3,"name":"Puzzle Dinosaurios"}]},{"@type":"WebSite","@id":"https:\/\/palopalu.com\/#website","url":"https:\/\/palopalu.com\/","name":"Palopal\u00fa","description":"Juguetes, decoraci\u00f3n y objetos personalizados en madera","publisher":{"@id":"https:\/\/palopalu.com\/#organization"},"potentialAction":[{"@type":"SearchAction","target":{"@type":"EntryPoint","urlTemplate":"https:\/\/palopalu.com\/?s={search_term_string}"},"query-input":{"@type":"PropertyValueSpecification","valueRequired":true,"valueName":"search_term_string"}}],"inLanguage":"en-GB"},{"@type":"Organization","@id":"https:\/\/palopalu.com\/#organization","name":"Palopal\u00fa","url":"https:\/\/palopalu.com\/","logo":{"@type":"ImageObject","inLanguage":"en-GB","@id":"https:\/\/palopalu.com\/#\/schema\/logo\/image\/","url":"https:\/\/palopalu.com\/wp-content\/uploads\/2019\/02\/logo-palopalu.png","contentUrl":"https:\/\/palopalu.com\/wp-content\/uploads\/2019\/02\/logo-palopalu.png","width":125,"height":30,"caption":"Palopal\u00fa"},"image":{"@id":"https:\/\/palopalu.com\/#\/schema\/logo\/image\/"},"sameAs":["https:\/\/www.facebook.com\/palopalupalopalu","https:\/\/www.instagram.com\/palopalu"]}]}},"_links":{"self":[{"href":"https:\/\/palopalu.com\/en\/wp-json\/wp\/v2\/product\/4378","targetHints":{"allow":["GET"]}}],"collection":[{"href":"https:\/\/palopalu.com\/en\/wp-json\/wp\/v2\/product"}],"about":[{"href":"https:\/\/palopalu.com\/en\/wp-json\/wp\/v2\/types\/product"}],"wp:featuredmedia":[{"embeddable":true,"href":"https:\/\/palopalu.com\/en\/wp-json\/wp\/v2\/media\/4372"}],"wp:attachment":[{"href":"https:\/\/palopalu.com\/en\/wp-json\/wp\/v2\/media?parent=4378"}],"wp:term":[{"taxonomy":"product_brand","embeddable":true,"href":"https:\/\/palopalu.com\/en\/wp-json\/wp\/v2\/product_brand?post=4378"},{"taxonomy":"product_cat","embeddable":true,"href":"https:\/\/palopalu.com\/en\/wp-json\/wp\/v2\/product_cat?post=4378"},{"taxonomy":"product_tag","embeddable":true,"href":"https:\/\/palopalu.com\/en\/wp-json\/wp\/v2\/product_tag?post=4378"}],"curies":[{"name":"wp","href":"https:\/\/api.w.org\/{rel}","templated":true}]}}