{"id":4454,"date":"2020-09-11T09:15:04","date_gmt":"2020-09-11T08:15:04","guid":{"rendered":"https:\/\/palopalu.com\/?post_type=product&#038;p=4454"},"modified":"2026-01-20T17:22:30","modified_gmt":"2026-01-20T16:22:30","slug":"tangram","status":"publish","type":"product","link":"https:\/\/palopalu.com\/en\/product\/tangram\/","title":{"rendered":"Tangram"},"content":{"rendered":"<p>Una versi\u00f3n en madera del tradicional juego chino Tangram con uno de los estampados m\u00e1s alegres de Palopal\u00fa.<\/p>\n<p>Un juego educativo perfecto para disfrutar a cualquier edad, a partir de 3 a\u00f1os.\u00a0 Con \u00e9l, se estimula la percepci\u00f3n visual y ayuda a fomentar la curiosidad por las formas geom\u00e9tricas. Mejorar\u00e1 el sentido espacial y potencia su creatividad e imaginaci\u00f3n. Viene acompa\u00f1ado de una fichas con un mont\u00f3n de ideas para crear diferentes figuras, pero tambi\u00e9n podr\u00e1 dar rienda suelta a su creatividad y construir e inventar nuevas formas.<\/p>\n<ul>\n<li>Gracias a este vers\u00e1til juego, <strong>desarrollar\u00e1 la coordinaci\u00f3n visomotora<\/strong>, la orientaci\u00f3n y estructuraci\u00f3n espacial, la atenci\u00f3n, la percepci\u00f3n y memoria visual, la percepci\u00f3n figura \u2013 fondo<\/li>\n<li><strong>Mejora el conocimiento matem\u00e1tico:<\/strong> los ni\u00f1os aprenden sin darse cuenta conceptos de geometr\u00eda, conocen las diferentes figuras como el romboide o el tri\u00e1ngulo. Incluso mejora la capacidad de concepci\u00f3n espacial y el aprendizaje en matem\u00e1ticas en general.<\/li>\n<li><strong>Potenciar\u00e1 con \u00e9l valores y capacidades<\/strong> como la paciencia, la constancia y la concentraci\u00f3n.<\/li>\n<\/ul>\n<p>\u00bfY c\u00f3mo se juega al Tangram?<b><\/b><\/p>\n<p>El juego consta de siete piezas que hay que organizar para formar la figura que elijas del libreto modelo que viene en la cajita. \u00a1Y nunca puede sobrar ninguna pieza!<\/p>\n<ul>\n<li>\n<div align=\"justify\">Hay que fijarse bien en que muchas piezas son equivalentes. El romboide, el tri\u00e1ngulo mediano y el cuadrado son equivalentes (tienen la misma superficie).<\/div>\n<\/li>\n<li>\n<div align=\"justify\">Juntando los dos tri\u00e1ngulos peque\u00f1os podemos construir el cuadrado, el romboide y el tri\u00e1ngulo mediano.<\/div>\n<\/li>\n<li>El romboide no es igual cara arriba que cara abajo, puede que necesitemos voltearlo.<\/li>\n<\/ul>\n<div align=\"left\">\n<table style=\"height: 5px;\" width=\"5\" cellspacing=\"10\">\n<tbody>\n<tr>\n<td valign=\"top\" width=\"100%\"><\/td>\n<\/tr>\n<\/tbody>\n<\/table>\n<\/div>","protected":false},"excerpt":{"rendered":"<p>Dimensiones: 9&#215;9 cm<\/p>","protected":false},"featured_media":4444,"template":"","meta":[],"product_brand":[],"product_cat":[102,105,108,111,307,80,117,118,119],"product_tag":[313,150,618],"class_list":{"0":"post-4454","1":"product","2":"type-product","3":"status-publish","4":"has-post-thumbnail","6":"product_cat-de-3-a-5-anos","7":"product_cat-de-5-a-8-anos","8":"product_cat-de-8-a-11-anos","9":"product_cat-hasta-100-anos","10":"product_cat-juegos-didacticos","11":"product_cat-juguetes","12":"product_cat-puzzles","13":"product_cat-rompecabezas","14":"product_cat-tangram","15":"product_tag-juegos-didacticos","16":"product_tag-juguetes-de-madera","17":"product_tag-tangram-en","18":"clearfix","20":"first","21":"instock","22":"shipping-taxable","23":"purchasable","24":"product-type-simple"},"yoast_head":"<!-- This site is optimized with the Yoast SEO plugin v27.5 - https:\/\/yoast.com\/product\/yoast-seo-wordpress\/ -->\n<title>Tangram. Versi\u00f3n en madera ilustrada del juego tradicional chino.<\/title>\n<meta name=\"description\" content=\"El tangram, un juego con el que hace m\u00e1s de 2000 a\u00f1os ya se jugaba en la antig\u00fca china. Una versi\u00f3n para llevar, ilustrada y en madera.\" \/>\n<meta name=\"robots\" content=\"index, follow, max-snippet:-1, max-image-preview:large, max-video-preview:-1\" \/>\n<link rel=\"canonical\" href=\"https:\/\/palopalu.com\/en\/product\/tangram\/\" \/>\n<meta property=\"og:locale\" content=\"en_GB\" \/>\n<meta property=\"og:type\" content=\"article\" \/>\n<meta property=\"og:title\" content=\"Tangram. Versi\u00f3n en madera ilustrada del juego tradicional chino.\" \/>\n<meta property=\"og:description\" content=\"El tangram, un juego con el que hace m\u00e1s de 2000 a\u00f1os ya se jugaba en la antig\u00fca china. Una versi\u00f3n para llevar, ilustrada y en madera.\" \/>\n<meta property=\"og:url\" content=\"https:\/\/palopalu.com\/en\/product\/tangram\/\" \/>\n<meta property=\"og:site_name\" content=\"Palopal\u00fa\" \/>\n<meta property=\"article:publisher\" content=\"https:\/\/www.facebook.com\/palopalupalopalu\" \/>\n<meta property=\"article:modified_time\" content=\"2026-01-20T16:22:30+00:00\" \/>\n<meta property=\"og:image\" content=\"https:\/\/palopalu.com\/wp-content\/uploads\/2020\/09\/palopalu_tangramn5.jpg\" \/>\n\t<meta property=\"og:image:width\" content=\"1200\" \/>\n\t<meta property=\"og:image:height\" content=\"800\" \/>\n\t<meta property=\"og:image:type\" content=\"image\/jpeg\" \/>\n<meta name=\"twitter:card\" content=\"summary_large_image\" \/>\n<meta name=\"twitter:label1\" content=\"Estimated reading time\" \/>\n\t<meta name=\"twitter:data1\" content=\"2 minutes\" \/>\n<script type=\"application\/ld+json\" class=\"yoast-schema-graph\">{\"@context\":\"https:\\\/\\\/schema.org\",\"@graph\":[{\"@type\":\"WebPage\",\"@id\":\"https:\\\/\\\/palopalu.com\\\/producto\\\/tangram\\\/\",\"url\":\"https:\\\/\\\/palopalu.com\\\/producto\\\/tangram\\\/\",\"name\":\"Tangram. Versi\u00f3n en madera ilustrada del juego tradicional chino.\",\"isPartOf\":{\"@id\":\"https:\\\/\\\/palopalu.com\\\/#website\"},\"primaryImageOfPage\":{\"@id\":\"https:\\\/\\\/palopalu.com\\\/producto\\\/tangram\\\/#primaryimage\"},\"image\":{\"@id\":\"https:\\\/\\\/palopalu.com\\\/producto\\\/tangram\\\/#primaryimage\"},\"thumbnailUrl\":\"https:\\\/\\\/palopalu.com\\\/wp-content\\\/uploads\\\/2020\\\/09\\\/palopalu_tangramn5.jpg\",\"datePublished\":\"2020-09-11T08:15:04+00:00\",\"dateModified\":\"2026-01-20T16:22:30+00:00\",\"description\":\"El tangram, un juego con el que hace m\u00e1s de 2000 a\u00f1os ya se jugaba en la antig\u00fca china. Una versi\u00f3n para llevar, ilustrada y en madera.\",\"breadcrumb\":{\"@id\":\"https:\\\/\\\/palopalu.com\\\/producto\\\/tangram\\\/#breadcrumb\"},\"inLanguage\":\"en-GB\",\"potentialAction\":[{\"@type\":\"ReadAction\",\"target\":[\"https:\\\/\\\/palopalu.com\\\/producto\\\/tangram\\\/\"]}]},{\"@type\":\"ImageObject\",\"inLanguage\":\"en-GB\",\"@id\":\"https:\\\/\\\/palopalu.com\\\/producto\\\/tangram\\\/#primaryimage\",\"url\":\"https:\\\/\\\/palopalu.com\\\/wp-content\\\/uploads\\\/2020\\\/09\\\/palopalu_tangramn5.jpg\",\"contentUrl\":\"https:\\\/\\\/palopalu.com\\\/wp-content\\\/uploads\\\/2020\\\/09\\\/palopalu_tangramn5.jpg\",\"width\":1200,\"height\":800},{\"@type\":\"BreadcrumbList\",\"@id\":\"https:\\\/\\\/palopalu.com\\\/producto\\\/tangram\\\/#breadcrumb\",\"itemListElement\":[{\"@type\":\"ListItem\",\"position\":1,\"name\":\"Portada\",\"item\":\"https:\\\/\\\/palopalu.com\\\/\"},{\"@type\":\"ListItem\",\"position\":2,\"name\":\"Tienda\",\"item\":\"https:\\\/\\\/palopalu.com\\\/tienda\\\/\"},{\"@type\":\"ListItem\",\"position\":3,\"name\":\"Tangram\"}]},{\"@type\":\"WebSite\",\"@id\":\"https:\\\/\\\/palopalu.com\\\/#website\",\"url\":\"https:\\\/\\\/palopalu.com\\\/\",\"name\":\"Palopal\u00fa\",\"description\":\"Juguetes, decoraci\u00f3n y objetos personalizados en madera\",\"publisher\":{\"@id\":\"https:\\\/\\\/palopalu.com\\\/#organization\"},\"potentialAction\":[{\"@type\":\"SearchAction\",\"target\":{\"@type\":\"EntryPoint\",\"urlTemplate\":\"https:\\\/\\\/palopalu.com\\\/?s={search_term_string}\"},\"query-input\":{\"@type\":\"PropertyValueSpecification\",\"valueRequired\":true,\"valueName\":\"search_term_string\"}}],\"inLanguage\":\"en-GB\"},{\"@type\":\"Organization\",\"@id\":\"https:\\\/\\\/palopalu.com\\\/#organization\",\"name\":\"Palopal\u00fa\",\"url\":\"https:\\\/\\\/palopalu.com\\\/\",\"logo\":{\"@type\":\"ImageObject\",\"inLanguage\":\"en-GB\",\"@id\":\"https:\\\/\\\/palopalu.com\\\/#\\\/schema\\\/logo\\\/image\\\/\",\"url\":\"https:\\\/\\\/palopalu.com\\\/wp-content\\\/uploads\\\/2019\\\/02\\\/logo-palopalu.png\",\"contentUrl\":\"https:\\\/\\\/palopalu.com\\\/wp-content\\\/uploads\\\/2019\\\/02\\\/logo-palopalu.png\",\"width\":125,\"height\":30,\"caption\":\"Palopal\u00fa\"},\"image\":{\"@id\":\"https:\\\/\\\/palopalu.com\\\/#\\\/schema\\\/logo\\\/image\\\/\"},\"sameAs\":[\"https:\\\/\\\/www.facebook.com\\\/palopalupalopalu\",\"https:\\\/\\\/www.instagram.com\\\/palopalu\"]}]}<\/script>\n<!-- \/ Yoast SEO plugin. -->","yoast_head_json":{"title":"Tangram. Versi\u00f3n en madera ilustrada del juego tradicional chino.","description":"El tangram, un juego con el que hace m\u00e1s de 2000 a\u00f1os ya se jugaba en la antig\u00fca china. Una versi\u00f3n para llevar, ilustrada y en madera.","robots":{"index":"index","follow":"follow","max-snippet":"max-snippet:-1","max-image-preview":"max-image-preview:large","max-video-preview":"max-video-preview:-1"},"canonical":"https:\/\/palopalu.com\/en\/product\/tangram\/","og_locale":"en_GB","og_type":"article","og_title":"Tangram. Versi\u00f3n en madera ilustrada del juego tradicional chino.","og_description":"El tangram, un juego con el que hace m\u00e1s de 2000 a\u00f1os ya se jugaba en la antig\u00fca china. Una versi\u00f3n para llevar, ilustrada y en madera.","og_url":"https:\/\/palopalu.com\/en\/product\/tangram\/","og_site_name":"Palopal\u00fa","article_publisher":"https:\/\/www.facebook.com\/palopalupalopalu","article_modified_time":"2026-01-20T16:22:30+00:00","og_image":[{"width":1200,"height":800,"url":"https:\/\/palopalu.com\/wp-content\/uploads\/2020\/09\/palopalu_tangramn5.jpg","type":"image\/jpeg"}],"twitter_card":"summary_large_image","twitter_misc":{"Estimated reading time":"2 minutes"},"schema":{"@context":"https:\/\/schema.org","@graph":[{"@type":"WebPage","@id":"https:\/\/palopalu.com\/producto\/tangram\/","url":"https:\/\/palopalu.com\/producto\/tangram\/","name":"Tangram. Versi\u00f3n en madera ilustrada del juego tradicional chino.","isPartOf":{"@id":"https:\/\/palopalu.com\/#website"},"primaryImageOfPage":{"@id":"https:\/\/palopalu.com\/producto\/tangram\/#primaryimage"},"image":{"@id":"https:\/\/palopalu.com\/producto\/tangram\/#primaryimage"},"thumbnailUrl":"https:\/\/palopalu.com\/wp-content\/uploads\/2020\/09\/palopalu_tangramn5.jpg","datePublished":"2020-09-11T08:15:04+00:00","dateModified":"2026-01-20T16:22:30+00:00","description":"El tangram, un juego con el que hace m\u00e1s de 2000 a\u00f1os ya se jugaba en la antig\u00fca china. Una versi\u00f3n para llevar, ilustrada y en madera.","breadcrumb":{"@id":"https:\/\/palopalu.com\/producto\/tangram\/#breadcrumb"},"inLanguage":"en-GB","potentialAction":[{"@type":"ReadAction","target":["https:\/\/palopalu.com\/producto\/tangram\/"]}]},{"@type":"ImageObject","inLanguage":"en-GB","@id":"https:\/\/palopalu.com\/producto\/tangram\/#primaryimage","url":"https:\/\/palopalu.com\/wp-content\/uploads\/2020\/09\/palopalu_tangramn5.jpg","contentUrl":"https:\/\/palopalu.com\/wp-content\/uploads\/2020\/09\/palopalu_tangramn5.jpg","width":1200,"height":800},{"@type":"BreadcrumbList","@id":"https:\/\/palopalu.com\/producto\/tangram\/#breadcrumb","itemListElement":[{"@type":"ListItem","position":1,"name":"Portada","item":"https:\/\/palopalu.com\/"},{"@type":"ListItem","position":2,"name":"Tienda","item":"https:\/\/palopalu.com\/tienda\/"},{"@type":"ListItem","position":3,"name":"Tangram"}]},{"@type":"WebSite","@id":"https:\/\/palopalu.com\/#website","url":"https:\/\/palopalu.com\/","name":"Palopal\u00fa","description":"Juguetes, decoraci\u00f3n y objetos personalizados en madera","publisher":{"@id":"https:\/\/palopalu.com\/#organization"},"potentialAction":[{"@type":"SearchAction","target":{"@type":"EntryPoint","urlTemplate":"https:\/\/palopalu.com\/?s={search_term_string}"},"query-input":{"@type":"PropertyValueSpecification","valueRequired":true,"valueName":"search_term_string"}}],"inLanguage":"en-GB"},{"@type":"Organization","@id":"https:\/\/palopalu.com\/#organization","name":"Palopal\u00fa","url":"https:\/\/palopalu.com\/","logo":{"@type":"ImageObject","inLanguage":"en-GB","@id":"https:\/\/palopalu.com\/#\/schema\/logo\/image\/","url":"https:\/\/palopalu.com\/wp-content\/uploads\/2019\/02\/logo-palopalu.png","contentUrl":"https:\/\/palopalu.com\/wp-content\/uploads\/2019\/02\/logo-palopalu.png","width":125,"height":30,"caption":"Palopal\u00fa"},"image":{"@id":"https:\/\/palopalu.com\/#\/schema\/logo\/image\/"},"sameAs":["https:\/\/www.facebook.com\/palopalupalopalu","https:\/\/www.instagram.com\/palopalu"]}]}},"_links":{"self":[{"href":"https:\/\/palopalu.com\/en\/wp-json\/wp\/v2\/product\/4454","targetHints":{"allow":["GET"]}}],"collection":[{"href":"https:\/\/palopalu.com\/en\/wp-json\/wp\/v2\/product"}],"about":[{"href":"https:\/\/palopalu.com\/en\/wp-json\/wp\/v2\/types\/product"}],"wp:featuredmedia":[{"embeddable":true,"href":"https:\/\/palopalu.com\/en\/wp-json\/wp\/v2\/media\/4444"}],"wp:attachment":[{"href":"https:\/\/palopalu.com\/en\/wp-json\/wp\/v2\/media?parent=4454"}],"wp:term":[{"taxonomy":"product_brand","embeddable":true,"href":"https:\/\/palopalu.com\/en\/wp-json\/wp\/v2\/product_brand?post=4454"},{"taxonomy":"product_cat","embeddable":true,"href":"https:\/\/palopalu.com\/en\/wp-json\/wp\/v2\/product_cat?post=4454"},{"taxonomy":"product_tag","embeddable":true,"href":"https:\/\/palopalu.com\/en\/wp-json\/wp\/v2\/product_tag?post=4454"}],"curies":[{"name":"wp","href":"https:\/\/api.w.org\/{rel}","templated":true}]}}