{"id":4487,"date":"2020-10-13T12:17:19","date_gmt":"2020-10-13T11:17:19","guid":{"rendered":"https:\/\/palopalu.com\/?post_type=product&#038;p=4487"},"modified":"2026-01-20T17:21:39","modified_gmt":"2026-01-20T16:21:39","slug":"taza-ceramica-hibridos-2","status":"publish","type":"product","link":"https:\/\/palopalu.com\/en\/product\/taza-ceramica-hibridos-2\/","title":{"rendered":"Taza Cer\u00e1mica H\u00edbridos #2"},"content":{"rendered":"<p>Con la taza cer\u00e1mica Hibridos #2 salimos de la madera y te presento ilustraciones en un nuevo formato para que puedas disfrutarlas desde el comienzo del d\u00eda.<\/p>\n<p>Todas las ilustraciones son originales Palopal\u00fa. No querr\u00e1s guardarlas en un armario ya que son ideales hasta para dar un toque a tu decoraci\u00f3n. Diferentes y llenas de creatividad, estas tazas fabricadas totalmente en Espa\u00f1a son adem\u00e1s un bonito objeto funcional que decorar\u00e1 tu mesa.<\/p>\n<p>Nosotras mismas hemos ilustrado esta taza en nuestro propio taller, a partir de calcas cer\u00e1micas de tercer fuego que aplicamos una a una de manera totalmente manual. Rematadas con un borde pintado en negro que le da un toque genial estilo vintage.<\/p>\n<p>La taza cer\u00e1mica H\u00edbridos #2 est\u00e1 ilustrada con tres personajes divertidos y atrevidos con cabeza de animal y cuerpo humano, salidos directamente de nuestro imaginario.<\/p>\n<p>Y no s\u00f3lo tenemos este modelo, sino que tenemos otra taza m\u00e1s, Hibridos #1, que har\u00e1 la pareja perfecta con este modelo.<\/p>\n<p>Son totalmente aptas para uso alimenticio. Podr\u00e1s utilizarlas tanto en microondas como lavar en lavavajillas.<\/p>\n<p>Sus medidas son de 8,6 cm de di\u00e1metro y 8,5 cm de altura. Capacidad 30cl.<\/p>\n<p>Al ser realizadas de manera totalmente manual, puede haber alguna variaci\u00f3n en sus ilustraciones, es lo que dar\u00e1 el toque \u00fanico y exclusivo de cada pieza.<\/p>\n<p>Cada taza va acompa\u00f1ada de un packaging perfecto para regalo, una caja de cart\u00f3n que adem\u00e1s la protege y da el toque de color. \u00a1Queremos cuidar del medioambiente! As\u00ed que no utilizamos ning\u00fan pl\u00e1stico, todos los materiales son reutilizables y reciclables.<\/p>\n<p>Puedes descubrir otros modelos diferentes dentro de nuestra l\u00ednea exclusiva dedicada a la cer\u00e1mica donde encontrar\u00e1s m\u00e1s dise\u00f1os realizados tambi\u00e9n en edici\u00f3n limitada. Entra en nuestra l\u00ednea de decoraci\u00f3n y no te pierdas ninguno de nuestros dise\u00f1os, en especial nuestras tazas ilustradas. \u00a1Querr\u00e1s coleccionarlas todas!<\/p>","protected":false},"excerpt":{"rendered":"<p>Tres ilustraciones originales dise\u00f1o Palopal\u00fa.<br \/>\nDe gran durabilidad y calidad, esta colecci\u00f3n de tazas es ilustrada en el taller de Palopal\u00fa de manera totalmente manual a partir de calcas de tercer fuego.<br \/>\nPerfectamente aptas para uso alimenticio.<br \/>\nAptas para uso en lavavajillas y microondas.<br \/>\nSus medidas son de 8,6 cm de di\u00e1metro y 8,5 cm de altura. Capacidad 30cl.<\/p>","protected":false},"featured_media":4483,"template":"","meta":[],"product_brand":[],"product_cat":[294,78],"product_tag":[321,558,320],"class_list":{"0":"post-4487","1":"product","2":"type-product","3":"status-publish","4":"has-post-thumbnail","6":"product_cat-ceramica","7":"product_cat-decoracion","8":"product_tag-ceramica","9":"product_tag-decoracion-en","10":"product_tag-taza","11":"clearfix","13":"first","14":"instock","15":"shipping-taxable","16":"purchasable","17":"product-type-simple"},"yoast_head":"<!-- This site is optimized with the Yoast SEO plugin v27.5 - https:\/\/yoast.com\/product\/yoast-seo-wordpress\/ -->\n<title>Taza cer\u00e1mica H\u00edbridos #2. Ilustrada con tres personajes. Edici\u00f3n limitada.<\/title>\n<meta name=\"description\" content=\"La taza cer\u00e1mica H\u00edbridos #2 con divertidos personajes. La ilustraci\u00f3n en una exclusiva taza dise\u00f1o original de Palopal\u00fa.\" \/>\n<meta name=\"robots\" content=\"index, follow, max-snippet:-1, max-image-preview:large, max-video-preview:-1\" \/>\n<link rel=\"canonical\" href=\"https:\/\/palopalu.com\/en\/product\/taza-ceramica-hibridos-2\/\" \/>\n<meta property=\"og:locale\" content=\"en_GB\" \/>\n<meta property=\"og:type\" content=\"article\" \/>\n<meta property=\"og:title\" content=\"Taza cer\u00e1mica H\u00edbridos #2. Ilustrada con tres personajes. Edici\u00f3n limitada.\" \/>\n<meta property=\"og:description\" content=\"La taza cer\u00e1mica H\u00edbridos #2 con divertidos personajes. La ilustraci\u00f3n en una exclusiva taza dise\u00f1o original de Palopal\u00fa.\" \/>\n<meta property=\"og:url\" content=\"https:\/\/palopalu.com\/en\/product\/taza-ceramica-hibridos-2\/\" \/>\n<meta property=\"og:site_name\" content=\"Palopal\u00fa\" \/>\n<meta property=\"article:publisher\" content=\"https:\/\/www.facebook.com\/palopalupalopalu\" \/>\n<meta property=\"article:modified_time\" content=\"2026-01-20T16:21:39+00:00\" \/>\n<meta property=\"og:image\" content=\"https:\/\/palopalu.com\/wp-content\/uploads\/2020\/10\/Hibrido-2-blanco.jpg\" \/>\n\t<meta property=\"og:image:width\" content=\"1200\" \/>\n\t<meta property=\"og:image:height\" content=\"1200\" \/>\n\t<meta property=\"og:image:type\" content=\"image\/jpeg\" \/>\n<meta name=\"twitter:card\" content=\"summary_large_image\" \/>\n<meta name=\"twitter:label1\" content=\"Estimated reading time\" \/>\n\t<meta name=\"twitter:data1\" content=\"2 minutes\" \/>\n<script type=\"application\/ld+json\" class=\"yoast-schema-graph\">{\"@context\":\"https:\\\/\\\/schema.org\",\"@graph\":[{\"@type\":\"WebPage\",\"@id\":\"https:\\\/\\\/palopalu.com\\\/producto\\\/taza-ceramica-hibridos-2\\\/\",\"url\":\"https:\\\/\\\/palopalu.com\\\/producto\\\/taza-ceramica-hibridos-2\\\/\",\"name\":\"Taza cer\u00e1mica H\u00edbridos #2. Ilustrada con tres personajes. Edici\u00f3n limitada.\",\"isPartOf\":{\"@id\":\"https:\\\/\\\/palopalu.com\\\/#website\"},\"primaryImageOfPage\":{\"@id\":\"https:\\\/\\\/palopalu.com\\\/producto\\\/taza-ceramica-hibridos-2\\\/#primaryimage\"},\"image\":{\"@id\":\"https:\\\/\\\/palopalu.com\\\/producto\\\/taza-ceramica-hibridos-2\\\/#primaryimage\"},\"thumbnailUrl\":\"https:\\\/\\\/palopalu.com\\\/wp-content\\\/uploads\\\/2020\\\/10\\\/Hibrido-2-blanco.jpg\",\"datePublished\":\"2020-10-13T11:17:19+00:00\",\"dateModified\":\"2026-01-20T16:21:39+00:00\",\"description\":\"La taza cer\u00e1mica H\u00edbridos #2 con divertidos personajes. La ilustraci\u00f3n en una exclusiva taza dise\u00f1o original de Palopal\u00fa.\",\"breadcrumb\":{\"@id\":\"https:\\\/\\\/palopalu.com\\\/producto\\\/taza-ceramica-hibridos-2\\\/#breadcrumb\"},\"inLanguage\":\"en-GB\",\"potentialAction\":[{\"@type\":\"ReadAction\",\"target\":[\"https:\\\/\\\/palopalu.com\\\/producto\\\/taza-ceramica-hibridos-2\\\/\"]}]},{\"@type\":\"ImageObject\",\"inLanguage\":\"en-GB\",\"@id\":\"https:\\\/\\\/palopalu.com\\\/producto\\\/taza-ceramica-hibridos-2\\\/#primaryimage\",\"url\":\"https:\\\/\\\/palopalu.com\\\/wp-content\\\/uploads\\\/2020\\\/10\\\/Hibrido-2-blanco.jpg\",\"contentUrl\":\"https:\\\/\\\/palopalu.com\\\/wp-content\\\/uploads\\\/2020\\\/10\\\/Hibrido-2-blanco.jpg\",\"width\":1200,\"height\":1200,\"caption\":\"taza cer\u00e1mica H\u00edbridos #1\"},{\"@type\":\"BreadcrumbList\",\"@id\":\"https:\\\/\\\/palopalu.com\\\/producto\\\/taza-ceramica-hibridos-2\\\/#breadcrumb\",\"itemListElement\":[{\"@type\":\"ListItem\",\"position\":1,\"name\":\"Portada\",\"item\":\"https:\\\/\\\/palopalu.com\\\/\"},{\"@type\":\"ListItem\",\"position\":2,\"name\":\"Tienda\",\"item\":\"https:\\\/\\\/palopalu.com\\\/tienda\\\/\"},{\"@type\":\"ListItem\",\"position\":3,\"name\":\"Taza Cer\u00e1mica H\u00edbridos #2\"}]},{\"@type\":\"WebSite\",\"@id\":\"https:\\\/\\\/palopalu.com\\\/#website\",\"url\":\"https:\\\/\\\/palopalu.com\\\/\",\"name\":\"Palopal\u00fa\",\"description\":\"Juguetes, decoraci\u00f3n y objetos personalizados en madera\",\"publisher\":{\"@id\":\"https:\\\/\\\/palopalu.com\\\/#organization\"},\"potentialAction\":[{\"@type\":\"SearchAction\",\"target\":{\"@type\":\"EntryPoint\",\"urlTemplate\":\"https:\\\/\\\/palopalu.com\\\/?s={search_term_string}\"},\"query-input\":{\"@type\":\"PropertyValueSpecification\",\"valueRequired\":true,\"valueName\":\"search_term_string\"}}],\"inLanguage\":\"en-GB\"},{\"@type\":\"Organization\",\"@id\":\"https:\\\/\\\/palopalu.com\\\/#organization\",\"name\":\"Palopal\u00fa\",\"url\":\"https:\\\/\\\/palopalu.com\\\/\",\"logo\":{\"@type\":\"ImageObject\",\"inLanguage\":\"en-GB\",\"@id\":\"https:\\\/\\\/palopalu.com\\\/#\\\/schema\\\/logo\\\/image\\\/\",\"url\":\"https:\\\/\\\/palopalu.com\\\/wp-content\\\/uploads\\\/2019\\\/02\\\/logo-palopalu.png\",\"contentUrl\":\"https:\\\/\\\/palopalu.com\\\/wp-content\\\/uploads\\\/2019\\\/02\\\/logo-palopalu.png\",\"width\":125,\"height\":30,\"caption\":\"Palopal\u00fa\"},\"image\":{\"@id\":\"https:\\\/\\\/palopalu.com\\\/#\\\/schema\\\/logo\\\/image\\\/\"},\"sameAs\":[\"https:\\\/\\\/www.facebook.com\\\/palopalupalopalu\",\"https:\\\/\\\/www.instagram.com\\\/palopalu\"]}]}<\/script>\n<!-- \/ Yoast SEO plugin. -->","yoast_head_json":{"title":"Taza cer\u00e1mica H\u00edbridos #2. Ilustrada con tres personajes. Edici\u00f3n limitada.","description":"La taza cer\u00e1mica H\u00edbridos #2 con divertidos personajes. La ilustraci\u00f3n en una exclusiva taza dise\u00f1o original de Palopal\u00fa.","robots":{"index":"index","follow":"follow","max-snippet":"max-snippet:-1","max-image-preview":"max-image-preview:large","max-video-preview":"max-video-preview:-1"},"canonical":"https:\/\/palopalu.com\/en\/product\/taza-ceramica-hibridos-2\/","og_locale":"en_GB","og_type":"article","og_title":"Taza cer\u00e1mica H\u00edbridos #2. Ilustrada con tres personajes. Edici\u00f3n limitada.","og_description":"La taza cer\u00e1mica H\u00edbridos #2 con divertidos personajes. La ilustraci\u00f3n en una exclusiva taza dise\u00f1o original de Palopal\u00fa.","og_url":"https:\/\/palopalu.com\/en\/product\/taza-ceramica-hibridos-2\/","og_site_name":"Palopal\u00fa","article_publisher":"https:\/\/www.facebook.com\/palopalupalopalu","article_modified_time":"2026-01-20T16:21:39+00:00","og_image":[{"width":1200,"height":1200,"url":"https:\/\/palopalu.com\/wp-content\/uploads\/2020\/10\/Hibrido-2-blanco.jpg","type":"image\/jpeg"}],"twitter_card":"summary_large_image","twitter_misc":{"Estimated reading time":"2 minutes"},"schema":{"@context":"https:\/\/schema.org","@graph":[{"@type":"WebPage","@id":"https:\/\/palopalu.com\/producto\/taza-ceramica-hibridos-2\/","url":"https:\/\/palopalu.com\/producto\/taza-ceramica-hibridos-2\/","name":"Taza cer\u00e1mica H\u00edbridos #2. Ilustrada con tres personajes. Edici\u00f3n limitada.","isPartOf":{"@id":"https:\/\/palopalu.com\/#website"},"primaryImageOfPage":{"@id":"https:\/\/palopalu.com\/producto\/taza-ceramica-hibridos-2\/#primaryimage"},"image":{"@id":"https:\/\/palopalu.com\/producto\/taza-ceramica-hibridos-2\/#primaryimage"},"thumbnailUrl":"https:\/\/palopalu.com\/wp-content\/uploads\/2020\/10\/Hibrido-2-blanco.jpg","datePublished":"2020-10-13T11:17:19+00:00","dateModified":"2026-01-20T16:21:39+00:00","description":"La taza cer\u00e1mica H\u00edbridos #2 con divertidos personajes. La ilustraci\u00f3n en una exclusiva taza dise\u00f1o original de Palopal\u00fa.","breadcrumb":{"@id":"https:\/\/palopalu.com\/producto\/taza-ceramica-hibridos-2\/#breadcrumb"},"inLanguage":"en-GB","potentialAction":[{"@type":"ReadAction","target":["https:\/\/palopalu.com\/producto\/taza-ceramica-hibridos-2\/"]}]},{"@type":"ImageObject","inLanguage":"en-GB","@id":"https:\/\/palopalu.com\/producto\/taza-ceramica-hibridos-2\/#primaryimage","url":"https:\/\/palopalu.com\/wp-content\/uploads\/2020\/10\/Hibrido-2-blanco.jpg","contentUrl":"https:\/\/palopalu.com\/wp-content\/uploads\/2020\/10\/Hibrido-2-blanco.jpg","width":1200,"height":1200,"caption":"taza cer\u00e1mica H\u00edbridos #1"},{"@type":"BreadcrumbList","@id":"https:\/\/palopalu.com\/producto\/taza-ceramica-hibridos-2\/#breadcrumb","itemListElement":[{"@type":"ListItem","position":1,"name":"Portada","item":"https:\/\/palopalu.com\/"},{"@type":"ListItem","position":2,"name":"Tienda","item":"https:\/\/palopalu.com\/tienda\/"},{"@type":"ListItem","position":3,"name":"Taza Cer\u00e1mica H\u00edbridos #2"}]},{"@type":"WebSite","@id":"https:\/\/palopalu.com\/#website","url":"https:\/\/palopalu.com\/","name":"Palopal\u00fa","description":"Juguetes, decoraci\u00f3n y objetos personalizados en madera","publisher":{"@id":"https:\/\/palopalu.com\/#organization"},"potentialAction":[{"@type":"SearchAction","target":{"@type":"EntryPoint","urlTemplate":"https:\/\/palopalu.com\/?s={search_term_string}"},"query-input":{"@type":"PropertyValueSpecification","valueRequired":true,"valueName":"search_term_string"}}],"inLanguage":"en-GB"},{"@type":"Organization","@id":"https:\/\/palopalu.com\/#organization","name":"Palopal\u00fa","url":"https:\/\/palopalu.com\/","logo":{"@type":"ImageObject","inLanguage":"en-GB","@id":"https:\/\/palopalu.com\/#\/schema\/logo\/image\/","url":"https:\/\/palopalu.com\/wp-content\/uploads\/2019\/02\/logo-palopalu.png","contentUrl":"https:\/\/palopalu.com\/wp-content\/uploads\/2019\/02\/logo-palopalu.png","width":125,"height":30,"caption":"Palopal\u00fa"},"image":{"@id":"https:\/\/palopalu.com\/#\/schema\/logo\/image\/"},"sameAs":["https:\/\/www.facebook.com\/palopalupalopalu","https:\/\/www.instagram.com\/palopalu"]}]}},"_links":{"self":[{"href":"https:\/\/palopalu.com\/en\/wp-json\/wp\/v2\/product\/4487","targetHints":{"allow":["GET"]}}],"collection":[{"href":"https:\/\/palopalu.com\/en\/wp-json\/wp\/v2\/product"}],"about":[{"href":"https:\/\/palopalu.com\/en\/wp-json\/wp\/v2\/types\/product"}],"wp:featuredmedia":[{"embeddable":true,"href":"https:\/\/palopalu.com\/en\/wp-json\/wp\/v2\/media\/4483"}],"wp:attachment":[{"href":"https:\/\/palopalu.com\/en\/wp-json\/wp\/v2\/media?parent=4487"}],"wp:term":[{"taxonomy":"product_brand","embeddable":true,"href":"https:\/\/palopalu.com\/en\/wp-json\/wp\/v2\/product_brand?post=4487"},{"taxonomy":"product_cat","embeddable":true,"href":"https:\/\/palopalu.com\/en\/wp-json\/wp\/v2\/product_cat?post=4487"},{"taxonomy":"product_tag","embeddable":true,"href":"https:\/\/palopalu.com\/en\/wp-json\/wp\/v2\/product_tag?post=4487"}],"curies":[{"name":"wp","href":"https:\/\/api.w.org\/{rel}","templated":true}]}}