{"id":4566,"date":"2021-01-20T15:39:44","date_gmt":"2021-01-20T14:39:44","guid":{"rendered":"https:\/\/palopalu.com\/?post_type=product&#038;p=4566"},"modified":"2026-01-20T17:21:07","modified_gmt":"2026-01-20T16:21:07","slug":"teatro-marionetas-pizarra-personalizable-madera","status":"publish","type":"product","link":"https:\/\/palopalu.com\/en\/product\/teatro-marionetas-pizarra-personalizable-madera\/","title":{"rendered":"Puppet theater"},"content":{"rendered":"<h4>\u00a1El teatro de marionetas Palopal\u00fa ya est\u00e1 aqu\u00ed!<\/h4>\n<p>El teatro de marionetas es una preciosa pieza inspirada en los dise\u00f1os vintage de los juguetes de toda la vida. Un juego con el que vivir\u00e1n la magia del teatro, compartiendo un momento especial y universal como es el de comunicar y contar historias oralmente.<\/p>\n<p>Dise\u00f1ado para incentivar la imaginaci\u00f3n y creatividad de los m\u00e1s peque\u00f1os. Y para ello, adem\u00e1s de su escenario plegable delantero, incluye tambi\u00e9n un fondo de escenario de pizarra y tizas para que ellos mismos dibujen y creen maravillosas decoraciones que acompa\u00f1en las historias.\u00a0 Todo pensado con un sistema sencill\u00edsimo para plegar todas sus piezas, montar y desmontar muy f\u00e1cil, y guardar c\u00f3modamente en muy poco espacio.<\/p>\n<p>Realizado totalmente en madera, un material natural y de gran calidad que har\u00e1 de este juego un dise\u00f1o de gran durabilidad para poder compartir entre hermanos y pasar de generaci\u00f3n en generaci\u00f3n.<\/p>\n<p>Querr\u00e1s que forme parte de la decoraci\u00f3n. De formas cuidadas y con una bonita madera clara, que dar\u00e1 un toque diferente y muy original a cuaquier ambiente, independientemente de que sea o no infantil.<\/p>\n<p>Este teatro de marionetas es perfecto para combinar junto a otros de nuestros dise\u00f1os como son las <strong>Marionetas \u00fanicas<\/strong> de palo, o los juegos de <strong>Marionetas de Piratas<\/strong> o <strong>Marionetas Baile de M\u00e1scaras<\/strong> que encontrar\u00e1s en nuestro cat\u00e1logo de juguetes.<\/p>\n<h4>Son much\u00edsimos los beneficios de jugar al teatro de marionetas<\/h4>\n<ul>\n<li>Un juego que gusta a la gran mayor\u00eda de ni\u00f1os y perfecto para compartir tambi\u00e9n con adultos. Un juego con el que emptizar y crear cuentos, contar aventuras e inventar personajes.<\/li>\n<li>Ver teatros de marionetas, adem\u00e1s de divertido, tambi\u00e9n es pedag\u00f3gico.<\/li>\n<li>Desarrolla la creatividad e imaginaci\u00f3n de los ni\u00f1os desde que comienzan a inventar sus propias historias.<\/li>\n<li>Potencian la capacidad de atenci\u00f3n y concentraci\u00f3n. Ayuda al ni\u00f1o a centrarse en una actividad y a seguir el hilo de una historia e implicarse con el juego.<\/li>\n<li>Es un recurso perfecto para educar en valores. Un momento perfecto para tratar con los m\u00e1s peque\u00f1os, a trav\u00e9s de los personajes y sus historias, valores como la bondad, la tolerancia o la generosidad.<\/li>\n<\/ul>\n<h4><\/h4>\n<h4>Las dimensiones del teatro son:<\/h4>\n<p>Abierto: 74cm x 32 cm<\/p>\n<p>Plegado: 38cm x 32 cm<\/p>\n<p>Incluye:<\/p>\n<p>Elemento delantero de escenario con visagras para un f\u00e1cil plegado.<\/p>\n<p>Fondo de pizarra con dos soportes de madera para colocarlo verticalmente de manera muy sencilla.<\/p>\n<p>\u00a1Paquete con tizas para dibujar todos los fondos que puedas imaginar para tus historias!<\/p>\n<p>&nbsp;<\/p>\n<p>&nbsp;<\/p>","protected":false},"excerpt":{"rendered":"<p>\u00a1El teatro de marionetas Palopal\u00fa ya est\u00e1 aqu\u00ed! El teatro de marionetas es una preciosa pieza inspirada en los dise\u00f1os vintage de los juguetes de toda la vida. Un juego con el que vivir\u00e1n la magia del teatro, compartiendo un momento especial y universal como es el de comunicar y contar historias oralmente. Dise\u00f1ado para [&hellip;]<\/p>\n","protected":false},"featured_media":4571,"template":"","meta":[],"product_brand":[],"product_cat":[102,105,108,111,307,80,282],"product_tag":[313,605,150,283,295],"class_list":{"0":"post-4566","1":"product","2":"type-product","3":"status-publish","4":"has-post-thumbnail","6":"product_cat-de-3-a-5-anos","7":"product_cat-de-5-a-8-anos","8":"product_cat-de-8-a-11-anos","9":"product_cat-hasta-100-anos","10":"product_cat-juegos-didacticos","11":"product_cat-juguetes","12":"product_cat-marionetas","13":"product_tag-juegos-didacticos","14":"product_tag-juguete-educativo-en","15":"product_tag-juguetes-de-madera","16":"product_tag-marionetas","17":"product_tag-teatro-de-marionetas","18":"clearfix","20":"first","21":"instock","22":"shipping-taxable","23":"purchasable","24":"product-type-simple"},"yoast_head":"<!-- This site is optimized with the Yoast SEO plugin v27.5 - https:\/\/yoast.com\/product\/yoast-seo-wordpress\/ -->\n<title>Teatro de marionetas. Plegable y con fondo de pizarra personalizable.<\/title>\n<meta name=\"description\" content=\"Precioso teatro de marionetas en madera y plegable. Con un fondo de escenario de pizarra y tizas incluidas para crear tus propios escenarios.\" \/>\n<meta name=\"robots\" content=\"index, follow, max-snippet:-1, max-image-preview:large, max-video-preview:-1\" \/>\n<link rel=\"canonical\" href=\"https:\/\/palopalu.com\/en\/product\/teatro-marionetas-pizarra-personalizable-madera\/\" \/>\n<meta property=\"og:locale\" content=\"en_GB\" \/>\n<meta property=\"og:type\" content=\"article\" \/>\n<meta property=\"og:title\" content=\"Teatro de marionetas. Plegable y con fondo de pizarra personalizable.\" \/>\n<meta property=\"og:description\" content=\"Precioso teatro de marionetas en madera y plegable. Con un fondo de escenario de pizarra y tizas incluidas para crear tus propios escenarios.\" \/>\n<meta property=\"og:url\" content=\"https:\/\/palopalu.com\/en\/product\/teatro-marionetas-pizarra-personalizable-madera\/\" \/>\n<meta property=\"og:site_name\" content=\"Palopal\u00fa\" \/>\n<meta property=\"article:publisher\" content=\"https:\/\/www.facebook.com\/palopalupalopalu\" \/>\n<meta property=\"article:modified_time\" content=\"2026-01-20T16:21:07+00:00\" \/>\n<meta property=\"og:image\" content=\"https:\/\/palopalu.com\/wp-content\/uploads\/2021\/01\/palopalu-teatro-2.jpg\" \/>\n\t<meta property=\"og:image:width\" content=\"1200\" \/>\n\t<meta property=\"og:image:height\" content=\"1200\" \/>\n\t<meta property=\"og:image:type\" content=\"image\/jpeg\" \/>\n<meta name=\"twitter:card\" content=\"summary_large_image\" \/>\n<meta name=\"twitter:label1\" content=\"Estimated reading time\" \/>\n\t<meta name=\"twitter:data1\" content=\"2 minutes\" \/>\n<script type=\"application\/ld+json\" class=\"yoast-schema-graph\">{\"@context\":\"https:\\\/\\\/schema.org\",\"@graph\":[{\"@type\":\"WebPage\",\"@id\":\"https:\\\/\\\/palopalu.com\\\/producto\\\/teatro-marionetas-pizarra-personalizable-madera\\\/\",\"url\":\"https:\\\/\\\/palopalu.com\\\/producto\\\/teatro-marionetas-pizarra-personalizable-madera\\\/\",\"name\":\"Teatro de marionetas. Plegable y con fondo de pizarra personalizable.\",\"isPartOf\":{\"@id\":\"https:\\\/\\\/palopalu.com\\\/#website\"},\"primaryImageOfPage\":{\"@id\":\"https:\\\/\\\/palopalu.com\\\/producto\\\/teatro-marionetas-pizarra-personalizable-madera\\\/#primaryimage\"},\"image\":{\"@id\":\"https:\\\/\\\/palopalu.com\\\/producto\\\/teatro-marionetas-pizarra-personalizable-madera\\\/#primaryimage\"},\"thumbnailUrl\":\"https:\\\/\\\/palopalu.com\\\/wp-content\\\/uploads\\\/2021\\\/01\\\/palopalu-teatro-2.jpg\",\"datePublished\":\"2021-01-20T14:39:44+00:00\",\"dateModified\":\"2026-01-20T16:21:07+00:00\",\"description\":\"Precioso teatro de marionetas en madera y plegable. Con un fondo de escenario de pizarra y tizas incluidas para crear tus propios escenarios.\",\"breadcrumb\":{\"@id\":\"https:\\\/\\\/palopalu.com\\\/producto\\\/teatro-marionetas-pizarra-personalizable-madera\\\/#breadcrumb\"},\"inLanguage\":\"en-GB\",\"potentialAction\":[{\"@type\":\"ReadAction\",\"target\":[\"https:\\\/\\\/palopalu.com\\\/producto\\\/teatro-marionetas-pizarra-personalizable-madera\\\/\"]}]},{\"@type\":\"ImageObject\",\"inLanguage\":\"en-GB\",\"@id\":\"https:\\\/\\\/palopalu.com\\\/producto\\\/teatro-marionetas-pizarra-personalizable-madera\\\/#primaryimage\",\"url\":\"https:\\\/\\\/palopalu.com\\\/wp-content\\\/uploads\\\/2021\\\/01\\\/palopalu-teatro-2.jpg\",\"contentUrl\":\"https:\\\/\\\/palopalu.com\\\/wp-content\\\/uploads\\\/2021\\\/01\\\/palopalu-teatro-2.jpg\",\"width\":1200,\"height\":1200,\"caption\":\"Teatro de marionetas de madera\"},{\"@type\":\"BreadcrumbList\",\"@id\":\"https:\\\/\\\/palopalu.com\\\/producto\\\/teatro-marionetas-pizarra-personalizable-madera\\\/#breadcrumb\",\"itemListElement\":[{\"@type\":\"ListItem\",\"position\":1,\"name\":\"Portada\",\"item\":\"https:\\\/\\\/palopalu.com\\\/\"},{\"@type\":\"ListItem\",\"position\":2,\"name\":\"Tienda\",\"item\":\"https:\\\/\\\/palopalu.com\\\/tienda\\\/\"},{\"@type\":\"ListItem\",\"position\":3,\"name\":\"Teatro de marionetas\"}]},{\"@type\":\"WebSite\",\"@id\":\"https:\\\/\\\/palopalu.com\\\/#website\",\"url\":\"https:\\\/\\\/palopalu.com\\\/\",\"name\":\"Palopal\u00fa\",\"description\":\"Juguetes, decoraci\u00f3n y objetos personalizados en madera\",\"publisher\":{\"@id\":\"https:\\\/\\\/palopalu.com\\\/#organization\"},\"potentialAction\":[{\"@type\":\"SearchAction\",\"target\":{\"@type\":\"EntryPoint\",\"urlTemplate\":\"https:\\\/\\\/palopalu.com\\\/?s={search_term_string}\"},\"query-input\":{\"@type\":\"PropertyValueSpecification\",\"valueRequired\":true,\"valueName\":\"search_term_string\"}}],\"inLanguage\":\"en-GB\"},{\"@type\":\"Organization\",\"@id\":\"https:\\\/\\\/palopalu.com\\\/#organization\",\"name\":\"Palopal\u00fa\",\"url\":\"https:\\\/\\\/palopalu.com\\\/\",\"logo\":{\"@type\":\"ImageObject\",\"inLanguage\":\"en-GB\",\"@id\":\"https:\\\/\\\/palopalu.com\\\/#\\\/schema\\\/logo\\\/image\\\/\",\"url\":\"https:\\\/\\\/palopalu.com\\\/wp-content\\\/uploads\\\/2019\\\/02\\\/logo-palopalu.png\",\"contentUrl\":\"https:\\\/\\\/palopalu.com\\\/wp-content\\\/uploads\\\/2019\\\/02\\\/logo-palopalu.png\",\"width\":125,\"height\":30,\"caption\":\"Palopal\u00fa\"},\"image\":{\"@id\":\"https:\\\/\\\/palopalu.com\\\/#\\\/schema\\\/logo\\\/image\\\/\"},\"sameAs\":[\"https:\\\/\\\/www.facebook.com\\\/palopalupalopalu\",\"https:\\\/\\\/www.instagram.com\\\/palopalu\"]}]}<\/script>\n<!-- \/ Yoast SEO plugin. -->","yoast_head_json":{"title":"Teatro de marionetas. Plegable y con fondo de pizarra personalizable.","description":"Precioso teatro de marionetas en madera y plegable. Con un fondo de escenario de pizarra y tizas incluidas para crear tus propios escenarios.","robots":{"index":"index","follow":"follow","max-snippet":"max-snippet:-1","max-image-preview":"max-image-preview:large","max-video-preview":"max-video-preview:-1"},"canonical":"https:\/\/palopalu.com\/en\/product\/teatro-marionetas-pizarra-personalizable-madera\/","og_locale":"en_GB","og_type":"article","og_title":"Teatro de marionetas. Plegable y con fondo de pizarra personalizable.","og_description":"Precioso teatro de marionetas en madera y plegable. Con un fondo de escenario de pizarra y tizas incluidas para crear tus propios escenarios.","og_url":"https:\/\/palopalu.com\/en\/product\/teatro-marionetas-pizarra-personalizable-madera\/","og_site_name":"Palopal\u00fa","article_publisher":"https:\/\/www.facebook.com\/palopalupalopalu","article_modified_time":"2026-01-20T16:21:07+00:00","og_image":[{"width":1200,"height":1200,"url":"https:\/\/palopalu.com\/wp-content\/uploads\/2021\/01\/palopalu-teatro-2.jpg","type":"image\/jpeg"}],"twitter_card":"summary_large_image","twitter_misc":{"Estimated reading time":"2 minutes"},"schema":{"@context":"https:\/\/schema.org","@graph":[{"@type":"WebPage","@id":"https:\/\/palopalu.com\/producto\/teatro-marionetas-pizarra-personalizable-madera\/","url":"https:\/\/palopalu.com\/producto\/teatro-marionetas-pizarra-personalizable-madera\/","name":"Teatro de marionetas. Plegable y con fondo de pizarra personalizable.","isPartOf":{"@id":"https:\/\/palopalu.com\/#website"},"primaryImageOfPage":{"@id":"https:\/\/palopalu.com\/producto\/teatro-marionetas-pizarra-personalizable-madera\/#primaryimage"},"image":{"@id":"https:\/\/palopalu.com\/producto\/teatro-marionetas-pizarra-personalizable-madera\/#primaryimage"},"thumbnailUrl":"https:\/\/palopalu.com\/wp-content\/uploads\/2021\/01\/palopalu-teatro-2.jpg","datePublished":"2021-01-20T14:39:44+00:00","dateModified":"2026-01-20T16:21:07+00:00","description":"Precioso teatro de marionetas en madera y plegable. Con un fondo de escenario de pizarra y tizas incluidas para crear tus propios escenarios.","breadcrumb":{"@id":"https:\/\/palopalu.com\/producto\/teatro-marionetas-pizarra-personalizable-madera\/#breadcrumb"},"inLanguage":"en-GB","potentialAction":[{"@type":"ReadAction","target":["https:\/\/palopalu.com\/producto\/teatro-marionetas-pizarra-personalizable-madera\/"]}]},{"@type":"ImageObject","inLanguage":"en-GB","@id":"https:\/\/palopalu.com\/producto\/teatro-marionetas-pizarra-personalizable-madera\/#primaryimage","url":"https:\/\/palopalu.com\/wp-content\/uploads\/2021\/01\/palopalu-teatro-2.jpg","contentUrl":"https:\/\/palopalu.com\/wp-content\/uploads\/2021\/01\/palopalu-teatro-2.jpg","width":1200,"height":1200,"caption":"Teatro de marionetas de madera"},{"@type":"BreadcrumbList","@id":"https:\/\/palopalu.com\/producto\/teatro-marionetas-pizarra-personalizable-madera\/#breadcrumb","itemListElement":[{"@type":"ListItem","position":1,"name":"Portada","item":"https:\/\/palopalu.com\/"},{"@type":"ListItem","position":2,"name":"Tienda","item":"https:\/\/palopalu.com\/tienda\/"},{"@type":"ListItem","position":3,"name":"Teatro de marionetas"}]},{"@type":"WebSite","@id":"https:\/\/palopalu.com\/#website","url":"https:\/\/palopalu.com\/","name":"Palopal\u00fa","description":"Juguetes, decoraci\u00f3n y objetos personalizados en madera","publisher":{"@id":"https:\/\/palopalu.com\/#organization"},"potentialAction":[{"@type":"SearchAction","target":{"@type":"EntryPoint","urlTemplate":"https:\/\/palopalu.com\/?s={search_term_string}"},"query-input":{"@type":"PropertyValueSpecification","valueRequired":true,"valueName":"search_term_string"}}],"inLanguage":"en-GB"},{"@type":"Organization","@id":"https:\/\/palopalu.com\/#organization","name":"Palopal\u00fa","url":"https:\/\/palopalu.com\/","logo":{"@type":"ImageObject","inLanguage":"en-GB","@id":"https:\/\/palopalu.com\/#\/schema\/logo\/image\/","url":"https:\/\/palopalu.com\/wp-content\/uploads\/2019\/02\/logo-palopalu.png","contentUrl":"https:\/\/palopalu.com\/wp-content\/uploads\/2019\/02\/logo-palopalu.png","width":125,"height":30,"caption":"Palopal\u00fa"},"image":{"@id":"https:\/\/palopalu.com\/#\/schema\/logo\/image\/"},"sameAs":["https:\/\/www.facebook.com\/palopalupalopalu","https:\/\/www.instagram.com\/palopalu"]}]}},"_links":{"self":[{"href":"https:\/\/palopalu.com\/en\/wp-json\/wp\/v2\/product\/4566","targetHints":{"allow":["GET"]}}],"collection":[{"href":"https:\/\/palopalu.com\/en\/wp-json\/wp\/v2\/product"}],"about":[{"href":"https:\/\/palopalu.com\/en\/wp-json\/wp\/v2\/types\/product"}],"wp:featuredmedia":[{"embeddable":true,"href":"https:\/\/palopalu.com\/en\/wp-json\/wp\/v2\/media\/4571"}],"wp:attachment":[{"href":"https:\/\/palopalu.com\/en\/wp-json\/wp\/v2\/media?parent=4566"}],"wp:term":[{"taxonomy":"product_brand","embeddable":true,"href":"https:\/\/palopalu.com\/en\/wp-json\/wp\/v2\/product_brand?post=4566"},{"taxonomy":"product_cat","embeddable":true,"href":"https:\/\/palopalu.com\/en\/wp-json\/wp\/v2\/product_cat?post=4566"},{"taxonomy":"product_tag","embeddable":true,"href":"https:\/\/palopalu.com\/en\/wp-json\/wp\/v2\/product_tag?post=4566"}],"curies":[{"name":"wp","href":"https:\/\/api.w.org\/{rel}","templated":true}]}}