{"id":4587,"date":"2021-03-28T19:53:44","date_gmt":"2021-03-28T18:53:44","guid":{"rendered":"https:\/\/palopalu.com\/?post_type=product&#038;p=4587"},"modified":"2026-01-20T17:20:39","modified_gmt":"2026-01-20T16:20:39","slug":"medidor-infantil-de-madera-ilustrado","status":"publish","type":"product","link":"https:\/\/palopalu.com\/en\/product\/medidor-infantil-de-madera-ilustrado\/","title":{"rendered":"Medidor infantil de madera ilustrado"},"content":{"rendered":"<p>El medidor infantil de madera ilustrado es un imprescindible en la decoraci\u00f3n de cualquier ambiente infantil.<\/p>\n<p>Tenia much\u00edsimas ganas de traeros este dise\u00f1o que os acompa\u00f1ar\u00e1 en sus diferentes etapas de crecimiento.<\/p>\n<p>Con \u00e9l estimularemos el aprendizaje desde una edad temprana y el crecimiento en positivo del ni\u00f1o, ayud\u00e1ndole a ver sus progresos. Todos recordamos esos momentos de nuestra infancia en los que nos mediamos en la pared y dej\u00e1bamos una se\u00f1al, y luego pasaban los meses y los a\u00f1os y ve\u00edamos cu\u00e1nto hab\u00edamos crecido. Con el medidor infantil de madera ilustrado de Palopal\u00fa, podr\u00e1s marcar en \u00e9l cada cambio y as\u00ed conservarlo como recuerdo de su etapa infantil.<\/p>\n<p>Con tonos suaves y amables que encajar\u00e1n a la perfecci\u00f3n en cualquier ambiente, dando ese toque especial y c\u00e1lido gracias a la madera. Y adem\u00e1s una tem\u00e1tica que seguro les encantar\u00e1. \u00bfQui\u00e9n no quiere ver c\u00f3mo va creciendo hasta las estrellas y m\u00e1s all\u00e1?<\/p>\n<p>N\u00fameros claros y sencillos que ayudar\u00e1n al ni\u00f1o a motivar su aprendizaje e ir reconoci\u00e9ndolos a la vez que ve su progreso.<\/p>\n<ul>\n<li>Adaptable tanto a paredes rugosas como lisas, provisto de un sencillo sistema de anclaje que quedar\u00e1 perfectamente alineado con la superficie que la coloques. Incluso si tu pared es lisa y no quieres realizar agujeros, no tendr\u00e1s ning\u00fan problema en colocarlo utilizando cinta de doble cara.<\/li>\n<li>Realizado en madera de pino natural. Sin barnices para facilitar la escritura sobre su superficie, as\u00ed podr\u00e1s apuntar en \u00e9l sin problema cada una de las marcas con su fecha.<\/li>\n<\/ul>\n<p>Cada uno de los medidores son totalmente realizados a mano de madera artesanal, por lo que siempre ser\u00e1 una pieza \u00fanica s\u00f3lo hecha para t\u00ed.<\/p>\n<p>El medidor infantil de madera ilustrado ser\u00e1 el regalo perfecto para decorar y celebrar cada etapa de su crecimiento<\/p>","protected":false},"excerpt":{"rendered":"<p>El medidor infantil de madera ilustrado es un imprescindible en la decoraci\u00f3n de cualquier ambiente infantil. Tenia much\u00edsimas ganas de traeros este dise\u00f1o que os acompa\u00f1ar\u00e1 en sus diferentes etapas de crecimiento. Con \u00e9l estimularemos el aprendizaje desde una edad temprana y el crecimiento en positivo del ni\u00f1o, ayud\u00e1ndole a ver sus progresos. Todos recordamos [&hellip;]<\/p>\n","protected":false},"featured_media":5040,"template":"","meta":[],"product_brand":[],"product_cat":[78],"product_tag":[558,322],"class_list":{"0":"post-4587","1":"product","2":"type-product","3":"status-publish","4":"has-post-thumbnail","6":"product_cat-decoracion","7":"product_tag-decoracion-en","8":"product_tag-medidor","9":"clearfix","11":"first","12":"outofstock","13":"featured","14":"shipping-taxable","15":"purchasable","16":"product-type-simple"},"yoast_head":"<!-- This site is optimized with the Yoast SEO plugin v27.5 - https:\/\/yoast.com\/product\/yoast-seo-wordpress\/ -->\n<title>Medidor infantil de madera ilustrado. Dise\u00f1o original Palopal\u00fa<\/title>\n<meta name=\"description\" content=\"El medidor infantil de madera ilustrado, ser\u00e1 el dise\u00f1o perfecto para decorar y conservar como recuerdo de sus etapas de crecimiento.\" \/>\n<meta name=\"robots\" content=\"index, follow, max-snippet:-1, max-image-preview:large, max-video-preview:-1\" \/>\n<link rel=\"canonical\" href=\"https:\/\/palopalu.com\/en\/product\/medidor-infantil-de-madera-ilustrado\/\" \/>\n<meta property=\"og:locale\" content=\"en_GB\" \/>\n<meta property=\"og:type\" content=\"article\" \/>\n<meta property=\"og:title\" content=\"Medidor infantil de madera ilustrado. Dise\u00f1o original Palopal\u00fa\" \/>\n<meta property=\"og:description\" content=\"El medidor infantil de madera ilustrado, ser\u00e1 el dise\u00f1o perfecto para decorar y conservar como recuerdo de sus etapas de crecimiento.\" \/>\n<meta property=\"og:url\" content=\"https:\/\/palopalu.com\/en\/product\/medidor-infantil-de-madera-ilustrado\/\" \/>\n<meta property=\"og:site_name\" content=\"Palopal\u00fa\" \/>\n<meta property=\"article:publisher\" content=\"https:\/\/www.facebook.com\/palopalupalopalu\" \/>\n<meta property=\"article:modified_time\" content=\"2026-01-20T16:20:39+00:00\" \/>\n<meta property=\"og:image\" content=\"https:\/\/palopalu.com\/wp-content\/uploads\/2022\/05\/palopalu_medidormaderainfantil4.jpg\" \/>\n\t<meta property=\"og:image:width\" content=\"1199\" \/>\n\t<meta property=\"og:image:height\" content=\"1200\" \/>\n\t<meta property=\"og:image:type\" content=\"image\/jpeg\" \/>\n<meta name=\"twitter:card\" content=\"summary_large_image\" \/>\n<meta name=\"twitter:label1\" content=\"Estimated reading time\" \/>\n\t<meta name=\"twitter:data1\" content=\"2 minutes\" \/>\n<script type=\"application\/ld+json\" class=\"yoast-schema-graph\">{\"@context\":\"https:\\\/\\\/schema.org\",\"@graph\":[{\"@type\":\"WebPage\",\"@id\":\"https:\\\/\\\/palopalu.com\\\/producto\\\/medidor-infantil-de-madera-ilustrado\\\/\",\"url\":\"https:\\\/\\\/palopalu.com\\\/producto\\\/medidor-infantil-de-madera-ilustrado\\\/\",\"name\":\"Medidor infantil de madera ilustrado. Dise\u00f1o original Palopal\u00fa\",\"isPartOf\":{\"@id\":\"https:\\\/\\\/palopalu.com\\\/#website\"},\"primaryImageOfPage\":{\"@id\":\"https:\\\/\\\/palopalu.com\\\/producto\\\/medidor-infantil-de-madera-ilustrado\\\/#primaryimage\"},\"image\":{\"@id\":\"https:\\\/\\\/palopalu.com\\\/producto\\\/medidor-infantil-de-madera-ilustrado\\\/#primaryimage\"},\"thumbnailUrl\":\"https:\\\/\\\/palopalu.com\\\/wp-content\\\/uploads\\\/2022\\\/05\\\/palopalu_medidormaderainfantil4.jpg\",\"datePublished\":\"2021-03-28T18:53:44+00:00\",\"dateModified\":\"2026-01-20T16:20:39+00:00\",\"description\":\"El medidor infantil de madera ilustrado, ser\u00e1 el dise\u00f1o perfecto para decorar y conservar como recuerdo de sus etapas de crecimiento.\",\"breadcrumb\":{\"@id\":\"https:\\\/\\\/palopalu.com\\\/producto\\\/medidor-infantil-de-madera-ilustrado\\\/#breadcrumb\"},\"inLanguage\":\"en-GB\",\"potentialAction\":[{\"@type\":\"ReadAction\",\"target\":[\"https:\\\/\\\/palopalu.com\\\/producto\\\/medidor-infantil-de-madera-ilustrado\\\/\"]}]},{\"@type\":\"ImageObject\",\"inLanguage\":\"en-GB\",\"@id\":\"https:\\\/\\\/palopalu.com\\\/producto\\\/medidor-infantil-de-madera-ilustrado\\\/#primaryimage\",\"url\":\"https:\\\/\\\/palopalu.com\\\/wp-content\\\/uploads\\\/2022\\\/05\\\/palopalu_medidormaderainfantil4.jpg\",\"contentUrl\":\"https:\\\/\\\/palopalu.com\\\/wp-content\\\/uploads\\\/2022\\\/05\\\/palopalu_medidormaderainfantil4.jpg\",\"width\":1199,\"height\":1200},{\"@type\":\"BreadcrumbList\",\"@id\":\"https:\\\/\\\/palopalu.com\\\/producto\\\/medidor-infantil-de-madera-ilustrado\\\/#breadcrumb\",\"itemListElement\":[{\"@type\":\"ListItem\",\"position\":1,\"name\":\"Portada\",\"item\":\"https:\\\/\\\/palopalu.com\\\/\"},{\"@type\":\"ListItem\",\"position\":2,\"name\":\"Tienda\",\"item\":\"https:\\\/\\\/palopalu.com\\\/tienda\\\/\"},{\"@type\":\"ListItem\",\"position\":3,\"name\":\"Medidor infantil de madera ilustrado\"}]},{\"@type\":\"WebSite\",\"@id\":\"https:\\\/\\\/palopalu.com\\\/#website\",\"url\":\"https:\\\/\\\/palopalu.com\\\/\",\"name\":\"Palopal\u00fa\",\"description\":\"Juguetes, decoraci\u00f3n y objetos personalizados en madera\",\"publisher\":{\"@id\":\"https:\\\/\\\/palopalu.com\\\/#organization\"},\"potentialAction\":[{\"@type\":\"SearchAction\",\"target\":{\"@type\":\"EntryPoint\",\"urlTemplate\":\"https:\\\/\\\/palopalu.com\\\/?s={search_term_string}\"},\"query-input\":{\"@type\":\"PropertyValueSpecification\",\"valueRequired\":true,\"valueName\":\"search_term_string\"}}],\"inLanguage\":\"en-GB\"},{\"@type\":\"Organization\",\"@id\":\"https:\\\/\\\/palopalu.com\\\/#organization\",\"name\":\"Palopal\u00fa\",\"url\":\"https:\\\/\\\/palopalu.com\\\/\",\"logo\":{\"@type\":\"ImageObject\",\"inLanguage\":\"en-GB\",\"@id\":\"https:\\\/\\\/palopalu.com\\\/#\\\/schema\\\/logo\\\/image\\\/\",\"url\":\"https:\\\/\\\/palopalu.com\\\/wp-content\\\/uploads\\\/2019\\\/02\\\/logo-palopalu.png\",\"contentUrl\":\"https:\\\/\\\/palopalu.com\\\/wp-content\\\/uploads\\\/2019\\\/02\\\/logo-palopalu.png\",\"width\":125,\"height\":30,\"caption\":\"Palopal\u00fa\"},\"image\":{\"@id\":\"https:\\\/\\\/palopalu.com\\\/#\\\/schema\\\/logo\\\/image\\\/\"},\"sameAs\":[\"https:\\\/\\\/www.facebook.com\\\/palopalupalopalu\",\"https:\\\/\\\/www.instagram.com\\\/palopalu\"]}]}<\/script>\n<!-- \/ Yoast SEO plugin. -->","yoast_head_json":{"title":"Medidor infantil de madera ilustrado. Dise\u00f1o original Palopal\u00fa","description":"El medidor infantil de madera ilustrado, ser\u00e1 el dise\u00f1o perfecto para decorar y conservar como recuerdo de sus etapas de crecimiento.","robots":{"index":"index","follow":"follow","max-snippet":"max-snippet:-1","max-image-preview":"max-image-preview:large","max-video-preview":"max-video-preview:-1"},"canonical":"https:\/\/palopalu.com\/en\/product\/medidor-infantil-de-madera-ilustrado\/","og_locale":"en_GB","og_type":"article","og_title":"Medidor infantil de madera ilustrado. Dise\u00f1o original Palopal\u00fa","og_description":"El medidor infantil de madera ilustrado, ser\u00e1 el dise\u00f1o perfecto para decorar y conservar como recuerdo de sus etapas de crecimiento.","og_url":"https:\/\/palopalu.com\/en\/product\/medidor-infantil-de-madera-ilustrado\/","og_site_name":"Palopal\u00fa","article_publisher":"https:\/\/www.facebook.com\/palopalupalopalu","article_modified_time":"2026-01-20T16:20:39+00:00","og_image":[{"width":1199,"height":1200,"url":"https:\/\/palopalu.com\/wp-content\/uploads\/2022\/05\/palopalu_medidormaderainfantil4.jpg","type":"image\/jpeg"}],"twitter_card":"summary_large_image","twitter_misc":{"Estimated reading time":"2 minutes"},"schema":{"@context":"https:\/\/schema.org","@graph":[{"@type":"WebPage","@id":"https:\/\/palopalu.com\/producto\/medidor-infantil-de-madera-ilustrado\/","url":"https:\/\/palopalu.com\/producto\/medidor-infantil-de-madera-ilustrado\/","name":"Medidor infantil de madera ilustrado. Dise\u00f1o original Palopal\u00fa","isPartOf":{"@id":"https:\/\/palopalu.com\/#website"},"primaryImageOfPage":{"@id":"https:\/\/palopalu.com\/producto\/medidor-infantil-de-madera-ilustrado\/#primaryimage"},"image":{"@id":"https:\/\/palopalu.com\/producto\/medidor-infantil-de-madera-ilustrado\/#primaryimage"},"thumbnailUrl":"https:\/\/palopalu.com\/wp-content\/uploads\/2022\/05\/palopalu_medidormaderainfantil4.jpg","datePublished":"2021-03-28T18:53:44+00:00","dateModified":"2026-01-20T16:20:39+00:00","description":"El medidor infantil de madera ilustrado, ser\u00e1 el dise\u00f1o perfecto para decorar y conservar como recuerdo de sus etapas de crecimiento.","breadcrumb":{"@id":"https:\/\/palopalu.com\/producto\/medidor-infantil-de-madera-ilustrado\/#breadcrumb"},"inLanguage":"en-GB","potentialAction":[{"@type":"ReadAction","target":["https:\/\/palopalu.com\/producto\/medidor-infantil-de-madera-ilustrado\/"]}]},{"@type":"ImageObject","inLanguage":"en-GB","@id":"https:\/\/palopalu.com\/producto\/medidor-infantil-de-madera-ilustrado\/#primaryimage","url":"https:\/\/palopalu.com\/wp-content\/uploads\/2022\/05\/palopalu_medidormaderainfantil4.jpg","contentUrl":"https:\/\/palopalu.com\/wp-content\/uploads\/2022\/05\/palopalu_medidormaderainfantil4.jpg","width":1199,"height":1200},{"@type":"BreadcrumbList","@id":"https:\/\/palopalu.com\/producto\/medidor-infantil-de-madera-ilustrado\/#breadcrumb","itemListElement":[{"@type":"ListItem","position":1,"name":"Portada","item":"https:\/\/palopalu.com\/"},{"@type":"ListItem","position":2,"name":"Tienda","item":"https:\/\/palopalu.com\/tienda\/"},{"@type":"ListItem","position":3,"name":"Medidor infantil de madera ilustrado"}]},{"@type":"WebSite","@id":"https:\/\/palopalu.com\/#website","url":"https:\/\/palopalu.com\/","name":"Palopal\u00fa","description":"Juguetes, decoraci\u00f3n y objetos personalizados en madera","publisher":{"@id":"https:\/\/palopalu.com\/#organization"},"potentialAction":[{"@type":"SearchAction","target":{"@type":"EntryPoint","urlTemplate":"https:\/\/palopalu.com\/?s={search_term_string}"},"query-input":{"@type":"PropertyValueSpecification","valueRequired":true,"valueName":"search_term_string"}}],"inLanguage":"en-GB"},{"@type":"Organization","@id":"https:\/\/palopalu.com\/#organization","name":"Palopal\u00fa","url":"https:\/\/palopalu.com\/","logo":{"@type":"ImageObject","inLanguage":"en-GB","@id":"https:\/\/palopalu.com\/#\/schema\/logo\/image\/","url":"https:\/\/palopalu.com\/wp-content\/uploads\/2019\/02\/logo-palopalu.png","contentUrl":"https:\/\/palopalu.com\/wp-content\/uploads\/2019\/02\/logo-palopalu.png","width":125,"height":30,"caption":"Palopal\u00fa"},"image":{"@id":"https:\/\/palopalu.com\/#\/schema\/logo\/image\/"},"sameAs":["https:\/\/www.facebook.com\/palopalupalopalu","https:\/\/www.instagram.com\/palopalu"]}]}},"_links":{"self":[{"href":"https:\/\/palopalu.com\/en\/wp-json\/wp\/v2\/product\/4587","targetHints":{"allow":["GET"]}}],"collection":[{"href":"https:\/\/palopalu.com\/en\/wp-json\/wp\/v2\/product"}],"about":[{"href":"https:\/\/palopalu.com\/en\/wp-json\/wp\/v2\/types\/product"}],"wp:featuredmedia":[{"embeddable":true,"href":"https:\/\/palopalu.com\/en\/wp-json\/wp\/v2\/media\/5040"}],"wp:attachment":[{"href":"https:\/\/palopalu.com\/en\/wp-json\/wp\/v2\/media?parent=4587"}],"wp:term":[{"taxonomy":"product_brand","embeddable":true,"href":"https:\/\/palopalu.com\/en\/wp-json\/wp\/v2\/product_brand?post=4587"},{"taxonomy":"product_cat","embeddable":true,"href":"https:\/\/palopalu.com\/en\/wp-json\/wp\/v2\/product_cat?post=4587"},{"taxonomy":"product_tag","embeddable":true,"href":"https:\/\/palopalu.com\/en\/wp-json\/wp\/v2\/product_tag?post=4587"}],"curies":[{"name":"wp","href":"https:\/\/api.w.org\/{rel}","templated":true}]}}