{"id":4611,"date":"2021-05-30T22:04:48","date_gmt":"2021-05-30T21:04:48","guid":{"rendered":"https:\/\/palopalu.com\/?post_type=product&#038;p=4611"},"modified":"2024-06-25T12:12:39","modified_gmt":"2024-06-25T11:12:39","slug":"juego-alimentos","status":"publish","type":"product","link":"https:\/\/palopalu.com\/en\/product\/juego-alimentos\/","title":{"rendered":"Food game"},"content":{"rendered":"<p>El juego alimentos es uno de los juegos que m\u00e1s representan a los ni\u00f1os.\u00a0 Y por eso hemos querido redise\u00f1ar uno de los recursos m\u00e1s populares en las primeras etapas como es el Juego de alimentos.<\/p>\n<p>Recomendado especialmente a partir de los 2 a\u00f1os<\/p>\n<p>Compuesto por 10 piezas de 10 cm cada una, aproximadamente, y de 1,8 de grosor con ilustraciones realistas de alimentos variados. Todos se pueden dividir por su mitad para poder jugar a unir, separar y simular cortarlos con un peque\u00f1o utensilio de madera que tambi\u00e9n viene incluido en el pack.<\/p>\n<p>Cada pieza se une y separa por un im\u00e1n oculto y totalmente seguro para el ni\u00f1o.<\/p>\n<p>Hemos elegido crear este tipo de ilustraciones realistas que muestren al ni\u00f1o diferentes tipos de alimentos en su estado m\u00e1s natural y que adem\u00e1s le ayude a familiarizarse con una alimentaci\u00f3n sana e integrarla en su vida diaria.<\/p>\n<p>Gracias a este juego, desarrollar\u00e1 el juego simb\u00f3lico tan importante en la etapa de los 2 a los 7 a\u00f1os para incentivar y ampliar su vocabulario y expresarse a trav\u00e9s de un juego que imita las rutinas que ve alrededor.<\/p>\n<p>A esas edades, a los ni\u00f1os les encanta imitar a los adultos y es fundamental para ayudarles a entender e interactuar el mundo que les rodea comenzando a la vez a socializar a trav\u00e9s del juego tanto con adultos como\u00a0 con otros ni\u00f1os.<\/p>\n<p>Incluye adem\u00e1s una preciosa bolsa de tela que har\u00e1 todav\u00eda m\u00e1s completo el rato de juego.<\/p>\n<p>Por supuesto, como todos nuestros dise\u00f1os, tambi\u00e9n este ha sido realizado totalmente a mano y teniendo en cuenta su uso infantil, libre de t\u00f3xicos y sin barnices.<\/p>\n<p>&nbsp;<\/p>\n<p>&nbsp;<\/p>","protected":false},"excerpt":{"rendered":"<p><strong>Juego de alimentos ilustrado.<\/strong><\/p>\n<ul>\n<li>10 alimentos diferentes con ilustraciones realistas que familiariza al ni\u00f1o con una alimentaci\u00f3n sana y variada a la vez que se divierte.<\/li>\n<li>Cada alimento mide aproximadamente 10cm de largo (ancho en proporci\u00f3n seg\u00fan ilustraci\u00f3n) y su grosor es de 1,8 cm<\/li>\n<li>Se unen y separan cada una de sus partes mediante sistema de imanes ocultos.<\/li>\n<li>Incluye un utensilio de madera natural y una bolsa de tela tambi\u00e9n realizada totalmente a mano.<\/li>\n<li>Incentiva el juego simb\u00f3lico, favoreciendo la socializaci\u00f3n del ni\u00f1o y el desarrollo del lenguaje.<\/li>\n<\/ul>","protected":false},"featured_media":4619,"template":"","meta":[],"product_brand":[],"product_cat":[97,102,105,124,307,80,83,117,118],"product_tag":[313,150,159],"class_list":{"0":"post-4611","1":"product","2":"type-product","3":"status-publish","4":"has-post-thumbnail","6":"product_cat-de-1-a-3-anos","7":"product_cat-de-3-a-5-anos","8":"product_cat-de-5-a-8-anos","9":"product_cat-juegos-de-construccion","10":"product_cat-juegos-didacticos","11":"product_cat-juguetes","12":"product_cat-por-edad","13":"product_cat-puzzles","14":"product_cat-rompecabezas","15":"product_tag-juegos-didacticos","16":"product_tag-juguetes-de-madera","17":"product_tag-rompecabezas","18":"clearfix","20":"first","21":"outofstock","22":"shipping-taxable","23":"purchasable","24":"product-type-simple"},"yoast_head":"<!-- This site is optimized with the Yoast SEO plugin v27.5 - https:\/\/yoast.com\/product\/yoast-seo-wordpress\/ -->\n<title>Juego de alimentos en madera. Hecho a mano. Juego simb\u00f3lico<\/title>\n<meta name=\"description\" content=\"Juego alimentos. Un juego artesanal de madera ilustrado para desarrollar el juego simb\u00f3lico. Un recurso educativo de dise\u00f1o \u00fanico\" \/>\n<meta name=\"robots\" content=\"index, follow, max-snippet:-1, max-image-preview:large, max-video-preview:-1\" \/>\n<link rel=\"canonical\" href=\"https:\/\/palopalu.com\/en\/product\/juego-alimentos\/\" \/>\n<meta property=\"og:locale\" content=\"en_GB\" \/>\n<meta property=\"og:type\" content=\"article\" \/>\n<meta property=\"og:title\" content=\"Juego de alimentos en madera. Hecho a mano. Juego simb\u00f3lico\" \/>\n<meta property=\"og:description\" content=\"Juego alimentos. Un juego artesanal de madera ilustrado para desarrollar el juego simb\u00f3lico. Un recurso educativo de dise\u00f1o \u00fanico\" \/>\n<meta property=\"og:url\" content=\"https:\/\/palopalu.com\/en\/product\/juego-alimentos\/\" \/>\n<meta property=\"og:site_name\" content=\"Palopal\u00fa\" \/>\n<meta property=\"article:publisher\" content=\"https:\/\/www.facebook.com\/palopalupalopalu\" \/>\n<meta property=\"article:modified_time\" content=\"2024-06-25T11:12:39+00:00\" \/>\n<meta property=\"og:image\" content=\"https:\/\/palopalu.com\/wp-content\/uploads\/2021\/05\/palopalu_alimentos7.jpg\" \/>\n\t<meta property=\"og:image:width\" content=\"1200\" \/>\n\t<meta property=\"og:image:height\" content=\"867\" \/>\n\t<meta property=\"og:image:type\" content=\"image\/jpeg\" \/>\n<meta name=\"twitter:card\" content=\"summary_large_image\" \/>\n<meta name=\"twitter:label1\" content=\"Estimated reading time\" \/>\n\t<meta name=\"twitter:data1\" content=\"2 minutes\" \/>\n<script type=\"application\/ld+json\" class=\"yoast-schema-graph\">{\"@context\":\"https:\\\/\\\/schema.org\",\"@graph\":[{\"@type\":\"WebPage\",\"@id\":\"https:\\\/\\\/palopalu.com\\\/producto\\\/juego-alimentos\\\/\",\"url\":\"https:\\\/\\\/palopalu.com\\\/producto\\\/juego-alimentos\\\/\",\"name\":\"Juego de alimentos en madera. Hecho a mano. Juego simb\u00f3lico\",\"isPartOf\":{\"@id\":\"https:\\\/\\\/palopalu.com\\\/#website\"},\"primaryImageOfPage\":{\"@id\":\"https:\\\/\\\/palopalu.com\\\/producto\\\/juego-alimentos\\\/#primaryimage\"},\"image\":{\"@id\":\"https:\\\/\\\/palopalu.com\\\/producto\\\/juego-alimentos\\\/#primaryimage\"},\"thumbnailUrl\":\"https:\\\/\\\/palopalu.com\\\/wp-content\\\/uploads\\\/2021\\\/05\\\/palopalu_alimentos7.jpg\",\"datePublished\":\"2021-05-30T21:04:48+00:00\",\"dateModified\":\"2024-06-25T11:12:39+00:00\",\"description\":\"Juego alimentos. Un juego artesanal de madera ilustrado para desarrollar el juego simb\u00f3lico. Un recurso educativo de dise\u00f1o \u00fanico\",\"breadcrumb\":{\"@id\":\"https:\\\/\\\/palopalu.com\\\/producto\\\/juego-alimentos\\\/#breadcrumb\"},\"inLanguage\":\"en-GB\",\"potentialAction\":[{\"@type\":\"ReadAction\",\"target\":[\"https:\\\/\\\/palopalu.com\\\/producto\\\/juego-alimentos\\\/\"]}]},{\"@type\":\"ImageObject\",\"inLanguage\":\"en-GB\",\"@id\":\"https:\\\/\\\/palopalu.com\\\/producto\\\/juego-alimentos\\\/#primaryimage\",\"url\":\"https:\\\/\\\/palopalu.com\\\/wp-content\\\/uploads\\\/2021\\\/05\\\/palopalu_alimentos7.jpg\",\"contentUrl\":\"https:\\\/\\\/palopalu.com\\\/wp-content\\\/uploads\\\/2021\\\/05\\\/palopalu_alimentos7.jpg\",\"width\":1200,\"height\":867},{\"@type\":\"BreadcrumbList\",\"@id\":\"https:\\\/\\\/palopalu.com\\\/producto\\\/juego-alimentos\\\/#breadcrumb\",\"itemListElement\":[{\"@type\":\"ListItem\",\"position\":1,\"name\":\"Portada\",\"item\":\"https:\\\/\\\/palopalu.com\\\/\"},{\"@type\":\"ListItem\",\"position\":2,\"name\":\"Tienda\",\"item\":\"https:\\\/\\\/palopalu.com\\\/tienda\\\/\"},{\"@type\":\"ListItem\",\"position\":3,\"name\":\"Juego Alimentos\"}]},{\"@type\":\"WebSite\",\"@id\":\"https:\\\/\\\/palopalu.com\\\/#website\",\"url\":\"https:\\\/\\\/palopalu.com\\\/\",\"name\":\"Palopal\u00fa\",\"description\":\"Juguetes, decoraci\u00f3n y objetos personalizados en madera\",\"publisher\":{\"@id\":\"https:\\\/\\\/palopalu.com\\\/#organization\"},\"potentialAction\":[{\"@type\":\"SearchAction\",\"target\":{\"@type\":\"EntryPoint\",\"urlTemplate\":\"https:\\\/\\\/palopalu.com\\\/?s={search_term_string}\"},\"query-input\":{\"@type\":\"PropertyValueSpecification\",\"valueRequired\":true,\"valueName\":\"search_term_string\"}}],\"inLanguage\":\"en-GB\"},{\"@type\":\"Organization\",\"@id\":\"https:\\\/\\\/palopalu.com\\\/#organization\",\"name\":\"Palopal\u00fa\",\"url\":\"https:\\\/\\\/palopalu.com\\\/\",\"logo\":{\"@type\":\"ImageObject\",\"inLanguage\":\"en-GB\",\"@id\":\"https:\\\/\\\/palopalu.com\\\/#\\\/schema\\\/logo\\\/image\\\/\",\"url\":\"https:\\\/\\\/palopalu.com\\\/wp-content\\\/uploads\\\/2019\\\/02\\\/logo-palopalu.png\",\"contentUrl\":\"https:\\\/\\\/palopalu.com\\\/wp-content\\\/uploads\\\/2019\\\/02\\\/logo-palopalu.png\",\"width\":125,\"height\":30,\"caption\":\"Palopal\u00fa\"},\"image\":{\"@id\":\"https:\\\/\\\/palopalu.com\\\/#\\\/schema\\\/logo\\\/image\\\/\"},\"sameAs\":[\"https:\\\/\\\/www.facebook.com\\\/palopalupalopalu\",\"https:\\\/\\\/www.instagram.com\\\/palopalu\"]}]}<\/script>\n<!-- \/ Yoast SEO plugin. -->","yoast_head_json":{"title":"Juego de alimentos en madera. Hecho a mano. Juego simb\u00f3lico","description":"Juego alimentos. Un juego artesanal de madera ilustrado para desarrollar el juego simb\u00f3lico. Un recurso educativo de dise\u00f1o \u00fanico","robots":{"index":"index","follow":"follow","max-snippet":"max-snippet:-1","max-image-preview":"max-image-preview:large","max-video-preview":"max-video-preview:-1"},"canonical":"https:\/\/palopalu.com\/en\/product\/juego-alimentos\/","og_locale":"en_GB","og_type":"article","og_title":"Juego de alimentos en madera. Hecho a mano. Juego simb\u00f3lico","og_description":"Juego alimentos. Un juego artesanal de madera ilustrado para desarrollar el juego simb\u00f3lico. Un recurso educativo de dise\u00f1o \u00fanico","og_url":"https:\/\/palopalu.com\/en\/product\/juego-alimentos\/","og_site_name":"Palopal\u00fa","article_publisher":"https:\/\/www.facebook.com\/palopalupalopalu","article_modified_time":"2024-06-25T11:12:39+00:00","og_image":[{"width":1200,"height":867,"url":"https:\/\/palopalu.com\/wp-content\/uploads\/2021\/05\/palopalu_alimentos7.jpg","type":"image\/jpeg"}],"twitter_card":"summary_large_image","twitter_misc":{"Estimated reading time":"2 minutes"},"schema":{"@context":"https:\/\/schema.org","@graph":[{"@type":"WebPage","@id":"https:\/\/palopalu.com\/producto\/juego-alimentos\/","url":"https:\/\/palopalu.com\/producto\/juego-alimentos\/","name":"Juego de alimentos en madera. Hecho a mano. Juego simb\u00f3lico","isPartOf":{"@id":"https:\/\/palopalu.com\/#website"},"primaryImageOfPage":{"@id":"https:\/\/palopalu.com\/producto\/juego-alimentos\/#primaryimage"},"image":{"@id":"https:\/\/palopalu.com\/producto\/juego-alimentos\/#primaryimage"},"thumbnailUrl":"https:\/\/palopalu.com\/wp-content\/uploads\/2021\/05\/palopalu_alimentos7.jpg","datePublished":"2021-05-30T21:04:48+00:00","dateModified":"2024-06-25T11:12:39+00:00","description":"Juego alimentos. Un juego artesanal de madera ilustrado para desarrollar el juego simb\u00f3lico. Un recurso educativo de dise\u00f1o \u00fanico","breadcrumb":{"@id":"https:\/\/palopalu.com\/producto\/juego-alimentos\/#breadcrumb"},"inLanguage":"en-GB","potentialAction":[{"@type":"ReadAction","target":["https:\/\/palopalu.com\/producto\/juego-alimentos\/"]}]},{"@type":"ImageObject","inLanguage":"en-GB","@id":"https:\/\/palopalu.com\/producto\/juego-alimentos\/#primaryimage","url":"https:\/\/palopalu.com\/wp-content\/uploads\/2021\/05\/palopalu_alimentos7.jpg","contentUrl":"https:\/\/palopalu.com\/wp-content\/uploads\/2021\/05\/palopalu_alimentos7.jpg","width":1200,"height":867},{"@type":"BreadcrumbList","@id":"https:\/\/palopalu.com\/producto\/juego-alimentos\/#breadcrumb","itemListElement":[{"@type":"ListItem","position":1,"name":"Portada","item":"https:\/\/palopalu.com\/"},{"@type":"ListItem","position":2,"name":"Tienda","item":"https:\/\/palopalu.com\/tienda\/"},{"@type":"ListItem","position":3,"name":"Juego Alimentos"}]},{"@type":"WebSite","@id":"https:\/\/palopalu.com\/#website","url":"https:\/\/palopalu.com\/","name":"Palopal\u00fa","description":"Juguetes, decoraci\u00f3n y objetos personalizados en madera","publisher":{"@id":"https:\/\/palopalu.com\/#organization"},"potentialAction":[{"@type":"SearchAction","target":{"@type":"EntryPoint","urlTemplate":"https:\/\/palopalu.com\/?s={search_term_string}"},"query-input":{"@type":"PropertyValueSpecification","valueRequired":true,"valueName":"search_term_string"}}],"inLanguage":"en-GB"},{"@type":"Organization","@id":"https:\/\/palopalu.com\/#organization","name":"Palopal\u00fa","url":"https:\/\/palopalu.com\/","logo":{"@type":"ImageObject","inLanguage":"en-GB","@id":"https:\/\/palopalu.com\/#\/schema\/logo\/image\/","url":"https:\/\/palopalu.com\/wp-content\/uploads\/2019\/02\/logo-palopalu.png","contentUrl":"https:\/\/palopalu.com\/wp-content\/uploads\/2019\/02\/logo-palopalu.png","width":125,"height":30,"caption":"Palopal\u00fa"},"image":{"@id":"https:\/\/palopalu.com\/#\/schema\/logo\/image\/"},"sameAs":["https:\/\/www.facebook.com\/palopalupalopalu","https:\/\/www.instagram.com\/palopalu"]}]}},"_links":{"self":[{"href":"https:\/\/palopalu.com\/en\/wp-json\/wp\/v2\/product\/4611","targetHints":{"allow":["GET"]}}],"collection":[{"href":"https:\/\/palopalu.com\/en\/wp-json\/wp\/v2\/product"}],"about":[{"href":"https:\/\/palopalu.com\/en\/wp-json\/wp\/v2\/types\/product"}],"wp:featuredmedia":[{"embeddable":true,"href":"https:\/\/palopalu.com\/en\/wp-json\/wp\/v2\/media\/4619"}],"wp:attachment":[{"href":"https:\/\/palopalu.com\/en\/wp-json\/wp\/v2\/media?parent=4611"}],"wp:term":[{"taxonomy":"product_brand","embeddable":true,"href":"https:\/\/palopalu.com\/en\/wp-json\/wp\/v2\/product_brand?post=4611"},{"taxonomy":"product_cat","embeddable":true,"href":"https:\/\/palopalu.com\/en\/wp-json\/wp\/v2\/product_cat?post=4611"},{"taxonomy":"product_tag","embeddable":true,"href":"https:\/\/palopalu.com\/en\/wp-json\/wp\/v2\/product_tag?post=4611"}],"curies":[{"name":"wp","href":"https:\/\/api.w.org\/{rel}","templated":true}]}}