{"id":4770,"date":"2021-10-20T15:59:02","date_gmt":"2021-10-20T14:59:02","guid":{"rendered":"https:\/\/palopalu.com\/?post_type=product&#038;p=4770"},"modified":"2022-11-13T13:04:58","modified_gmt":"2022-11-13T12:04:58","slug":"coche-con-personajes-madera","status":"publish","type":"product","link":"https:\/\/palopalu.com\/en\/product\/coche-con-personajes-madera\/","title":{"rendered":"Car with characters"},"content":{"rendered":"<h2 class=\"western\">Palopin\u00b4s family.<\/h2>\n<p>Coche con personajes de madera, un bonito coche de alegre color amarillo acompa\u00f1ado de con cuatro simp\u00e1ticos personajes. El juguete que acompa\u00f1ar\u00e1 al ni\u00f1o lo largo de las diferentes etapas de crecimiento mientras inventa historias con la familia Palopin. Puede formar parte de un juego m\u00e1s grande, construyendo ciudades o carreteras o puede servir perfectamente de arrastrable para que el ni\u00f1o se divierta mientras mejora su motricidad y su coordinaci\u00f3n ojo mano tanto por la faceta arrastrable como por el encajable donde el ni\u00f1o puede ir intercambiando a los miembros de nuestra familia Palopin. <\/p>\n<p><a href=\"https:\/\/palopalu.com\/en\/product-category\/juguetes\/\" rel=\"noopener\" target=\"_blank\">Como todo el resto de nuestros juguetes<\/a>, est\u00e1 todo pintado con pinturas de base al agua, libres de t\u00f3xicos y sin barnices. Totalmente adecuado para cualquier edad. Realizado enteramente en el taller de Palopal\u00fa con mimo y dedicaci\u00f3n. Gracias a su dise\u00f1o duradero puede ser un juguete que perfectamente pase de hermanos a hermanos o de padres a hijos y ser ese entra\u00f1able recuerdo de la infancia.  <\/p>\n<p>Coche con personajes de madera es el regalo perfecto para unas Navidades, cumplea\u00f1os o esa celebraci\u00f3n especial. Un regalo \u00fanico que adem\u00e1s apoya a la artesan\u00eda sostenible.<\/p>\n<p>&nbsp;<\/p>","protected":false},"excerpt":{"rendered":"<h2 class=\"western\">Palopin\u00b4s family.<\/h2>\n<p>Un bonito coche de alegre color amarillo acompa\u00f1ado de con cuatro simp\u00e1ticos personajes. El juguete que acompa\u00f1ar\u00e1 al ni\u00f1o lo largo de las diferentes etapas de crecimiento.<\/p>\n<p>Un dos en uno genial: arrastrable y encajable. Ideal para jugar a imaginar desarrollando su creatividad, favoreciendo el juego simb\u00f3lico, a la vez que potencia su coordinaci\u00f3n mano-ojo y entrena el agarre.<\/p>\n<p>Pintados con pinturas de base al agua, libres de t\u00f3xicos y sin barnices. Totalmente adecuado para cualquier edad.<\/p>","protected":false},"featured_media":4772,"template":"","meta":[],"product_brand":[],"product_cat":[122,97,102,80],"product_tag":[316,250,299,150],"class_list":{"0":"post-4770","1":"product","2":"type-product","3":"status-publish","4":"has-post-thumbnail","6":"product_cat-arrastrables","7":"product_cat-de-1-a-3-anos","8":"product_cat-de-3-a-5-anos","9":"product_cat-juguetes","10":"product_tag-arrastrables","11":"product_tag-coches-de-madera","12":"product_tag-encajable","13":"product_tag-juguetes-de-madera","14":"clearfix","16":"first","17":"outofstock","18":"shipping-taxable","19":"purchasable","20":"product-type-simple"},"yoast_head":"<!-- This site is optimized with the Yoast SEO plugin v27.5 - https:\/\/yoast.com\/product\/yoast-seo-wordpress\/ -->\n<title>Coche con personajes de madera.<\/title>\n<meta name=\"description\" content=\"Coche con personajes de madera. Un juego dos en uno: arrastrable y encajable. Hecho en madera, artesanalmente y bellamente ilustrado\" \/>\n<meta name=\"robots\" content=\"index, follow, max-snippet:-1, max-image-preview:large, max-video-preview:-1\" \/>\n<link rel=\"canonical\" href=\"https:\/\/palopalu.com\/en\/product\/coche-con-personajes-madera\/\" \/>\n<meta property=\"og:locale\" content=\"en_GB\" \/>\n<meta property=\"og:type\" content=\"article\" \/>\n<meta property=\"og:title\" content=\"Coche con personajes de madera.\" \/>\n<meta property=\"og:description\" content=\"Coche con personajes de madera. Un juego dos en uno: arrastrable y encajable. Hecho en madera, artesanalmente y bellamente ilustrado\" \/>\n<meta property=\"og:url\" content=\"https:\/\/palopalu.com\/en\/product\/coche-con-personajes-madera\/\" \/>\n<meta property=\"og:site_name\" content=\"Palopal\u00fa\" \/>\n<meta property=\"article:publisher\" content=\"https:\/\/www.facebook.com\/palopalupalopalu\" \/>\n<meta property=\"article:modified_time\" content=\"2022-11-13T12:04:58+00:00\" \/>\n<meta property=\"og:image\" content=\"https:\/\/palopalu.com\/wp-content\/uploads\/2021\/10\/coche-personajes-de-madera-amarillo-palopalu-sat.jpg\" \/>\n\t<meta property=\"og:image:width\" content=\"1200\" \/>\n\t<meta property=\"og:image:height\" content=\"1200\" \/>\n\t<meta property=\"og:image:type\" content=\"image\/jpeg\" \/>\n<meta name=\"twitter:card\" content=\"summary_large_image\" \/>\n<meta name=\"twitter:label1\" content=\"Estimated reading time\" \/>\n\t<meta name=\"twitter:data1\" content=\"1 minute\" \/>\n<script type=\"application\/ld+json\" class=\"yoast-schema-graph\">{\"@context\":\"https:\\\/\\\/schema.org\",\"@graph\":[{\"@type\":\"WebPage\",\"@id\":\"https:\\\/\\\/palopalu.com\\\/producto\\\/coche-con-personajes-madera\\\/\",\"url\":\"https:\\\/\\\/palopalu.com\\\/producto\\\/coche-con-personajes-madera\\\/\",\"name\":\"Coche con personajes de madera.\",\"isPartOf\":{\"@id\":\"https:\\\/\\\/palopalu.com\\\/#website\"},\"primaryImageOfPage\":{\"@id\":\"https:\\\/\\\/palopalu.com\\\/producto\\\/coche-con-personajes-madera\\\/#primaryimage\"},\"image\":{\"@id\":\"https:\\\/\\\/palopalu.com\\\/producto\\\/coche-con-personajes-madera\\\/#primaryimage\"},\"thumbnailUrl\":\"https:\\\/\\\/palopalu.com\\\/wp-content\\\/uploads\\\/2021\\\/10\\\/coche-personajes-de-madera-amarillo-palopalu-sat.jpg\",\"datePublished\":\"2021-10-20T14:59:02+00:00\",\"dateModified\":\"2022-11-13T12:04:58+00:00\",\"description\":\"Coche con personajes de madera. Un juego dos en uno: arrastrable y encajable. Hecho en madera, artesanalmente y bellamente ilustrado\",\"breadcrumb\":{\"@id\":\"https:\\\/\\\/palopalu.com\\\/producto\\\/coche-con-personajes-madera\\\/#breadcrumb\"},\"inLanguage\":\"en-GB\",\"potentialAction\":[{\"@type\":\"ReadAction\",\"target\":[\"https:\\\/\\\/palopalu.com\\\/producto\\\/coche-con-personajes-madera\\\/\"]}]},{\"@type\":\"ImageObject\",\"inLanguage\":\"en-GB\",\"@id\":\"https:\\\/\\\/palopalu.com\\\/producto\\\/coche-con-personajes-madera\\\/#primaryimage\",\"url\":\"https:\\\/\\\/palopalu.com\\\/wp-content\\\/uploads\\\/2021\\\/10\\\/coche-personajes-de-madera-amarillo-palopalu-sat.jpg\",\"contentUrl\":\"https:\\\/\\\/palopalu.com\\\/wp-content\\\/uploads\\\/2021\\\/10\\\/coche-personajes-de-madera-amarillo-palopalu-sat.jpg\",\"width\":1200,\"height\":1200,\"caption\":\"Coche de madera con personajes\"},{\"@type\":\"BreadcrumbList\",\"@id\":\"https:\\\/\\\/palopalu.com\\\/producto\\\/coche-con-personajes-madera\\\/#breadcrumb\",\"itemListElement\":[{\"@type\":\"ListItem\",\"position\":1,\"name\":\"Portada\",\"item\":\"https:\\\/\\\/palopalu.com\\\/\"},{\"@type\":\"ListItem\",\"position\":2,\"name\":\"Tienda\",\"item\":\"https:\\\/\\\/palopalu.com\\\/tienda\\\/\"},{\"@type\":\"ListItem\",\"position\":3,\"name\":\"Coche con personajes\"}]},{\"@type\":\"WebSite\",\"@id\":\"https:\\\/\\\/palopalu.com\\\/#website\",\"url\":\"https:\\\/\\\/palopalu.com\\\/\",\"name\":\"Palopal\u00fa\",\"description\":\"Juguetes, decoraci\u00f3n y objetos personalizados en madera\",\"publisher\":{\"@id\":\"https:\\\/\\\/palopalu.com\\\/#organization\"},\"potentialAction\":[{\"@type\":\"SearchAction\",\"target\":{\"@type\":\"EntryPoint\",\"urlTemplate\":\"https:\\\/\\\/palopalu.com\\\/?s={search_term_string}\"},\"query-input\":{\"@type\":\"PropertyValueSpecification\",\"valueRequired\":true,\"valueName\":\"search_term_string\"}}],\"inLanguage\":\"en-GB\"},{\"@type\":\"Organization\",\"@id\":\"https:\\\/\\\/palopalu.com\\\/#organization\",\"name\":\"Palopal\u00fa\",\"url\":\"https:\\\/\\\/palopalu.com\\\/\",\"logo\":{\"@type\":\"ImageObject\",\"inLanguage\":\"en-GB\",\"@id\":\"https:\\\/\\\/palopalu.com\\\/#\\\/schema\\\/logo\\\/image\\\/\",\"url\":\"https:\\\/\\\/palopalu.com\\\/wp-content\\\/uploads\\\/2019\\\/02\\\/logo-palopalu.png\",\"contentUrl\":\"https:\\\/\\\/palopalu.com\\\/wp-content\\\/uploads\\\/2019\\\/02\\\/logo-palopalu.png\",\"width\":125,\"height\":30,\"caption\":\"Palopal\u00fa\"},\"image\":{\"@id\":\"https:\\\/\\\/palopalu.com\\\/#\\\/schema\\\/logo\\\/image\\\/\"},\"sameAs\":[\"https:\\\/\\\/www.facebook.com\\\/palopalupalopalu\",\"https:\\\/\\\/www.instagram.com\\\/palopalu\"]}]}<\/script>\n<!-- \/ Yoast SEO plugin. -->","yoast_head_json":{"title":"Coche con personajes de madera.","description":"Coche con personajes de madera. Un juego dos en uno: arrastrable y encajable. Hecho en madera, artesanalmente y bellamente ilustrado","robots":{"index":"index","follow":"follow","max-snippet":"max-snippet:-1","max-image-preview":"max-image-preview:large","max-video-preview":"max-video-preview:-1"},"canonical":"https:\/\/palopalu.com\/en\/product\/coche-con-personajes-madera\/","og_locale":"en_GB","og_type":"article","og_title":"Coche con personajes de madera.","og_description":"Coche con personajes de madera. Un juego dos en uno: arrastrable y encajable. Hecho en madera, artesanalmente y bellamente ilustrado","og_url":"https:\/\/palopalu.com\/en\/product\/coche-con-personajes-madera\/","og_site_name":"Palopal\u00fa","article_publisher":"https:\/\/www.facebook.com\/palopalupalopalu","article_modified_time":"2022-11-13T12:04:58+00:00","og_image":[{"width":1200,"height":1200,"url":"https:\/\/palopalu.com\/wp-content\/uploads\/2021\/10\/coche-personajes-de-madera-amarillo-palopalu-sat.jpg","type":"image\/jpeg"}],"twitter_card":"summary_large_image","twitter_misc":{"Estimated reading time":"1 minute"},"schema":{"@context":"https:\/\/schema.org","@graph":[{"@type":"WebPage","@id":"https:\/\/palopalu.com\/producto\/coche-con-personajes-madera\/","url":"https:\/\/palopalu.com\/producto\/coche-con-personajes-madera\/","name":"Coche con personajes de madera.","isPartOf":{"@id":"https:\/\/palopalu.com\/#website"},"primaryImageOfPage":{"@id":"https:\/\/palopalu.com\/producto\/coche-con-personajes-madera\/#primaryimage"},"image":{"@id":"https:\/\/palopalu.com\/producto\/coche-con-personajes-madera\/#primaryimage"},"thumbnailUrl":"https:\/\/palopalu.com\/wp-content\/uploads\/2021\/10\/coche-personajes-de-madera-amarillo-palopalu-sat.jpg","datePublished":"2021-10-20T14:59:02+00:00","dateModified":"2022-11-13T12:04:58+00:00","description":"Coche con personajes de madera. Un juego dos en uno: arrastrable y encajable. Hecho en madera, artesanalmente y bellamente ilustrado","breadcrumb":{"@id":"https:\/\/palopalu.com\/producto\/coche-con-personajes-madera\/#breadcrumb"},"inLanguage":"en-GB","potentialAction":[{"@type":"ReadAction","target":["https:\/\/palopalu.com\/producto\/coche-con-personajes-madera\/"]}]},{"@type":"ImageObject","inLanguage":"en-GB","@id":"https:\/\/palopalu.com\/producto\/coche-con-personajes-madera\/#primaryimage","url":"https:\/\/palopalu.com\/wp-content\/uploads\/2021\/10\/coche-personajes-de-madera-amarillo-palopalu-sat.jpg","contentUrl":"https:\/\/palopalu.com\/wp-content\/uploads\/2021\/10\/coche-personajes-de-madera-amarillo-palopalu-sat.jpg","width":1200,"height":1200,"caption":"Coche de madera con personajes"},{"@type":"BreadcrumbList","@id":"https:\/\/palopalu.com\/producto\/coche-con-personajes-madera\/#breadcrumb","itemListElement":[{"@type":"ListItem","position":1,"name":"Portada","item":"https:\/\/palopalu.com\/"},{"@type":"ListItem","position":2,"name":"Tienda","item":"https:\/\/palopalu.com\/tienda\/"},{"@type":"ListItem","position":3,"name":"Coche con personajes"}]},{"@type":"WebSite","@id":"https:\/\/palopalu.com\/#website","url":"https:\/\/palopalu.com\/","name":"Palopal\u00fa","description":"Juguetes, decoraci\u00f3n y objetos personalizados en madera","publisher":{"@id":"https:\/\/palopalu.com\/#organization"},"potentialAction":[{"@type":"SearchAction","target":{"@type":"EntryPoint","urlTemplate":"https:\/\/palopalu.com\/?s={search_term_string}"},"query-input":{"@type":"PropertyValueSpecification","valueRequired":true,"valueName":"search_term_string"}}],"inLanguage":"en-GB"},{"@type":"Organization","@id":"https:\/\/palopalu.com\/#organization","name":"Palopal\u00fa","url":"https:\/\/palopalu.com\/","logo":{"@type":"ImageObject","inLanguage":"en-GB","@id":"https:\/\/palopalu.com\/#\/schema\/logo\/image\/","url":"https:\/\/palopalu.com\/wp-content\/uploads\/2019\/02\/logo-palopalu.png","contentUrl":"https:\/\/palopalu.com\/wp-content\/uploads\/2019\/02\/logo-palopalu.png","width":125,"height":30,"caption":"Palopal\u00fa"},"image":{"@id":"https:\/\/palopalu.com\/#\/schema\/logo\/image\/"},"sameAs":["https:\/\/www.facebook.com\/palopalupalopalu","https:\/\/www.instagram.com\/palopalu"]}]}},"_links":{"self":[{"href":"https:\/\/palopalu.com\/en\/wp-json\/wp\/v2\/product\/4770","targetHints":{"allow":["GET"]}}],"collection":[{"href":"https:\/\/palopalu.com\/en\/wp-json\/wp\/v2\/product"}],"about":[{"href":"https:\/\/palopalu.com\/en\/wp-json\/wp\/v2\/types\/product"}],"wp:featuredmedia":[{"embeddable":true,"href":"https:\/\/palopalu.com\/en\/wp-json\/wp\/v2\/media\/4772"}],"wp:attachment":[{"href":"https:\/\/palopalu.com\/en\/wp-json\/wp\/v2\/media?parent=4770"}],"wp:term":[{"taxonomy":"product_brand","embeddable":true,"href":"https:\/\/palopalu.com\/en\/wp-json\/wp\/v2\/product_brand?post=4770"},{"taxonomy":"product_cat","embeddable":true,"href":"https:\/\/palopalu.com\/en\/wp-json\/wp\/v2\/product_cat?post=4770"},{"taxonomy":"product_tag","embeddable":true,"href":"https:\/\/palopalu.com\/en\/wp-json\/wp\/v2\/product_tag?post=4770"}],"curies":[{"name":"wp","href":"https:\/\/api.w.org\/{rel}","templated":true}]}}