{"id":4786,"date":"2021-11-07T20:52:12","date_gmt":"2021-11-07T19:52:12","guid":{"rendered":"https:\/\/palopalu.com\/?post_type=product&#038;p=4786"},"modified":"2022-12-16T10:31:07","modified_gmt":"2022-12-16T09:31:07","slug":"lamina-ilustrada-abc-animales","status":"publish","type":"product","link":"https:\/\/palopalu.com\/en\/product\/lamina-ilustrada-abc-animales\/","title":{"rendered":"ABC Animals Illustrated Sheet"},"content":{"rendered":"<p><strong><br \/>\nL\u00e1mina ilustrada ABC Animales, bonita y muy especial, acompa\u00f1ar\u00e1 al ni\u00f1o en sus primeros pasos en la lectura.Disponible en versi\u00f3n euskera y versi\u00f3n castellano. Marca tu favorito en la pesta\u00f1a de abajo<br \/>\n<\/strong><\/p>\n<p><strong>DIMENSIONES: 29,7 x 42 cm (Tama\u00f1o DinA3)<\/strong><\/p>\n<p>Aprender\u00e1 a reconocer cada letra del abecedario asociando a los nombres en castellano y la imagen de los animales que acompa\u00f1an cada car\u00e1cter.<\/p>\n<p>Del taller de Palopal\u00fa salen estas ilustraciones realistas de gran detalle, que mostrar\u00e1n de manera f\u00e1cil al peque\u00f1o los diferentes animales. Los tonos acuarelados llenar\u00e1n de color el rinc\u00f3n que elijas para ella y su fondo blanco, combinar\u00e1 estupendamente con cualquier estilo de marco que escojas.<\/p>\n<p>Se trata de un formato est\u00e1ndar por lo que ser\u00e1 muy sencillo encontrar marcos que se ajusten a su medida.<br \/>\nDid\u00e1ctica y preciosa para decorar, quedar\u00e1 genial en cualquier espacio infantil, bien sea su cuarto o un aula. <\/p>\n<p>La L\u00e1mina ilustrada ABC Animales est\u00e1 impresa con tintas de primera calidad en un papel de dise\u00f1o premium certificado FSC de 240 g \/ m2 en acabado mate y superficie lisa. El resultado es una impresi\u00f3n de gran calidad y reproducci\u00f3n de imagen estupenda que resistir\u00e1 la prueba del tiempo.<\/p>\n<p>No lo dudes y <a href=\"https:\/\/palopalu.com\/en\/product-category\/decoracion\/\" rel=\"noopener\" target=\"_blank\">echa un ojo al resto de l\u00e1minas<\/a> que tenemos disponibles para t\u00ed. <\/p>\n<p>&nbsp;<\/p>\n<p>&nbsp;<\/p>","protected":false},"excerpt":{"rendered":"<p><strong>Disponible en versi\u00f3n euskera y versi\u00f3n castellano. Marca tu favorito en la pesta\u00f1a de abajo<br \/>\n<\/strong><\/p>\n<p><strong>DIMENSIONES: 29,7 x 42 cm (Tama\u00f1o DinA3)<\/strong><\/p>\n<p>Una l\u00e1mina abecedario ilustrada bonita y muy especial que acompa\u00f1ar\u00e1 al ni\u00f1o a comenzar sus pasos en la lectura.<\/p>\n<p>Aprender\u00e1 a reconocer cada letra del abecedario asociando a los nombres en castellano y la imagen de los animales que acompa\u00f1an cada car\u00e1cter.<\/p>\n<p>Del taller salen estas ilustraciones realistas de gran detalle, que mostrar\u00e1n de manera f\u00e1cil al peque\u00f1o los diferentes animales. Los tonos acuarelados llenar\u00e1n de color el rinc\u00f3n que elijas para ella y su fondo blanco, combinar\u00e1 estupendamente con cualquier estilo de marco que elijas.<\/p>\n<p>Se trata de un formato est\u00e1ndar por lo que ser\u00e1 muy sencillo encontrar marcos que se ajusten a su medida.<br \/>\nDid\u00e1ctica y preciosa para decorar, quedar\u00e1 genial en cualquier espacio infantil.<\/p>\n<p>Impresa con tintas de primera calidad en un papel de dise\u00f1o premium certificado FSC de 240 g \/ m2 en acabado mate y superficie lisa. El resultado es una impresi\u00f3n de gran calidad y reproducci\u00f3n de imagen estupenda que resistir\u00e1 la prueba del tiempo.<\/p>\n<p>&nbsp;<\/p>\n<p>&nbsp;<\/p>","protected":false},"featured_media":4788,"template":"","meta":[],"product_brand":[],"product_cat":[97,102,78,101,83],"product_tag":[317,161],"class_list":{"0":"post-4786","1":"product","2":"type-product","3":"status-publish","4":"has-post-thumbnail","6":"product_cat-de-1-a-3-anos","7":"product_cat-de-3-a-5-anos","8":"product_cat-decoracion","9":"product_cat-ilustracion","10":"product_cat-por-edad","11":"product_tag-abecedario","12":"product_tag-decoracion","13":"clearfix","15":"first","16":"instock","17":"shipping-taxable","18":"purchasable","19":"product-type-variable"},"yoast_head":"<!-- This site is optimized with the Yoast SEO plugin v27.5 - https:\/\/yoast.com\/product\/yoast-seo-wordpress\/ -->\n<title>L\u00e1mina ilustrada ABC Animales. P\u00f3ster tama\u00f1o DinA3<\/title>\n<meta name=\"description\" content=\"L\u00e1mina ilustrada ABC Animales para aprender las letras del abecedario asociando a los nombres de su animal. Disponible en euskera y castellano\" \/>\n<meta name=\"robots\" content=\"index, follow, max-snippet:-1, max-image-preview:large, max-video-preview:-1\" \/>\n<link rel=\"canonical\" href=\"https:\/\/palopalu.com\/en\/product\/lamina-ilustrada-abc-animales\/\" \/>\n<meta property=\"og:locale\" content=\"en_GB\" \/>\n<meta property=\"og:type\" content=\"article\" \/>\n<meta property=\"og:title\" content=\"L\u00e1mina ilustrada ABC Animales. P\u00f3ster tama\u00f1o DinA3\" \/>\n<meta property=\"og:description\" content=\"L\u00e1mina ilustrada ABC Animales para aprender las letras del abecedario asociando a los nombres de su animal. Disponible en euskera y castellano\" \/>\n<meta property=\"og:url\" content=\"https:\/\/palopalu.com\/en\/product\/lamina-ilustrada-abc-animales\/\" \/>\n<meta property=\"og:site_name\" content=\"Palopal\u00fa\" \/>\n<meta property=\"article:publisher\" content=\"https:\/\/www.facebook.com\/palopalupalopalu\" \/>\n<meta property=\"article:modified_time\" content=\"2022-12-16T09:31:07+00:00\" \/>\n<meta property=\"og:image\" content=\"https:\/\/palopalu.com\/wp-content\/uploads\/2021\/11\/lamina-animales-ABC-1.jpg\" \/>\n\t<meta property=\"og:image:width\" content=\"1200\" \/>\n\t<meta property=\"og:image:height\" content=\"1200\" \/>\n\t<meta property=\"og:image:type\" content=\"image\/jpeg\" \/>\n<meta name=\"twitter:card\" content=\"summary_large_image\" \/>\n<meta name=\"twitter:label1\" content=\"Estimated reading time\" \/>\n\t<meta name=\"twitter:data1\" content=\"1 minute\" \/>\n<script type=\"application\/ld+json\" class=\"yoast-schema-graph\">{\"@context\":\"https:\\\/\\\/schema.org\",\"@graph\":[{\"@type\":\"WebPage\",\"@id\":\"https:\\\/\\\/palopalu.com\\\/producto\\\/lamina-ilustrada-abc-animales\\\/\",\"url\":\"https:\\\/\\\/palopalu.com\\\/producto\\\/lamina-ilustrada-abc-animales\\\/\",\"name\":\"L\u00e1mina ilustrada ABC Animales. P\u00f3ster tama\u00f1o DinA3\",\"isPartOf\":{\"@id\":\"https:\\\/\\\/palopalu.com\\\/#website\"},\"primaryImageOfPage\":{\"@id\":\"https:\\\/\\\/palopalu.com\\\/producto\\\/lamina-ilustrada-abc-animales\\\/#primaryimage\"},\"image\":{\"@id\":\"https:\\\/\\\/palopalu.com\\\/producto\\\/lamina-ilustrada-abc-animales\\\/#primaryimage\"},\"thumbnailUrl\":\"https:\\\/\\\/palopalu.com\\\/wp-content\\\/uploads\\\/2021\\\/11\\\/lamina-animales-ABC-1.jpg\",\"datePublished\":\"2021-11-07T19:52:12+00:00\",\"dateModified\":\"2022-12-16T09:31:07+00:00\",\"description\":\"L\u00e1mina ilustrada ABC Animales para aprender las letras del abecedario asociando a los nombres de su animal. Disponible en euskera y castellano\",\"breadcrumb\":{\"@id\":\"https:\\\/\\\/palopalu.com\\\/producto\\\/lamina-ilustrada-abc-animales\\\/#breadcrumb\"},\"inLanguage\":\"en-GB\",\"potentialAction\":[{\"@type\":\"ReadAction\",\"target\":[\"https:\\\/\\\/palopalu.com\\\/producto\\\/lamina-ilustrada-abc-animales\\\/\"]}]},{\"@type\":\"ImageObject\",\"inLanguage\":\"en-GB\",\"@id\":\"https:\\\/\\\/palopalu.com\\\/producto\\\/lamina-ilustrada-abc-animales\\\/#primaryimage\",\"url\":\"https:\\\/\\\/palopalu.com\\\/wp-content\\\/uploads\\\/2021\\\/11\\\/lamina-animales-ABC-1.jpg\",\"contentUrl\":\"https:\\\/\\\/palopalu.com\\\/wp-content\\\/uploads\\\/2021\\\/11\\\/lamina-animales-ABC-1.jpg\",\"width\":1200,\"height\":1200,\"caption\":\"Illustrated ABC Animals Print\"},{\"@type\":\"BreadcrumbList\",\"@id\":\"https:\\\/\\\/palopalu.com\\\/producto\\\/lamina-ilustrada-abc-animales\\\/#breadcrumb\",\"itemListElement\":[{\"@type\":\"ListItem\",\"position\":1,\"name\":\"Portada\",\"item\":\"https:\\\/\\\/palopalu.com\\\/\"},{\"@type\":\"ListItem\",\"position\":2,\"name\":\"Tienda\",\"item\":\"https:\\\/\\\/palopalu.com\\\/tienda\\\/\"},{\"@type\":\"ListItem\",\"position\":3,\"name\":\"L\u00e1mina ilustrada ABC Animales\"}]},{\"@type\":\"WebSite\",\"@id\":\"https:\\\/\\\/palopalu.com\\\/#website\",\"url\":\"https:\\\/\\\/palopalu.com\\\/\",\"name\":\"Palopal\u00fa\",\"description\":\"Juguetes, decoraci\u00f3n y objetos personalizados en madera\",\"publisher\":{\"@id\":\"https:\\\/\\\/palopalu.com\\\/#organization\"},\"potentialAction\":[{\"@type\":\"SearchAction\",\"target\":{\"@type\":\"EntryPoint\",\"urlTemplate\":\"https:\\\/\\\/palopalu.com\\\/?s={search_term_string}\"},\"query-input\":{\"@type\":\"PropertyValueSpecification\",\"valueRequired\":true,\"valueName\":\"search_term_string\"}}],\"inLanguage\":\"en-GB\"},{\"@type\":\"Organization\",\"@id\":\"https:\\\/\\\/palopalu.com\\\/#organization\",\"name\":\"Palopal\u00fa\",\"url\":\"https:\\\/\\\/palopalu.com\\\/\",\"logo\":{\"@type\":\"ImageObject\",\"inLanguage\":\"en-GB\",\"@id\":\"https:\\\/\\\/palopalu.com\\\/#\\\/schema\\\/logo\\\/image\\\/\",\"url\":\"https:\\\/\\\/palopalu.com\\\/wp-content\\\/uploads\\\/2019\\\/02\\\/logo-palopalu.png\",\"contentUrl\":\"https:\\\/\\\/palopalu.com\\\/wp-content\\\/uploads\\\/2019\\\/02\\\/logo-palopalu.png\",\"width\":125,\"height\":30,\"caption\":\"Palopal\u00fa\"},\"image\":{\"@id\":\"https:\\\/\\\/palopalu.com\\\/#\\\/schema\\\/logo\\\/image\\\/\"},\"sameAs\":[\"https:\\\/\\\/www.facebook.com\\\/palopalupalopalu\",\"https:\\\/\\\/www.instagram.com\\\/palopalu\"]}]}<\/script>\n<!-- \/ Yoast SEO plugin. -->","yoast_head_json":{"title":"L\u00e1mina ilustrada ABC Animales. P\u00f3ster tama\u00f1o DinA3","description":"L\u00e1mina ilustrada ABC Animales para aprender las letras del abecedario asociando a los nombres de su animal. Disponible en euskera y castellano","robots":{"index":"index","follow":"follow","max-snippet":"max-snippet:-1","max-image-preview":"max-image-preview:large","max-video-preview":"max-video-preview:-1"},"canonical":"https:\/\/palopalu.com\/en\/product\/lamina-ilustrada-abc-animales\/","og_locale":"en_GB","og_type":"article","og_title":"L\u00e1mina ilustrada ABC Animales. P\u00f3ster tama\u00f1o DinA3","og_description":"L\u00e1mina ilustrada ABC Animales para aprender las letras del abecedario asociando a los nombres de su animal. Disponible en euskera y castellano","og_url":"https:\/\/palopalu.com\/en\/product\/lamina-ilustrada-abc-animales\/","og_site_name":"Palopal\u00fa","article_publisher":"https:\/\/www.facebook.com\/palopalupalopalu","article_modified_time":"2022-12-16T09:31:07+00:00","og_image":[{"width":1200,"height":1200,"url":"https:\/\/palopalu.com\/wp-content\/uploads\/2021\/11\/lamina-animales-ABC-1.jpg","type":"image\/jpeg"}],"twitter_card":"summary_large_image","twitter_misc":{"Estimated reading time":"1 minute"},"schema":{"@context":"https:\/\/schema.org","@graph":[{"@type":"WebPage","@id":"https:\/\/palopalu.com\/producto\/lamina-ilustrada-abc-animales\/","url":"https:\/\/palopalu.com\/producto\/lamina-ilustrada-abc-animales\/","name":"L\u00e1mina ilustrada ABC Animales. P\u00f3ster tama\u00f1o DinA3","isPartOf":{"@id":"https:\/\/palopalu.com\/#website"},"primaryImageOfPage":{"@id":"https:\/\/palopalu.com\/producto\/lamina-ilustrada-abc-animales\/#primaryimage"},"image":{"@id":"https:\/\/palopalu.com\/producto\/lamina-ilustrada-abc-animales\/#primaryimage"},"thumbnailUrl":"https:\/\/palopalu.com\/wp-content\/uploads\/2021\/11\/lamina-animales-ABC-1.jpg","datePublished":"2021-11-07T19:52:12+00:00","dateModified":"2022-12-16T09:31:07+00:00","description":"L\u00e1mina ilustrada ABC Animales para aprender las letras del abecedario asociando a los nombres de su animal. Disponible en euskera y castellano","breadcrumb":{"@id":"https:\/\/palopalu.com\/producto\/lamina-ilustrada-abc-animales\/#breadcrumb"},"inLanguage":"en-GB","potentialAction":[{"@type":"ReadAction","target":["https:\/\/palopalu.com\/producto\/lamina-ilustrada-abc-animales\/"]}]},{"@type":"ImageObject","inLanguage":"en-GB","@id":"https:\/\/palopalu.com\/producto\/lamina-ilustrada-abc-animales\/#primaryimage","url":"https:\/\/palopalu.com\/wp-content\/uploads\/2021\/11\/lamina-animales-ABC-1.jpg","contentUrl":"https:\/\/palopalu.com\/wp-content\/uploads\/2021\/11\/lamina-animales-ABC-1.jpg","width":1200,"height":1200,"caption":"Illustrated ABC Animals Print"},{"@type":"BreadcrumbList","@id":"https:\/\/palopalu.com\/producto\/lamina-ilustrada-abc-animales\/#breadcrumb","itemListElement":[{"@type":"ListItem","position":1,"name":"Portada","item":"https:\/\/palopalu.com\/"},{"@type":"ListItem","position":2,"name":"Tienda","item":"https:\/\/palopalu.com\/tienda\/"},{"@type":"ListItem","position":3,"name":"L\u00e1mina ilustrada ABC Animales"}]},{"@type":"WebSite","@id":"https:\/\/palopalu.com\/#website","url":"https:\/\/palopalu.com\/","name":"Palopal\u00fa","description":"Juguetes, decoraci\u00f3n y objetos personalizados en madera","publisher":{"@id":"https:\/\/palopalu.com\/#organization"},"potentialAction":[{"@type":"SearchAction","target":{"@type":"EntryPoint","urlTemplate":"https:\/\/palopalu.com\/?s={search_term_string}"},"query-input":{"@type":"PropertyValueSpecification","valueRequired":true,"valueName":"search_term_string"}}],"inLanguage":"en-GB"},{"@type":"Organization","@id":"https:\/\/palopalu.com\/#organization","name":"Palopal\u00fa","url":"https:\/\/palopalu.com\/","logo":{"@type":"ImageObject","inLanguage":"en-GB","@id":"https:\/\/palopalu.com\/#\/schema\/logo\/image\/","url":"https:\/\/palopalu.com\/wp-content\/uploads\/2019\/02\/logo-palopalu.png","contentUrl":"https:\/\/palopalu.com\/wp-content\/uploads\/2019\/02\/logo-palopalu.png","width":125,"height":30,"caption":"Palopal\u00fa"},"image":{"@id":"https:\/\/palopalu.com\/#\/schema\/logo\/image\/"},"sameAs":["https:\/\/www.facebook.com\/palopalupalopalu","https:\/\/www.instagram.com\/palopalu"]}]}},"_links":{"self":[{"href":"https:\/\/palopalu.com\/en\/wp-json\/wp\/v2\/product\/4786","targetHints":{"allow":["GET"]}}],"collection":[{"href":"https:\/\/palopalu.com\/en\/wp-json\/wp\/v2\/product"}],"about":[{"href":"https:\/\/palopalu.com\/en\/wp-json\/wp\/v2\/types\/product"}],"wp:featuredmedia":[{"embeddable":true,"href":"https:\/\/palopalu.com\/en\/wp-json\/wp\/v2\/media\/4788"}],"wp:attachment":[{"href":"https:\/\/palopalu.com\/en\/wp-json\/wp\/v2\/media?parent=4786"}],"wp:term":[{"taxonomy":"product_brand","embeddable":true,"href":"https:\/\/palopalu.com\/en\/wp-json\/wp\/v2\/product_brand?post=4786"},{"taxonomy":"product_cat","embeddable":true,"href":"https:\/\/palopalu.com\/en\/wp-json\/wp\/v2\/product_cat?post=4786"},{"taxonomy":"product_tag","embeddable":true,"href":"https:\/\/palopalu.com\/en\/wp-json\/wp\/v2\/product_tag?post=4786"}],"curies":[{"name":"wp","href":"https:\/\/api.w.org\/{rel}","templated":true}]}}