{"id":4882,"date":"2022-03-21T09:49:44","date_gmt":"2022-03-21T08:49:44","guid":{"rendered":"https:\/\/palopalu.com\/?post_type=product&#038;p=4882"},"modified":"2025-07-01T16:34:06","modified_gmt":"2025-07-01T15:34:06","slug":"tu-nombre-con-letras-de-animales-de-madera","status":"publish","type":"product","link":"https:\/\/palopalu.com\/en\/product\/tu-nombre-con-letras-de-animales-de-madera\/","title":{"rendered":"Letras de Animales"},"content":{"rendered":"<p>Con estas Letras de Animales de madera podr\u00e1s tener en su habitaci\u00f3n su nombre m\u00e1s bonito que nunca.<\/p>\n<p>Cada letra est\u00e1 ilustrada con el animal correspondiente a su inicial de su nombre en castellano. Unas ilustraciones que hemos hecho con todo el mimo, cuidadas y realistas que adem\u00e1s divertir\u00e1n al ni\u00f1o aprendiendo a identificar cada letra y aprendiendo vocabulario.<\/p>\n<p>Puedes pegar tus Letras de Animales de manera muy sencilla con cinta de doble cara.<\/p>\n<p>Realizadas en madera de chopo, sin barnices ni t\u00f3xicos.<\/p>\n<p>Elige el n\u00famero de letras, escr\u00edbenos su nombre en el espacio para ello y ya tienes todo listo para a\u00f1adirlas a tu carrito.<\/p>\n<p>Al ser un trabajo por encargo el tiempo de entrega puede variar en funci\u00f3n de la carga de trabajo de ese momento.<\/p>\n<p>Si quieres una versi\u00f3n en Euskera (la letra correspondiente al nombre del animal en Euskera), escr\u00edbenos un <a href=\"\/en\/info@palopalu.com\/\">e-mail<\/a> para hacer el encargo.<\/p>","protected":false},"excerpt":{"rendered":"<p>Letras de Animales en madera. S\u00f3lo tienes que elegir cuantas quieres e introducir su nombre en el espacio de m\u00e1s abajo y conseguir\u00e1s estas letras en madera tan bonitas y f\u00e1ciles de colocar en una puerta, pared o donde quieras.<\/p>\n<p>Para conseguir tus Letras de Animales en Euskera, escr\u00edbenos un e-mail.<\/p>","protected":false},"featured_media":5772,"template":"","meta":[],"product_brand":[],"product_cat":[78],"product_tag":[],"class_list":{"0":"post-4882","1":"product","2":"type-product","3":"status-publish","4":"has-post-thumbnail","6":"product_cat-decoracion","7":"clearfix","9":"first","10":"instock","11":"shipping-taxable","12":"purchasable","13":"product-type-variable"},"yoast_head":"<!-- This site is optimized with the Yoast SEO plugin v27.5 - https:\/\/yoast.com\/product\/yoast-seo-wordpress\/ -->\n<title>Letras de Animales<\/title>\n<meta name=\"description\" content=\"Un dise\u00f1o personalizado para decorar una puerta o pared. Su nombre con las letras ilustradas de animales, hechas a mano en madera.\" \/>\n<meta name=\"robots\" content=\"index, follow, max-snippet:-1, max-image-preview:large, max-video-preview:-1\" \/>\n<link rel=\"canonical\" href=\"https:\/\/palopalu.com\/en\/product\/tu-nombre-con-letras-de-animales-de-madera\/\" \/>\n<meta property=\"og:locale\" content=\"en_GB\" \/>\n<meta property=\"og:type\" content=\"article\" \/>\n<meta property=\"og:title\" content=\"Letras de Animales\" \/>\n<meta property=\"og:description\" content=\"Un dise\u00f1o personalizado para decorar una puerta o pared. Su nombre con las letras ilustradas de animales, hechas a mano en madera.\" \/>\n<meta property=\"og:url\" content=\"https:\/\/palopalu.com\/en\/product\/tu-nombre-con-letras-de-animales-de-madera\/\" \/>\n<meta property=\"og:site_name\" content=\"Palopal\u00fa\" \/>\n<meta property=\"article:publisher\" content=\"https:\/\/www.facebook.com\/palopalupalopalu\" \/>\n<meta property=\"article:modified_time\" content=\"2025-07-01T15:34:06+00:00\" \/>\n<meta property=\"og:image\" content=\"https:\/\/palopalu.com\/wp-content\/uploads\/2024\/09\/letrasanimalescastellano1_palopalu.jpg\" \/>\n\t<meta property=\"og:image:width\" content=\"900\" \/>\n\t<meta property=\"og:image:height\" content=\"1200\" \/>\n\t<meta property=\"og:image:type\" content=\"image\/jpeg\" \/>\n<meta name=\"twitter:card\" content=\"summary_large_image\" \/>\n<meta name=\"twitter:label1\" content=\"Estimated reading time\" \/>\n\t<meta name=\"twitter:data1\" content=\"1 minute\" \/>\n<script type=\"application\/ld+json\" class=\"yoast-schema-graph\">{\"@context\":\"https:\\\/\\\/schema.org\",\"@graph\":[{\"@type\":\"WebPage\",\"@id\":\"https:\\\/\\\/palopalu.com\\\/producto\\\/tu-nombre-con-letras-de-animales-de-madera\\\/\",\"url\":\"https:\\\/\\\/palopalu.com\\\/producto\\\/tu-nombre-con-letras-de-animales-de-madera\\\/\",\"name\":\"Letras de Animales\",\"isPartOf\":{\"@id\":\"https:\\\/\\\/palopalu.com\\\/#website\"},\"primaryImageOfPage\":{\"@id\":\"https:\\\/\\\/palopalu.com\\\/producto\\\/tu-nombre-con-letras-de-animales-de-madera\\\/#primaryimage\"},\"image\":{\"@id\":\"https:\\\/\\\/palopalu.com\\\/producto\\\/tu-nombre-con-letras-de-animales-de-madera\\\/#primaryimage\"},\"thumbnailUrl\":\"https:\\\/\\\/palopalu.com\\\/wp-content\\\/uploads\\\/2024\\\/09\\\/letrasanimalescastellano1_palopalu.jpg\",\"datePublished\":\"2022-03-21T08:49:44+00:00\",\"dateModified\":\"2025-07-01T15:34:06+00:00\",\"description\":\"Un dise\u00f1o personalizado para decorar una puerta o pared. Su nombre con las letras ilustradas de animales, hechas a mano en madera.\",\"breadcrumb\":{\"@id\":\"https:\\\/\\\/palopalu.com\\\/producto\\\/tu-nombre-con-letras-de-animales-de-madera\\\/#breadcrumb\"},\"inLanguage\":\"en-GB\",\"potentialAction\":[{\"@type\":\"ReadAction\",\"target\":[\"https:\\\/\\\/palopalu.com\\\/producto\\\/tu-nombre-con-letras-de-animales-de-madera\\\/\"]}]},{\"@type\":\"ImageObject\",\"inLanguage\":\"en-GB\",\"@id\":\"https:\\\/\\\/palopalu.com\\\/producto\\\/tu-nombre-con-letras-de-animales-de-madera\\\/#primaryimage\",\"url\":\"https:\\\/\\\/palopalu.com\\\/wp-content\\\/uploads\\\/2024\\\/09\\\/letrasanimalescastellano1_palopalu.jpg\",\"contentUrl\":\"https:\\\/\\\/palopalu.com\\\/wp-content\\\/uploads\\\/2024\\\/09\\\/letrasanimalescastellano1_palopalu.jpg\",\"width\":900,\"height\":1200},{\"@type\":\"BreadcrumbList\",\"@id\":\"https:\\\/\\\/palopalu.com\\\/producto\\\/tu-nombre-con-letras-de-animales-de-madera\\\/#breadcrumb\",\"itemListElement\":[{\"@type\":\"ListItem\",\"position\":1,\"name\":\"Portada\",\"item\":\"https:\\\/\\\/palopalu.com\\\/\"},{\"@type\":\"ListItem\",\"position\":2,\"name\":\"Tienda\",\"item\":\"https:\\\/\\\/palopalu.com\\\/tienda\\\/\"},{\"@type\":\"ListItem\",\"position\":3,\"name\":\"Letras de Animales\"}]},{\"@type\":\"WebSite\",\"@id\":\"https:\\\/\\\/palopalu.com\\\/#website\",\"url\":\"https:\\\/\\\/palopalu.com\\\/\",\"name\":\"Palopal\u00fa\",\"description\":\"Juguetes, decoraci\u00f3n y objetos personalizados en madera\",\"publisher\":{\"@id\":\"https:\\\/\\\/palopalu.com\\\/#organization\"},\"potentialAction\":[{\"@type\":\"SearchAction\",\"target\":{\"@type\":\"EntryPoint\",\"urlTemplate\":\"https:\\\/\\\/palopalu.com\\\/?s={search_term_string}\"},\"query-input\":{\"@type\":\"PropertyValueSpecification\",\"valueRequired\":true,\"valueName\":\"search_term_string\"}}],\"inLanguage\":\"en-GB\"},{\"@type\":\"Organization\",\"@id\":\"https:\\\/\\\/palopalu.com\\\/#organization\",\"name\":\"Palopal\u00fa\",\"url\":\"https:\\\/\\\/palopalu.com\\\/\",\"logo\":{\"@type\":\"ImageObject\",\"inLanguage\":\"en-GB\",\"@id\":\"https:\\\/\\\/palopalu.com\\\/#\\\/schema\\\/logo\\\/image\\\/\",\"url\":\"https:\\\/\\\/palopalu.com\\\/wp-content\\\/uploads\\\/2019\\\/02\\\/logo-palopalu.png\",\"contentUrl\":\"https:\\\/\\\/palopalu.com\\\/wp-content\\\/uploads\\\/2019\\\/02\\\/logo-palopalu.png\",\"width\":125,\"height\":30,\"caption\":\"Palopal\u00fa\"},\"image\":{\"@id\":\"https:\\\/\\\/palopalu.com\\\/#\\\/schema\\\/logo\\\/image\\\/\"},\"sameAs\":[\"https:\\\/\\\/www.facebook.com\\\/palopalupalopalu\",\"https:\\\/\\\/www.instagram.com\\\/palopalu\"]}]}<\/script>\n<!-- \/ Yoast SEO plugin. -->","yoast_head_json":{"title":"Letras de Animales","description":"Un dise\u00f1o personalizado para decorar una puerta o pared. Su nombre con las letras ilustradas de animales, hechas a mano en madera.","robots":{"index":"index","follow":"follow","max-snippet":"max-snippet:-1","max-image-preview":"max-image-preview:large","max-video-preview":"max-video-preview:-1"},"canonical":"https:\/\/palopalu.com\/en\/product\/tu-nombre-con-letras-de-animales-de-madera\/","og_locale":"en_GB","og_type":"article","og_title":"Letras de Animales","og_description":"Un dise\u00f1o personalizado para decorar una puerta o pared. Su nombre con las letras ilustradas de animales, hechas a mano en madera.","og_url":"https:\/\/palopalu.com\/en\/product\/tu-nombre-con-letras-de-animales-de-madera\/","og_site_name":"Palopal\u00fa","article_publisher":"https:\/\/www.facebook.com\/palopalupalopalu","article_modified_time":"2025-07-01T15:34:06+00:00","og_image":[{"width":900,"height":1200,"url":"https:\/\/palopalu.com\/wp-content\/uploads\/2024\/09\/letrasanimalescastellano1_palopalu.jpg","type":"image\/jpeg"}],"twitter_card":"summary_large_image","twitter_misc":{"Estimated reading time":"1 minute"},"schema":{"@context":"https:\/\/schema.org","@graph":[{"@type":"WebPage","@id":"https:\/\/palopalu.com\/producto\/tu-nombre-con-letras-de-animales-de-madera\/","url":"https:\/\/palopalu.com\/producto\/tu-nombre-con-letras-de-animales-de-madera\/","name":"Letras de Animales","isPartOf":{"@id":"https:\/\/palopalu.com\/#website"},"primaryImageOfPage":{"@id":"https:\/\/palopalu.com\/producto\/tu-nombre-con-letras-de-animales-de-madera\/#primaryimage"},"image":{"@id":"https:\/\/palopalu.com\/producto\/tu-nombre-con-letras-de-animales-de-madera\/#primaryimage"},"thumbnailUrl":"https:\/\/palopalu.com\/wp-content\/uploads\/2024\/09\/letrasanimalescastellano1_palopalu.jpg","datePublished":"2022-03-21T08:49:44+00:00","dateModified":"2025-07-01T15:34:06+00:00","description":"Un dise\u00f1o personalizado para decorar una puerta o pared. Su nombre con las letras ilustradas de animales, hechas a mano en madera.","breadcrumb":{"@id":"https:\/\/palopalu.com\/producto\/tu-nombre-con-letras-de-animales-de-madera\/#breadcrumb"},"inLanguage":"en-GB","potentialAction":[{"@type":"ReadAction","target":["https:\/\/palopalu.com\/producto\/tu-nombre-con-letras-de-animales-de-madera\/"]}]},{"@type":"ImageObject","inLanguage":"en-GB","@id":"https:\/\/palopalu.com\/producto\/tu-nombre-con-letras-de-animales-de-madera\/#primaryimage","url":"https:\/\/palopalu.com\/wp-content\/uploads\/2024\/09\/letrasanimalescastellano1_palopalu.jpg","contentUrl":"https:\/\/palopalu.com\/wp-content\/uploads\/2024\/09\/letrasanimalescastellano1_palopalu.jpg","width":900,"height":1200},{"@type":"BreadcrumbList","@id":"https:\/\/palopalu.com\/producto\/tu-nombre-con-letras-de-animales-de-madera\/#breadcrumb","itemListElement":[{"@type":"ListItem","position":1,"name":"Portada","item":"https:\/\/palopalu.com\/"},{"@type":"ListItem","position":2,"name":"Tienda","item":"https:\/\/palopalu.com\/tienda\/"},{"@type":"ListItem","position":3,"name":"Letras de Animales"}]},{"@type":"WebSite","@id":"https:\/\/palopalu.com\/#website","url":"https:\/\/palopalu.com\/","name":"Palopal\u00fa","description":"Juguetes, decoraci\u00f3n y objetos personalizados en madera","publisher":{"@id":"https:\/\/palopalu.com\/#organization"},"potentialAction":[{"@type":"SearchAction","target":{"@type":"EntryPoint","urlTemplate":"https:\/\/palopalu.com\/?s={search_term_string}"},"query-input":{"@type":"PropertyValueSpecification","valueRequired":true,"valueName":"search_term_string"}}],"inLanguage":"en-GB"},{"@type":"Organization","@id":"https:\/\/palopalu.com\/#organization","name":"Palopal\u00fa","url":"https:\/\/palopalu.com\/","logo":{"@type":"ImageObject","inLanguage":"en-GB","@id":"https:\/\/palopalu.com\/#\/schema\/logo\/image\/","url":"https:\/\/palopalu.com\/wp-content\/uploads\/2019\/02\/logo-palopalu.png","contentUrl":"https:\/\/palopalu.com\/wp-content\/uploads\/2019\/02\/logo-palopalu.png","width":125,"height":30,"caption":"Palopal\u00fa"},"image":{"@id":"https:\/\/palopalu.com\/#\/schema\/logo\/image\/"},"sameAs":["https:\/\/www.facebook.com\/palopalupalopalu","https:\/\/www.instagram.com\/palopalu"]}]}},"_links":{"self":[{"href":"https:\/\/palopalu.com\/en\/wp-json\/wp\/v2\/product\/4882","targetHints":{"allow":["GET"]}}],"collection":[{"href":"https:\/\/palopalu.com\/en\/wp-json\/wp\/v2\/product"}],"about":[{"href":"https:\/\/palopalu.com\/en\/wp-json\/wp\/v2\/types\/product"}],"wp:featuredmedia":[{"embeddable":true,"href":"https:\/\/palopalu.com\/en\/wp-json\/wp\/v2\/media\/5772"}],"wp:attachment":[{"href":"https:\/\/palopalu.com\/en\/wp-json\/wp\/v2\/media?parent=4882"}],"wp:term":[{"taxonomy":"product_brand","embeddable":true,"href":"https:\/\/palopalu.com\/en\/wp-json\/wp\/v2\/product_brand?post=4882"},{"taxonomy":"product_cat","embeddable":true,"href":"https:\/\/palopalu.com\/en\/wp-json\/wp\/v2\/product_cat?post=4882"},{"taxonomy":"product_tag","embeddable":true,"href":"https:\/\/palopalu.com\/en\/wp-json\/wp\/v2\/product_tag?post=4882"}],"curies":[{"name":"wp","href":"https:\/\/api.w.org\/{rel}","templated":true}]}}