{"id":4900,"date":"2022-03-21T20:51:42","date_gmt":"2022-03-21T19:51:42","guid":{"rendered":"https:\/\/palopalu.com\/?post_type=product&#038;p=4900"},"modified":"2026-01-20T17:18:39","modified_gmt":"2026-01-20T16:18:39","slug":"mi-primer-reloj-palopalu","status":"publish","type":"product","link":"https:\/\/palopalu.com\/en\/product\/mi-primer-reloj-palopalu\/","title":{"rendered":"My first watch"},"content":{"rendered":"<p>Mi Primer Reloj es un recuro educativo fenomenal realizado en madera. Con \u00e9l, los ni\u00f1os aprender\u00e1n las horas mientras juegas y pasan un rato agradable con sus madres, padres, hermanos o amiguitos. Con n\u00fameros en dos colores y agujas m\u00f3viles, se puede jugar tanto con la colocaci\u00f3n de los n\u00fameros (las horas) como con las manecillas para aprender los diferentes horarios. <\/p>\n<p>Adem\u00e1s de aprender las horas, por el hecho de tener que encajar las fichas de los n\u00fameros, Mi Primer Reloj tambi\u00e9n ayuda a desarrollar la coordinaci\u00f3n ojo mano y la psicomotricidad as\u00ed como la memoria. \u00a1Un juguete de lo m\u00e1s completo!<\/p>\n<p>Un recurso genial no solo para el hogar sino tambi\u00e9n para cualquier colegio o local de tiempo libre. Mi Primer Reloj pasa a engrosar nuestro catalogo de juguetes educativos, no dejes de ecahr <a href=\"https:\/\/palopalu.com\/en\/tienda\/\" rel=\"noopener\" target=\"_blank\">un vistazo al resto de integrantes del mismo<\/a>. <\/p>\n<p>Base circular de 25 cm de di\u00e1metro, con dos agujas m\u00f3viles y 12 piezas para encajar de 4 cm de di\u00e1metro con los 12 n\u00fameros pintados a mano<\/p>\n<p>Realizado compl\u00e9tamente en madera, sin barnices. Pintado con pinturas al agua y libres de t\u00f3xicos seg\u00fan la normativa ASTM F963.<\/p>\n<p>Mi Primer Reloj, un reloj para toda la vida. <\/p>","protected":false},"excerpt":{"rendered":"<p>Mi primer reloj es un recurso educativo perfecto para aprender las horas.<\/p>\n<p>Con n\u00fameros sencillos de identificar, realizado en madera y pintado a mano pieza a pieza. Sus n\u00fameros son encajables con los que podr\u00e1n desarrollar su motricidad y memoria.<\/p>\n<p>Se puede utilizar a partir de los dos a\u00f1os jugando a encajar incorporando vocabulario reconociendo los n\u00fameros y su orden. Y m\u00e1s adelante, para introducir los primeros conceptos b\u00e1sicos del tiempo.<\/p>","protected":false},"featured_media":4969,"template":"","meta":[],"product_brand":[],"product_cat":[97,102,105,307,80,83],"product_tag":[313,150],"class_list":{"0":"post-4900","1":"product","2":"type-product","3":"status-publish","4":"has-post-thumbnail","6":"product_cat-de-1-a-3-anos","7":"product_cat-de-3-a-5-anos","8":"product_cat-de-5-a-8-anos","9":"product_cat-juegos-didacticos","10":"product_cat-juguetes","11":"product_cat-por-edad","12":"product_tag-juegos-didacticos","13":"product_tag-juguetes-de-madera","14":"clearfix","16":"first","17":"instock","18":"shipping-taxable","19":"purchasable","20":"product-type-simple"},"yoast_head":"<!-- This site is optimized with the Yoast SEO plugin v27.5 - https:\/\/yoast.com\/product\/yoast-seo-wordpress\/ -->\n<title>Mi Primer Reloj<\/title>\n<meta name=\"description\" content=\"Mi Primer Reloj es un dise\u00f1o educativo, hecho en madera y pintado a mano, para iniciarse en el aprendizaje de la hora. Juguete educativo.\" \/>\n<meta name=\"robots\" content=\"index, follow, max-snippet:-1, max-image-preview:large, max-video-preview:-1\" \/>\n<link rel=\"canonical\" href=\"https:\/\/palopalu.com\/en\/product\/mi-primer-reloj-palopalu\/\" \/>\n<meta property=\"og:locale\" content=\"en_GB\" \/>\n<meta property=\"og:type\" content=\"article\" \/>\n<meta property=\"og:title\" content=\"Mi Primer Reloj\" \/>\n<meta property=\"og:description\" content=\"Mi Primer Reloj es un dise\u00f1o educativo, hecho en madera y pintado a mano, para iniciarse en el aprendizaje de la hora. Juguete educativo.\" \/>\n<meta property=\"og:url\" content=\"https:\/\/palopalu.com\/en\/product\/mi-primer-reloj-palopalu\/\" \/>\n<meta property=\"og:site_name\" content=\"Palopal\u00fa\" \/>\n<meta property=\"article:publisher\" content=\"https:\/\/www.facebook.com\/palopalupalopalu\" \/>\n<meta property=\"article:modified_time\" content=\"2026-01-20T16:18:39+00:00\" \/>\n<meta property=\"og:image\" content=\"https:\/\/palopalu.com\/wp-content\/uploads\/2022\/03\/reloj_madera_palopalu-1.jpg\" \/>\n\t<meta property=\"og:image:width\" content=\"1200\" \/>\n\t<meta property=\"og:image:height\" content=\"1200\" \/>\n\t<meta property=\"og:image:type\" content=\"image\/jpeg\" \/>\n<meta name=\"twitter:card\" content=\"summary_large_image\" \/>\n<meta name=\"twitter:label1\" content=\"Estimated reading time\" \/>\n\t<meta name=\"twitter:data1\" content=\"1 minute\" \/>\n<script type=\"application\/ld+json\" class=\"yoast-schema-graph\">{\"@context\":\"https:\\\/\\\/schema.org\",\"@graph\":[{\"@type\":\"WebPage\",\"@id\":\"https:\\\/\\\/palopalu.com\\\/producto\\\/mi-primer-reloj-palopalu\\\/\",\"url\":\"https:\\\/\\\/palopalu.com\\\/producto\\\/mi-primer-reloj-palopalu\\\/\",\"name\":\"Mi Primer Reloj\",\"isPartOf\":{\"@id\":\"https:\\\/\\\/palopalu.com\\\/#website\"},\"primaryImageOfPage\":{\"@id\":\"https:\\\/\\\/palopalu.com\\\/producto\\\/mi-primer-reloj-palopalu\\\/#primaryimage\"},\"image\":{\"@id\":\"https:\\\/\\\/palopalu.com\\\/producto\\\/mi-primer-reloj-palopalu\\\/#primaryimage\"},\"thumbnailUrl\":\"https:\\\/\\\/palopalu.com\\\/wp-content\\\/uploads\\\/2022\\\/03\\\/reloj_madera_palopalu-1.jpg\",\"datePublished\":\"2022-03-21T19:51:42+00:00\",\"dateModified\":\"2026-01-20T16:18:39+00:00\",\"description\":\"Mi Primer Reloj es un dise\u00f1o educativo, hecho en madera y pintado a mano, para iniciarse en el aprendizaje de la hora. Juguete educativo.\",\"breadcrumb\":{\"@id\":\"https:\\\/\\\/palopalu.com\\\/producto\\\/mi-primer-reloj-palopalu\\\/#breadcrumb\"},\"inLanguage\":\"en-GB\",\"potentialAction\":[{\"@type\":\"ReadAction\",\"target\":[\"https:\\\/\\\/palopalu.com\\\/producto\\\/mi-primer-reloj-palopalu\\\/\"]}]},{\"@type\":\"ImageObject\",\"inLanguage\":\"en-GB\",\"@id\":\"https:\\\/\\\/palopalu.com\\\/producto\\\/mi-primer-reloj-palopalu\\\/#primaryimage\",\"url\":\"https:\\\/\\\/palopalu.com\\\/wp-content\\\/uploads\\\/2022\\\/03\\\/reloj_madera_palopalu-1.jpg\",\"contentUrl\":\"https:\\\/\\\/palopalu.com\\\/wp-content\\\/uploads\\\/2022\\\/03\\\/reloj_madera_palopalu-1.jpg\",\"width\":1200,\"height\":1200,\"caption\":\"My first clock\"},{\"@type\":\"BreadcrumbList\",\"@id\":\"https:\\\/\\\/palopalu.com\\\/producto\\\/mi-primer-reloj-palopalu\\\/#breadcrumb\",\"itemListElement\":[{\"@type\":\"ListItem\",\"position\":1,\"name\":\"Portada\",\"item\":\"https:\\\/\\\/palopalu.com\\\/\"},{\"@type\":\"ListItem\",\"position\":2,\"name\":\"Tienda\",\"item\":\"https:\\\/\\\/palopalu.com\\\/tienda\\\/\"},{\"@type\":\"ListItem\",\"position\":3,\"name\":\"Mi primer reloj\"}]},{\"@type\":\"WebSite\",\"@id\":\"https:\\\/\\\/palopalu.com\\\/#website\",\"url\":\"https:\\\/\\\/palopalu.com\\\/\",\"name\":\"Palopal\u00fa\",\"description\":\"Juguetes, decoraci\u00f3n y objetos personalizados en madera\",\"publisher\":{\"@id\":\"https:\\\/\\\/palopalu.com\\\/#organization\"},\"potentialAction\":[{\"@type\":\"SearchAction\",\"target\":{\"@type\":\"EntryPoint\",\"urlTemplate\":\"https:\\\/\\\/palopalu.com\\\/?s={search_term_string}\"},\"query-input\":{\"@type\":\"PropertyValueSpecification\",\"valueRequired\":true,\"valueName\":\"search_term_string\"}}],\"inLanguage\":\"en-GB\"},{\"@type\":\"Organization\",\"@id\":\"https:\\\/\\\/palopalu.com\\\/#organization\",\"name\":\"Palopal\u00fa\",\"url\":\"https:\\\/\\\/palopalu.com\\\/\",\"logo\":{\"@type\":\"ImageObject\",\"inLanguage\":\"en-GB\",\"@id\":\"https:\\\/\\\/palopalu.com\\\/#\\\/schema\\\/logo\\\/image\\\/\",\"url\":\"https:\\\/\\\/palopalu.com\\\/wp-content\\\/uploads\\\/2019\\\/02\\\/logo-palopalu.png\",\"contentUrl\":\"https:\\\/\\\/palopalu.com\\\/wp-content\\\/uploads\\\/2019\\\/02\\\/logo-palopalu.png\",\"width\":125,\"height\":30,\"caption\":\"Palopal\u00fa\"},\"image\":{\"@id\":\"https:\\\/\\\/palopalu.com\\\/#\\\/schema\\\/logo\\\/image\\\/\"},\"sameAs\":[\"https:\\\/\\\/www.facebook.com\\\/palopalupalopalu\",\"https:\\\/\\\/www.instagram.com\\\/palopalu\"]}]}<\/script>\n<!-- \/ Yoast SEO plugin. -->","yoast_head_json":{"title":"Mi Primer Reloj","description":"Mi Primer Reloj es un dise\u00f1o educativo, hecho en madera y pintado a mano, para iniciarse en el aprendizaje de la hora. Juguete educativo.","robots":{"index":"index","follow":"follow","max-snippet":"max-snippet:-1","max-image-preview":"max-image-preview:large","max-video-preview":"max-video-preview:-1"},"canonical":"https:\/\/palopalu.com\/en\/product\/mi-primer-reloj-palopalu\/","og_locale":"en_GB","og_type":"article","og_title":"Mi Primer Reloj","og_description":"Mi Primer Reloj es un dise\u00f1o educativo, hecho en madera y pintado a mano, para iniciarse en el aprendizaje de la hora. Juguete educativo.","og_url":"https:\/\/palopalu.com\/en\/product\/mi-primer-reloj-palopalu\/","og_site_name":"Palopal\u00fa","article_publisher":"https:\/\/www.facebook.com\/palopalupalopalu","article_modified_time":"2026-01-20T16:18:39+00:00","og_image":[{"width":1200,"height":1200,"url":"https:\/\/palopalu.com\/wp-content\/uploads\/2022\/03\/reloj_madera_palopalu-1.jpg","type":"image\/jpeg"}],"twitter_card":"summary_large_image","twitter_misc":{"Estimated reading time":"1 minute"},"schema":{"@context":"https:\/\/schema.org","@graph":[{"@type":"WebPage","@id":"https:\/\/palopalu.com\/producto\/mi-primer-reloj-palopalu\/","url":"https:\/\/palopalu.com\/producto\/mi-primer-reloj-palopalu\/","name":"Mi Primer Reloj","isPartOf":{"@id":"https:\/\/palopalu.com\/#website"},"primaryImageOfPage":{"@id":"https:\/\/palopalu.com\/producto\/mi-primer-reloj-palopalu\/#primaryimage"},"image":{"@id":"https:\/\/palopalu.com\/producto\/mi-primer-reloj-palopalu\/#primaryimage"},"thumbnailUrl":"https:\/\/palopalu.com\/wp-content\/uploads\/2022\/03\/reloj_madera_palopalu-1.jpg","datePublished":"2022-03-21T19:51:42+00:00","dateModified":"2026-01-20T16:18:39+00:00","description":"Mi Primer Reloj es un dise\u00f1o educativo, hecho en madera y pintado a mano, para iniciarse en el aprendizaje de la hora. Juguete educativo.","breadcrumb":{"@id":"https:\/\/palopalu.com\/producto\/mi-primer-reloj-palopalu\/#breadcrumb"},"inLanguage":"en-GB","potentialAction":[{"@type":"ReadAction","target":["https:\/\/palopalu.com\/producto\/mi-primer-reloj-palopalu\/"]}]},{"@type":"ImageObject","inLanguage":"en-GB","@id":"https:\/\/palopalu.com\/producto\/mi-primer-reloj-palopalu\/#primaryimage","url":"https:\/\/palopalu.com\/wp-content\/uploads\/2022\/03\/reloj_madera_palopalu-1.jpg","contentUrl":"https:\/\/palopalu.com\/wp-content\/uploads\/2022\/03\/reloj_madera_palopalu-1.jpg","width":1200,"height":1200,"caption":"My first clock"},{"@type":"BreadcrumbList","@id":"https:\/\/palopalu.com\/producto\/mi-primer-reloj-palopalu\/#breadcrumb","itemListElement":[{"@type":"ListItem","position":1,"name":"Portada","item":"https:\/\/palopalu.com\/"},{"@type":"ListItem","position":2,"name":"Tienda","item":"https:\/\/palopalu.com\/tienda\/"},{"@type":"ListItem","position":3,"name":"Mi primer reloj"}]},{"@type":"WebSite","@id":"https:\/\/palopalu.com\/#website","url":"https:\/\/palopalu.com\/","name":"Palopal\u00fa","description":"Juguetes, decoraci\u00f3n y objetos personalizados en madera","publisher":{"@id":"https:\/\/palopalu.com\/#organization"},"potentialAction":[{"@type":"SearchAction","target":{"@type":"EntryPoint","urlTemplate":"https:\/\/palopalu.com\/?s={search_term_string}"},"query-input":{"@type":"PropertyValueSpecification","valueRequired":true,"valueName":"search_term_string"}}],"inLanguage":"en-GB"},{"@type":"Organization","@id":"https:\/\/palopalu.com\/#organization","name":"Palopal\u00fa","url":"https:\/\/palopalu.com\/","logo":{"@type":"ImageObject","inLanguage":"en-GB","@id":"https:\/\/palopalu.com\/#\/schema\/logo\/image\/","url":"https:\/\/palopalu.com\/wp-content\/uploads\/2019\/02\/logo-palopalu.png","contentUrl":"https:\/\/palopalu.com\/wp-content\/uploads\/2019\/02\/logo-palopalu.png","width":125,"height":30,"caption":"Palopal\u00fa"},"image":{"@id":"https:\/\/palopalu.com\/#\/schema\/logo\/image\/"},"sameAs":["https:\/\/www.facebook.com\/palopalupalopalu","https:\/\/www.instagram.com\/palopalu"]}]}},"_links":{"self":[{"href":"https:\/\/palopalu.com\/en\/wp-json\/wp\/v2\/product\/4900","targetHints":{"allow":["GET"]}}],"collection":[{"href":"https:\/\/palopalu.com\/en\/wp-json\/wp\/v2\/product"}],"about":[{"href":"https:\/\/palopalu.com\/en\/wp-json\/wp\/v2\/types\/product"}],"wp:featuredmedia":[{"embeddable":true,"href":"https:\/\/palopalu.com\/en\/wp-json\/wp\/v2\/media\/4969"}],"wp:attachment":[{"href":"https:\/\/palopalu.com\/en\/wp-json\/wp\/v2\/media?parent=4900"}],"wp:term":[{"taxonomy":"product_brand","embeddable":true,"href":"https:\/\/palopalu.com\/en\/wp-json\/wp\/v2\/product_brand?post=4900"},{"taxonomy":"product_cat","embeddable":true,"href":"https:\/\/palopalu.com\/en\/wp-json\/wp\/v2\/product_cat?post=4900"},{"taxonomy":"product_tag","embeddable":true,"href":"https:\/\/palopalu.com\/en\/wp-json\/wp\/v2\/product_tag?post=4900"}],"curies":[{"name":"wp","href":"https:\/\/api.w.org\/{rel}","templated":true}]}}