{"id":4901,"date":"2022-03-21T20:51:15","date_gmt":"2022-03-21T19:51:15","guid":{"rendered":"https:\/\/palopalu.com\/?post_type=product&#038;p=4901"},"modified":"2025-06-18T08:51:15","modified_gmt":"2025-06-18T07:51:15","slug":"mi-primer-calendario-juguete-educativo-madera","status":"publish","type":"product","link":"https:\/\/palopalu.com\/en\/product\/mi-primer-calendario-juguete-educativo-madera\/","title":{"rendered":"My Calendar"},"content":{"rendered":"<p>Mi Primer Calendario, un juego fabricado e ilustrado en Bilbao en el taller de Palopal\u00fa. Con colores suaves, ilustraciones originales y el suave tacto de la madera; este juego \u00fanico ser\u00e1 el compa\u00f1ero perfecto para pararnos 10 minutos antes de ir al cole y reflexionar sobre qu\u00e9 d\u00eda es, qu\u00e9 tiempo hace, en qu\u00e9 estaci\u00f3n estamos&#8230; Unos minutos de paz y reflexi\u00f3n con pap\u00e1 y mam\u00e1 que ayudar\u00e1n al ni\u00f1o a empezar el d\u00eda de una forma equilibrada y m\u00e1s consciente.<\/p>\n<p>Un recurso genial no solo para el hogar sino tambi\u00e9n para cualquier colegio o local de tiempo libre. Mi Primer Calendario pasa a engrosar nuestro <a href=\"https:\/\/palopalu.com\/en\/tienda\/\" rel=\"noopener\" target=\"_blank\">catalogo de juguetes educativos<\/a>, no dejes de ecahr un vistazo al resto de integrantes del mismo. <\/p>\n<p>Realizado en madera de pino, sin barnices ni t\u00f3xicos seg\u00fan la normativa ASTM F963<br \/>\nEl juego incluye:<\/p>\n<ul>\n<li>Tablero de 25 x 25 cm donde colocar las diferentes fichas.<\/li>\n<li>Una bolsa de tela con 12 piezas de 12 meses<\/li>\n<\/ul>\n<p>Medidas de cada ficha: 9,7 x 4 cm<\/p>\n<ul>\n<li>Una bolsa de tela con 7 piezas de los 7 d\u00edas de la semana<\/li>\n<\/ul>\n<p>Medidas de cada ficha: 9,7 x 4 cm<\/p>\n<ul>\n<li>Una bolsa de tela\u00a0 con 4 piezas de las estaciones<\/li>\n<\/ul>\n<p>Medidas de cada ficha:9,7 x 8,3 cm<\/p>\n<p>Una bolsa de tela con 7 fichas con ilustraciones de los diferentes estados del clima<\/p>\n<p>&nbsp;<\/p>\n<p>En el juego Mi Primer Calendario todas las piezas est\u00e1n realizadas artesanalmente, por lo que las medidas pueden variar alg\u00fan mil\u00edmetro.<\/p>\n<p>&nbsp;<\/p>","protected":false},"excerpt":{"rendered":"<p>Mi Calendario es un juego did\u00e1ctico con el que los m\u00e1s peque\u00f1os puedan iniciarse en el conocimiento de un concepto tan complejo y abstracto como es el tiempo.<\/p>\n<p>Podr\u00e1n utilizarlo durante todo el a\u00f1o, y cada d\u00eda ir cambiando las fichas que correspondan, ayud\u00e1ndoles a comprender y memorizar los diferentes d\u00edas de la semana, los meses y las estaciones adem\u00e1s de ense\u00f1arles tambi\u00e9n a pararse y mirar la climatolog\u00eda de cada d\u00eda y colocar la ficha que corresponda.<\/p>\n<p>Con ilustraciones de dise\u00f1o propio, f\u00e1ciles de leer, simp\u00e1ticas y en tonos y texturas acuareladas, dan color y quedan perfectamente integradas con la madera.<\/p>\n<p>Edad recomendada: +12 meses<\/p>","protected":false},"featured_media":4938,"template":"","meta":[],"product_brand":[],"product_cat":[97,307,80],"product_tag":[313,150],"class_list":{"0":"post-4901","1":"product","2":"type-product","3":"status-publish","4":"has-post-thumbnail","6":"product_cat-de-1-a-3-anos","7":"product_cat-juegos-didacticos","8":"product_cat-juguetes","9":"product_tag-juegos-didacticos","10":"product_tag-juguetes-de-madera","11":"clearfix","13":"first","14":"outofstock","15":"shipping-taxable","16":"purchasable","17":"product-type-simple"},"yoast_head":"<!-- This site is optimized with the Yoast SEO plugin v27.5 - https:\/\/yoast.com\/product\/yoast-seo-wordpress\/ -->\n<title>Mi Primer Calendario. Juguete educativo de madera<\/title>\n<meta name=\"description\" content=\"Mi Primer Calendario es un juego educativo en madera para todo el a\u00f1o para aprender los meses, d\u00edas de la semana, estaciones y tiempo.\" \/>\n<meta name=\"robots\" content=\"index, follow, max-snippet:-1, max-image-preview:large, max-video-preview:-1\" \/>\n<link rel=\"canonical\" href=\"https:\/\/palopalu.com\/en\/product\/mi-primer-calendario-juguete-educativo-madera\/\" \/>\n<meta property=\"og:locale\" content=\"en_GB\" \/>\n<meta property=\"og:type\" content=\"article\" \/>\n<meta property=\"og:title\" content=\"Mi Primer Calendario. Juguete educativo de madera\" \/>\n<meta property=\"og:description\" content=\"Mi Primer Calendario es un juego educativo en madera para todo el a\u00f1o para aprender los meses, d\u00edas de la semana, estaciones y tiempo.\" \/>\n<meta property=\"og:url\" content=\"https:\/\/palopalu.com\/en\/product\/mi-primer-calendario-juguete-educativo-madera\/\" \/>\n<meta property=\"og:site_name\" content=\"Palopal\u00fa\" \/>\n<meta property=\"article:publisher\" content=\"https:\/\/www.facebook.com\/palopalupalopalu\" \/>\n<meta property=\"article:modified_time\" content=\"2025-06-18T07:51:15+00:00\" \/>\n<meta property=\"og:image\" content=\"https:\/\/palopalu.com\/wp-content\/uploads\/2022\/03\/mi-calendario-juego-infantil-palopalu-educativo.jpg\" \/>\n\t<meta property=\"og:image:width\" content=\"1200\" \/>\n\t<meta property=\"og:image:height\" content=\"1200\" \/>\n\t<meta property=\"og:image:type\" content=\"image\/jpeg\" \/>\n<meta name=\"twitter:card\" content=\"summary_large_image\" \/>\n<meta name=\"twitter:label1\" content=\"Estimated reading time\" \/>\n\t<meta name=\"twitter:data1\" content=\"2 minutes\" \/>\n<script type=\"application\/ld+json\" class=\"yoast-schema-graph\">{\"@context\":\"https:\\\/\\\/schema.org\",\"@graph\":[{\"@type\":\"WebPage\",\"@id\":\"https:\\\/\\\/palopalu.com\\\/producto\\\/mi-primer-calendario-juguete-educativo-madera\\\/\",\"url\":\"https:\\\/\\\/palopalu.com\\\/producto\\\/mi-primer-calendario-juguete-educativo-madera\\\/\",\"name\":\"Mi Primer Calendario. Juguete educativo de madera\",\"isPartOf\":{\"@id\":\"https:\\\/\\\/palopalu.com\\\/#website\"},\"primaryImageOfPage\":{\"@id\":\"https:\\\/\\\/palopalu.com\\\/producto\\\/mi-primer-calendario-juguete-educativo-madera\\\/#primaryimage\"},\"image\":{\"@id\":\"https:\\\/\\\/palopalu.com\\\/producto\\\/mi-primer-calendario-juguete-educativo-madera\\\/#primaryimage\"},\"thumbnailUrl\":\"https:\\\/\\\/palopalu.com\\\/wp-content\\\/uploads\\\/2022\\\/03\\\/mi-calendario-juego-infantil-palopalu-educativo.jpg\",\"datePublished\":\"2022-03-21T19:51:15+00:00\",\"dateModified\":\"2025-06-18T07:51:15+00:00\",\"description\":\"Mi Primer Calendario es un juego educativo en madera para todo el a\u00f1o para aprender los meses, d\u00edas de la semana, estaciones y tiempo.\",\"breadcrumb\":{\"@id\":\"https:\\\/\\\/palopalu.com\\\/producto\\\/mi-primer-calendario-juguete-educativo-madera\\\/#breadcrumb\"},\"inLanguage\":\"en-GB\",\"potentialAction\":[{\"@type\":\"ReadAction\",\"target\":[\"https:\\\/\\\/palopalu.com\\\/producto\\\/mi-primer-calendario-juguete-educativo-madera\\\/\"]}]},{\"@type\":\"ImageObject\",\"inLanguage\":\"en-GB\",\"@id\":\"https:\\\/\\\/palopalu.com\\\/producto\\\/mi-primer-calendario-juguete-educativo-madera\\\/#primaryimage\",\"url\":\"https:\\\/\\\/palopalu.com\\\/wp-content\\\/uploads\\\/2022\\\/03\\\/mi-calendario-juego-infantil-palopalu-educativo.jpg\",\"contentUrl\":\"https:\\\/\\\/palopalu.com\\\/wp-content\\\/uploads\\\/2022\\\/03\\\/mi-calendario-juego-infantil-palopalu-educativo.jpg\",\"width\":1200,\"height\":1200,\"caption\":\"My First Calendar\"},{\"@type\":\"BreadcrumbList\",\"@id\":\"https:\\\/\\\/palopalu.com\\\/producto\\\/mi-primer-calendario-juguete-educativo-madera\\\/#breadcrumb\",\"itemListElement\":[{\"@type\":\"ListItem\",\"position\":1,\"name\":\"Portada\",\"item\":\"https:\\\/\\\/palopalu.com\\\/\"},{\"@type\":\"ListItem\",\"position\":2,\"name\":\"Tienda\",\"item\":\"https:\\\/\\\/palopalu.com\\\/tienda\\\/\"},{\"@type\":\"ListItem\",\"position\":3,\"name\":\"Mi Calendario\"}]},{\"@type\":\"WebSite\",\"@id\":\"https:\\\/\\\/palopalu.com\\\/#website\",\"url\":\"https:\\\/\\\/palopalu.com\\\/\",\"name\":\"Palopal\u00fa\",\"description\":\"Juguetes, decoraci\u00f3n y objetos personalizados en madera\",\"publisher\":{\"@id\":\"https:\\\/\\\/palopalu.com\\\/#organization\"},\"potentialAction\":[{\"@type\":\"SearchAction\",\"target\":{\"@type\":\"EntryPoint\",\"urlTemplate\":\"https:\\\/\\\/palopalu.com\\\/?s={search_term_string}\"},\"query-input\":{\"@type\":\"PropertyValueSpecification\",\"valueRequired\":true,\"valueName\":\"search_term_string\"}}],\"inLanguage\":\"en-GB\"},{\"@type\":\"Organization\",\"@id\":\"https:\\\/\\\/palopalu.com\\\/#organization\",\"name\":\"Palopal\u00fa\",\"url\":\"https:\\\/\\\/palopalu.com\\\/\",\"logo\":{\"@type\":\"ImageObject\",\"inLanguage\":\"en-GB\",\"@id\":\"https:\\\/\\\/palopalu.com\\\/#\\\/schema\\\/logo\\\/image\\\/\",\"url\":\"https:\\\/\\\/palopalu.com\\\/wp-content\\\/uploads\\\/2019\\\/02\\\/logo-palopalu.png\",\"contentUrl\":\"https:\\\/\\\/palopalu.com\\\/wp-content\\\/uploads\\\/2019\\\/02\\\/logo-palopalu.png\",\"width\":125,\"height\":30,\"caption\":\"Palopal\u00fa\"},\"image\":{\"@id\":\"https:\\\/\\\/palopalu.com\\\/#\\\/schema\\\/logo\\\/image\\\/\"},\"sameAs\":[\"https:\\\/\\\/www.facebook.com\\\/palopalupalopalu\",\"https:\\\/\\\/www.instagram.com\\\/palopalu\"]}]}<\/script>\n<!-- \/ Yoast SEO plugin. -->","yoast_head_json":{"title":"Mi Primer Calendario. Juguete educativo de madera","description":"Mi Primer Calendario es un juego educativo en madera para todo el a\u00f1o para aprender los meses, d\u00edas de la semana, estaciones y tiempo.","robots":{"index":"index","follow":"follow","max-snippet":"max-snippet:-1","max-image-preview":"max-image-preview:large","max-video-preview":"max-video-preview:-1"},"canonical":"https:\/\/palopalu.com\/en\/product\/mi-primer-calendario-juguete-educativo-madera\/","og_locale":"en_GB","og_type":"article","og_title":"Mi Primer Calendario. Juguete educativo de madera","og_description":"Mi Primer Calendario es un juego educativo en madera para todo el a\u00f1o para aprender los meses, d\u00edas de la semana, estaciones y tiempo.","og_url":"https:\/\/palopalu.com\/en\/product\/mi-primer-calendario-juguete-educativo-madera\/","og_site_name":"Palopal\u00fa","article_publisher":"https:\/\/www.facebook.com\/palopalupalopalu","article_modified_time":"2025-06-18T07:51:15+00:00","og_image":[{"width":1200,"height":1200,"url":"https:\/\/palopalu.com\/wp-content\/uploads\/2022\/03\/mi-calendario-juego-infantil-palopalu-educativo.jpg","type":"image\/jpeg"}],"twitter_card":"summary_large_image","twitter_misc":{"Estimated reading time":"2 minutes"},"schema":{"@context":"https:\/\/schema.org","@graph":[{"@type":"WebPage","@id":"https:\/\/palopalu.com\/producto\/mi-primer-calendario-juguete-educativo-madera\/","url":"https:\/\/palopalu.com\/producto\/mi-primer-calendario-juguete-educativo-madera\/","name":"Mi Primer Calendario. Juguete educativo de madera","isPartOf":{"@id":"https:\/\/palopalu.com\/#website"},"primaryImageOfPage":{"@id":"https:\/\/palopalu.com\/producto\/mi-primer-calendario-juguete-educativo-madera\/#primaryimage"},"image":{"@id":"https:\/\/palopalu.com\/producto\/mi-primer-calendario-juguete-educativo-madera\/#primaryimage"},"thumbnailUrl":"https:\/\/palopalu.com\/wp-content\/uploads\/2022\/03\/mi-calendario-juego-infantil-palopalu-educativo.jpg","datePublished":"2022-03-21T19:51:15+00:00","dateModified":"2025-06-18T07:51:15+00:00","description":"Mi Primer Calendario es un juego educativo en madera para todo el a\u00f1o para aprender los meses, d\u00edas de la semana, estaciones y tiempo.","breadcrumb":{"@id":"https:\/\/palopalu.com\/producto\/mi-primer-calendario-juguete-educativo-madera\/#breadcrumb"},"inLanguage":"en-GB","potentialAction":[{"@type":"ReadAction","target":["https:\/\/palopalu.com\/producto\/mi-primer-calendario-juguete-educativo-madera\/"]}]},{"@type":"ImageObject","inLanguage":"en-GB","@id":"https:\/\/palopalu.com\/producto\/mi-primer-calendario-juguete-educativo-madera\/#primaryimage","url":"https:\/\/palopalu.com\/wp-content\/uploads\/2022\/03\/mi-calendario-juego-infantil-palopalu-educativo.jpg","contentUrl":"https:\/\/palopalu.com\/wp-content\/uploads\/2022\/03\/mi-calendario-juego-infantil-palopalu-educativo.jpg","width":1200,"height":1200,"caption":"My First Calendar"},{"@type":"BreadcrumbList","@id":"https:\/\/palopalu.com\/producto\/mi-primer-calendario-juguete-educativo-madera\/#breadcrumb","itemListElement":[{"@type":"ListItem","position":1,"name":"Portada","item":"https:\/\/palopalu.com\/"},{"@type":"ListItem","position":2,"name":"Tienda","item":"https:\/\/palopalu.com\/tienda\/"},{"@type":"ListItem","position":3,"name":"Mi Calendario"}]},{"@type":"WebSite","@id":"https:\/\/palopalu.com\/#website","url":"https:\/\/palopalu.com\/","name":"Palopal\u00fa","description":"Juguetes, decoraci\u00f3n y objetos personalizados en madera","publisher":{"@id":"https:\/\/palopalu.com\/#organization"},"potentialAction":[{"@type":"SearchAction","target":{"@type":"EntryPoint","urlTemplate":"https:\/\/palopalu.com\/?s={search_term_string}"},"query-input":{"@type":"PropertyValueSpecification","valueRequired":true,"valueName":"search_term_string"}}],"inLanguage":"en-GB"},{"@type":"Organization","@id":"https:\/\/palopalu.com\/#organization","name":"Palopal\u00fa","url":"https:\/\/palopalu.com\/","logo":{"@type":"ImageObject","inLanguage":"en-GB","@id":"https:\/\/palopalu.com\/#\/schema\/logo\/image\/","url":"https:\/\/palopalu.com\/wp-content\/uploads\/2019\/02\/logo-palopalu.png","contentUrl":"https:\/\/palopalu.com\/wp-content\/uploads\/2019\/02\/logo-palopalu.png","width":125,"height":30,"caption":"Palopal\u00fa"},"image":{"@id":"https:\/\/palopalu.com\/#\/schema\/logo\/image\/"},"sameAs":["https:\/\/www.facebook.com\/palopalupalopalu","https:\/\/www.instagram.com\/palopalu"]}]}},"_links":{"self":[{"href":"https:\/\/palopalu.com\/en\/wp-json\/wp\/v2\/product\/4901","targetHints":{"allow":["GET"]}}],"collection":[{"href":"https:\/\/palopalu.com\/en\/wp-json\/wp\/v2\/product"}],"about":[{"href":"https:\/\/palopalu.com\/en\/wp-json\/wp\/v2\/types\/product"}],"wp:featuredmedia":[{"embeddable":true,"href":"https:\/\/palopalu.com\/en\/wp-json\/wp\/v2\/media\/4938"}],"wp:attachment":[{"href":"https:\/\/palopalu.com\/en\/wp-json\/wp\/v2\/media?parent=4901"}],"wp:term":[{"taxonomy":"product_brand","embeddable":true,"href":"https:\/\/palopalu.com\/en\/wp-json\/wp\/v2\/product_brand?post=4901"},{"taxonomy":"product_cat","embeddable":true,"href":"https:\/\/palopalu.com\/en\/wp-json\/wp\/v2\/product_cat?post=4901"},{"taxonomy":"product_tag","embeddable":true,"href":"https:\/\/palopalu.com\/en\/wp-json\/wp\/v2\/product_tag?post=4901"}],"curies":[{"name":"wp","href":"https:\/\/api.w.org\/{rel}","templated":true}]}}