{"id":4911,"date":"2022-03-21T20:50:43","date_gmt":"2022-03-21T19:50:43","guid":{"rendered":"https:\/\/palopalu.com\/?post_type=product&#038;p=4911"},"modified":"2026-04-11T16:19:58","modified_gmt":"2026-04-11T15:19:58","slug":"prensa-de-flores-de-madera-artesanal","status":"publish","type":"product","link":"https:\/\/palopalu.com\/en\/product\/prensa-de-flores-de-madera-artesanal\/","title":{"rendered":"Flower press"},"content":{"rendered":"<p lang=\"es-ES\">Esta prensa de flores est\u00e1 hecha en madera con un sistema de cierre a base de palomillas.<\/p>\n<p lang=\"es-ES\">Dimensiones: 17 x 17 c. Alto prensa: 7,5 cm<\/p>\n<p lang=\"es-ES\">Contiene varias capas de cart\u00f3n de canal y papel secante de gran calidad para facilitar el proceso de secado.\u00a0Si quieres a\u00f1adir m\u00e1s capas puedes fabricarlas tu misma reutilizando papel de peri\u00f3dico, perfecto tambi\u00e9n por su gran poder absorvente.<\/p>\n<p>LOS PASOS PARA UTILIZAR LA PRENSA SON MUY SENCILLOS:<\/p>\n<ul>\n<li>Coloca las flores entre las diferentes capas de papel y cart\u00f3n. Cierra la prensa apretando las palomillas y asegur\u00e1ndote de que la presi\u00f3n es uniforme.<\/li>\n<\/ul>\n<p>El tiempo de secado de cada flor ser\u00e1 variable, por eso no hay un tiempo de secado fijo, pero s\u00ed es recomendable mantenerlas entre 2 y 3 semanas como m\u00ednimo sin abrir la prensa.<\/p>\n<ul>\n<li>Una vez las flores est\u00e9n secas,\u00a0 puedes abrir la prensa y sacar las plantas con cuidado. Ay\u00fadate de unas pinzas si es necesario.<\/li>\n<li>Deja el papel secante que se seque al aire completamente antes de volver a usarlo.<\/li>\n<\/ul>\n<p>&nbsp;<\/p>\n<p>&nbsp;<\/p>\n<p lang=\"es-ES\">","protected":false},"excerpt":{"rendered":"<p>El prensado de flores y hojas es una actividad que nos pone en contacto con la naturaleza, explorando nuestro entorno, despertando nuestro inter\u00e9s por los diferentes tipos de plantas y aprendiendo su belleza y evoluci\u00f3n. Un material que estimula, nos ense\u00f1a a valorar la naturaleza y nos motiva a realizar actividades al aire libre y entornos naturales.<\/p>\n<p>En el caso de los peques, ayuda a comprender conceptos cient\u00edficos aprendiendo a clasificar las diferentes especies recolectadas, prensando y conservando flores y hojas con las que podr\u00e1 crear su propio herbolario. Para los adultos, una herramienta perfecta para crear tus propios dise\u00f1os y objetos de decoraci\u00f3n con inspiraci\u00f3n natural.<\/p>\n<p>Un material ideal para desarrollar la capacidad de atenci\u00f3n, observaci\u00f3n y la calma.<\/p>\n<p>Puedes elegir la versi\u00f3n en euskera o en castellano.<\/p>\n<p lang=\"es-ES\"><strong>Recomendado a partir de 3 a\u00f1os<\/strong><\/p>","protected":false},"featured_media":4962,"template":"","meta":[],"product_brand":[],"product_cat":[309,102,105,78,307,80,83],"product_tag":[543,313,150,315],"class_list":{"0":"post-4911","1":"product","2":"type-product","3":"status-publish","4":"has-post-thumbnail","6":"product_cat-crafts","7":"product_cat-de-3-a-5-anos","8":"product_cat-de-5-a-8-anos","9":"product_cat-decoracion","10":"product_cat-juegos-didacticos","11":"product_cat-juguetes","12":"product_cat-por-edad","13":"product_tag-craft-en","14":"product_tag-juegos-didacticos","15":"product_tag-juguetes-de-madera","16":"product_tag-manualidades","17":"clearfix","19":"first","20":"instock","21":"featured","22":"shipping-taxable","23":"purchasable","24":"product-type-variable"},"yoast_head":"<!-- This site is optimized with the Yoast SEO plugin v27.5 - https:\/\/yoast.com\/product\/yoast-seo-wordpress\/ -->\n<title>Prensa de flores<\/title>\n<meta name=\"description\" content=\"Prensa de flores y hojas hecha en madera artesanalmente. Un recurso ideal para peque\u00f1os y adultos. Crea elementos de decoraci\u00f3n perfectos.\" \/>\n<meta name=\"robots\" content=\"index, follow, max-snippet:-1, max-image-preview:large, max-video-preview:-1\" \/>\n<link rel=\"canonical\" href=\"https:\/\/palopalu.com\/en\/product\/prensa-de-flores-de-madera-artesanal\/\" \/>\n<meta property=\"og:locale\" content=\"en_GB\" \/>\n<meta property=\"og:type\" content=\"article\" \/>\n<meta property=\"og:title\" content=\"Prensa de flores\" \/>\n<meta property=\"og:description\" content=\"Prensa de flores y hojas hecha en madera artesanalmente. Un recurso ideal para peque\u00f1os y adultos. Crea elementos de decoraci\u00f3n perfectos.\" \/>\n<meta property=\"og:url\" content=\"https:\/\/palopalu.com\/en\/product\/prensa-de-flores-de-madera-artesanal\/\" \/>\n<meta property=\"og:site_name\" content=\"Palopal\u00fa\" \/>\n<meta property=\"article:publisher\" content=\"https:\/\/www.facebook.com\/palopalupalopalu\" \/>\n<meta property=\"article:modified_time\" content=\"2026-04-11T15:19:58+00:00\" \/>\n<meta property=\"og:image\" content=\"https:\/\/palopalu.com\/wp-content\/uploads\/2022\/03\/prensapri_palopalu-1.jpg\" \/>\n\t<meta property=\"og:image:width\" content=\"822\" \/>\n\t<meta property=\"og:image:height\" content=\"822\" \/>\n\t<meta property=\"og:image:type\" content=\"image\/jpeg\" \/>\n<meta name=\"twitter:card\" content=\"summary_large_image\" \/>\n<meta name=\"twitter:label1\" content=\"Estimated reading time\" \/>\n\t<meta name=\"twitter:data1\" content=\"1 minute\" \/>\n<script type=\"application\/ld+json\" class=\"yoast-schema-graph\">{\"@context\":\"https:\\\/\\\/schema.org\",\"@graph\":[{\"@type\":\"WebPage\",\"@id\":\"https:\\\/\\\/palopalu.com\\\/producto\\\/prensa-de-flores-de-madera-artesanal\\\/\",\"url\":\"https:\\\/\\\/palopalu.com\\\/producto\\\/prensa-de-flores-de-madera-artesanal\\\/\",\"name\":\"Prensa de flores\",\"isPartOf\":{\"@id\":\"https:\\\/\\\/palopalu.com\\\/#website\"},\"primaryImageOfPage\":{\"@id\":\"https:\\\/\\\/palopalu.com\\\/producto\\\/prensa-de-flores-de-madera-artesanal\\\/#primaryimage\"},\"image\":{\"@id\":\"https:\\\/\\\/palopalu.com\\\/producto\\\/prensa-de-flores-de-madera-artesanal\\\/#primaryimage\"},\"thumbnailUrl\":\"https:\\\/\\\/palopalu.com\\\/wp-content\\\/uploads\\\/2022\\\/03\\\/prensapri_palopalu-1.jpg\",\"datePublished\":\"2022-03-21T19:50:43+00:00\",\"dateModified\":\"2026-04-11T15:19:58+00:00\",\"description\":\"Prensa de flores y hojas hecha en madera artesanalmente. Un recurso ideal para peque\u00f1os y adultos. Crea elementos de decoraci\u00f3n perfectos.\",\"breadcrumb\":{\"@id\":\"https:\\\/\\\/palopalu.com\\\/producto\\\/prensa-de-flores-de-madera-artesanal\\\/#breadcrumb\"},\"inLanguage\":\"en-GB\",\"potentialAction\":[{\"@type\":\"ReadAction\",\"target\":[\"https:\\\/\\\/palopalu.com\\\/producto\\\/prensa-de-flores-de-madera-artesanal\\\/\"]}]},{\"@type\":\"ImageObject\",\"inLanguage\":\"en-GB\",\"@id\":\"https:\\\/\\\/palopalu.com\\\/producto\\\/prensa-de-flores-de-madera-artesanal\\\/#primaryimage\",\"url\":\"https:\\\/\\\/palopalu.com\\\/wp-content\\\/uploads\\\/2022\\\/03\\\/prensapri_palopalu-1.jpg\",\"contentUrl\":\"https:\\\/\\\/palopalu.com\\\/wp-content\\\/uploads\\\/2022\\\/03\\\/prensapri_palopalu-1.jpg\",\"width\":822,\"height\":822,\"caption\":\"prensa de flores\"},{\"@type\":\"BreadcrumbList\",\"@id\":\"https:\\\/\\\/palopalu.com\\\/producto\\\/prensa-de-flores-de-madera-artesanal\\\/#breadcrumb\",\"itemListElement\":[{\"@type\":\"ListItem\",\"position\":1,\"name\":\"Portada\",\"item\":\"https:\\\/\\\/palopalu.com\\\/\"},{\"@type\":\"ListItem\",\"position\":2,\"name\":\"Tienda\",\"item\":\"https:\\\/\\\/palopalu.com\\\/tienda\\\/\"},{\"@type\":\"ListItem\",\"position\":3,\"name\":\"Prensa de flores\"}]},{\"@type\":\"WebSite\",\"@id\":\"https:\\\/\\\/palopalu.com\\\/#website\",\"url\":\"https:\\\/\\\/palopalu.com\\\/\",\"name\":\"Palopal\u00fa\",\"description\":\"Juguetes, decoraci\u00f3n y objetos personalizados en madera\",\"publisher\":{\"@id\":\"https:\\\/\\\/palopalu.com\\\/#organization\"},\"potentialAction\":[{\"@type\":\"SearchAction\",\"target\":{\"@type\":\"EntryPoint\",\"urlTemplate\":\"https:\\\/\\\/palopalu.com\\\/?s={search_term_string}\"},\"query-input\":{\"@type\":\"PropertyValueSpecification\",\"valueRequired\":true,\"valueName\":\"search_term_string\"}}],\"inLanguage\":\"en-GB\"},{\"@type\":\"Organization\",\"@id\":\"https:\\\/\\\/palopalu.com\\\/#organization\",\"name\":\"Palopal\u00fa\",\"url\":\"https:\\\/\\\/palopalu.com\\\/\",\"logo\":{\"@type\":\"ImageObject\",\"inLanguage\":\"en-GB\",\"@id\":\"https:\\\/\\\/palopalu.com\\\/#\\\/schema\\\/logo\\\/image\\\/\",\"url\":\"https:\\\/\\\/palopalu.com\\\/wp-content\\\/uploads\\\/2019\\\/02\\\/logo-palopalu.png\",\"contentUrl\":\"https:\\\/\\\/palopalu.com\\\/wp-content\\\/uploads\\\/2019\\\/02\\\/logo-palopalu.png\",\"width\":125,\"height\":30,\"caption\":\"Palopal\u00fa\"},\"image\":{\"@id\":\"https:\\\/\\\/palopalu.com\\\/#\\\/schema\\\/logo\\\/image\\\/\"},\"sameAs\":[\"https:\\\/\\\/www.facebook.com\\\/palopalupalopalu\",\"https:\\\/\\\/www.instagram.com\\\/palopalu\"]}]}<\/script>\n<!-- \/ Yoast SEO plugin. -->","yoast_head_json":{"title":"Flower press","description":"Prensa de flores y hojas hecha en madera artesanalmente. Un recurso ideal para peque\u00f1os y adultos. Crea elementos de decoraci\u00f3n perfectos.","robots":{"index":"index","follow":"follow","max-snippet":"max-snippet:-1","max-image-preview":"max-image-preview:large","max-video-preview":"max-video-preview:-1"},"canonical":"https:\/\/palopalu.com\/en\/product\/prensa-de-flores-de-madera-artesanal\/","og_locale":"en_GB","og_type":"article","og_title":"Prensa de flores","og_description":"Prensa de flores y hojas hecha en madera artesanalmente. Un recurso ideal para peque\u00f1os y adultos. Crea elementos de decoraci\u00f3n perfectos.","og_url":"https:\/\/palopalu.com\/en\/product\/prensa-de-flores-de-madera-artesanal\/","og_site_name":"Palopal\u00fa","article_publisher":"https:\/\/www.facebook.com\/palopalupalopalu","article_modified_time":"2026-04-11T15:19:58+00:00","og_image":[{"width":822,"height":822,"url":"https:\/\/palopalu.com\/wp-content\/uploads\/2022\/03\/prensapri_palopalu-1.jpg","type":"image\/jpeg"}],"twitter_card":"summary_large_image","twitter_misc":{"Estimated reading time":"1 minute"},"schema":{"@context":"https:\/\/schema.org","@graph":[{"@type":"WebPage","@id":"https:\/\/palopalu.com\/producto\/prensa-de-flores-de-madera-artesanal\/","url":"https:\/\/palopalu.com\/producto\/prensa-de-flores-de-madera-artesanal\/","name":"Flower press","isPartOf":{"@id":"https:\/\/palopalu.com\/#website"},"primaryImageOfPage":{"@id":"https:\/\/palopalu.com\/producto\/prensa-de-flores-de-madera-artesanal\/#primaryimage"},"image":{"@id":"https:\/\/palopalu.com\/producto\/prensa-de-flores-de-madera-artesanal\/#primaryimage"},"thumbnailUrl":"https:\/\/palopalu.com\/wp-content\/uploads\/2022\/03\/prensapri_palopalu-1.jpg","datePublished":"2022-03-21T19:50:43+00:00","dateModified":"2026-04-11T15:19:58+00:00","description":"Prensa de flores y hojas hecha en madera artesanalmente. Un recurso ideal para peque\u00f1os y adultos. Crea elementos de decoraci\u00f3n perfectos.","breadcrumb":{"@id":"https:\/\/palopalu.com\/producto\/prensa-de-flores-de-madera-artesanal\/#breadcrumb"},"inLanguage":"en-GB","potentialAction":[{"@type":"ReadAction","target":["https:\/\/palopalu.com\/producto\/prensa-de-flores-de-madera-artesanal\/"]}]},{"@type":"ImageObject","inLanguage":"en-GB","@id":"https:\/\/palopalu.com\/producto\/prensa-de-flores-de-madera-artesanal\/#primaryimage","url":"https:\/\/palopalu.com\/wp-content\/uploads\/2022\/03\/prensapri_palopalu-1.jpg","contentUrl":"https:\/\/palopalu.com\/wp-content\/uploads\/2022\/03\/prensapri_palopalu-1.jpg","width":822,"height":822,"caption":"prensa de flores"},{"@type":"BreadcrumbList","@id":"https:\/\/palopalu.com\/producto\/prensa-de-flores-de-madera-artesanal\/#breadcrumb","itemListElement":[{"@type":"ListItem","position":1,"name":"Portada","item":"https:\/\/palopalu.com\/"},{"@type":"ListItem","position":2,"name":"Tienda","item":"https:\/\/palopalu.com\/tienda\/"},{"@type":"ListItem","position":3,"name":"Prensa de flores"}]},{"@type":"WebSite","@id":"https:\/\/palopalu.com\/#website","url":"https:\/\/palopalu.com\/","name":"Palopal\u00fa","description":"Juguetes, decoraci\u00f3n y objetos personalizados en madera","publisher":{"@id":"https:\/\/palopalu.com\/#organization"},"potentialAction":[{"@type":"SearchAction","target":{"@type":"EntryPoint","urlTemplate":"https:\/\/palopalu.com\/?s={search_term_string}"},"query-input":{"@type":"PropertyValueSpecification","valueRequired":true,"valueName":"search_term_string"}}],"inLanguage":"en-GB"},{"@type":"Organization","@id":"https:\/\/palopalu.com\/#organization","name":"Palopal\u00fa","url":"https:\/\/palopalu.com\/","logo":{"@type":"ImageObject","inLanguage":"en-GB","@id":"https:\/\/palopalu.com\/#\/schema\/logo\/image\/","url":"https:\/\/palopalu.com\/wp-content\/uploads\/2019\/02\/logo-palopalu.png","contentUrl":"https:\/\/palopalu.com\/wp-content\/uploads\/2019\/02\/logo-palopalu.png","width":125,"height":30,"caption":"Palopal\u00fa"},"image":{"@id":"https:\/\/palopalu.com\/#\/schema\/logo\/image\/"},"sameAs":["https:\/\/www.facebook.com\/palopalupalopalu","https:\/\/www.instagram.com\/palopalu"]}]}},"_links":{"self":[{"href":"https:\/\/palopalu.com\/en\/wp-json\/wp\/v2\/product\/4911","targetHints":{"allow":["GET"]}}],"collection":[{"href":"https:\/\/palopalu.com\/en\/wp-json\/wp\/v2\/product"}],"about":[{"href":"https:\/\/palopalu.com\/en\/wp-json\/wp\/v2\/types\/product"}],"wp:featuredmedia":[{"embeddable":true,"href":"https:\/\/palopalu.com\/en\/wp-json\/wp\/v2\/media\/4962"}],"wp:attachment":[{"href":"https:\/\/palopalu.com\/en\/wp-json\/wp\/v2\/media?parent=4911"}],"wp:term":[{"taxonomy":"product_brand","embeddable":true,"href":"https:\/\/palopalu.com\/en\/wp-json\/wp\/v2\/product_brand?post=4911"},{"taxonomy":"product_cat","embeddable":true,"href":"https:\/\/palopalu.com\/en\/wp-json\/wp\/v2\/product_cat?post=4911"},{"taxonomy":"product_tag","embeddable":true,"href":"https:\/\/palopalu.com\/en\/wp-json\/wp\/v2\/product_tag?post=4911"}],"curies":[{"name":"wp","href":"https:\/\/api.w.org\/{rel}","templated":true}]}}