{"id":5136,"date":"2022-10-29T19:38:21","date_gmt":"2022-10-29T18:38:21","guid":{"rendered":"https:\/\/palopalu.com\/?post_type=product&#038;p=5136"},"modified":"2024-06-04T17:19:49","modified_gmt":"2024-06-04T16:19:49","slug":"lamina-decorativa-naranjas","status":"publish","type":"product","link":"https:\/\/palopalu.com\/en\/product\/lamina-decorativa-naranjas\/","title":{"rendered":"L\u00e1mina decorativa Naranjas"},"content":{"rendered":"<p>Te presentamos la L\u00e1mina decorativa Naranjas, una pieza que llenar\u00e1 de color el rinc\u00f3n de tu hogar que elijas para ella. Esta l\u00e1mina decorativa forma parte de la colecci\u00f3n m\u00e1s personal de\u00a0ilustraci\u00f3n en papel de Palopal\u00fa. Con sus colores y tono, se adaptar\u00e1 perfectamente a cualquier estilo decorativo.<\/p>\n<p>Queremos que consigas un ambiente agradable, que hable de aquello cercano, familiar y con identidad propia. Nos inspira todo lo que nos rodea y queremos hac\u00e9rtelo llegar, llenar de color tu decoraci\u00f3n con una pieza art\u00edstica.<\/p>\n<p>Decora las paredes de\u00a0tu dormitorio, sal\u00f3n, o cualquier lugar de tu casa o negocio con una l\u00e1mina de Palopal\u00fa. Su calidez \u00a0junto a los colores acuarelados de la ilustraci\u00f3n, aportan una esencia muy especial al espacio.<\/p>\n<h5>\u00a1Y este no es el \u00fanico modelo de nuestra colecci\u00f3n!<\/h5>\n<p>Puedes elegir el que m\u00e1s te guste de entre un <a target=\"_blank\" href=\"https:\/\/palopalu.com\/en\/tienda\/\" rel=\"noopener\">mont\u00f3n de modelos disponibles<\/a>, prueba a realizar espacios \u00fanicos y personales, combinando diferentes ilustraciones.<\/p>\n<p>La<strong>\u00a0<\/strong>l\u00e1mina decorativa Naranjas est\u00e1 dise\u00f1ada para colgar en la pared de forma bien sencilla a\u00f1adi\u00e9ndola un marco, adem\u00e1s quedar\u00e1 ideal apoyada en estanter\u00edas o mesas, siendo una buena opci\u00f3n como elemento decorativo de sobremesa.<\/p>\n<p>Para ti o para regalar, ser\u00e1 un regalo perfecto que seguro que encantar\u00e1 a quien lo reciba.<\/p>","protected":false},"excerpt":{"rendered":"<p>L\u00e1mina en papel de 250 gr.<br \/>\nTama\u00f1o DIN-A4 (21 cm x 29,7 cm)<br \/>\nIlustraci\u00f3n decorativa.<br \/>\nSin marco.<\/p>","protected":false},"featured_media":5143,"template":"","meta":[],"product_brand":[],"product_cat":[78,101],"product_tag":[242],"class_list":{"0":"post-5136","1":"product","2":"type-product","3":"status-publish","4":"has-post-thumbnail","6":"product_cat-decoracion","7":"product_cat-ilustracion","8":"product_tag-lamina-ilustracion","9":"clearfix","11":"first","12":"instock","13":"shipping-taxable","14":"purchasable","15":"product-type-simple"},"yoast_head":"<!-- This site is optimized with the Yoast SEO plugin v27.5 - https:\/\/yoast.com\/product\/yoast-seo-wordpress\/ -->\n<title>L\u00e1mina decorativa naranjas. Ilustraci\u00f3n en papel. Palopal\u00fa<\/title>\n<meta name=\"description\" content=\"L\u00e1mina decorativa naranjas. Decoraci\u00f3n del hogar. Ilustraci\u00f3n de Palopal\u00fa ideal para decorar cualquier habitaci\u00f3n de una forma acogedora\" \/>\n<meta name=\"robots\" content=\"index, follow, max-snippet:-1, max-image-preview:large, max-video-preview:-1\" \/>\n<link rel=\"canonical\" href=\"https:\/\/palopalu.com\/en\/product\/lamina-decorativa-naranjas\/\" \/>\n<meta property=\"og:locale\" content=\"en_GB\" \/>\n<meta property=\"og:type\" content=\"article\" \/>\n<meta property=\"og:title\" content=\"L\u00e1mina decorativa naranjas. Ilustraci\u00f3n en papel. Palopal\u00fa\" \/>\n<meta property=\"og:description\" content=\"L\u00e1mina decorativa naranjas. Decoraci\u00f3n del hogar. Ilustraci\u00f3n de Palopal\u00fa ideal para decorar cualquier habitaci\u00f3n de una forma acogedora\" \/>\n<meta property=\"og:url\" content=\"https:\/\/palopalu.com\/en\/product\/lamina-decorativa-naranjas\/\" \/>\n<meta property=\"og:site_name\" content=\"Palopal\u00fa\" \/>\n<meta property=\"article:publisher\" content=\"https:\/\/www.facebook.com\/palopalupalopalu\" \/>\n<meta property=\"article:modified_time\" content=\"2024-06-04T16:19:49+00:00\" \/>\n<meta property=\"og:image\" content=\"https:\/\/palopalu.com\/wp-content\/uploads\/2022\/10\/palopalu_laminanaranjaspri-1-1024x1015.jpg\" \/>\n\t<meta property=\"og:image:width\" content=\"1024\" \/>\n\t<meta property=\"og:image:height\" content=\"1015\" \/>\n\t<meta property=\"og:image:type\" content=\"image\/jpeg\" \/>\n<meta name=\"twitter:card\" content=\"summary_large_image\" \/>\n<meta name=\"twitter:label1\" content=\"Estimated reading time\" \/>\n\t<meta name=\"twitter:data1\" content=\"2 minutes\" \/>\n<script type=\"application\/ld+json\" class=\"yoast-schema-graph\">{\"@context\":\"https:\\\/\\\/schema.org\",\"@graph\":[{\"@type\":\"WebPage\",\"@id\":\"https:\\\/\\\/palopalu.com\\\/producto\\\/lamina-decorativa-naranjas\\\/\",\"url\":\"https:\\\/\\\/palopalu.com\\\/producto\\\/lamina-decorativa-naranjas\\\/\",\"name\":\"L\u00e1mina decorativa naranjas. Ilustraci\u00f3n en papel. Palopal\u00fa\",\"isPartOf\":{\"@id\":\"https:\\\/\\\/palopalu.com\\\/#website\"},\"primaryImageOfPage\":{\"@id\":\"https:\\\/\\\/palopalu.com\\\/producto\\\/lamina-decorativa-naranjas\\\/#primaryimage\"},\"image\":{\"@id\":\"https:\\\/\\\/palopalu.com\\\/producto\\\/lamina-decorativa-naranjas\\\/#primaryimage\"},\"thumbnailUrl\":\"https:\\\/\\\/palopalu.com\\\/wp-content\\\/uploads\\\/2022\\\/10\\\/palopalu_laminanaranjaspri-1.jpg\",\"datePublished\":\"2022-10-29T18:38:21+00:00\",\"dateModified\":\"2024-06-04T16:19:49+00:00\",\"description\":\"L\u00e1mina decorativa naranjas. Decoraci\u00f3n del hogar. Ilustraci\u00f3n de Palopal\u00fa ideal para decorar cualquier habitaci\u00f3n de una forma acogedora\",\"breadcrumb\":{\"@id\":\"https:\\\/\\\/palopalu.com\\\/producto\\\/lamina-decorativa-naranjas\\\/#breadcrumb\"},\"inLanguage\":\"en-GB\",\"potentialAction\":[{\"@type\":\"ReadAction\",\"target\":[\"https:\\\/\\\/palopalu.com\\\/producto\\\/lamina-decorativa-naranjas\\\/\"]}]},{\"@type\":\"ImageObject\",\"inLanguage\":\"en-GB\",\"@id\":\"https:\\\/\\\/palopalu.com\\\/producto\\\/lamina-decorativa-naranjas\\\/#primaryimage\",\"url\":\"https:\\\/\\\/palopalu.com\\\/wp-content\\\/uploads\\\/2022\\\/10\\\/palopalu_laminanaranjaspri-1.jpg\",\"contentUrl\":\"https:\\\/\\\/palopalu.com\\\/wp-content\\\/uploads\\\/2022\\\/10\\\/palopalu_laminanaranjaspri-1.jpg\",\"width\":1919,\"height\":1903},{\"@type\":\"BreadcrumbList\",\"@id\":\"https:\\\/\\\/palopalu.com\\\/producto\\\/lamina-decorativa-naranjas\\\/#breadcrumb\",\"itemListElement\":[{\"@type\":\"ListItem\",\"position\":1,\"name\":\"Portada\",\"item\":\"https:\\\/\\\/palopalu.com\\\/\"},{\"@type\":\"ListItem\",\"position\":2,\"name\":\"Tienda\",\"item\":\"https:\\\/\\\/palopalu.com\\\/tienda\\\/\"},{\"@type\":\"ListItem\",\"position\":3,\"name\":\"L\u00e1mina decorativa Naranjas\"}]},{\"@type\":\"WebSite\",\"@id\":\"https:\\\/\\\/palopalu.com\\\/#website\",\"url\":\"https:\\\/\\\/palopalu.com\\\/\",\"name\":\"Palopal\u00fa\",\"description\":\"Juguetes, decoraci\u00f3n y objetos personalizados en madera\",\"publisher\":{\"@id\":\"https:\\\/\\\/palopalu.com\\\/#organization\"},\"potentialAction\":[{\"@type\":\"SearchAction\",\"target\":{\"@type\":\"EntryPoint\",\"urlTemplate\":\"https:\\\/\\\/palopalu.com\\\/?s={search_term_string}\"},\"query-input\":{\"@type\":\"PropertyValueSpecification\",\"valueRequired\":true,\"valueName\":\"search_term_string\"}}],\"inLanguage\":\"en-GB\"},{\"@type\":\"Organization\",\"@id\":\"https:\\\/\\\/palopalu.com\\\/#organization\",\"name\":\"Palopal\u00fa\",\"url\":\"https:\\\/\\\/palopalu.com\\\/\",\"logo\":{\"@type\":\"ImageObject\",\"inLanguage\":\"en-GB\",\"@id\":\"https:\\\/\\\/palopalu.com\\\/#\\\/schema\\\/logo\\\/image\\\/\",\"url\":\"https:\\\/\\\/palopalu.com\\\/wp-content\\\/uploads\\\/2019\\\/02\\\/logo-palopalu.png\",\"contentUrl\":\"https:\\\/\\\/palopalu.com\\\/wp-content\\\/uploads\\\/2019\\\/02\\\/logo-palopalu.png\",\"width\":125,\"height\":30,\"caption\":\"Palopal\u00fa\"},\"image\":{\"@id\":\"https:\\\/\\\/palopalu.com\\\/#\\\/schema\\\/logo\\\/image\\\/\"},\"sameAs\":[\"https:\\\/\\\/www.facebook.com\\\/palopalupalopalu\",\"https:\\\/\\\/www.instagram.com\\\/palopalu\"]}]}<\/script>\n<!-- \/ Yoast SEO plugin. -->","yoast_head_json":{"title":"L\u00e1mina decorativa naranjas. Ilustraci\u00f3n en papel. Palopal\u00fa","description":"L\u00e1mina decorativa naranjas. Decoraci\u00f3n del hogar. Ilustraci\u00f3n de Palopal\u00fa ideal para decorar cualquier habitaci\u00f3n de una forma acogedora","robots":{"index":"index","follow":"follow","max-snippet":"max-snippet:-1","max-image-preview":"max-image-preview:large","max-video-preview":"max-video-preview:-1"},"canonical":"https:\/\/palopalu.com\/en\/product\/lamina-decorativa-naranjas\/","og_locale":"en_GB","og_type":"article","og_title":"L\u00e1mina decorativa naranjas. Ilustraci\u00f3n en papel. Palopal\u00fa","og_description":"L\u00e1mina decorativa naranjas. Decoraci\u00f3n del hogar. Ilustraci\u00f3n de Palopal\u00fa ideal para decorar cualquier habitaci\u00f3n de una forma acogedora","og_url":"https:\/\/palopalu.com\/en\/product\/lamina-decorativa-naranjas\/","og_site_name":"Palopal\u00fa","article_publisher":"https:\/\/www.facebook.com\/palopalupalopalu","article_modified_time":"2024-06-04T16:19:49+00:00","og_image":[{"width":1024,"height":1015,"url":"https:\/\/palopalu.com\/wp-content\/uploads\/2022\/10\/palopalu_laminanaranjaspri-1-1024x1015.jpg","type":"image\/jpeg"}],"twitter_card":"summary_large_image","twitter_misc":{"Estimated reading time":"2 minutes"},"schema":{"@context":"https:\/\/schema.org","@graph":[{"@type":"WebPage","@id":"https:\/\/palopalu.com\/producto\/lamina-decorativa-naranjas\/","url":"https:\/\/palopalu.com\/producto\/lamina-decorativa-naranjas\/","name":"L\u00e1mina decorativa naranjas. Ilustraci\u00f3n en papel. Palopal\u00fa","isPartOf":{"@id":"https:\/\/palopalu.com\/#website"},"primaryImageOfPage":{"@id":"https:\/\/palopalu.com\/producto\/lamina-decorativa-naranjas\/#primaryimage"},"image":{"@id":"https:\/\/palopalu.com\/producto\/lamina-decorativa-naranjas\/#primaryimage"},"thumbnailUrl":"https:\/\/palopalu.com\/wp-content\/uploads\/2022\/10\/palopalu_laminanaranjaspri-1.jpg","datePublished":"2022-10-29T18:38:21+00:00","dateModified":"2024-06-04T16:19:49+00:00","description":"L\u00e1mina decorativa naranjas. Decoraci\u00f3n del hogar. Ilustraci\u00f3n de Palopal\u00fa ideal para decorar cualquier habitaci\u00f3n de una forma acogedora","breadcrumb":{"@id":"https:\/\/palopalu.com\/producto\/lamina-decorativa-naranjas\/#breadcrumb"},"inLanguage":"en-GB","potentialAction":[{"@type":"ReadAction","target":["https:\/\/palopalu.com\/producto\/lamina-decorativa-naranjas\/"]}]},{"@type":"ImageObject","inLanguage":"en-GB","@id":"https:\/\/palopalu.com\/producto\/lamina-decorativa-naranjas\/#primaryimage","url":"https:\/\/palopalu.com\/wp-content\/uploads\/2022\/10\/palopalu_laminanaranjaspri-1.jpg","contentUrl":"https:\/\/palopalu.com\/wp-content\/uploads\/2022\/10\/palopalu_laminanaranjaspri-1.jpg","width":1919,"height":1903},{"@type":"BreadcrumbList","@id":"https:\/\/palopalu.com\/producto\/lamina-decorativa-naranjas\/#breadcrumb","itemListElement":[{"@type":"ListItem","position":1,"name":"Portada","item":"https:\/\/palopalu.com\/"},{"@type":"ListItem","position":2,"name":"Tienda","item":"https:\/\/palopalu.com\/tienda\/"},{"@type":"ListItem","position":3,"name":"L\u00e1mina decorativa Naranjas"}]},{"@type":"WebSite","@id":"https:\/\/palopalu.com\/#website","url":"https:\/\/palopalu.com\/","name":"Palopal\u00fa","description":"Juguetes, decoraci\u00f3n y objetos personalizados en madera","publisher":{"@id":"https:\/\/palopalu.com\/#organization"},"potentialAction":[{"@type":"SearchAction","target":{"@type":"EntryPoint","urlTemplate":"https:\/\/palopalu.com\/?s={search_term_string}"},"query-input":{"@type":"PropertyValueSpecification","valueRequired":true,"valueName":"search_term_string"}}],"inLanguage":"en-GB"},{"@type":"Organization","@id":"https:\/\/palopalu.com\/#organization","name":"Palopal\u00fa","url":"https:\/\/palopalu.com\/","logo":{"@type":"ImageObject","inLanguage":"en-GB","@id":"https:\/\/palopalu.com\/#\/schema\/logo\/image\/","url":"https:\/\/palopalu.com\/wp-content\/uploads\/2019\/02\/logo-palopalu.png","contentUrl":"https:\/\/palopalu.com\/wp-content\/uploads\/2019\/02\/logo-palopalu.png","width":125,"height":30,"caption":"Palopal\u00fa"},"image":{"@id":"https:\/\/palopalu.com\/#\/schema\/logo\/image\/"},"sameAs":["https:\/\/www.facebook.com\/palopalupalopalu","https:\/\/www.instagram.com\/palopalu"]}]}},"_links":{"self":[{"href":"https:\/\/palopalu.com\/en\/wp-json\/wp\/v2\/product\/5136","targetHints":{"allow":["GET"]}}],"collection":[{"href":"https:\/\/palopalu.com\/en\/wp-json\/wp\/v2\/product"}],"about":[{"href":"https:\/\/palopalu.com\/en\/wp-json\/wp\/v2\/types\/product"}],"wp:featuredmedia":[{"embeddable":true,"href":"https:\/\/palopalu.com\/en\/wp-json\/wp\/v2\/media\/5143"}],"wp:attachment":[{"href":"https:\/\/palopalu.com\/en\/wp-json\/wp\/v2\/media?parent=5136"}],"wp:term":[{"taxonomy":"product_brand","embeddable":true,"href":"https:\/\/palopalu.com\/en\/wp-json\/wp\/v2\/product_brand?post=5136"},{"taxonomy":"product_cat","embeddable":true,"href":"https:\/\/palopalu.com\/en\/wp-json\/wp\/v2\/product_cat?post=5136"},{"taxonomy":"product_tag","embeddable":true,"href":"https:\/\/palopalu.com\/en\/wp-json\/wp\/v2\/product_tag?post=5136"}],"curies":[{"name":"wp","href":"https:\/\/api.w.org\/{rel}","templated":true}]}}