{"id":5203,"date":"2022-10-30T12:26:13","date_gmt":"2022-10-30T11:26:13","guid":{"rendered":"https:\/\/palopalu.com\/?post_type=product&#038;p=5203"},"modified":"2022-11-05T13:36:13","modified_gmt":"2022-11-05T12:36:13","slug":"marioneta-grey","status":"publish","type":"product","link":"https:\/\/palopalu.com\/en\/product\/marioneta-grey\/","title":{"rendered":"Gray Puppet"},"content":{"rendered":"<p>La <strong>marioneta de madera Grey<\/strong> es una pieza de dise\u00f1o original y totalmente \u00fanica. Con ella podr\u00e1s jugar y a la vez desarrollar un mont\u00f3n de habilidades. Hecha de manera artesanal, combina diferentes materiales como la tela, el cuero y la madera. Estimula los sentidos del ni\u00f1o con un juguete de gran calidad y durabilidad.<\/p>\n<p>Se trata de un juguete que no deber\u00eda faltar en el juego del ni\u00f1o, principalmente en sus primeras etapas.<\/p>\n<p>En primer lugar, conseguiremos despertar su curiosidad. Adem\u00e1s, ayudaremos a que aprenda a concentrarse y aumentar su capacidad de atenci\u00f3n.<\/p>\n<p>Una herramienta ideal para desarrollar el juego imaginativo, tan importante desde la primera infancia, ayud\u00e1ndole a comprender el mundo que le rodea y a expresarse con mayor libertad.<\/p>\n<p>Ayuda a expresar emociones. Con el recurso de la marioneta se sienten m\u00e1s seguros para expresar pensamientos y sentimientos. Desarrolla la empat\u00eda y nuevas habilidades sociales.<\/p>\n<p>Desarrolla el lenguaje. Representando el rol que ellos quieran, podremos ayudarles a introducir nuevo vocabulario y a expresarse con mayor fluidez.<\/p>\n<p>Desarrolla la psicomotricidad. Coordinar las manos para manejar la marioneta y de esta manera, aprender a crear nuevos movimientos, ser\u00e1 un ejercicio estupendo para trabajar la coordinaci\u00f3n mano-ojo.<\/p>\n<p>Potencia su imaginaci\u00f3n. La <strong>marioneta de madera Grey<\/strong> tiene un dise\u00f1o sencillo que expandir\u00e1 su mundo, alejado de roles convencionales para dejar volar la imaginaci\u00f3n inventando personajes, historias\u2026 Desarrollar\u00e1 nuevas ideas y favorecer\u00e1 el pensamiento abstracto.<\/p>\n<p>En definitiva, se trata de un juego intergeneracional con un dise\u00f1o \u00fanico estupendo para compartir y para imaginar y explorar un mont\u00f3n de nuevos mundos.<\/p>\n<p>Esta marioneta de madera Pupi se une a la extensa colecci\u00f3n de marionetas de madera \u00fanicas de Palopal\u00fa. El <a href=\"https:\/\/palopalu.com\/en\/product\/teatro-marionetas-pizarra-personalizable-madera\/\" rel=\"noopener\" target=\"_blank\">teatrillo para marionetas<\/a> ser\u00e1 el complemento ideal para todas esas historias que hay por contar. <\/p>","protected":false},"excerpt":{"rendered":"<p>Marioneta de palo.<br \/>\nTama\u00f1o: 32 cm aproximadamente.<br \/>\nMaterial: madera, tela y cuer reciclado.<\/p>","protected":false},"featured_media":5205,"template":"","meta":[],"product_brand":[],"product_cat":[97,102,105,80,282,83],"product_tag":[283,295],"class_list":{"0":"post-5203","1":"product","2":"type-product","3":"status-publish","4":"has-post-thumbnail","6":"product_cat-de-1-a-3-anos","7":"product_cat-de-3-a-5-anos","8":"product_cat-de-5-a-8-anos","9":"product_cat-juguetes","10":"product_cat-marionetas","11":"product_cat-por-edad","12":"product_tag-marionetas","13":"product_tag-teatro-de-marionetas","14":"clearfix","16":"first","17":"instock","18":"shipping-taxable","19":"purchasable","20":"product-type-simple"},"yoast_head":"<!-- This site is optimized with the Yoast SEO plugin v27.5 - https:\/\/yoast.com\/product\/yoast-seo-wordpress\/ -->\n<title>Marioneta de madera Grey. Hecho a mano. Palopalu.<\/title>\n<meta name=\"description\" content=\"La marioneta de madera Grey forma parte de la colecci\u00f3n de marionetas de Palopal\u00fa. Hecho a mano y con un dise\u00f1o original para estimular la imaginaci\u00f3n.\" \/>\n<meta name=\"robots\" content=\"index, follow, max-snippet:-1, max-image-preview:large, max-video-preview:-1\" \/>\n<link rel=\"canonical\" href=\"https:\/\/palopalu.com\/en\/product\/marioneta-grey\/\" \/>\n<meta property=\"og:locale\" content=\"en_GB\" \/>\n<meta property=\"og:type\" content=\"article\" \/>\n<meta property=\"og:title\" content=\"Marioneta de madera Grey. Hecho a mano. Palopalu.\" \/>\n<meta property=\"og:description\" content=\"La marioneta de madera Grey forma parte de la colecci\u00f3n de marionetas de Palopal\u00fa. Hecho a mano y con un dise\u00f1o original para estimular la imaginaci\u00f3n.\" \/>\n<meta property=\"og:url\" content=\"https:\/\/palopalu.com\/en\/product\/marioneta-grey\/\" \/>\n<meta property=\"og:site_name\" content=\"Palopal\u00fa\" \/>\n<meta property=\"article:publisher\" content=\"https:\/\/www.facebook.com\/palopalupalopalu\" \/>\n<meta property=\"article:modified_time\" content=\"2022-11-05T12:36:13+00:00\" \/>\n<meta property=\"og:image\" content=\"https:\/\/palopalu.com\/wp-content\/uploads\/2022\/10\/palopalu_marionetagrey2.jpg\" \/>\n\t<meta property=\"og:image:width\" content=\"900\" \/>\n\t<meta property=\"og:image:height\" content=\"1200\" \/>\n\t<meta property=\"og:image:type\" content=\"image\/jpeg\" \/>\n<meta name=\"twitter:card\" content=\"summary_large_image\" \/>\n<meta name=\"twitter:label1\" content=\"Estimated reading time\" \/>\n\t<meta name=\"twitter:data1\" content=\"2 minutes\" \/>\n<script type=\"application\/ld+json\" class=\"yoast-schema-graph\">{\"@context\":\"https:\\\/\\\/schema.org\",\"@graph\":[{\"@type\":\"WebPage\",\"@id\":\"https:\\\/\\\/palopalu.com\\\/producto\\\/marioneta-grey\\\/\",\"url\":\"https:\\\/\\\/palopalu.com\\\/producto\\\/marioneta-grey\\\/\",\"name\":\"Marioneta de madera Grey. Hecho a mano. Palopalu.\",\"isPartOf\":{\"@id\":\"https:\\\/\\\/palopalu.com\\\/#website\"},\"primaryImageOfPage\":{\"@id\":\"https:\\\/\\\/palopalu.com\\\/producto\\\/marioneta-grey\\\/#primaryimage\"},\"image\":{\"@id\":\"https:\\\/\\\/palopalu.com\\\/producto\\\/marioneta-grey\\\/#primaryimage\"},\"thumbnailUrl\":\"https:\\\/\\\/palopalu.com\\\/wp-content\\\/uploads\\\/2022\\\/10\\\/palopalu_marionetagrey2.jpg\",\"datePublished\":\"2022-10-30T11:26:13+00:00\",\"dateModified\":\"2022-11-05T12:36:13+00:00\",\"description\":\"La marioneta de madera Grey forma parte de la colecci\u00f3n de marionetas de Palopal\u00fa. Hecho a mano y con un dise\u00f1o original para estimular la imaginaci\u00f3n.\",\"breadcrumb\":{\"@id\":\"https:\\\/\\\/palopalu.com\\\/producto\\\/marioneta-grey\\\/#breadcrumb\"},\"inLanguage\":\"en-GB\",\"potentialAction\":[{\"@type\":\"ReadAction\",\"target\":[\"https:\\\/\\\/palopalu.com\\\/producto\\\/marioneta-grey\\\/\"]}]},{\"@type\":\"ImageObject\",\"inLanguage\":\"en-GB\",\"@id\":\"https:\\\/\\\/palopalu.com\\\/producto\\\/marioneta-grey\\\/#primaryimage\",\"url\":\"https:\\\/\\\/palopalu.com\\\/wp-content\\\/uploads\\\/2022\\\/10\\\/palopalu_marionetagrey2.jpg\",\"contentUrl\":\"https:\\\/\\\/palopalu.com\\\/wp-content\\\/uploads\\\/2022\\\/10\\\/palopalu_marionetagrey2.jpg\",\"width\":900,\"height\":1200},{\"@type\":\"BreadcrumbList\",\"@id\":\"https:\\\/\\\/palopalu.com\\\/producto\\\/marioneta-grey\\\/#breadcrumb\",\"itemListElement\":[{\"@type\":\"ListItem\",\"position\":1,\"name\":\"Portada\",\"item\":\"https:\\\/\\\/palopalu.com\\\/\"},{\"@type\":\"ListItem\",\"position\":2,\"name\":\"Tienda\",\"item\":\"https:\\\/\\\/palopalu.com\\\/tienda\\\/\"},{\"@type\":\"ListItem\",\"position\":3,\"name\":\"Marioneta Grey\"}]},{\"@type\":\"WebSite\",\"@id\":\"https:\\\/\\\/palopalu.com\\\/#website\",\"url\":\"https:\\\/\\\/palopalu.com\\\/\",\"name\":\"Palopal\u00fa\",\"description\":\"Juguetes, decoraci\u00f3n y objetos personalizados en madera\",\"publisher\":{\"@id\":\"https:\\\/\\\/palopalu.com\\\/#organization\"},\"potentialAction\":[{\"@type\":\"SearchAction\",\"target\":{\"@type\":\"EntryPoint\",\"urlTemplate\":\"https:\\\/\\\/palopalu.com\\\/?s={search_term_string}\"},\"query-input\":{\"@type\":\"PropertyValueSpecification\",\"valueRequired\":true,\"valueName\":\"search_term_string\"}}],\"inLanguage\":\"en-GB\"},{\"@type\":\"Organization\",\"@id\":\"https:\\\/\\\/palopalu.com\\\/#organization\",\"name\":\"Palopal\u00fa\",\"url\":\"https:\\\/\\\/palopalu.com\\\/\",\"logo\":{\"@type\":\"ImageObject\",\"inLanguage\":\"en-GB\",\"@id\":\"https:\\\/\\\/palopalu.com\\\/#\\\/schema\\\/logo\\\/image\\\/\",\"url\":\"https:\\\/\\\/palopalu.com\\\/wp-content\\\/uploads\\\/2019\\\/02\\\/logo-palopalu.png\",\"contentUrl\":\"https:\\\/\\\/palopalu.com\\\/wp-content\\\/uploads\\\/2019\\\/02\\\/logo-palopalu.png\",\"width\":125,\"height\":30,\"caption\":\"Palopal\u00fa\"},\"image\":{\"@id\":\"https:\\\/\\\/palopalu.com\\\/#\\\/schema\\\/logo\\\/image\\\/\"},\"sameAs\":[\"https:\\\/\\\/www.facebook.com\\\/palopalupalopalu\",\"https:\\\/\\\/www.instagram.com\\\/palopalu\"]}]}<\/script>\n<!-- \/ Yoast SEO plugin. -->","yoast_head_json":{"title":"Marioneta de madera Grey. Hecho a mano. Palopalu.","description":"La marioneta de madera Grey forma parte de la colecci\u00f3n de marionetas de Palopal\u00fa. Hecho a mano y con un dise\u00f1o original para estimular la imaginaci\u00f3n.","robots":{"index":"index","follow":"follow","max-snippet":"max-snippet:-1","max-image-preview":"max-image-preview:large","max-video-preview":"max-video-preview:-1"},"canonical":"https:\/\/palopalu.com\/en\/product\/marioneta-grey\/","og_locale":"en_GB","og_type":"article","og_title":"Marioneta de madera Grey. Hecho a mano. Palopalu.","og_description":"La marioneta de madera Grey forma parte de la colecci\u00f3n de marionetas de Palopal\u00fa. Hecho a mano y con un dise\u00f1o original para estimular la imaginaci\u00f3n.","og_url":"https:\/\/palopalu.com\/en\/product\/marioneta-grey\/","og_site_name":"Palopal\u00fa","article_publisher":"https:\/\/www.facebook.com\/palopalupalopalu","article_modified_time":"2022-11-05T12:36:13+00:00","og_image":[{"width":900,"height":1200,"url":"https:\/\/palopalu.com\/wp-content\/uploads\/2022\/10\/palopalu_marionetagrey2.jpg","type":"image\/jpeg"}],"twitter_card":"summary_large_image","twitter_misc":{"Estimated reading time":"2 minutes"},"schema":{"@context":"https:\/\/schema.org","@graph":[{"@type":"WebPage","@id":"https:\/\/palopalu.com\/producto\/marioneta-grey\/","url":"https:\/\/palopalu.com\/producto\/marioneta-grey\/","name":"Marioneta de madera Grey. Hecho a mano. Palopalu.","isPartOf":{"@id":"https:\/\/palopalu.com\/#website"},"primaryImageOfPage":{"@id":"https:\/\/palopalu.com\/producto\/marioneta-grey\/#primaryimage"},"image":{"@id":"https:\/\/palopalu.com\/producto\/marioneta-grey\/#primaryimage"},"thumbnailUrl":"https:\/\/palopalu.com\/wp-content\/uploads\/2022\/10\/palopalu_marionetagrey2.jpg","datePublished":"2022-10-30T11:26:13+00:00","dateModified":"2022-11-05T12:36:13+00:00","description":"La marioneta de madera Grey forma parte de la colecci\u00f3n de marionetas de Palopal\u00fa. Hecho a mano y con un dise\u00f1o original para estimular la imaginaci\u00f3n.","breadcrumb":{"@id":"https:\/\/palopalu.com\/producto\/marioneta-grey\/#breadcrumb"},"inLanguage":"en-GB","potentialAction":[{"@type":"ReadAction","target":["https:\/\/palopalu.com\/producto\/marioneta-grey\/"]}]},{"@type":"ImageObject","inLanguage":"en-GB","@id":"https:\/\/palopalu.com\/producto\/marioneta-grey\/#primaryimage","url":"https:\/\/palopalu.com\/wp-content\/uploads\/2022\/10\/palopalu_marionetagrey2.jpg","contentUrl":"https:\/\/palopalu.com\/wp-content\/uploads\/2022\/10\/palopalu_marionetagrey2.jpg","width":900,"height":1200},{"@type":"BreadcrumbList","@id":"https:\/\/palopalu.com\/producto\/marioneta-grey\/#breadcrumb","itemListElement":[{"@type":"ListItem","position":1,"name":"Portada","item":"https:\/\/palopalu.com\/"},{"@type":"ListItem","position":2,"name":"Tienda","item":"https:\/\/palopalu.com\/tienda\/"},{"@type":"ListItem","position":3,"name":"Marioneta Grey"}]},{"@type":"WebSite","@id":"https:\/\/palopalu.com\/#website","url":"https:\/\/palopalu.com\/","name":"Palopal\u00fa","description":"Juguetes, decoraci\u00f3n y objetos personalizados en madera","publisher":{"@id":"https:\/\/palopalu.com\/#organization"},"potentialAction":[{"@type":"SearchAction","target":{"@type":"EntryPoint","urlTemplate":"https:\/\/palopalu.com\/?s={search_term_string}"},"query-input":{"@type":"PropertyValueSpecification","valueRequired":true,"valueName":"search_term_string"}}],"inLanguage":"en-GB"},{"@type":"Organization","@id":"https:\/\/palopalu.com\/#organization","name":"Palopal\u00fa","url":"https:\/\/palopalu.com\/","logo":{"@type":"ImageObject","inLanguage":"en-GB","@id":"https:\/\/palopalu.com\/#\/schema\/logo\/image\/","url":"https:\/\/palopalu.com\/wp-content\/uploads\/2019\/02\/logo-palopalu.png","contentUrl":"https:\/\/palopalu.com\/wp-content\/uploads\/2019\/02\/logo-palopalu.png","width":125,"height":30,"caption":"Palopal\u00fa"},"image":{"@id":"https:\/\/palopalu.com\/#\/schema\/logo\/image\/"},"sameAs":["https:\/\/www.facebook.com\/palopalupalopalu","https:\/\/www.instagram.com\/palopalu"]}]}},"_links":{"self":[{"href":"https:\/\/palopalu.com\/en\/wp-json\/wp\/v2\/product\/5203","targetHints":{"allow":["GET"]}}],"collection":[{"href":"https:\/\/palopalu.com\/en\/wp-json\/wp\/v2\/product"}],"about":[{"href":"https:\/\/palopalu.com\/en\/wp-json\/wp\/v2\/types\/product"}],"wp:featuredmedia":[{"embeddable":true,"href":"https:\/\/palopalu.com\/en\/wp-json\/wp\/v2\/media\/5205"}],"wp:attachment":[{"href":"https:\/\/palopalu.com\/en\/wp-json\/wp\/v2\/media?parent=5203"}],"wp:term":[{"taxonomy":"product_brand","embeddable":true,"href":"https:\/\/palopalu.com\/en\/wp-json\/wp\/v2\/product_brand?post=5203"},{"taxonomy":"product_cat","embeddable":true,"href":"https:\/\/palopalu.com\/en\/wp-json\/wp\/v2\/product_cat?post=5203"},{"taxonomy":"product_tag","embeddable":true,"href":"https:\/\/palopalu.com\/en\/wp-json\/wp\/v2\/product_tag?post=5203"}],"curies":[{"name":"wp","href":"https:\/\/api.w.org\/{rel}","templated":true}]}}