{"id":5243,"date":"2022-11-02T23:37:57","date_gmt":"2022-11-02T22:37:57","guid":{"rendered":"https:\/\/palopalu.com\/?post_type=product&#038;p=5243"},"modified":"2025-10-15T11:21:00","modified_gmt":"2025-10-15T10:21:00","slug":"ramas-poster","status":"publish","type":"product","link":"https:\/\/palopalu.com\/en\/product\/ramas-poster\/","title":{"rendered":"Ramas poster"},"content":{"rendered":"<p>Te presentamos la l\u00e1mina Ramas. Forma parte de la colecci\u00f3n m\u00e1s personal de\u00a0l\u00e1minas decorativas de Palopal\u00fa, que adem\u00e1s se adaptan a cualquier estilo decorativo.<\/p>\n<p>Queremos que consigas un ambiente agradable, que hable de aquello cercano, familiar y con identidad propia. Nos inspira todo lo que nos rodea y queremos hac\u00e9rtelo llegar, llenar de color tu decoraci\u00f3n con una pieza art\u00edstica.<\/p>\n<p>Decora las paredes de\u00a0tu dormitorio, sal\u00f3n, o cualquier lugar de tu casa o negocio con una l\u00e1mina de Palopal\u00fa. Su calidez \u00a0junto a los colores acuarelados de la ilustraci\u00f3n, aportan una esencia muy especial al espacio.<\/p>\n<h5>\u00a1Y este no es el \u00fanico modelo de nuestra colecci\u00f3n!<\/h5>\n<p>Puedes elegir el que m\u00e1s te guste de entre un mont\u00f3n de modelos disponibles, prueba a realizar espacios \u00fanicos y personales, combinando diferentes ilustraciones.<\/p>\n<p>La<strong>\u00a0<\/strong>l\u00e1mina Arrantzaleak est\u00e1 dise\u00f1ada para colgar en la pared de forma bien sencilla a\u00f1adi\u00e9ndola un marco, adem\u00e1s quedar\u00e1 ideal apoyada en estanter\u00edas o mesas, siendo una buena opci\u00f3n como elemento decorativo de sobremesa.<\/p>\n<p>Para ti o para regalar, ser\u00e1 un regalo perfecto que seguro que encantar\u00e1 a quien lo reciba.<\/p>","protected":false},"excerpt":{"rendered":"<p>Te presentamos la l\u00e1mina Ramas. Forma parte de la colecci\u00f3n m\u00e1s personal de\u00a0l\u00e1minas decorativas de Palopal\u00fa, que adem\u00e1s se adaptan a cualquier estilo decorativo. Queremos que consigas un ambiente agradable, que hable de aquello cercano, familiar y con identidad propia. Nos inspira todo lo que nos rodea y queremos hac\u00e9rtelo llegar, llenar de color tu [&hellip;]<\/p>\n","protected":false},"featured_media":5150,"template":"","meta":[],"product_brand":[],"product_cat":[101],"product_tag":[530],"class_list":{"0":"post-5243","1":"product","2":"type-product","3":"status-publish","4":"has-post-thumbnail","6":"product_cat-ilustracion","7":"product_tag-illustration-poster","8":"clearfix","10":"first","11":"instock","12":"shipping-taxable","13":"purchasable","14":"product-type-simple"},"yoast_head":"<!-- This site is optimized with the Yoast SEO plugin v27.5 - https:\/\/yoast.com\/product\/yoast-seo-wordpress\/ -->\n<title>L\u00e1mina Ramas. L\u00e1mina decorativa. Ilustraci\u00f3n. Palopal\u00fa<\/title>\n<meta name=\"description\" content=\"Lamina Ramas. Una ilustraci\u00f3n vegetal para decorar cualquier rinc\u00f3n especial de una forma original y consiguiendo un ambiente agradable.\" \/>\n<meta name=\"robots\" content=\"index, follow, max-snippet:-1, max-image-preview:large, max-video-preview:-1\" \/>\n<link rel=\"canonical\" href=\"https:\/\/palopalu.com\/en\/product\/ramas-poster\/\" \/>\n<meta property=\"og:locale\" content=\"en_GB\" \/>\n<meta property=\"og:type\" content=\"article\" \/>\n<meta property=\"og:title\" content=\"L\u00e1mina Ramas. L\u00e1mina decorativa. Ilustraci\u00f3n. Palopal\u00fa\" \/>\n<meta property=\"og:description\" content=\"Lamina Ramas. Una ilustraci\u00f3n vegetal para decorar cualquier rinc\u00f3n especial de una forma original y consiguiendo un ambiente agradable.\" \/>\n<meta property=\"og:url\" content=\"https:\/\/palopalu.com\/en\/product\/ramas-poster\/\" \/>\n<meta property=\"og:site_name\" content=\"Palopal\u00fa\" \/>\n<meta property=\"article:publisher\" content=\"https:\/\/www.facebook.com\/palopalupalopalu\" \/>\n<meta property=\"article:modified_time\" content=\"2025-10-15T10:21:00+00:00\" \/>\n<meta property=\"og:image\" content=\"https:\/\/palopalu.com\/wp-content\/uploads\/2022\/10\/palopalu_laminaramas2-scaled.jpg\" \/>\n\t<meta property=\"og:image:width\" content=\"2039\" \/>\n\t<meta property=\"og:image:height\" content=\"2560\" \/>\n\t<meta property=\"og:image:type\" content=\"image\/jpeg\" \/>\n<meta name=\"twitter:card\" content=\"summary_large_image\" \/>\n<meta name=\"twitter:label1\" content=\"Estimated reading time\" \/>\n\t<meta name=\"twitter:data1\" content=\"1 minute\" \/>\n<script type=\"application\/ld+json\" class=\"yoast-schema-graph\">{\"@context\":\"https:\\\/\\\/schema.org\",\"@graph\":[{\"@type\":\"WebPage\",\"@id\":\"https:\\\/\\\/palopalu.com\\\/producto\\\/ramas-poster\\\/\",\"url\":\"https:\\\/\\\/palopalu.com\\\/producto\\\/ramas-poster\\\/\",\"name\":\"L\u00e1mina Ramas. L\u00e1mina decorativa. Ilustraci\u00f3n. Palopal\u00fa\",\"isPartOf\":{\"@id\":\"https:\\\/\\\/palopalu.com\\\/#website\"},\"primaryImageOfPage\":{\"@id\":\"https:\\\/\\\/palopalu.com\\\/producto\\\/ramas-poster\\\/#primaryimage\"},\"image\":{\"@id\":\"https:\\\/\\\/palopalu.com\\\/producto\\\/ramas-poster\\\/#primaryimage\"},\"thumbnailUrl\":\"https:\\\/\\\/palopalu.com\\\/wp-content\\\/uploads\\\/2022\\\/10\\\/palopalu_laminaramas2-scaled.jpg\",\"datePublished\":\"2022-11-02T22:37:57+00:00\",\"dateModified\":\"2025-10-15T10:21:00+00:00\",\"description\":\"Lamina Ramas. Una ilustraci\u00f3n vegetal para decorar cualquier rinc\u00f3n especial de una forma original y consiguiendo un ambiente agradable.\",\"breadcrumb\":{\"@id\":\"https:\\\/\\\/palopalu.com\\\/producto\\\/ramas-poster\\\/#breadcrumb\"},\"inLanguage\":\"en-GB\",\"potentialAction\":[{\"@type\":\"ReadAction\",\"target\":[\"https:\\\/\\\/palopalu.com\\\/producto\\\/ramas-poster\\\/\"]}]},{\"@type\":\"ImageObject\",\"inLanguage\":\"en-GB\",\"@id\":\"https:\\\/\\\/palopalu.com\\\/producto\\\/ramas-poster\\\/#primaryimage\",\"url\":\"https:\\\/\\\/palopalu.com\\\/wp-content\\\/uploads\\\/2022\\\/10\\\/palopalu_laminaramas2-scaled.jpg\",\"contentUrl\":\"https:\\\/\\\/palopalu.com\\\/wp-content\\\/uploads\\\/2022\\\/10\\\/palopalu_laminaramas2-scaled.jpg\",\"width\":2039,\"height\":2560,\"caption\":\"dav\"},{\"@type\":\"BreadcrumbList\",\"@id\":\"https:\\\/\\\/palopalu.com\\\/producto\\\/ramas-poster\\\/#breadcrumb\",\"itemListElement\":[{\"@type\":\"ListItem\",\"position\":1,\"name\":\"Portada\",\"item\":\"https:\\\/\\\/palopalu.com\\\/\"},{\"@type\":\"ListItem\",\"position\":2,\"name\":\"Tienda\",\"item\":\"https:\\\/\\\/palopalu.com\\\/tienda\\\/\"},{\"@type\":\"ListItem\",\"position\":3,\"name\":\"Ramas poster\"}]},{\"@type\":\"WebSite\",\"@id\":\"https:\\\/\\\/palopalu.com\\\/#website\",\"url\":\"https:\\\/\\\/palopalu.com\\\/\",\"name\":\"Palopal\u00fa\",\"description\":\"Juguetes, decoraci\u00f3n y objetos personalizados en madera\",\"publisher\":{\"@id\":\"https:\\\/\\\/palopalu.com\\\/#organization\"},\"potentialAction\":[{\"@type\":\"SearchAction\",\"target\":{\"@type\":\"EntryPoint\",\"urlTemplate\":\"https:\\\/\\\/palopalu.com\\\/?s={search_term_string}\"},\"query-input\":{\"@type\":\"PropertyValueSpecification\",\"valueRequired\":true,\"valueName\":\"search_term_string\"}}],\"inLanguage\":\"en-GB\"},{\"@type\":\"Organization\",\"@id\":\"https:\\\/\\\/palopalu.com\\\/#organization\",\"name\":\"Palopal\u00fa\",\"url\":\"https:\\\/\\\/palopalu.com\\\/\",\"logo\":{\"@type\":\"ImageObject\",\"inLanguage\":\"en-GB\",\"@id\":\"https:\\\/\\\/palopalu.com\\\/#\\\/schema\\\/logo\\\/image\\\/\",\"url\":\"https:\\\/\\\/palopalu.com\\\/wp-content\\\/uploads\\\/2019\\\/02\\\/logo-palopalu.png\",\"contentUrl\":\"https:\\\/\\\/palopalu.com\\\/wp-content\\\/uploads\\\/2019\\\/02\\\/logo-palopalu.png\",\"width\":125,\"height\":30,\"caption\":\"Palopal\u00fa\"},\"image\":{\"@id\":\"https:\\\/\\\/palopalu.com\\\/#\\\/schema\\\/logo\\\/image\\\/\"},\"sameAs\":[\"https:\\\/\\\/www.facebook.com\\\/palopalupalopalu\",\"https:\\\/\\\/www.instagram.com\\\/palopalu\"]}]}<\/script>\n<!-- \/ Yoast SEO plugin. -->","yoast_head_json":{"title":"L\u00e1mina Ramas. L\u00e1mina decorativa. Ilustraci\u00f3n. Palopal\u00fa","description":"Lamina Ramas. Una ilustraci\u00f3n vegetal para decorar cualquier rinc\u00f3n especial de una forma original y consiguiendo un ambiente agradable.","robots":{"index":"index","follow":"follow","max-snippet":"max-snippet:-1","max-image-preview":"max-image-preview:large","max-video-preview":"max-video-preview:-1"},"canonical":"https:\/\/palopalu.com\/en\/product\/ramas-poster\/","og_locale":"en_GB","og_type":"article","og_title":"L\u00e1mina Ramas. L\u00e1mina decorativa. Ilustraci\u00f3n. Palopal\u00fa","og_description":"Lamina Ramas. Una ilustraci\u00f3n vegetal para decorar cualquier rinc\u00f3n especial de una forma original y consiguiendo un ambiente agradable.","og_url":"https:\/\/palopalu.com\/en\/product\/ramas-poster\/","og_site_name":"Palopal\u00fa","article_publisher":"https:\/\/www.facebook.com\/palopalupalopalu","article_modified_time":"2025-10-15T10:21:00+00:00","og_image":[{"width":2039,"height":2560,"url":"https:\/\/palopalu.com\/wp-content\/uploads\/2022\/10\/palopalu_laminaramas2-scaled.jpg","type":"image\/jpeg"}],"twitter_card":"summary_large_image","twitter_misc":{"Estimated reading time":"1 minute"},"schema":{"@context":"https:\/\/schema.org","@graph":[{"@type":"WebPage","@id":"https:\/\/palopalu.com\/producto\/ramas-poster\/","url":"https:\/\/palopalu.com\/producto\/ramas-poster\/","name":"L\u00e1mina Ramas. L\u00e1mina decorativa. Ilustraci\u00f3n. Palopal\u00fa","isPartOf":{"@id":"https:\/\/palopalu.com\/#website"},"primaryImageOfPage":{"@id":"https:\/\/palopalu.com\/producto\/ramas-poster\/#primaryimage"},"image":{"@id":"https:\/\/palopalu.com\/producto\/ramas-poster\/#primaryimage"},"thumbnailUrl":"https:\/\/palopalu.com\/wp-content\/uploads\/2022\/10\/palopalu_laminaramas2-scaled.jpg","datePublished":"2022-11-02T22:37:57+00:00","dateModified":"2025-10-15T10:21:00+00:00","description":"Lamina Ramas. Una ilustraci\u00f3n vegetal para decorar cualquier rinc\u00f3n especial de una forma original y consiguiendo un ambiente agradable.","breadcrumb":{"@id":"https:\/\/palopalu.com\/producto\/ramas-poster\/#breadcrumb"},"inLanguage":"en-GB","potentialAction":[{"@type":"ReadAction","target":["https:\/\/palopalu.com\/producto\/ramas-poster\/"]}]},{"@type":"ImageObject","inLanguage":"en-GB","@id":"https:\/\/palopalu.com\/producto\/ramas-poster\/#primaryimage","url":"https:\/\/palopalu.com\/wp-content\/uploads\/2022\/10\/palopalu_laminaramas2-scaled.jpg","contentUrl":"https:\/\/palopalu.com\/wp-content\/uploads\/2022\/10\/palopalu_laminaramas2-scaled.jpg","width":2039,"height":2560,"caption":"dav"},{"@type":"BreadcrumbList","@id":"https:\/\/palopalu.com\/producto\/ramas-poster\/#breadcrumb","itemListElement":[{"@type":"ListItem","position":1,"name":"Portada","item":"https:\/\/palopalu.com\/"},{"@type":"ListItem","position":2,"name":"Tienda","item":"https:\/\/palopalu.com\/tienda\/"},{"@type":"ListItem","position":3,"name":"Ramas poster"}]},{"@type":"WebSite","@id":"https:\/\/palopalu.com\/#website","url":"https:\/\/palopalu.com\/","name":"Palopal\u00fa","description":"Juguetes, decoraci\u00f3n y objetos personalizados en madera","publisher":{"@id":"https:\/\/palopalu.com\/#organization"},"potentialAction":[{"@type":"SearchAction","target":{"@type":"EntryPoint","urlTemplate":"https:\/\/palopalu.com\/?s={search_term_string}"},"query-input":{"@type":"PropertyValueSpecification","valueRequired":true,"valueName":"search_term_string"}}],"inLanguage":"en-GB"},{"@type":"Organization","@id":"https:\/\/palopalu.com\/#organization","name":"Palopal\u00fa","url":"https:\/\/palopalu.com\/","logo":{"@type":"ImageObject","inLanguage":"en-GB","@id":"https:\/\/palopalu.com\/#\/schema\/logo\/image\/","url":"https:\/\/palopalu.com\/wp-content\/uploads\/2019\/02\/logo-palopalu.png","contentUrl":"https:\/\/palopalu.com\/wp-content\/uploads\/2019\/02\/logo-palopalu.png","width":125,"height":30,"caption":"Palopal\u00fa"},"image":{"@id":"https:\/\/palopalu.com\/#\/schema\/logo\/image\/"},"sameAs":["https:\/\/www.facebook.com\/palopalupalopalu","https:\/\/www.instagram.com\/palopalu"]}]}},"_links":{"self":[{"href":"https:\/\/palopalu.com\/en\/wp-json\/wp\/v2\/product\/5243","targetHints":{"allow":["GET"]}}],"collection":[{"href":"https:\/\/palopalu.com\/en\/wp-json\/wp\/v2\/product"}],"about":[{"href":"https:\/\/palopalu.com\/en\/wp-json\/wp\/v2\/types\/product"}],"wp:featuredmedia":[{"embeddable":true,"href":"https:\/\/palopalu.com\/en\/wp-json\/wp\/v2\/media\/5150"}],"wp:attachment":[{"href":"https:\/\/palopalu.com\/en\/wp-json\/wp\/v2\/media?parent=5243"}],"wp:term":[{"taxonomy":"product_brand","embeddable":true,"href":"https:\/\/palopalu.com\/en\/wp-json\/wp\/v2\/product_brand?post=5243"},{"taxonomy":"product_cat","embeddable":true,"href":"https:\/\/palopalu.com\/en\/wp-json\/wp\/v2\/product_cat?post=5243"},{"taxonomy":"product_tag","embeddable":true,"href":"https:\/\/palopalu.com\/en\/wp-json\/wp\/v2\/product_tag?post=5243"}],"curies":[{"name":"wp","href":"https:\/\/api.w.org\/{rel}","templated":true}]}}