{"id":5349,"date":"2023-04-24T18:24:01","date_gmt":"2023-04-24T17:24:01","guid":{"rendered":"https:\/\/palopalu.com\/?post_type=product&#038;p=5349"},"modified":"2026-03-02T19:44:08","modified_gmt":"2026-03-02T18:44:08","slug":"doudou-jirafa-para-bebe","status":"publish","type":"product","link":"https:\/\/palopalu.com\/en\/product\/doudou-jirafa-para-bebe\/","title":{"rendered":"Doudou Giraffe"},"content":{"rendered":"<p class=\"_aacl _aaco _aacu _aacx _aad7 _aade\">El Doudou Jirafa ser\u00e1 el primer compa\u00f1ero inseparable de tu beb\u00e9. Perfecto para que sea agarrado por las peque\u00f1as manitas de tu beb\u00e9 y perfecto para acompa\u00f1arle y ayudarle a dormir, aport\u00e1ndole seguridad y relajaci\u00f3n.<\/p>\n<p class=\"vb-text-medium\">A simple vista puede parecerte un peluche sencillo, pero para los beb\u00e9s puede ser muy importante ya que el Doudou Jirafa es una gran ayuda para conciliar el sue\u00f1o. La funci\u00f3n del Doudou es la de calmar al beb\u00e9 cuando no est\u00e1 con sus padres, especialmente a la hora de dormir o en la siesta. Por eso lo agarran, lo acarician e incluso lo chupan. Tambi\u00e9n ser\u00e1 muy \u00fatil en situaciones de estr\u00e9s, tales como cambios de espacio o durante el destete, convirti\u00e9ndose en ese amigo inseparable que le aporta un tacto y olor familiar.<\/p>\n<p class=\"vb-text-medium\">Hecho a mano de tela de muselina y cuadros vichy, muy suave y agradable. La carita de la jirafa est\u00e1 bordada y las patitas son f\u00e1ciles de agarrar, sobretodo para chupar cuando les est\u00e1n saliendo los primeros dientes.<\/p>\n<p>Apto desde el nacimiento aunque se recomienda su uso a partir de los 4-6 meses. Si vas a d\u00e1rselo antes de los 4 meses, que sea bajo supervisi\u00f3n.<\/p>\n<p>Perfecto para combinar con nuestros <a href=\"https:\/\/palopalu.com\/en\/product\/agarrador-conejo\/\">agarradores, echales un vistazo.<\/a><\/p>","protected":false},"excerpt":{"rendered":"<p>El Doudou Jirafa ser\u00e1 el primer compa\u00f1ero inseparable de tu beb\u00e9. Es f\u00e1cil de agarrar y perfecto para acompa\u00f1arles a la hora de dormir, aport\u00e1ndoles seguridad y relajaci\u00f3n.<\/p>\n<p>Apto a partir de 4 meses.<\/p>\n<p>Hecho con tela de muselina de algod\u00f3n y cuadros vichy super suave y agradable. La carita de la jiraja est\u00e1 bordada.<\/p>\n<p>Hecho a mano uno a uno.<\/p>\n<p>Disponible en verde, rosa y azul.<\/p>\n<p>&nbsp;<\/p>\n<p>Dimensiones: 40 x 30 cm<\/p>","protected":false},"featured_media":5621,"template":"","meta":[],"product_brand":[],"product_cat":[90,97,651,80,83],"product_tag":[653],"class_list":{"0":"post-5349","1":"product","2":"type-product","3":"status-publish","4":"has-post-thumbnail","6":"product_cat-de-0-a-1-ano","7":"product_cat-de-1-a-3-anos","8":"product_cat-doudou","9":"product_cat-juguetes","10":"product_cat-por-edad","11":"product_tag-doudou","12":"clearfix","14":"first","15":"instock","16":"shipping-taxable","17":"purchasable","18":"product-type-variable"},"yoast_head":"<!-- This site is optimized with the Yoast SEO plugin v27.5 - https:\/\/yoast.com\/product\/yoast-seo-wordpress\/ -->\n<title>Doudou jirafa de Palopal\u00fa &#8226; Palopal\u00fa<\/title>\n<meta name=\"description\" content=\"Doudou Jirafa para bebe hecho con tela de muselina y cuadros vichy, muy suave y agradable. Hecho a mano de forma artesanal\" \/>\n<meta name=\"robots\" content=\"index, follow, max-snippet:-1, max-image-preview:large, max-video-preview:-1\" \/>\n<link rel=\"canonical\" href=\"https:\/\/palopalu.com\/en\/product\/doudou-jirafa-para-bebe\/\" \/>\n<meta property=\"og:locale\" content=\"en_GB\" \/>\n<meta property=\"og:type\" content=\"article\" \/>\n<meta property=\"og:title\" content=\"Doudou jirafa de Palopal\u00fa &#8226; Palopal\u00fa\" \/>\n<meta property=\"og:description\" content=\"Doudou Jirafa para bebe hecho con tela de muselina y cuadros vichy, muy suave y agradable. Hecho a mano de forma artesanal\" \/>\n<meta property=\"og:url\" content=\"https:\/\/palopalu.com\/en\/product\/doudou-jirafa-para-bebe\/\" \/>\n<meta property=\"og:site_name\" content=\"Palopal\u00fa\" \/>\n<meta property=\"article:publisher\" content=\"https:\/\/www.facebook.com\/palopalupalopalu\" \/>\n<meta property=\"article:modified_time\" content=\"2026-03-02T18:44:08+00:00\" \/>\n<meta property=\"og:image\" content=\"https:\/\/palopalu.com\/wp-content\/uploads\/2024\/04\/doudouflorescaldera.jpg\" \/>\n\t<meta property=\"og:image:width\" content=\"900\" \/>\n\t<meta property=\"og:image:height\" content=\"1200\" \/>\n\t<meta property=\"og:image:type\" content=\"image\/jpeg\" \/>\n<meta name=\"twitter:card\" content=\"summary_large_image\" \/>\n<meta name=\"twitter:label1\" content=\"Estimated reading time\" \/>\n\t<meta name=\"twitter:data1\" content=\"2 minutes\" \/>\n<script type=\"application\/ld+json\" class=\"yoast-schema-graph\">{\"@context\":\"https:\\\/\\\/schema.org\",\"@graph\":[{\"@type\":\"WebPage\",\"@id\":\"https:\\\/\\\/palopalu.com\\\/producto\\\/doudou-jirafa-para-bebe\\\/\",\"url\":\"https:\\\/\\\/palopalu.com\\\/producto\\\/doudou-jirafa-para-bebe\\\/\",\"name\":\"Doudou jirafa de Palopal\u00fa &#8226; Palopal\u00fa\",\"isPartOf\":{\"@id\":\"https:\\\/\\\/palopalu.com\\\/#website\"},\"primaryImageOfPage\":{\"@id\":\"https:\\\/\\\/palopalu.com\\\/producto\\\/doudou-jirafa-para-bebe\\\/#primaryimage\"},\"image\":{\"@id\":\"https:\\\/\\\/palopalu.com\\\/producto\\\/doudou-jirafa-para-bebe\\\/#primaryimage\"},\"thumbnailUrl\":\"https:\\\/\\\/palopalu.com\\\/wp-content\\\/uploads\\\/2024\\\/04\\\/doudouflorescaldera.jpg\",\"datePublished\":\"2023-04-24T17:24:01+00:00\",\"dateModified\":\"2026-03-02T18:44:08+00:00\",\"description\":\"Doudou Jirafa para bebe hecho con tela de muselina y cuadros vichy, muy suave y agradable. Hecho a mano de forma artesanal\",\"breadcrumb\":{\"@id\":\"https:\\\/\\\/palopalu.com\\\/producto\\\/doudou-jirafa-para-bebe\\\/#breadcrumb\"},\"inLanguage\":\"en-GB\",\"potentialAction\":[{\"@type\":\"ReadAction\",\"target\":[\"https:\\\/\\\/palopalu.com\\\/producto\\\/doudou-jirafa-para-bebe\\\/\"]}]},{\"@type\":\"ImageObject\",\"inLanguage\":\"en-GB\",\"@id\":\"https:\\\/\\\/palopalu.com\\\/producto\\\/doudou-jirafa-para-bebe\\\/#primaryimage\",\"url\":\"https:\\\/\\\/palopalu.com\\\/wp-content\\\/uploads\\\/2024\\\/04\\\/doudouflorescaldera.jpg\",\"contentUrl\":\"https:\\\/\\\/palopalu.com\\\/wp-content\\\/uploads\\\/2024\\\/04\\\/doudouflorescaldera.jpg\",\"width\":900,\"height\":1200,\"caption\":\"doudou flores palopalu\"},{\"@type\":\"BreadcrumbList\",\"@id\":\"https:\\\/\\\/palopalu.com\\\/producto\\\/doudou-jirafa-para-bebe\\\/#breadcrumb\",\"itemListElement\":[{\"@type\":\"ListItem\",\"position\":1,\"name\":\"Portada\",\"item\":\"https:\\\/\\\/palopalu.com\\\/\"},{\"@type\":\"ListItem\",\"position\":2,\"name\":\"Tienda\",\"item\":\"https:\\\/\\\/palopalu.com\\\/tienda\\\/\"},{\"@type\":\"ListItem\",\"position\":3,\"name\":\"Doudou Jirafa\"}]},{\"@type\":\"WebSite\",\"@id\":\"https:\\\/\\\/palopalu.com\\\/#website\",\"url\":\"https:\\\/\\\/palopalu.com\\\/\",\"name\":\"Palopal\u00fa\",\"description\":\"Juguetes, decoraci\u00f3n y objetos personalizados en madera\",\"publisher\":{\"@id\":\"https:\\\/\\\/palopalu.com\\\/#organization\"},\"potentialAction\":[{\"@type\":\"SearchAction\",\"target\":{\"@type\":\"EntryPoint\",\"urlTemplate\":\"https:\\\/\\\/palopalu.com\\\/?s={search_term_string}\"},\"query-input\":{\"@type\":\"PropertyValueSpecification\",\"valueRequired\":true,\"valueName\":\"search_term_string\"}}],\"inLanguage\":\"en-GB\"},{\"@type\":\"Organization\",\"@id\":\"https:\\\/\\\/palopalu.com\\\/#organization\",\"name\":\"Palopal\u00fa\",\"url\":\"https:\\\/\\\/palopalu.com\\\/\",\"logo\":{\"@type\":\"ImageObject\",\"inLanguage\":\"en-GB\",\"@id\":\"https:\\\/\\\/palopalu.com\\\/#\\\/schema\\\/logo\\\/image\\\/\",\"url\":\"https:\\\/\\\/palopalu.com\\\/wp-content\\\/uploads\\\/2019\\\/02\\\/logo-palopalu.png\",\"contentUrl\":\"https:\\\/\\\/palopalu.com\\\/wp-content\\\/uploads\\\/2019\\\/02\\\/logo-palopalu.png\",\"width\":125,\"height\":30,\"caption\":\"Palopal\u00fa\"},\"image\":{\"@id\":\"https:\\\/\\\/palopalu.com\\\/#\\\/schema\\\/logo\\\/image\\\/\"},\"sameAs\":[\"https:\\\/\\\/www.facebook.com\\\/palopalupalopalu\",\"https:\\\/\\\/www.instagram.com\\\/palopalu\"]}]}<\/script>\n<!-- \/ Yoast SEO plugin. -->","yoast_head_json":{"title":"Doudou jirafa de Palopal\u00fa &#8226; Palopal\u00fa","description":"Doudou Jirafa para bebe hecho con tela de muselina y cuadros vichy, muy suave y agradable. Hecho a mano de forma artesanal","robots":{"index":"index","follow":"follow","max-snippet":"max-snippet:-1","max-image-preview":"max-image-preview:large","max-video-preview":"max-video-preview:-1"},"canonical":"https:\/\/palopalu.com\/en\/product\/doudou-jirafa-para-bebe\/","og_locale":"en_GB","og_type":"article","og_title":"Doudou jirafa de Palopal\u00fa &#8226; Palopal\u00fa","og_description":"Doudou Jirafa para bebe hecho con tela de muselina y cuadros vichy, muy suave y agradable. Hecho a mano de forma artesanal","og_url":"https:\/\/palopalu.com\/en\/product\/doudou-jirafa-para-bebe\/","og_site_name":"Palopal\u00fa","article_publisher":"https:\/\/www.facebook.com\/palopalupalopalu","article_modified_time":"2026-03-02T18:44:08+00:00","og_image":[{"width":900,"height":1200,"url":"https:\/\/palopalu.com\/wp-content\/uploads\/2024\/04\/doudouflorescaldera.jpg","type":"image\/jpeg"}],"twitter_card":"summary_large_image","twitter_misc":{"Estimated reading time":"2 minutes"},"schema":{"@context":"https:\/\/schema.org","@graph":[{"@type":"WebPage","@id":"https:\/\/palopalu.com\/producto\/doudou-jirafa-para-bebe\/","url":"https:\/\/palopalu.com\/producto\/doudou-jirafa-para-bebe\/","name":"Doudou jirafa de Palopal\u00fa &#8226; Palopal\u00fa","isPartOf":{"@id":"https:\/\/palopalu.com\/#website"},"primaryImageOfPage":{"@id":"https:\/\/palopalu.com\/producto\/doudou-jirafa-para-bebe\/#primaryimage"},"image":{"@id":"https:\/\/palopalu.com\/producto\/doudou-jirafa-para-bebe\/#primaryimage"},"thumbnailUrl":"https:\/\/palopalu.com\/wp-content\/uploads\/2024\/04\/doudouflorescaldera.jpg","datePublished":"2023-04-24T17:24:01+00:00","dateModified":"2026-03-02T18:44:08+00:00","description":"Doudou Jirafa para bebe hecho con tela de muselina y cuadros vichy, muy suave y agradable. Hecho a mano de forma artesanal","breadcrumb":{"@id":"https:\/\/palopalu.com\/producto\/doudou-jirafa-para-bebe\/#breadcrumb"},"inLanguage":"en-GB","potentialAction":[{"@type":"ReadAction","target":["https:\/\/palopalu.com\/producto\/doudou-jirafa-para-bebe\/"]}]},{"@type":"ImageObject","inLanguage":"en-GB","@id":"https:\/\/palopalu.com\/producto\/doudou-jirafa-para-bebe\/#primaryimage","url":"https:\/\/palopalu.com\/wp-content\/uploads\/2024\/04\/doudouflorescaldera.jpg","contentUrl":"https:\/\/palopalu.com\/wp-content\/uploads\/2024\/04\/doudouflorescaldera.jpg","width":900,"height":1200,"caption":"doudou flores palopalu"},{"@type":"BreadcrumbList","@id":"https:\/\/palopalu.com\/producto\/doudou-jirafa-para-bebe\/#breadcrumb","itemListElement":[{"@type":"ListItem","position":1,"name":"Portada","item":"https:\/\/palopalu.com\/"},{"@type":"ListItem","position":2,"name":"Tienda","item":"https:\/\/palopalu.com\/tienda\/"},{"@type":"ListItem","position":3,"name":"Doudou Jirafa"}]},{"@type":"WebSite","@id":"https:\/\/palopalu.com\/#website","url":"https:\/\/palopalu.com\/","name":"Palopal\u00fa","description":"Juguetes, decoraci\u00f3n y objetos personalizados en madera","publisher":{"@id":"https:\/\/palopalu.com\/#organization"},"potentialAction":[{"@type":"SearchAction","target":{"@type":"EntryPoint","urlTemplate":"https:\/\/palopalu.com\/?s={search_term_string}"},"query-input":{"@type":"PropertyValueSpecification","valueRequired":true,"valueName":"search_term_string"}}],"inLanguage":"en-GB"},{"@type":"Organization","@id":"https:\/\/palopalu.com\/#organization","name":"Palopal\u00fa","url":"https:\/\/palopalu.com\/","logo":{"@type":"ImageObject","inLanguage":"en-GB","@id":"https:\/\/palopalu.com\/#\/schema\/logo\/image\/","url":"https:\/\/palopalu.com\/wp-content\/uploads\/2019\/02\/logo-palopalu.png","contentUrl":"https:\/\/palopalu.com\/wp-content\/uploads\/2019\/02\/logo-palopalu.png","width":125,"height":30,"caption":"Palopal\u00fa"},"image":{"@id":"https:\/\/palopalu.com\/#\/schema\/logo\/image\/"},"sameAs":["https:\/\/www.facebook.com\/palopalupalopalu","https:\/\/www.instagram.com\/palopalu"]}]}},"_links":{"self":[{"href":"https:\/\/palopalu.com\/en\/wp-json\/wp\/v2\/product\/5349","targetHints":{"allow":["GET"]}}],"collection":[{"href":"https:\/\/palopalu.com\/en\/wp-json\/wp\/v2\/product"}],"about":[{"href":"https:\/\/palopalu.com\/en\/wp-json\/wp\/v2\/types\/product"}],"wp:featuredmedia":[{"embeddable":true,"href":"https:\/\/palopalu.com\/en\/wp-json\/wp\/v2\/media\/5621"}],"wp:attachment":[{"href":"https:\/\/palopalu.com\/en\/wp-json\/wp\/v2\/media?parent=5349"}],"wp:term":[{"taxonomy":"product_brand","embeddable":true,"href":"https:\/\/palopalu.com\/en\/wp-json\/wp\/v2\/product_brand?post=5349"},{"taxonomy":"product_cat","embeddable":true,"href":"https:\/\/palopalu.com\/en\/wp-json\/wp\/v2\/product_cat?post=5349"},{"taxonomy":"product_tag","embeddable":true,"href":"https:\/\/palopalu.com\/en\/wp-json\/wp\/v2\/product_tag?post=5349"}],"curies":[{"name":"wp","href":"https:\/\/api.w.org\/{rel}","templated":true}]}}