{"id":5381,"date":"2023-09-08T10:31:53","date_gmt":"2023-09-08T09:31:53","guid":{"rendered":"https:\/\/palopalu.com\/?post_type=product&#038;p=5381"},"modified":"2026-04-11T16:18:21","modified_gmt":"2026-04-11T15:18:21","slug":"memory-animal","status":"publish","type":"product","link":"https:\/\/palopalu.com\/en\/product\/memory-animal\/","title":{"rendered":"Memory Animal"},"content":{"rendered":"<p>Memory Animal en madera compuesto por 24 piezas con 12 parejas de animales.<\/p>\n<p>El Memory es un juego para 2 jugadores. Estando las fichas boca abajo, los jugadores las levantan de 2 en 2 buscando encontrar parejas. El jugador que consiga hacer m\u00e1s parejas es el vencedor.<\/p>\n<p>Lo primero que debes hacer, tras sacar las fichas de la caja, es ponerlas con los dibujos hac\u00eda abajo sobre una superficie plana. Aseg\u00farate de mezclarlas de forma que nadie sepa cu\u00e1l es cu\u00e1l. Una vez mezcladas, decidid qui\u00e9n es el jugador inicial. Normalmente el jugador inicial es el m\u00e1s joven de los dos que est\u00e9n jugando, pero pod\u00e9is echarlo a suertes.Cada jugador, empezando por el jugador inicial, dar\u00e1 vuelta a 2 fichas, si consigue descubrir una pareja de animales iguales podr\u00e1 guardarlos para si como puntos. Sigue jugando hasta que no descubras una pareja. Si los s\u00edmbolos que volteas son diferentes, vuelve a colocarlas boca abajo y le toca el siguiente jugador. El siguiente jugador repite el mismo proceso: girar 2 fichas, si son iguales se las queda como puntos y sigue jugando, sino, le toca al otro jugador.<\/p>\n<p>El jugador que acumule m\u00e1s parejas una vez no quedan fichas por girar, es el ganador.<br \/>\nEn la versi\u00f3n para 4 jugadores se forman 2 grupos de 2 jugadores cada uno. Cada jugador da la vuelta a 1 ficha, siendo su pareja el jugador que elige y voltea la otra ficha. El resto del juego es igual que la versi\u00f3n para dos jugadores.<\/p>\n<p>Recomendado a partir de 3 a\u00f1os.Desde el primer a\u00f1o pueden empezar a manipularlo.<\/p>\n<p>Al principio, puede que el ni\u00f1o no siga las reglas del juego. Pero \u00e9l mismo, mediante el juego libre, comienza a crear diferentes din\u00e1micas desde organizar las fichas, apilar, formar series buscando una l\u00f3gica, empezar a identificar las figuras, ampliar su vocabulario&#8230; Y poco a poco comenzaremos a introducir el mecanismo del juego Memory Animal.<\/p>\n<p>Las piezas, realizadas en madera sin barnizar, estimular\u00e1n el tacto del ni\u00f1o y su simplicidad ayudar\u00e1 a estimular su creatividad natural. Jugar al Memory favorece procesos cognitivos b\u00e1sicos como la percepci\u00f3n, la atenci\u00f3n y la memoria. Ayuda a que los ni\u00f1os se centren en una actividad y a concentrarse en lo que est\u00e1n haciendo. Fomenta el desarrollo del lenguaje oral, y da lugar a utilizar vocabulario nuevo en relaci\u00f3n al conjunto de im\u00e1genes que utilizamos en el Memory. Favorece el aprendizaje de las reglas y normas que deben seguirse para jugar correctamente. Refuerza la aceptaci\u00f3n de la frustraci\u00f3n cuando los ni\u00f1os pierden.<\/p>\n<p>Echa un vistazo al <a href=\"https:\/\/palopalu.com\/en\/product\/memory-vegetal-madera\/\">Memory Vegetal<\/a>, otro juguete de la l\u00ednea Memory.<\/p>","protected":false},"excerpt":{"rendered":"<p>Memory Animal en madera compuesto por 24 piezas con 12 parejas de animales.<\/p>\n<p>Piezas de 6cm x 6cm<br \/>\nCaja de 15,5cm x 7cm x 6,5 cm. F\u00e1cil de llevar a todas partes.<\/p>\n<p>Recomendado a partir de 3 a\u00f1os.<\/p>","protected":false},"featured_media":5386,"template":"","meta":[],"product_brand":[],"product_cat":[97,102,105,80,123],"product_tag":[663,156],"class_list":{"0":"post-5381","1":"product","2":"type-product","3":"status-publish","4":"has-post-thumbnail","6":"product_cat-de-1-a-3-anos","7":"product_cat-de-3-a-5-anos","8":"product_cat-de-5-a-8-anos","9":"product_cat-juguetes","10":"product_cat-memory","11":"product_tag-animales","12":"product_tag-memory","13":"clearfix","15":"first","16":"instock","17":"shipping-taxable","18":"purchasable","19":"product-type-simple"},"yoast_head":"<!-- This site is optimized with the Yoast SEO plugin v27.5 - https:\/\/yoast.com\/product\/yoast-seo-wordpress\/ -->\n<title>Memory Animal &#8226; Palopal\u00fa<\/title>\n<meta name=\"description\" content=\"Memory Animal en madera, 12 fichas con diferentes y preciosas ilustraciones de animales de tierra y mar. Aprende jugando. Dise\u00f1o original. Memory Animales\" \/>\n<meta name=\"robots\" content=\"index, follow, max-snippet:-1, max-image-preview:large, max-video-preview:-1\" \/>\n<link rel=\"canonical\" href=\"https:\/\/palopalu.com\/en\/product\/memory-animal\/\" \/>\n<meta property=\"og:locale\" content=\"en_GB\" \/>\n<meta property=\"og:type\" content=\"article\" \/>\n<meta property=\"og:title\" content=\"Memory Animal &#8226; Palopal\u00fa\" \/>\n<meta property=\"og:description\" content=\"Memory Animal en madera, 12 fichas con diferentes y preciosas ilustraciones de animales de tierra y mar. Aprende jugando. Dise\u00f1o original. Memory Animales\" \/>\n<meta property=\"og:url\" content=\"https:\/\/palopalu.com\/en\/product\/memory-animal\/\" \/>\n<meta property=\"og:site_name\" content=\"Palopal\u00fa\" \/>\n<meta property=\"article:publisher\" content=\"https:\/\/www.facebook.com\/palopalupalopalu\" \/>\n<meta property=\"article:modified_time\" content=\"2026-04-11T15:18:21+00:00\" \/>\n<meta property=\"og:image\" content=\"https:\/\/palopalu.com\/wp-content\/uploads\/2023\/09\/palopalu_memoryanimales1.jpg\" \/>\n\t<meta property=\"og:image:width\" content=\"900\" \/>\n\t<meta property=\"og:image:height\" content=\"1200\" \/>\n\t<meta property=\"og:image:type\" content=\"image\/jpeg\" \/>\n<meta name=\"twitter:card\" content=\"summary_large_image\" \/>\n<meta name=\"twitter:label1\" content=\"Estimated reading time\" \/>\n\t<meta name=\"twitter:data1\" content=\"2 minutes\" \/>\n<script type=\"application\/ld+json\" class=\"yoast-schema-graph\">{\"@context\":\"https:\\\/\\\/schema.org\",\"@graph\":[{\"@type\":\"WebPage\",\"@id\":\"https:\\\/\\\/palopalu.com\\\/producto\\\/memory-animal\\\/\",\"url\":\"https:\\\/\\\/palopalu.com\\\/producto\\\/memory-animal\\\/\",\"name\":\"Memory Animal &#8226; Palopal\u00fa\",\"isPartOf\":{\"@id\":\"https:\\\/\\\/palopalu.com\\\/#website\"},\"primaryImageOfPage\":{\"@id\":\"https:\\\/\\\/palopalu.com\\\/producto\\\/memory-animal\\\/#primaryimage\"},\"image\":{\"@id\":\"https:\\\/\\\/palopalu.com\\\/producto\\\/memory-animal\\\/#primaryimage\"},\"thumbnailUrl\":\"https:\\\/\\\/palopalu.com\\\/wp-content\\\/uploads\\\/2023\\\/09\\\/palopalu_memoryanimales1.jpg\",\"datePublished\":\"2023-09-08T09:31:53+00:00\",\"dateModified\":\"2026-04-11T15:18:21+00:00\",\"description\":\"Memory Animal en madera, 12 fichas con diferentes y preciosas ilustraciones de animales de tierra y mar. Aprende jugando. Dise\u00f1o original. Memory Animales\",\"breadcrumb\":{\"@id\":\"https:\\\/\\\/palopalu.com\\\/producto\\\/memory-animal\\\/#breadcrumb\"},\"inLanguage\":\"en-GB\",\"potentialAction\":[{\"@type\":\"ReadAction\",\"target\":[\"https:\\\/\\\/palopalu.com\\\/producto\\\/memory-animal\\\/\"]}]},{\"@type\":\"ImageObject\",\"inLanguage\":\"en-GB\",\"@id\":\"https:\\\/\\\/palopalu.com\\\/producto\\\/memory-animal\\\/#primaryimage\",\"url\":\"https:\\\/\\\/palopalu.com\\\/wp-content\\\/uploads\\\/2023\\\/09\\\/palopalu_memoryanimales1.jpg\",\"contentUrl\":\"https:\\\/\\\/palopalu.com\\\/wp-content\\\/uploads\\\/2023\\\/09\\\/palopalu_memoryanimales1.jpg\",\"width\":900,\"height\":1200},{\"@type\":\"BreadcrumbList\",\"@id\":\"https:\\\/\\\/palopalu.com\\\/producto\\\/memory-animal\\\/#breadcrumb\",\"itemListElement\":[{\"@type\":\"ListItem\",\"position\":1,\"name\":\"Portada\",\"item\":\"https:\\\/\\\/palopalu.com\\\/\"},{\"@type\":\"ListItem\",\"position\":2,\"name\":\"Tienda\",\"item\":\"https:\\\/\\\/palopalu.com\\\/tienda\\\/\"},{\"@type\":\"ListItem\",\"position\":3,\"name\":\"Memory Animal\"}]},{\"@type\":\"WebSite\",\"@id\":\"https:\\\/\\\/palopalu.com\\\/#website\",\"url\":\"https:\\\/\\\/palopalu.com\\\/\",\"name\":\"Palopal\u00fa\",\"description\":\"Juguetes, decoraci\u00f3n y objetos personalizados en madera\",\"publisher\":{\"@id\":\"https:\\\/\\\/palopalu.com\\\/#organization\"},\"potentialAction\":[{\"@type\":\"SearchAction\",\"target\":{\"@type\":\"EntryPoint\",\"urlTemplate\":\"https:\\\/\\\/palopalu.com\\\/?s={search_term_string}\"},\"query-input\":{\"@type\":\"PropertyValueSpecification\",\"valueRequired\":true,\"valueName\":\"search_term_string\"}}],\"inLanguage\":\"en-GB\"},{\"@type\":\"Organization\",\"@id\":\"https:\\\/\\\/palopalu.com\\\/#organization\",\"name\":\"Palopal\u00fa\",\"url\":\"https:\\\/\\\/palopalu.com\\\/\",\"logo\":{\"@type\":\"ImageObject\",\"inLanguage\":\"en-GB\",\"@id\":\"https:\\\/\\\/palopalu.com\\\/#\\\/schema\\\/logo\\\/image\\\/\",\"url\":\"https:\\\/\\\/palopalu.com\\\/wp-content\\\/uploads\\\/2019\\\/02\\\/logo-palopalu.png\",\"contentUrl\":\"https:\\\/\\\/palopalu.com\\\/wp-content\\\/uploads\\\/2019\\\/02\\\/logo-palopalu.png\",\"width\":125,\"height\":30,\"caption\":\"Palopal\u00fa\"},\"image\":{\"@id\":\"https:\\\/\\\/palopalu.com\\\/#\\\/schema\\\/logo\\\/image\\\/\"},\"sameAs\":[\"https:\\\/\\\/www.facebook.com\\\/palopalupalopalu\",\"https:\\\/\\\/www.instagram.com\\\/palopalu\"]}]}<\/script>\n<!-- \/ Yoast SEO plugin. -->","yoast_head_json":{"title":"Memory Animal &#8226; Palopal\u00fa","description":"Memory Animal en madera, 12 fichas con diferentes y preciosas ilustraciones de animales de tierra y mar. Aprende jugando. Dise\u00f1o original. Memory Animales","robots":{"index":"index","follow":"follow","max-snippet":"max-snippet:-1","max-image-preview":"max-image-preview:large","max-video-preview":"max-video-preview:-1"},"canonical":"https:\/\/palopalu.com\/en\/product\/memory-animal\/","og_locale":"en_GB","og_type":"article","og_title":"Memory Animal &#8226; Palopal\u00fa","og_description":"Memory Animal en madera, 12 fichas con diferentes y preciosas ilustraciones de animales de tierra y mar. Aprende jugando. Dise\u00f1o original. Memory Animales","og_url":"https:\/\/palopalu.com\/en\/product\/memory-animal\/","og_site_name":"Palopal\u00fa","article_publisher":"https:\/\/www.facebook.com\/palopalupalopalu","article_modified_time":"2026-04-11T15:18:21+00:00","og_image":[{"width":900,"height":1200,"url":"https:\/\/palopalu.com\/wp-content\/uploads\/2023\/09\/palopalu_memoryanimales1.jpg","type":"image\/jpeg"}],"twitter_card":"summary_large_image","twitter_misc":{"Estimated reading time":"2 minutes"},"schema":{"@context":"https:\/\/schema.org","@graph":[{"@type":"WebPage","@id":"https:\/\/palopalu.com\/producto\/memory-animal\/","url":"https:\/\/palopalu.com\/producto\/memory-animal\/","name":"Memory Animal &#8226; Palopal\u00fa","isPartOf":{"@id":"https:\/\/palopalu.com\/#website"},"primaryImageOfPage":{"@id":"https:\/\/palopalu.com\/producto\/memory-animal\/#primaryimage"},"image":{"@id":"https:\/\/palopalu.com\/producto\/memory-animal\/#primaryimage"},"thumbnailUrl":"https:\/\/palopalu.com\/wp-content\/uploads\/2023\/09\/palopalu_memoryanimales1.jpg","datePublished":"2023-09-08T09:31:53+00:00","dateModified":"2026-04-11T15:18:21+00:00","description":"Memory Animal en madera, 12 fichas con diferentes y preciosas ilustraciones de animales de tierra y mar. Aprende jugando. Dise\u00f1o original. Memory Animales","breadcrumb":{"@id":"https:\/\/palopalu.com\/producto\/memory-animal\/#breadcrumb"},"inLanguage":"en-GB","potentialAction":[{"@type":"ReadAction","target":["https:\/\/palopalu.com\/producto\/memory-animal\/"]}]},{"@type":"ImageObject","inLanguage":"en-GB","@id":"https:\/\/palopalu.com\/producto\/memory-animal\/#primaryimage","url":"https:\/\/palopalu.com\/wp-content\/uploads\/2023\/09\/palopalu_memoryanimales1.jpg","contentUrl":"https:\/\/palopalu.com\/wp-content\/uploads\/2023\/09\/palopalu_memoryanimales1.jpg","width":900,"height":1200},{"@type":"BreadcrumbList","@id":"https:\/\/palopalu.com\/producto\/memory-animal\/#breadcrumb","itemListElement":[{"@type":"ListItem","position":1,"name":"Portada","item":"https:\/\/palopalu.com\/"},{"@type":"ListItem","position":2,"name":"Tienda","item":"https:\/\/palopalu.com\/tienda\/"},{"@type":"ListItem","position":3,"name":"Memory Animal"}]},{"@type":"WebSite","@id":"https:\/\/palopalu.com\/#website","url":"https:\/\/palopalu.com\/","name":"Palopal\u00fa","description":"Juguetes, decoraci\u00f3n y objetos personalizados en madera","publisher":{"@id":"https:\/\/palopalu.com\/#organization"},"potentialAction":[{"@type":"SearchAction","target":{"@type":"EntryPoint","urlTemplate":"https:\/\/palopalu.com\/?s={search_term_string}"},"query-input":{"@type":"PropertyValueSpecification","valueRequired":true,"valueName":"search_term_string"}}],"inLanguage":"en-GB"},{"@type":"Organization","@id":"https:\/\/palopalu.com\/#organization","name":"Palopal\u00fa","url":"https:\/\/palopalu.com\/","logo":{"@type":"ImageObject","inLanguage":"en-GB","@id":"https:\/\/palopalu.com\/#\/schema\/logo\/image\/","url":"https:\/\/palopalu.com\/wp-content\/uploads\/2019\/02\/logo-palopalu.png","contentUrl":"https:\/\/palopalu.com\/wp-content\/uploads\/2019\/02\/logo-palopalu.png","width":125,"height":30,"caption":"Palopal\u00fa"},"image":{"@id":"https:\/\/palopalu.com\/#\/schema\/logo\/image\/"},"sameAs":["https:\/\/www.facebook.com\/palopalupalopalu","https:\/\/www.instagram.com\/palopalu"]}]}},"_links":{"self":[{"href":"https:\/\/palopalu.com\/en\/wp-json\/wp\/v2\/product\/5381","targetHints":{"allow":["GET"]}}],"collection":[{"href":"https:\/\/palopalu.com\/en\/wp-json\/wp\/v2\/product"}],"about":[{"href":"https:\/\/palopalu.com\/en\/wp-json\/wp\/v2\/types\/product"}],"wp:featuredmedia":[{"embeddable":true,"href":"https:\/\/palopalu.com\/en\/wp-json\/wp\/v2\/media\/5386"}],"wp:attachment":[{"href":"https:\/\/palopalu.com\/en\/wp-json\/wp\/v2\/media?parent=5381"}],"wp:term":[{"taxonomy":"product_brand","embeddable":true,"href":"https:\/\/palopalu.com\/en\/wp-json\/wp\/v2\/product_brand?post=5381"},{"taxonomy":"product_cat","embeddable":true,"href":"https:\/\/palopalu.com\/en\/wp-json\/wp\/v2\/product_cat?post=5381"},{"taxonomy":"product_tag","embeddable":true,"href":"https:\/\/palopalu.com\/en\/wp-json\/wp\/v2\/product_tag?post=5381"}],"curies":[{"name":"wp","href":"https:\/\/api.w.org\/{rel}","templated":true}]}}