{"id":5382,"date":"2023-09-17T17:06:44","date_gmt":"2023-09-17T16:06:44","guid":{"rendered":"https:\/\/palopalu.com\/?post_type=product&#038;p=5382"},"modified":"2026-04-11T16:16:58","modified_gmt":"2026-04-11T15:16:58","slug":"puzzle-monstruos","status":"publish","type":"product","link":"https:\/\/palopalu.com\/en\/product\/puzzle-monstruos\/","title":{"rendered":"Puzzle Monsters"},"content":{"rendered":"<p>Puzzle Monstruos es un precioso juguete en madera que les encantar\u00e1 desde las primeras etapas. Se compone de seis monstruos de dos piezas cada uno cuyas cabezas y cuerpos son intercambiables. De esta forma se puede jugar a montar los 6 monstruos &#8220;iniciales&#8221; o a crear nuevos monstruos, imaginar d\u00f3nde viven, ponerles nombre&#8230;<\/p>\n<p>Ideal desde el primer a\u00f1o como una perfecta iniciaci\u00f3n al puzzle debido a su sencillez, 12 piezas para conformar 6 monstruos. El peque buscar\u00e1 relacionar las piezas en base a sus colores y sus formas. De esta forma desarrollar\u00e1 su atenci\u00f3n y concentraci\u00f3n as\u00ed como su inteligencia viso espacial. Las piezas de madera har\u00e1n que el peque\u00f1o comience a trabajar la motricidad fina a trav\u00e9s de la manipulaci\u00f3n y agarre de las piezas.<\/p>\n<p>M\u00e1s adelante, adem\u00e1s de relacionar piezas, como parte ya de un juego m\u00e1s libre el peque\u00f1o se volver\u00e1 m\u00e1s creativo y podr\u00e1 unir diferentes partes como quiera, dando rienda suelta a su imaginaci\u00f3n. Crear\u00e1 un mont\u00f3n de divertidos y gamberros seres imaginarios a los que puede incluso poner nombre. Puzzle Monstruos es un juego que enganchar\u00e1 a peque\u00f1os y mayores y que gracia a su bolsa de algod\u00f3n se puede llevar a cualquier parte para jugar: el camping, la playa&#8230; Ser\u00e1 cuesti\u00f3n de tiempo que el ni\u00f1o tenga su monstruo preferido, y entonces ser\u00e1 el momento de inventarnos su nombre, d\u00f3nde vive, qu\u00e9 come, qu\u00e9 le gusta hacer para divertirse&#8230; \u00a1\u00a1Imaginaci\u00f3n al poder!!<\/p>\n<p>Si te gustaron los monstruos, echa un vistazo tambi\u00e9n al <a href=\"https:\/\/palopalu.com\/en\/product\/juego-diversidad\/\">Diversity Game<\/a><\/p>","protected":false},"excerpt":{"rendered":"<p>Puzzle compuesto por 6 monstruos con cuerpos intercambiables.<\/p>\n<p>Ideal desde el primer a\u00f1o como una perfecta iniciaci\u00f3n al puzzle debido a su sencillez.<\/p>\n<p>Contiene tambi\u00e9n bolsa de algod\u00f3n para poder guardarlo.<\/p>","protected":false},"featured_media":5393,"template":"","meta":[],"product_brand":[],"product_cat":[97,307,80,83,117,118],"product_tag":[623,629],"class_list":{"0":"post-5382","1":"product","2":"type-product","3":"status-publish","4":"has-post-thumbnail","6":"product_cat-de-1-a-3-anos","7":"product_cat-juegos-didacticos","8":"product_cat-juguetes","9":"product_cat-por-edad","10":"product_cat-puzzles","11":"product_cat-rompecabezas","12":"product_tag-puzzle-en","13":"product_tag-puzzle-de-madera-en","14":"clearfix","16":"first","17":"instock","18":"shipping-taxable","19":"purchasable","20":"product-type-simple"},"yoast_head":"<!-- This site is optimized with the Yoast SEO plugin v27.5 - https:\/\/yoast.com\/product\/yoast-seo-wordpress\/ -->\n<title>Puzzle Monstruos &#8226; Palopal\u00fa<\/title>\n<meta name=\"description\" content=\"Puzzle Monstruos intercambiables. 6 diferentes monstruos en madera que se pueden intercambiar para hacer nuevas creaciones. \u00a1Imaginaci\u00f3n al poder!\" \/>\n<meta name=\"robots\" content=\"index, follow, max-snippet:-1, max-image-preview:large, max-video-preview:-1\" \/>\n<link rel=\"canonical\" href=\"https:\/\/palopalu.com\/en\/product\/puzzle-monstruos\/\" \/>\n<meta property=\"og:locale\" content=\"en_GB\" \/>\n<meta property=\"og:type\" content=\"article\" \/>\n<meta property=\"og:title\" content=\"Puzzle Monstruos &#8226; Palopal\u00fa\" \/>\n<meta property=\"og:description\" content=\"Puzzle Monstruos intercambiables. 6 diferentes monstruos en madera que se pueden intercambiar para hacer nuevas creaciones. \u00a1Imaginaci\u00f3n al poder!\" \/>\n<meta property=\"og:url\" content=\"https:\/\/palopalu.com\/en\/product\/puzzle-monstruos\/\" \/>\n<meta property=\"og:site_name\" content=\"Palopal\u00fa\" \/>\n<meta property=\"article:publisher\" content=\"https:\/\/www.facebook.com\/palopalupalopalu\" \/>\n<meta property=\"article:modified_time\" content=\"2026-04-11T15:16:58+00:00\" \/>\n<meta property=\"og:image\" content=\"https:\/\/palopalu.com\/wp-content\/uploads\/2023\/09\/palopalu_puzzlemonstruos1.jpg\" \/>\n\t<meta property=\"og:image:width\" content=\"1200\" \/>\n\t<meta property=\"og:image:height\" content=\"1022\" \/>\n\t<meta property=\"og:image:type\" content=\"image\/jpeg\" \/>\n<meta name=\"twitter:card\" content=\"summary_large_image\" \/>\n<meta name=\"twitter:label1\" content=\"Estimated reading time\" \/>\n\t<meta name=\"twitter:data1\" content=\"2 minutes\" \/>\n<script type=\"application\/ld+json\" class=\"yoast-schema-graph\">{\"@context\":\"https:\\\/\\\/schema.org\",\"@graph\":[{\"@type\":\"WebPage\",\"@id\":\"https:\\\/\\\/palopalu.com\\\/producto\\\/puzzle-monstruos\\\/\",\"url\":\"https:\\\/\\\/palopalu.com\\\/producto\\\/puzzle-monstruos\\\/\",\"name\":\"Puzzle Monstruos &#8226; Palopal\u00fa\",\"isPartOf\":{\"@id\":\"https:\\\/\\\/palopalu.com\\\/#website\"},\"primaryImageOfPage\":{\"@id\":\"https:\\\/\\\/palopalu.com\\\/producto\\\/puzzle-monstruos\\\/#primaryimage\"},\"image\":{\"@id\":\"https:\\\/\\\/palopalu.com\\\/producto\\\/puzzle-monstruos\\\/#primaryimage\"},\"thumbnailUrl\":\"https:\\\/\\\/palopalu.com\\\/wp-content\\\/uploads\\\/2023\\\/09\\\/palopalu_puzzlemonstruos1.jpg\",\"datePublished\":\"2023-09-17T16:06:44+00:00\",\"dateModified\":\"2026-04-11T15:16:58+00:00\",\"description\":\"Puzzle Monstruos intercambiables. 6 diferentes monstruos en madera que se pueden intercambiar para hacer nuevas creaciones. \u00a1Imaginaci\u00f3n al poder!\",\"breadcrumb\":{\"@id\":\"https:\\\/\\\/palopalu.com\\\/producto\\\/puzzle-monstruos\\\/#breadcrumb\"},\"inLanguage\":\"en-GB\",\"potentialAction\":[{\"@type\":\"ReadAction\",\"target\":[\"https:\\\/\\\/palopalu.com\\\/producto\\\/puzzle-monstruos\\\/\"]}]},{\"@type\":\"ImageObject\",\"inLanguage\":\"en-GB\",\"@id\":\"https:\\\/\\\/palopalu.com\\\/producto\\\/puzzle-monstruos\\\/#primaryimage\",\"url\":\"https:\\\/\\\/palopalu.com\\\/wp-content\\\/uploads\\\/2023\\\/09\\\/palopalu_puzzlemonstruos1.jpg\",\"contentUrl\":\"https:\\\/\\\/palopalu.com\\\/wp-content\\\/uploads\\\/2023\\\/09\\\/palopalu_puzzlemonstruos1.jpg\",\"width\":1200,\"height\":1022},{\"@type\":\"BreadcrumbList\",\"@id\":\"https:\\\/\\\/palopalu.com\\\/producto\\\/puzzle-monstruos\\\/#breadcrumb\",\"itemListElement\":[{\"@type\":\"ListItem\",\"position\":1,\"name\":\"Portada\",\"item\":\"https:\\\/\\\/palopalu.com\\\/\"},{\"@type\":\"ListItem\",\"position\":2,\"name\":\"Tienda\",\"item\":\"https:\\\/\\\/palopalu.com\\\/tienda\\\/\"},{\"@type\":\"ListItem\",\"position\":3,\"name\":\"Puzzle Monstruos\"}]},{\"@type\":\"WebSite\",\"@id\":\"https:\\\/\\\/palopalu.com\\\/#website\",\"url\":\"https:\\\/\\\/palopalu.com\\\/\",\"name\":\"Palopal\u00fa\",\"description\":\"Juguetes, decoraci\u00f3n y objetos personalizados en madera\",\"publisher\":{\"@id\":\"https:\\\/\\\/palopalu.com\\\/#organization\"},\"potentialAction\":[{\"@type\":\"SearchAction\",\"target\":{\"@type\":\"EntryPoint\",\"urlTemplate\":\"https:\\\/\\\/palopalu.com\\\/?s={search_term_string}\"},\"query-input\":{\"@type\":\"PropertyValueSpecification\",\"valueRequired\":true,\"valueName\":\"search_term_string\"}}],\"inLanguage\":\"en-GB\"},{\"@type\":\"Organization\",\"@id\":\"https:\\\/\\\/palopalu.com\\\/#organization\",\"name\":\"Palopal\u00fa\",\"url\":\"https:\\\/\\\/palopalu.com\\\/\",\"logo\":{\"@type\":\"ImageObject\",\"inLanguage\":\"en-GB\",\"@id\":\"https:\\\/\\\/palopalu.com\\\/#\\\/schema\\\/logo\\\/image\\\/\",\"url\":\"https:\\\/\\\/palopalu.com\\\/wp-content\\\/uploads\\\/2019\\\/02\\\/logo-palopalu.png\",\"contentUrl\":\"https:\\\/\\\/palopalu.com\\\/wp-content\\\/uploads\\\/2019\\\/02\\\/logo-palopalu.png\",\"width\":125,\"height\":30,\"caption\":\"Palopal\u00fa\"},\"image\":{\"@id\":\"https:\\\/\\\/palopalu.com\\\/#\\\/schema\\\/logo\\\/image\\\/\"},\"sameAs\":[\"https:\\\/\\\/www.facebook.com\\\/palopalupalopalu\",\"https:\\\/\\\/www.instagram.com\\\/palopalu\"]}]}<\/script>\n<!-- \/ Yoast SEO plugin. -->","yoast_head_json":{"title":"Puzzle Monstruos &#8226; Palopal\u00fa","description":"Puzzle Monstruos intercambiables. 6 diferentes monstruos en madera que se pueden intercambiar para hacer nuevas creaciones. \u00a1Imaginaci\u00f3n al poder!","robots":{"index":"index","follow":"follow","max-snippet":"max-snippet:-1","max-image-preview":"max-image-preview:large","max-video-preview":"max-video-preview:-1"},"canonical":"https:\/\/palopalu.com\/en\/product\/puzzle-monstruos\/","og_locale":"en_GB","og_type":"article","og_title":"Puzzle Monstruos &#8226; Palopal\u00fa","og_description":"Puzzle Monstruos intercambiables. 6 diferentes monstruos en madera que se pueden intercambiar para hacer nuevas creaciones. \u00a1Imaginaci\u00f3n al poder!","og_url":"https:\/\/palopalu.com\/en\/product\/puzzle-monstruos\/","og_site_name":"Palopal\u00fa","article_publisher":"https:\/\/www.facebook.com\/palopalupalopalu","article_modified_time":"2026-04-11T15:16:58+00:00","og_image":[{"width":1200,"height":1022,"url":"https:\/\/palopalu.com\/wp-content\/uploads\/2023\/09\/palopalu_puzzlemonstruos1.jpg","type":"image\/jpeg"}],"twitter_card":"summary_large_image","twitter_misc":{"Estimated reading time":"2 minutes"},"schema":{"@context":"https:\/\/schema.org","@graph":[{"@type":"WebPage","@id":"https:\/\/palopalu.com\/producto\/puzzle-monstruos\/","url":"https:\/\/palopalu.com\/producto\/puzzle-monstruos\/","name":"Puzzle Monstruos &#8226; Palopal\u00fa","isPartOf":{"@id":"https:\/\/palopalu.com\/#website"},"primaryImageOfPage":{"@id":"https:\/\/palopalu.com\/producto\/puzzle-monstruos\/#primaryimage"},"image":{"@id":"https:\/\/palopalu.com\/producto\/puzzle-monstruos\/#primaryimage"},"thumbnailUrl":"https:\/\/palopalu.com\/wp-content\/uploads\/2023\/09\/palopalu_puzzlemonstruos1.jpg","datePublished":"2023-09-17T16:06:44+00:00","dateModified":"2026-04-11T15:16:58+00:00","description":"Puzzle Monstruos intercambiables. 6 diferentes monstruos en madera que se pueden intercambiar para hacer nuevas creaciones. \u00a1Imaginaci\u00f3n al poder!","breadcrumb":{"@id":"https:\/\/palopalu.com\/producto\/puzzle-monstruos\/#breadcrumb"},"inLanguage":"en-GB","potentialAction":[{"@type":"ReadAction","target":["https:\/\/palopalu.com\/producto\/puzzle-monstruos\/"]}]},{"@type":"ImageObject","inLanguage":"en-GB","@id":"https:\/\/palopalu.com\/producto\/puzzle-monstruos\/#primaryimage","url":"https:\/\/palopalu.com\/wp-content\/uploads\/2023\/09\/palopalu_puzzlemonstruos1.jpg","contentUrl":"https:\/\/palopalu.com\/wp-content\/uploads\/2023\/09\/palopalu_puzzlemonstruos1.jpg","width":1200,"height":1022},{"@type":"BreadcrumbList","@id":"https:\/\/palopalu.com\/producto\/puzzle-monstruos\/#breadcrumb","itemListElement":[{"@type":"ListItem","position":1,"name":"Portada","item":"https:\/\/palopalu.com\/"},{"@type":"ListItem","position":2,"name":"Tienda","item":"https:\/\/palopalu.com\/tienda\/"},{"@type":"ListItem","position":3,"name":"Puzzle Monstruos"}]},{"@type":"WebSite","@id":"https:\/\/palopalu.com\/#website","url":"https:\/\/palopalu.com\/","name":"Palopal\u00fa","description":"Juguetes, decoraci\u00f3n y objetos personalizados en madera","publisher":{"@id":"https:\/\/palopalu.com\/#organization"},"potentialAction":[{"@type":"SearchAction","target":{"@type":"EntryPoint","urlTemplate":"https:\/\/palopalu.com\/?s={search_term_string}"},"query-input":{"@type":"PropertyValueSpecification","valueRequired":true,"valueName":"search_term_string"}}],"inLanguage":"en-GB"},{"@type":"Organization","@id":"https:\/\/palopalu.com\/#organization","name":"Palopal\u00fa","url":"https:\/\/palopalu.com\/","logo":{"@type":"ImageObject","inLanguage":"en-GB","@id":"https:\/\/palopalu.com\/#\/schema\/logo\/image\/","url":"https:\/\/palopalu.com\/wp-content\/uploads\/2019\/02\/logo-palopalu.png","contentUrl":"https:\/\/palopalu.com\/wp-content\/uploads\/2019\/02\/logo-palopalu.png","width":125,"height":30,"caption":"Palopal\u00fa"},"image":{"@id":"https:\/\/palopalu.com\/#\/schema\/logo\/image\/"},"sameAs":["https:\/\/www.facebook.com\/palopalupalopalu","https:\/\/www.instagram.com\/palopalu"]}]}},"_links":{"self":[{"href":"https:\/\/palopalu.com\/en\/wp-json\/wp\/v2\/product\/5382","targetHints":{"allow":["GET"]}}],"collection":[{"href":"https:\/\/palopalu.com\/en\/wp-json\/wp\/v2\/product"}],"about":[{"href":"https:\/\/palopalu.com\/en\/wp-json\/wp\/v2\/types\/product"}],"wp:featuredmedia":[{"embeddable":true,"href":"https:\/\/palopalu.com\/en\/wp-json\/wp\/v2\/media\/5393"}],"wp:attachment":[{"href":"https:\/\/palopalu.com\/en\/wp-json\/wp\/v2\/media?parent=5382"}],"wp:term":[{"taxonomy":"product_brand","embeddable":true,"href":"https:\/\/palopalu.com\/en\/wp-json\/wp\/v2\/product_brand?post=5382"},{"taxonomy":"product_cat","embeddable":true,"href":"https:\/\/palopalu.com\/en\/wp-json\/wp\/v2\/product_cat?post=5382"},{"taxonomy":"product_tag","embeddable":true,"href":"https:\/\/palopalu.com\/en\/wp-json\/wp\/v2\/product_tag?post=5382"}],"curies":[{"name":"wp","href":"https:\/\/api.w.org\/{rel}","templated":true}]}}