{"id":5424,"date":"2023-11-01T18:33:14","date_gmt":"2023-11-01T17:33:14","guid":{"rendered":"https:\/\/palopalu.com\/?post_type=product&#038;p=5424"},"modified":"2026-04-11T16:26:00","modified_gmt":"2026-04-11T15:26:00","slug":"calendario-de-adviento","status":"publish","type":"product","link":"https:\/\/palopalu.com\/en\/product\/calendario-de-adviento\/","title":{"rendered":"Advent Calendar"},"content":{"rendered":"<div class=\"flex flex-grow flex-col gap-3 max-w-full\">\n<div class=\"min-h-[20px] flex flex-col items-start gap-3 overflow-x-auto whitespace-pre-wrap break-words\">\n<div class=\"markdown prose w-full break-words dark:prose-invert light\">\n<p>\u00a1Celebra la magia de la Navidad de una manera especial con el Calendario de Adviento de edici\u00f3n limitada de Palopal\u00fa! Este calendario ha sido cuidadosamente dise\u00f1ado y hecho a mano pensando en la alegr\u00eda y la emoci\u00f3n de los m\u00e1s peque\u00f1os durante la temporada navide\u00f1a.<\/p>\n<p>El Calendario de Adviento no es solo una cuenta regresiva para el gran d\u00eda de Navidad; es una experiencia festiva en s\u00ed misma. Est\u00e1 preparado para que cada uno de los 24 compartimentos contenga una sorpresa, un adorno navide\u00f1o personalizable o una emocionante actividad para que los ni\u00f1os y ni\u00f1as disfruten durante todo el mes de diciembre.<\/p>\n<p>\u00bfQu\u00e9 hace que nuestro calendario sea realmente especial? Los adornos navide\u00f1os que lo acompa\u00f1an son totalmente personalizables. Los ni\u00f1os y ni\u00f1as pueden decorarlos a su gusto con pintura o cualquier otro material que deseen. Esto no solo fomenta su creatividad, sino que tambi\u00e9n crea recuerdos duraderos para toda la familia. Pero eso no es todo. \u00a1Las actividades diarias hacen que cada d\u00eda sea \u00fanico y emocionante! Desde hacer galletas de jengibre y contar historias junto a la chimenea hasta crear tarjetas de Navidad y dar un paseo por las luces festivas, hay 30 actividades diferentes para elegir. Esto significa que puedes personalizar cada d\u00eda de diciembre para adaptarse a las preferencias y tradiciones de tu familia. Incluso puedes dejar algunas sin usar para utilizarlas el a\u00f1o que viene.<\/p>\n<p>Una de las mejores caracter\u00edsticas de nuestro Calendario de Adviento es que es reutilizable a\u00f1o tras a\u00f1o. Los compartimentos est\u00e1n dise\u00f1ados para durar, y los adornos se pueden guardar y apreciar durante las futuras Navidades. Esto no solo lo convierte en una inversi\u00f3n a largo plazo, sino que tambi\u00e9n ayuda a reducir el desperdicio.<\/p>\n<p>Adem\u00e1s, este Calendario de Adviento, de edici\u00f3n limitada a unas pocas unidades, est\u00e1 hecho a mano con atenci\u00f3n al detalle y materiales de alta calidad. Cada uno es \u00fanico y est\u00e1 dise\u00f1ado con amor para crear una experiencia navide\u00f1a verdaderamente m\u00e1gica.<\/p>\n<p>As\u00ed que, si est\u00e1s buscando una forma emocionante y personalizada de celebrar la Navidad con tus hijos e hijas, nuestro Calendario de Adviento es la elecci\u00f3n perfecta. Cada d\u00eda ser\u00e1 una aventura llena de alegr\u00eda y creatividad, creando recuerdos que atesorar\u00e1n durante toda la vida. \u00a1No esperes m\u00e1s para hacer que esta temporada navide\u00f1a sea especial para tu familia!<\/p>\n<\/div>\n<p>No dejes de echarle un vistazo a nuestro <a href=\"https:\/\/palopalu.com\/producto\/3-en-raya-olentzero-mari-domingi\/\">3 en Raya de Olentzero y Mari Domingi<\/a>.<\/p>\n<\/div>\n<\/div>\n","protected":false},"excerpt":{"rendered":"<p>Calendario de Adviento de edici\u00f3n limitada, hecho a mano, que incluye:<\/p>\n<p>&#8211; Calendario de tela para colgar con 24 bolsillos, uno para cada d\u00eda (incluye cordel para colgar)<\/p>\n<p>&#8211; 3 adornos navide\u00f1os personalizables en madera<\/p>\n<p>&#8211; Sobre con 30 actividades navide\u00f1as, elige las que m\u00e1s se adapten a tu familia (incluye menci\u00f3n a Papa Noel, Olentzero, Ti\u00f3 de Nadal y Apalpador para que escojas la que m\u00e1s se adapte a t\u00ed)<\/p>\n<p>&#8211; N\u00fameros de los d\u00edas en madera cosida al calendario<\/p>\n<p>&#8211; Ilustraciones navide\u00f1as estampadas<\/p>\n<p>Medidas: 57 x 78 cm<\/p>\n<p>&nbsp;<\/p>\n<p>Disponible con las actividades en Euskera o Castellano, elige al hacer tu pedido.<\/p>\n<p>&nbsp;<\/p>","protected":false},"featured_media":5430,"template":"","meta":[],"product_brand":[],"product_cat":[102,105,78,80],"product_tag":[667,665],"class_list":{"0":"post-5424","1":"product","2":"type-product","3":"status-publish","4":"has-post-thumbnail","6":"product_cat-de-3-a-5-anos","7":"product_cat-de-5-a-8-anos","8":"product_cat-decoracion","9":"product_cat-juguetes","10":"product_tag-calendario","11":"product_tag-navidad","12":"clearfix","14":"first","15":"instock","16":"sale","17":"shipping-taxable","18":"purchasable","19":"product-type-simple"},"yoast_head":"<!-- This site is optimized with the Yoast SEO plugin v27.5 - https:\/\/yoast.com\/product\/yoast-seo-wordpress\/ -->\n<title>Calendario de Adviento &#8226; Palopal\u00fa<\/title>\n<meta name=\"description\" content=\"Calendario de Adviento de edici\u00f3n limitada con adornos navide\u00f1os y actividades para la familia. Todo lo que necesitas para una Navidad m\u00e1gica. Reutilizable.\" \/>\n<meta name=\"robots\" content=\"index, follow, max-snippet:-1, max-image-preview:large, max-video-preview:-1\" \/>\n<link rel=\"canonical\" href=\"https:\/\/palopalu.com\/en\/product\/calendario-de-adviento\/\" \/>\n<meta property=\"og:locale\" content=\"en_GB\" \/>\n<meta property=\"og:type\" content=\"article\" \/>\n<meta property=\"og:title\" content=\"Calendario de Adviento &#8226; Palopal\u00fa\" \/>\n<meta property=\"og:description\" content=\"Calendario de Adviento de edici\u00f3n limitada con adornos navide\u00f1os y actividades para la familia. Todo lo que necesitas para una Navidad m\u00e1gica. Reutilizable.\" \/>\n<meta property=\"og:url\" content=\"https:\/\/palopalu.com\/en\/product\/calendario-de-adviento\/\" \/>\n<meta property=\"og:site_name\" content=\"Palopal\u00fa\" \/>\n<meta property=\"article:publisher\" content=\"https:\/\/www.facebook.com\/palopalupalopalu\" \/>\n<meta property=\"article:modified_time\" content=\"2026-04-11T15:26:00+00:00\" \/>\n<meta property=\"og:image\" content=\"https:\/\/palopalu.com\/wp-content\/uploads\/2023\/09\/palopalu_calendarioadviento0.jpg\" \/>\n\t<meta property=\"og:image:width\" content=\"900\" \/>\n\t<meta property=\"og:image:height\" content=\"1200\" \/>\n\t<meta property=\"og:image:type\" content=\"image\/jpeg\" \/>\n<meta name=\"twitter:card\" content=\"summary_large_image\" \/>\n<meta name=\"twitter:label1\" content=\"Estimated reading time\" \/>\n\t<meta name=\"twitter:data1\" content=\"3 minutes\" \/>\n<script type=\"application\/ld+json\" class=\"yoast-schema-graph\">{\"@context\":\"https:\\\/\\\/schema.org\",\"@graph\":[{\"@type\":\"WebPage\",\"@id\":\"https:\\\/\\\/palopalu.com\\\/producto\\\/calendario-de-adviento\\\/\",\"url\":\"https:\\\/\\\/palopalu.com\\\/producto\\\/calendario-de-adviento\\\/\",\"name\":\"Calendario de Adviento &#8226; Palopal\u00fa\",\"isPartOf\":{\"@id\":\"https:\\\/\\\/palopalu.com\\\/#website\"},\"primaryImageOfPage\":{\"@id\":\"https:\\\/\\\/palopalu.com\\\/producto\\\/calendario-de-adviento\\\/#primaryimage\"},\"image\":{\"@id\":\"https:\\\/\\\/palopalu.com\\\/producto\\\/calendario-de-adviento\\\/#primaryimage\"},\"thumbnailUrl\":\"https:\\\/\\\/palopalu.com\\\/wp-content\\\/uploads\\\/2023\\\/09\\\/palopalu_calendarioadviento0.jpg\",\"datePublished\":\"2023-11-01T17:33:14+00:00\",\"dateModified\":\"2026-04-11T15:26:00+00:00\",\"description\":\"Calendario de Adviento de edici\u00f3n limitada con adornos navide\u00f1os y actividades para la familia. Todo lo que necesitas para una Navidad m\u00e1gica. Reutilizable.\",\"breadcrumb\":{\"@id\":\"https:\\\/\\\/palopalu.com\\\/producto\\\/calendario-de-adviento\\\/#breadcrumb\"},\"inLanguage\":\"en-GB\",\"potentialAction\":[{\"@type\":\"ReadAction\",\"target\":[\"https:\\\/\\\/palopalu.com\\\/producto\\\/calendario-de-adviento\\\/\"]}]},{\"@type\":\"ImageObject\",\"inLanguage\":\"en-GB\",\"@id\":\"https:\\\/\\\/palopalu.com\\\/producto\\\/calendario-de-adviento\\\/#primaryimage\",\"url\":\"https:\\\/\\\/palopalu.com\\\/wp-content\\\/uploads\\\/2023\\\/09\\\/palopalu_calendarioadviento0.jpg\",\"contentUrl\":\"https:\\\/\\\/palopalu.com\\\/wp-content\\\/uploads\\\/2023\\\/09\\\/palopalu_calendarioadviento0.jpg\",\"width\":900,\"height\":1200},{\"@type\":\"BreadcrumbList\",\"@id\":\"https:\\\/\\\/palopalu.com\\\/producto\\\/calendario-de-adviento\\\/#breadcrumb\",\"itemListElement\":[{\"@type\":\"ListItem\",\"position\":1,\"name\":\"Portada\",\"item\":\"https:\\\/\\\/palopalu.com\\\/\"},{\"@type\":\"ListItem\",\"position\":2,\"name\":\"Tienda\",\"item\":\"https:\\\/\\\/palopalu.com\\\/tienda\\\/\"},{\"@type\":\"ListItem\",\"position\":3,\"name\":\"Calendario de Adviento\"}]},{\"@type\":\"WebSite\",\"@id\":\"https:\\\/\\\/palopalu.com\\\/#website\",\"url\":\"https:\\\/\\\/palopalu.com\\\/\",\"name\":\"Palopal\u00fa\",\"description\":\"Juguetes, decoraci\u00f3n y objetos personalizados en madera\",\"publisher\":{\"@id\":\"https:\\\/\\\/palopalu.com\\\/#organization\"},\"potentialAction\":[{\"@type\":\"SearchAction\",\"target\":{\"@type\":\"EntryPoint\",\"urlTemplate\":\"https:\\\/\\\/palopalu.com\\\/?s={search_term_string}\"},\"query-input\":{\"@type\":\"PropertyValueSpecification\",\"valueRequired\":true,\"valueName\":\"search_term_string\"}}],\"inLanguage\":\"en-GB\"},{\"@type\":\"Organization\",\"@id\":\"https:\\\/\\\/palopalu.com\\\/#organization\",\"name\":\"Palopal\u00fa\",\"url\":\"https:\\\/\\\/palopalu.com\\\/\",\"logo\":{\"@type\":\"ImageObject\",\"inLanguage\":\"en-GB\",\"@id\":\"https:\\\/\\\/palopalu.com\\\/#\\\/schema\\\/logo\\\/image\\\/\",\"url\":\"https:\\\/\\\/palopalu.com\\\/wp-content\\\/uploads\\\/2019\\\/02\\\/logo-palopalu.png\",\"contentUrl\":\"https:\\\/\\\/palopalu.com\\\/wp-content\\\/uploads\\\/2019\\\/02\\\/logo-palopalu.png\",\"width\":125,\"height\":30,\"caption\":\"Palopal\u00fa\"},\"image\":{\"@id\":\"https:\\\/\\\/palopalu.com\\\/#\\\/schema\\\/logo\\\/image\\\/\"},\"sameAs\":[\"https:\\\/\\\/www.facebook.com\\\/palopalupalopalu\",\"https:\\\/\\\/www.instagram.com\\\/palopalu\"]}]}<\/script>\n<!-- \/ Yoast SEO plugin. -->","yoast_head_json":{"title":"Calendario de Adviento &#8226; Palopal\u00fa","description":"Calendario de Adviento de edici\u00f3n limitada con adornos navide\u00f1os y actividades para la familia. Todo lo que necesitas para una Navidad m\u00e1gica. Reutilizable.","robots":{"index":"index","follow":"follow","max-snippet":"max-snippet:-1","max-image-preview":"max-image-preview:large","max-video-preview":"max-video-preview:-1"},"canonical":"https:\/\/palopalu.com\/en\/product\/calendario-de-adviento\/","og_locale":"en_GB","og_type":"article","og_title":"Calendario de Adviento &#8226; Palopal\u00fa","og_description":"Calendario de Adviento de edici\u00f3n limitada con adornos navide\u00f1os y actividades para la familia. Todo lo que necesitas para una Navidad m\u00e1gica. Reutilizable.","og_url":"https:\/\/palopalu.com\/en\/product\/calendario-de-adviento\/","og_site_name":"Palopal\u00fa","article_publisher":"https:\/\/www.facebook.com\/palopalupalopalu","article_modified_time":"2026-04-11T15:26:00+00:00","og_image":[{"width":900,"height":1200,"url":"https:\/\/palopalu.com\/wp-content\/uploads\/2023\/09\/palopalu_calendarioadviento0.jpg","type":"image\/jpeg"}],"twitter_card":"summary_large_image","twitter_misc":{"Estimated reading time":"3 minutes"},"schema":{"@context":"https:\/\/schema.org","@graph":[{"@type":"WebPage","@id":"https:\/\/palopalu.com\/producto\/calendario-de-adviento\/","url":"https:\/\/palopalu.com\/producto\/calendario-de-adviento\/","name":"Calendario de Adviento &#8226; Palopal\u00fa","isPartOf":{"@id":"https:\/\/palopalu.com\/#website"},"primaryImageOfPage":{"@id":"https:\/\/palopalu.com\/producto\/calendario-de-adviento\/#primaryimage"},"image":{"@id":"https:\/\/palopalu.com\/producto\/calendario-de-adviento\/#primaryimage"},"thumbnailUrl":"https:\/\/palopalu.com\/wp-content\/uploads\/2023\/09\/palopalu_calendarioadviento0.jpg","datePublished":"2023-11-01T17:33:14+00:00","dateModified":"2026-04-11T15:26:00+00:00","description":"Calendario de Adviento de edici\u00f3n limitada con adornos navide\u00f1os y actividades para la familia. Todo lo que necesitas para una Navidad m\u00e1gica. Reutilizable.","breadcrumb":{"@id":"https:\/\/palopalu.com\/producto\/calendario-de-adviento\/#breadcrumb"},"inLanguage":"en-GB","potentialAction":[{"@type":"ReadAction","target":["https:\/\/palopalu.com\/producto\/calendario-de-adviento\/"]}]},{"@type":"ImageObject","inLanguage":"en-GB","@id":"https:\/\/palopalu.com\/producto\/calendario-de-adviento\/#primaryimage","url":"https:\/\/palopalu.com\/wp-content\/uploads\/2023\/09\/palopalu_calendarioadviento0.jpg","contentUrl":"https:\/\/palopalu.com\/wp-content\/uploads\/2023\/09\/palopalu_calendarioadviento0.jpg","width":900,"height":1200},{"@type":"BreadcrumbList","@id":"https:\/\/palopalu.com\/producto\/calendario-de-adviento\/#breadcrumb","itemListElement":[{"@type":"ListItem","position":1,"name":"Portada","item":"https:\/\/palopalu.com\/"},{"@type":"ListItem","position":2,"name":"Tienda","item":"https:\/\/palopalu.com\/tienda\/"},{"@type":"ListItem","position":3,"name":"Calendario de Adviento"}]},{"@type":"WebSite","@id":"https:\/\/palopalu.com\/#website","url":"https:\/\/palopalu.com\/","name":"Palopal\u00fa","description":"Juguetes, decoraci\u00f3n y objetos personalizados en madera","publisher":{"@id":"https:\/\/palopalu.com\/#organization"},"potentialAction":[{"@type":"SearchAction","target":{"@type":"EntryPoint","urlTemplate":"https:\/\/palopalu.com\/?s={search_term_string}"},"query-input":{"@type":"PropertyValueSpecification","valueRequired":true,"valueName":"search_term_string"}}],"inLanguage":"en-GB"},{"@type":"Organization","@id":"https:\/\/palopalu.com\/#organization","name":"Palopal\u00fa","url":"https:\/\/palopalu.com\/","logo":{"@type":"ImageObject","inLanguage":"en-GB","@id":"https:\/\/palopalu.com\/#\/schema\/logo\/image\/","url":"https:\/\/palopalu.com\/wp-content\/uploads\/2019\/02\/logo-palopalu.png","contentUrl":"https:\/\/palopalu.com\/wp-content\/uploads\/2019\/02\/logo-palopalu.png","width":125,"height":30,"caption":"Palopal\u00fa"},"image":{"@id":"https:\/\/palopalu.com\/#\/schema\/logo\/image\/"},"sameAs":["https:\/\/www.facebook.com\/palopalupalopalu","https:\/\/www.instagram.com\/palopalu"]}]}},"_links":{"self":[{"href":"https:\/\/palopalu.com\/en\/wp-json\/wp\/v2\/product\/5424","targetHints":{"allow":["GET"]}}],"collection":[{"href":"https:\/\/palopalu.com\/en\/wp-json\/wp\/v2\/product"}],"about":[{"href":"https:\/\/palopalu.com\/en\/wp-json\/wp\/v2\/types\/product"}],"wp:featuredmedia":[{"embeddable":true,"href":"https:\/\/palopalu.com\/en\/wp-json\/wp\/v2\/media\/5430"}],"wp:attachment":[{"href":"https:\/\/palopalu.com\/en\/wp-json\/wp\/v2\/media?parent=5424"}],"wp:term":[{"taxonomy":"product_brand","embeddable":true,"href":"https:\/\/palopalu.com\/en\/wp-json\/wp\/v2\/product_brand?post=5424"},{"taxonomy":"product_cat","embeddable":true,"href":"https:\/\/palopalu.com\/en\/wp-json\/wp\/v2\/product_cat?post=5424"},{"taxonomy":"product_tag","embeddable":true,"href":"https:\/\/palopalu.com\/en\/wp-json\/wp\/v2\/product_tag?post=5424"}],"curies":[{"name":"wp","href":"https:\/\/api.w.org\/{rel}","templated":true}]}}