{"id":5427,"date":"2023-10-13T12:06:20","date_gmt":"2023-10-13T11:06:20","guid":{"rendered":"https:\/\/palopalu.com\/?post_type=product&#038;p=5427"},"modified":"2026-01-20T17:15:02","modified_gmt":"2026-01-20T16:15:02","slug":"3-en-raya-olentzero-mari-domingi","status":"publish","type":"product","link":"https:\/\/palopalu.com\/en\/product\/3-en-raya-olentzero-mari-domingi\/","title":{"rendered":"3 en Raya Olentzero y Mari Domingi"},"content":{"rendered":"<div class=\"flex flex-grow flex-col gap-3 max-w-full\">\n<div class=\"min-h-[20px] flex flex-col items-start gap-3 overflow-x-auto whitespace-pre-wrap break-words\">\n<div class=\"markdown prose w-full break-words dark:prose-invert light\">\n<p>\u00a1Celebra la Navidad de una manera \u00fanica y divertida con nuestro juego de 3 en Raya basado en los adorables personajes vascos, Olentzero y Mari Domingi! Este juego tradicional se transforma en algo especial gracias a nuestras fichas de madera personalizables.<\/p>\n<p>Cada juego incluye 10 fichas de madera y una bolsa que sirve como tablero de juego, lo que lo hace f\u00e1cil de transportar. Lo que hace que este juego sea excepcional es que las fichas est\u00e1n dise\u00f1adas para ser personalizadas por ti y tus hijas e hijos. Pasar\u00e1s momentos de calidad en familia decor\u00e1ndolas con colores festivos, d\u00e1ndole vida a los personajes de Olentzero y Mari Domingi seg\u00fan vuestra imaginaci\u00f3n.<\/p>\n<p>Este juego no solo es una forma divertida de celebrar la Navidad, sino que tambi\u00e9n fomenta la creatividad y el trabajo en equipo. \u00bfQui\u00e9n ganar\u00e1 en este emocionante duelo navide\u00f1o?<\/p>\n<p>Ya sea como un regalo especial o una adici\u00f3n encantadora a tu propia colecci\u00f3n de juegos, nuestro juego de 3 en raya de Olentzero y Mari Domingi seguramente se convertir\u00e1 en una tradici\u00f3n navide\u00f1a que disfrutar\u00e1s durante a\u00f1os. \u00a1Agrega un toque personal a tu Navidad y crea recuerdos entra\u00f1ables con este juego \u00fanico!<\/p>\n<p>Revisa tambi\u00e9n en nuestra tienda el <span style=\"color: #0000ff;\"><a href=\"https:\/\/palopalu.com\/producto\/calendario-de-adviento\/\">Calendario de Adviento de Palopal\u00fa<\/a><\/span> y crea recuerdos imborrables.<\/p>\n<\/div>\n<\/div>\n<\/div>\n","protected":false},"excerpt":{"rendered":"<p>Caracter\u00edsticas:<\/p>\n<p>Medidas de la bolsa\/tablero &#8211; 12&#215;14 cm \/ 12&#215;12 cm<\/p>\n<p>Fichas en madera natural para que el ni\u00f1o o ni\u00f1a puedan pintarlas a su gusto<\/p>\n<p>Contiene:<\/p>\n<p>&#8211; 1 bolsa que hace las veces de tablero<\/p>\n<p>&#8211; 5 fichas de Olentzero en madera<\/p>\n<p>&#8211; 5 fichas de Mari Domingi en madera<\/p>\n<p>&nbsp;<\/p>","protected":false},"featured_media":5436,"template":"","meta":[],"product_brand":[],"product_cat":[102,105,108,111,80,669,83,118],"product_tag":[],"class_list":{"0":"post-5427","1":"product","2":"type-product","3":"status-publish","4":"has-post-thumbnail","6":"product_cat-de-3-a-5-anos","7":"product_cat-de-5-a-8-anos","8":"product_cat-de-8-a-11-anos","9":"product_cat-hasta-100-anos","10":"product_cat-juguetes","11":"product_cat-navidad","12":"product_cat-por-edad","13":"product_cat-rompecabezas","14":"clearfix","16":"first","17":"outofstock","18":"shipping-taxable","19":"purchasable","20":"product-type-simple"},"yoast_head":"<!-- This site is optimized with the Yoast SEO plugin v27.5 - https:\/\/yoast.com\/product\/yoast-seo-wordpress\/ -->\n<title>3 en Raya Olentzero y Mari Domingi &#8226; Palopal\u00fa<\/title>\n<meta name=\"description\" content=\"Juego de 3 en Raya de Olentzero y Mari Domingi con piezas de madera personalizables. La propia bolsa hace las veces de tablero.\" \/>\n<meta name=\"robots\" content=\"index, follow, max-snippet:-1, max-image-preview:large, max-video-preview:-1\" \/>\n<link rel=\"canonical\" href=\"https:\/\/palopalu.com\/en\/product\/3-en-raya-olentzero-mari-domingi\/\" \/>\n<meta property=\"og:locale\" content=\"en_GB\" \/>\n<meta property=\"og:type\" content=\"article\" \/>\n<meta property=\"og:title\" content=\"3 en Raya Olentzero y Mari Domingi &#8226; Palopal\u00fa\" \/>\n<meta property=\"og:description\" content=\"Juego de 3 en Raya de Olentzero y Mari Domingi con piezas de madera personalizables. La propia bolsa hace las veces de tablero.\" \/>\n<meta property=\"og:url\" content=\"https:\/\/palopalu.com\/en\/product\/3-en-raya-olentzero-mari-domingi\/\" \/>\n<meta property=\"og:site_name\" content=\"Palopal\u00fa\" \/>\n<meta property=\"article:publisher\" content=\"https:\/\/www.facebook.com\/palopalupalopalu\" \/>\n<meta property=\"article:modified_time\" content=\"2026-01-20T16:15:02+00:00\" \/>\n<meta property=\"og:image\" content=\"https:\/\/palopalu.com\/wp-content\/uploads\/2023\/09\/palopalu_3enrayaolentzeromaridomingi6.jpg\" \/>\n\t<meta property=\"og:image:width\" content=\"900\" \/>\n\t<meta property=\"og:image:height\" content=\"1200\" \/>\n\t<meta property=\"og:image:type\" content=\"image\/jpeg\" \/>\n<meta name=\"twitter:card\" content=\"summary_large_image\" \/>\n<meta name=\"twitter:label1\" content=\"Estimated reading time\" \/>\n\t<meta name=\"twitter:data1\" content=\"1 minute\" \/>\n<script type=\"application\/ld+json\" class=\"yoast-schema-graph\">{\"@context\":\"https:\\\/\\\/schema.org\",\"@graph\":[{\"@type\":\"WebPage\",\"@id\":\"https:\\\/\\\/palopalu.com\\\/producto\\\/3-en-raya-olentzero-mari-domingi\\\/\",\"url\":\"https:\\\/\\\/palopalu.com\\\/producto\\\/3-en-raya-olentzero-mari-domingi\\\/\",\"name\":\"3 en Raya Olentzero y Mari Domingi &#8226; Palopal\u00fa\",\"isPartOf\":{\"@id\":\"https:\\\/\\\/palopalu.com\\\/#website\"},\"primaryImageOfPage\":{\"@id\":\"https:\\\/\\\/palopalu.com\\\/producto\\\/3-en-raya-olentzero-mari-domingi\\\/#primaryimage\"},\"image\":{\"@id\":\"https:\\\/\\\/palopalu.com\\\/producto\\\/3-en-raya-olentzero-mari-domingi\\\/#primaryimage\"},\"thumbnailUrl\":\"https:\\\/\\\/palopalu.com\\\/wp-content\\\/uploads\\\/2023\\\/09\\\/palopalu_3enrayaolentzeromaridomingi6.jpg\",\"datePublished\":\"2023-10-13T11:06:20+00:00\",\"dateModified\":\"2026-01-20T16:15:02+00:00\",\"description\":\"Juego de 3 en Raya de Olentzero y Mari Domingi con piezas de madera personalizables. La propia bolsa hace las veces de tablero.\",\"breadcrumb\":{\"@id\":\"https:\\\/\\\/palopalu.com\\\/producto\\\/3-en-raya-olentzero-mari-domingi\\\/#breadcrumb\"},\"inLanguage\":\"en-GB\",\"potentialAction\":[{\"@type\":\"ReadAction\",\"target\":[\"https:\\\/\\\/palopalu.com\\\/producto\\\/3-en-raya-olentzero-mari-domingi\\\/\"]}]},{\"@type\":\"ImageObject\",\"inLanguage\":\"en-GB\",\"@id\":\"https:\\\/\\\/palopalu.com\\\/producto\\\/3-en-raya-olentzero-mari-domingi\\\/#primaryimage\",\"url\":\"https:\\\/\\\/palopalu.com\\\/wp-content\\\/uploads\\\/2023\\\/09\\\/palopalu_3enrayaolentzeromaridomingi6.jpg\",\"contentUrl\":\"https:\\\/\\\/palopalu.com\\\/wp-content\\\/uploads\\\/2023\\\/09\\\/palopalu_3enrayaolentzeromaridomingi6.jpg\",\"width\":900,\"height\":1200,\"caption\":\"3 en Raya Olentzero y Mari Domingi\"},{\"@type\":\"BreadcrumbList\",\"@id\":\"https:\\\/\\\/palopalu.com\\\/producto\\\/3-en-raya-olentzero-mari-domingi\\\/#breadcrumb\",\"itemListElement\":[{\"@type\":\"ListItem\",\"position\":1,\"name\":\"Portada\",\"item\":\"https:\\\/\\\/palopalu.com\\\/\"},{\"@type\":\"ListItem\",\"position\":2,\"name\":\"Tienda\",\"item\":\"https:\\\/\\\/palopalu.com\\\/tienda\\\/\"},{\"@type\":\"ListItem\",\"position\":3,\"name\":\"3 en Raya Olentzero y Mari Domingi\"}]},{\"@type\":\"WebSite\",\"@id\":\"https:\\\/\\\/palopalu.com\\\/#website\",\"url\":\"https:\\\/\\\/palopalu.com\\\/\",\"name\":\"Palopal\u00fa\",\"description\":\"Juguetes, decoraci\u00f3n y objetos personalizados en madera\",\"publisher\":{\"@id\":\"https:\\\/\\\/palopalu.com\\\/#organization\"},\"potentialAction\":[{\"@type\":\"SearchAction\",\"target\":{\"@type\":\"EntryPoint\",\"urlTemplate\":\"https:\\\/\\\/palopalu.com\\\/?s={search_term_string}\"},\"query-input\":{\"@type\":\"PropertyValueSpecification\",\"valueRequired\":true,\"valueName\":\"search_term_string\"}}],\"inLanguage\":\"en-GB\"},{\"@type\":\"Organization\",\"@id\":\"https:\\\/\\\/palopalu.com\\\/#organization\",\"name\":\"Palopal\u00fa\",\"url\":\"https:\\\/\\\/palopalu.com\\\/\",\"logo\":{\"@type\":\"ImageObject\",\"inLanguage\":\"en-GB\",\"@id\":\"https:\\\/\\\/palopalu.com\\\/#\\\/schema\\\/logo\\\/image\\\/\",\"url\":\"https:\\\/\\\/palopalu.com\\\/wp-content\\\/uploads\\\/2019\\\/02\\\/logo-palopalu.png\",\"contentUrl\":\"https:\\\/\\\/palopalu.com\\\/wp-content\\\/uploads\\\/2019\\\/02\\\/logo-palopalu.png\",\"width\":125,\"height\":30,\"caption\":\"Palopal\u00fa\"},\"image\":{\"@id\":\"https:\\\/\\\/palopalu.com\\\/#\\\/schema\\\/logo\\\/image\\\/\"},\"sameAs\":[\"https:\\\/\\\/www.facebook.com\\\/palopalupalopalu\",\"https:\\\/\\\/www.instagram.com\\\/palopalu\"]}]}<\/script>\n<!-- \/ Yoast SEO plugin. -->","yoast_head_json":{"title":"3 en Raya Olentzero y Mari Domingi &#8226; Palopal\u00fa","description":"Juego de 3 en Raya de Olentzero y Mari Domingi con piezas de madera personalizables. La propia bolsa hace las veces de tablero.","robots":{"index":"index","follow":"follow","max-snippet":"max-snippet:-1","max-image-preview":"max-image-preview:large","max-video-preview":"max-video-preview:-1"},"canonical":"https:\/\/palopalu.com\/en\/product\/3-en-raya-olentzero-mari-domingi\/","og_locale":"en_GB","og_type":"article","og_title":"3 en Raya Olentzero y Mari Domingi &#8226; Palopal\u00fa","og_description":"Juego de 3 en Raya de Olentzero y Mari Domingi con piezas de madera personalizables. La propia bolsa hace las veces de tablero.","og_url":"https:\/\/palopalu.com\/en\/product\/3-en-raya-olentzero-mari-domingi\/","og_site_name":"Palopal\u00fa","article_publisher":"https:\/\/www.facebook.com\/palopalupalopalu","article_modified_time":"2026-01-20T16:15:02+00:00","og_image":[{"width":900,"height":1200,"url":"https:\/\/palopalu.com\/wp-content\/uploads\/2023\/09\/palopalu_3enrayaolentzeromaridomingi6.jpg","type":"image\/jpeg"}],"twitter_card":"summary_large_image","twitter_misc":{"Estimated reading time":"1 minute"},"schema":{"@context":"https:\/\/schema.org","@graph":[{"@type":"WebPage","@id":"https:\/\/palopalu.com\/producto\/3-en-raya-olentzero-mari-domingi\/","url":"https:\/\/palopalu.com\/producto\/3-en-raya-olentzero-mari-domingi\/","name":"3 en Raya Olentzero y Mari Domingi &#8226; Palopal\u00fa","isPartOf":{"@id":"https:\/\/palopalu.com\/#website"},"primaryImageOfPage":{"@id":"https:\/\/palopalu.com\/producto\/3-en-raya-olentzero-mari-domingi\/#primaryimage"},"image":{"@id":"https:\/\/palopalu.com\/producto\/3-en-raya-olentzero-mari-domingi\/#primaryimage"},"thumbnailUrl":"https:\/\/palopalu.com\/wp-content\/uploads\/2023\/09\/palopalu_3enrayaolentzeromaridomingi6.jpg","datePublished":"2023-10-13T11:06:20+00:00","dateModified":"2026-01-20T16:15:02+00:00","description":"Juego de 3 en Raya de Olentzero y Mari Domingi con piezas de madera personalizables. La propia bolsa hace las veces de tablero.","breadcrumb":{"@id":"https:\/\/palopalu.com\/producto\/3-en-raya-olentzero-mari-domingi\/#breadcrumb"},"inLanguage":"en-GB","potentialAction":[{"@type":"ReadAction","target":["https:\/\/palopalu.com\/producto\/3-en-raya-olentzero-mari-domingi\/"]}]},{"@type":"ImageObject","inLanguage":"en-GB","@id":"https:\/\/palopalu.com\/producto\/3-en-raya-olentzero-mari-domingi\/#primaryimage","url":"https:\/\/palopalu.com\/wp-content\/uploads\/2023\/09\/palopalu_3enrayaolentzeromaridomingi6.jpg","contentUrl":"https:\/\/palopalu.com\/wp-content\/uploads\/2023\/09\/palopalu_3enrayaolentzeromaridomingi6.jpg","width":900,"height":1200,"caption":"3 en Raya Olentzero y Mari Domingi"},{"@type":"BreadcrumbList","@id":"https:\/\/palopalu.com\/producto\/3-en-raya-olentzero-mari-domingi\/#breadcrumb","itemListElement":[{"@type":"ListItem","position":1,"name":"Portada","item":"https:\/\/palopalu.com\/"},{"@type":"ListItem","position":2,"name":"Tienda","item":"https:\/\/palopalu.com\/tienda\/"},{"@type":"ListItem","position":3,"name":"3 en Raya Olentzero y Mari Domingi"}]},{"@type":"WebSite","@id":"https:\/\/palopalu.com\/#website","url":"https:\/\/palopalu.com\/","name":"Palopal\u00fa","description":"Juguetes, decoraci\u00f3n y objetos personalizados en madera","publisher":{"@id":"https:\/\/palopalu.com\/#organization"},"potentialAction":[{"@type":"SearchAction","target":{"@type":"EntryPoint","urlTemplate":"https:\/\/palopalu.com\/?s={search_term_string}"},"query-input":{"@type":"PropertyValueSpecification","valueRequired":true,"valueName":"search_term_string"}}],"inLanguage":"en-GB"},{"@type":"Organization","@id":"https:\/\/palopalu.com\/#organization","name":"Palopal\u00fa","url":"https:\/\/palopalu.com\/","logo":{"@type":"ImageObject","inLanguage":"en-GB","@id":"https:\/\/palopalu.com\/#\/schema\/logo\/image\/","url":"https:\/\/palopalu.com\/wp-content\/uploads\/2019\/02\/logo-palopalu.png","contentUrl":"https:\/\/palopalu.com\/wp-content\/uploads\/2019\/02\/logo-palopalu.png","width":125,"height":30,"caption":"Palopal\u00fa"},"image":{"@id":"https:\/\/palopalu.com\/#\/schema\/logo\/image\/"},"sameAs":["https:\/\/www.facebook.com\/palopalupalopalu","https:\/\/www.instagram.com\/palopalu"]}]}},"_links":{"self":[{"href":"https:\/\/palopalu.com\/en\/wp-json\/wp\/v2\/product\/5427","targetHints":{"allow":["GET"]}}],"collection":[{"href":"https:\/\/palopalu.com\/en\/wp-json\/wp\/v2\/product"}],"about":[{"href":"https:\/\/palopalu.com\/en\/wp-json\/wp\/v2\/types\/product"}],"wp:featuredmedia":[{"embeddable":true,"href":"https:\/\/palopalu.com\/en\/wp-json\/wp\/v2\/media\/5436"}],"wp:attachment":[{"href":"https:\/\/palopalu.com\/en\/wp-json\/wp\/v2\/media?parent=5427"}],"wp:term":[{"taxonomy":"product_brand","embeddable":true,"href":"https:\/\/palopalu.com\/en\/wp-json\/wp\/v2\/product_brand?post=5427"},{"taxonomy":"product_cat","embeddable":true,"href":"https:\/\/palopalu.com\/en\/wp-json\/wp\/v2\/product_cat?post=5427"},{"taxonomy":"product_tag","embeddable":true,"href":"https:\/\/palopalu.com\/en\/wp-json\/wp\/v2\/product_tag?post=5427"}],"curies":[{"name":"wp","href":"https:\/\/api.w.org\/{rel}","templated":true}]}}