{"id":5428,"date":"2023-10-13T12:02:49","date_gmt":"2023-10-13T11:02:49","guid":{"rendered":"https:\/\/palopalu.com\/?post_type=product&#038;p=5428"},"modified":"2026-04-11T16:17:52","modified_gmt":"2026-04-11T15:17:52","slug":"puerta-magica-ratoncito-perez","status":"publish","type":"product","link":"https:\/\/palopalu.com\/en\/product\/puerta-magica-ratoncito-perez\/","title":{"rendered":"Magic Door"},"content":{"rendered":"<p>Imagina abrir una puerta misteriosa que te lleva directamente al mundo de la fantas\u00eda, donde los sue\u00f1os de los ni\u00f1os se hacen realidad. La\u00a0 Puerta M\u00e1gica de Palopal\u00fa es mucho m\u00e1s que un objeto decorativo; son portales hacia aventuras inolvidables. Puedes usarlas como la entrada secreta a la morada del Ratoncito P\u00e9rez, el travieso visitante nocturno que intercambia dientes por peque\u00f1os tesoros. O tal vez, esta puerta con encanto podr\u00eda ser el acceso a la morada de los gnomos o hadas que habitan la casa, listos para compartir historias, secretos y amistad. \u00a1Lo mejor es que lo decid\u00e1is en familia!<\/p>\n<p>Estas Puertas M\u00e1gicas no solo son elementos decorativos encantadores, sino tambi\u00e9n una herramienta m\u00e1gica para estimular la imaginaci\u00f3n de los peque\u00f1os y fomentar el juego creativo. Col\u00f3cala en la habitaci\u00f3n de tu hijo o hija, sobre el rodapi\u00e9, y d\u00e9jalos descubrir el mundo secreto que se esconde detr\u00e1s de ella. Anima a tus peque\u00f1os a inventar historias, a escribir cartas al Ratoncito P\u00e9rez o a dejar peque\u00f1os regalos para los habitantes m\u00e1gicos que puedan vivir detr\u00e1s de la puerta.<\/p>\n<p>En Palopal\u00fa creemos en la importancia del juego en la infancia y en la magia que puede brindar a los ni\u00f1os. Nuestra Puerta M\u00e1gica de madera es una manera encantadora de enriquecer la vida de tus peque\u00f1os y de crear recuerdos m\u00e1gicos que atesorar\u00e1n para siempre.<\/p>\n<p>Esta Puerta M\u00e1gica incluye:<\/p>\n<p>&#8211; Puerta de madera con tirador en metal y bisagras. \u00a1La puerta se abre!<\/p>\n<p>Medidas: 10 x 17 cm<\/p>\n<p>&#8211; Pegatina con ilustraci\u00f3n de la estancia que hay tras la puerta<\/p>\n<p>&#8211; Vallas en madera para poner a ambos lados de la puerta<\/p>\n<p>&#8211; Escalera para que las hadas o el Ratoncito P\u00e9rez puedan alcanzar la puerta<\/p>\n<p>&#8211; Cestita de hilo para dejar el diente al Ratoncito P\u00e9rez<\/p>\n<p>&#8211; Banderines decorativos para poner sobre la puerta<\/p>\n<p>Hay dos versiones de la puerta, en verde o en rosa. Elige el que m\u00e1s pegue con tu decoraci\u00f3n.<\/p>","protected":false},"excerpt":{"rendered":"<p>Descubre la Puerta M\u00e1gica de Palopal\u00fa: una entrada encantada a mundos de imaginaci\u00f3n. Crea aventuras con el Ratoncito P\u00e9rez, gnomos o hadas en la habitaci\u00f3n de tu ni\u00f1o o ni\u00f1a.<\/p>\n<p>Esta Puerta M\u00e1gica incluye:<\/p>\n<p>&#8211; Puerta de madera con tirador en metal y bisagras. \u00a1La puerta se abre!<\/p>\n<p>Medidas: 10 x 17 cm<\/p>\n<p>&#8211; Pegatina con ilustraci\u00f3n de la estancia que hay tras la puerta<\/p>\n<p>&#8211; Vallas en madera para poner a ambos lados de la puerta<\/p>\n<p>&#8211; Escalera para que las hadas o el Ratoncito P\u00e9rez puedan alcanzar la puerta<\/p>\n<p>&#8211; Cestita tejida a mano para dejar el diente al Ratoncito P\u00e9rez o colocar flores decorativas<\/p>\n<p>&#8211; Banderines decorativos para poner sobre la puerta<\/p>\n<p>&#8211; Cinta de doble cara para fijar los elementos a la pared.<\/p>","protected":false},"featured_media":5446,"template":"","meta":[],"product_brand":[],"product_cat":[102,105,108,78,80,669,83],"product_tag":[677,675,671,673],"class_list":{"0":"post-5428","1":"product","2":"type-product","3":"status-publish","4":"has-post-thumbnail","6":"product_cat-de-3-a-5-anos","7":"product_cat-de-5-a-8-anos","8":"product_cat-de-8-a-11-anos","9":"product_cat-decoracion","10":"product_cat-juguetes","11":"product_cat-navidad","12":"product_cat-por-edad","13":"product_tag-gnomos","14":"product_tag-hadas","15":"product_tag-puerta-magica","16":"product_tag-ratoncito-perez","17":"clearfix","19":"first","20":"instock","21":"featured","22":"shipping-taxable","23":"purchasable","24":"product-type-variable"},"yoast_head":"<!-- This site is optimized with the Yoast SEO plugin v27.5 - https:\/\/yoast.com\/product\/yoast-seo-wordpress\/ -->\n<title>Puerta M\u00e1gica &#8226; Palopal\u00fa<\/title>\n<meta name=\"description\" content=\"Puerta M\u00e1gica para poner sobre el rodapie del cuarto del ni\u00f1o o ni\u00f1a. \u00bfEs del Ratoncito P\u00e9rez o quiz\u00e1 de las hadas que habitan la casa? \u00a1Decididlo juntos!\" \/>\n<meta name=\"robots\" content=\"index, follow, max-snippet:-1, max-image-preview:large, max-video-preview:-1\" \/>\n<link rel=\"canonical\" href=\"https:\/\/palopalu.com\/en\/product\/puerta-magica-ratoncito-perez\/\" \/>\n<meta property=\"og:locale\" content=\"en_GB\" \/>\n<meta property=\"og:type\" content=\"article\" \/>\n<meta property=\"og:title\" content=\"Puerta M\u00e1gica &#8226; Palopal\u00fa\" \/>\n<meta property=\"og:description\" content=\"Puerta M\u00e1gica para poner sobre el rodapie del cuarto del ni\u00f1o o ni\u00f1a. \u00bfEs del Ratoncito P\u00e9rez o quiz\u00e1 de las hadas que habitan la casa? \u00a1Decididlo juntos!\" \/>\n<meta property=\"og:url\" content=\"https:\/\/palopalu.com\/en\/product\/puerta-magica-ratoncito-perez\/\" \/>\n<meta property=\"og:site_name\" content=\"Palopal\u00fa\" \/>\n<meta property=\"article:publisher\" content=\"https:\/\/www.facebook.com\/palopalupalopalu\" \/>\n<meta property=\"article:modified_time\" content=\"2026-04-11T15:17:52+00:00\" \/>\n<meta property=\"og:image\" content=\"https:\/\/palopalu.com\/wp-content\/uploads\/2023\/10\/palopalu_puertamagica15.jpg\" \/>\n\t<meta property=\"og:image:width\" content=\"900\" \/>\n\t<meta property=\"og:image:height\" content=\"1200\" \/>\n\t<meta property=\"og:image:type\" content=\"image\/jpeg\" \/>\n<meta name=\"twitter:card\" content=\"summary_large_image\" \/>\n<meta name=\"twitter:label1\" content=\"Estimated reading time\" \/>\n\t<meta name=\"twitter:data1\" content=\"2 minutes\" \/>\n<script type=\"application\/ld+json\" class=\"yoast-schema-graph\">{\"@context\":\"https:\\\/\\\/schema.org\",\"@graph\":[{\"@type\":\"WebPage\",\"@id\":\"https:\\\/\\\/palopalu.com\\\/producto\\\/puerta-magica-ratoncito-perez\\\/\",\"url\":\"https:\\\/\\\/palopalu.com\\\/producto\\\/puerta-magica-ratoncito-perez\\\/\",\"name\":\"Puerta M\u00e1gica &#8226; Palopal\u00fa\",\"isPartOf\":{\"@id\":\"https:\\\/\\\/palopalu.com\\\/#website\"},\"primaryImageOfPage\":{\"@id\":\"https:\\\/\\\/palopalu.com\\\/producto\\\/puerta-magica-ratoncito-perez\\\/#primaryimage\"},\"image\":{\"@id\":\"https:\\\/\\\/palopalu.com\\\/producto\\\/puerta-magica-ratoncito-perez\\\/#primaryimage\"},\"thumbnailUrl\":\"https:\\\/\\\/palopalu.com\\\/wp-content\\\/uploads\\\/2023\\\/10\\\/palopalu_puertamagica15.jpg\",\"datePublished\":\"2023-10-13T11:02:49+00:00\",\"dateModified\":\"2026-04-11T15:17:52+00:00\",\"description\":\"Puerta M\u00e1gica para poner sobre el rodapie del cuarto del ni\u00f1o o ni\u00f1a. \u00bfEs del Ratoncito P\u00e9rez o quiz\u00e1 de las hadas que habitan la casa? \u00a1Decididlo juntos!\",\"breadcrumb\":{\"@id\":\"https:\\\/\\\/palopalu.com\\\/producto\\\/puerta-magica-ratoncito-perez\\\/#breadcrumb\"},\"inLanguage\":\"en-GB\",\"potentialAction\":[{\"@type\":\"ReadAction\",\"target\":[\"https:\\\/\\\/palopalu.com\\\/producto\\\/puerta-magica-ratoncito-perez\\\/\"]}]},{\"@type\":\"ImageObject\",\"inLanguage\":\"en-GB\",\"@id\":\"https:\\\/\\\/palopalu.com\\\/producto\\\/puerta-magica-ratoncito-perez\\\/#primaryimage\",\"url\":\"https:\\\/\\\/palopalu.com\\\/wp-content\\\/uploads\\\/2023\\\/10\\\/palopalu_puertamagica15.jpg\",\"contentUrl\":\"https:\\\/\\\/palopalu.com\\\/wp-content\\\/uploads\\\/2023\\\/10\\\/palopalu_puertamagica15.jpg\",\"width\":900,\"height\":1200},{\"@type\":\"BreadcrumbList\",\"@id\":\"https:\\\/\\\/palopalu.com\\\/producto\\\/puerta-magica-ratoncito-perez\\\/#breadcrumb\",\"itemListElement\":[{\"@type\":\"ListItem\",\"position\":1,\"name\":\"Portada\",\"item\":\"https:\\\/\\\/palopalu.com\\\/\"},{\"@type\":\"ListItem\",\"position\":2,\"name\":\"Tienda\",\"item\":\"https:\\\/\\\/palopalu.com\\\/tienda\\\/\"},{\"@type\":\"ListItem\",\"position\":3,\"name\":\"Puerta M\u00e1gica\"}]},{\"@type\":\"WebSite\",\"@id\":\"https:\\\/\\\/palopalu.com\\\/#website\",\"url\":\"https:\\\/\\\/palopalu.com\\\/\",\"name\":\"Palopal\u00fa\",\"description\":\"Juguetes, decoraci\u00f3n y objetos personalizados en madera\",\"publisher\":{\"@id\":\"https:\\\/\\\/palopalu.com\\\/#organization\"},\"potentialAction\":[{\"@type\":\"SearchAction\",\"target\":{\"@type\":\"EntryPoint\",\"urlTemplate\":\"https:\\\/\\\/palopalu.com\\\/?s={search_term_string}\"},\"query-input\":{\"@type\":\"PropertyValueSpecification\",\"valueRequired\":true,\"valueName\":\"search_term_string\"}}],\"inLanguage\":\"en-GB\"},{\"@type\":\"Organization\",\"@id\":\"https:\\\/\\\/palopalu.com\\\/#organization\",\"name\":\"Palopal\u00fa\",\"url\":\"https:\\\/\\\/palopalu.com\\\/\",\"logo\":{\"@type\":\"ImageObject\",\"inLanguage\":\"en-GB\",\"@id\":\"https:\\\/\\\/palopalu.com\\\/#\\\/schema\\\/logo\\\/image\\\/\",\"url\":\"https:\\\/\\\/palopalu.com\\\/wp-content\\\/uploads\\\/2019\\\/02\\\/logo-palopalu.png\",\"contentUrl\":\"https:\\\/\\\/palopalu.com\\\/wp-content\\\/uploads\\\/2019\\\/02\\\/logo-palopalu.png\",\"width\":125,\"height\":30,\"caption\":\"Palopal\u00fa\"},\"image\":{\"@id\":\"https:\\\/\\\/palopalu.com\\\/#\\\/schema\\\/logo\\\/image\\\/\"},\"sameAs\":[\"https:\\\/\\\/www.facebook.com\\\/palopalupalopalu\",\"https:\\\/\\\/www.instagram.com\\\/palopalu\"]}]}<\/script>\n<!-- \/ Yoast SEO plugin. -->","yoast_head_json":{"title":"Puerta M\u00e1gica &#8226; Palopal\u00fa","description":"Puerta M\u00e1gica para poner sobre el rodapie del cuarto del ni\u00f1o o ni\u00f1a. \u00bfEs del Ratoncito P\u00e9rez o quiz\u00e1 de las hadas que habitan la casa? \u00a1Decididlo juntos!","robots":{"index":"index","follow":"follow","max-snippet":"max-snippet:-1","max-image-preview":"max-image-preview:large","max-video-preview":"max-video-preview:-1"},"canonical":"https:\/\/palopalu.com\/en\/product\/puerta-magica-ratoncito-perez\/","og_locale":"en_GB","og_type":"article","og_title":"Puerta M\u00e1gica &#8226; Palopal\u00fa","og_description":"Puerta M\u00e1gica para poner sobre el rodapie del cuarto del ni\u00f1o o ni\u00f1a. \u00bfEs del Ratoncito P\u00e9rez o quiz\u00e1 de las hadas que habitan la casa? \u00a1Decididlo juntos!","og_url":"https:\/\/palopalu.com\/en\/product\/puerta-magica-ratoncito-perez\/","og_site_name":"Palopal\u00fa","article_publisher":"https:\/\/www.facebook.com\/palopalupalopalu","article_modified_time":"2026-04-11T15:17:52+00:00","og_image":[{"width":900,"height":1200,"url":"https:\/\/palopalu.com\/wp-content\/uploads\/2023\/10\/palopalu_puertamagica15.jpg","type":"image\/jpeg"}],"twitter_card":"summary_large_image","twitter_misc":{"Estimated reading time":"2 minutes"},"schema":{"@context":"https:\/\/schema.org","@graph":[{"@type":"WebPage","@id":"https:\/\/palopalu.com\/producto\/puerta-magica-ratoncito-perez\/","url":"https:\/\/palopalu.com\/producto\/puerta-magica-ratoncito-perez\/","name":"Puerta M\u00e1gica &#8226; Palopal\u00fa","isPartOf":{"@id":"https:\/\/palopalu.com\/#website"},"primaryImageOfPage":{"@id":"https:\/\/palopalu.com\/producto\/puerta-magica-ratoncito-perez\/#primaryimage"},"image":{"@id":"https:\/\/palopalu.com\/producto\/puerta-magica-ratoncito-perez\/#primaryimage"},"thumbnailUrl":"https:\/\/palopalu.com\/wp-content\/uploads\/2023\/10\/palopalu_puertamagica15.jpg","datePublished":"2023-10-13T11:02:49+00:00","dateModified":"2026-04-11T15:17:52+00:00","description":"Puerta M\u00e1gica para poner sobre el rodapie del cuarto del ni\u00f1o o ni\u00f1a. \u00bfEs del Ratoncito P\u00e9rez o quiz\u00e1 de las hadas que habitan la casa? \u00a1Decididlo juntos!","breadcrumb":{"@id":"https:\/\/palopalu.com\/producto\/puerta-magica-ratoncito-perez\/#breadcrumb"},"inLanguage":"en-GB","potentialAction":[{"@type":"ReadAction","target":["https:\/\/palopalu.com\/producto\/puerta-magica-ratoncito-perez\/"]}]},{"@type":"ImageObject","inLanguage":"en-GB","@id":"https:\/\/palopalu.com\/producto\/puerta-magica-ratoncito-perez\/#primaryimage","url":"https:\/\/palopalu.com\/wp-content\/uploads\/2023\/10\/palopalu_puertamagica15.jpg","contentUrl":"https:\/\/palopalu.com\/wp-content\/uploads\/2023\/10\/palopalu_puertamagica15.jpg","width":900,"height":1200},{"@type":"BreadcrumbList","@id":"https:\/\/palopalu.com\/producto\/puerta-magica-ratoncito-perez\/#breadcrumb","itemListElement":[{"@type":"ListItem","position":1,"name":"Portada","item":"https:\/\/palopalu.com\/"},{"@type":"ListItem","position":2,"name":"Tienda","item":"https:\/\/palopalu.com\/tienda\/"},{"@type":"ListItem","position":3,"name":"Puerta M\u00e1gica"}]},{"@type":"WebSite","@id":"https:\/\/palopalu.com\/#website","url":"https:\/\/palopalu.com\/","name":"Palopal\u00fa","description":"Juguetes, decoraci\u00f3n y objetos personalizados en madera","publisher":{"@id":"https:\/\/palopalu.com\/#organization"},"potentialAction":[{"@type":"SearchAction","target":{"@type":"EntryPoint","urlTemplate":"https:\/\/palopalu.com\/?s={search_term_string}"},"query-input":{"@type":"PropertyValueSpecification","valueRequired":true,"valueName":"search_term_string"}}],"inLanguage":"en-GB"},{"@type":"Organization","@id":"https:\/\/palopalu.com\/#organization","name":"Palopal\u00fa","url":"https:\/\/palopalu.com\/","logo":{"@type":"ImageObject","inLanguage":"en-GB","@id":"https:\/\/palopalu.com\/#\/schema\/logo\/image\/","url":"https:\/\/palopalu.com\/wp-content\/uploads\/2019\/02\/logo-palopalu.png","contentUrl":"https:\/\/palopalu.com\/wp-content\/uploads\/2019\/02\/logo-palopalu.png","width":125,"height":30,"caption":"Palopal\u00fa"},"image":{"@id":"https:\/\/palopalu.com\/#\/schema\/logo\/image\/"},"sameAs":["https:\/\/www.facebook.com\/palopalupalopalu","https:\/\/www.instagram.com\/palopalu"]}]}},"_links":{"self":[{"href":"https:\/\/palopalu.com\/en\/wp-json\/wp\/v2\/product\/5428","targetHints":{"allow":["GET"]}}],"collection":[{"href":"https:\/\/palopalu.com\/en\/wp-json\/wp\/v2\/product"}],"about":[{"href":"https:\/\/palopalu.com\/en\/wp-json\/wp\/v2\/types\/product"}],"wp:featuredmedia":[{"embeddable":true,"href":"https:\/\/palopalu.com\/en\/wp-json\/wp\/v2\/media\/5446"}],"wp:attachment":[{"href":"https:\/\/palopalu.com\/en\/wp-json\/wp\/v2\/media?parent=5428"}],"wp:term":[{"taxonomy":"product_brand","embeddable":true,"href":"https:\/\/palopalu.com\/en\/wp-json\/wp\/v2\/product_brand?post=5428"},{"taxonomy":"product_cat","embeddable":true,"href":"https:\/\/palopalu.com\/en\/wp-json\/wp\/v2\/product_cat?post=5428"},{"taxonomy":"product_tag","embeddable":true,"href":"https:\/\/palopalu.com\/en\/wp-json\/wp\/v2\/product_tag?post=5428"}],"curies":[{"name":"wp","href":"https:\/\/api.w.org\/{rel}","templated":true}]}}