{"id":5515,"date":"2024-02-08T17:59:55","date_gmt":"2024-02-08T16:59:55","guid":{"rendered":"https:\/\/palopalu.com\/?post_type=product&#038;p=5515"},"modified":"2025-09-09T22:35:04","modified_gmt":"2025-09-09T21:35:04","slug":"laminas-de-caserios-vascos","status":"publish","type":"product","link":"https:\/\/palopalu.com\/en\/product\/laminas-de-caserios-vascos\/","title":{"rendered":"L\u00e1minas Caser\u00edos"},"content":{"rendered":"<div class=\"flex flex-grow flex-col max-w-full\">\n<div class=\"min-h-[20px] text-message flex flex-col items-start gap-3 whitespace-pre-wrap break-words [.text-message+&amp;]:mt-5 overflow-x-auto\" data-message-author-role=\"assistant\" data-message-id=\"bc28cf8b-651f-44ba-9610-5573d52f2da8\">\n<div class=\"markdown prose w-full break-words dark:prose-invert light\">\n<p>Sum\u00e9rgete en la esencia de la cultura vasca a trav\u00e9s de estas l\u00e1minas de caser\u00edos que capturan la esencia de la arquitectura rural vasca.<\/p>\n<p>Cada una de las 4 im\u00e1genes refleja la riqueza hist\u00f3rica y serenidad de los caser\u00edos vascos pero con una explosi\u00f3n de color,\u00a0 actual y moderna, transport\u00e1ndote a paisajes pintorescos y atm\u00f3sferas encantadoras. Cada l\u00e1mina es una ventana a la vida rural, donde la arquitectura tradicional se fusiona armoniosamente con la naturaleza circundante.<\/p>\n<p>Con una paleta de colores cuidadosamente seleccionada, estas l\u00e1minas a\u00f1aden un toque de autenticidad y calidez a cualquier espacio. Ya sea que busques decorar tu hogar, oficina o regalar algo \u00fanico y significativo, nuestras l\u00e1minas de caser\u00edos vascos son la elecci\u00f3n perfecta y quedan bien en cualquier espacio gracias a sus colores suaves y l\u00edneas armoniosas.<\/p>\n<\/div>\n<p>Explora <a href=\"https:\/\/palopalu.com\/categoria-producto\/decoracion\/\">nuestra colecci\u00f3n<\/a> y descubre la magia de los caser\u00edos vascos en cada l\u00e1mina. \u00a1Emb\u00e1rcate en un viaje visual a trav\u00e9s de nuestros caser\u00edos vascos y lleva a casa una pieza \u00fanica que perdurar\u00e1 en el tiempo!<\/p>\n<\/div>\n<\/div>\n<div class=\"flex flex-grow flex-col max-w-full\">\n<div class=\"min-h-[20px] text-message flex flex-col items-start gap-3 whitespace-pre-wrap break-words [.text-message+&amp;]:mt-5 overflow-x-auto\" data-message-author-role=\"assistant\" data-message-id=\"49e03efb-7e15-4f11-b917-7a397074feca\">\n<div class=\"markdown prose w-full break-words dark:prose-invert light\">\n<p><em>Los caser\u00edos vascos, representan una fusi\u00f3n perfecta entre tradici\u00f3n y funcionalidad. Estas pintorescas construcciones agr\u00edcolas tienen sus ra\u00edces en la antig\u00fcedad, reflejando la sabidur\u00eda arquitect\u00f3nica ancestral. El dise\u00f1o de los caser\u00edos se adapta a las necesidades agr\u00edcolas, con gruesas paredes de piedra que brindan protecci\u00f3n contra el clima variable de la regi\u00f3n y techos a dos aguas que permiten el drenaje eficiente de las lluvias.<\/em><\/p>\n<p><em>A lo largo de los siglos, los caser\u00edos vascos han sido testigos de la vida rural, sirviendo como hogares familiares y centros de actividad agr\u00edcola. Los caser\u00edos vascos no solo son estructuras arquitect\u00f3nicas, sino guardianes de historias y tradiciones que han perdurado a lo largo de generaciones, dotando a la regi\u00f3n de una identidad \u00fanica y apreciada.<\/em><\/p>\n<\/div>\n<\/div>\n<\/div>\n","protected":false},"excerpt":{"rendered":"<p>L\u00e1mina en papel de 250 gr.<br \/>\nTama\u00f1o DIN-A4 (21 cm x 29,7 cm)<br \/>\nSin marco.<\/p>","protected":false},"featured_media":5538,"template":"","meta":[],"product_brand":[],"product_cat":[78,101],"product_tag":[],"class_list":{"0":"post-5515","1":"product","2":"type-product","3":"status-publish","4":"has-post-thumbnail","6":"product_cat-decoracion","7":"product_cat-ilustracion","8":"clearfix","10":"first","11":"instock","12":"shipping-taxable","13":"purchasable","14":"product-type-variable"},"yoast_head":"<!-- This site is optimized with the Yoast SEO plugin v27.5 - https:\/\/yoast.com\/product\/yoast-seo-wordpress\/ -->\n<title>L\u00e1minas Caser\u00edos &#8226; Palopal\u00fa<\/title>\n<meta name=\"description\" content=\"L\u00e1minas de t\u00edpicos caser\u00edos vascos llenos de colores actuales que consiguen una moderna mezcla perfecta para decorar cualquier rinc\u00f3n.\" \/>\n<meta name=\"robots\" content=\"index, follow, max-snippet:-1, max-image-preview:large, max-video-preview:-1\" \/>\n<link rel=\"canonical\" href=\"https:\/\/palopalu.com\/en\/product\/laminas-de-caserios-vascos\/\" \/>\n<meta property=\"og:locale\" content=\"en_GB\" \/>\n<meta property=\"og:type\" content=\"article\" \/>\n<meta property=\"og:title\" content=\"L\u00e1minas Caser\u00edos &#8226; Palopal\u00fa\" \/>\n<meta property=\"og:description\" content=\"L\u00e1minas de t\u00edpicos caser\u00edos vascos llenos de colores actuales que consiguen una moderna mezcla perfecta para decorar cualquier rinc\u00f3n.\" \/>\n<meta property=\"og:url\" content=\"https:\/\/palopalu.com\/en\/product\/laminas-de-caserios-vascos\/\" \/>\n<meta property=\"og:site_name\" content=\"Palopal\u00fa\" \/>\n<meta property=\"article:publisher\" content=\"https:\/\/www.facebook.com\/palopalupalopalu\" \/>\n<meta property=\"article:modified_time\" content=\"2025-09-09T21:35:04+00:00\" \/>\n<meta property=\"og:image\" content=\"https:\/\/palopalu.com\/wp-content\/uploads\/2024\/02\/laminascaserios_palopalu-1.jpg\" \/>\n\t<meta property=\"og:image:width\" content=\"900\" \/>\n\t<meta property=\"og:image:height\" content=\"1200\" \/>\n\t<meta property=\"og:image:type\" content=\"image\/jpeg\" \/>\n<meta name=\"twitter:card\" content=\"summary_large_image\" \/>\n<meta name=\"twitter:label1\" content=\"Estimated reading time\" \/>\n\t<meta name=\"twitter:data1\" content=\"2 minutes\" \/>\n<script type=\"application\/ld+json\" class=\"yoast-schema-graph\">{\"@context\":\"https:\\\/\\\/schema.org\",\"@graph\":[{\"@type\":\"WebPage\",\"@id\":\"https:\\\/\\\/palopalu.com\\\/producto\\\/laminas-de-caserios-vascos\\\/\",\"url\":\"https:\\\/\\\/palopalu.com\\\/producto\\\/laminas-de-caserios-vascos\\\/\",\"name\":\"L\u00e1minas Caser\u00edos &#8226; Palopal\u00fa\",\"isPartOf\":{\"@id\":\"https:\\\/\\\/palopalu.com\\\/#website\"},\"primaryImageOfPage\":{\"@id\":\"https:\\\/\\\/palopalu.com\\\/producto\\\/laminas-de-caserios-vascos\\\/#primaryimage\"},\"image\":{\"@id\":\"https:\\\/\\\/palopalu.com\\\/producto\\\/laminas-de-caserios-vascos\\\/#primaryimage\"},\"thumbnailUrl\":\"https:\\\/\\\/palopalu.com\\\/wp-content\\\/uploads\\\/2024\\\/02\\\/laminascaserios_palopalu-1.jpg\",\"datePublished\":\"2024-02-08T16:59:55+00:00\",\"dateModified\":\"2025-09-09T21:35:04+00:00\",\"description\":\"L\u00e1minas de t\u00edpicos caser\u00edos vascos llenos de colores actuales que consiguen una moderna mezcla perfecta para decorar cualquier rinc\u00f3n.\",\"breadcrumb\":{\"@id\":\"https:\\\/\\\/palopalu.com\\\/producto\\\/laminas-de-caserios-vascos\\\/#breadcrumb\"},\"inLanguage\":\"en-GB\",\"potentialAction\":[{\"@type\":\"ReadAction\",\"target\":[\"https:\\\/\\\/palopalu.com\\\/producto\\\/laminas-de-caserios-vascos\\\/\"]}]},{\"@type\":\"ImageObject\",\"inLanguage\":\"en-GB\",\"@id\":\"https:\\\/\\\/palopalu.com\\\/producto\\\/laminas-de-caserios-vascos\\\/#primaryimage\",\"url\":\"https:\\\/\\\/palopalu.com\\\/wp-content\\\/uploads\\\/2024\\\/02\\\/laminascaserios_palopalu-1.jpg\",\"contentUrl\":\"https:\\\/\\\/palopalu.com\\\/wp-content\\\/uploads\\\/2024\\\/02\\\/laminascaserios_palopalu-1.jpg\",\"width\":900,\"height\":1200,\"caption\":\"ilustraciones de t\u00edpicos caser\u00edos vascos\"},{\"@type\":\"BreadcrumbList\",\"@id\":\"https:\\\/\\\/palopalu.com\\\/producto\\\/laminas-de-caserios-vascos\\\/#breadcrumb\",\"itemListElement\":[{\"@type\":\"ListItem\",\"position\":1,\"name\":\"Portada\",\"item\":\"https:\\\/\\\/palopalu.com\\\/\"},{\"@type\":\"ListItem\",\"position\":2,\"name\":\"Tienda\",\"item\":\"https:\\\/\\\/palopalu.com\\\/tienda\\\/\"},{\"@type\":\"ListItem\",\"position\":3,\"name\":\"L\u00e1minas Caser\u00edos\"}]},{\"@type\":\"WebSite\",\"@id\":\"https:\\\/\\\/palopalu.com\\\/#website\",\"url\":\"https:\\\/\\\/palopalu.com\\\/\",\"name\":\"Palopal\u00fa\",\"description\":\"Juguetes, decoraci\u00f3n y objetos personalizados en madera\",\"publisher\":{\"@id\":\"https:\\\/\\\/palopalu.com\\\/#organization\"},\"potentialAction\":[{\"@type\":\"SearchAction\",\"target\":{\"@type\":\"EntryPoint\",\"urlTemplate\":\"https:\\\/\\\/palopalu.com\\\/?s={search_term_string}\"},\"query-input\":{\"@type\":\"PropertyValueSpecification\",\"valueRequired\":true,\"valueName\":\"search_term_string\"}}],\"inLanguage\":\"en-GB\"},{\"@type\":\"Organization\",\"@id\":\"https:\\\/\\\/palopalu.com\\\/#organization\",\"name\":\"Palopal\u00fa\",\"url\":\"https:\\\/\\\/palopalu.com\\\/\",\"logo\":{\"@type\":\"ImageObject\",\"inLanguage\":\"en-GB\",\"@id\":\"https:\\\/\\\/palopalu.com\\\/#\\\/schema\\\/logo\\\/image\\\/\",\"url\":\"https:\\\/\\\/palopalu.com\\\/wp-content\\\/uploads\\\/2019\\\/02\\\/logo-palopalu.png\",\"contentUrl\":\"https:\\\/\\\/palopalu.com\\\/wp-content\\\/uploads\\\/2019\\\/02\\\/logo-palopalu.png\",\"width\":125,\"height\":30,\"caption\":\"Palopal\u00fa\"},\"image\":{\"@id\":\"https:\\\/\\\/palopalu.com\\\/#\\\/schema\\\/logo\\\/image\\\/\"},\"sameAs\":[\"https:\\\/\\\/www.facebook.com\\\/palopalupalopalu\",\"https:\\\/\\\/www.instagram.com\\\/palopalu\"]}]}<\/script>\n<!-- \/ Yoast SEO plugin. -->","yoast_head_json":{"title":"L\u00e1minas Caser\u00edos &#8226; Palopal\u00fa","description":"L\u00e1minas de t\u00edpicos caser\u00edos vascos llenos de colores actuales que consiguen una moderna mezcla perfecta para decorar cualquier rinc\u00f3n.","robots":{"index":"index","follow":"follow","max-snippet":"max-snippet:-1","max-image-preview":"max-image-preview:large","max-video-preview":"max-video-preview:-1"},"canonical":"https:\/\/palopalu.com\/en\/product\/laminas-de-caserios-vascos\/","og_locale":"en_GB","og_type":"article","og_title":"L\u00e1minas Caser\u00edos &#8226; Palopal\u00fa","og_description":"L\u00e1minas de t\u00edpicos caser\u00edos vascos llenos de colores actuales que consiguen una moderna mezcla perfecta para decorar cualquier rinc\u00f3n.","og_url":"https:\/\/palopalu.com\/en\/product\/laminas-de-caserios-vascos\/","og_site_name":"Palopal\u00fa","article_publisher":"https:\/\/www.facebook.com\/palopalupalopalu","article_modified_time":"2025-09-09T21:35:04+00:00","og_image":[{"width":900,"height":1200,"url":"https:\/\/palopalu.com\/wp-content\/uploads\/2024\/02\/laminascaserios_palopalu-1.jpg","type":"image\/jpeg"}],"twitter_card":"summary_large_image","twitter_misc":{"Estimated reading time":"2 minutes"},"schema":{"@context":"https:\/\/schema.org","@graph":[{"@type":"WebPage","@id":"https:\/\/palopalu.com\/producto\/laminas-de-caserios-vascos\/","url":"https:\/\/palopalu.com\/producto\/laminas-de-caserios-vascos\/","name":"L\u00e1minas Caser\u00edos &#8226; Palopal\u00fa","isPartOf":{"@id":"https:\/\/palopalu.com\/#website"},"primaryImageOfPage":{"@id":"https:\/\/palopalu.com\/producto\/laminas-de-caserios-vascos\/#primaryimage"},"image":{"@id":"https:\/\/palopalu.com\/producto\/laminas-de-caserios-vascos\/#primaryimage"},"thumbnailUrl":"https:\/\/palopalu.com\/wp-content\/uploads\/2024\/02\/laminascaserios_palopalu-1.jpg","datePublished":"2024-02-08T16:59:55+00:00","dateModified":"2025-09-09T21:35:04+00:00","description":"L\u00e1minas de t\u00edpicos caser\u00edos vascos llenos de colores actuales que consiguen una moderna mezcla perfecta para decorar cualquier rinc\u00f3n.","breadcrumb":{"@id":"https:\/\/palopalu.com\/producto\/laminas-de-caserios-vascos\/#breadcrumb"},"inLanguage":"en-GB","potentialAction":[{"@type":"ReadAction","target":["https:\/\/palopalu.com\/producto\/laminas-de-caserios-vascos\/"]}]},{"@type":"ImageObject","inLanguage":"en-GB","@id":"https:\/\/palopalu.com\/producto\/laminas-de-caserios-vascos\/#primaryimage","url":"https:\/\/palopalu.com\/wp-content\/uploads\/2024\/02\/laminascaserios_palopalu-1.jpg","contentUrl":"https:\/\/palopalu.com\/wp-content\/uploads\/2024\/02\/laminascaserios_palopalu-1.jpg","width":900,"height":1200,"caption":"ilustraciones de t\u00edpicos caser\u00edos vascos"},{"@type":"BreadcrumbList","@id":"https:\/\/palopalu.com\/producto\/laminas-de-caserios-vascos\/#breadcrumb","itemListElement":[{"@type":"ListItem","position":1,"name":"Portada","item":"https:\/\/palopalu.com\/"},{"@type":"ListItem","position":2,"name":"Tienda","item":"https:\/\/palopalu.com\/tienda\/"},{"@type":"ListItem","position":3,"name":"L\u00e1minas Caser\u00edos"}]},{"@type":"WebSite","@id":"https:\/\/palopalu.com\/#website","url":"https:\/\/palopalu.com\/","name":"Palopal\u00fa","description":"Juguetes, decoraci\u00f3n y objetos personalizados en madera","publisher":{"@id":"https:\/\/palopalu.com\/#organization"},"potentialAction":[{"@type":"SearchAction","target":{"@type":"EntryPoint","urlTemplate":"https:\/\/palopalu.com\/?s={search_term_string}"},"query-input":{"@type":"PropertyValueSpecification","valueRequired":true,"valueName":"search_term_string"}}],"inLanguage":"en-GB"},{"@type":"Organization","@id":"https:\/\/palopalu.com\/#organization","name":"Palopal\u00fa","url":"https:\/\/palopalu.com\/","logo":{"@type":"ImageObject","inLanguage":"en-GB","@id":"https:\/\/palopalu.com\/#\/schema\/logo\/image\/","url":"https:\/\/palopalu.com\/wp-content\/uploads\/2019\/02\/logo-palopalu.png","contentUrl":"https:\/\/palopalu.com\/wp-content\/uploads\/2019\/02\/logo-palopalu.png","width":125,"height":30,"caption":"Palopal\u00fa"},"image":{"@id":"https:\/\/palopalu.com\/#\/schema\/logo\/image\/"},"sameAs":["https:\/\/www.facebook.com\/palopalupalopalu","https:\/\/www.instagram.com\/palopalu"]}]}},"_links":{"self":[{"href":"https:\/\/palopalu.com\/en\/wp-json\/wp\/v2\/product\/5515","targetHints":{"allow":["GET"]}}],"collection":[{"href":"https:\/\/palopalu.com\/en\/wp-json\/wp\/v2\/product"}],"about":[{"href":"https:\/\/palopalu.com\/en\/wp-json\/wp\/v2\/types\/product"}],"wp:featuredmedia":[{"embeddable":true,"href":"https:\/\/palopalu.com\/en\/wp-json\/wp\/v2\/media\/5538"}],"wp:attachment":[{"href":"https:\/\/palopalu.com\/en\/wp-json\/wp\/v2\/media?parent=5515"}],"wp:term":[{"taxonomy":"product_brand","embeddable":true,"href":"https:\/\/palopalu.com\/en\/wp-json\/wp\/v2\/product_brand?post=5515"},{"taxonomy":"product_cat","embeddable":true,"href":"https:\/\/palopalu.com\/en\/wp-json\/wp\/v2\/product_cat?post=5515"},{"taxonomy":"product_tag","embeddable":true,"href":"https:\/\/palopalu.com\/en\/wp-json\/wp\/v2\/product_tag?post=5515"}],"curies":[{"name":"wp","href":"https:\/\/api.w.org\/{rel}","templated":true}]}}